{"id":3,"date":"2025-07-07T16:52:36","date_gmt":"2025-07-07T14:52:36","guid":{"rendered":"http:\/\/192.168.2.106\/?page_id=3"},"modified":"2025-08-05T18:08:19","modified_gmt":"2025-08-05T16:08:19","slug":"polityka-prywatnosci","status":"publish","type":"page","link":"https:\/\/racom.com.pl\/index.php\/polityka-prywatnosci\/","title":{"rendered":"Polityka prywatno\u015bci"},"content":{"rendered":"\n<h2 class=\"wp-block-heading\">Adres naszej firmy:<\/h2>\n\n\n\n<p><strong>PPHU RaCom Rafa\u0142 Wonicki<\/strong><\/p>\n\n\n\n<p><strong>ul. Hallera 10 lok. 61<\/strong><\/p>\n\n\n\n<p><strong>15-814 Bia\u0142ystok<\/strong><\/p>\n\n\n\n<p>NIP: 542-293-14-79<\/p>\n\n\n\n<p>REGON: 200419951<\/p>\n\n\n\n<p>Wszystkie swoje produkty wysy\u0142amy bezpo\u015brednio z Polski (Bia\u0142ystok).&nbsp;<\/p>\n\n\n\n<p>Stany ilo\u015bciowe przedstawione na stronie sklepu Mix Market nie musz\u0105 by\u0107 rzeczywistymi stanami magazynowymi, poniewa\u017c prowadzimy r\u00f3wnie\u017c sprzeda\u017c w sklepie stacjonarnym i internetowym.<\/p>\n\n\n\n<p>Przed zakupem wi\u0119kszej ilo\u015bci towaru prosimy o potwierdzenie stan\u00f3w magazynowych.<\/p>\n\n\n\n<p>Wp\u0142aty prosimy przesy\u0142a\u0107 na konto:<\/p>\n\n\n\n<p><strong>47 1870 1045 2078 1063 9872 0001<\/strong><\/p>\n\n\n\n<p>W tytule przelewu prosimy o wpisywanie tylko i wy\u0142\u0105cznie nr ID zam\u00f3wienia<\/p>\n\n\n\n<p class=\"has-x-large-font-size\"><strong>REGULAMIN&nbsp;<\/strong><\/p>\n\n\n\n<p class=\"has-large-font-size\"><strong>1. Czas realizacji zam\u00f3wienia:<\/strong><\/p>\n\n\n\n<p>Wszystkie zam\u00f3wienia realizowane s\u0105 na bie\u017c\u0105co (dni robocze pon.-pt.).<\/p>\n\n\n\n<p>W przypadku przed\u0142u\u017cenia si\u0119 wysy\u0142ki przedmiotu klient zostanie o tym poinformowany (w przypadku op\u00f3\u017anienia wysy\u0142ki minimum o 7 dni roboczych). W przypadku gdy termin oczekiwania b\u0119dzie dla klienta zbyt d\u0142ugi, klient ma prawo zrezygnowa\u0107 z zam\u00f3wienia bez ponoszenia konsekwencji.<\/p>\n\n\n\n<p>Zastrzegamy sobie prawo do realizacji zam\u00f3wienia w ci\u0105gu 14 dni od zakupu g\u0142\u00f3wnie z powodu z\u0142ych warunk\u00f3w atmosferycznych, kl\u0119sk \u017cywio\u0142owych, problem\u00f3w technicznych itp.&nbsp;&nbsp;<\/p>\n\n\n\n<p>Maksymalny termin realizacji zam\u00f3wienia zgodny z przepisami prawa wynosi 30dni<\/p>\n\n\n\n<p>_____________________________<\/p>\n\n\n\n<p class=\"has-large-font-size\"><strong>2. Faktura VAT:<\/strong><\/p>\n\n\n\n<p>Dane do faktury VAT nale\u017cy poda\u0107 po zaznaczeniu opcji &#8222;faktura VAT&#8221;. &nbsp;Faktura jest dostarczana Klientowi w formie elektronicznej. <\/p>\n\n\n\n<p>_____________________________<\/p>\n\n\n\n<p class=\"has-large-font-size\"><strong>3. Odbi\u00f3r osobisty:<\/strong><\/p>\n\n\n\n<p>Jest mo\u017cliwy w sklepie RaCom przy ulicy Hallera 10 lok. 61 15-814 Bia\u0142ystok.<\/p>\n\n\n\n<p>Przed odbiorem osobistym prosimy o wcze\u015bniejszy kontakt ze sklepem.<\/p>\n\n\n\n<p>W chwili odbioru prosimy powo\u0142a\u0107 si\u0119 na ofert\u0119 z sklepu Mix Market. Odbi\u00f3r zam\u00f3wienia nale\u017cy op\u0142aci\u0107 got\u00f3wk\u0105, przelewem lub kart\u0105.<\/p>\n\n\n\n<p>_____________________________<\/p>\n\n\n\n<p class=\"has-large-font-size\"><strong>4. Koszty wysy\u0142ki:<\/strong><\/p>\n\n\n\n<p>Cena wysy\u0142ki uzale\u017cniona jest od cennika DHL, DPD, UPS i Inpost. Cena zawiera podatek VAT23%<\/p>\n\n\n\n<p>_____________________________<\/p>\n\n\n\n<p class=\"has-large-font-size\"><strong>5. Dow\u00f3d sprzeda\u017cy<\/strong><\/p>\n\n\n\n<p>Na ka\u017cdy sprzedany towar wystawiamy paragon lub faktur\u0119 VAT.<\/p>\n\n\n\n<p>_____________________________<\/p>\n\n\n\n<p class=\"has-large-font-size\"><strong>6. Niezgodno\u015b\u0107 towaru z umow\u0105 (r\u0119kojmia)<\/strong><\/p>\n\n\n\n<p>W przypadku niezgodno\u015bci towaru z umow\u0105 klient (konsument) mo\u017ce zwr\u00f3ci\u0107 zakupiony produkt.<\/p>\n\n\n\n<p>R\u0119kojmia dla firm jest wy\u0142\u0105czona.<\/p>\n\n\n\n<p>_____________________________<\/p>\n\n\n\n<p class=\"has-large-font-size\"><strong>7. Zwrot towaru w ci\u0105gu 14 dni<\/strong><\/p>\n\n\n\n<p>Zgodnie z ustaw\u0105 o prawach konsumenta z dnia 30 maja 2014, kupuj\u0105cy ma 14 dni od daty otrzymania towaru na przes\u0142anie o\u015bwiadczenia o odst\u0105pieniu od umowy, a je\u015bli sprzedaj\u0105cy nie poinformowa\u0142 o prawie do odst\u0105pienia \u2013 12 miesi\u0119cy. Zwrot przedmiotu przez konsumenta powinien nast\u0105pi\u0107 niezw\u0142ocznie, nie p\u00f3\u017aniej ni\u017c w terminie 14 dni kalendarzowych od daty przes\u0142ania o\u015bwiadczenia, podobnie jak zwrot \u015brodk\u00f3w przez Sprzedaj\u0105cego. Sprzedaj\u0105cy mo\u017ce jednak wstrzyma\u0107 si\u0119 z odes\u0142aniem \u015brodk\u00f3w do czasu otrzymania przedmiotu. Umowa jest uwa\u017cana za niezawart\u0105, a konsument ponosi odpowiedzialno\u015b\u0107 za zmniejszenie warto\u015bci rzeczy b\u0119d\u0105ce wynikiem korzystania z niej w spos\u00f3b wykraczaj\u0105cy poza konieczny do stwierdzenia charakteru, cech i funkcjonowania rzeczy.&nbsp;<\/p>\n\n\n\n<p>Zwracany w tym trybie towar powinien by\u0107 odes\u0142any w stanie niezmienionym, chyba \u017ce zmiana by\u0142a konieczna w granicach zwyk\u0142ego zarz\u0105du. Oznacza to, \u017ce towar powinien znajdowa\u0107 si\u0119 w oryginalnym, nieuszkodzonym opakowaniu, z kompletn\u0105 jego zawarto\u015bci\u0105, a sam produkt oraz akcesoria b\u0119d\u0105 nie uszkodzone i nie b\u0119d\u0105 nosi\u0142y \u017cadnych \u015blad\u00f3w u\u017cytkowania tj. rys, otar\u0107 itp. Dopuszczalne jest otwarcie opakowania w celu obejrzenia towaru, a towar mo\u017ce by\u0107 u\u017cywany pod warunkiem, \u017ce to u\u017cywanie nie b\u0119dzie prowadzi\u0142o do zmiany jego stanu.<\/p>\n\n\n\n<p>Zgodnie z ustaw\u0105, mo\u017cliwo\u015b\u0107 zwrotu nie dotyczy nagra\u0144 audialnych i wizualnych oraz zapisanych na no\u015bnikach program\u00f3w komputerowych po usuni\u0119ciu przez konsumenta ich oryginalnego opakowania.<\/p>\n\n\n\n<p>W przypadku ch\u0119ci skorzystania z wy\u017cej okre\u015blonego prawa zwrotu, towar nale\u017cy odes\u0142a\u0107 na w\u0142asny koszt na adres podany przez sklep.&nbsp;<\/p>\n\n\n\n<p><strong>Do takiej przesy\u0142ki zwrotnej nale\u017cy do\u0142\u0105czy\u0107 pisemne o\u015bwiadczenie o odst\u0105pieniu od umowy lub w formie elektronicznej.<\/strong><\/p>\n\n\n\n<p>Prawo do odst\u0105pienia od umowy kupna\/sprzeda\u017cy dotyczy tylko konsument\u00f3w, czyli os\u00f3b nieprowadz\u0105cych dzia\u0142alno\u015bci gospodarczej. Zwrot od przedsi\u0119biorc\u00f3w jest mo\u017cliwy tylko wtedy, gdy zakup nie zosta\u0142 dokonany w zwi\u0105zku z prowadzon\u0105 dzia\u0142alno\u015bci\u0105 gospodarcz\u0105.<\/p>\n\n\n\n<p>Zwrot towaru nie przys\u0142uguje r\u00f3wnie\u017c klientom, kt\u00f3rzy dokonali &#8222;rezerwacji&#8221; towaru poprzez sklep Mix Market, czyli wybrali spos\u00f3b p\u0142atno\u015bci i odbioru osobistego &#8222;P\u0142atno\u015b\u0107 przy odbiorze&#8221;. Zakup dokonany w ten spos\u00f3b jest traktowany jako rezerwacja.<\/p>\n\n\n\n<p>_____________________________<\/p>\n\n\n\n<p class=\"has-large-font-size\"><strong>8. Opis przedmiot\u00f3w<\/strong><\/p>\n\n\n\n<p>Sklep PPHU Racom dok\u0142ada wszelkich stara\u0144, aby opisy i dane techniczne umieszczonych w sklepie produkt\u00f3w by\u0142y zgodne z rzeczywisto\u015bci\u0105.<\/p>\n\n\n\n<p>Nie ponosimy jednak odpowiedzialno\u015bci za b\u0142\u0119dne podanie parametr\u00f3w i w\u0142a\u015bciwo\u015bci towaru, lub nag\u0142\u0105 ich zmian\u0119 przez jego producenta.<\/p>\n\n\n\n<p>Niemniej, w ka\u017cdym przypadku, gdy dane (w tym opisy i dane techniczne produkt\u00f3w) prezentowane na witrynie internetowej sklepu w dniu z\u0142o\u017cenia przez konsumenta zam\u00f3wienia nie pokrywa\u0142yby si\u0119 z rzeczywisto\u015bci\u0105,w ci\u0105gu 14 dni od daty zakupu ma on prawo odst\u0105pienia od umowy.<\/p>\n\n\n\n<p>Zdj\u0119cia podane  w ofercie mog\u0105 nieznacznie r\u00f3\u017cni\u0107 si\u0119 od rzeczywistego wygl\u0105du towaru.<\/p>\n\n\n\n<p>_____________________________<\/p>\n\n\n\n<p class=\"has-large-font-size\"><strong>9. Ochrona prawna<\/strong><\/p>\n\n\n\n<p>Opisy ofert s\u0105 autorstwa Rafa\u0142a Wonickiego i podlegaj\u0105 ochronie prawnej.<\/p>\n\n\n\n<p>Kopiowanie w cz\u0119\u015bci lub ca\u0142o\u015bci, a tak\u017ce tworzenie dzie\u0142 zale\u017cnych jest zabronione.<\/p>\n\n\n\n<p>Podstawa prawna: USTAWA O PRAWIE AUTORSKIM I PRAWACH POKREWNYCH. z dnia 4 lutego 1994 r. (tekst pierwotny: Dz. U. 1994 r. Nr 24 poz. 83) (tekst jednolity: Dz. U. 2000 r. Nr 80 poz. 904)<\/p>\n\n\n\n<h1 class=\"wp-block-heading has-large-font-size\"><strong>10. Ochrona danych osobowych<\/strong><\/h1>\n\n\n\n<ol class=\"wp-block-list\">\n<li>Dane osobowe Klient\u00f3w przetwarzane s\u0105 zgodnie z polityk\u0105 prywatno\u015bci dost\u0119pn\u0105 na stronie Sklepu.<\/li>\n\n\n\n<li>Dane zbierane s\u0105 wy\u0142\u0105cznie w celu realizacji zam\u00f3wie\u0144 i obs\u0142ugi klienta.<\/li>\n<\/ol>\n\n\n\n<h2 class=\"wp-block-heading has-large-font-size\"><strong>11. Postanowienia ko\u0144cowe<\/strong><\/h2>\n\n\n\n<ol class=\"wp-block-list\">\n<li>Sklep zastrzega sobie prawo do zmiany regulaminu.<\/li>\n\n\n\n<li>Zmiany regulaminu nie dotycz\u0105 zam\u00f3wie\u0144 ju\u017c z\u0142o\u017conych i potwierdzonych.<\/li>\n\n\n\n<li>W sprawach nieuregulowanych w regulaminie maj\u0105 zastosowanie przepisy prawa polskiego, w szczeg\u00f3lno\u015bci Kodeksu cywilnego oraz ustawy o prawach konsumenta.<\/li>\n<\/ol>\n\n\n\n<h1 class=\"wp-block-heading has-large-font-size\">Polityka prywatno\u015bci, RODO i cookies sklepu PPHU RACOM<\/h1>\n\n\n\n<h2 class=\"wp-block-heading has-large-font-size\">1. Administrator danych osobowych<\/h2>\n\n\n\n<p>Administratorem danych osobowych jest PPHU RACOM Rafa\u0142 Wonicki, ul. Hallera 10 lok 61, 15-814 Bia\u0142ystok, NIP: 5422931479, REGON: 200419951, e-mail: <a>sklep@racom.com.pl<\/a>, tel.: 533 35 50 65 lub 85 674 93 35.<\/p>\n\n\n\n<h2 class=\"wp-block-heading has-large-font-size\">2. Cele i podstawa prawna przetwarzania danych<\/h2>\n\n\n\n<p>Dane osobowe przetwarzane s\u0105 w celu:<\/p>\n\n\n\n<ul class=\"wp-block-list\">\n<li>realizacji zam\u00f3wie\u0144 (podstawa: umowa sprzeda\u017cy),<\/li>\n\n\n\n<li>obs\u0142ugi klienta (podstawa: uzasadniony interes administratora),<\/li>\n\n\n\n<li>wysy\u0142ki newslettera, je\u015bli Klient wyrazi zgod\u0119 (podstawa: zgoda),<\/li>\n\n\n\n<li>spe\u0142nienia obowi\u0105zk\u00f3w prawnych ci\u0105\u017c\u0105cych na administratorze (np. podatkowych).<\/li>\n<\/ul>\n\n\n\n<h2 class=\"wp-block-heading has-large-font-size\">3. Zakres przetwarzanych danych<\/h2>\n\n\n\n<p>Zbieramy dane podane dobrowolnie, takie jak: imi\u0119, nazwisko, adres e-mail, adres dostawy, numer telefonu, NIP, je\u015bli jest podany do faktury.<\/p>\n\n\n\n<h2 class=\"wp-block-heading has-large-font-size\">4. Udost\u0119pnianie danych<\/h2>\n\n\n\n<p>Dane mog\u0105 by\u0107 udost\u0119pniane podmiotom wsp\u00f3\u0142pracuj\u0105cym z administratorem w zakresie niezb\u0119dnym do realizacji umowy (np. firmy kurierskie, operatorzy p\u0142atno\u015bci).<\/p>\n\n\n\n<h2 class=\"wp-block-heading has-large-font-size\">5. Prawa u\u017cytkownik\u00f3w<\/h2>\n\n\n\n<p>Klient ma prawo do:<\/p>\n\n\n\n<ul class=\"wp-block-list\">\n<li>dost\u0119pu do swoich danych,<\/li>\n\n\n\n<li>poprawiania danych,<\/li>\n\n\n\n<li>\u017c\u0105dania usuni\u0119cia lub ograniczenia przetwarzania,<\/li>\n\n\n\n<li>wniesienia sprzeciwu wobec przetwarzania,<\/li>\n\n\n\n<li>przenoszenia danych,<\/li>\n\n\n\n<li>cofni\u0119cia zgody w dowolnym momencie (bez wp\u0142ywu na zgodno\u015b\u0107 z prawem przetwarzania przed cofni\u0119ciem),<\/li>\n\n\n\n<li>wniesienia skargi do organu nadzorczego (UODO).<\/li>\n<\/ul>\n\n\n\n<h2 class=\"wp-block-heading has-large-font-size\">6. Okres przechowywania danych<\/h2>\n\n\n\n<p>Dane b\u0119d\u0105 przechowywane tak d\u0142ugo, jak jest to niezb\u0119dne do realizacji umowy i obowi\u0105zk\u00f3w prawnych (np. archiwizacja dokument\u00f3w podatkowych).<\/p>\n\n\n\n<h2 class=\"wp-block-heading has-large-font-size\">7. Cookies<\/h2>\n\n\n\n<p>Sklep korzysta z plik\u00f3w cookies, aby:<\/p>\n\n\n\n<ul class=\"wp-block-list\">\n<li>poprawi\u0107 funkcjonalno\u015b\u0107 strony,<\/li>\n\n\n\n<li>analizowa\u0107 ruch na stronie,<\/li>\n\n\n\n<li>prowadzi\u0107 kampanie marketingowe.<\/li>\n<\/ul>\n\n\n\n<p>Pliki cookies mo\u017cna kontrolowa\u0107 i usuwa\u0107 za pomoc\u0105 ustawie\u0144 przegl\u0105darki. Korzystanie ze sklepu bez zmiany ustawie\u0144 oznacza zgod\u0119 na u\u017cywanie cookies.<\/p>\n\n\n\n<h2 class=\"wp-block-heading has-large-font-size\">8. Zabezpieczenia danych<\/h2>\n\n\n\n<p>Administrator stosuje \u015brodki techniczne i organizacyjne zapewniaj\u0105ce ochron\u0119 danych osobowych przed nieuprawnionym dost\u0119pem, utrat\u0105 lub zniszczeniem.<\/p>\n","protected":false},"excerpt":{"rendered":"<p>Adres naszej firmy: PPHU RaCom Rafa\u0142 Wonicki ul. Hallera 10 lok. 61 15-814 Bia\u0142ystok NIP: 542-293-14-79 REGON: 200419951 Wszystkie swoje produkty wysy\u0142amy bezpo\u015brednio z Polski (Bia\u0142ystok).&nbsp; Stany ilo\u015bciowe przedstawione na stronie sklepu Mix Market nie musz\u0105 by\u0107 rzeczywistymi stanami magazynowymi, poniewa\u017c prowadzimy r\u00f3wnie\u017c sprzeda\u017c w sklepie stacjonarnym i internetowym. Przed zakupem wi\u0119kszej ilo\u015bci towaru prosimy [&hellip;]<\/p>\n","protected":false},"author":1,"featured_media":0,"parent":0,"menu_order":0,"comment_status":"closed","ping_status":"open","template":"","meta":{"footnotes":""},"class_list":["post-3","page","type-page","status-publish","hentry"],"yoast_head":"<!-- This site is optimized with the Yoast SEO plugin v27.3 - https:\/\/yoast.com\/product\/yoast-seo-wordpress\/ -->\n<title>Polityka prywatno\u015bci - Mix Market - Supermarket z wszystkim co potrzeba<\/title>\n<meta name=\"robots\" content=\"index, follow, max-snippet:-1, max-image-preview:large, max-video-preview:-1\" \/>\n<link rel=\"canonical\" href=\"https:\/\/racom.com.pl\/index.php\/polityka-prywatnosci\/\" \/>\n<meta property=\"og:locale\" content=\"pl_PL\" \/>\n<meta property=\"og:type\" content=\"article\" \/>\n<meta property=\"og:title\" content=\"Polityka prywatno\u015bci - Mix Market - Supermarket z wszystkim co potrzeba\" \/>\n<meta property=\"og:description\" content=\"Adres naszej firmy: PPHU RaCom Rafa\u0142 Wonicki ul. Hallera 10 lok. 61 15-814 Bia\u0142ystok NIP: 542-293-14-79 REGON: 200419951 Wszystkie swoje produkty wysy\u0142amy bezpo\u015brednio z Polski (Bia\u0142ystok).&nbsp; Stany ilo\u015bciowe przedstawione na stronie sklepu Mix Market nie musz\u0105 by\u0107 rzeczywistymi stanami magazynowymi, poniewa\u017c prowadzimy r\u00f3wnie\u017c sprzeda\u017c w sklepie stacjonarnym i internetowym. Przed zakupem wi\u0119kszej ilo\u015bci towaru prosimy [&hellip;]\" \/>\n<meta property=\"og:url\" content=\"https:\/\/racom.com.pl\/index.php\/polityka-prywatnosci\/\" \/>\n<meta property=\"og:site_name\" content=\"Mix Market - Supermarket z wszystkim co potrzeba\" \/>\n<meta property=\"article:modified_time\" content=\"2025-08-05T16:08:19+00:00\" \/>\n<meta name=\"twitter:card\" content=\"summary_large_image\" \/>\n<meta name=\"twitter:label1\" content=\"Szacowany czas czytania\" \/>\n\t<meta name=\"twitter:data1\" content=\"7 minut\" \/>\n<script type=\"application\/ld+json\" class=\"yoast-schema-graph\">{\"@context\":\"https:\\\/\\\/schema.org\",\"@graph\":[{\"@type\":\"WebPage\",\"@id\":\"https:\\\/\\\/racom.com.pl\\\/index.php\\\/polityka-prywatnosci\\\/\",\"url\":\"https:\\\/\\\/racom.com.pl\\\/index.php\\\/polityka-prywatnosci\\\/\",\"name\":\"Polityka prywatno\u015bci - Mix Market - Supermarket z wszystkim co potrzeba\",\"isPartOf\":{\"@id\":\"https:\\\/\\\/racom.com.pl\\\/#website\"},\"datePublished\":\"2025-07-07T14:52:36+00:00\",\"dateModified\":\"2025-08-05T16:08:19+00:00\",\"breadcrumb\":{\"@id\":\"https:\\\/\\\/racom.com.pl\\\/index.php\\\/polityka-prywatnosci\\\/#breadcrumb\"},\"inLanguage\":\"pl-PL\",\"potentialAction\":[{\"@type\":\"ReadAction\",\"target\":[\"https:\\\/\\\/racom.com.pl\\\/index.php\\\/polityka-prywatnosci\\\/\"]}]},{\"@type\":\"BreadcrumbList\",\"@id\":\"https:\\\/\\\/racom.com.pl\\\/index.php\\\/polityka-prywatnosci\\\/#breadcrumb\",\"itemListElement\":[{\"@type\":\"ListItem\",\"position\":1,\"name\":\"Strona g\u0142\u00f3wna\",\"item\":\"https:\\\/\\\/racom.com.pl\\\/\"},{\"@type\":\"ListItem\",\"position\":2,\"name\":\"Polityka prywatno\u015bci\"}]},{\"@type\":\"WebSite\",\"@id\":\"https:\\\/\\\/racom.com.pl\\\/#website\",\"url\":\"https:\\\/\\\/racom.com.pl\\\/\",\"name\":\"Mix Market - Supermarket z wszystkim co potrzeba do domu i nie tylko\",\"description\":\"\",\"publisher\":{\"@id\":\"https:\\\/\\\/racom.com.pl\\\/#organization\"},\"potentialAction\":[{\"@type\":\"SearchAction\",\"target\":{\"@type\":\"EntryPoint\",\"urlTemplate\":\"https:\\\/\\\/racom.com.pl\\\/?s={search_term_string}\"},\"query-input\":{\"@type\":\"PropertyValueSpecification\",\"valueRequired\":true,\"valueName\":\"search_term_string\"}}],\"inLanguage\":\"pl-PL\"},{\"@type\":\"Organization\",\"@id\":\"https:\\\/\\\/racom.com.pl\\\/#organization\",\"name\":\"Mix Market - Supermarket z wszystkim co potrzeba do domu i nie tylko\",\"url\":\"https:\\\/\\\/racom.com.pl\\\/\",\"logo\":{\"@type\":\"ImageObject\",\"inLanguage\":\"pl-PL\",\"@id\":\"https:\\\/\\\/racom.com.pl\\\/#\\\/schema\\\/logo\\\/image\\\/\",\"url\":\"https:\\\/\\\/racom.com.pl\\\/wp-content\\\/uploads\\\/2025\\\/07\\\/mixmarket_logo.png\",\"contentUrl\":\"https:\\\/\\\/racom.com.pl\\\/wp-content\\\/uploads\\\/2025\\\/07\\\/mixmarket_logo.png\",\"width\":1024,\"height\":1024,\"caption\":\"Mix Market - Supermarket z wszystkim co potrzeba do domu i nie tylko\"},\"image\":{\"@id\":\"https:\\\/\\\/racom.com.pl\\\/#\\\/schema\\\/logo\\\/image\\\/\"}}]}<\/script>\n<!-- \/ Yoast SEO plugin. -->","yoast_head_json":{"title":"Polityka prywatno\u015bci - Mix Market - Supermarket z wszystkim co potrzeba","robots":{"index":"index","follow":"follow","max-snippet":"max-snippet:-1","max-image-preview":"max-image-preview:large","max-video-preview":"max-video-preview:-1"},"canonical":"https:\/\/racom.com.pl\/index.php\/polityka-prywatnosci\/","og_locale":"pl_PL","og_type":"article","og_title":"Polityka prywatno\u015bci - Mix Market - Supermarket z wszystkim co potrzeba","og_description":"Adres naszej firmy: PPHU RaCom Rafa\u0142 Wonicki ul. Hallera 10 lok. 61 15-814 Bia\u0142ystok NIP: 542-293-14-79 REGON: 200419951 Wszystkie swoje produkty wysy\u0142amy bezpo\u015brednio z Polski (Bia\u0142ystok).&nbsp; Stany ilo\u015bciowe przedstawione na stronie sklepu Mix Market nie musz\u0105 by\u0107 rzeczywistymi stanami magazynowymi, poniewa\u017c prowadzimy r\u00f3wnie\u017c sprzeda\u017c w sklepie stacjonarnym i internetowym. Przed zakupem wi\u0119kszej ilo\u015bci towaru prosimy [&hellip;]","og_url":"https:\/\/racom.com.pl\/index.php\/polityka-prywatnosci\/","og_site_name":"Mix Market - Supermarket z wszystkim co potrzeba","article_modified_time":"2025-08-05T16:08:19+00:00","twitter_card":"summary_large_image","twitter_misc":{"Szacowany czas czytania":"7 minut"},"schema":{"@context":"https:\/\/schema.org","@graph":[{"@type":"WebPage","@id":"https:\/\/racom.com.pl\/index.php\/polityka-prywatnosci\/","url":"https:\/\/racom.com.pl\/index.php\/polityka-prywatnosci\/","name":"Polityka prywatno\u015bci - Mix Market - Supermarket z wszystkim co potrzeba","isPartOf":{"@id":"https:\/\/racom.com.pl\/#website"},"datePublished":"2025-07-07T14:52:36+00:00","dateModified":"2025-08-05T16:08:19+00:00","breadcrumb":{"@id":"https:\/\/racom.com.pl\/index.php\/polityka-prywatnosci\/#breadcrumb"},"inLanguage":"pl-PL","potentialAction":[{"@type":"ReadAction","target":["https:\/\/racom.com.pl\/index.php\/polityka-prywatnosci\/"]}]},{"@type":"BreadcrumbList","@id":"https:\/\/racom.com.pl\/index.php\/polityka-prywatnosci\/#breadcrumb","itemListElement":[{"@type":"ListItem","position":1,"name":"Strona g\u0142\u00f3wna","item":"https:\/\/racom.com.pl\/"},{"@type":"ListItem","position":2,"name":"Polityka prywatno\u015bci"}]},{"@type":"WebSite","@id":"https:\/\/racom.com.pl\/#website","url":"https:\/\/racom.com.pl\/","name":"Mix Market - Supermarket z wszystkim co potrzeba do domu i nie tylko","description":"","publisher":{"@id":"https:\/\/racom.com.pl\/#organization"},"potentialAction":[{"@type":"SearchAction","target":{"@type":"EntryPoint","urlTemplate":"https:\/\/racom.com.pl\/?s={search_term_string}"},"query-input":{"@type":"PropertyValueSpecification","valueRequired":true,"valueName":"search_term_string"}}],"inLanguage":"pl-PL"},{"@type":"Organization","@id":"https:\/\/racom.com.pl\/#organization","name":"Mix Market - Supermarket z wszystkim co potrzeba do domu i nie tylko","url":"https:\/\/racom.com.pl\/","logo":{"@type":"ImageObject","inLanguage":"pl-PL","@id":"https:\/\/racom.com.pl\/#\/schema\/logo\/image\/","url":"https:\/\/racom.com.pl\/wp-content\/uploads\/2025\/07\/mixmarket_logo.png","contentUrl":"https:\/\/racom.com.pl\/wp-content\/uploads\/2025\/07\/mixmarket_logo.png","width":1024,"height":1024,"caption":"Mix Market - Supermarket z wszystkim co potrzeba do domu i nie tylko"},"image":{"@id":"https:\/\/racom.com.pl\/#\/schema\/logo\/image\/"}}]}},"_links":{"self":[{"href":"https:\/\/racom.com.pl\/index.php\/wp-json\/wp\/v2\/pages\/3","targetHints":{"allow":["GET"]}}],"collection":[{"href":"https:\/\/racom.com.pl\/index.php\/wp-json\/wp\/v2\/pages"}],"about":[{"href":"https:\/\/racom.com.pl\/index.php\/wp-json\/wp\/v2\/types\/page"}],"author":[{"embeddable":true,"href":"https:\/\/racom.com.pl\/index.php\/wp-json\/wp\/v2\/users\/1"}],"replies":[{"embeddable":true,"href":"https:\/\/racom.com.pl\/index.php\/wp-json\/wp\/v2\/comments?post=3"}],"version-history":[{"count":2,"href":"https:\/\/racom.com.pl\/index.php\/wp-json\/wp\/v2\/pages\/3\/revisions"}],"predecessor-version":[{"id":3877,"href":"https:\/\/racom.com.pl\/index.php\/wp-json\/wp\/v2\/pages\/3\/revisions\/3877"}],"wp:attachment":[{"href":"https:\/\/racom.com.pl\/index.php\/wp-json\/wp\/v2\/media?parent=3"}],"curies":[{"name":"wp","href":"https:\/\/api.w.org\/{rel}","templated":true}]}}