{"id":1011,"date":"2025-07-18T18:39:32","date_gmt":"2025-07-18T16:39:32","guid":{"rendered":"http:\/\/192.168.2.106\/index.php\/produkt\/lampa-projektora-nec-np05lp-vt700-vt800-np901\/"},"modified":"2025-07-18T18:39:32","modified_gmt":"2025-07-18T16:39:32","slug":"lampa-projektora-nec-np05lp-vt700-vt800-np901","status":"publish","type":"product","link":"https:\/\/racom.com.pl\/index.php\/produkt\/lampa-projektora-nec-np05lp-vt700-vt800-np901\/","title":{"rendered":"LAMPA PROJEKTORA NEC NP05LP VT700 VT800 NP901"},"content":{"rendered":"<h2>Nowa lampa projektora nec NP05LP<\/h2>\n<p>Nowa lampa do projektora NEC. Oznaczenie modelu NP05LP.<\/p>\n<p>NP901 NP05LP NP905 NP905+ VT700 VT800 NP901W NP910W NP905G NP901WG VT800G VT700G 60002094<\/p>\n<p>Najwy\u017cszej jako\u015bci zamiennik.<\/p>\n<p>Gwarancja 6 miesi\u0119cy<\/p>\n<p><b>Kod produktu:<\/b> A641<\/p>\n","protected":false},"excerpt":{"rendered":"<p>Nowa lampa projektora nec NP05LP Nowa lampa do projektora NEC. Oznaczenie modelu NP05LP. NP901 NP05LP NP905 NP905+ VT700 VT800 NP901W NP910W NP905G NP901WG VT800G VT700G 60002094 Najwy\u017cszej jako\u015bci zamiennik. Gwarancja 6 miesi\u0119cy Kod produktu: A641<\/p>\n","protected":false},"featured_media":1013,"comment_status":"open","ping_status":"closed","template":"","meta":[],"product_brand":[73],"product_cat":[43],"product_tag":[],"class_list":{"0":"post-1011","1":"product","2":"type-product","3":"status-publish","4":"has-post-thumbnail","6":"product_brand-nec","7":"product_cat-tv-i-video","9":"first","10":"instock","11":"taxable","12":"shipping-taxable","13":"purchasable","14":"product-type-simple"},"yoast_head":"<!-- This site is optimized with the Yoast SEO plugin v27.3 - https:\/\/yoast.com\/product\/yoast-seo-wordpress\/ -->\n<title>LAMPA PROJEKTORA NEC NP05LP VT700 VT800 NP901 - Mix Market - Supermarket z wszystkim co potrzeba<\/title>\n<meta name=\"robots\" content=\"index, follow, max-snippet:-1, max-image-preview:large, max-video-preview:-1\" \/>\n<link rel=\"canonical\" href=\"https:\/\/racom.com.pl\/index.php\/produkt\/lampa-projektora-nec-np05lp-vt700-vt800-np901\/\" \/>\n<meta property=\"og:locale\" content=\"pl_PL\" \/>\n<meta property=\"og:type\" content=\"article\" \/>\n<meta property=\"og:title\" content=\"LAMPA PROJEKTORA NEC NP05LP VT700 VT800 NP901 - Mix Market - Supermarket z wszystkim co potrzeba\" \/>\n<meta property=\"og:description\" content=\"Nowa lampa projektora nec NP05LP Nowa lampa do projektora NEC. Oznaczenie modelu NP05LP. NP901 NP05LP NP905 NP905+ VT700 VT800 NP901W NP910W NP905G NP901WG VT800G VT700G 60002094 Najwy\u017cszej jako\u015bci zamiennik. Gwarancja 6 miesi\u0119cy Kod produktu: A641\" \/>\n<meta property=\"og:url\" content=\"https:\/\/racom.com.pl\/index.php\/produkt\/lampa-projektora-nec-np05lp-vt700-vt800-np901\/\" \/>\n<meta property=\"og:site_name\" content=\"Mix Market - Supermarket z wszystkim co potrzeba\" \/>\n<meta property=\"og:image\" content=\"https:\/\/racom.com.pl\/wp-content\/uploads\/2025\/07\/allegro_687a78d1380086.20227427_d3caa4b34bea917415faa74064bb.jpg\" \/>\n\t<meta property=\"og:image:width\" content=\"726\" \/>\n\t<meta property=\"og:image:height\" content=\"708\" \/>\n\t<meta property=\"og:image:type\" content=\"image\/jpeg\" \/>\n<meta name=\"twitter:card\" content=\"summary_large_image\" \/>\n<script type=\"application\/ld+json\" class=\"yoast-schema-graph\">{\"@context\":\"https:\\\/\\\/schema.org\",\"@graph\":[{\"@type\":\"WebPage\",\"@id\":\"https:\\\/\\\/racom.com.pl\\\/index.php\\\/produkt\\\/lampa-projektora-nec-np05lp-vt700-vt800-np901\\\/\",\"url\":\"https:\\\/\\\/racom.com.pl\\\/index.php\\\/produkt\\\/lampa-projektora-nec-np05lp-vt700-vt800-np901\\\/\",\"name\":\"LAMPA PROJEKTORA NEC NP05LP VT700 VT800 NP901 - Mix Market - Supermarket z wszystkim co potrzeba\",\"isPartOf\":{\"@id\":\"https:\\\/\\\/racom.com.pl\\\/#website\"},\"primaryImageOfPage\":{\"@id\":\"https:\\\/\\\/racom.com.pl\\\/index.php\\\/produkt\\\/lampa-projektora-nec-np05lp-vt700-vt800-np901\\\/#primaryimage\"},\"image\":{\"@id\":\"https:\\\/\\\/racom.com.pl\\\/index.php\\\/produkt\\\/lampa-projektora-nec-np05lp-vt700-vt800-np901\\\/#primaryimage\"},\"thumbnailUrl\":\"https:\\\/\\\/racom.com.pl\\\/wp-content\\\/uploads\\\/2025\\\/07\\\/allegro_687a78d1380086.20227427_d3caa4b34bea917415faa74064bb.jpg\",\"datePublished\":\"2025-07-18T16:39:32+00:00\",\"breadcrumb\":{\"@id\":\"https:\\\/\\\/racom.com.pl\\\/index.php\\\/produkt\\\/lampa-projektora-nec-np05lp-vt700-vt800-np901\\\/#breadcrumb\"},\"inLanguage\":\"pl-PL\",\"potentialAction\":[{\"@type\":\"ReadAction\",\"target\":[\"https:\\\/\\\/racom.com.pl\\\/index.php\\\/produkt\\\/lampa-projektora-nec-np05lp-vt700-vt800-np901\\\/\"]}]},{\"@type\":\"ImageObject\",\"inLanguage\":\"pl-PL\",\"@id\":\"https:\\\/\\\/racom.com.pl\\\/index.php\\\/produkt\\\/lampa-projektora-nec-np05lp-vt700-vt800-np901\\\/#primaryimage\",\"url\":\"https:\\\/\\\/racom.com.pl\\\/wp-content\\\/uploads\\\/2025\\\/07\\\/allegro_687a78d1380086.20227427_d3caa4b34bea917415faa74064bb.jpg\",\"contentUrl\":\"https:\\\/\\\/racom.com.pl\\\/wp-content\\\/uploads\\\/2025\\\/07\\\/allegro_687a78d1380086.20227427_d3caa4b34bea917415faa74064bb.jpg\",\"width\":726,\"height\":708},{\"@type\":\"BreadcrumbList\",\"@id\":\"https:\\\/\\\/racom.com.pl\\\/index.php\\\/produkt\\\/lampa-projektora-nec-np05lp-vt700-vt800-np901\\\/#breadcrumb\",\"itemListElement\":[{\"@type\":\"ListItem\",\"position\":1,\"name\":\"Strona g\u0142\u00f3wna\",\"item\":\"https:\\\/\\\/racom.com.pl\\\/\"},{\"@type\":\"ListItem\",\"position\":2,\"name\":\"Sklep\",\"item\":\"https:\\\/\\\/racom.com.pl\\\/\"},{\"@type\":\"ListItem\",\"position\":3,\"name\":\"LAMPA PROJEKTORA NEC NP05LP VT700 VT800 NP901\"}]},{\"@type\":\"WebSite\",\"@id\":\"https:\\\/\\\/racom.com.pl\\\/#website\",\"url\":\"https:\\\/\\\/racom.com.pl\\\/\",\"name\":\"Mix Market - Supermarket z wszystkim co potrzeba do domu i nie tylko\",\"description\":\"\",\"publisher\":{\"@id\":\"https:\\\/\\\/racom.com.pl\\\/#organization\"},\"potentialAction\":[{\"@type\":\"SearchAction\",\"target\":{\"@type\":\"EntryPoint\",\"urlTemplate\":\"https:\\\/\\\/racom.com.pl\\\/?s={search_term_string}\"},\"query-input\":{\"@type\":\"PropertyValueSpecification\",\"valueRequired\":true,\"valueName\":\"search_term_string\"}}],\"inLanguage\":\"pl-PL\"},{\"@type\":\"Organization\",\"@id\":\"https:\\\/\\\/racom.com.pl\\\/#organization\",\"name\":\"Mix Market - Supermarket z wszystkim co potrzeba do domu i nie tylko\",\"url\":\"https:\\\/\\\/racom.com.pl\\\/\",\"logo\":{\"@type\":\"ImageObject\",\"inLanguage\":\"pl-PL\",\"@id\":\"https:\\\/\\\/racom.com.pl\\\/#\\\/schema\\\/logo\\\/image\\\/\",\"url\":\"https:\\\/\\\/racom.com.pl\\\/wp-content\\\/uploads\\\/2025\\\/07\\\/mixmarket_logo.png\",\"contentUrl\":\"https:\\\/\\\/racom.com.pl\\\/wp-content\\\/uploads\\\/2025\\\/07\\\/mixmarket_logo.png\",\"width\":1024,\"height\":1024,\"caption\":\"Mix Market - Supermarket z wszystkim co potrzeba do domu i nie tylko\"},\"image\":{\"@id\":\"https:\\\/\\\/racom.com.pl\\\/#\\\/schema\\\/logo\\\/image\\\/\"}}]}<\/script>\n<!-- \/ Yoast SEO plugin. -->","yoast_head_json":{"title":"LAMPA PROJEKTORA NEC NP05LP VT700 VT800 NP901 - Mix Market - Supermarket z wszystkim co potrzeba","robots":{"index":"index","follow":"follow","max-snippet":"max-snippet:-1","max-image-preview":"max-image-preview:large","max-video-preview":"max-video-preview:-1"},"canonical":"https:\/\/racom.com.pl\/index.php\/produkt\/lampa-projektora-nec-np05lp-vt700-vt800-np901\/","og_locale":"pl_PL","og_type":"article","og_title":"LAMPA PROJEKTORA NEC NP05LP VT700 VT800 NP901 - Mix Market - Supermarket z wszystkim co potrzeba","og_description":"Nowa lampa projektora nec NP05LP Nowa lampa do projektora NEC. Oznaczenie modelu NP05LP. NP901 NP05LP NP905 NP905+ VT700 VT800 NP901W NP910W NP905G NP901WG VT800G VT700G 60002094 Najwy\u017cszej jako\u015bci zamiennik. Gwarancja 6 miesi\u0119cy Kod produktu: A641","og_url":"https:\/\/racom.com.pl\/index.php\/produkt\/lampa-projektora-nec-np05lp-vt700-vt800-np901\/","og_site_name":"Mix Market - Supermarket z wszystkim co potrzeba","og_image":[{"width":726,"height":708,"url":"https:\/\/racom.com.pl\/wp-content\/uploads\/2025\/07\/allegro_687a78d1380086.20227427_d3caa4b34bea917415faa74064bb.jpg","type":"image\/jpeg"}],"twitter_card":"summary_large_image","schema":{"@context":"https:\/\/schema.org","@graph":[{"@type":"WebPage","@id":"https:\/\/racom.com.pl\/index.php\/produkt\/lampa-projektora-nec-np05lp-vt700-vt800-np901\/","url":"https:\/\/racom.com.pl\/index.php\/produkt\/lampa-projektora-nec-np05lp-vt700-vt800-np901\/","name":"LAMPA PROJEKTORA NEC NP05LP VT700 VT800 NP901 - Mix Market - Supermarket z wszystkim co potrzeba","isPartOf":{"@id":"https:\/\/racom.com.pl\/#website"},"primaryImageOfPage":{"@id":"https:\/\/racom.com.pl\/index.php\/produkt\/lampa-projektora-nec-np05lp-vt700-vt800-np901\/#primaryimage"},"image":{"@id":"https:\/\/racom.com.pl\/index.php\/produkt\/lampa-projektora-nec-np05lp-vt700-vt800-np901\/#primaryimage"},"thumbnailUrl":"https:\/\/racom.com.pl\/wp-content\/uploads\/2025\/07\/allegro_687a78d1380086.20227427_d3caa4b34bea917415faa74064bb.jpg","datePublished":"2025-07-18T16:39:32+00:00","breadcrumb":{"@id":"https:\/\/racom.com.pl\/index.php\/produkt\/lampa-projektora-nec-np05lp-vt700-vt800-np901\/#breadcrumb"},"inLanguage":"pl-PL","potentialAction":[{"@type":"ReadAction","target":["https:\/\/racom.com.pl\/index.php\/produkt\/lampa-projektora-nec-np05lp-vt700-vt800-np901\/"]}]},{"@type":"ImageObject","inLanguage":"pl-PL","@id":"https:\/\/racom.com.pl\/index.php\/produkt\/lampa-projektora-nec-np05lp-vt700-vt800-np901\/#primaryimage","url":"https:\/\/racom.com.pl\/wp-content\/uploads\/2025\/07\/allegro_687a78d1380086.20227427_d3caa4b34bea917415faa74064bb.jpg","contentUrl":"https:\/\/racom.com.pl\/wp-content\/uploads\/2025\/07\/allegro_687a78d1380086.20227427_d3caa4b34bea917415faa74064bb.jpg","width":726,"height":708},{"@type":"BreadcrumbList","@id":"https:\/\/racom.com.pl\/index.php\/produkt\/lampa-projektora-nec-np05lp-vt700-vt800-np901\/#breadcrumb","itemListElement":[{"@type":"ListItem","position":1,"name":"Strona g\u0142\u00f3wna","item":"https:\/\/racom.com.pl\/"},{"@type":"ListItem","position":2,"name":"Sklep","item":"https:\/\/racom.com.pl\/"},{"@type":"ListItem","position":3,"name":"LAMPA PROJEKTORA NEC NP05LP VT700 VT800 NP901"}]},{"@type":"WebSite","@id":"https:\/\/racom.com.pl\/#website","url":"https:\/\/racom.com.pl\/","name":"Mix Market - Supermarket z wszystkim co potrzeba do domu i nie tylko","description":"","publisher":{"@id":"https:\/\/racom.com.pl\/#organization"},"potentialAction":[{"@type":"SearchAction","target":{"@type":"EntryPoint","urlTemplate":"https:\/\/racom.com.pl\/?s={search_term_string}"},"query-input":{"@type":"PropertyValueSpecification","valueRequired":true,"valueName":"search_term_string"}}],"inLanguage":"pl-PL"},{"@type":"Organization","@id":"https:\/\/racom.com.pl\/#organization","name":"Mix Market - Supermarket z wszystkim co potrzeba do domu i nie tylko","url":"https:\/\/racom.com.pl\/","logo":{"@type":"ImageObject","inLanguage":"pl-PL","@id":"https:\/\/racom.com.pl\/#\/schema\/logo\/image\/","url":"https:\/\/racom.com.pl\/wp-content\/uploads\/2025\/07\/mixmarket_logo.png","contentUrl":"https:\/\/racom.com.pl\/wp-content\/uploads\/2025\/07\/mixmarket_logo.png","width":1024,"height":1024,"caption":"Mix Market - Supermarket z wszystkim co potrzeba do domu i nie tylko"},"image":{"@id":"https:\/\/racom.com.pl\/#\/schema\/logo\/image\/"}}]}},"_links":{"self":[{"href":"https:\/\/racom.com.pl\/index.php\/wp-json\/wp\/v2\/product\/1011","targetHints":{"allow":["GET"]}}],"collection":[{"href":"https:\/\/racom.com.pl\/index.php\/wp-json\/wp\/v2\/product"}],"about":[{"href":"https:\/\/racom.com.pl\/index.php\/wp-json\/wp\/v2\/types\/product"}],"replies":[{"embeddable":true,"href":"https:\/\/racom.com.pl\/index.php\/wp-json\/wp\/v2\/comments?post=1011"}],"wp:featuredmedia":[{"embeddable":true,"href":"https:\/\/racom.com.pl\/index.php\/wp-json\/wp\/v2\/media\/1013"}],"wp:attachment":[{"href":"https:\/\/racom.com.pl\/index.php\/wp-json\/wp\/v2\/media?parent=1011"}],"wp:term":[{"taxonomy":"product_brand","embeddable":true,"href":"https:\/\/racom.com.pl\/index.php\/wp-json\/wp\/v2\/product_brand?post=1011"},{"taxonomy":"product_cat","embeddable":true,"href":"https:\/\/racom.com.pl\/index.php\/wp-json\/wp\/v2\/product_cat?post=1011"},{"taxonomy":"product_tag","embeddable":true,"href":"https:\/\/racom.com.pl\/index.php\/wp-json\/wp\/v2\/product_tag?post=1011"}],"curies":[{"name":"wp","href":"https:\/\/api.w.org\/{rel}","templated":true}]}}