{"id":1064,"date":"2025-07-18T18:44:41","date_gmt":"2025-07-18T16:44:41","guid":{"rendered":"http:\/\/192.168.2.106\/index.php\/produkt\/konektor-oczkowy-izolowany-1-5-2-5mm2-m4-czerw-x20\/"},"modified":"2025-07-18T18:44:41","modified_gmt":"2025-07-18T16:44:41","slug":"konektor-oczkowy-izolowany-1-5-2-5mm2-m4-czerw-x20","status":"publish","type":"product","link":"https:\/\/racom.com.pl\/index.php\/produkt\/konektor-oczkowy-izolowany-1-5-2-5mm2-m4-czerw-x20\/","title":{"rendered":"Konektor oczkowy izolowany 1.5-2.5mm2 m4 czerw x20"},"content":{"rendered":"<p><b>Konektor oczkowy izolowany 1.5-2.5mm2 M4 czerwony 20szt.<\/b><\/p>\n<p>Rozmiar: L20.4*W6.7*H4.9mm<\/p>\n<p>Specyfikacja przewod\u00f3w: 1.5-2.5mm\u00b2<\/p>\n<p>Materia\u0142 wykonania: PVC i Mied\u017a<\/p>\n<p>Kolor produktu: Czerwony<\/p>\n<p>Gwint na \u015brub\u0119: M4<\/p>\n<p>Ilo\u015b\u0107 sztuk: 20<\/p>\n<p>RV2-4 czerwona<\/p>\n","protected":false},"excerpt":{"rendered":"<p>Konektor oczkowy izolowany 1.5-2.5mm2 M4 czerwony 20szt. Rozmiar: L20.4*W6.7*H4.9mm Specyfikacja przewod\u00f3w: 1.5-2.5mm\u00b2 Materia\u0142 wykonania: PVC i Mied\u017a Kolor produktu: Czerwony Gwint na \u015brub\u0119: M4 Ilo\u015b\u0107 sztuk: 20 RV2-4 czerwona<\/p>\n","protected":false},"featured_media":1066,"comment_status":"open","ping_status":"closed","template":"","meta":[],"product_brand":[],"product_cat":[22],"product_tag":[],"class_list":{"0":"post-1064","1":"product","2":"type-product","3":"status-publish","4":"has-post-thumbnail","6":"product_cat-elektronika","8":"first","9":"instock","10":"taxable","11":"shipping-taxable","12":"purchasable","13":"product-type-simple"},"yoast_head":"<!-- This site is optimized with the Yoast SEO plugin v27.3 - https:\/\/yoast.com\/product\/yoast-seo-wordpress\/ -->\n<title>Konektor oczkowy izolowany 1.5-2.5mm2 m4 czerw x20 - Mix Market - Supermarket z wszystkim co potrzeba<\/title>\n<meta name=\"robots\" content=\"index, follow, max-snippet:-1, max-image-preview:large, max-video-preview:-1\" \/>\n<link rel=\"canonical\" href=\"https:\/\/racom.com.pl\/index.php\/produkt\/konektor-oczkowy-izolowany-1-5-2-5mm2-m4-czerw-x20\/\" \/>\n<meta property=\"og:locale\" content=\"pl_PL\" \/>\n<meta property=\"og:type\" content=\"article\" \/>\n<meta property=\"og:title\" content=\"Konektor oczkowy izolowany 1.5-2.5mm2 m4 czerw x20 - Mix Market - Supermarket z wszystkim co potrzeba\" \/>\n<meta property=\"og:description\" content=\"Konektor oczkowy izolowany 1.5-2.5mm2 M4 czerwony 20szt. Rozmiar: L20.4*W6.7*H4.9mm Specyfikacja przewod\u00f3w: 1.5-2.5mm\u00b2 Materia\u0142 wykonania: PVC i Mied\u017a Kolor produktu: Czerwony Gwint na \u015brub\u0119: M4 Ilo\u015b\u0107 sztuk: 20 RV2-4 czerwona\" \/>\n<meta property=\"og:url\" content=\"https:\/\/racom.com.pl\/index.php\/produkt\/konektor-oczkowy-izolowany-1-5-2-5mm2-m4-czerw-x20\/\" \/>\n<meta property=\"og:site_name\" content=\"Mix Market - Supermarket z wszystkim co potrzeba\" \/>\n<meta property=\"og:image\" content=\"https:\/\/racom.com.pl\/wp-content\/uploads\/2025\/07\/allegro_687a7a09658770.61522299_fece350c42a7b284ff236a252585.jpg\" \/>\n\t<meta property=\"og:image:width\" content=\"1292\" \/>\n\t<meta property=\"og:image:height\" content=\"1330\" \/>\n\t<meta property=\"og:image:type\" content=\"image\/jpeg\" \/>\n<meta name=\"twitter:card\" content=\"summary_large_image\" \/>\n<script type=\"application\/ld+json\" class=\"yoast-schema-graph\">{\"@context\":\"https:\\\/\\\/schema.org\",\"@graph\":[{\"@type\":\"WebPage\",\"@id\":\"https:\\\/\\\/racom.com.pl\\\/index.php\\\/produkt\\\/konektor-oczkowy-izolowany-1-5-2-5mm2-m4-czerw-x20\\\/\",\"url\":\"https:\\\/\\\/racom.com.pl\\\/index.php\\\/produkt\\\/konektor-oczkowy-izolowany-1-5-2-5mm2-m4-czerw-x20\\\/\",\"name\":\"Konektor oczkowy izolowany 1.5-2.5mm2 m4 czerw x20 - Mix Market - Supermarket z wszystkim co potrzeba\",\"isPartOf\":{\"@id\":\"https:\\\/\\\/racom.com.pl\\\/#website\"},\"primaryImageOfPage\":{\"@id\":\"https:\\\/\\\/racom.com.pl\\\/index.php\\\/produkt\\\/konektor-oczkowy-izolowany-1-5-2-5mm2-m4-czerw-x20\\\/#primaryimage\"},\"image\":{\"@id\":\"https:\\\/\\\/racom.com.pl\\\/index.php\\\/produkt\\\/konektor-oczkowy-izolowany-1-5-2-5mm2-m4-czerw-x20\\\/#primaryimage\"},\"thumbnailUrl\":\"https:\\\/\\\/racom.com.pl\\\/wp-content\\\/uploads\\\/2025\\\/07\\\/allegro_687a7a09658770.61522299_fece350c42a7b284ff236a252585.jpg\",\"datePublished\":\"2025-07-18T16:44:41+00:00\",\"breadcrumb\":{\"@id\":\"https:\\\/\\\/racom.com.pl\\\/index.php\\\/produkt\\\/konektor-oczkowy-izolowany-1-5-2-5mm2-m4-czerw-x20\\\/#breadcrumb\"},\"inLanguage\":\"pl-PL\",\"potentialAction\":[{\"@type\":\"ReadAction\",\"target\":[\"https:\\\/\\\/racom.com.pl\\\/index.php\\\/produkt\\\/konektor-oczkowy-izolowany-1-5-2-5mm2-m4-czerw-x20\\\/\"]}]},{\"@type\":\"ImageObject\",\"inLanguage\":\"pl-PL\",\"@id\":\"https:\\\/\\\/racom.com.pl\\\/index.php\\\/produkt\\\/konektor-oczkowy-izolowany-1-5-2-5mm2-m4-czerw-x20\\\/#primaryimage\",\"url\":\"https:\\\/\\\/racom.com.pl\\\/wp-content\\\/uploads\\\/2025\\\/07\\\/allegro_687a7a09658770.61522299_fece350c42a7b284ff236a252585.jpg\",\"contentUrl\":\"https:\\\/\\\/racom.com.pl\\\/wp-content\\\/uploads\\\/2025\\\/07\\\/allegro_687a7a09658770.61522299_fece350c42a7b284ff236a252585.jpg\",\"width\":1292,\"height\":1330},{\"@type\":\"BreadcrumbList\",\"@id\":\"https:\\\/\\\/racom.com.pl\\\/index.php\\\/produkt\\\/konektor-oczkowy-izolowany-1-5-2-5mm2-m4-czerw-x20\\\/#breadcrumb\",\"itemListElement\":[{\"@type\":\"ListItem\",\"position\":1,\"name\":\"Strona g\u0142\u00f3wna\",\"item\":\"https:\\\/\\\/racom.com.pl\\\/\"},{\"@type\":\"ListItem\",\"position\":2,\"name\":\"Sklep\",\"item\":\"https:\\\/\\\/racom.com.pl\\\/\"},{\"@type\":\"ListItem\",\"position\":3,\"name\":\"Konektor oczkowy izolowany 1.5-2.5mm2 m4 czerw x20\"}]},{\"@type\":\"WebSite\",\"@id\":\"https:\\\/\\\/racom.com.pl\\\/#website\",\"url\":\"https:\\\/\\\/racom.com.pl\\\/\",\"name\":\"Mix Market - Supermarket z wszystkim co potrzeba do domu i nie tylko\",\"description\":\"\",\"publisher\":{\"@id\":\"https:\\\/\\\/racom.com.pl\\\/#organization\"},\"potentialAction\":[{\"@type\":\"SearchAction\",\"target\":{\"@type\":\"EntryPoint\",\"urlTemplate\":\"https:\\\/\\\/racom.com.pl\\\/?s={search_term_string}\"},\"query-input\":{\"@type\":\"PropertyValueSpecification\",\"valueRequired\":true,\"valueName\":\"search_term_string\"}}],\"inLanguage\":\"pl-PL\"},{\"@type\":\"Organization\",\"@id\":\"https:\\\/\\\/racom.com.pl\\\/#organization\",\"name\":\"Mix Market - Supermarket z wszystkim co potrzeba do domu i nie tylko\",\"url\":\"https:\\\/\\\/racom.com.pl\\\/\",\"logo\":{\"@type\":\"ImageObject\",\"inLanguage\":\"pl-PL\",\"@id\":\"https:\\\/\\\/racom.com.pl\\\/#\\\/schema\\\/logo\\\/image\\\/\",\"url\":\"https:\\\/\\\/racom.com.pl\\\/wp-content\\\/uploads\\\/2025\\\/07\\\/mixmarket_logo.png\",\"contentUrl\":\"https:\\\/\\\/racom.com.pl\\\/wp-content\\\/uploads\\\/2025\\\/07\\\/mixmarket_logo.png\",\"width\":1024,\"height\":1024,\"caption\":\"Mix Market - Supermarket z wszystkim co potrzeba do domu i nie tylko\"},\"image\":{\"@id\":\"https:\\\/\\\/racom.com.pl\\\/#\\\/schema\\\/logo\\\/image\\\/\"}}]}<\/script>\n<!-- \/ Yoast SEO plugin. -->","yoast_head_json":{"title":"Konektor oczkowy izolowany 1.5-2.5mm2 m4 czerw x20 - Mix Market - Supermarket z wszystkim co potrzeba","robots":{"index":"index","follow":"follow","max-snippet":"max-snippet:-1","max-image-preview":"max-image-preview:large","max-video-preview":"max-video-preview:-1"},"canonical":"https:\/\/racom.com.pl\/index.php\/produkt\/konektor-oczkowy-izolowany-1-5-2-5mm2-m4-czerw-x20\/","og_locale":"pl_PL","og_type":"article","og_title":"Konektor oczkowy izolowany 1.5-2.5mm2 m4 czerw x20 - Mix Market - Supermarket z wszystkim co potrzeba","og_description":"Konektor oczkowy izolowany 1.5-2.5mm2 M4 czerwony 20szt. Rozmiar: L20.4*W6.7*H4.9mm Specyfikacja przewod\u00f3w: 1.5-2.5mm\u00b2 Materia\u0142 wykonania: PVC i Mied\u017a Kolor produktu: Czerwony Gwint na \u015brub\u0119: M4 Ilo\u015b\u0107 sztuk: 20 RV2-4 czerwona","og_url":"https:\/\/racom.com.pl\/index.php\/produkt\/konektor-oczkowy-izolowany-1-5-2-5mm2-m4-czerw-x20\/","og_site_name":"Mix Market - Supermarket z wszystkim co potrzeba","og_image":[{"width":1292,"height":1330,"url":"https:\/\/racom.com.pl\/wp-content\/uploads\/2025\/07\/allegro_687a7a09658770.61522299_fece350c42a7b284ff236a252585.jpg","type":"image\/jpeg"}],"twitter_card":"summary_large_image","schema":{"@context":"https:\/\/schema.org","@graph":[{"@type":"WebPage","@id":"https:\/\/racom.com.pl\/index.php\/produkt\/konektor-oczkowy-izolowany-1-5-2-5mm2-m4-czerw-x20\/","url":"https:\/\/racom.com.pl\/index.php\/produkt\/konektor-oczkowy-izolowany-1-5-2-5mm2-m4-czerw-x20\/","name":"Konektor oczkowy izolowany 1.5-2.5mm2 m4 czerw x20 - Mix Market - Supermarket z wszystkim co potrzeba","isPartOf":{"@id":"https:\/\/racom.com.pl\/#website"},"primaryImageOfPage":{"@id":"https:\/\/racom.com.pl\/index.php\/produkt\/konektor-oczkowy-izolowany-1-5-2-5mm2-m4-czerw-x20\/#primaryimage"},"image":{"@id":"https:\/\/racom.com.pl\/index.php\/produkt\/konektor-oczkowy-izolowany-1-5-2-5mm2-m4-czerw-x20\/#primaryimage"},"thumbnailUrl":"https:\/\/racom.com.pl\/wp-content\/uploads\/2025\/07\/allegro_687a7a09658770.61522299_fece350c42a7b284ff236a252585.jpg","datePublished":"2025-07-18T16:44:41+00:00","breadcrumb":{"@id":"https:\/\/racom.com.pl\/index.php\/produkt\/konektor-oczkowy-izolowany-1-5-2-5mm2-m4-czerw-x20\/#breadcrumb"},"inLanguage":"pl-PL","potentialAction":[{"@type":"ReadAction","target":["https:\/\/racom.com.pl\/index.php\/produkt\/konektor-oczkowy-izolowany-1-5-2-5mm2-m4-czerw-x20\/"]}]},{"@type":"ImageObject","inLanguage":"pl-PL","@id":"https:\/\/racom.com.pl\/index.php\/produkt\/konektor-oczkowy-izolowany-1-5-2-5mm2-m4-czerw-x20\/#primaryimage","url":"https:\/\/racom.com.pl\/wp-content\/uploads\/2025\/07\/allegro_687a7a09658770.61522299_fece350c42a7b284ff236a252585.jpg","contentUrl":"https:\/\/racom.com.pl\/wp-content\/uploads\/2025\/07\/allegro_687a7a09658770.61522299_fece350c42a7b284ff236a252585.jpg","width":1292,"height":1330},{"@type":"BreadcrumbList","@id":"https:\/\/racom.com.pl\/index.php\/produkt\/konektor-oczkowy-izolowany-1-5-2-5mm2-m4-czerw-x20\/#breadcrumb","itemListElement":[{"@type":"ListItem","position":1,"name":"Strona g\u0142\u00f3wna","item":"https:\/\/racom.com.pl\/"},{"@type":"ListItem","position":2,"name":"Sklep","item":"https:\/\/racom.com.pl\/"},{"@type":"ListItem","position":3,"name":"Konektor oczkowy izolowany 1.5-2.5mm2 m4 czerw x20"}]},{"@type":"WebSite","@id":"https:\/\/racom.com.pl\/#website","url":"https:\/\/racom.com.pl\/","name":"Mix Market - Supermarket z wszystkim co potrzeba do domu i nie tylko","description":"","publisher":{"@id":"https:\/\/racom.com.pl\/#organization"},"potentialAction":[{"@type":"SearchAction","target":{"@type":"EntryPoint","urlTemplate":"https:\/\/racom.com.pl\/?s={search_term_string}"},"query-input":{"@type":"PropertyValueSpecification","valueRequired":true,"valueName":"search_term_string"}}],"inLanguage":"pl-PL"},{"@type":"Organization","@id":"https:\/\/racom.com.pl\/#organization","name":"Mix Market - Supermarket z wszystkim co potrzeba do domu i nie tylko","url":"https:\/\/racom.com.pl\/","logo":{"@type":"ImageObject","inLanguage":"pl-PL","@id":"https:\/\/racom.com.pl\/#\/schema\/logo\/image\/","url":"https:\/\/racom.com.pl\/wp-content\/uploads\/2025\/07\/mixmarket_logo.png","contentUrl":"https:\/\/racom.com.pl\/wp-content\/uploads\/2025\/07\/mixmarket_logo.png","width":1024,"height":1024,"caption":"Mix Market - Supermarket z wszystkim co potrzeba do domu i nie tylko"},"image":{"@id":"https:\/\/racom.com.pl\/#\/schema\/logo\/image\/"}}]}},"_links":{"self":[{"href":"https:\/\/racom.com.pl\/index.php\/wp-json\/wp\/v2\/product\/1064","targetHints":{"allow":["GET"]}}],"collection":[{"href":"https:\/\/racom.com.pl\/index.php\/wp-json\/wp\/v2\/product"}],"about":[{"href":"https:\/\/racom.com.pl\/index.php\/wp-json\/wp\/v2\/types\/product"}],"replies":[{"embeddable":true,"href":"https:\/\/racom.com.pl\/index.php\/wp-json\/wp\/v2\/comments?post=1064"}],"wp:featuredmedia":[{"embeddable":true,"href":"https:\/\/racom.com.pl\/index.php\/wp-json\/wp\/v2\/media\/1066"}],"wp:attachment":[{"href":"https:\/\/racom.com.pl\/index.php\/wp-json\/wp\/v2\/media?parent=1064"}],"wp:term":[{"taxonomy":"product_brand","embeddable":true,"href":"https:\/\/racom.com.pl\/index.php\/wp-json\/wp\/v2\/product_brand?post=1064"},{"taxonomy":"product_cat","embeddable":true,"href":"https:\/\/racom.com.pl\/index.php\/wp-json\/wp\/v2\/product_cat?post=1064"},{"taxonomy":"product_tag","embeddable":true,"href":"https:\/\/racom.com.pl\/index.php\/wp-json\/wp\/v2\/product_tag?post=1064"}],"curies":[{"name":"wp","href":"https:\/\/api.w.org\/{rel}","templated":true}]}}