{"id":1071,"date":"2025-07-18T18:45:49","date_gmt":"2025-07-18T16:45:49","guid":{"rendered":"http:\/\/192.168.2.106\/index.php\/produkt\/ladowarka-do-baterii-akumulatorkow-2x-aa-aaa-usb\/"},"modified":"2025-07-18T18:45:49","modified_gmt":"2025-07-18T16:45:49","slug":"ladowarka-do-baterii-akumulatorkow-2x-aa-aaa-usb","status":"publish","type":"product","link":"https:\/\/racom.com.pl\/index.php\/produkt\/ladowarka-do-baterii-akumulatorkow-2x-aa-aaa-usb\/","title":{"rendered":"\u0141ADOWARKA DO BATERII AKUMULATORK\u00d3W 2x AA \/ AAA USB"},"content":{"rendered":"<p><b>\u0141adowarka do baterii 2x (AA\/AAA) czarna + kabel micro USB<\/b><\/p>\n<p>Uniwersalna \u0142adowarka do akumulatork\u00f3w AA (LR6) i AAA (LR03)<\/p>\n<p>Jednocze\u015bnie na\u0142adujesz 2 akumulatorki.<\/p>\n<p>Do zasilania \u0142adowarki do\u0142\u0105czony jest kabel microUSB, wi\u0119c mo\u017cesz na\u0142adowa\u0107 bateri\u0119 przez port USB w laptopie, \u0142adowarce USB do telefonu lub powerbankiem.<\/p>\n<p>Maksymalne nat\u0119\u017cenie: 200mA (akumulator AA) i 100mA (akumulator AAA)<\/p>\n<p>\u0141adowarka posiada sygnalizatory LED, kt\u00f3re wskazuj\u0105 czy bateria jest na\u0142adowana czy jeszcze trwa proces przywracania energii.<\/p>\n<p><b>Niezale\u017cny kana\u0142, obs\u0142uguje \u0142adowanie mieszane<\/b><\/p>\n<p>Nadaje si\u0119 do akumulator\u00f3w niklowo-metalowo-wodorkowych typu AA lub AAA i akumulator\u00f3w niklowo-kadmowych. \u0141adowanie wielu gniazd w tym samym czasie, nie koliduje ze sob\u0105; dowolne \u0142adowanie mieszane lub \u0142adowanie jednego akumulatora<\/p>\n","protected":false},"excerpt":{"rendered":"<p>\u0141adowarka do baterii 2x (AA\/AAA) czarna + kabel micro USB Uniwersalna \u0142adowarka do akumulatork\u00f3w AA (LR6) i AAA (LR03) Jednocze\u015bnie na\u0142adujesz 2 akumulatorki. Do zasilania \u0142adowarki do\u0142\u0105czony jest kabel microUSB, wi\u0119c mo\u017cesz na\u0142adowa\u0107 bateri\u0119 przez port USB w laptopie, \u0142adowarce USB do telefonu lub powerbankiem. Maksymalne nat\u0119\u017cenie: 200mA (akumulator AA) i 100mA (akumulator AAA) \u0141adowarka [&hellip;]<\/p>\n","protected":false},"featured_media":1076,"comment_status":"open","ping_status":"closed","template":"","meta":[],"product_brand":[75],"product_cat":[74],"product_tag":[],"class_list":{"0":"post-1071","1":"product","2":"type-product","3":"status-publish","4":"has-post-thumbnail","6":"product_brand-aigo","7":"product_cat-zasilanie","9":"first","10":"instock","11":"taxable","12":"shipping-taxable","13":"purchasable","14":"product-type-simple"},"yoast_head":"<!-- This site is optimized with the Yoast SEO plugin v27.3 - https:\/\/yoast.com\/product\/yoast-seo-wordpress\/ -->\n<title>\u0141ADOWARKA DO BATERII AKUMULATORK\u00d3W 2x AA \/ AAA USB - Mix Market - Supermarket z wszystkim co potrzeba<\/title>\n<meta name=\"robots\" content=\"index, follow, max-snippet:-1, max-image-preview:large, max-video-preview:-1\" \/>\n<link rel=\"canonical\" href=\"https:\/\/racom.com.pl\/index.php\/produkt\/ladowarka-do-baterii-akumulatorkow-2x-aa-aaa-usb\/\" \/>\n<meta property=\"og:locale\" content=\"pl_PL\" \/>\n<meta property=\"og:type\" content=\"article\" \/>\n<meta property=\"og:title\" content=\"\u0141ADOWARKA DO BATERII AKUMULATORK\u00d3W 2x AA \/ AAA USB - Mix Market - Supermarket z wszystkim co potrzeba\" \/>\n<meta property=\"og:description\" content=\"\u0141adowarka do baterii 2x (AA\/AAA) czarna + kabel micro USB Uniwersalna \u0142adowarka do akumulatork\u00f3w AA (LR6) i AAA (LR03) Jednocze\u015bnie na\u0142adujesz 2 akumulatorki. Do zasilania \u0142adowarki do\u0142\u0105czony jest kabel microUSB, wi\u0119c mo\u017cesz na\u0142adowa\u0107 bateri\u0119 przez port USB w laptopie, \u0142adowarce USB do telefonu lub powerbankiem. Maksymalne nat\u0119\u017cenie: 200mA (akumulator AA) i 100mA (akumulator AAA) \u0141adowarka [&hellip;]\" \/>\n<meta property=\"og:url\" content=\"https:\/\/racom.com.pl\/index.php\/produkt\/ladowarka-do-baterii-akumulatorkow-2x-aa-aaa-usb\/\" \/>\n<meta property=\"og:site_name\" content=\"Mix Market - Supermarket z wszystkim co potrzeba\" \/>\n<meta property=\"og:image\" content=\"https:\/\/racom.com.pl\/wp-content\/uploads\/2025\/07\/allegro_687a7a61df87b8.03757566_58cde15941da8d927fbd8317ea54.jpg\" \/>\n\t<meta property=\"og:image:width\" content=\"1500\" \/>\n\t<meta property=\"og:image:height\" content=\"1500\" \/>\n\t<meta property=\"og:image:type\" content=\"image\/jpeg\" \/>\n<meta name=\"twitter:card\" content=\"summary_large_image\" \/>\n<meta name=\"twitter:label1\" content=\"Szacowany czas czytania\" \/>\n\t<meta name=\"twitter:data1\" content=\"1 minuta\" \/>\n<script type=\"application\/ld+json\" class=\"yoast-schema-graph\">{\"@context\":\"https:\\\/\\\/schema.org\",\"@graph\":[{\"@type\":\"WebPage\",\"@id\":\"https:\\\/\\\/racom.com.pl\\\/index.php\\\/produkt\\\/ladowarka-do-baterii-akumulatorkow-2x-aa-aaa-usb\\\/\",\"url\":\"https:\\\/\\\/racom.com.pl\\\/index.php\\\/produkt\\\/ladowarka-do-baterii-akumulatorkow-2x-aa-aaa-usb\\\/\",\"name\":\"\u0141ADOWARKA DO BATERII AKUMULATORK\u00d3W 2x AA \\\/ AAA USB - Mix Market - Supermarket z wszystkim co potrzeba\",\"isPartOf\":{\"@id\":\"https:\\\/\\\/racom.com.pl\\\/#website\"},\"primaryImageOfPage\":{\"@id\":\"https:\\\/\\\/racom.com.pl\\\/index.php\\\/produkt\\\/ladowarka-do-baterii-akumulatorkow-2x-aa-aaa-usb\\\/#primaryimage\"},\"image\":{\"@id\":\"https:\\\/\\\/racom.com.pl\\\/index.php\\\/produkt\\\/ladowarka-do-baterii-akumulatorkow-2x-aa-aaa-usb\\\/#primaryimage\"},\"thumbnailUrl\":\"https:\\\/\\\/racom.com.pl\\\/wp-content\\\/uploads\\\/2025\\\/07\\\/allegro_687a7a61df87b8.03757566_58cde15941da8d927fbd8317ea54.jpg\",\"datePublished\":\"2025-07-18T16:45:49+00:00\",\"breadcrumb\":{\"@id\":\"https:\\\/\\\/racom.com.pl\\\/index.php\\\/produkt\\\/ladowarka-do-baterii-akumulatorkow-2x-aa-aaa-usb\\\/#breadcrumb\"},\"inLanguage\":\"pl-PL\",\"potentialAction\":[{\"@type\":\"ReadAction\",\"target\":[\"https:\\\/\\\/racom.com.pl\\\/index.php\\\/produkt\\\/ladowarka-do-baterii-akumulatorkow-2x-aa-aaa-usb\\\/\"]}]},{\"@type\":\"ImageObject\",\"inLanguage\":\"pl-PL\",\"@id\":\"https:\\\/\\\/racom.com.pl\\\/index.php\\\/produkt\\\/ladowarka-do-baterii-akumulatorkow-2x-aa-aaa-usb\\\/#primaryimage\",\"url\":\"https:\\\/\\\/racom.com.pl\\\/wp-content\\\/uploads\\\/2025\\\/07\\\/allegro_687a7a61df87b8.03757566_58cde15941da8d927fbd8317ea54.jpg\",\"contentUrl\":\"https:\\\/\\\/racom.com.pl\\\/wp-content\\\/uploads\\\/2025\\\/07\\\/allegro_687a7a61df87b8.03757566_58cde15941da8d927fbd8317ea54.jpg\",\"width\":1500,\"height\":1500},{\"@type\":\"BreadcrumbList\",\"@id\":\"https:\\\/\\\/racom.com.pl\\\/index.php\\\/produkt\\\/ladowarka-do-baterii-akumulatorkow-2x-aa-aaa-usb\\\/#breadcrumb\",\"itemListElement\":[{\"@type\":\"ListItem\",\"position\":1,\"name\":\"Strona g\u0142\u00f3wna\",\"item\":\"https:\\\/\\\/racom.com.pl\\\/\"},{\"@type\":\"ListItem\",\"position\":2,\"name\":\"Sklep\",\"item\":\"https:\\\/\\\/racom.com.pl\\\/\"},{\"@type\":\"ListItem\",\"position\":3,\"name\":\"\u0141ADOWARKA DO BATERII AKUMULATORK\u00d3W 2x AA \\\/ AAA USB\"}]},{\"@type\":\"WebSite\",\"@id\":\"https:\\\/\\\/racom.com.pl\\\/#website\",\"url\":\"https:\\\/\\\/racom.com.pl\\\/\",\"name\":\"Mix Market - Supermarket z wszystkim co potrzeba do domu i nie tylko\",\"description\":\"\",\"publisher\":{\"@id\":\"https:\\\/\\\/racom.com.pl\\\/#organization\"},\"potentialAction\":[{\"@type\":\"SearchAction\",\"target\":{\"@type\":\"EntryPoint\",\"urlTemplate\":\"https:\\\/\\\/racom.com.pl\\\/?s={search_term_string}\"},\"query-input\":{\"@type\":\"PropertyValueSpecification\",\"valueRequired\":true,\"valueName\":\"search_term_string\"}}],\"inLanguage\":\"pl-PL\"},{\"@type\":\"Organization\",\"@id\":\"https:\\\/\\\/racom.com.pl\\\/#organization\",\"name\":\"Mix Market - Supermarket z wszystkim co potrzeba do domu i nie tylko\",\"url\":\"https:\\\/\\\/racom.com.pl\\\/\",\"logo\":{\"@type\":\"ImageObject\",\"inLanguage\":\"pl-PL\",\"@id\":\"https:\\\/\\\/racom.com.pl\\\/#\\\/schema\\\/logo\\\/image\\\/\",\"url\":\"https:\\\/\\\/racom.com.pl\\\/wp-content\\\/uploads\\\/2025\\\/07\\\/mixmarket_logo.png\",\"contentUrl\":\"https:\\\/\\\/racom.com.pl\\\/wp-content\\\/uploads\\\/2025\\\/07\\\/mixmarket_logo.png\",\"width\":1024,\"height\":1024,\"caption\":\"Mix Market - Supermarket z wszystkim co potrzeba do domu i nie tylko\"},\"image\":{\"@id\":\"https:\\\/\\\/racom.com.pl\\\/#\\\/schema\\\/logo\\\/image\\\/\"}}]}<\/script>\n<!-- \/ Yoast SEO plugin. -->","yoast_head_json":{"title":"\u0141ADOWARKA DO BATERII AKUMULATORK\u00d3W 2x AA \/ AAA USB - Mix Market - Supermarket z wszystkim co potrzeba","robots":{"index":"index","follow":"follow","max-snippet":"max-snippet:-1","max-image-preview":"max-image-preview:large","max-video-preview":"max-video-preview:-1"},"canonical":"https:\/\/racom.com.pl\/index.php\/produkt\/ladowarka-do-baterii-akumulatorkow-2x-aa-aaa-usb\/","og_locale":"pl_PL","og_type":"article","og_title":"\u0141ADOWARKA DO BATERII AKUMULATORK\u00d3W 2x AA \/ AAA USB - Mix Market - Supermarket z wszystkim co potrzeba","og_description":"\u0141adowarka do baterii 2x (AA\/AAA) czarna + kabel micro USB Uniwersalna \u0142adowarka do akumulatork\u00f3w AA (LR6) i AAA (LR03) Jednocze\u015bnie na\u0142adujesz 2 akumulatorki. Do zasilania \u0142adowarki do\u0142\u0105czony jest kabel microUSB, wi\u0119c mo\u017cesz na\u0142adowa\u0107 bateri\u0119 przez port USB w laptopie, \u0142adowarce USB do telefonu lub powerbankiem. Maksymalne nat\u0119\u017cenie: 200mA (akumulator AA) i 100mA (akumulator AAA) \u0141adowarka [&hellip;]","og_url":"https:\/\/racom.com.pl\/index.php\/produkt\/ladowarka-do-baterii-akumulatorkow-2x-aa-aaa-usb\/","og_site_name":"Mix Market - Supermarket z wszystkim co potrzeba","og_image":[{"width":1500,"height":1500,"url":"https:\/\/racom.com.pl\/wp-content\/uploads\/2025\/07\/allegro_687a7a61df87b8.03757566_58cde15941da8d927fbd8317ea54.jpg","type":"image\/jpeg"}],"twitter_card":"summary_large_image","twitter_misc":{"Szacowany czas czytania":"1 minuta"},"schema":{"@context":"https:\/\/schema.org","@graph":[{"@type":"WebPage","@id":"https:\/\/racom.com.pl\/index.php\/produkt\/ladowarka-do-baterii-akumulatorkow-2x-aa-aaa-usb\/","url":"https:\/\/racom.com.pl\/index.php\/produkt\/ladowarka-do-baterii-akumulatorkow-2x-aa-aaa-usb\/","name":"\u0141ADOWARKA DO BATERII AKUMULATORK\u00d3W 2x AA \/ AAA USB - Mix Market - Supermarket z wszystkim co potrzeba","isPartOf":{"@id":"https:\/\/racom.com.pl\/#website"},"primaryImageOfPage":{"@id":"https:\/\/racom.com.pl\/index.php\/produkt\/ladowarka-do-baterii-akumulatorkow-2x-aa-aaa-usb\/#primaryimage"},"image":{"@id":"https:\/\/racom.com.pl\/index.php\/produkt\/ladowarka-do-baterii-akumulatorkow-2x-aa-aaa-usb\/#primaryimage"},"thumbnailUrl":"https:\/\/racom.com.pl\/wp-content\/uploads\/2025\/07\/allegro_687a7a61df87b8.03757566_58cde15941da8d927fbd8317ea54.jpg","datePublished":"2025-07-18T16:45:49+00:00","breadcrumb":{"@id":"https:\/\/racom.com.pl\/index.php\/produkt\/ladowarka-do-baterii-akumulatorkow-2x-aa-aaa-usb\/#breadcrumb"},"inLanguage":"pl-PL","potentialAction":[{"@type":"ReadAction","target":["https:\/\/racom.com.pl\/index.php\/produkt\/ladowarka-do-baterii-akumulatorkow-2x-aa-aaa-usb\/"]}]},{"@type":"ImageObject","inLanguage":"pl-PL","@id":"https:\/\/racom.com.pl\/index.php\/produkt\/ladowarka-do-baterii-akumulatorkow-2x-aa-aaa-usb\/#primaryimage","url":"https:\/\/racom.com.pl\/wp-content\/uploads\/2025\/07\/allegro_687a7a61df87b8.03757566_58cde15941da8d927fbd8317ea54.jpg","contentUrl":"https:\/\/racom.com.pl\/wp-content\/uploads\/2025\/07\/allegro_687a7a61df87b8.03757566_58cde15941da8d927fbd8317ea54.jpg","width":1500,"height":1500},{"@type":"BreadcrumbList","@id":"https:\/\/racom.com.pl\/index.php\/produkt\/ladowarka-do-baterii-akumulatorkow-2x-aa-aaa-usb\/#breadcrumb","itemListElement":[{"@type":"ListItem","position":1,"name":"Strona g\u0142\u00f3wna","item":"https:\/\/racom.com.pl\/"},{"@type":"ListItem","position":2,"name":"Sklep","item":"https:\/\/racom.com.pl\/"},{"@type":"ListItem","position":3,"name":"\u0141ADOWARKA DO BATERII AKUMULATORK\u00d3W 2x AA \/ AAA USB"}]},{"@type":"WebSite","@id":"https:\/\/racom.com.pl\/#website","url":"https:\/\/racom.com.pl\/","name":"Mix Market - Supermarket z wszystkim co potrzeba do domu i nie tylko","description":"","publisher":{"@id":"https:\/\/racom.com.pl\/#organization"},"potentialAction":[{"@type":"SearchAction","target":{"@type":"EntryPoint","urlTemplate":"https:\/\/racom.com.pl\/?s={search_term_string}"},"query-input":{"@type":"PropertyValueSpecification","valueRequired":true,"valueName":"search_term_string"}}],"inLanguage":"pl-PL"},{"@type":"Organization","@id":"https:\/\/racom.com.pl\/#organization","name":"Mix Market - Supermarket z wszystkim co potrzeba do domu i nie tylko","url":"https:\/\/racom.com.pl\/","logo":{"@type":"ImageObject","inLanguage":"pl-PL","@id":"https:\/\/racom.com.pl\/#\/schema\/logo\/image\/","url":"https:\/\/racom.com.pl\/wp-content\/uploads\/2025\/07\/mixmarket_logo.png","contentUrl":"https:\/\/racom.com.pl\/wp-content\/uploads\/2025\/07\/mixmarket_logo.png","width":1024,"height":1024,"caption":"Mix Market - Supermarket z wszystkim co potrzeba do domu i nie tylko"},"image":{"@id":"https:\/\/racom.com.pl\/#\/schema\/logo\/image\/"}}]}},"_links":{"self":[{"href":"https:\/\/racom.com.pl\/index.php\/wp-json\/wp\/v2\/product\/1071","targetHints":{"allow":["GET"]}}],"collection":[{"href":"https:\/\/racom.com.pl\/index.php\/wp-json\/wp\/v2\/product"}],"about":[{"href":"https:\/\/racom.com.pl\/index.php\/wp-json\/wp\/v2\/types\/product"}],"replies":[{"embeddable":true,"href":"https:\/\/racom.com.pl\/index.php\/wp-json\/wp\/v2\/comments?post=1071"}],"wp:featuredmedia":[{"embeddable":true,"href":"https:\/\/racom.com.pl\/index.php\/wp-json\/wp\/v2\/media\/1076"}],"wp:attachment":[{"href":"https:\/\/racom.com.pl\/index.php\/wp-json\/wp\/v2\/media?parent=1071"}],"wp:term":[{"taxonomy":"product_brand","embeddable":true,"href":"https:\/\/racom.com.pl\/index.php\/wp-json\/wp\/v2\/product_brand?post=1071"},{"taxonomy":"product_cat","embeddable":true,"href":"https:\/\/racom.com.pl\/index.php\/wp-json\/wp\/v2\/product_cat?post=1071"},{"taxonomy":"product_tag","embeddable":true,"href":"https:\/\/racom.com.pl\/index.php\/wp-json\/wp\/v2\/product_tag?post=1071"}],"curies":[{"name":"wp","href":"https:\/\/api.w.org\/{rel}","templated":true}]}}