{"id":1077,"date":"2025-07-18T18:46:31","date_gmt":"2025-07-18T16:46:31","guid":{"rendered":"http:\/\/192.168.2.106\/index.php\/produkt\/grill-stolowy-aigostar-raclette-1500w-plyta-kamien\/"},"modified":"2025-07-18T18:46:31","modified_gmt":"2025-07-18T16:46:31","slug":"grill-stolowy-aigostar-raclette-1500w-plyta-kamien","status":"publish","type":"product","link":"https:\/\/racom.com.pl\/index.php\/produkt\/grill-stolowy-aigostar-raclette-1500w-plyta-kamien\/","title":{"rendered":"GRILL STO\u0141OWY AIGOSTAR RACLETTE 1500W P\u0141YTA KAMIE\u0143"},"content":{"rendered":"<h2>Wielofunkcyjny grill z kamienn\u0105 p\u0142yt\u01051500 W + 8 patelni raclette<\/h2>\n<h2>Cechy produktu:<\/h2>\n<ul>\n<li>Element grzejny o du\u017cej mocy 1500 wat\u00f3w<\/li>\n<li>Bezstopniowa regulacja termostatyczna<\/li>\n<li>Design pozwalaj\u0105cy na wyj\u0119cie\/od\u0142\u0105czenie korpusu od reszty.<\/li>\n<li><b>Aluminiowa p\u0142yta grillowa z nieprzywieraj\u0105c\u0105 pow\u0142ok\u0105<\/b><\/li>\n<li><b>Z p\u0142yt\u0105 kamienn\u0105 do grillowania<\/b><\/li>\n<li><b>Zawiera 8 mini patelni do grillowania typu Raclette<\/b><\/li>\n<li><b>Rozmiar\uff1aL480*W233*H132mm<\/b><\/li>\n<li>D\u0142ugo\u015b\u0107 kabla\uff1a1 m<\/li>\n<li>Napi\u0119cie\uff1a220 &#8211; 240v<\/li>\n<li>Czestotliwo\u015b\u0107\uff1a50\/60Hz<\/li>\n<li><b>Moc\uff1a1500W<\/b><\/li>\n<li>Typ\uff1aP\u0142yta grillowa<\/li>\n<\/ul>\n<h2>W zestawie:<\/h2>\n<ol>\n<li>GRILL<\/li>\n<li>Nieprzywieraj\u0105ca pow\u0142oka p\u0142yty<\/li>\n<li>P\u0142yta kamienna do grillowania<\/li>\n<li>Mini-patelnie 8szt. typu raclette<\/li>\n<\/ol>\n<p><b>Wielofunkcyjny dwupoziomowy grill do przygotowywania r\u00f3\u017cnego rodzaju potraw, r\u00f3\u017cne metody sma\u017cenia i grillowania spe\u0142niaj\u0105 r\u00f3\u017cne wymagania, jest to najlepszy wyb\u00f3r na imprezy.<\/b><\/p>\n<h2>Dwustronna aluminiowa nieprzywieraj\u0105ca pow\u0142oka grilla<\/h2>\n<p>Dwustronna aluminiowa p\u0142yta do grillowania szybko nagrzewa si\u0119 bez d\u0142ugiego czekania; nieprzywieraj\u0105ca powierzchnia jest wykonana z dobrej jako\u015bci materia\u0142u nieszkodliwego dla zdrowia, przy grillowaniu \u017cywno\u015bci nie wyst\u0119puje problem przywierania i przypalenia, \u0142atwa do czyszczenia, bardziej trwa\u0142a i bezpieczniejsza w u\u017cyciu.<\/p>\n<h2>Z p\u0142yt\u0105 kamienn\u0105 do grillowania<\/h2>\n<p>P\u0142yta kamienna nagrzewa si\u0119 wolniej i dobrze utrzymuje ciep\u0142o, co pozwala na zatrzymanie sk\u0142adnik\u00f3w od\u017cywczych \u017cywno\u015bci podczas grillowania, dzi\u0119ki czemu szczeg\u00f3lnie mi\u0119sa mog\u0105 zachowa\u0107 \u015bwie\u017cy i soczysty smak, pozwala to na zachowanie naturalnego smaku mi\u0119sa.<\/p>\n<h2>Zawiera 8 mini patelni do grillowania<\/h2>\n<p>Mini-patelnie pozwalaj\u0105 na oddzielne grillowanie, r\u00f3\u017cne rodzaje \u017cywno\u015bci mog\u0105 by\u0107 przyrz\u0105dzane jednocze\u015bnie bez mieszania si\u0119 ich smak\u00f3w, patelnie mo\u017cna \u0142atwo wyj\u0105\u0107 i wyczy\u015bci\u0107.<\/p>\n<h2>Element grzejny o du\u017cej mocy 1500 wat\u00f3w<\/h2>\n<p>Element grzejny o du\u017cej mocy szybko i r\u00f3wnomiernie podgrzewa \u017cywno\u015b\u0107 co pozwala na jej szybkie przyrz\u0105dzenie, podczas gdy sk\u0142adniki od\u017cywcze nie zostaj\u0105 utracone.<\/p>\n<h2>Bezstopniowa regulacja temperatury za pomoc\u0105 pokr\u0119t\u0142a<\/h2>\n<p>Precyzyjna kontrola temperatury zapewnia w\u0142a\u015bciwy smak potraw<\/p>\n<h2>Rozk\u0142adana budowa urz\u0105dzenia dla \u0142atwego czyszczenia<\/h2>\n<p>Od\u0142\u0105czana konstrukcja, wszystkie p\u0142yty do grillowania mo\u017cna \u0142atwo wyj\u0105\u0107, \u0142atwo mo\u017cna wyczy\u015bci\u0107 je z oleju<\/p>\n","protected":false},"excerpt":{"rendered":"<p>Wielofunkcyjny grill z kamienn\u0105 p\u0142yt\u01051500 W + 8 patelni raclette Cechy produktu: Element grzejny o du\u017cej mocy 1500 wat\u00f3w Bezstopniowa regulacja termostatyczna Design pozwalaj\u0105cy na wyj\u0119cie\/od\u0142\u0105czenie korpusu od reszty. Aluminiowa p\u0142yta grillowa z nieprzywieraj\u0105c\u0105 pow\u0142ok\u0105 Z p\u0142yt\u0105 kamienn\u0105 do grillowania Zawiera 8 mini patelni do grillowania typu Raclette Rozmiar\uff1aL480*W233*H132mm D\u0142ugo\u015b\u0107 kabla\uff1a1 m Napi\u0119cie\uff1a220 &#8211; 240v [&hellip;]<\/p>\n","protected":false},"featured_media":1091,"comment_status":"open","ping_status":"closed","template":"","meta":[],"product_brand":[76],"product_cat":[32],"product_tag":[],"class_list":{"0":"post-1077","1":"product","2":"type-product","3":"status-publish","4":"has-post-thumbnail","6":"product_brand-aigostar","7":"product_cat-agd-drobne","9":"first","10":"instock","11":"taxable","12":"shipping-taxable","13":"purchasable","14":"product-type-simple"},"yoast_head":"<!-- This site is optimized with the Yoast SEO plugin v27.3 - https:\/\/yoast.com\/product\/yoast-seo-wordpress\/ -->\n<title>GRILL STO\u0141OWY AIGOSTAR RACLETTE 1500W P\u0141YTA KAMIE\u0143 - Mix Market - Supermarket z wszystkim co potrzeba<\/title>\n<meta name=\"robots\" content=\"index, follow, max-snippet:-1, max-image-preview:large, max-video-preview:-1\" \/>\n<link rel=\"canonical\" href=\"https:\/\/racom.com.pl\/index.php\/produkt\/grill-stolowy-aigostar-raclette-1500w-plyta-kamien\/\" \/>\n<meta property=\"og:locale\" content=\"pl_PL\" \/>\n<meta property=\"og:type\" content=\"article\" \/>\n<meta property=\"og:title\" content=\"GRILL STO\u0141OWY AIGOSTAR RACLETTE 1500W P\u0141YTA KAMIE\u0143 - Mix Market - Supermarket z wszystkim co potrzeba\" \/>\n<meta property=\"og:description\" content=\"Wielofunkcyjny grill z kamienn\u0105 p\u0142yt\u01051500 W + 8 patelni raclette Cechy produktu: Element grzejny o du\u017cej mocy 1500 wat\u00f3w Bezstopniowa regulacja termostatyczna Design pozwalaj\u0105cy na wyj\u0119cie\/od\u0142\u0105czenie korpusu od reszty. Aluminiowa p\u0142yta grillowa z nieprzywieraj\u0105c\u0105 pow\u0142ok\u0105 Z p\u0142yt\u0105 kamienn\u0105 do grillowania Zawiera 8 mini patelni do grillowania typu Raclette Rozmiar\uff1aL480*W233*H132mm D\u0142ugo\u015b\u0107 kabla\uff1a1 m Napi\u0119cie\uff1a220 &#8211; 240v [&hellip;]\" \/>\n<meta property=\"og:url\" content=\"https:\/\/racom.com.pl\/index.php\/produkt\/grill-stolowy-aigostar-raclette-1500w-plyta-kamien\/\" \/>\n<meta property=\"og:site_name\" content=\"Mix Market - Supermarket z wszystkim co potrzeba\" \/>\n<meta property=\"og:image\" content=\"https:\/\/racom.com.pl\/wp-content\/uploads\/2025\/07\/allegro_687a7ab4d38859.64240797_4530bd00435c843bc4ad0ffb7bcf.jpg\" \/>\n\t<meta property=\"og:image:width\" content=\"696\" \/>\n\t<meta property=\"og:image:height\" content=\"572\" \/>\n\t<meta property=\"og:image:type\" content=\"image\/jpeg\" \/>\n<meta name=\"twitter:card\" content=\"summary_large_image\" \/>\n<meta name=\"twitter:label1\" content=\"Szacowany czas czytania\" \/>\n\t<meta name=\"twitter:data1\" content=\"2 minuty\" \/>\n<script type=\"application\/ld+json\" class=\"yoast-schema-graph\">{\"@context\":\"https:\\\/\\\/schema.org\",\"@graph\":[{\"@type\":\"WebPage\",\"@id\":\"https:\\\/\\\/racom.com.pl\\\/index.php\\\/produkt\\\/grill-stolowy-aigostar-raclette-1500w-plyta-kamien\\\/\",\"url\":\"https:\\\/\\\/racom.com.pl\\\/index.php\\\/produkt\\\/grill-stolowy-aigostar-raclette-1500w-plyta-kamien\\\/\",\"name\":\"GRILL STO\u0141OWY AIGOSTAR RACLETTE 1500W P\u0141YTA KAMIE\u0143 - Mix Market - Supermarket z wszystkim co potrzeba\",\"isPartOf\":{\"@id\":\"https:\\\/\\\/racom.com.pl\\\/#website\"},\"primaryImageOfPage\":{\"@id\":\"https:\\\/\\\/racom.com.pl\\\/index.php\\\/produkt\\\/grill-stolowy-aigostar-raclette-1500w-plyta-kamien\\\/#primaryimage\"},\"image\":{\"@id\":\"https:\\\/\\\/racom.com.pl\\\/index.php\\\/produkt\\\/grill-stolowy-aigostar-raclette-1500w-plyta-kamien\\\/#primaryimage\"},\"thumbnailUrl\":\"https:\\\/\\\/racom.com.pl\\\/wp-content\\\/uploads\\\/2025\\\/07\\\/allegro_687a7ab4d38859.64240797_4530bd00435c843bc4ad0ffb7bcf.jpg\",\"datePublished\":\"2025-07-18T16:46:31+00:00\",\"breadcrumb\":{\"@id\":\"https:\\\/\\\/racom.com.pl\\\/index.php\\\/produkt\\\/grill-stolowy-aigostar-raclette-1500w-plyta-kamien\\\/#breadcrumb\"},\"inLanguage\":\"pl-PL\",\"potentialAction\":[{\"@type\":\"ReadAction\",\"target\":[\"https:\\\/\\\/racom.com.pl\\\/index.php\\\/produkt\\\/grill-stolowy-aigostar-raclette-1500w-plyta-kamien\\\/\"]}]},{\"@type\":\"ImageObject\",\"inLanguage\":\"pl-PL\",\"@id\":\"https:\\\/\\\/racom.com.pl\\\/index.php\\\/produkt\\\/grill-stolowy-aigostar-raclette-1500w-plyta-kamien\\\/#primaryimage\",\"url\":\"https:\\\/\\\/racom.com.pl\\\/wp-content\\\/uploads\\\/2025\\\/07\\\/allegro_687a7ab4d38859.64240797_4530bd00435c843bc4ad0ffb7bcf.jpg\",\"contentUrl\":\"https:\\\/\\\/racom.com.pl\\\/wp-content\\\/uploads\\\/2025\\\/07\\\/allegro_687a7ab4d38859.64240797_4530bd00435c843bc4ad0ffb7bcf.jpg\",\"width\":696,\"height\":572},{\"@type\":\"BreadcrumbList\",\"@id\":\"https:\\\/\\\/racom.com.pl\\\/index.php\\\/produkt\\\/grill-stolowy-aigostar-raclette-1500w-plyta-kamien\\\/#breadcrumb\",\"itemListElement\":[{\"@type\":\"ListItem\",\"position\":1,\"name\":\"Strona g\u0142\u00f3wna\",\"item\":\"https:\\\/\\\/racom.com.pl\\\/\"},{\"@type\":\"ListItem\",\"position\":2,\"name\":\"Sklep\",\"item\":\"https:\\\/\\\/racom.com.pl\\\/\"},{\"@type\":\"ListItem\",\"position\":3,\"name\":\"GRILL STO\u0141OWY AIGOSTAR RACLETTE 1500W P\u0141YTA KAMIE\u0143\"}]},{\"@type\":\"WebSite\",\"@id\":\"https:\\\/\\\/racom.com.pl\\\/#website\",\"url\":\"https:\\\/\\\/racom.com.pl\\\/\",\"name\":\"Mix Market - Supermarket z wszystkim co potrzeba do domu i nie tylko\",\"description\":\"\",\"publisher\":{\"@id\":\"https:\\\/\\\/racom.com.pl\\\/#organization\"},\"potentialAction\":[{\"@type\":\"SearchAction\",\"target\":{\"@type\":\"EntryPoint\",\"urlTemplate\":\"https:\\\/\\\/racom.com.pl\\\/?s={search_term_string}\"},\"query-input\":{\"@type\":\"PropertyValueSpecification\",\"valueRequired\":true,\"valueName\":\"search_term_string\"}}],\"inLanguage\":\"pl-PL\"},{\"@type\":\"Organization\",\"@id\":\"https:\\\/\\\/racom.com.pl\\\/#organization\",\"name\":\"Mix Market - Supermarket z wszystkim co potrzeba do domu i nie tylko\",\"url\":\"https:\\\/\\\/racom.com.pl\\\/\",\"logo\":{\"@type\":\"ImageObject\",\"inLanguage\":\"pl-PL\",\"@id\":\"https:\\\/\\\/racom.com.pl\\\/#\\\/schema\\\/logo\\\/image\\\/\",\"url\":\"https:\\\/\\\/racom.com.pl\\\/wp-content\\\/uploads\\\/2025\\\/07\\\/mixmarket_logo.png\",\"contentUrl\":\"https:\\\/\\\/racom.com.pl\\\/wp-content\\\/uploads\\\/2025\\\/07\\\/mixmarket_logo.png\",\"width\":1024,\"height\":1024,\"caption\":\"Mix Market - Supermarket z wszystkim co potrzeba do domu i nie tylko\"},\"image\":{\"@id\":\"https:\\\/\\\/racom.com.pl\\\/#\\\/schema\\\/logo\\\/image\\\/\"}}]}<\/script>\n<!-- \/ Yoast SEO plugin. -->","yoast_head_json":{"title":"GRILL STO\u0141OWY AIGOSTAR RACLETTE 1500W P\u0141YTA KAMIE\u0143 - Mix Market - Supermarket z wszystkim co potrzeba","robots":{"index":"index","follow":"follow","max-snippet":"max-snippet:-1","max-image-preview":"max-image-preview:large","max-video-preview":"max-video-preview:-1"},"canonical":"https:\/\/racom.com.pl\/index.php\/produkt\/grill-stolowy-aigostar-raclette-1500w-plyta-kamien\/","og_locale":"pl_PL","og_type":"article","og_title":"GRILL STO\u0141OWY AIGOSTAR RACLETTE 1500W P\u0141YTA KAMIE\u0143 - Mix Market - Supermarket z wszystkim co potrzeba","og_description":"Wielofunkcyjny grill z kamienn\u0105 p\u0142yt\u01051500 W + 8 patelni raclette Cechy produktu: Element grzejny o du\u017cej mocy 1500 wat\u00f3w Bezstopniowa regulacja termostatyczna Design pozwalaj\u0105cy na wyj\u0119cie\/od\u0142\u0105czenie korpusu od reszty. Aluminiowa p\u0142yta grillowa z nieprzywieraj\u0105c\u0105 pow\u0142ok\u0105 Z p\u0142yt\u0105 kamienn\u0105 do grillowania Zawiera 8 mini patelni do grillowania typu Raclette Rozmiar\uff1aL480*W233*H132mm D\u0142ugo\u015b\u0107 kabla\uff1a1 m Napi\u0119cie\uff1a220 &#8211; 240v [&hellip;]","og_url":"https:\/\/racom.com.pl\/index.php\/produkt\/grill-stolowy-aigostar-raclette-1500w-plyta-kamien\/","og_site_name":"Mix Market - Supermarket z wszystkim co potrzeba","og_image":[{"width":696,"height":572,"url":"https:\/\/racom.com.pl\/wp-content\/uploads\/2025\/07\/allegro_687a7ab4d38859.64240797_4530bd00435c843bc4ad0ffb7bcf.jpg","type":"image\/jpeg"}],"twitter_card":"summary_large_image","twitter_misc":{"Szacowany czas czytania":"2 minuty"},"schema":{"@context":"https:\/\/schema.org","@graph":[{"@type":"WebPage","@id":"https:\/\/racom.com.pl\/index.php\/produkt\/grill-stolowy-aigostar-raclette-1500w-plyta-kamien\/","url":"https:\/\/racom.com.pl\/index.php\/produkt\/grill-stolowy-aigostar-raclette-1500w-plyta-kamien\/","name":"GRILL STO\u0141OWY AIGOSTAR RACLETTE 1500W P\u0141YTA KAMIE\u0143 - Mix Market - Supermarket z wszystkim co potrzeba","isPartOf":{"@id":"https:\/\/racom.com.pl\/#website"},"primaryImageOfPage":{"@id":"https:\/\/racom.com.pl\/index.php\/produkt\/grill-stolowy-aigostar-raclette-1500w-plyta-kamien\/#primaryimage"},"image":{"@id":"https:\/\/racom.com.pl\/index.php\/produkt\/grill-stolowy-aigostar-raclette-1500w-plyta-kamien\/#primaryimage"},"thumbnailUrl":"https:\/\/racom.com.pl\/wp-content\/uploads\/2025\/07\/allegro_687a7ab4d38859.64240797_4530bd00435c843bc4ad0ffb7bcf.jpg","datePublished":"2025-07-18T16:46:31+00:00","breadcrumb":{"@id":"https:\/\/racom.com.pl\/index.php\/produkt\/grill-stolowy-aigostar-raclette-1500w-plyta-kamien\/#breadcrumb"},"inLanguage":"pl-PL","potentialAction":[{"@type":"ReadAction","target":["https:\/\/racom.com.pl\/index.php\/produkt\/grill-stolowy-aigostar-raclette-1500w-plyta-kamien\/"]}]},{"@type":"ImageObject","inLanguage":"pl-PL","@id":"https:\/\/racom.com.pl\/index.php\/produkt\/grill-stolowy-aigostar-raclette-1500w-plyta-kamien\/#primaryimage","url":"https:\/\/racom.com.pl\/wp-content\/uploads\/2025\/07\/allegro_687a7ab4d38859.64240797_4530bd00435c843bc4ad0ffb7bcf.jpg","contentUrl":"https:\/\/racom.com.pl\/wp-content\/uploads\/2025\/07\/allegro_687a7ab4d38859.64240797_4530bd00435c843bc4ad0ffb7bcf.jpg","width":696,"height":572},{"@type":"BreadcrumbList","@id":"https:\/\/racom.com.pl\/index.php\/produkt\/grill-stolowy-aigostar-raclette-1500w-plyta-kamien\/#breadcrumb","itemListElement":[{"@type":"ListItem","position":1,"name":"Strona g\u0142\u00f3wna","item":"https:\/\/racom.com.pl\/"},{"@type":"ListItem","position":2,"name":"Sklep","item":"https:\/\/racom.com.pl\/"},{"@type":"ListItem","position":3,"name":"GRILL STO\u0141OWY AIGOSTAR RACLETTE 1500W P\u0141YTA KAMIE\u0143"}]},{"@type":"WebSite","@id":"https:\/\/racom.com.pl\/#website","url":"https:\/\/racom.com.pl\/","name":"Mix Market - Supermarket z wszystkim co potrzeba do domu i nie tylko","description":"","publisher":{"@id":"https:\/\/racom.com.pl\/#organization"},"potentialAction":[{"@type":"SearchAction","target":{"@type":"EntryPoint","urlTemplate":"https:\/\/racom.com.pl\/?s={search_term_string}"},"query-input":{"@type":"PropertyValueSpecification","valueRequired":true,"valueName":"search_term_string"}}],"inLanguage":"pl-PL"},{"@type":"Organization","@id":"https:\/\/racom.com.pl\/#organization","name":"Mix Market - Supermarket z wszystkim co potrzeba do domu i nie tylko","url":"https:\/\/racom.com.pl\/","logo":{"@type":"ImageObject","inLanguage":"pl-PL","@id":"https:\/\/racom.com.pl\/#\/schema\/logo\/image\/","url":"https:\/\/racom.com.pl\/wp-content\/uploads\/2025\/07\/mixmarket_logo.png","contentUrl":"https:\/\/racom.com.pl\/wp-content\/uploads\/2025\/07\/mixmarket_logo.png","width":1024,"height":1024,"caption":"Mix Market - Supermarket z wszystkim co potrzeba do domu i nie tylko"},"image":{"@id":"https:\/\/racom.com.pl\/#\/schema\/logo\/image\/"}}]}},"_links":{"self":[{"href":"https:\/\/racom.com.pl\/index.php\/wp-json\/wp\/v2\/product\/1077","targetHints":{"allow":["GET"]}}],"collection":[{"href":"https:\/\/racom.com.pl\/index.php\/wp-json\/wp\/v2\/product"}],"about":[{"href":"https:\/\/racom.com.pl\/index.php\/wp-json\/wp\/v2\/types\/product"}],"replies":[{"embeddable":true,"href":"https:\/\/racom.com.pl\/index.php\/wp-json\/wp\/v2\/comments?post=1077"}],"wp:featuredmedia":[{"embeddable":true,"href":"https:\/\/racom.com.pl\/index.php\/wp-json\/wp\/v2\/media\/1091"}],"wp:attachment":[{"href":"https:\/\/racom.com.pl\/index.php\/wp-json\/wp\/v2\/media?parent=1077"}],"wp:term":[{"taxonomy":"product_brand","embeddable":true,"href":"https:\/\/racom.com.pl\/index.php\/wp-json\/wp\/v2\/product_brand?post=1077"},{"taxonomy":"product_cat","embeddable":true,"href":"https:\/\/racom.com.pl\/index.php\/wp-json\/wp\/v2\/product_cat?post=1077"},{"taxonomy":"product_tag","embeddable":true,"href":"https:\/\/racom.com.pl\/index.php\/wp-json\/wp\/v2\/product_tag?post=1077"}],"curies":[{"name":"wp","href":"https:\/\/api.w.org\/{rel}","templated":true}]}}