{"id":1105,"date":"2025-07-18T18:52:49","date_gmt":"2025-07-18T16:52:49","guid":{"rendered":"http:\/\/192.168.2.106\/index.php\/produkt\/baseus-etui-wodoodporne-pokrowiec-telefon-do-wody\/"},"modified":"2025-07-18T18:52:49","modified_gmt":"2025-07-18T16:52:49","slug":"baseus-etui-wodoodporne-pokrowiec-telefon-do-wody","status":"publish","type":"product","link":"https:\/\/racom.com.pl\/index.php\/produkt\/baseus-etui-wodoodporne-pokrowiec-telefon-do-wody\/","title":{"rendered":"BASEUS ETUI WODOODPORNE POKROWIEC TELEFON DO WODY"},"content":{"rendered":"<p><b>BASEUS uniwersalne etui wodoodporne Lets Slip IPX8 bia\u0142o-r\u00f3\u017cowy ACFSD-D24<\/b><\/p>\n<p><b>Wodoodporna obudowa na smartfony. Posiada certyfikat wodoodporno\u015bci IPX8 z 4 warstwami hydroizolacji, co pozwala zanurzy\u0107 si\u0119 w wodzie na g\u0142\u0119boko\u015b\u0107 30 m.<\/b><\/p>\n<p>To idealne rozwi\u0105zanie, aby urz\u0105dzenie by\u0142o suche i chronione na pla\u017cy, przy basenie lub w deszczowe dni. Transparentny materia\u0142 po obu stronach etui pozwala na robienie zdj\u0119\u0107 i kr\u0119cenie film\u00f3w w wodzie.<\/p>\n<p>Do\u0142\u0105czony pasek na smycz zapewnia dodatkowe bezpiecze\u0144stwo przed zgubieniem telefonu. Wra\u017cliwa na dotyk powierzchnia pozwala na korzystanie z urz\u0105dzenia w komfortowy spos\u00f3b.<\/p>\n<p>Etui posiada wyj\u0105tkow\u0105 czu\u0142o\u015b\u0107 na dotyk. Dzi\u0119ki temu mo\u017cemy korzysta\u0107 z telefonu w wodzie, na deszczu czy w ci\u0119\u017ckich warunkach. Touch ID &#8211; obs\u0142uguje funkcj\u0119 identyfikacji odcisk\u00f3w palc\u00f3w.<\/p>\n<p>Wykonane z wysokiej jako\u015bci tworzywa ABS i PCV dla wi\u0119kszej ochrony telefonu. Uniwersalna wodoodporna obudowa pasuje do wszystkich smartfon\u00f3w o przek\u0105tnej do 7.2&#8243;.<\/p>\n<p>6953156220782<\/p>\n","protected":false},"excerpt":{"rendered":"<p>BASEUS uniwersalne etui wodoodporne Lets Slip IPX8 bia\u0142o-r\u00f3\u017cowy ACFSD-D24 Wodoodporna obudowa na smartfony. Posiada certyfikat wodoodporno\u015bci IPX8 z 4 warstwami hydroizolacji, co pozwala zanurzy\u0107 si\u0119 w wodzie na g\u0142\u0119boko\u015b\u0107 30 m. To idealne rozwi\u0105zanie, aby urz\u0105dzenie by\u0142o suche i chronione na pla\u017cy, przy basenie lub w deszczowe dni. Transparentny materia\u0142 po obu stronach etui pozwala [&hellip;]<\/p>\n","protected":false},"featured_media":1119,"comment_status":"open","ping_status":"closed","template":"","meta":[],"product_brand":[27],"product_cat":[26],"product_tag":[],"class_list":{"0":"post-1105","1":"product","2":"type-product","3":"status-publish","4":"has-post-thumbnail","6":"product_brand-baseus","7":"product_cat-akcesoria-gsm","9":"first","10":"instock","11":"taxable","12":"shipping-taxable","13":"purchasable","14":"product-type-simple"},"yoast_head":"<!-- This site is optimized with the Yoast SEO plugin v27.3 - https:\/\/yoast.com\/product\/yoast-seo-wordpress\/ -->\n<title>BASEUS ETUI WODOODPORNE POKROWIEC TELEFON DO WODY - Mix Market - Supermarket z wszystkim co potrzeba<\/title>\n<meta name=\"robots\" content=\"index, follow, max-snippet:-1, max-image-preview:large, max-video-preview:-1\" \/>\n<link rel=\"canonical\" href=\"https:\/\/racom.com.pl\/index.php\/produkt\/baseus-etui-wodoodporne-pokrowiec-telefon-do-wody\/\" \/>\n<meta property=\"og:locale\" content=\"pl_PL\" \/>\n<meta property=\"og:type\" content=\"article\" \/>\n<meta property=\"og:title\" content=\"BASEUS ETUI WODOODPORNE POKROWIEC TELEFON DO WODY - Mix Market - Supermarket z wszystkim co potrzeba\" \/>\n<meta property=\"og:description\" content=\"BASEUS uniwersalne etui wodoodporne Lets Slip IPX8 bia\u0142o-r\u00f3\u017cowy ACFSD-D24 Wodoodporna obudowa na smartfony. Posiada certyfikat wodoodporno\u015bci IPX8 z 4 warstwami hydroizolacji, co pozwala zanurzy\u0107 si\u0119 w wodzie na g\u0142\u0119boko\u015b\u0107 30 m. To idealne rozwi\u0105zanie, aby urz\u0105dzenie by\u0142o suche i chronione na pla\u017cy, przy basenie lub w deszczowe dni. Transparentny materia\u0142 po obu stronach etui pozwala [&hellip;]\" \/>\n<meta property=\"og:url\" content=\"https:\/\/racom.com.pl\/index.php\/produkt\/baseus-etui-wodoodporne-pokrowiec-telefon-do-wody\/\" \/>\n<meta property=\"og:site_name\" content=\"Mix Market - Supermarket z wszystkim co potrzeba\" \/>\n<meta property=\"og:image\" content=\"https:\/\/racom.com.pl\/wp-content\/uploads\/2025\/07\/allegro_687a7c557ef317.45230539_6cb6b1824e728aa8bf4a142bea7b.jpg\" \/>\n\t<meta property=\"og:image:width\" content=\"852\" \/>\n\t<meta property=\"og:image:height\" content=\"852\" \/>\n\t<meta property=\"og:image:type\" content=\"image\/jpeg\" \/>\n<meta name=\"twitter:card\" content=\"summary_large_image\" \/>\n<meta name=\"twitter:label1\" content=\"Szacowany czas czytania\" \/>\n\t<meta name=\"twitter:data1\" content=\"1 minuta\" \/>\n<script type=\"application\/ld+json\" class=\"yoast-schema-graph\">{\"@context\":\"https:\\\/\\\/schema.org\",\"@graph\":[{\"@type\":\"WebPage\",\"@id\":\"https:\\\/\\\/racom.com.pl\\\/index.php\\\/produkt\\\/baseus-etui-wodoodporne-pokrowiec-telefon-do-wody\\\/\",\"url\":\"https:\\\/\\\/racom.com.pl\\\/index.php\\\/produkt\\\/baseus-etui-wodoodporne-pokrowiec-telefon-do-wody\\\/\",\"name\":\"BASEUS ETUI WODOODPORNE POKROWIEC TELEFON DO WODY - Mix Market - Supermarket z wszystkim co potrzeba\",\"isPartOf\":{\"@id\":\"https:\\\/\\\/racom.com.pl\\\/#website\"},\"primaryImageOfPage\":{\"@id\":\"https:\\\/\\\/racom.com.pl\\\/index.php\\\/produkt\\\/baseus-etui-wodoodporne-pokrowiec-telefon-do-wody\\\/#primaryimage\"},\"image\":{\"@id\":\"https:\\\/\\\/racom.com.pl\\\/index.php\\\/produkt\\\/baseus-etui-wodoodporne-pokrowiec-telefon-do-wody\\\/#primaryimage\"},\"thumbnailUrl\":\"https:\\\/\\\/racom.com.pl\\\/wp-content\\\/uploads\\\/2025\\\/07\\\/allegro_687a7c557ef317.45230539_6cb6b1824e728aa8bf4a142bea7b.jpg\",\"datePublished\":\"2025-07-18T16:52:49+00:00\",\"breadcrumb\":{\"@id\":\"https:\\\/\\\/racom.com.pl\\\/index.php\\\/produkt\\\/baseus-etui-wodoodporne-pokrowiec-telefon-do-wody\\\/#breadcrumb\"},\"inLanguage\":\"pl-PL\",\"potentialAction\":[{\"@type\":\"ReadAction\",\"target\":[\"https:\\\/\\\/racom.com.pl\\\/index.php\\\/produkt\\\/baseus-etui-wodoodporne-pokrowiec-telefon-do-wody\\\/\"]}]},{\"@type\":\"ImageObject\",\"inLanguage\":\"pl-PL\",\"@id\":\"https:\\\/\\\/racom.com.pl\\\/index.php\\\/produkt\\\/baseus-etui-wodoodporne-pokrowiec-telefon-do-wody\\\/#primaryimage\",\"url\":\"https:\\\/\\\/racom.com.pl\\\/wp-content\\\/uploads\\\/2025\\\/07\\\/allegro_687a7c557ef317.45230539_6cb6b1824e728aa8bf4a142bea7b.jpg\",\"contentUrl\":\"https:\\\/\\\/racom.com.pl\\\/wp-content\\\/uploads\\\/2025\\\/07\\\/allegro_687a7c557ef317.45230539_6cb6b1824e728aa8bf4a142bea7b.jpg\",\"width\":852,\"height\":852},{\"@type\":\"BreadcrumbList\",\"@id\":\"https:\\\/\\\/racom.com.pl\\\/index.php\\\/produkt\\\/baseus-etui-wodoodporne-pokrowiec-telefon-do-wody\\\/#breadcrumb\",\"itemListElement\":[{\"@type\":\"ListItem\",\"position\":1,\"name\":\"Strona g\u0142\u00f3wna\",\"item\":\"https:\\\/\\\/racom.com.pl\\\/\"},{\"@type\":\"ListItem\",\"position\":2,\"name\":\"Sklep\",\"item\":\"https:\\\/\\\/racom.com.pl\\\/\"},{\"@type\":\"ListItem\",\"position\":3,\"name\":\"BASEUS ETUI WODOODPORNE POKROWIEC TELEFON DO WODY\"}]},{\"@type\":\"WebSite\",\"@id\":\"https:\\\/\\\/racom.com.pl\\\/#website\",\"url\":\"https:\\\/\\\/racom.com.pl\\\/\",\"name\":\"Mix Market - Supermarket z wszystkim co potrzeba do domu i nie tylko\",\"description\":\"\",\"publisher\":{\"@id\":\"https:\\\/\\\/racom.com.pl\\\/#organization\"},\"potentialAction\":[{\"@type\":\"SearchAction\",\"target\":{\"@type\":\"EntryPoint\",\"urlTemplate\":\"https:\\\/\\\/racom.com.pl\\\/?s={search_term_string}\"},\"query-input\":{\"@type\":\"PropertyValueSpecification\",\"valueRequired\":true,\"valueName\":\"search_term_string\"}}],\"inLanguage\":\"pl-PL\"},{\"@type\":\"Organization\",\"@id\":\"https:\\\/\\\/racom.com.pl\\\/#organization\",\"name\":\"Mix Market - Supermarket z wszystkim co potrzeba do domu i nie tylko\",\"url\":\"https:\\\/\\\/racom.com.pl\\\/\",\"logo\":{\"@type\":\"ImageObject\",\"inLanguage\":\"pl-PL\",\"@id\":\"https:\\\/\\\/racom.com.pl\\\/#\\\/schema\\\/logo\\\/image\\\/\",\"url\":\"https:\\\/\\\/racom.com.pl\\\/wp-content\\\/uploads\\\/2025\\\/07\\\/mixmarket_logo.png\",\"contentUrl\":\"https:\\\/\\\/racom.com.pl\\\/wp-content\\\/uploads\\\/2025\\\/07\\\/mixmarket_logo.png\",\"width\":1024,\"height\":1024,\"caption\":\"Mix Market - Supermarket z wszystkim co potrzeba do domu i nie tylko\"},\"image\":{\"@id\":\"https:\\\/\\\/racom.com.pl\\\/#\\\/schema\\\/logo\\\/image\\\/\"}}]}<\/script>\n<!-- \/ Yoast SEO plugin. -->","yoast_head_json":{"title":"BASEUS ETUI WODOODPORNE POKROWIEC TELEFON DO WODY - Mix Market - Supermarket z wszystkim co potrzeba","robots":{"index":"index","follow":"follow","max-snippet":"max-snippet:-1","max-image-preview":"max-image-preview:large","max-video-preview":"max-video-preview:-1"},"canonical":"https:\/\/racom.com.pl\/index.php\/produkt\/baseus-etui-wodoodporne-pokrowiec-telefon-do-wody\/","og_locale":"pl_PL","og_type":"article","og_title":"BASEUS ETUI WODOODPORNE POKROWIEC TELEFON DO WODY - Mix Market - Supermarket z wszystkim co potrzeba","og_description":"BASEUS uniwersalne etui wodoodporne Lets Slip IPX8 bia\u0142o-r\u00f3\u017cowy ACFSD-D24 Wodoodporna obudowa na smartfony. Posiada certyfikat wodoodporno\u015bci IPX8 z 4 warstwami hydroizolacji, co pozwala zanurzy\u0107 si\u0119 w wodzie na g\u0142\u0119boko\u015b\u0107 30 m. To idealne rozwi\u0105zanie, aby urz\u0105dzenie by\u0142o suche i chronione na pla\u017cy, przy basenie lub w deszczowe dni. Transparentny materia\u0142 po obu stronach etui pozwala [&hellip;]","og_url":"https:\/\/racom.com.pl\/index.php\/produkt\/baseus-etui-wodoodporne-pokrowiec-telefon-do-wody\/","og_site_name":"Mix Market - Supermarket z wszystkim co potrzeba","og_image":[{"width":852,"height":852,"url":"https:\/\/racom.com.pl\/wp-content\/uploads\/2025\/07\/allegro_687a7c557ef317.45230539_6cb6b1824e728aa8bf4a142bea7b.jpg","type":"image\/jpeg"}],"twitter_card":"summary_large_image","twitter_misc":{"Szacowany czas czytania":"1 minuta"},"schema":{"@context":"https:\/\/schema.org","@graph":[{"@type":"WebPage","@id":"https:\/\/racom.com.pl\/index.php\/produkt\/baseus-etui-wodoodporne-pokrowiec-telefon-do-wody\/","url":"https:\/\/racom.com.pl\/index.php\/produkt\/baseus-etui-wodoodporne-pokrowiec-telefon-do-wody\/","name":"BASEUS ETUI WODOODPORNE POKROWIEC TELEFON DO WODY - Mix Market - Supermarket z wszystkim co potrzeba","isPartOf":{"@id":"https:\/\/racom.com.pl\/#website"},"primaryImageOfPage":{"@id":"https:\/\/racom.com.pl\/index.php\/produkt\/baseus-etui-wodoodporne-pokrowiec-telefon-do-wody\/#primaryimage"},"image":{"@id":"https:\/\/racom.com.pl\/index.php\/produkt\/baseus-etui-wodoodporne-pokrowiec-telefon-do-wody\/#primaryimage"},"thumbnailUrl":"https:\/\/racom.com.pl\/wp-content\/uploads\/2025\/07\/allegro_687a7c557ef317.45230539_6cb6b1824e728aa8bf4a142bea7b.jpg","datePublished":"2025-07-18T16:52:49+00:00","breadcrumb":{"@id":"https:\/\/racom.com.pl\/index.php\/produkt\/baseus-etui-wodoodporne-pokrowiec-telefon-do-wody\/#breadcrumb"},"inLanguage":"pl-PL","potentialAction":[{"@type":"ReadAction","target":["https:\/\/racom.com.pl\/index.php\/produkt\/baseus-etui-wodoodporne-pokrowiec-telefon-do-wody\/"]}]},{"@type":"ImageObject","inLanguage":"pl-PL","@id":"https:\/\/racom.com.pl\/index.php\/produkt\/baseus-etui-wodoodporne-pokrowiec-telefon-do-wody\/#primaryimage","url":"https:\/\/racom.com.pl\/wp-content\/uploads\/2025\/07\/allegro_687a7c557ef317.45230539_6cb6b1824e728aa8bf4a142bea7b.jpg","contentUrl":"https:\/\/racom.com.pl\/wp-content\/uploads\/2025\/07\/allegro_687a7c557ef317.45230539_6cb6b1824e728aa8bf4a142bea7b.jpg","width":852,"height":852},{"@type":"BreadcrumbList","@id":"https:\/\/racom.com.pl\/index.php\/produkt\/baseus-etui-wodoodporne-pokrowiec-telefon-do-wody\/#breadcrumb","itemListElement":[{"@type":"ListItem","position":1,"name":"Strona g\u0142\u00f3wna","item":"https:\/\/racom.com.pl\/"},{"@type":"ListItem","position":2,"name":"Sklep","item":"https:\/\/racom.com.pl\/"},{"@type":"ListItem","position":3,"name":"BASEUS ETUI WODOODPORNE POKROWIEC TELEFON DO WODY"}]},{"@type":"WebSite","@id":"https:\/\/racom.com.pl\/#website","url":"https:\/\/racom.com.pl\/","name":"Mix Market - Supermarket z wszystkim co potrzeba do domu i nie tylko","description":"","publisher":{"@id":"https:\/\/racom.com.pl\/#organization"},"potentialAction":[{"@type":"SearchAction","target":{"@type":"EntryPoint","urlTemplate":"https:\/\/racom.com.pl\/?s={search_term_string}"},"query-input":{"@type":"PropertyValueSpecification","valueRequired":true,"valueName":"search_term_string"}}],"inLanguage":"pl-PL"},{"@type":"Organization","@id":"https:\/\/racom.com.pl\/#organization","name":"Mix Market - Supermarket z wszystkim co potrzeba do domu i nie tylko","url":"https:\/\/racom.com.pl\/","logo":{"@type":"ImageObject","inLanguage":"pl-PL","@id":"https:\/\/racom.com.pl\/#\/schema\/logo\/image\/","url":"https:\/\/racom.com.pl\/wp-content\/uploads\/2025\/07\/mixmarket_logo.png","contentUrl":"https:\/\/racom.com.pl\/wp-content\/uploads\/2025\/07\/mixmarket_logo.png","width":1024,"height":1024,"caption":"Mix Market - Supermarket z wszystkim co potrzeba do domu i nie tylko"},"image":{"@id":"https:\/\/racom.com.pl\/#\/schema\/logo\/image\/"}}]}},"_links":{"self":[{"href":"https:\/\/racom.com.pl\/index.php\/wp-json\/wp\/v2\/product\/1105","targetHints":{"allow":["GET"]}}],"collection":[{"href":"https:\/\/racom.com.pl\/index.php\/wp-json\/wp\/v2\/product"}],"about":[{"href":"https:\/\/racom.com.pl\/index.php\/wp-json\/wp\/v2\/types\/product"}],"replies":[{"embeddable":true,"href":"https:\/\/racom.com.pl\/index.php\/wp-json\/wp\/v2\/comments?post=1105"}],"wp:featuredmedia":[{"embeddable":true,"href":"https:\/\/racom.com.pl\/index.php\/wp-json\/wp\/v2\/media\/1119"}],"wp:attachment":[{"href":"https:\/\/racom.com.pl\/index.php\/wp-json\/wp\/v2\/media?parent=1105"}],"wp:term":[{"taxonomy":"product_brand","embeddable":true,"href":"https:\/\/racom.com.pl\/index.php\/wp-json\/wp\/v2\/product_brand?post=1105"},{"taxonomy":"product_cat","embeddable":true,"href":"https:\/\/racom.com.pl\/index.php\/wp-json\/wp\/v2\/product_cat?post=1105"},{"taxonomy":"product_tag","embeddable":true,"href":"https:\/\/racom.com.pl\/index.php\/wp-json\/wp\/v2\/product_tag?post=1105"}],"curies":[{"name":"wp","href":"https:\/\/api.w.org\/{rel}","templated":true}]}}