{"id":112,"date":"2025-07-18T17:11:45","date_gmt":"2025-07-18T15:11:45","guid":{"rendered":"http:\/\/192.168.2.106\/index.php\/produkt\/ugreen-kabel-optyczny-toslink-audio-cyfrowy-15m\/"},"modified":"2025-07-18T17:11:45","modified_gmt":"2025-07-18T15:11:45","slug":"ugreen-kabel-optyczny-toslink-audio-cyfrowy-15m","status":"publish","type":"product","link":"https:\/\/racom.com.pl\/index.php\/produkt\/ugreen-kabel-optyczny-toslink-audio-cyfrowy-15m\/","title":{"rendered":"UGREEN KABEL OPTYCZNY TOSLINK AUDIO CYFROWY 1,5m"},"content":{"rendered":"<h2>UGREEN AV122 Kabel optyczny Toslink Audio, poz\u0142acany, 1.5m (czarny)<\/h2>\n<ul>\n<li><b>Producent:<\/b> UGREEN<\/li>\n<li><b>Nazwa:<\/b> Toslink Optical Male To Male Audio Cable<\/li>\n<li><b>Model:<\/b> AV122<\/li>\n<li><b>Z\u0142\u0105cze:<\/b> Poz\u0142acane 24K<\/li>\n<li><b>Wtyk:<\/b> Toslink<\/li>\n<li><b>Materia\u0142:<\/b> Tworzywo PVC<\/li>\n<li><b>D\u0142ugo\u015b\u0107:<\/b> 1.5 m<\/li>\n<\/ul>\n<p>UGREEN Kabel optyczny<\/p>\n<p>Przew\u00f3d \u015bwiat\u0142owodowy marki UGREEN posiada przemy\u015blan\u0105 konstrukcj\u0119 oraz zosta\u0142 stworzony z jako\u015bciowego materia\u0142u PVC. Jego ko\u0144c\u00f3wki s\u0105 pokryte 24 karatowym z\u0142otem, co gwarantuje perfekcyjny d\u017awi\u0119k. Pozwala po\u0142\u0105czy\u0107 odtwarzacze DVD\/CD\/Blu-ray\/Blu-ray\/SACD\/TV\/SAT\/ lub komputer czy konsol\u0119 z amplitunerem, aby jak najlepiej przesy\u0142a\u0107 cyfrowy sygna\u0142 audio. Zachwyca funkcjonalno\u015bci\u0105 i uniwersalno\u015bci\u0105.<\/p>\n<p>D\u017awi\u0119k przestrzenny<\/p>\n<p>Kabel opiera si\u0119 na technice b\u0119d\u0105cej rozwini\u0119ciem stereofonii, kt\u00f3ra pozwala na utrwalanie i odtwarzanie co najmniej trzech kana\u0142\u00f3w d\u017awi\u0119ku. Dzi\u0119ki niej, mo\u017cna uzyska\u0107 wyj\u0105tkowe efekty, przy pod\u0142\u0105czonym kinie domowym czy podczas s\u0142uchania muzyki. Pokryte z\u0142otem z\u0142\u0105cza zapobiegaj\u0105 powstawaniu niechcianych ha\u0142as\u00f3w.<\/p>\n<p>Nieprzeci\u0119tne wykonanie<\/p>\n<p>Kabel optyczny zosta\u0142 wykonany z nylonowego splotu, co sprawia, \u017ce jest odporny na z\u0142amania oraz drobne uszkodzenia mechaniczne. Aluminiowe wyko\u0144czenie obudowy chroni przed wy\u0142amywaniem i powstawaniem usterek. Wyprodukowany z solidnego i wytrzyma\u0142ego tworzywa, gwarantuj\u0105cego pewn\u0105 trwa\u0142o\u015b\u0107.<\/p>\n<p>Wiele mo\u017cliwo\u015bci<\/p>\n<p>Poprzez odpowiedni\u0105 pow\u0142ok\u0119 na ko\u0144c\u00f3wkach, zapewniona jest doskona\u0142a przewodno\u015b\u0107 oraz ca\u0142kowita redukcja strat sygna\u0142u. Produkt jest polecany szczeg\u00f3lnie przy wymagaj\u0105cych po\u0142\u0105czeniach cyfrowych. Natomiast jego szeroka kompatybilno\u015b\u0107 umo\u017cliwia imponuj\u0105co du\u017co zastosowa\u0144.<\/p>\n<p>Specyfikacja<\/p>\n<ul>\n<li><b>Producent:<\/b> UGREEN<\/li>\n<li><b>Nazwa:<\/b> Toslink Optical Male To Male Audio Cable<\/li>\n<li><b>Model:<\/b> AV122<\/li>\n<li><b>Z\u0142\u0105cze:<\/b> Poz\u0142acane 24K<\/li>\n<li><b>Wtyk:<\/b> Toslink<\/li>\n<li><b>Materia\u0142:<\/b> Tworzywo PVC<\/li>\n<li><b>D\u0142ugo\u015b\u0107:<\/b> 1.5 m<\/li>\n<\/ul>\n","protected":false},"excerpt":{"rendered":"<p>UGREEN AV122 Kabel optyczny Toslink Audio, poz\u0142acany, 1.5m (czarny) Producent: UGREEN Nazwa: Toslink Optical Male To Male Audio Cable Model: AV122 Z\u0142\u0105cze: Poz\u0142acane 24K Wtyk: Toslink Materia\u0142: Tworzywo PVC D\u0142ugo\u015b\u0107: 1.5 m UGREEN Kabel optyczny Przew\u00f3d \u015bwiat\u0142owodowy marki UGREEN posiada przemy\u015blan\u0105 konstrukcj\u0119 oraz zosta\u0142 stworzony z jako\u015bciowego materia\u0142u PVC. Jego ko\u0144c\u00f3wki s\u0105 pokryte 24 karatowym [&hellip;]<\/p>\n","protected":false},"featured_media":118,"comment_status":"open","ping_status":"closed","template":"","meta":[],"product_brand":[23],"product_cat":[22],"product_tag":[],"class_list":{"0":"post-112","1":"product","2":"type-product","3":"status-publish","4":"has-post-thumbnail","6":"product_brand-ugreen","7":"product_cat-elektronika","9":"first","10":"instock","11":"taxable","12":"shipping-taxable","13":"purchasable","14":"product-type-simple"},"yoast_head":"<!-- This site is optimized with the Yoast SEO plugin v27.3 - https:\/\/yoast.com\/product\/yoast-seo-wordpress\/ -->\n<title>UGREEN KABEL OPTYCZNY TOSLINK AUDIO CYFROWY 1,5m - Mix Market - Supermarket z wszystkim co potrzeba<\/title>\n<meta name=\"robots\" content=\"index, follow, max-snippet:-1, max-image-preview:large, max-video-preview:-1\" \/>\n<link rel=\"canonical\" href=\"https:\/\/racom.com.pl\/index.php\/produkt\/ugreen-kabel-optyczny-toslink-audio-cyfrowy-15m\/\" \/>\n<meta property=\"og:locale\" content=\"pl_PL\" \/>\n<meta property=\"og:type\" content=\"article\" \/>\n<meta property=\"og:title\" content=\"UGREEN KABEL OPTYCZNY TOSLINK AUDIO CYFROWY 1,5m - Mix Market - Supermarket z wszystkim co potrzeba\" \/>\n<meta property=\"og:description\" content=\"UGREEN AV122 Kabel optyczny Toslink Audio, poz\u0142acany, 1.5m (czarny) Producent: UGREEN Nazwa: Toslink Optical Male To Male Audio Cable Model: AV122 Z\u0142\u0105cze: Poz\u0142acane 24K Wtyk: Toslink Materia\u0142: Tworzywo PVC D\u0142ugo\u015b\u0107: 1.5 m UGREEN Kabel optyczny Przew\u00f3d \u015bwiat\u0142owodowy marki UGREEN posiada przemy\u015blan\u0105 konstrukcj\u0119 oraz zosta\u0142 stworzony z jako\u015bciowego materia\u0142u PVC. Jego ko\u0144c\u00f3wki s\u0105 pokryte 24 karatowym [&hellip;]\" \/>\n<meta property=\"og:url\" content=\"https:\/\/racom.com.pl\/index.php\/produkt\/ugreen-kabel-optyczny-toslink-audio-cyfrowy-15m\/\" \/>\n<meta property=\"og:site_name\" content=\"Mix Market - Supermarket z wszystkim co potrzeba\" \/>\n<meta property=\"og:image\" content=\"https:\/\/racom.com.pl\/wp-content\/uploads\/2025\/07\/allegro_687a64436ad246.47376342_159bbc2f47259c8300461a502cc2.jpg\" \/>\n\t<meta property=\"og:image:width\" content=\"1100\" \/>\n\t<meta property=\"og:image:height\" content=\"701\" \/>\n\t<meta property=\"og:image:type\" content=\"image\/jpeg\" \/>\n<meta name=\"twitter:card\" content=\"summary_large_image\" \/>\n<meta name=\"twitter:label1\" content=\"Szacowany czas czytania\" \/>\n\t<meta name=\"twitter:data1\" content=\"1 minuta\" \/>\n<script type=\"application\/ld+json\" class=\"yoast-schema-graph\">{\"@context\":\"https:\\\/\\\/schema.org\",\"@graph\":[{\"@type\":\"WebPage\",\"@id\":\"https:\\\/\\\/racom.com.pl\\\/index.php\\\/produkt\\\/ugreen-kabel-optyczny-toslink-audio-cyfrowy-15m\\\/\",\"url\":\"https:\\\/\\\/racom.com.pl\\\/index.php\\\/produkt\\\/ugreen-kabel-optyczny-toslink-audio-cyfrowy-15m\\\/\",\"name\":\"UGREEN KABEL OPTYCZNY TOSLINK AUDIO CYFROWY 1,5m - Mix Market - Supermarket z wszystkim co potrzeba\",\"isPartOf\":{\"@id\":\"https:\\\/\\\/racom.com.pl\\\/#website\"},\"primaryImageOfPage\":{\"@id\":\"https:\\\/\\\/racom.com.pl\\\/index.php\\\/produkt\\\/ugreen-kabel-optyczny-toslink-audio-cyfrowy-15m\\\/#primaryimage\"},\"image\":{\"@id\":\"https:\\\/\\\/racom.com.pl\\\/index.php\\\/produkt\\\/ugreen-kabel-optyczny-toslink-audio-cyfrowy-15m\\\/#primaryimage\"},\"thumbnailUrl\":\"https:\\\/\\\/racom.com.pl\\\/wp-content\\\/uploads\\\/2025\\\/07\\\/allegro_687a64436ad246.47376342_159bbc2f47259c8300461a502cc2.jpg\",\"datePublished\":\"2025-07-18T15:11:45+00:00\",\"breadcrumb\":{\"@id\":\"https:\\\/\\\/racom.com.pl\\\/index.php\\\/produkt\\\/ugreen-kabel-optyczny-toslink-audio-cyfrowy-15m\\\/#breadcrumb\"},\"inLanguage\":\"pl-PL\",\"potentialAction\":[{\"@type\":\"ReadAction\",\"target\":[\"https:\\\/\\\/racom.com.pl\\\/index.php\\\/produkt\\\/ugreen-kabel-optyczny-toslink-audio-cyfrowy-15m\\\/\"]}]},{\"@type\":\"ImageObject\",\"inLanguage\":\"pl-PL\",\"@id\":\"https:\\\/\\\/racom.com.pl\\\/index.php\\\/produkt\\\/ugreen-kabel-optyczny-toslink-audio-cyfrowy-15m\\\/#primaryimage\",\"url\":\"https:\\\/\\\/racom.com.pl\\\/wp-content\\\/uploads\\\/2025\\\/07\\\/allegro_687a64436ad246.47376342_159bbc2f47259c8300461a502cc2.jpg\",\"contentUrl\":\"https:\\\/\\\/racom.com.pl\\\/wp-content\\\/uploads\\\/2025\\\/07\\\/allegro_687a64436ad246.47376342_159bbc2f47259c8300461a502cc2.jpg\",\"width\":1100,\"height\":701},{\"@type\":\"BreadcrumbList\",\"@id\":\"https:\\\/\\\/racom.com.pl\\\/index.php\\\/produkt\\\/ugreen-kabel-optyczny-toslink-audio-cyfrowy-15m\\\/#breadcrumb\",\"itemListElement\":[{\"@type\":\"ListItem\",\"position\":1,\"name\":\"Strona g\u0142\u00f3wna\",\"item\":\"https:\\\/\\\/racom.com.pl\\\/\"},{\"@type\":\"ListItem\",\"position\":2,\"name\":\"Sklep\",\"item\":\"https:\\\/\\\/racom.com.pl\\\/\"},{\"@type\":\"ListItem\",\"position\":3,\"name\":\"UGREEN KABEL OPTYCZNY TOSLINK AUDIO CYFROWY 1,5m\"}]},{\"@type\":\"WebSite\",\"@id\":\"https:\\\/\\\/racom.com.pl\\\/#website\",\"url\":\"https:\\\/\\\/racom.com.pl\\\/\",\"name\":\"Mix Market - Supermarket z wszystkim co potrzeba do domu i nie tylko\",\"description\":\"\",\"publisher\":{\"@id\":\"https:\\\/\\\/racom.com.pl\\\/#organization\"},\"potentialAction\":[{\"@type\":\"SearchAction\",\"target\":{\"@type\":\"EntryPoint\",\"urlTemplate\":\"https:\\\/\\\/racom.com.pl\\\/?s={search_term_string}\"},\"query-input\":{\"@type\":\"PropertyValueSpecification\",\"valueRequired\":true,\"valueName\":\"search_term_string\"}}],\"inLanguage\":\"pl-PL\"},{\"@type\":\"Organization\",\"@id\":\"https:\\\/\\\/racom.com.pl\\\/#organization\",\"name\":\"Mix Market - Supermarket z wszystkim co potrzeba do domu i nie tylko\",\"url\":\"https:\\\/\\\/racom.com.pl\\\/\",\"logo\":{\"@type\":\"ImageObject\",\"inLanguage\":\"pl-PL\",\"@id\":\"https:\\\/\\\/racom.com.pl\\\/#\\\/schema\\\/logo\\\/image\\\/\",\"url\":\"https:\\\/\\\/racom.com.pl\\\/wp-content\\\/uploads\\\/2025\\\/07\\\/mixmarket_logo.png\",\"contentUrl\":\"https:\\\/\\\/racom.com.pl\\\/wp-content\\\/uploads\\\/2025\\\/07\\\/mixmarket_logo.png\",\"width\":1024,\"height\":1024,\"caption\":\"Mix Market - Supermarket z wszystkim co potrzeba do domu i nie tylko\"},\"image\":{\"@id\":\"https:\\\/\\\/racom.com.pl\\\/#\\\/schema\\\/logo\\\/image\\\/\"}}]}<\/script>\n<!-- \/ Yoast SEO plugin. -->","yoast_head_json":{"title":"UGREEN KABEL OPTYCZNY TOSLINK AUDIO CYFROWY 1,5m - Mix Market - Supermarket z wszystkim co potrzeba","robots":{"index":"index","follow":"follow","max-snippet":"max-snippet:-1","max-image-preview":"max-image-preview:large","max-video-preview":"max-video-preview:-1"},"canonical":"https:\/\/racom.com.pl\/index.php\/produkt\/ugreen-kabel-optyczny-toslink-audio-cyfrowy-15m\/","og_locale":"pl_PL","og_type":"article","og_title":"UGREEN KABEL OPTYCZNY TOSLINK AUDIO CYFROWY 1,5m - Mix Market - Supermarket z wszystkim co potrzeba","og_description":"UGREEN AV122 Kabel optyczny Toslink Audio, poz\u0142acany, 1.5m (czarny) Producent: UGREEN Nazwa: Toslink Optical Male To Male Audio Cable Model: AV122 Z\u0142\u0105cze: Poz\u0142acane 24K Wtyk: Toslink Materia\u0142: Tworzywo PVC D\u0142ugo\u015b\u0107: 1.5 m UGREEN Kabel optyczny Przew\u00f3d \u015bwiat\u0142owodowy marki UGREEN posiada przemy\u015blan\u0105 konstrukcj\u0119 oraz zosta\u0142 stworzony z jako\u015bciowego materia\u0142u PVC. Jego ko\u0144c\u00f3wki s\u0105 pokryte 24 karatowym [&hellip;]","og_url":"https:\/\/racom.com.pl\/index.php\/produkt\/ugreen-kabel-optyczny-toslink-audio-cyfrowy-15m\/","og_site_name":"Mix Market - Supermarket z wszystkim co potrzeba","og_image":[{"width":1100,"height":701,"url":"https:\/\/racom.com.pl\/wp-content\/uploads\/2025\/07\/allegro_687a64436ad246.47376342_159bbc2f47259c8300461a502cc2.jpg","type":"image\/jpeg"}],"twitter_card":"summary_large_image","twitter_misc":{"Szacowany czas czytania":"1 minuta"},"schema":{"@context":"https:\/\/schema.org","@graph":[{"@type":"WebPage","@id":"https:\/\/racom.com.pl\/index.php\/produkt\/ugreen-kabel-optyczny-toslink-audio-cyfrowy-15m\/","url":"https:\/\/racom.com.pl\/index.php\/produkt\/ugreen-kabel-optyczny-toslink-audio-cyfrowy-15m\/","name":"UGREEN KABEL OPTYCZNY TOSLINK AUDIO CYFROWY 1,5m - Mix Market - Supermarket z wszystkim co potrzeba","isPartOf":{"@id":"https:\/\/racom.com.pl\/#website"},"primaryImageOfPage":{"@id":"https:\/\/racom.com.pl\/index.php\/produkt\/ugreen-kabel-optyczny-toslink-audio-cyfrowy-15m\/#primaryimage"},"image":{"@id":"https:\/\/racom.com.pl\/index.php\/produkt\/ugreen-kabel-optyczny-toslink-audio-cyfrowy-15m\/#primaryimage"},"thumbnailUrl":"https:\/\/racom.com.pl\/wp-content\/uploads\/2025\/07\/allegro_687a64436ad246.47376342_159bbc2f47259c8300461a502cc2.jpg","datePublished":"2025-07-18T15:11:45+00:00","breadcrumb":{"@id":"https:\/\/racom.com.pl\/index.php\/produkt\/ugreen-kabel-optyczny-toslink-audio-cyfrowy-15m\/#breadcrumb"},"inLanguage":"pl-PL","potentialAction":[{"@type":"ReadAction","target":["https:\/\/racom.com.pl\/index.php\/produkt\/ugreen-kabel-optyczny-toslink-audio-cyfrowy-15m\/"]}]},{"@type":"ImageObject","inLanguage":"pl-PL","@id":"https:\/\/racom.com.pl\/index.php\/produkt\/ugreen-kabel-optyczny-toslink-audio-cyfrowy-15m\/#primaryimage","url":"https:\/\/racom.com.pl\/wp-content\/uploads\/2025\/07\/allegro_687a64436ad246.47376342_159bbc2f47259c8300461a502cc2.jpg","contentUrl":"https:\/\/racom.com.pl\/wp-content\/uploads\/2025\/07\/allegro_687a64436ad246.47376342_159bbc2f47259c8300461a502cc2.jpg","width":1100,"height":701},{"@type":"BreadcrumbList","@id":"https:\/\/racom.com.pl\/index.php\/produkt\/ugreen-kabel-optyczny-toslink-audio-cyfrowy-15m\/#breadcrumb","itemListElement":[{"@type":"ListItem","position":1,"name":"Strona g\u0142\u00f3wna","item":"https:\/\/racom.com.pl\/"},{"@type":"ListItem","position":2,"name":"Sklep","item":"https:\/\/racom.com.pl\/"},{"@type":"ListItem","position":3,"name":"UGREEN KABEL OPTYCZNY TOSLINK AUDIO CYFROWY 1,5m"}]},{"@type":"WebSite","@id":"https:\/\/racom.com.pl\/#website","url":"https:\/\/racom.com.pl\/","name":"Mix Market - Supermarket z wszystkim co potrzeba do domu i nie tylko","description":"","publisher":{"@id":"https:\/\/racom.com.pl\/#organization"},"potentialAction":[{"@type":"SearchAction","target":{"@type":"EntryPoint","urlTemplate":"https:\/\/racom.com.pl\/?s={search_term_string}"},"query-input":{"@type":"PropertyValueSpecification","valueRequired":true,"valueName":"search_term_string"}}],"inLanguage":"pl-PL"},{"@type":"Organization","@id":"https:\/\/racom.com.pl\/#organization","name":"Mix Market - Supermarket z wszystkim co potrzeba do domu i nie tylko","url":"https:\/\/racom.com.pl\/","logo":{"@type":"ImageObject","inLanguage":"pl-PL","@id":"https:\/\/racom.com.pl\/#\/schema\/logo\/image\/","url":"https:\/\/racom.com.pl\/wp-content\/uploads\/2025\/07\/mixmarket_logo.png","contentUrl":"https:\/\/racom.com.pl\/wp-content\/uploads\/2025\/07\/mixmarket_logo.png","width":1024,"height":1024,"caption":"Mix Market - Supermarket z wszystkim co potrzeba do domu i nie tylko"},"image":{"@id":"https:\/\/racom.com.pl\/#\/schema\/logo\/image\/"}}]}},"_links":{"self":[{"href":"https:\/\/racom.com.pl\/index.php\/wp-json\/wp\/v2\/product\/112","targetHints":{"allow":["GET"]}}],"collection":[{"href":"https:\/\/racom.com.pl\/index.php\/wp-json\/wp\/v2\/product"}],"about":[{"href":"https:\/\/racom.com.pl\/index.php\/wp-json\/wp\/v2\/types\/product"}],"replies":[{"embeddable":true,"href":"https:\/\/racom.com.pl\/index.php\/wp-json\/wp\/v2\/comments?post=112"}],"wp:featuredmedia":[{"embeddable":true,"href":"https:\/\/racom.com.pl\/index.php\/wp-json\/wp\/v2\/media\/118"}],"wp:attachment":[{"href":"https:\/\/racom.com.pl\/index.php\/wp-json\/wp\/v2\/media?parent=112"}],"wp:term":[{"taxonomy":"product_brand","embeddable":true,"href":"https:\/\/racom.com.pl\/index.php\/wp-json\/wp\/v2\/product_brand?post=112"},{"taxonomy":"product_cat","embeddable":true,"href":"https:\/\/racom.com.pl\/index.php\/wp-json\/wp\/v2\/product_cat?post=112"},{"taxonomy":"product_tag","embeddable":true,"href":"https:\/\/racom.com.pl\/index.php\/wp-json\/wp\/v2\/product_tag?post=112"}],"curies":[{"name":"wp","href":"https:\/\/api.w.org\/{rel}","templated":true}]}}