{"id":1153,"date":"2025-07-18T18:57:28","date_gmt":"2025-07-18T16:57:28","guid":{"rendered":"http:\/\/192.168.2.106\/index.php\/produkt\/filament-sunlu-petg-bialy-1kg-1-75mm-220-250c-56mm\/"},"modified":"2025-07-18T18:57:28","modified_gmt":"2025-07-18T16:57:28","slug":"filament-sunlu-petg-bialy-1kg-1-75mm-220-250c-56mm","status":"publish","type":"product","link":"https:\/\/racom.com.pl\/index.php\/produkt\/filament-sunlu-petg-bialy-1kg-1-75mm-220-250c-56mm\/","title":{"rendered":"Filament SUNLU PETG Bia\u0142y 1KG 1.75mm 220-250*C 56mm"},"content":{"rendered":"<h2>SUNLU PET-G 1.75mm 1kg White \/ Bia\u0142y<\/h2>\n<p><b>FILAMNET SUNLU&nbsp;<\/b><b>PETG<\/b>&nbsp;1.75 to sztywny, wytrzyma\u0142y, wydajny materia\u0142, kt\u00f3ry zapewnia doskona\u0142\u0105 czysto\u015b\u0107, przepuszczalno\u015b\u0107 \u015bwiat\u0142a i wysoki po\u0142ysk. Jest bardzo odporny na temperatury powy\u017cej 60\u00b0C.<\/p>\n<p><b>SUNLU PETG<\/b>&nbsp;jest starannie zwini\u0119ty, dzi\u0119ki doskona\u0142emu samodzielnie zaprojektowanemu urz\u0105dzeniu do nawijania. Lepszy przep\u0142yw, bez zatykania.<\/p>\n<p><b>Specyfikacja:<\/b><\/p>\n<ul>\n<li>Materia\u0142: PET-G<\/li>\n<li><b>Kolor: BIA\u0141Y WHITE<\/b><\/li>\n<li><b>Temperatura druku: 220-250\u2103<\/b><\/li>\n<li>Temperatura sto\u0142u: 75-85\u2103<\/li>\n<li>\u015arednica: 1,75mm<\/li>\n<li>Tolerancja wymiarowa: +\/-0,02mm<\/li>\n<li>Kr\u0105g\u0142o\u015b\u0107: +\/-0.02mm<\/li>\n<li>Producent:&nbsp;SUNLU<\/li>\n<li>Waga: 1kg netto (+\/- 50g)<\/li>\n<li>D\u0142ugo\u015b\u0107 filamentu: 330m<\/li>\n<li>Rozmiar szpuli:<\/li>\n<li>\u015brednica: 200mm<\/li>\n<li>szeroko\u015b\u0107 64mm<\/li>\n<li>\u015brednica otworu monta\u017cowego 56mm<\/li>\n<\/ul>\n<h2>Filament zapakowany jest w orygilane pude\u0142ko z logo firmy Sunlu co gwarantuje najwy\u017csz\u0105 jako\u015b\u0107 filamentu.<\/h2>\n<p>Nawini\u0119ty na szpuli, zapakowany pr\u00f3\u017cniowo wraz z poch\u0142aniaczem wilgoci.<\/p>\n","protected":false},"excerpt":{"rendered":"<p>SUNLU PET-G 1.75mm 1kg White \/ Bia\u0142y FILAMNET SUNLU&nbsp;PETG&nbsp;1.75 to sztywny, wytrzyma\u0142y, wydajny materia\u0142, kt\u00f3ry zapewnia doskona\u0142\u0105 czysto\u015b\u0107, przepuszczalno\u015b\u0107 \u015bwiat\u0142a i wysoki po\u0142ysk. Jest bardzo odporny na temperatury powy\u017cej 60\u00b0C. SUNLU PETG&nbsp;jest starannie zwini\u0119ty, dzi\u0119ki doskona\u0142emu samodzielnie zaprojektowanemu urz\u0105dzeniu do nawijania. Lepszy przep\u0142yw, bez zatykania. Specyfikacja: Materia\u0142: PET-G Kolor: BIA\u0141Y WHITE Temperatura druku: 220-250\u2103 Temperatura [&hellip;]<\/p>\n","protected":false},"featured_media":1157,"comment_status":"open","ping_status":"closed","template":"","meta":[],"product_brand":[],"product_cat":[35],"product_tag":[],"class_list":{"0":"post-1153","1":"product","2":"type-product","3":"status-publish","4":"has-post-thumbnail","6":"product_cat-drukarki-i-skanery","8":"first","9":"instock","10":"taxable","11":"shipping-taxable","12":"purchasable","13":"product-type-simple"},"yoast_head":"<!-- This site is optimized with the Yoast SEO plugin v27.3 - https:\/\/yoast.com\/product\/yoast-seo-wordpress\/ -->\n<title>Filament SUNLU PETG Bia\u0142y 1KG 1.75mm 220-250*C 56mm - Mix Market - Supermarket z wszystkim co potrzeba<\/title>\n<meta name=\"robots\" content=\"index, follow, max-snippet:-1, max-image-preview:large, max-video-preview:-1\" \/>\n<link rel=\"canonical\" href=\"https:\/\/racom.com.pl\/index.php\/produkt\/filament-sunlu-petg-bialy-1kg-1-75mm-220-250c-56mm\/\" \/>\n<meta property=\"og:locale\" content=\"pl_PL\" \/>\n<meta property=\"og:type\" content=\"article\" \/>\n<meta property=\"og:title\" content=\"Filament SUNLU PETG Bia\u0142y 1KG 1.75mm 220-250*C 56mm - Mix Market - Supermarket z wszystkim co potrzeba\" \/>\n<meta property=\"og:description\" content=\"SUNLU PET-G 1.75mm 1kg White \/ Bia\u0142y FILAMNET SUNLU&nbsp;PETG&nbsp;1.75 to sztywny, wytrzyma\u0142y, wydajny materia\u0142, kt\u00f3ry zapewnia doskona\u0142\u0105 czysto\u015b\u0107, przepuszczalno\u015b\u0107 \u015bwiat\u0142a i wysoki po\u0142ysk. Jest bardzo odporny na temperatury powy\u017cej 60\u00b0C. SUNLU PETG&nbsp;jest starannie zwini\u0119ty, dzi\u0119ki doskona\u0142emu samodzielnie zaprojektowanemu urz\u0105dzeniu do nawijania. Lepszy przep\u0142yw, bez zatykania. Specyfikacja: Materia\u0142: PET-G Kolor: BIA\u0141Y WHITE Temperatura druku: 220-250\u2103 Temperatura [&hellip;]\" \/>\n<meta property=\"og:url\" content=\"https:\/\/racom.com.pl\/index.php\/produkt\/filament-sunlu-petg-bialy-1kg-1-75mm-220-250c-56mm\/\" \/>\n<meta property=\"og:site_name\" content=\"Mix Market - Supermarket z wszystkim co potrzeba\" \/>\n<meta property=\"og:image\" content=\"https:\/\/racom.com.pl\/wp-content\/uploads\/2025\/07\/allegro_687a7d06c52f40.25241845_5970688849018a3a84eb7848f026.jpg\" \/>\n\t<meta property=\"og:image:width\" content=\"455\" \/>\n\t<meta property=\"og:image:height\" content=\"155\" \/>\n\t<meta property=\"og:image:type\" content=\"image\/jpeg\" \/>\n<meta name=\"twitter:card\" content=\"summary_large_image\" \/>\n<meta name=\"twitter:label1\" content=\"Szacowany czas czytania\" \/>\n\t<meta name=\"twitter:data1\" content=\"1 minuta\" \/>\n<script type=\"application\/ld+json\" class=\"yoast-schema-graph\">{\"@context\":\"https:\\\/\\\/schema.org\",\"@graph\":[{\"@type\":\"WebPage\",\"@id\":\"https:\\\/\\\/racom.com.pl\\\/index.php\\\/produkt\\\/filament-sunlu-petg-bialy-1kg-1-75mm-220-250c-56mm\\\/\",\"url\":\"https:\\\/\\\/racom.com.pl\\\/index.php\\\/produkt\\\/filament-sunlu-petg-bialy-1kg-1-75mm-220-250c-56mm\\\/\",\"name\":\"Filament SUNLU PETG Bia\u0142y 1KG 1.75mm 220-250*C 56mm - Mix Market - Supermarket z wszystkim co potrzeba\",\"isPartOf\":{\"@id\":\"https:\\\/\\\/racom.com.pl\\\/#website\"},\"primaryImageOfPage\":{\"@id\":\"https:\\\/\\\/racom.com.pl\\\/index.php\\\/produkt\\\/filament-sunlu-petg-bialy-1kg-1-75mm-220-250c-56mm\\\/#primaryimage\"},\"image\":{\"@id\":\"https:\\\/\\\/racom.com.pl\\\/index.php\\\/produkt\\\/filament-sunlu-petg-bialy-1kg-1-75mm-220-250c-56mm\\\/#primaryimage\"},\"thumbnailUrl\":\"https:\\\/\\\/racom.com.pl\\\/wp-content\\\/uploads\\\/2025\\\/07\\\/allegro_687a7d06c52f40.25241845_5970688849018a3a84eb7848f026.jpg\",\"datePublished\":\"2025-07-18T16:57:28+00:00\",\"breadcrumb\":{\"@id\":\"https:\\\/\\\/racom.com.pl\\\/index.php\\\/produkt\\\/filament-sunlu-petg-bialy-1kg-1-75mm-220-250c-56mm\\\/#breadcrumb\"},\"inLanguage\":\"pl-PL\",\"potentialAction\":[{\"@type\":\"ReadAction\",\"target\":[\"https:\\\/\\\/racom.com.pl\\\/index.php\\\/produkt\\\/filament-sunlu-petg-bialy-1kg-1-75mm-220-250c-56mm\\\/\"]}]},{\"@type\":\"ImageObject\",\"inLanguage\":\"pl-PL\",\"@id\":\"https:\\\/\\\/racom.com.pl\\\/index.php\\\/produkt\\\/filament-sunlu-petg-bialy-1kg-1-75mm-220-250c-56mm\\\/#primaryimage\",\"url\":\"https:\\\/\\\/racom.com.pl\\\/wp-content\\\/uploads\\\/2025\\\/07\\\/allegro_687a7d06c52f40.25241845_5970688849018a3a84eb7848f026.jpg\",\"contentUrl\":\"https:\\\/\\\/racom.com.pl\\\/wp-content\\\/uploads\\\/2025\\\/07\\\/allegro_687a7d06c52f40.25241845_5970688849018a3a84eb7848f026.jpg\",\"width\":455,\"height\":155},{\"@type\":\"BreadcrumbList\",\"@id\":\"https:\\\/\\\/racom.com.pl\\\/index.php\\\/produkt\\\/filament-sunlu-petg-bialy-1kg-1-75mm-220-250c-56mm\\\/#breadcrumb\",\"itemListElement\":[{\"@type\":\"ListItem\",\"position\":1,\"name\":\"Strona g\u0142\u00f3wna\",\"item\":\"https:\\\/\\\/racom.com.pl\\\/\"},{\"@type\":\"ListItem\",\"position\":2,\"name\":\"Sklep\",\"item\":\"https:\\\/\\\/racom.com.pl\\\/\"},{\"@type\":\"ListItem\",\"position\":3,\"name\":\"Filament SUNLU PETG Bia\u0142y 1KG 1.75mm 220-250*C 56mm\"}]},{\"@type\":\"WebSite\",\"@id\":\"https:\\\/\\\/racom.com.pl\\\/#website\",\"url\":\"https:\\\/\\\/racom.com.pl\\\/\",\"name\":\"Mix Market - Supermarket z wszystkim co potrzeba do domu i nie tylko\",\"description\":\"\",\"publisher\":{\"@id\":\"https:\\\/\\\/racom.com.pl\\\/#organization\"},\"potentialAction\":[{\"@type\":\"SearchAction\",\"target\":{\"@type\":\"EntryPoint\",\"urlTemplate\":\"https:\\\/\\\/racom.com.pl\\\/?s={search_term_string}\"},\"query-input\":{\"@type\":\"PropertyValueSpecification\",\"valueRequired\":true,\"valueName\":\"search_term_string\"}}],\"inLanguage\":\"pl-PL\"},{\"@type\":\"Organization\",\"@id\":\"https:\\\/\\\/racom.com.pl\\\/#organization\",\"name\":\"Mix Market - Supermarket z wszystkim co potrzeba do domu i nie tylko\",\"url\":\"https:\\\/\\\/racom.com.pl\\\/\",\"logo\":{\"@type\":\"ImageObject\",\"inLanguage\":\"pl-PL\",\"@id\":\"https:\\\/\\\/racom.com.pl\\\/#\\\/schema\\\/logo\\\/image\\\/\",\"url\":\"https:\\\/\\\/racom.com.pl\\\/wp-content\\\/uploads\\\/2025\\\/07\\\/mixmarket_logo.png\",\"contentUrl\":\"https:\\\/\\\/racom.com.pl\\\/wp-content\\\/uploads\\\/2025\\\/07\\\/mixmarket_logo.png\",\"width\":1024,\"height\":1024,\"caption\":\"Mix Market - Supermarket z wszystkim co potrzeba do domu i nie tylko\"},\"image\":{\"@id\":\"https:\\\/\\\/racom.com.pl\\\/#\\\/schema\\\/logo\\\/image\\\/\"}}]}<\/script>\n<!-- \/ Yoast SEO plugin. -->","yoast_head_json":{"title":"Filament SUNLU PETG Bia\u0142y 1KG 1.75mm 220-250*C 56mm - Mix Market - Supermarket z wszystkim co potrzeba","robots":{"index":"index","follow":"follow","max-snippet":"max-snippet:-1","max-image-preview":"max-image-preview:large","max-video-preview":"max-video-preview:-1"},"canonical":"https:\/\/racom.com.pl\/index.php\/produkt\/filament-sunlu-petg-bialy-1kg-1-75mm-220-250c-56mm\/","og_locale":"pl_PL","og_type":"article","og_title":"Filament SUNLU PETG Bia\u0142y 1KG 1.75mm 220-250*C 56mm - Mix Market - Supermarket z wszystkim co potrzeba","og_description":"SUNLU PET-G 1.75mm 1kg White \/ Bia\u0142y FILAMNET SUNLU&nbsp;PETG&nbsp;1.75 to sztywny, wytrzyma\u0142y, wydajny materia\u0142, kt\u00f3ry zapewnia doskona\u0142\u0105 czysto\u015b\u0107, przepuszczalno\u015b\u0107 \u015bwiat\u0142a i wysoki po\u0142ysk. Jest bardzo odporny na temperatury powy\u017cej 60\u00b0C. SUNLU PETG&nbsp;jest starannie zwini\u0119ty, dzi\u0119ki doskona\u0142emu samodzielnie zaprojektowanemu urz\u0105dzeniu do nawijania. Lepszy przep\u0142yw, bez zatykania. Specyfikacja: Materia\u0142: PET-G Kolor: BIA\u0141Y WHITE Temperatura druku: 220-250\u2103 Temperatura [&hellip;]","og_url":"https:\/\/racom.com.pl\/index.php\/produkt\/filament-sunlu-petg-bialy-1kg-1-75mm-220-250c-56mm\/","og_site_name":"Mix Market - Supermarket z wszystkim co potrzeba","og_image":[{"width":455,"height":155,"url":"https:\/\/racom.com.pl\/wp-content\/uploads\/2025\/07\/allegro_687a7d06c52f40.25241845_5970688849018a3a84eb7848f026.jpg","type":"image\/jpeg"}],"twitter_card":"summary_large_image","twitter_misc":{"Szacowany czas czytania":"1 minuta"},"schema":{"@context":"https:\/\/schema.org","@graph":[{"@type":"WebPage","@id":"https:\/\/racom.com.pl\/index.php\/produkt\/filament-sunlu-petg-bialy-1kg-1-75mm-220-250c-56mm\/","url":"https:\/\/racom.com.pl\/index.php\/produkt\/filament-sunlu-petg-bialy-1kg-1-75mm-220-250c-56mm\/","name":"Filament SUNLU PETG Bia\u0142y 1KG 1.75mm 220-250*C 56mm - Mix Market - Supermarket z wszystkim co potrzeba","isPartOf":{"@id":"https:\/\/racom.com.pl\/#website"},"primaryImageOfPage":{"@id":"https:\/\/racom.com.pl\/index.php\/produkt\/filament-sunlu-petg-bialy-1kg-1-75mm-220-250c-56mm\/#primaryimage"},"image":{"@id":"https:\/\/racom.com.pl\/index.php\/produkt\/filament-sunlu-petg-bialy-1kg-1-75mm-220-250c-56mm\/#primaryimage"},"thumbnailUrl":"https:\/\/racom.com.pl\/wp-content\/uploads\/2025\/07\/allegro_687a7d06c52f40.25241845_5970688849018a3a84eb7848f026.jpg","datePublished":"2025-07-18T16:57:28+00:00","breadcrumb":{"@id":"https:\/\/racom.com.pl\/index.php\/produkt\/filament-sunlu-petg-bialy-1kg-1-75mm-220-250c-56mm\/#breadcrumb"},"inLanguage":"pl-PL","potentialAction":[{"@type":"ReadAction","target":["https:\/\/racom.com.pl\/index.php\/produkt\/filament-sunlu-petg-bialy-1kg-1-75mm-220-250c-56mm\/"]}]},{"@type":"ImageObject","inLanguage":"pl-PL","@id":"https:\/\/racom.com.pl\/index.php\/produkt\/filament-sunlu-petg-bialy-1kg-1-75mm-220-250c-56mm\/#primaryimage","url":"https:\/\/racom.com.pl\/wp-content\/uploads\/2025\/07\/allegro_687a7d06c52f40.25241845_5970688849018a3a84eb7848f026.jpg","contentUrl":"https:\/\/racom.com.pl\/wp-content\/uploads\/2025\/07\/allegro_687a7d06c52f40.25241845_5970688849018a3a84eb7848f026.jpg","width":455,"height":155},{"@type":"BreadcrumbList","@id":"https:\/\/racom.com.pl\/index.php\/produkt\/filament-sunlu-petg-bialy-1kg-1-75mm-220-250c-56mm\/#breadcrumb","itemListElement":[{"@type":"ListItem","position":1,"name":"Strona g\u0142\u00f3wna","item":"https:\/\/racom.com.pl\/"},{"@type":"ListItem","position":2,"name":"Sklep","item":"https:\/\/racom.com.pl\/"},{"@type":"ListItem","position":3,"name":"Filament SUNLU PETG Bia\u0142y 1KG 1.75mm 220-250*C 56mm"}]},{"@type":"WebSite","@id":"https:\/\/racom.com.pl\/#website","url":"https:\/\/racom.com.pl\/","name":"Mix Market - Supermarket z wszystkim co potrzeba do domu i nie tylko","description":"","publisher":{"@id":"https:\/\/racom.com.pl\/#organization"},"potentialAction":[{"@type":"SearchAction","target":{"@type":"EntryPoint","urlTemplate":"https:\/\/racom.com.pl\/?s={search_term_string}"},"query-input":{"@type":"PropertyValueSpecification","valueRequired":true,"valueName":"search_term_string"}}],"inLanguage":"pl-PL"},{"@type":"Organization","@id":"https:\/\/racom.com.pl\/#organization","name":"Mix Market - Supermarket z wszystkim co potrzeba do domu i nie tylko","url":"https:\/\/racom.com.pl\/","logo":{"@type":"ImageObject","inLanguage":"pl-PL","@id":"https:\/\/racom.com.pl\/#\/schema\/logo\/image\/","url":"https:\/\/racom.com.pl\/wp-content\/uploads\/2025\/07\/mixmarket_logo.png","contentUrl":"https:\/\/racom.com.pl\/wp-content\/uploads\/2025\/07\/mixmarket_logo.png","width":1024,"height":1024,"caption":"Mix Market - Supermarket z wszystkim co potrzeba do domu i nie tylko"},"image":{"@id":"https:\/\/racom.com.pl\/#\/schema\/logo\/image\/"}}]}},"_links":{"self":[{"href":"https:\/\/racom.com.pl\/index.php\/wp-json\/wp\/v2\/product\/1153","targetHints":{"allow":["GET"]}}],"collection":[{"href":"https:\/\/racom.com.pl\/index.php\/wp-json\/wp\/v2\/product"}],"about":[{"href":"https:\/\/racom.com.pl\/index.php\/wp-json\/wp\/v2\/types\/product"}],"replies":[{"embeddable":true,"href":"https:\/\/racom.com.pl\/index.php\/wp-json\/wp\/v2\/comments?post=1153"}],"wp:featuredmedia":[{"embeddable":true,"href":"https:\/\/racom.com.pl\/index.php\/wp-json\/wp\/v2\/media\/1157"}],"wp:attachment":[{"href":"https:\/\/racom.com.pl\/index.php\/wp-json\/wp\/v2\/media?parent=1153"}],"wp:term":[{"taxonomy":"product_brand","embeddable":true,"href":"https:\/\/racom.com.pl\/index.php\/wp-json\/wp\/v2\/product_brand?post=1153"},{"taxonomy":"product_cat","embeddable":true,"href":"https:\/\/racom.com.pl\/index.php\/wp-json\/wp\/v2\/product_cat?post=1153"},{"taxonomy":"product_tag","embeddable":true,"href":"https:\/\/racom.com.pl\/index.php\/wp-json\/wp\/v2\/product_tag?post=1153"}],"curies":[{"name":"wp","href":"https:\/\/api.w.org\/{rel}","templated":true}]}}