{"id":1168,"date":"2025-07-18T18:58:09","date_gmt":"2025-07-18T16:58:09","guid":{"rendered":"http:\/\/192.168.2.106\/index.php\/produkt\/toner-12x-q2612x-xl-do-hp-1010-1015-1018-1020-1022-3000-stron\/"},"modified":"2025-07-18T18:58:09","modified_gmt":"2025-07-18T16:58:09","slug":"toner-12x-q2612x-xl-do-hp-1010-1015-1018-1020-1022-3000-stron","status":"publish","type":"product","link":"https:\/\/racom.com.pl\/index.php\/produkt\/toner-12x-q2612x-xl-do-hp-1010-1015-1018-1020-1022-3000-stron\/","title":{"rendered":"Toner 12X Q2612X XL do HP 1010 1015 1018 1020 1022 \/ 3000-stron"},"content":{"rendered":"<h2>Toner do HP 12X Q2612X FX9 FX10 104<\/h2>\n<h2>LaserJet 1010 1012 1015 1018 1020 1022<\/h2>\n<ul>\n<li>Zamiennik\/Orygina\u0142: Zamiennik<\/li>\n<li>Stan: <b>Nowy<\/b><\/li>\n<li>Do drukarek: HP<\/li>\n<li>Typ: HT-Q2612X\/FX9\/FX10\/104 BK*E(3000)<\/li>\n<li><b>Kolor: Kolor: czarny (black)<\/b><\/li>\n<li>Wydajno\u015b\u0107 (przy 5% pokryciu strony A4): <b>3000 stron<\/b><\/li>\n<li>Technologia druku: laserowa<\/li>\n<\/ul>\n<p><b>Kompatybilne urz\u0105dzenia:<\/b><\/p>\n<ul>\n<li>HP LaserJet 1010<\/li>\n<li>HP LaserJet 1012<\/li>\n<li>HP LaserJet 1015<\/li>\n<li>HP LaserJet 1018<\/li>\n<li>HP LaserJet 1022<\/li>\n<li>HP LaserJet 1022N<\/li>\n<li>HP LaserJet 1022NW<\/li>\n<li>HP LaserJet 1020<\/li>\n<li>HP LaserJet 3015MFP<\/li>\n<li>HP LaserJet 3020MFP<\/li>\n<li>HP LaserJet 3030MFP<\/li>\n<li>HP LaserJet 3050MFP<\/li>\n<li>HP LaserJet 3052MFP<\/li>\n<li>HP LaserJet 3055MFP<\/li>\n<li>HP LaserJet 3050Z<\/li>\n<li>HP LaserJet M1005MFP<\/li>\n<li>Canon Fax L-100<\/li>\n<li>Canon Fax L-120<\/li>\n<li>Canon FaxPHONE 120<\/li>\n<li>Canon FaxPHONE MF4150<\/li>\n<li>Canon FAX L905A<\/li>\n<li>Canon I-Sensys 4120<\/li>\n<li>Canon I-Sensys 4130<\/li>\n<li>Canon I-Sensys 4140<\/li>\n<li>Canon I-Sensys 4270<\/li>\n<li>Canon I-Sensys 4150MF<\/li>\n<li>Canon I-Sensys 4660<\/li>\n<li>Canon I-Sensys 4370<\/li>\n<li>Canon I-Sensys 4370<\/li>\n<li>Canon I-Sensys 4350D<\/li>\n<li>Canon I-Sensys 4350D PL<\/li>\n<li>Canon I-Sensys MF4690PL<\/li>\n<li>Canon LBP-2900<\/li>\n<li>Canon LBP-2900B<\/li>\n<li>Canon 3000 M1005 M1319F<\/li>\n<\/ul>\n","protected":false},"excerpt":{"rendered":"<p>Toner do HP 12X Q2612X FX9 FX10 104 LaserJet 1010 1012 1015 1018 1020 1022 Zamiennik\/Orygina\u0142: Zamiennik Stan: Nowy Do drukarek: HP Typ: HT-Q2612X\/FX9\/FX10\/104 BK*E(3000) Kolor: Kolor: czarny (black) Wydajno\u015b\u0107 (przy 5% pokryciu strony A4): 3000 stron Technologia druku: laserowa Kompatybilne urz\u0105dzenia: HP LaserJet 1010 HP LaserJet 1012 HP LaserJet 1015 HP LaserJet 1018 HP [&hellip;]<\/p>\n","protected":false},"featured_media":1171,"comment_status":"open","ping_status":"closed","template":"","meta":[],"product_brand":[],"product_cat":[35],"product_tag":[],"class_list":{"0":"post-1168","1":"product","2":"type-product","3":"status-publish","4":"has-post-thumbnail","6":"product_cat-drukarki-i-skanery","8":"first","9":"instock","10":"taxable","11":"shipping-taxable","12":"purchasable","13":"product-type-simple"},"yoast_head":"<!-- This site is optimized with the Yoast SEO plugin v27.3 - https:\/\/yoast.com\/product\/yoast-seo-wordpress\/ -->\n<title>Toner 12X Q2612X XL do HP 1010 1015 1018 1020 1022 \/ 3000-stron - Mix Market - Supermarket z wszystkim co potrzeba<\/title>\n<meta name=\"robots\" content=\"index, follow, max-snippet:-1, max-image-preview:large, max-video-preview:-1\" \/>\n<link rel=\"canonical\" href=\"https:\/\/racom.com.pl\/index.php\/produkt\/toner-12x-q2612x-xl-do-hp-1010-1015-1018-1020-1022-3000-stron\/\" \/>\n<meta property=\"og:locale\" content=\"pl_PL\" \/>\n<meta property=\"og:type\" content=\"article\" \/>\n<meta property=\"og:title\" content=\"Toner 12X Q2612X XL do HP 1010 1015 1018 1020 1022 \/ 3000-stron - Mix Market - Supermarket z wszystkim co potrzeba\" \/>\n<meta property=\"og:description\" content=\"Toner do HP 12X Q2612X FX9 FX10 104 LaserJet 1010 1012 1015 1018 1020 1022 Zamiennik\/Orygina\u0142: Zamiennik Stan: Nowy Do drukarek: HP Typ: HT-Q2612X\/FX9\/FX10\/104 BK*E(3000) Kolor: Kolor: czarny (black) Wydajno\u015b\u0107 (przy 5% pokryciu strony A4): 3000 stron Technologia druku: laserowa Kompatybilne urz\u0105dzenia: HP LaserJet 1010 HP LaserJet 1012 HP LaserJet 1015 HP LaserJet 1018 HP [&hellip;]\" \/>\n<meta property=\"og:url\" content=\"https:\/\/racom.com.pl\/index.php\/produkt\/toner-12x-q2612x-xl-do-hp-1010-1015-1018-1020-1022-3000-stron\/\" \/>\n<meta property=\"og:site_name\" content=\"Mix Market - Supermarket z wszystkim co potrzeba\" \/>\n<meta property=\"og:image\" content=\"https:\/\/racom.com.pl\/wp-content\/uploads\/2025\/07\/allegro_687a7d28e44407.65195039_eaf37d7b4ac1a32b76564967c031.jpg\" \/>\n\t<meta property=\"og:image:width\" content=\"487\" \/>\n\t<meta property=\"og:image:height\" content=\"302\" \/>\n\t<meta property=\"og:image:type\" content=\"image\/jpeg\" \/>\n<meta name=\"twitter:card\" content=\"summary_large_image\" \/>\n<meta name=\"twitter:label1\" content=\"Szacowany czas czytania\" \/>\n\t<meta name=\"twitter:data1\" content=\"1 minuta\" \/>\n<script type=\"application\/ld+json\" class=\"yoast-schema-graph\">{\"@context\":\"https:\\\/\\\/schema.org\",\"@graph\":[{\"@type\":\"WebPage\",\"@id\":\"https:\\\/\\\/racom.com.pl\\\/index.php\\\/produkt\\\/toner-12x-q2612x-xl-do-hp-1010-1015-1018-1020-1022-3000-stron\\\/\",\"url\":\"https:\\\/\\\/racom.com.pl\\\/index.php\\\/produkt\\\/toner-12x-q2612x-xl-do-hp-1010-1015-1018-1020-1022-3000-stron\\\/\",\"name\":\"Toner 12X Q2612X XL do HP 1010 1015 1018 1020 1022 \\\/ 3000-stron - Mix Market - Supermarket z wszystkim co potrzeba\",\"isPartOf\":{\"@id\":\"https:\\\/\\\/racom.com.pl\\\/#website\"},\"primaryImageOfPage\":{\"@id\":\"https:\\\/\\\/racom.com.pl\\\/index.php\\\/produkt\\\/toner-12x-q2612x-xl-do-hp-1010-1015-1018-1020-1022-3000-stron\\\/#primaryimage\"},\"image\":{\"@id\":\"https:\\\/\\\/racom.com.pl\\\/index.php\\\/produkt\\\/toner-12x-q2612x-xl-do-hp-1010-1015-1018-1020-1022-3000-stron\\\/#primaryimage\"},\"thumbnailUrl\":\"https:\\\/\\\/racom.com.pl\\\/wp-content\\\/uploads\\\/2025\\\/07\\\/allegro_687a7d28e44407.65195039_eaf37d7b4ac1a32b76564967c031.jpg\",\"datePublished\":\"2025-07-18T16:58:09+00:00\",\"breadcrumb\":{\"@id\":\"https:\\\/\\\/racom.com.pl\\\/index.php\\\/produkt\\\/toner-12x-q2612x-xl-do-hp-1010-1015-1018-1020-1022-3000-stron\\\/#breadcrumb\"},\"inLanguage\":\"pl-PL\",\"potentialAction\":[{\"@type\":\"ReadAction\",\"target\":[\"https:\\\/\\\/racom.com.pl\\\/index.php\\\/produkt\\\/toner-12x-q2612x-xl-do-hp-1010-1015-1018-1020-1022-3000-stron\\\/\"]}]},{\"@type\":\"ImageObject\",\"inLanguage\":\"pl-PL\",\"@id\":\"https:\\\/\\\/racom.com.pl\\\/index.php\\\/produkt\\\/toner-12x-q2612x-xl-do-hp-1010-1015-1018-1020-1022-3000-stron\\\/#primaryimage\",\"url\":\"https:\\\/\\\/racom.com.pl\\\/wp-content\\\/uploads\\\/2025\\\/07\\\/allegro_687a7d28e44407.65195039_eaf37d7b4ac1a32b76564967c031.jpg\",\"contentUrl\":\"https:\\\/\\\/racom.com.pl\\\/wp-content\\\/uploads\\\/2025\\\/07\\\/allegro_687a7d28e44407.65195039_eaf37d7b4ac1a32b76564967c031.jpg\",\"width\":487,\"height\":302},{\"@type\":\"BreadcrumbList\",\"@id\":\"https:\\\/\\\/racom.com.pl\\\/index.php\\\/produkt\\\/toner-12x-q2612x-xl-do-hp-1010-1015-1018-1020-1022-3000-stron\\\/#breadcrumb\",\"itemListElement\":[{\"@type\":\"ListItem\",\"position\":1,\"name\":\"Strona g\u0142\u00f3wna\",\"item\":\"https:\\\/\\\/racom.com.pl\\\/\"},{\"@type\":\"ListItem\",\"position\":2,\"name\":\"Sklep\",\"item\":\"https:\\\/\\\/racom.com.pl\\\/\"},{\"@type\":\"ListItem\",\"position\":3,\"name\":\"Toner 12X Q2612X XL do HP 1010 1015 1018 1020 1022 \\\/ 3000-stron\"}]},{\"@type\":\"WebSite\",\"@id\":\"https:\\\/\\\/racom.com.pl\\\/#website\",\"url\":\"https:\\\/\\\/racom.com.pl\\\/\",\"name\":\"Mix Market - Supermarket z wszystkim co potrzeba do domu i nie tylko\",\"description\":\"\",\"publisher\":{\"@id\":\"https:\\\/\\\/racom.com.pl\\\/#organization\"},\"potentialAction\":[{\"@type\":\"SearchAction\",\"target\":{\"@type\":\"EntryPoint\",\"urlTemplate\":\"https:\\\/\\\/racom.com.pl\\\/?s={search_term_string}\"},\"query-input\":{\"@type\":\"PropertyValueSpecification\",\"valueRequired\":true,\"valueName\":\"search_term_string\"}}],\"inLanguage\":\"pl-PL\"},{\"@type\":\"Organization\",\"@id\":\"https:\\\/\\\/racom.com.pl\\\/#organization\",\"name\":\"Mix Market - Supermarket z wszystkim co potrzeba do domu i nie tylko\",\"url\":\"https:\\\/\\\/racom.com.pl\\\/\",\"logo\":{\"@type\":\"ImageObject\",\"inLanguage\":\"pl-PL\",\"@id\":\"https:\\\/\\\/racom.com.pl\\\/#\\\/schema\\\/logo\\\/image\\\/\",\"url\":\"https:\\\/\\\/racom.com.pl\\\/wp-content\\\/uploads\\\/2025\\\/07\\\/mixmarket_logo.png\",\"contentUrl\":\"https:\\\/\\\/racom.com.pl\\\/wp-content\\\/uploads\\\/2025\\\/07\\\/mixmarket_logo.png\",\"width\":1024,\"height\":1024,\"caption\":\"Mix Market - Supermarket z wszystkim co potrzeba do domu i nie tylko\"},\"image\":{\"@id\":\"https:\\\/\\\/racom.com.pl\\\/#\\\/schema\\\/logo\\\/image\\\/\"}}]}<\/script>\n<!-- \/ Yoast SEO plugin. -->","yoast_head_json":{"title":"Toner 12X Q2612X XL do HP 1010 1015 1018 1020 1022 \/ 3000-stron - Mix Market - Supermarket z wszystkim co potrzeba","robots":{"index":"index","follow":"follow","max-snippet":"max-snippet:-1","max-image-preview":"max-image-preview:large","max-video-preview":"max-video-preview:-1"},"canonical":"https:\/\/racom.com.pl\/index.php\/produkt\/toner-12x-q2612x-xl-do-hp-1010-1015-1018-1020-1022-3000-stron\/","og_locale":"pl_PL","og_type":"article","og_title":"Toner 12X Q2612X XL do HP 1010 1015 1018 1020 1022 \/ 3000-stron - Mix Market - Supermarket z wszystkim co potrzeba","og_description":"Toner do HP 12X Q2612X FX9 FX10 104 LaserJet 1010 1012 1015 1018 1020 1022 Zamiennik\/Orygina\u0142: Zamiennik Stan: Nowy Do drukarek: HP Typ: HT-Q2612X\/FX9\/FX10\/104 BK*E(3000) Kolor: Kolor: czarny (black) Wydajno\u015b\u0107 (przy 5% pokryciu strony A4): 3000 stron Technologia druku: laserowa Kompatybilne urz\u0105dzenia: HP LaserJet 1010 HP LaserJet 1012 HP LaserJet 1015 HP LaserJet 1018 HP [&hellip;]","og_url":"https:\/\/racom.com.pl\/index.php\/produkt\/toner-12x-q2612x-xl-do-hp-1010-1015-1018-1020-1022-3000-stron\/","og_site_name":"Mix Market - Supermarket z wszystkim co potrzeba","og_image":[{"width":487,"height":302,"url":"https:\/\/racom.com.pl\/wp-content\/uploads\/2025\/07\/allegro_687a7d28e44407.65195039_eaf37d7b4ac1a32b76564967c031.jpg","type":"image\/jpeg"}],"twitter_card":"summary_large_image","twitter_misc":{"Szacowany czas czytania":"1 minuta"},"schema":{"@context":"https:\/\/schema.org","@graph":[{"@type":"WebPage","@id":"https:\/\/racom.com.pl\/index.php\/produkt\/toner-12x-q2612x-xl-do-hp-1010-1015-1018-1020-1022-3000-stron\/","url":"https:\/\/racom.com.pl\/index.php\/produkt\/toner-12x-q2612x-xl-do-hp-1010-1015-1018-1020-1022-3000-stron\/","name":"Toner 12X Q2612X XL do HP 1010 1015 1018 1020 1022 \/ 3000-stron - Mix Market - Supermarket z wszystkim co potrzeba","isPartOf":{"@id":"https:\/\/racom.com.pl\/#website"},"primaryImageOfPage":{"@id":"https:\/\/racom.com.pl\/index.php\/produkt\/toner-12x-q2612x-xl-do-hp-1010-1015-1018-1020-1022-3000-stron\/#primaryimage"},"image":{"@id":"https:\/\/racom.com.pl\/index.php\/produkt\/toner-12x-q2612x-xl-do-hp-1010-1015-1018-1020-1022-3000-stron\/#primaryimage"},"thumbnailUrl":"https:\/\/racom.com.pl\/wp-content\/uploads\/2025\/07\/allegro_687a7d28e44407.65195039_eaf37d7b4ac1a32b76564967c031.jpg","datePublished":"2025-07-18T16:58:09+00:00","breadcrumb":{"@id":"https:\/\/racom.com.pl\/index.php\/produkt\/toner-12x-q2612x-xl-do-hp-1010-1015-1018-1020-1022-3000-stron\/#breadcrumb"},"inLanguage":"pl-PL","potentialAction":[{"@type":"ReadAction","target":["https:\/\/racom.com.pl\/index.php\/produkt\/toner-12x-q2612x-xl-do-hp-1010-1015-1018-1020-1022-3000-stron\/"]}]},{"@type":"ImageObject","inLanguage":"pl-PL","@id":"https:\/\/racom.com.pl\/index.php\/produkt\/toner-12x-q2612x-xl-do-hp-1010-1015-1018-1020-1022-3000-stron\/#primaryimage","url":"https:\/\/racom.com.pl\/wp-content\/uploads\/2025\/07\/allegro_687a7d28e44407.65195039_eaf37d7b4ac1a32b76564967c031.jpg","contentUrl":"https:\/\/racom.com.pl\/wp-content\/uploads\/2025\/07\/allegro_687a7d28e44407.65195039_eaf37d7b4ac1a32b76564967c031.jpg","width":487,"height":302},{"@type":"BreadcrumbList","@id":"https:\/\/racom.com.pl\/index.php\/produkt\/toner-12x-q2612x-xl-do-hp-1010-1015-1018-1020-1022-3000-stron\/#breadcrumb","itemListElement":[{"@type":"ListItem","position":1,"name":"Strona g\u0142\u00f3wna","item":"https:\/\/racom.com.pl\/"},{"@type":"ListItem","position":2,"name":"Sklep","item":"https:\/\/racom.com.pl\/"},{"@type":"ListItem","position":3,"name":"Toner 12X Q2612X XL do HP 1010 1015 1018 1020 1022 \/ 3000-stron"}]},{"@type":"WebSite","@id":"https:\/\/racom.com.pl\/#website","url":"https:\/\/racom.com.pl\/","name":"Mix Market - Supermarket z wszystkim co potrzeba do domu i nie tylko","description":"","publisher":{"@id":"https:\/\/racom.com.pl\/#organization"},"potentialAction":[{"@type":"SearchAction","target":{"@type":"EntryPoint","urlTemplate":"https:\/\/racom.com.pl\/?s={search_term_string}"},"query-input":{"@type":"PropertyValueSpecification","valueRequired":true,"valueName":"search_term_string"}}],"inLanguage":"pl-PL"},{"@type":"Organization","@id":"https:\/\/racom.com.pl\/#organization","name":"Mix Market - Supermarket z wszystkim co potrzeba do domu i nie tylko","url":"https:\/\/racom.com.pl\/","logo":{"@type":"ImageObject","inLanguage":"pl-PL","@id":"https:\/\/racom.com.pl\/#\/schema\/logo\/image\/","url":"https:\/\/racom.com.pl\/wp-content\/uploads\/2025\/07\/mixmarket_logo.png","contentUrl":"https:\/\/racom.com.pl\/wp-content\/uploads\/2025\/07\/mixmarket_logo.png","width":1024,"height":1024,"caption":"Mix Market - Supermarket z wszystkim co potrzeba do domu i nie tylko"},"image":{"@id":"https:\/\/racom.com.pl\/#\/schema\/logo\/image\/"}}]}},"_links":{"self":[{"href":"https:\/\/racom.com.pl\/index.php\/wp-json\/wp\/v2\/product\/1168","targetHints":{"allow":["GET"]}}],"collection":[{"href":"https:\/\/racom.com.pl\/index.php\/wp-json\/wp\/v2\/product"}],"about":[{"href":"https:\/\/racom.com.pl\/index.php\/wp-json\/wp\/v2\/types\/product"}],"replies":[{"embeddable":true,"href":"https:\/\/racom.com.pl\/index.php\/wp-json\/wp\/v2\/comments?post=1168"}],"wp:featuredmedia":[{"embeddable":true,"href":"https:\/\/racom.com.pl\/index.php\/wp-json\/wp\/v2\/media\/1171"}],"wp:attachment":[{"href":"https:\/\/racom.com.pl\/index.php\/wp-json\/wp\/v2\/media?parent=1168"}],"wp:term":[{"taxonomy":"product_brand","embeddable":true,"href":"https:\/\/racom.com.pl\/index.php\/wp-json\/wp\/v2\/product_brand?post=1168"},{"taxonomy":"product_cat","embeddable":true,"href":"https:\/\/racom.com.pl\/index.php\/wp-json\/wp\/v2\/product_cat?post=1168"},{"taxonomy":"product_tag","embeddable":true,"href":"https:\/\/racom.com.pl\/index.php\/wp-json\/wp\/v2\/product_tag?post=1168"}],"curies":[{"name":"wp","href":"https:\/\/api.w.org\/{rel}","templated":true}]}}