{"id":1179,"date":"2025-07-18T18:58:44","date_gmt":"2025-07-18T16:58:44","guid":{"rendered":"http:\/\/192.168.2.106\/index.php\/produkt\/urzadzenie-wielofunkcyjne-brother-dcp-l2660dw-adf-duplex-wifi\/"},"modified":"2025-07-18T18:58:44","modified_gmt":"2025-07-18T16:58:44","slug":"urzadzenie-wielofunkcyjne-brother-dcp-l2660dw-adf-duplex-wifi","status":"publish","type":"product","link":"https:\/\/racom.com.pl\/index.php\/produkt\/urzadzenie-wielofunkcyjne-brother-dcp-l2660dw-adf-duplex-wifi\/","title":{"rendered":"Urz\u0105dzenie wielofunkcyjne Brother DCP-L2660DW ADF Duplex WIFI"},"content":{"rendered":"<h2>Urz\u0105dzenie wielofunkcyjne Brother DCP-L2660DW ADF Duplex WIFI<\/h2>\n<p><b>Producent<\/b>: Brother<\/p>\n<p><b>Model<\/b>: DCP-L2660DW.<\/p>\n<p><b>Technologia druku<\/b>: Laser<\/p>\n<p><b>Drukowanie<\/b>: Drukowanie mono<\/p>\n<p><b>Maksymalna rozdzielczo\u015b\u0107<\/b>: 1200 x 1200 DPI.<\/p>\n<p><b>Kopiowanie<\/b>: Kopiowanie mono<\/p>\n<p><b>Maksymalna rozdzielczo\u015b\u0107 kopiowania<\/b>: 600 x 600 DPI.<\/p>\n<p><b>Funkcja duplex<\/b>: Tak<\/p>\n<p><b>Funkcja ADF (automatyczny podajnik)<\/b>: Tak<\/p>\n<p><b>Maksymalny rozmiar papieru ISO (seria A):<\/b> A4<\/p>\n<p><b>Wi-Fi <\/b>: TAK<\/p>\n<p><b>Kolor produktu:<\/b> Czarny\/Szary<\/p>\n<p>Pracuj wydajniej z dowolnego miejsca w domu lub w biurze dzi\u0119ki \u0142atwemu w pod\u0142\u0105czeniu urz\u0105dzeniu Brother DCP-L2660DW. Ta monochromatyczna drukarka laserowa 3 w 1, wyposa\u017cona w szereg funkcji oszcz\u0119dzaj\u0105cych czas, zapewnia szybkie, bezb\u0142\u0119dne drukowanie i szybkie skanowanie, automatyczny druk dwustronny, du\u017c\u0105 pojemno\u015b\u0107 podajnika papieru i du\u017cy automatyczny podajnik dokument\u00f3w. Z \u0142atwo\u015bci\u0105 skonfigurujesz urz\u0105dzenie i pobierzesz aplikacj\u0119 Brother Mobile Connect, kt\u00f3ra umo\u017cliwia drukowanie i skanowanie z dowolnego miejsca.<\/p>\n<p>Drukarka DCP-L2660DW pozwala obni\u017cy\u0107 koszty drukowania dzi\u0119ki oddzielnemu modu\u0142owi b\u0119bna i tonera oraz tonerowi o wydajno\u015bci 1200 stron, kt\u00f3ry zaspokaja potrzeby w zakresie wi\u0119kszych nak\u0142ad\u00f3w druku. Toner mo\u017cna \u0142atwo wymieni\u0107 i jest dost\u0119pny toner o wysokiej wydajno\u015bci, pozwalaj\u0105cy wydrukowa\u0107 do 3000 stron, co zmniejsza koszt wydruku strony i cz\u0119stotliwo\u015b\u0107 wymiany.<\/p>\n<p><b>G\u0142owne informacje o produkcie:<\/b><\/p>\n<ul>\n<li><b>Typ drukowania:<\/b> Mono<\/li>\n<li><b>Ekran:<\/b> Dotykowy kolorowy<\/li>\n<li><b>Wielko\u015b\u0107 ekranu:<\/b> 6.8cm<\/li>\n<li><b>Maksymalny format papieru:<\/b> A4<\/li>\n<li><b>Pami\u0119\u0107 wbudowana:<\/b> 256MB<\/li>\n<li><b>Technologia druku:<\/b> Laser<\/li>\n<\/ul>\n<p><b>\u0141\u0105czno\u015b\u0107<\/b><\/p>\n<ul>\n<li><b>Po\u0142\u0105czenie:<\/b> WiFi, Przewodowe<\/li>\n<li><b>Interfejs:<\/b> Hi-Speed USB 2.0<\/li>\n<li><b>Przewodowe po\u0142\u0105czenie:<\/b> Fast Ethernet<\/li>\n<li><b>Obs\u0142uga cz\u0119stotliwo\u015bci Wi-Fi:<\/b> 2.4GHz, 5GHz<\/li>\n<\/ul>\n<p><b>Kopiowanie<\/b><\/p>\n<ul>\n<li><b>Kopiowanie dwustronne:<\/b> Nie<\/li>\n<li><b>Mono A4 pr\u0119dko\u015b\u0107 kopiowania:<\/b> 34 na minut\u0119<\/li>\n<li><b>Rozdzielczo\u015b\u0107 (mono):<\/b> do 600 x 600 dpi<\/li>\n<\/ul>\n<p><b>Wymiary urz\u0105dzenia netto:<\/b><\/p>\n<ul>\n<li><b>410 <\/b>(Szeroko\u015b\u0107) x <b>399 <\/b>(G\u0142eboko\u015b\u0107) x <b>319 <\/b>(Wysoko\u015b\u0107) mm &#8211;&nbsp;<b>11.4<\/b> kg<\/li>\n<\/ul>\n<p><b>Zasilanie i pob\u00f3r mocy:<\/b><\/p>\n<ul>\n<li><b>Pob\u00f3r mocy: <\/b>Kopiowanie: 490 W Kopiowanie w trybie cichym: 280 W Drukowanie: 470 W Drukowanie w trybie cichym: 270 W Gotowo\u015b\u0107: 43 W U\u015bpienie: 4,1 W G\u0142\u0119bokie u\u015bpienie: 0,7 W Wy\u0142\u0105czenie zasilania: 0,08 W (*13) (*23)\n<p><b>Moc d\u017awi\u0119ku<\/b>: Drukowanie: 6,63 B(A) Gotowo\u015b\u0107: Nies\u0142yszalny Tryb cichy: 6,12 B(A) G\u0142\u0119bokie u\u015bpienie: Nies\u0142yszalne (*12)<\/p>\n<p><b>Ci\u015bnienie akustyczne<\/b>: Drukowanie z komputera (mono): Ok. 49,0 dB(A) Gotowo\u015b\u0107: 30,0 dB(A) Tryb cichy: 44,0 dB(A) (*12)<\/p>\n<\/li>\n<\/ul>\n<p><b>W opakowaniu:<\/b><\/p>\n<ul>\n<li>Urz\u0105dzenie DCP-L:2660DW, Toner startowy, B\u0119ben, Kabel zasilaj\u0105cy, Podr\u0119cznik szybkiej instalacji<\/li>\n<\/ul>\n<p><b>Sie\u0107:<\/b><\/p>\n<ul>\n<li><b>Po\u0142\u0105czenie przewodowe:<\/b> Fast Ethernet (10Base-T\/100Base-TX)<\/li>\n<li><b>Zabezpieczenia sieciowe:<\/b> SMTP-AUTH, SSL\/TLS(SMTP, HTTP, IPP, FTP), SNMP v3, 802.1x (EAP-MD5, EAP-FAST, PEAP, EAP-TLS, EAP-TTLS), OAuth(SMTP, POP3, IMAP4)<\/li>\n<li><b>Sie\u0107 bezprzewodowa:<\/b> 2.4GHz: IEEE 802.11 b\/g\/n (Infrastructure Mode) IEEE 802.11 g\/n (Wi-Fi Direct) 5GHz: IEEE 802.11 a\/n (Infrastructure Mode) IEEE 802.11 a\/n (Wi-Fi Direct)<\/li>\n<li><b>Szyfrowanie:<\/b> WEP 64\/128 bit, WPA-PSK(TKIP\/AES), WPA2-PSK (TKIP\/AES), WPA3-SAE (AES), WiFi Direct supports WPA2-PSK(AES) only. SMTP-AUTH, SSL\/TLS (SMTP,HTTP,IPP,FTP), SNMP v3, 802.1x ( EAP-FAST, PEAP, EAP-TLS, EAP-TTLS), OAuth(SMTP, POP3, IMAP4)<\/li>\n<li><b>Obs\u0142uga konfiguracji bezprzewodowej:<\/b> Tak<\/li>\n<\/ul>\n<p><b>Podajnik papieru<\/b><\/p>\n<ul>\n<li><b>Wej\u015bcie papieru:<\/b> Taca standardowa 250 arkuszy Szczelina podawania r\u0119cznego 1 arkusz Automatyczny podajnik dokument\u00f3w (ADF) 50 arkuszy (*11)<\/li>\n<li><b>Wyj\u015bcie papieru:<\/b> 120 arkuszy A4 (*11)<\/li>\n<\/ul>\n<p><b>Druk<\/b><\/p>\n<ul>\n<li><b>Pr\u0119dko\u015b\u0107 druku dwustronnego<\/b> A4: 16<\/li>\n<li><b>Rozdzielczo\u015b\u0107<\/b>: do 1200 x 1200 dpi<\/li>\n<li><b>Standardowa pr\u0119dko\u015b\u0107 druku monochromatycznego A4<\/b>: 34 strony na minut\u0119<\/li>\n<li><b>Automatyczny druk dwustronny<\/b>: Tak<\/li>\n<li><b>Emulacje<\/b>: PCL6, BR-Script3, PDF wersja 1.7<\/li>\n<li><b>Czas pierwszego wydruku<\/b>: 8,5 sekundy<\/li>\n<li><b>Zalecany miesi\u0119czny nak\u0142ad<\/b>: do 2500 stron<\/li>\n<\/ul>\n<p><b>Skanowanie<\/b><\/p>\n<ul>\n<li><b>Skanowanie dwustronne:<\/b> Nie<\/li>\n<li><b>Rozdzielczo\u015b\u0107:<\/b> 1200 x 1200dpi<\/li>\n<li><b>Skanowanie do:<\/b> Standard Functions (*17) Scan to E-mail, OCR , Image, File Network Scanning (*16) Scan to FTP, FTPS, HTTPS, Sharepoint (iPrint&amp;Scan for Windows tylko)<\/li>\n<li><b>Pr\u0119dko\u015b\u0107:<\/b> 1-stronne: 22.5ipm Mono i 7.5ipm w kolorze(*3)<\/li>\n<li><b>Typ skanera:<\/b> CIS<\/li>\n<\/ul>\n<p><b>Funkcjonalno\u015b\u0107 zwi\u0105zana z bezpiecze\u0144stwem<\/b><\/p>\n<ul>\n<li><b>802.1x:<\/b> Tak<\/li>\n<li><b>Automatyczne wykrywanie w\u0142ama\u0144<\/b>: Tak<\/li>\n<li><b>Oprogramowanie sprz\u0119towe podpisane cyfrowo:<\/b> Tak<\/li>\n<li><b>IP filtr:<\/b> Tak<\/li>\n<li><b>Kontrola dost\u0119pu do sieci oparta na portach:<\/b> Tak<\/li>\n<li><b>Ograniczenie protoko\u0142u sieciowego:<\/b> Tak<\/li>\n<li><b>Bezpieczne zarz\u0105dzanie kluczami:<\/b> Tak<\/li>\n<\/ul>\n<p><b>Materia\u0142y eksploatacyjne i akcesoria<\/b><\/p>\n<ul>\n<li>Toner 1szt. 1200 stron (5%) czarny TN2510, B\u0119ben DR2510 do maksymalnie 15,000 stron<\/li>\n<\/ul>\n","protected":false},"excerpt":{"rendered":"<p>Urz\u0105dzenie wielofunkcyjne Brother DCP-L2660DW ADF Duplex WIFI Producent: Brother Model: DCP-L2660DW. Technologia druku: Laser Drukowanie: Drukowanie mono Maksymalna rozdzielczo\u015b\u0107: 1200 x 1200 DPI. Kopiowanie: Kopiowanie mono Maksymalna rozdzielczo\u015b\u0107 kopiowania: 600 x 600 DPI. Funkcja duplex: Tak Funkcja ADF (automatyczny podajnik): Tak Maksymalny rozmiar papieru ISO (seria A): A4 Wi-Fi : TAK Kolor produktu: Czarny\/Szary Pracuj [&hellip;]<\/p>\n","protected":false},"featured_media":1182,"comment_status":"open","ping_status":"closed","template":"","meta":[],"product_brand":[79],"product_cat":[35],"product_tag":[],"class_list":{"0":"post-1179","1":"product","2":"type-product","3":"status-publish","4":"has-post-thumbnail","6":"product_brand-brother","7":"product_cat-drukarki-i-skanery","9":"first","10":"instock","11":"taxable","12":"shipping-taxable","13":"purchasable","14":"product-type-simple"},"yoast_head":"<!-- This site is optimized with the Yoast SEO plugin v27.3 - https:\/\/yoast.com\/product\/yoast-seo-wordpress\/ -->\n<title>Urz\u0105dzenie wielofunkcyjne Brother DCP-L2660DW ADF Duplex WIFI - Mix Market - Supermarket z wszystkim co potrzeba<\/title>\n<meta name=\"robots\" content=\"index, follow, max-snippet:-1, max-image-preview:large, max-video-preview:-1\" \/>\n<link rel=\"canonical\" href=\"https:\/\/racom.com.pl\/index.php\/produkt\/urzadzenie-wielofunkcyjne-brother-dcp-l2660dw-adf-duplex-wifi\/\" \/>\n<meta property=\"og:locale\" content=\"pl_PL\" \/>\n<meta property=\"og:type\" content=\"article\" \/>\n<meta property=\"og:title\" content=\"Urz\u0105dzenie wielofunkcyjne Brother DCP-L2660DW ADF Duplex WIFI - Mix Market - Supermarket z wszystkim co potrzeba\" \/>\n<meta property=\"og:description\" content=\"Urz\u0105dzenie wielofunkcyjne Brother DCP-L2660DW ADF Duplex WIFI Producent: Brother Model: DCP-L2660DW. Technologia druku: Laser Drukowanie: Drukowanie mono Maksymalna rozdzielczo\u015b\u0107: 1200 x 1200 DPI. Kopiowanie: Kopiowanie mono Maksymalna rozdzielczo\u015b\u0107 kopiowania: 600 x 600 DPI. Funkcja duplex: Tak Funkcja ADF (automatyczny podajnik): Tak Maksymalny rozmiar papieru ISO (seria A): A4 Wi-Fi : TAK Kolor produktu: Czarny\/Szary Pracuj [&hellip;]\" \/>\n<meta property=\"og:url\" content=\"https:\/\/racom.com.pl\/index.php\/produkt\/urzadzenie-wielofunkcyjne-brother-dcp-l2660dw-adf-duplex-wifi\/\" \/>\n<meta property=\"og:site_name\" content=\"Mix Market - Supermarket z wszystkim co potrzeba\" \/>\n<meta property=\"og:image\" content=\"https:\/\/racom.com.pl\/wp-content\/uploads\/2025\/07\/allegro_687a7d4d9d3fa2.11303051_67cf6e044cd7b232c5bed0b253af.jpg\" \/>\n\t<meta property=\"og:image:width\" content=\"612\" \/>\n\t<meta property=\"og:image:height\" content=\"514\" \/>\n\t<meta property=\"og:image:type\" content=\"image\/jpeg\" \/>\n<meta name=\"twitter:card\" content=\"summary_large_image\" \/>\n<meta name=\"twitter:label1\" content=\"Szacowany czas czytania\" \/>\n\t<meta name=\"twitter:data1\" content=\"3 minuty\" \/>\n<script type=\"application\/ld+json\" class=\"yoast-schema-graph\">{\"@context\":\"https:\\\/\\\/schema.org\",\"@graph\":[{\"@type\":\"WebPage\",\"@id\":\"https:\\\/\\\/racom.com.pl\\\/index.php\\\/produkt\\\/urzadzenie-wielofunkcyjne-brother-dcp-l2660dw-adf-duplex-wifi\\\/\",\"url\":\"https:\\\/\\\/racom.com.pl\\\/index.php\\\/produkt\\\/urzadzenie-wielofunkcyjne-brother-dcp-l2660dw-adf-duplex-wifi\\\/\",\"name\":\"Urz\u0105dzenie wielofunkcyjne Brother DCP-L2660DW ADF Duplex WIFI - Mix Market - Supermarket z wszystkim co potrzeba\",\"isPartOf\":{\"@id\":\"https:\\\/\\\/racom.com.pl\\\/#website\"},\"primaryImageOfPage\":{\"@id\":\"https:\\\/\\\/racom.com.pl\\\/index.php\\\/produkt\\\/urzadzenie-wielofunkcyjne-brother-dcp-l2660dw-adf-duplex-wifi\\\/#primaryimage\"},\"image\":{\"@id\":\"https:\\\/\\\/racom.com.pl\\\/index.php\\\/produkt\\\/urzadzenie-wielofunkcyjne-brother-dcp-l2660dw-adf-duplex-wifi\\\/#primaryimage\"},\"thumbnailUrl\":\"https:\\\/\\\/racom.com.pl\\\/wp-content\\\/uploads\\\/2025\\\/07\\\/allegro_687a7d4d9d3fa2.11303051_67cf6e044cd7b232c5bed0b253af.jpg\",\"datePublished\":\"2025-07-18T16:58:44+00:00\",\"breadcrumb\":{\"@id\":\"https:\\\/\\\/racom.com.pl\\\/index.php\\\/produkt\\\/urzadzenie-wielofunkcyjne-brother-dcp-l2660dw-adf-duplex-wifi\\\/#breadcrumb\"},\"inLanguage\":\"pl-PL\",\"potentialAction\":[{\"@type\":\"ReadAction\",\"target\":[\"https:\\\/\\\/racom.com.pl\\\/index.php\\\/produkt\\\/urzadzenie-wielofunkcyjne-brother-dcp-l2660dw-adf-duplex-wifi\\\/\"]}]},{\"@type\":\"ImageObject\",\"inLanguage\":\"pl-PL\",\"@id\":\"https:\\\/\\\/racom.com.pl\\\/index.php\\\/produkt\\\/urzadzenie-wielofunkcyjne-brother-dcp-l2660dw-adf-duplex-wifi\\\/#primaryimage\",\"url\":\"https:\\\/\\\/racom.com.pl\\\/wp-content\\\/uploads\\\/2025\\\/07\\\/allegro_687a7d4d9d3fa2.11303051_67cf6e044cd7b232c5bed0b253af.jpg\",\"contentUrl\":\"https:\\\/\\\/racom.com.pl\\\/wp-content\\\/uploads\\\/2025\\\/07\\\/allegro_687a7d4d9d3fa2.11303051_67cf6e044cd7b232c5bed0b253af.jpg\",\"width\":612,\"height\":514},{\"@type\":\"BreadcrumbList\",\"@id\":\"https:\\\/\\\/racom.com.pl\\\/index.php\\\/produkt\\\/urzadzenie-wielofunkcyjne-brother-dcp-l2660dw-adf-duplex-wifi\\\/#breadcrumb\",\"itemListElement\":[{\"@type\":\"ListItem\",\"position\":1,\"name\":\"Strona g\u0142\u00f3wna\",\"item\":\"https:\\\/\\\/racom.com.pl\\\/\"},{\"@type\":\"ListItem\",\"position\":2,\"name\":\"Sklep\",\"item\":\"https:\\\/\\\/racom.com.pl\\\/\"},{\"@type\":\"ListItem\",\"position\":3,\"name\":\"Urz\u0105dzenie wielofunkcyjne Brother DCP-L2660DW ADF Duplex WIFI\"}]},{\"@type\":\"WebSite\",\"@id\":\"https:\\\/\\\/racom.com.pl\\\/#website\",\"url\":\"https:\\\/\\\/racom.com.pl\\\/\",\"name\":\"Mix Market - Supermarket z wszystkim co potrzeba do domu i nie tylko\",\"description\":\"\",\"publisher\":{\"@id\":\"https:\\\/\\\/racom.com.pl\\\/#organization\"},\"potentialAction\":[{\"@type\":\"SearchAction\",\"target\":{\"@type\":\"EntryPoint\",\"urlTemplate\":\"https:\\\/\\\/racom.com.pl\\\/?s={search_term_string}\"},\"query-input\":{\"@type\":\"PropertyValueSpecification\",\"valueRequired\":true,\"valueName\":\"search_term_string\"}}],\"inLanguage\":\"pl-PL\"},{\"@type\":\"Organization\",\"@id\":\"https:\\\/\\\/racom.com.pl\\\/#organization\",\"name\":\"Mix Market - Supermarket z wszystkim co potrzeba do domu i nie tylko\",\"url\":\"https:\\\/\\\/racom.com.pl\\\/\",\"logo\":{\"@type\":\"ImageObject\",\"inLanguage\":\"pl-PL\",\"@id\":\"https:\\\/\\\/racom.com.pl\\\/#\\\/schema\\\/logo\\\/image\\\/\",\"url\":\"https:\\\/\\\/racom.com.pl\\\/wp-content\\\/uploads\\\/2025\\\/07\\\/mixmarket_logo.png\",\"contentUrl\":\"https:\\\/\\\/racom.com.pl\\\/wp-content\\\/uploads\\\/2025\\\/07\\\/mixmarket_logo.png\",\"width\":1024,\"height\":1024,\"caption\":\"Mix Market - Supermarket z wszystkim co potrzeba do domu i nie tylko\"},\"image\":{\"@id\":\"https:\\\/\\\/racom.com.pl\\\/#\\\/schema\\\/logo\\\/image\\\/\"}}]}<\/script>\n<!-- \/ Yoast SEO plugin. -->","yoast_head_json":{"title":"Urz\u0105dzenie wielofunkcyjne Brother DCP-L2660DW ADF Duplex WIFI - Mix Market - Supermarket z wszystkim co potrzeba","robots":{"index":"index","follow":"follow","max-snippet":"max-snippet:-1","max-image-preview":"max-image-preview:large","max-video-preview":"max-video-preview:-1"},"canonical":"https:\/\/racom.com.pl\/index.php\/produkt\/urzadzenie-wielofunkcyjne-brother-dcp-l2660dw-adf-duplex-wifi\/","og_locale":"pl_PL","og_type":"article","og_title":"Urz\u0105dzenie wielofunkcyjne Brother DCP-L2660DW ADF Duplex WIFI - Mix Market - Supermarket z wszystkim co potrzeba","og_description":"Urz\u0105dzenie wielofunkcyjne Brother DCP-L2660DW ADF Duplex WIFI Producent: Brother Model: DCP-L2660DW. Technologia druku: Laser Drukowanie: Drukowanie mono Maksymalna rozdzielczo\u015b\u0107: 1200 x 1200 DPI. Kopiowanie: Kopiowanie mono Maksymalna rozdzielczo\u015b\u0107 kopiowania: 600 x 600 DPI. Funkcja duplex: Tak Funkcja ADF (automatyczny podajnik): Tak Maksymalny rozmiar papieru ISO (seria A): A4 Wi-Fi : TAK Kolor produktu: Czarny\/Szary Pracuj [&hellip;]","og_url":"https:\/\/racom.com.pl\/index.php\/produkt\/urzadzenie-wielofunkcyjne-brother-dcp-l2660dw-adf-duplex-wifi\/","og_site_name":"Mix Market - Supermarket z wszystkim co potrzeba","og_image":[{"width":612,"height":514,"url":"https:\/\/racom.com.pl\/wp-content\/uploads\/2025\/07\/allegro_687a7d4d9d3fa2.11303051_67cf6e044cd7b232c5bed0b253af.jpg","type":"image\/jpeg"}],"twitter_card":"summary_large_image","twitter_misc":{"Szacowany czas czytania":"3 minuty"},"schema":{"@context":"https:\/\/schema.org","@graph":[{"@type":"WebPage","@id":"https:\/\/racom.com.pl\/index.php\/produkt\/urzadzenie-wielofunkcyjne-brother-dcp-l2660dw-adf-duplex-wifi\/","url":"https:\/\/racom.com.pl\/index.php\/produkt\/urzadzenie-wielofunkcyjne-brother-dcp-l2660dw-adf-duplex-wifi\/","name":"Urz\u0105dzenie wielofunkcyjne Brother DCP-L2660DW ADF Duplex WIFI - Mix Market - Supermarket z wszystkim co potrzeba","isPartOf":{"@id":"https:\/\/racom.com.pl\/#website"},"primaryImageOfPage":{"@id":"https:\/\/racom.com.pl\/index.php\/produkt\/urzadzenie-wielofunkcyjne-brother-dcp-l2660dw-adf-duplex-wifi\/#primaryimage"},"image":{"@id":"https:\/\/racom.com.pl\/index.php\/produkt\/urzadzenie-wielofunkcyjne-brother-dcp-l2660dw-adf-duplex-wifi\/#primaryimage"},"thumbnailUrl":"https:\/\/racom.com.pl\/wp-content\/uploads\/2025\/07\/allegro_687a7d4d9d3fa2.11303051_67cf6e044cd7b232c5bed0b253af.jpg","datePublished":"2025-07-18T16:58:44+00:00","breadcrumb":{"@id":"https:\/\/racom.com.pl\/index.php\/produkt\/urzadzenie-wielofunkcyjne-brother-dcp-l2660dw-adf-duplex-wifi\/#breadcrumb"},"inLanguage":"pl-PL","potentialAction":[{"@type":"ReadAction","target":["https:\/\/racom.com.pl\/index.php\/produkt\/urzadzenie-wielofunkcyjne-brother-dcp-l2660dw-adf-duplex-wifi\/"]}]},{"@type":"ImageObject","inLanguage":"pl-PL","@id":"https:\/\/racom.com.pl\/index.php\/produkt\/urzadzenie-wielofunkcyjne-brother-dcp-l2660dw-adf-duplex-wifi\/#primaryimage","url":"https:\/\/racom.com.pl\/wp-content\/uploads\/2025\/07\/allegro_687a7d4d9d3fa2.11303051_67cf6e044cd7b232c5bed0b253af.jpg","contentUrl":"https:\/\/racom.com.pl\/wp-content\/uploads\/2025\/07\/allegro_687a7d4d9d3fa2.11303051_67cf6e044cd7b232c5bed0b253af.jpg","width":612,"height":514},{"@type":"BreadcrumbList","@id":"https:\/\/racom.com.pl\/index.php\/produkt\/urzadzenie-wielofunkcyjne-brother-dcp-l2660dw-adf-duplex-wifi\/#breadcrumb","itemListElement":[{"@type":"ListItem","position":1,"name":"Strona g\u0142\u00f3wna","item":"https:\/\/racom.com.pl\/"},{"@type":"ListItem","position":2,"name":"Sklep","item":"https:\/\/racom.com.pl\/"},{"@type":"ListItem","position":3,"name":"Urz\u0105dzenie wielofunkcyjne Brother DCP-L2660DW ADF Duplex WIFI"}]},{"@type":"WebSite","@id":"https:\/\/racom.com.pl\/#website","url":"https:\/\/racom.com.pl\/","name":"Mix Market - Supermarket z wszystkim co potrzeba do domu i nie tylko","description":"","publisher":{"@id":"https:\/\/racom.com.pl\/#organization"},"potentialAction":[{"@type":"SearchAction","target":{"@type":"EntryPoint","urlTemplate":"https:\/\/racom.com.pl\/?s={search_term_string}"},"query-input":{"@type":"PropertyValueSpecification","valueRequired":true,"valueName":"search_term_string"}}],"inLanguage":"pl-PL"},{"@type":"Organization","@id":"https:\/\/racom.com.pl\/#organization","name":"Mix Market - Supermarket z wszystkim co potrzeba do domu i nie tylko","url":"https:\/\/racom.com.pl\/","logo":{"@type":"ImageObject","inLanguage":"pl-PL","@id":"https:\/\/racom.com.pl\/#\/schema\/logo\/image\/","url":"https:\/\/racom.com.pl\/wp-content\/uploads\/2025\/07\/mixmarket_logo.png","contentUrl":"https:\/\/racom.com.pl\/wp-content\/uploads\/2025\/07\/mixmarket_logo.png","width":1024,"height":1024,"caption":"Mix Market - Supermarket z wszystkim co potrzeba do domu i nie tylko"},"image":{"@id":"https:\/\/racom.com.pl\/#\/schema\/logo\/image\/"}}]}},"_links":{"self":[{"href":"https:\/\/racom.com.pl\/index.php\/wp-json\/wp\/v2\/product\/1179","targetHints":{"allow":["GET"]}}],"collection":[{"href":"https:\/\/racom.com.pl\/index.php\/wp-json\/wp\/v2\/product"}],"about":[{"href":"https:\/\/racom.com.pl\/index.php\/wp-json\/wp\/v2\/types\/product"}],"replies":[{"embeddable":true,"href":"https:\/\/racom.com.pl\/index.php\/wp-json\/wp\/v2\/comments?post=1179"}],"wp:featuredmedia":[{"embeddable":true,"href":"https:\/\/racom.com.pl\/index.php\/wp-json\/wp\/v2\/media\/1182"}],"wp:attachment":[{"href":"https:\/\/racom.com.pl\/index.php\/wp-json\/wp\/v2\/media?parent=1179"}],"wp:term":[{"taxonomy":"product_brand","embeddable":true,"href":"https:\/\/racom.com.pl\/index.php\/wp-json\/wp\/v2\/product_brand?post=1179"},{"taxonomy":"product_cat","embeddable":true,"href":"https:\/\/racom.com.pl\/index.php\/wp-json\/wp\/v2\/product_cat?post=1179"},{"taxonomy":"product_tag","embeddable":true,"href":"https:\/\/racom.com.pl\/index.php\/wp-json\/wp\/v2\/product_tag?post=1179"}],"curies":[{"name":"wp","href":"https:\/\/api.w.org\/{rel}","templated":true}]}}