{"id":1183,"date":"2025-07-18T18:58:57","date_gmt":"2025-07-18T16:58:57","guid":{"rendered":"http:\/\/192.168.2.106\/index.php\/produkt\/groty-do-wtapiania-insertow-wkladek-gwintowanych-voron-m2-m3-m4-m5-m6-m8\/"},"modified":"2025-07-18T18:58:57","modified_gmt":"2025-07-18T16:58:57","slug":"groty-do-wtapiania-insertow-wkladek-gwintowanych-voron-m2-m3-m4-m5-m6-m8","status":"publish","type":"product","link":"https:\/\/racom.com.pl\/index.php\/produkt\/groty-do-wtapiania-insertow-wkladek-gwintowanych-voron-m2-m3-m4-m5-m6-m8\/","title":{"rendered":"GROTY DO WTAPIANIA INSERT\u00d3W WK\u0141ADEK GWINTOWANYCH VORON M2 M3 M4 M5 M6 M8"},"content":{"rendered":"<h2>Zestaw grot\u00f3w do monta\u017cu wk\u0142adek gwintowanych<\/h2>\n<p>Zestaw sk\u0142ada si\u0119 z przej\u015bci\u00f3wki do lutownicy i 6 grot\u00f3w umo\u017cliwiaj\u0105cych monta\u017c wszystkich rozmiar\u00f3w insert\u00f3w: (M2 M2,5 wsp\u00f3lne), M3, M4, M5, M6, M8.<\/p>\n<p>Groty zapewniaj\u0105 wygodne i precyzyjne wtapiania insert\u00f3w.<\/p>\n<p>Wykonane s\u0105 z mosi\u0105dzu zapewniaj\u0105cego dobr\u0105 przewodno\u015b\u0107 ciepln\u0105.<\/p>\n<p>Kod produktu: B457<\/p>\n<p>Zestaw sk\u0142ada si\u0119 z 7 element\u00f3w umieszczonych w plastikowym pude\u0142ku:<\/p>\n<ul>\n<li>przej\u015bci\u00f3wka<\/li>\n<li>grot do wtapiania&nbsp;insert\u00f3w<b> M2 i M2,5<\/b><\/li>\n<li>grot do wtapiania insert\u00f3w<b> M3<\/b><\/li>\n<li>grot do wtapiania insert\u00f3w<b> M4<\/b><\/li>\n<li>grot do wtapiania insert\u00f3w<b> M5<\/b><\/li>\n<li>grot do wtapiania insert\u00f3w<b> M6<\/b><\/li>\n<li>grot do wtapiania insert\u00f3w<b> M8<\/b><\/li>\n<\/ul>\n","protected":false},"excerpt":{"rendered":"<p>Zestaw grot\u00f3w do monta\u017cu wk\u0142adek gwintowanych Zestaw sk\u0142ada si\u0119 z przej\u015bci\u00f3wki do lutownicy i 6 grot\u00f3w umo\u017cliwiaj\u0105cych monta\u017c wszystkich rozmiar\u00f3w insert\u00f3w: (M2 M2,5 wsp\u00f3lne), M3, M4, M5, M6, M8. Groty zapewniaj\u0105 wygodne i precyzyjne wtapiania insert\u00f3w. Wykonane s\u0105 z mosi\u0105dzu zapewniaj\u0105cego dobr\u0105 przewodno\u015b\u0107 ciepln\u0105. Kod produktu: B457 Zestaw sk\u0142ada si\u0119 z 7 element\u00f3w umieszczonych w [&hellip;]<\/p>\n","protected":false},"featured_media":1188,"comment_status":"open","ping_status":"closed","template":"","meta":[],"product_brand":[],"product_cat":[35],"product_tag":[],"class_list":{"0":"post-1183","1":"product","2":"type-product","3":"status-publish","4":"has-post-thumbnail","6":"product_cat-drukarki-i-skanery","8":"first","9":"instock","10":"taxable","11":"shipping-taxable","12":"purchasable","13":"product-type-simple"},"yoast_head":"<!-- This site is optimized with the Yoast SEO plugin v27.3 - https:\/\/yoast.com\/product\/yoast-seo-wordpress\/ -->\n<title>GROTY DO WTAPIANIA INSERT\u00d3W WK\u0141ADEK GWINTOWANYCH VORON M2 M3 M4 M5 M6 M8 - Mix Market - Supermarket z wszystkim co potrzeba<\/title>\n<meta name=\"robots\" content=\"index, follow, max-snippet:-1, max-image-preview:large, max-video-preview:-1\" \/>\n<link rel=\"canonical\" href=\"https:\/\/racom.com.pl\/index.php\/produkt\/groty-do-wtapiania-insertow-wkladek-gwintowanych-voron-m2-m3-m4-m5-m6-m8\/\" \/>\n<meta property=\"og:locale\" content=\"pl_PL\" \/>\n<meta property=\"og:type\" content=\"article\" \/>\n<meta property=\"og:title\" content=\"GROTY DO WTAPIANIA INSERT\u00d3W WK\u0141ADEK GWINTOWANYCH VORON M2 M3 M4 M5 M6 M8 - Mix Market - Supermarket z wszystkim co potrzeba\" \/>\n<meta property=\"og:description\" content=\"Zestaw grot\u00f3w do monta\u017cu wk\u0142adek gwintowanych Zestaw sk\u0142ada si\u0119 z przej\u015bci\u00f3wki do lutownicy i 6 grot\u00f3w umo\u017cliwiaj\u0105cych monta\u017c wszystkich rozmiar\u00f3w insert\u00f3w: (M2 M2,5 wsp\u00f3lne), M3, M4, M5, M6, M8. Groty zapewniaj\u0105 wygodne i precyzyjne wtapiania insert\u00f3w. Wykonane s\u0105 z mosi\u0105dzu zapewniaj\u0105cego dobr\u0105 przewodno\u015b\u0107 ciepln\u0105. Kod produktu: B457 Zestaw sk\u0142ada si\u0119 z 7 element\u00f3w umieszczonych w [&hellip;]\" \/>\n<meta property=\"og:url\" content=\"https:\/\/racom.com.pl\/index.php\/produkt\/groty-do-wtapiania-insertow-wkladek-gwintowanych-voron-m2-m3-m4-m5-m6-m8\/\" \/>\n<meta property=\"og:site_name\" content=\"Mix Market - Supermarket z wszystkim co potrzeba\" \/>\n<meta property=\"og:image\" content=\"https:\/\/racom.com.pl\/wp-content\/uploads\/2025\/07\/allegro_687a7d68434967.83706440_8fa339904515a01ebc70993db197.jpg\" \/>\n\t<meta property=\"og:image:width\" content=\"418\" \/>\n\t<meta property=\"og:image:height\" content=\"394\" \/>\n\t<meta property=\"og:image:type\" content=\"image\/jpeg\" \/>\n<meta name=\"twitter:card\" content=\"summary_large_image\" \/>\n<meta name=\"twitter:label1\" content=\"Szacowany czas czytania\" \/>\n\t<meta name=\"twitter:data1\" content=\"1 minuta\" \/>\n<script type=\"application\/ld+json\" class=\"yoast-schema-graph\">{\"@context\":\"https:\\\/\\\/schema.org\",\"@graph\":[{\"@type\":\"WebPage\",\"@id\":\"https:\\\/\\\/racom.com.pl\\\/index.php\\\/produkt\\\/groty-do-wtapiania-insertow-wkladek-gwintowanych-voron-m2-m3-m4-m5-m6-m8\\\/\",\"url\":\"https:\\\/\\\/racom.com.pl\\\/index.php\\\/produkt\\\/groty-do-wtapiania-insertow-wkladek-gwintowanych-voron-m2-m3-m4-m5-m6-m8\\\/\",\"name\":\"GROTY DO WTAPIANIA INSERT\u00d3W WK\u0141ADEK GWINTOWANYCH VORON M2 M3 M4 M5 M6 M8 - Mix Market - Supermarket z wszystkim co potrzeba\",\"isPartOf\":{\"@id\":\"https:\\\/\\\/racom.com.pl\\\/#website\"},\"primaryImageOfPage\":{\"@id\":\"https:\\\/\\\/racom.com.pl\\\/index.php\\\/produkt\\\/groty-do-wtapiania-insertow-wkladek-gwintowanych-voron-m2-m3-m4-m5-m6-m8\\\/#primaryimage\"},\"image\":{\"@id\":\"https:\\\/\\\/racom.com.pl\\\/index.php\\\/produkt\\\/groty-do-wtapiania-insertow-wkladek-gwintowanych-voron-m2-m3-m4-m5-m6-m8\\\/#primaryimage\"},\"thumbnailUrl\":\"https:\\\/\\\/racom.com.pl\\\/wp-content\\\/uploads\\\/2025\\\/07\\\/allegro_687a7d68434967.83706440_8fa339904515a01ebc70993db197.jpg\",\"datePublished\":\"2025-07-18T16:58:57+00:00\",\"breadcrumb\":{\"@id\":\"https:\\\/\\\/racom.com.pl\\\/index.php\\\/produkt\\\/groty-do-wtapiania-insertow-wkladek-gwintowanych-voron-m2-m3-m4-m5-m6-m8\\\/#breadcrumb\"},\"inLanguage\":\"pl-PL\",\"potentialAction\":[{\"@type\":\"ReadAction\",\"target\":[\"https:\\\/\\\/racom.com.pl\\\/index.php\\\/produkt\\\/groty-do-wtapiania-insertow-wkladek-gwintowanych-voron-m2-m3-m4-m5-m6-m8\\\/\"]}]},{\"@type\":\"ImageObject\",\"inLanguage\":\"pl-PL\",\"@id\":\"https:\\\/\\\/racom.com.pl\\\/index.php\\\/produkt\\\/groty-do-wtapiania-insertow-wkladek-gwintowanych-voron-m2-m3-m4-m5-m6-m8\\\/#primaryimage\",\"url\":\"https:\\\/\\\/racom.com.pl\\\/wp-content\\\/uploads\\\/2025\\\/07\\\/allegro_687a7d68434967.83706440_8fa339904515a01ebc70993db197.jpg\",\"contentUrl\":\"https:\\\/\\\/racom.com.pl\\\/wp-content\\\/uploads\\\/2025\\\/07\\\/allegro_687a7d68434967.83706440_8fa339904515a01ebc70993db197.jpg\",\"width\":418,\"height\":394},{\"@type\":\"BreadcrumbList\",\"@id\":\"https:\\\/\\\/racom.com.pl\\\/index.php\\\/produkt\\\/groty-do-wtapiania-insertow-wkladek-gwintowanych-voron-m2-m3-m4-m5-m6-m8\\\/#breadcrumb\",\"itemListElement\":[{\"@type\":\"ListItem\",\"position\":1,\"name\":\"Strona g\u0142\u00f3wna\",\"item\":\"https:\\\/\\\/racom.com.pl\\\/\"},{\"@type\":\"ListItem\",\"position\":2,\"name\":\"Sklep\",\"item\":\"https:\\\/\\\/racom.com.pl\\\/\"},{\"@type\":\"ListItem\",\"position\":3,\"name\":\"GROTY DO WTAPIANIA INSERT\u00d3W WK\u0141ADEK GWINTOWANYCH VORON M2 M3 M4 M5 M6 M8\"}]},{\"@type\":\"WebSite\",\"@id\":\"https:\\\/\\\/racom.com.pl\\\/#website\",\"url\":\"https:\\\/\\\/racom.com.pl\\\/\",\"name\":\"Mix Market - Supermarket z wszystkim co potrzeba do domu i nie tylko\",\"description\":\"\",\"publisher\":{\"@id\":\"https:\\\/\\\/racom.com.pl\\\/#organization\"},\"potentialAction\":[{\"@type\":\"SearchAction\",\"target\":{\"@type\":\"EntryPoint\",\"urlTemplate\":\"https:\\\/\\\/racom.com.pl\\\/?s={search_term_string}\"},\"query-input\":{\"@type\":\"PropertyValueSpecification\",\"valueRequired\":true,\"valueName\":\"search_term_string\"}}],\"inLanguage\":\"pl-PL\"},{\"@type\":\"Organization\",\"@id\":\"https:\\\/\\\/racom.com.pl\\\/#organization\",\"name\":\"Mix Market - Supermarket z wszystkim co potrzeba do domu i nie tylko\",\"url\":\"https:\\\/\\\/racom.com.pl\\\/\",\"logo\":{\"@type\":\"ImageObject\",\"inLanguage\":\"pl-PL\",\"@id\":\"https:\\\/\\\/racom.com.pl\\\/#\\\/schema\\\/logo\\\/image\\\/\",\"url\":\"https:\\\/\\\/racom.com.pl\\\/wp-content\\\/uploads\\\/2025\\\/07\\\/mixmarket_logo.png\",\"contentUrl\":\"https:\\\/\\\/racom.com.pl\\\/wp-content\\\/uploads\\\/2025\\\/07\\\/mixmarket_logo.png\",\"width\":1024,\"height\":1024,\"caption\":\"Mix Market - Supermarket z wszystkim co potrzeba do domu i nie tylko\"},\"image\":{\"@id\":\"https:\\\/\\\/racom.com.pl\\\/#\\\/schema\\\/logo\\\/image\\\/\"}}]}<\/script>\n<!-- \/ Yoast SEO plugin. -->","yoast_head_json":{"title":"GROTY DO WTAPIANIA INSERT\u00d3W WK\u0141ADEK GWINTOWANYCH VORON M2 M3 M4 M5 M6 M8 - Mix Market - Supermarket z wszystkim co potrzeba","robots":{"index":"index","follow":"follow","max-snippet":"max-snippet:-1","max-image-preview":"max-image-preview:large","max-video-preview":"max-video-preview:-1"},"canonical":"https:\/\/racom.com.pl\/index.php\/produkt\/groty-do-wtapiania-insertow-wkladek-gwintowanych-voron-m2-m3-m4-m5-m6-m8\/","og_locale":"pl_PL","og_type":"article","og_title":"GROTY DO WTAPIANIA INSERT\u00d3W WK\u0141ADEK GWINTOWANYCH VORON M2 M3 M4 M5 M6 M8 - Mix Market - Supermarket z wszystkim co potrzeba","og_description":"Zestaw grot\u00f3w do monta\u017cu wk\u0142adek gwintowanych Zestaw sk\u0142ada si\u0119 z przej\u015bci\u00f3wki do lutownicy i 6 grot\u00f3w umo\u017cliwiaj\u0105cych monta\u017c wszystkich rozmiar\u00f3w insert\u00f3w: (M2 M2,5 wsp\u00f3lne), M3, M4, M5, M6, M8. Groty zapewniaj\u0105 wygodne i precyzyjne wtapiania insert\u00f3w. Wykonane s\u0105 z mosi\u0105dzu zapewniaj\u0105cego dobr\u0105 przewodno\u015b\u0107 ciepln\u0105. Kod produktu: B457 Zestaw sk\u0142ada si\u0119 z 7 element\u00f3w umieszczonych w [&hellip;]","og_url":"https:\/\/racom.com.pl\/index.php\/produkt\/groty-do-wtapiania-insertow-wkladek-gwintowanych-voron-m2-m3-m4-m5-m6-m8\/","og_site_name":"Mix Market - Supermarket z wszystkim co potrzeba","og_image":[{"width":418,"height":394,"url":"https:\/\/racom.com.pl\/wp-content\/uploads\/2025\/07\/allegro_687a7d68434967.83706440_8fa339904515a01ebc70993db197.jpg","type":"image\/jpeg"}],"twitter_card":"summary_large_image","twitter_misc":{"Szacowany czas czytania":"1 minuta"},"schema":{"@context":"https:\/\/schema.org","@graph":[{"@type":"WebPage","@id":"https:\/\/racom.com.pl\/index.php\/produkt\/groty-do-wtapiania-insertow-wkladek-gwintowanych-voron-m2-m3-m4-m5-m6-m8\/","url":"https:\/\/racom.com.pl\/index.php\/produkt\/groty-do-wtapiania-insertow-wkladek-gwintowanych-voron-m2-m3-m4-m5-m6-m8\/","name":"GROTY DO WTAPIANIA INSERT\u00d3W WK\u0141ADEK GWINTOWANYCH VORON M2 M3 M4 M5 M6 M8 - Mix Market - Supermarket z wszystkim co potrzeba","isPartOf":{"@id":"https:\/\/racom.com.pl\/#website"},"primaryImageOfPage":{"@id":"https:\/\/racom.com.pl\/index.php\/produkt\/groty-do-wtapiania-insertow-wkladek-gwintowanych-voron-m2-m3-m4-m5-m6-m8\/#primaryimage"},"image":{"@id":"https:\/\/racom.com.pl\/index.php\/produkt\/groty-do-wtapiania-insertow-wkladek-gwintowanych-voron-m2-m3-m4-m5-m6-m8\/#primaryimage"},"thumbnailUrl":"https:\/\/racom.com.pl\/wp-content\/uploads\/2025\/07\/allegro_687a7d68434967.83706440_8fa339904515a01ebc70993db197.jpg","datePublished":"2025-07-18T16:58:57+00:00","breadcrumb":{"@id":"https:\/\/racom.com.pl\/index.php\/produkt\/groty-do-wtapiania-insertow-wkladek-gwintowanych-voron-m2-m3-m4-m5-m6-m8\/#breadcrumb"},"inLanguage":"pl-PL","potentialAction":[{"@type":"ReadAction","target":["https:\/\/racom.com.pl\/index.php\/produkt\/groty-do-wtapiania-insertow-wkladek-gwintowanych-voron-m2-m3-m4-m5-m6-m8\/"]}]},{"@type":"ImageObject","inLanguage":"pl-PL","@id":"https:\/\/racom.com.pl\/index.php\/produkt\/groty-do-wtapiania-insertow-wkladek-gwintowanych-voron-m2-m3-m4-m5-m6-m8\/#primaryimage","url":"https:\/\/racom.com.pl\/wp-content\/uploads\/2025\/07\/allegro_687a7d68434967.83706440_8fa339904515a01ebc70993db197.jpg","contentUrl":"https:\/\/racom.com.pl\/wp-content\/uploads\/2025\/07\/allegro_687a7d68434967.83706440_8fa339904515a01ebc70993db197.jpg","width":418,"height":394},{"@type":"BreadcrumbList","@id":"https:\/\/racom.com.pl\/index.php\/produkt\/groty-do-wtapiania-insertow-wkladek-gwintowanych-voron-m2-m3-m4-m5-m6-m8\/#breadcrumb","itemListElement":[{"@type":"ListItem","position":1,"name":"Strona g\u0142\u00f3wna","item":"https:\/\/racom.com.pl\/"},{"@type":"ListItem","position":2,"name":"Sklep","item":"https:\/\/racom.com.pl\/"},{"@type":"ListItem","position":3,"name":"GROTY DO WTAPIANIA INSERT\u00d3W WK\u0141ADEK GWINTOWANYCH VORON M2 M3 M4 M5 M6 M8"}]},{"@type":"WebSite","@id":"https:\/\/racom.com.pl\/#website","url":"https:\/\/racom.com.pl\/","name":"Mix Market - Supermarket z wszystkim co potrzeba do domu i nie tylko","description":"","publisher":{"@id":"https:\/\/racom.com.pl\/#organization"},"potentialAction":[{"@type":"SearchAction","target":{"@type":"EntryPoint","urlTemplate":"https:\/\/racom.com.pl\/?s={search_term_string}"},"query-input":{"@type":"PropertyValueSpecification","valueRequired":true,"valueName":"search_term_string"}}],"inLanguage":"pl-PL"},{"@type":"Organization","@id":"https:\/\/racom.com.pl\/#organization","name":"Mix Market - Supermarket z wszystkim co potrzeba do domu i nie tylko","url":"https:\/\/racom.com.pl\/","logo":{"@type":"ImageObject","inLanguage":"pl-PL","@id":"https:\/\/racom.com.pl\/#\/schema\/logo\/image\/","url":"https:\/\/racom.com.pl\/wp-content\/uploads\/2025\/07\/mixmarket_logo.png","contentUrl":"https:\/\/racom.com.pl\/wp-content\/uploads\/2025\/07\/mixmarket_logo.png","width":1024,"height":1024,"caption":"Mix Market - Supermarket z wszystkim co potrzeba do domu i nie tylko"},"image":{"@id":"https:\/\/racom.com.pl\/#\/schema\/logo\/image\/"}}]}},"_links":{"self":[{"href":"https:\/\/racom.com.pl\/index.php\/wp-json\/wp\/v2\/product\/1183","targetHints":{"allow":["GET"]}}],"collection":[{"href":"https:\/\/racom.com.pl\/index.php\/wp-json\/wp\/v2\/product"}],"about":[{"href":"https:\/\/racom.com.pl\/index.php\/wp-json\/wp\/v2\/types\/product"}],"replies":[{"embeddable":true,"href":"https:\/\/racom.com.pl\/index.php\/wp-json\/wp\/v2\/comments?post=1183"}],"wp:featuredmedia":[{"embeddable":true,"href":"https:\/\/racom.com.pl\/index.php\/wp-json\/wp\/v2\/media\/1188"}],"wp:attachment":[{"href":"https:\/\/racom.com.pl\/index.php\/wp-json\/wp\/v2\/media?parent=1183"}],"wp:term":[{"taxonomy":"product_brand","embeddable":true,"href":"https:\/\/racom.com.pl\/index.php\/wp-json\/wp\/v2\/product_brand?post=1183"},{"taxonomy":"product_cat","embeddable":true,"href":"https:\/\/racom.com.pl\/index.php\/wp-json\/wp\/v2\/product_cat?post=1183"},{"taxonomy":"product_tag","embeddable":true,"href":"https:\/\/racom.com.pl\/index.php\/wp-json\/wp\/v2\/product_tag?post=1183"}],"curies":[{"name":"wp","href":"https:\/\/api.w.org\/{rel}","templated":true}]}}