{"id":1189,"date":"2025-07-18T18:59:24","date_gmt":"2025-07-18T16:59:24","guid":{"rendered":"http:\/\/192.168.2.106\/index.php\/produkt\/sprawna-plyta-glowna-lenovo-ideapad-u550-intel-celeron-3gb-ram-chlodzenie\/"},"modified":"2025-07-18T18:59:24","modified_gmt":"2025-07-18T16:59:24","slug":"sprawna-plyta-glowna-lenovo-ideapad-u550-intel-celeron-3gb-ram-chlodzenie","status":"publish","type":"product","link":"https:\/\/racom.com.pl\/index.php\/produkt\/sprawna-plyta-glowna-lenovo-ideapad-u550-intel-celeron-3gb-ram-chlodzenie\/","title":{"rendered":"Sprawna P\u0142yta g\u0142\u00f3wna Lenovo IdeaPad U550 Intel Celeron 3GB RAM + Ch\u0142odzenie"},"content":{"rendered":"<p><b>Sprawna P\u0142yta g\u0142\u00f3wna Lenovo IdeaPad U550 Intel Celeron 3GB RAM + Ch\u0142odzenie<\/b><\/p>\n<p>P\u0142yta sprawna, w zestawie z 3GB RAM i ch\u0142odzeniem.<\/p>\n<p>Zdemontowana z Lenovo IdeaPad U550<\/p>\n<p>Ch\u0142odzenie wyczyszczone i wymieniona pasta na procesorze.<\/p>\n<p>Model Procesora: SLGEV Intel Celeron M Processor ULV 743 (1M Cache, 1.30 GHz, 800 MHz FSB) uFCBGA8, Tray<\/p>\n","protected":false},"excerpt":{"rendered":"<p>Sprawna P\u0142yta g\u0142\u00f3wna Lenovo IdeaPad U550 Intel Celeron 3GB RAM + Ch\u0142odzenie P\u0142yta sprawna, w zestawie z 3GB RAM i ch\u0142odzeniem. Zdemontowana z Lenovo IdeaPad U550 Ch\u0142odzenie wyczyszczone i wymieniona pasta na procesorze. Model Procesora: SLGEV Intel Celeron M Processor ULV 743 (1M Cache, 1.30 GHz, 800 MHz FSB) uFCBGA8, Tray<\/p>\n","protected":false},"featured_media":1192,"comment_status":"open","ping_status":"closed","template":"","meta":[],"product_brand":[],"product_cat":[38],"product_tag":[],"class_list":{"0":"post-1189","1":"product","2":"type-product","3":"status-publish","4":"has-post-thumbnail","6":"product_cat-czesci-do-laptopow","8":"first","9":"instock","10":"taxable","11":"shipping-taxable","12":"purchasable","13":"product-type-simple"},"yoast_head":"<!-- This site is optimized with the Yoast SEO plugin v27.3 - https:\/\/yoast.com\/product\/yoast-seo-wordpress\/ -->\n<title>Sprawna P\u0142yta g\u0142\u00f3wna Lenovo IdeaPad U550 Intel Celeron 3GB RAM + Ch\u0142odzenie - Mix Market - Supermarket z wszystkim co potrzeba<\/title>\n<meta name=\"robots\" content=\"index, follow, max-snippet:-1, max-image-preview:large, max-video-preview:-1\" \/>\n<link rel=\"canonical\" href=\"https:\/\/racom.com.pl\/index.php\/produkt\/sprawna-plyta-glowna-lenovo-ideapad-u550-intel-celeron-3gb-ram-chlodzenie\/\" \/>\n<meta property=\"og:locale\" content=\"pl_PL\" \/>\n<meta property=\"og:type\" content=\"article\" \/>\n<meta property=\"og:title\" content=\"Sprawna P\u0142yta g\u0142\u00f3wna Lenovo IdeaPad U550 Intel Celeron 3GB RAM + Ch\u0142odzenie - Mix Market - Supermarket z wszystkim co potrzeba\" \/>\n<meta property=\"og:description\" content=\"Sprawna P\u0142yta g\u0142\u00f3wna Lenovo IdeaPad U550 Intel Celeron 3GB RAM + Ch\u0142odzenie P\u0142yta sprawna, w zestawie z 3GB RAM i ch\u0142odzeniem. Zdemontowana z Lenovo IdeaPad U550 Ch\u0142odzenie wyczyszczone i wymieniona pasta na procesorze. Model Procesora: SLGEV Intel Celeron M Processor ULV 743 (1M Cache, 1.30 GHz, 800 MHz FSB) uFCBGA8, Tray\" \/>\n<meta property=\"og:url\" content=\"https:\/\/racom.com.pl\/index.php\/produkt\/sprawna-plyta-glowna-lenovo-ideapad-u550-intel-celeron-3gb-ram-chlodzenie\/\" \/>\n<meta property=\"og:site_name\" content=\"Mix Market - Supermarket z wszystkim co potrzeba\" \/>\n<meta property=\"og:image\" content=\"https:\/\/racom.com.pl\/wp-content\/uploads\/2025\/07\/allegro_687a7d7b715ba3.22123310_0282d1e043dba374e65a6a85ab20.jpg\" \/>\n\t<meta property=\"og:image:width\" content=\"2560\" \/>\n\t<meta property=\"og:image:height\" content=\"1920\" \/>\n\t<meta property=\"og:image:type\" content=\"image\/jpeg\" \/>\n<meta name=\"twitter:card\" content=\"summary_large_image\" \/>\n<script type=\"application\/ld+json\" class=\"yoast-schema-graph\">{\"@context\":\"https:\\\/\\\/schema.org\",\"@graph\":[{\"@type\":\"WebPage\",\"@id\":\"https:\\\/\\\/racom.com.pl\\\/index.php\\\/produkt\\\/sprawna-plyta-glowna-lenovo-ideapad-u550-intel-celeron-3gb-ram-chlodzenie\\\/\",\"url\":\"https:\\\/\\\/racom.com.pl\\\/index.php\\\/produkt\\\/sprawna-plyta-glowna-lenovo-ideapad-u550-intel-celeron-3gb-ram-chlodzenie\\\/\",\"name\":\"Sprawna P\u0142yta g\u0142\u00f3wna Lenovo IdeaPad U550 Intel Celeron 3GB RAM + Ch\u0142odzenie - Mix Market - Supermarket z wszystkim co potrzeba\",\"isPartOf\":{\"@id\":\"https:\\\/\\\/racom.com.pl\\\/#website\"},\"primaryImageOfPage\":{\"@id\":\"https:\\\/\\\/racom.com.pl\\\/index.php\\\/produkt\\\/sprawna-plyta-glowna-lenovo-ideapad-u550-intel-celeron-3gb-ram-chlodzenie\\\/#primaryimage\"},\"image\":{\"@id\":\"https:\\\/\\\/racom.com.pl\\\/index.php\\\/produkt\\\/sprawna-plyta-glowna-lenovo-ideapad-u550-intel-celeron-3gb-ram-chlodzenie\\\/#primaryimage\"},\"thumbnailUrl\":\"https:\\\/\\\/racom.com.pl\\\/wp-content\\\/uploads\\\/2025\\\/07\\\/allegro_687a7d7b715ba3.22123310_0282d1e043dba374e65a6a85ab20.jpg\",\"datePublished\":\"2025-07-18T16:59:24+00:00\",\"breadcrumb\":{\"@id\":\"https:\\\/\\\/racom.com.pl\\\/index.php\\\/produkt\\\/sprawna-plyta-glowna-lenovo-ideapad-u550-intel-celeron-3gb-ram-chlodzenie\\\/#breadcrumb\"},\"inLanguage\":\"pl-PL\",\"potentialAction\":[{\"@type\":\"ReadAction\",\"target\":[\"https:\\\/\\\/racom.com.pl\\\/index.php\\\/produkt\\\/sprawna-plyta-glowna-lenovo-ideapad-u550-intel-celeron-3gb-ram-chlodzenie\\\/\"]}]},{\"@type\":\"ImageObject\",\"inLanguage\":\"pl-PL\",\"@id\":\"https:\\\/\\\/racom.com.pl\\\/index.php\\\/produkt\\\/sprawna-plyta-glowna-lenovo-ideapad-u550-intel-celeron-3gb-ram-chlodzenie\\\/#primaryimage\",\"url\":\"https:\\\/\\\/racom.com.pl\\\/wp-content\\\/uploads\\\/2025\\\/07\\\/allegro_687a7d7b715ba3.22123310_0282d1e043dba374e65a6a85ab20.jpg\",\"contentUrl\":\"https:\\\/\\\/racom.com.pl\\\/wp-content\\\/uploads\\\/2025\\\/07\\\/allegro_687a7d7b715ba3.22123310_0282d1e043dba374e65a6a85ab20.jpg\",\"width\":2560,\"height\":1920},{\"@type\":\"BreadcrumbList\",\"@id\":\"https:\\\/\\\/racom.com.pl\\\/index.php\\\/produkt\\\/sprawna-plyta-glowna-lenovo-ideapad-u550-intel-celeron-3gb-ram-chlodzenie\\\/#breadcrumb\",\"itemListElement\":[{\"@type\":\"ListItem\",\"position\":1,\"name\":\"Strona g\u0142\u00f3wna\",\"item\":\"https:\\\/\\\/racom.com.pl\\\/\"},{\"@type\":\"ListItem\",\"position\":2,\"name\":\"Sklep\",\"item\":\"https:\\\/\\\/racom.com.pl\\\/\"},{\"@type\":\"ListItem\",\"position\":3,\"name\":\"Sprawna P\u0142yta g\u0142\u00f3wna Lenovo IdeaPad U550 Intel Celeron 3GB RAM + Ch\u0142odzenie\"}]},{\"@type\":\"WebSite\",\"@id\":\"https:\\\/\\\/racom.com.pl\\\/#website\",\"url\":\"https:\\\/\\\/racom.com.pl\\\/\",\"name\":\"Mix Market - Supermarket z wszystkim co potrzeba do domu i nie tylko\",\"description\":\"\",\"publisher\":{\"@id\":\"https:\\\/\\\/racom.com.pl\\\/#organization\"},\"potentialAction\":[{\"@type\":\"SearchAction\",\"target\":{\"@type\":\"EntryPoint\",\"urlTemplate\":\"https:\\\/\\\/racom.com.pl\\\/?s={search_term_string}\"},\"query-input\":{\"@type\":\"PropertyValueSpecification\",\"valueRequired\":true,\"valueName\":\"search_term_string\"}}],\"inLanguage\":\"pl-PL\"},{\"@type\":\"Organization\",\"@id\":\"https:\\\/\\\/racom.com.pl\\\/#organization\",\"name\":\"Mix Market - Supermarket z wszystkim co potrzeba do domu i nie tylko\",\"url\":\"https:\\\/\\\/racom.com.pl\\\/\",\"logo\":{\"@type\":\"ImageObject\",\"inLanguage\":\"pl-PL\",\"@id\":\"https:\\\/\\\/racom.com.pl\\\/#\\\/schema\\\/logo\\\/image\\\/\",\"url\":\"https:\\\/\\\/racom.com.pl\\\/wp-content\\\/uploads\\\/2025\\\/07\\\/mixmarket_logo.png\",\"contentUrl\":\"https:\\\/\\\/racom.com.pl\\\/wp-content\\\/uploads\\\/2025\\\/07\\\/mixmarket_logo.png\",\"width\":1024,\"height\":1024,\"caption\":\"Mix Market - Supermarket z wszystkim co potrzeba do domu i nie tylko\"},\"image\":{\"@id\":\"https:\\\/\\\/racom.com.pl\\\/#\\\/schema\\\/logo\\\/image\\\/\"}}]}<\/script>\n<!-- \/ Yoast SEO plugin. -->","yoast_head_json":{"title":"Sprawna P\u0142yta g\u0142\u00f3wna Lenovo IdeaPad U550 Intel Celeron 3GB RAM + Ch\u0142odzenie - Mix Market - Supermarket z wszystkim co potrzeba","robots":{"index":"index","follow":"follow","max-snippet":"max-snippet:-1","max-image-preview":"max-image-preview:large","max-video-preview":"max-video-preview:-1"},"canonical":"https:\/\/racom.com.pl\/index.php\/produkt\/sprawna-plyta-glowna-lenovo-ideapad-u550-intel-celeron-3gb-ram-chlodzenie\/","og_locale":"pl_PL","og_type":"article","og_title":"Sprawna P\u0142yta g\u0142\u00f3wna Lenovo IdeaPad U550 Intel Celeron 3GB RAM + Ch\u0142odzenie - Mix Market - Supermarket z wszystkim co potrzeba","og_description":"Sprawna P\u0142yta g\u0142\u00f3wna Lenovo IdeaPad U550 Intel Celeron 3GB RAM + Ch\u0142odzenie P\u0142yta sprawna, w zestawie z 3GB RAM i ch\u0142odzeniem. Zdemontowana z Lenovo IdeaPad U550 Ch\u0142odzenie wyczyszczone i wymieniona pasta na procesorze. Model Procesora: SLGEV Intel Celeron M Processor ULV 743 (1M Cache, 1.30 GHz, 800 MHz FSB) uFCBGA8, Tray","og_url":"https:\/\/racom.com.pl\/index.php\/produkt\/sprawna-plyta-glowna-lenovo-ideapad-u550-intel-celeron-3gb-ram-chlodzenie\/","og_site_name":"Mix Market - Supermarket z wszystkim co potrzeba","og_image":[{"width":2560,"height":1920,"url":"https:\/\/racom.com.pl\/wp-content\/uploads\/2025\/07\/allegro_687a7d7b715ba3.22123310_0282d1e043dba374e65a6a85ab20.jpg","type":"image\/jpeg"}],"twitter_card":"summary_large_image","schema":{"@context":"https:\/\/schema.org","@graph":[{"@type":"WebPage","@id":"https:\/\/racom.com.pl\/index.php\/produkt\/sprawna-plyta-glowna-lenovo-ideapad-u550-intel-celeron-3gb-ram-chlodzenie\/","url":"https:\/\/racom.com.pl\/index.php\/produkt\/sprawna-plyta-glowna-lenovo-ideapad-u550-intel-celeron-3gb-ram-chlodzenie\/","name":"Sprawna P\u0142yta g\u0142\u00f3wna Lenovo IdeaPad U550 Intel Celeron 3GB RAM + Ch\u0142odzenie - Mix Market - Supermarket z wszystkim co potrzeba","isPartOf":{"@id":"https:\/\/racom.com.pl\/#website"},"primaryImageOfPage":{"@id":"https:\/\/racom.com.pl\/index.php\/produkt\/sprawna-plyta-glowna-lenovo-ideapad-u550-intel-celeron-3gb-ram-chlodzenie\/#primaryimage"},"image":{"@id":"https:\/\/racom.com.pl\/index.php\/produkt\/sprawna-plyta-glowna-lenovo-ideapad-u550-intel-celeron-3gb-ram-chlodzenie\/#primaryimage"},"thumbnailUrl":"https:\/\/racom.com.pl\/wp-content\/uploads\/2025\/07\/allegro_687a7d7b715ba3.22123310_0282d1e043dba374e65a6a85ab20.jpg","datePublished":"2025-07-18T16:59:24+00:00","breadcrumb":{"@id":"https:\/\/racom.com.pl\/index.php\/produkt\/sprawna-plyta-glowna-lenovo-ideapad-u550-intel-celeron-3gb-ram-chlodzenie\/#breadcrumb"},"inLanguage":"pl-PL","potentialAction":[{"@type":"ReadAction","target":["https:\/\/racom.com.pl\/index.php\/produkt\/sprawna-plyta-glowna-lenovo-ideapad-u550-intel-celeron-3gb-ram-chlodzenie\/"]}]},{"@type":"ImageObject","inLanguage":"pl-PL","@id":"https:\/\/racom.com.pl\/index.php\/produkt\/sprawna-plyta-glowna-lenovo-ideapad-u550-intel-celeron-3gb-ram-chlodzenie\/#primaryimage","url":"https:\/\/racom.com.pl\/wp-content\/uploads\/2025\/07\/allegro_687a7d7b715ba3.22123310_0282d1e043dba374e65a6a85ab20.jpg","contentUrl":"https:\/\/racom.com.pl\/wp-content\/uploads\/2025\/07\/allegro_687a7d7b715ba3.22123310_0282d1e043dba374e65a6a85ab20.jpg","width":2560,"height":1920},{"@type":"BreadcrumbList","@id":"https:\/\/racom.com.pl\/index.php\/produkt\/sprawna-plyta-glowna-lenovo-ideapad-u550-intel-celeron-3gb-ram-chlodzenie\/#breadcrumb","itemListElement":[{"@type":"ListItem","position":1,"name":"Strona g\u0142\u00f3wna","item":"https:\/\/racom.com.pl\/"},{"@type":"ListItem","position":2,"name":"Sklep","item":"https:\/\/racom.com.pl\/"},{"@type":"ListItem","position":3,"name":"Sprawna P\u0142yta g\u0142\u00f3wna Lenovo IdeaPad U550 Intel Celeron 3GB RAM + Ch\u0142odzenie"}]},{"@type":"WebSite","@id":"https:\/\/racom.com.pl\/#website","url":"https:\/\/racom.com.pl\/","name":"Mix Market - Supermarket z wszystkim co potrzeba do domu i nie tylko","description":"","publisher":{"@id":"https:\/\/racom.com.pl\/#organization"},"potentialAction":[{"@type":"SearchAction","target":{"@type":"EntryPoint","urlTemplate":"https:\/\/racom.com.pl\/?s={search_term_string}"},"query-input":{"@type":"PropertyValueSpecification","valueRequired":true,"valueName":"search_term_string"}}],"inLanguage":"pl-PL"},{"@type":"Organization","@id":"https:\/\/racom.com.pl\/#organization","name":"Mix Market - Supermarket z wszystkim co potrzeba do domu i nie tylko","url":"https:\/\/racom.com.pl\/","logo":{"@type":"ImageObject","inLanguage":"pl-PL","@id":"https:\/\/racom.com.pl\/#\/schema\/logo\/image\/","url":"https:\/\/racom.com.pl\/wp-content\/uploads\/2025\/07\/mixmarket_logo.png","contentUrl":"https:\/\/racom.com.pl\/wp-content\/uploads\/2025\/07\/mixmarket_logo.png","width":1024,"height":1024,"caption":"Mix Market - Supermarket z wszystkim co potrzeba do domu i nie tylko"},"image":{"@id":"https:\/\/racom.com.pl\/#\/schema\/logo\/image\/"}}]}},"_links":{"self":[{"href":"https:\/\/racom.com.pl\/index.php\/wp-json\/wp\/v2\/product\/1189","targetHints":{"allow":["GET"]}}],"collection":[{"href":"https:\/\/racom.com.pl\/index.php\/wp-json\/wp\/v2\/product"}],"about":[{"href":"https:\/\/racom.com.pl\/index.php\/wp-json\/wp\/v2\/types\/product"}],"replies":[{"embeddable":true,"href":"https:\/\/racom.com.pl\/index.php\/wp-json\/wp\/v2\/comments?post=1189"}],"wp:featuredmedia":[{"embeddable":true,"href":"https:\/\/racom.com.pl\/index.php\/wp-json\/wp\/v2\/media\/1192"}],"wp:attachment":[{"href":"https:\/\/racom.com.pl\/index.php\/wp-json\/wp\/v2\/media?parent=1189"}],"wp:term":[{"taxonomy":"product_brand","embeddable":true,"href":"https:\/\/racom.com.pl\/index.php\/wp-json\/wp\/v2\/product_brand?post=1189"},{"taxonomy":"product_cat","embeddable":true,"href":"https:\/\/racom.com.pl\/index.php\/wp-json\/wp\/v2\/product_cat?post=1189"},{"taxonomy":"product_tag","embeddable":true,"href":"https:\/\/racom.com.pl\/index.php\/wp-json\/wp\/v2\/product_tag?post=1189"}],"curies":[{"name":"wp","href":"https:\/\/api.w.org\/{rel}","templated":true}]}}