{"id":119,"date":"2025-07-18T17:12:08","date_gmt":"2025-07-18T15:12:08","guid":{"rendered":"http:\/\/192.168.2.106\/index.php\/produkt\/orico-adapter-usb-3-0-do-dysku-25-hdd-sata\/"},"modified":"2025-07-18T17:12:08","modified_gmt":"2025-07-18T15:12:08","slug":"orico-adapter-usb-3-0-do-dysku-25-hdd-sata","status":"publish","type":"product","link":"https:\/\/racom.com.pl\/index.php\/produkt\/orico-adapter-usb-3-0-do-dysku-25-hdd-sata\/","title":{"rendered":"ORICO ADAPTER USB 3.0 do DYSKU 2,5&#8243; HDD SATA"},"content":{"rendered":"<h2>Adapter USB 3.0 Orico do dysk\u00f3w HDD\/SSD 2,5&#8243;, SATA III<\/h2>\n<ul>\n<li><b>Producent:<\/b> Orico<\/li>\n<li><b>Model:<\/b> 25UTS-BK-BP<\/li>\n<li><b>Kompatybilno\u015b\u0107:<\/b> Dyski HDD\/SSD 2,5&#8243;<\/li>\n<li><b>Interfejs wyj\u015bcia:<\/b> USB 3.0<\/li>\n<li><b>Materia\u0142:<\/b> ABS<\/li>\n<li><b>Kontroler:<\/b> NS1066X<\/li>\n<li><b>Interfejs HDD:<\/b> SATA I, II, III<\/li>\n<li><b>\u0179r\u00f3d\u0142o zasilania:<\/b> Zastrze\u017cony port DC 12 V<\/li>\n<li><b>Kabel danych:<\/b> 0,2 m (ze z\u0142\u0105czem)<\/li>\n<li><b>Sterownik:<\/b> Sterownik nie jest wymagany<\/li>\n<li><b>Obs\u0142ugiwane systemy:<\/b> Windows 10\/8\/7\/Vista\/XP, Mac OS 9.0 lub nowszy<\/li>\n<li><b>Wymiary:<\/b> 78 x 49,5 x 16 mm<\/li>\n<\/ul>\n<p><b>Adapter USB 3.0 do dysk\u00f3w SSD\/HDD 2,5&#8243; Orico 25UTS<\/b><\/p>\n<p>Ten praktyczny adapter marki Orico umo\u017cliwia pod\u0142\u0105czenie dysku twardego HDD\/SSD 2,5&#8243; do komputera za pomoc\u0105 portu USB. Interfejs USB 3.0 zapewnia pr\u0119dko\u015b\u0107 transmisji si\u0119gaj\u0105c\u0105 5 Gbps i gwarantuje szerok\u0105 kompatybilno\u015b\u0107 urz\u0105dzenia. Kompaktowy i wygodny w u\u017cyciu &#8211; zosta\u0142 wyposa\u017cony w wytrzyma\u0142y kabel, kt\u00f3ry odpowiada za szybki i stabilny transfer danych.<\/p>\n<p><b>Przesy\u0142aj swoje pliki w kilka chwil<\/b><\/p>\n<p>Teraz mo\u017cesz przes\u0142a\u0107 1 GB danych nawet w zaledwie 10 sekund. Zaawansowana technologia po\u0142\u0105czenia USB 3.0 do SATA umo\u017cliwia osi\u0105ganie pr\u0119dko\u015bci transmisji do nawet 5 Gbps. Kopiuj swoje zdj\u0119cia i filmy w mgnieniu oka &#8211; nieko\u0144cz\u0105ce si\u0119 oczekiwanie pozostanie tylko przykrym wspomnieniem!<\/p>\n<p><b>Szeroka kompatybilno\u015b\u0107<\/b><\/p>\n<p>Zaawansowany kontroler USB 3.0 b\u0142yskawicznie rozpoznaje pod\u0142\u0105czone urz\u0105dzenia i zapewnia uniwersaln\u0105 kompatybilno\u015b\u0107 adaptera. Produkt obs\u0142uguje laptopy i komputery z systemami Windows XP\/7\/8\/10\/Vista, Mac OS 9.0 oraz nowszymi. Niewa\u017cne, jakiego sprz\u0119tu u\u017cywasz &#8211; Orico u\u0142atwi Ci prac\u0119!<\/p>\n<p><b>Praktyczny kabel<\/b><\/p>\n<p>Co jeszcze sprawia, \u017ce adapter Orico jest tak wydajny? Kabel urz\u0105dzenia zapewnia szybk\u0105 i stabiln\u0105 transmisj\u0119 danych. Jego d\u0142ugo\u015b\u0107 wynosi 20 cm &#8211; to wystarczaj\u0105co du\u017co, aby zapewni\u0107 Ci wygod\u0119 u\u017cytkowania, a jednocze\u015bnie na tyle niewiele, aby pozwoli\u0107 Ci unikn\u0105\u0107 problem\u00f3w z jego pl\u0105taniem si\u0119.<\/p>\n<p><b>Dopracowana konstrukcja<\/b><\/p>\n<p>Adapter zosta\u0142 wykonany z wytrzyma\u0142ych materia\u0142\u00f3w, kt\u00f3re zapewniaj\u0105 mu odporno\u015b\u0107 na uszkodzenia. Lekki i kompaktowy &#8211; mo\u017cesz mie\u0107 go zawsze przy sobie. Nie zajmie zbyt wiele miejsca w plecaku lub torebce. Produkt zwraca te\u017c uwag\u0119 nowoczesnym, minimalistycznym designem. Adapter marki Orico to udana kombinacja funkcjonalno\u015bci i przemy\u015blanego designu.<\/p>\n<p><b>Specyfikacja<\/b><\/p>\n<ul>\n<li><b>Producent:<\/b> Orico<\/li>\n<li><b>Model:<\/b> 25UTS-BK-BP<\/li>\n<li><b>Kompatybilno\u015b\u0107:<\/b> Dyski HDD\/SSD 2,5&#8243;<\/li>\n<li><b>Interfejs wyj\u015bcia:<\/b> USB 3.0<\/li>\n<li><b>Materia\u0142:<\/b> ABS<\/li>\n<li><b>Kontroler:<\/b> NS1066X<\/li>\n<li><b>Interfejs HDD:<\/b> SATA I, II, III<\/li>\n<li><b>\u0179r\u00f3d\u0142o zasilania:<\/b> Zastrze\u017cony port DC 12 V<\/li>\n<li><b>Kabel danych:<\/b> 0,2 m (ze z\u0142\u0105czem)<\/li>\n<li><b>Sterownik:<\/b> Sterownik nie jest wymagany<\/li>\n<li><b>Obs\u0142ugiwane systemy:<\/b> Windows 10\/8\/7\/Vista\/XP, Mac OS 9.0 lub nowszy<\/li>\n<li><b>Wymiary:<\/b> 78 x 49,5 x 16 mm<\/li>\n<\/ul>\n","protected":false},"excerpt":{"rendered":"<p>Adapter USB 3.0 Orico do dysk\u00f3w HDD\/SSD 2,5&#8243;, SATA III Producent: Orico Model: 25UTS-BK-BP Kompatybilno\u015b\u0107: Dyski HDD\/SSD 2,5&#8243; Interfejs wyj\u015bcia: USB 3.0 Materia\u0142: ABS Kontroler: NS1066X Interfejs HDD: SATA I, II, III \u0179r\u00f3d\u0142o zasilania: Zastrze\u017cony port DC 12 V Kabel danych: 0,2 m (ze z\u0142\u0105czem) Sterownik: Sterownik nie jest wymagany Obs\u0142ugiwane systemy: Windows 10\/8\/7\/Vista\/XP, Mac [&hellip;]<\/p>\n","protected":false},"featured_media":126,"comment_status":"open","ping_status":"closed","template":"","meta":[],"product_brand":[25],"product_cat":[24],"product_tag":[],"class_list":{"0":"post-119","1":"product","2":"type-product","3":"status-publish","4":"has-post-thumbnail","6":"product_brand-orico","7":"product_cat-dyski-i-pamieci-przenosne","9":"first","10":"instock","11":"taxable","12":"shipping-taxable","13":"purchasable","14":"product-type-simple"},"yoast_head":"<!-- This site is optimized with the Yoast SEO plugin v27.3 - https:\/\/yoast.com\/product\/yoast-seo-wordpress\/ -->\n<title>ORICO ADAPTER USB 3.0 do DYSKU 2,5&quot; HDD SATA - Mix Market - Supermarket z wszystkim co potrzeba<\/title>\n<meta name=\"robots\" content=\"index, follow, max-snippet:-1, max-image-preview:large, max-video-preview:-1\" \/>\n<link rel=\"canonical\" href=\"https:\/\/racom.com.pl\/index.php\/produkt\/orico-adapter-usb-3-0-do-dysku-25-hdd-sata\/\" \/>\n<meta property=\"og:locale\" content=\"pl_PL\" \/>\n<meta property=\"og:type\" content=\"article\" \/>\n<meta property=\"og:title\" content=\"ORICO ADAPTER USB 3.0 do DYSKU 2,5&quot; HDD SATA - Mix Market - Supermarket z wszystkim co potrzeba\" \/>\n<meta property=\"og:description\" content=\"Adapter USB 3.0 Orico do dysk\u00f3w HDD\/SSD 2,5&#8243;, SATA III Producent: Orico Model: 25UTS-BK-BP Kompatybilno\u015b\u0107: Dyski HDD\/SSD 2,5&#8243; Interfejs wyj\u015bcia: USB 3.0 Materia\u0142: ABS Kontroler: NS1066X Interfejs HDD: SATA I, II, III \u0179r\u00f3d\u0142o zasilania: Zastrze\u017cony port DC 12 V Kabel danych: 0,2 m (ze z\u0142\u0105czem) Sterownik: Sterownik nie jest wymagany Obs\u0142ugiwane systemy: Windows 10\/8\/7\/Vista\/XP, Mac [&hellip;]\" \/>\n<meta property=\"og:url\" content=\"https:\/\/racom.com.pl\/index.php\/produkt\/orico-adapter-usb-3-0-do-dysku-25-hdd-sata\/\" \/>\n<meta property=\"og:site_name\" content=\"Mix Market - Supermarket z wszystkim co potrzeba\" \/>\n<meta property=\"og:image\" content=\"https:\/\/racom.com.pl\/wp-content\/uploads\/2025\/07\/allegro_687a645f7c4bb3.94818042_a20f821c4f498f35f02bb77c7ee6.jpg\" \/>\n\t<meta property=\"og:image:width\" content=\"1100\" \/>\n\t<meta property=\"og:image:height\" content=\"700\" \/>\n\t<meta property=\"og:image:type\" content=\"image\/jpeg\" \/>\n<meta name=\"twitter:card\" content=\"summary_large_image\" \/>\n<meta name=\"twitter:label1\" content=\"Szacowany czas czytania\" \/>\n\t<meta name=\"twitter:data1\" content=\"2 minuty\" \/>\n<script type=\"application\/ld+json\" class=\"yoast-schema-graph\">{\"@context\":\"https:\\\/\\\/schema.org\",\"@graph\":[{\"@type\":\"WebPage\",\"@id\":\"https:\\\/\\\/racom.com.pl\\\/index.php\\\/produkt\\\/orico-adapter-usb-3-0-do-dysku-25-hdd-sata\\\/\",\"url\":\"https:\\\/\\\/racom.com.pl\\\/index.php\\\/produkt\\\/orico-adapter-usb-3-0-do-dysku-25-hdd-sata\\\/\",\"name\":\"ORICO ADAPTER USB 3.0 do DYSKU 2,5\\\" HDD SATA - Mix Market - Supermarket z wszystkim co potrzeba\",\"isPartOf\":{\"@id\":\"https:\\\/\\\/racom.com.pl\\\/#website\"},\"primaryImageOfPage\":{\"@id\":\"https:\\\/\\\/racom.com.pl\\\/index.php\\\/produkt\\\/orico-adapter-usb-3-0-do-dysku-25-hdd-sata\\\/#primaryimage\"},\"image\":{\"@id\":\"https:\\\/\\\/racom.com.pl\\\/index.php\\\/produkt\\\/orico-adapter-usb-3-0-do-dysku-25-hdd-sata\\\/#primaryimage\"},\"thumbnailUrl\":\"https:\\\/\\\/racom.com.pl\\\/wp-content\\\/uploads\\\/2025\\\/07\\\/allegro_687a645f7c4bb3.94818042_a20f821c4f498f35f02bb77c7ee6.jpg\",\"datePublished\":\"2025-07-18T15:12:08+00:00\",\"breadcrumb\":{\"@id\":\"https:\\\/\\\/racom.com.pl\\\/index.php\\\/produkt\\\/orico-adapter-usb-3-0-do-dysku-25-hdd-sata\\\/#breadcrumb\"},\"inLanguage\":\"pl-PL\",\"potentialAction\":[{\"@type\":\"ReadAction\",\"target\":[\"https:\\\/\\\/racom.com.pl\\\/index.php\\\/produkt\\\/orico-adapter-usb-3-0-do-dysku-25-hdd-sata\\\/\"]}]},{\"@type\":\"ImageObject\",\"inLanguage\":\"pl-PL\",\"@id\":\"https:\\\/\\\/racom.com.pl\\\/index.php\\\/produkt\\\/orico-adapter-usb-3-0-do-dysku-25-hdd-sata\\\/#primaryimage\",\"url\":\"https:\\\/\\\/racom.com.pl\\\/wp-content\\\/uploads\\\/2025\\\/07\\\/allegro_687a645f7c4bb3.94818042_a20f821c4f498f35f02bb77c7ee6.jpg\",\"contentUrl\":\"https:\\\/\\\/racom.com.pl\\\/wp-content\\\/uploads\\\/2025\\\/07\\\/allegro_687a645f7c4bb3.94818042_a20f821c4f498f35f02bb77c7ee6.jpg\",\"width\":1100,\"height\":700},{\"@type\":\"BreadcrumbList\",\"@id\":\"https:\\\/\\\/racom.com.pl\\\/index.php\\\/produkt\\\/orico-adapter-usb-3-0-do-dysku-25-hdd-sata\\\/#breadcrumb\",\"itemListElement\":[{\"@type\":\"ListItem\",\"position\":1,\"name\":\"Strona g\u0142\u00f3wna\",\"item\":\"https:\\\/\\\/racom.com.pl\\\/\"},{\"@type\":\"ListItem\",\"position\":2,\"name\":\"Sklep\",\"item\":\"https:\\\/\\\/racom.com.pl\\\/\"},{\"@type\":\"ListItem\",\"position\":3,\"name\":\"ORICO ADAPTER USB 3.0 do DYSKU 2,5&#8243; HDD SATA\"}]},{\"@type\":\"WebSite\",\"@id\":\"https:\\\/\\\/racom.com.pl\\\/#website\",\"url\":\"https:\\\/\\\/racom.com.pl\\\/\",\"name\":\"Mix Market - Supermarket z wszystkim co potrzeba do domu i nie tylko\",\"description\":\"\",\"publisher\":{\"@id\":\"https:\\\/\\\/racom.com.pl\\\/#organization\"},\"potentialAction\":[{\"@type\":\"SearchAction\",\"target\":{\"@type\":\"EntryPoint\",\"urlTemplate\":\"https:\\\/\\\/racom.com.pl\\\/?s={search_term_string}\"},\"query-input\":{\"@type\":\"PropertyValueSpecification\",\"valueRequired\":true,\"valueName\":\"search_term_string\"}}],\"inLanguage\":\"pl-PL\"},{\"@type\":\"Organization\",\"@id\":\"https:\\\/\\\/racom.com.pl\\\/#organization\",\"name\":\"Mix Market - Supermarket z wszystkim co potrzeba do domu i nie tylko\",\"url\":\"https:\\\/\\\/racom.com.pl\\\/\",\"logo\":{\"@type\":\"ImageObject\",\"inLanguage\":\"pl-PL\",\"@id\":\"https:\\\/\\\/racom.com.pl\\\/#\\\/schema\\\/logo\\\/image\\\/\",\"url\":\"https:\\\/\\\/racom.com.pl\\\/wp-content\\\/uploads\\\/2025\\\/07\\\/mixmarket_logo.png\",\"contentUrl\":\"https:\\\/\\\/racom.com.pl\\\/wp-content\\\/uploads\\\/2025\\\/07\\\/mixmarket_logo.png\",\"width\":1024,\"height\":1024,\"caption\":\"Mix Market - Supermarket z wszystkim co potrzeba do domu i nie tylko\"},\"image\":{\"@id\":\"https:\\\/\\\/racom.com.pl\\\/#\\\/schema\\\/logo\\\/image\\\/\"}}]}<\/script>\n<!-- \/ Yoast SEO plugin. -->","yoast_head_json":{"title":"ORICO ADAPTER USB 3.0 do DYSKU 2,5\" HDD SATA - Mix Market - Supermarket z wszystkim co potrzeba","robots":{"index":"index","follow":"follow","max-snippet":"max-snippet:-1","max-image-preview":"max-image-preview:large","max-video-preview":"max-video-preview:-1"},"canonical":"https:\/\/racom.com.pl\/index.php\/produkt\/orico-adapter-usb-3-0-do-dysku-25-hdd-sata\/","og_locale":"pl_PL","og_type":"article","og_title":"ORICO ADAPTER USB 3.0 do DYSKU 2,5\" HDD SATA - Mix Market - Supermarket z wszystkim co potrzeba","og_description":"Adapter USB 3.0 Orico do dysk\u00f3w HDD\/SSD 2,5&#8243;, SATA III Producent: Orico Model: 25UTS-BK-BP Kompatybilno\u015b\u0107: Dyski HDD\/SSD 2,5&#8243; Interfejs wyj\u015bcia: USB 3.0 Materia\u0142: ABS Kontroler: NS1066X Interfejs HDD: SATA I, II, III \u0179r\u00f3d\u0142o zasilania: Zastrze\u017cony port DC 12 V Kabel danych: 0,2 m (ze z\u0142\u0105czem) Sterownik: Sterownik nie jest wymagany Obs\u0142ugiwane systemy: Windows 10\/8\/7\/Vista\/XP, Mac [&hellip;]","og_url":"https:\/\/racom.com.pl\/index.php\/produkt\/orico-adapter-usb-3-0-do-dysku-25-hdd-sata\/","og_site_name":"Mix Market - Supermarket z wszystkim co potrzeba","og_image":[{"width":1100,"height":700,"url":"https:\/\/racom.com.pl\/wp-content\/uploads\/2025\/07\/allegro_687a645f7c4bb3.94818042_a20f821c4f498f35f02bb77c7ee6.jpg","type":"image\/jpeg"}],"twitter_card":"summary_large_image","twitter_misc":{"Szacowany czas czytania":"2 minuty"},"schema":{"@context":"https:\/\/schema.org","@graph":[{"@type":"WebPage","@id":"https:\/\/racom.com.pl\/index.php\/produkt\/orico-adapter-usb-3-0-do-dysku-25-hdd-sata\/","url":"https:\/\/racom.com.pl\/index.php\/produkt\/orico-adapter-usb-3-0-do-dysku-25-hdd-sata\/","name":"ORICO ADAPTER USB 3.0 do DYSKU 2,5\" HDD SATA - Mix Market - Supermarket z wszystkim co potrzeba","isPartOf":{"@id":"https:\/\/racom.com.pl\/#website"},"primaryImageOfPage":{"@id":"https:\/\/racom.com.pl\/index.php\/produkt\/orico-adapter-usb-3-0-do-dysku-25-hdd-sata\/#primaryimage"},"image":{"@id":"https:\/\/racom.com.pl\/index.php\/produkt\/orico-adapter-usb-3-0-do-dysku-25-hdd-sata\/#primaryimage"},"thumbnailUrl":"https:\/\/racom.com.pl\/wp-content\/uploads\/2025\/07\/allegro_687a645f7c4bb3.94818042_a20f821c4f498f35f02bb77c7ee6.jpg","datePublished":"2025-07-18T15:12:08+00:00","breadcrumb":{"@id":"https:\/\/racom.com.pl\/index.php\/produkt\/orico-adapter-usb-3-0-do-dysku-25-hdd-sata\/#breadcrumb"},"inLanguage":"pl-PL","potentialAction":[{"@type":"ReadAction","target":["https:\/\/racom.com.pl\/index.php\/produkt\/orico-adapter-usb-3-0-do-dysku-25-hdd-sata\/"]}]},{"@type":"ImageObject","inLanguage":"pl-PL","@id":"https:\/\/racom.com.pl\/index.php\/produkt\/orico-adapter-usb-3-0-do-dysku-25-hdd-sata\/#primaryimage","url":"https:\/\/racom.com.pl\/wp-content\/uploads\/2025\/07\/allegro_687a645f7c4bb3.94818042_a20f821c4f498f35f02bb77c7ee6.jpg","contentUrl":"https:\/\/racom.com.pl\/wp-content\/uploads\/2025\/07\/allegro_687a645f7c4bb3.94818042_a20f821c4f498f35f02bb77c7ee6.jpg","width":1100,"height":700},{"@type":"BreadcrumbList","@id":"https:\/\/racom.com.pl\/index.php\/produkt\/orico-adapter-usb-3-0-do-dysku-25-hdd-sata\/#breadcrumb","itemListElement":[{"@type":"ListItem","position":1,"name":"Strona g\u0142\u00f3wna","item":"https:\/\/racom.com.pl\/"},{"@type":"ListItem","position":2,"name":"Sklep","item":"https:\/\/racom.com.pl\/"},{"@type":"ListItem","position":3,"name":"ORICO ADAPTER USB 3.0 do DYSKU 2,5&#8243; HDD SATA"}]},{"@type":"WebSite","@id":"https:\/\/racom.com.pl\/#website","url":"https:\/\/racom.com.pl\/","name":"Mix Market - Supermarket z wszystkim co potrzeba do domu i nie tylko","description":"","publisher":{"@id":"https:\/\/racom.com.pl\/#organization"},"potentialAction":[{"@type":"SearchAction","target":{"@type":"EntryPoint","urlTemplate":"https:\/\/racom.com.pl\/?s={search_term_string}"},"query-input":{"@type":"PropertyValueSpecification","valueRequired":true,"valueName":"search_term_string"}}],"inLanguage":"pl-PL"},{"@type":"Organization","@id":"https:\/\/racom.com.pl\/#organization","name":"Mix Market - Supermarket z wszystkim co potrzeba do domu i nie tylko","url":"https:\/\/racom.com.pl\/","logo":{"@type":"ImageObject","inLanguage":"pl-PL","@id":"https:\/\/racom.com.pl\/#\/schema\/logo\/image\/","url":"https:\/\/racom.com.pl\/wp-content\/uploads\/2025\/07\/mixmarket_logo.png","contentUrl":"https:\/\/racom.com.pl\/wp-content\/uploads\/2025\/07\/mixmarket_logo.png","width":1024,"height":1024,"caption":"Mix Market - Supermarket z wszystkim co potrzeba do domu i nie tylko"},"image":{"@id":"https:\/\/racom.com.pl\/#\/schema\/logo\/image\/"}}]}},"_links":{"self":[{"href":"https:\/\/racom.com.pl\/index.php\/wp-json\/wp\/v2\/product\/119","targetHints":{"allow":["GET"]}}],"collection":[{"href":"https:\/\/racom.com.pl\/index.php\/wp-json\/wp\/v2\/product"}],"about":[{"href":"https:\/\/racom.com.pl\/index.php\/wp-json\/wp\/v2\/types\/product"}],"replies":[{"embeddable":true,"href":"https:\/\/racom.com.pl\/index.php\/wp-json\/wp\/v2\/comments?post=119"}],"wp:featuredmedia":[{"embeddable":true,"href":"https:\/\/racom.com.pl\/index.php\/wp-json\/wp\/v2\/media\/126"}],"wp:attachment":[{"href":"https:\/\/racom.com.pl\/index.php\/wp-json\/wp\/v2\/media?parent=119"}],"wp:term":[{"taxonomy":"product_brand","embeddable":true,"href":"https:\/\/racom.com.pl\/index.php\/wp-json\/wp\/v2\/product_brand?post=119"},{"taxonomy":"product_cat","embeddable":true,"href":"https:\/\/racom.com.pl\/index.php\/wp-json\/wp\/v2\/product_cat?post=119"},{"taxonomy":"product_tag","embeddable":true,"href":"https:\/\/racom.com.pl\/index.php\/wp-json\/wp\/v2\/product_tag?post=119"}],"curies":[{"name":"wp","href":"https:\/\/api.w.org\/{rel}","templated":true}]}}