{"id":1193,"date":"2025-07-18T18:59:47","date_gmt":"2025-07-18T16:59:47","guid":{"rendered":"http:\/\/192.168.2.106\/index.php\/produkt\/chlodzenie-procesora-aktywne-darkflash-cooldfs11prob\/"},"modified":"2025-07-18T18:59:47","modified_gmt":"2025-07-18T16:59:47","slug":"chlodzenie-procesora-aktywne-darkflash-cooldfs11prob","status":"publish","type":"product","link":"https:\/\/racom.com.pl\/index.php\/produkt\/chlodzenie-procesora-aktywne-darkflash-cooldfs11prob\/","title":{"rendered":"Ch\u0142odzenie procesora aktywne darkFlash COOLDFS11PROB"},"content":{"rendered":"<p>Ch\u0142odzenie aktywne do procesora Darkflash S11 Pro ARGB (radiator + wentylator 120&#215;130) czarne<\/p>\n<p>221,76<\/p>\n<p>034850<\/p>\n<p>Ch\u0142odzenie aktywne do procesora Darkflash S11 Pro ARGB<\/p>\n<p>Stw\u00f3rz procesorowi swojego komputera optymalne warunki pracy. Aktywne ch\u0142odzenie Darkflash S11 Pro ARGB zagwarantuje odpowiednie odprowadzanie ciep\u0142a, podnosz\u0105c wydajno\u015b\u0107 CPU. Zosta\u0142o r\u00f3wnie\u017c wyposa\u017cone w pod\u015bwietlenie ARGB, kt\u00f3re podkre\u015bli nowoczesny charakter Twojego sprz\u0119tu.<\/p>\n<p>Wysoka wydajno\u015b\u0107<\/p>\n<p>Konstrukcja S11 Pro stawia przede wszystkim na wysok\u0105 efektywno\u015b\u0107 ch\u0142odzenia. Doskona\u0142e przewodnictwo termiczne, w po\u0142\u0105czeniu z 4 miedzianymi rurkami cieplnymi pozwala osi\u0105gn\u0105\u0107 wysokiej klasy skuteczno\u015b\u0107 &#8211; zapewniaj\u0105c procesorowi ochron\u0119 przed przegrzaniem. Co wi\u0119cej, funkcja PMW optymalizuje pr\u0119dko\u015b\u0107 obrot\u00f3w wiatrak\u00f3w w czasie rzeczywistym, poprawiaj\u0105c wydajno\u015b\u0107 jeszcze bardziej!<\/p>\n<p>Nowoczesny design<\/p>\n<p>Urz\u0105dzenie zosta\u0142o r\u00f3wnie\u017c wyposa\u017cone w pod\u015bwietlenie ARGB, dzi\u0119ki czemu stanowi doskona\u0142e uzupe\u0142nienie przezroczystej obudowy komputerowej. Postaw na po\u0142\u0105czenie niezwyk\u0142ej efektywno\u015bci oraz nowoczesnego stylu &#8211; bez kompromis\u00f3w!<\/p>\n<p>Zestaw zawiera:<\/p>\n<ul>\n<li>Radiator<\/li>\n<li>Wentylator<\/li>\n<li>Zestaw monta\u017cowy Intel &amp; AMD<\/li>\n<li>2 x klips monta\u017cowy wentylatora<\/li>\n<li>Past\u0119 termoprzewodz\u0105c\u0105<\/li>\n<li>\u015arubki monta\u017cowe<\/li>\n<li>Instrukcj\u0119 obs\u0142ugi<\/li>\n<\/ul>\n<p>Specyfikacja:<\/p>\n<p>Producent<\/p>\n<p>Darkflash<\/p>\n<p>Model<\/p>\n<p>S11 PRO<\/p>\n<p>Kolor<\/p>\n<p>Czarny<\/p>\n<p>Typ ch\u0142odzenia<\/p>\n<p>Aktywne<\/p>\n<p>Liczba wentylator\u00f3w<\/p>\n<p>1<\/p>\n<p>Pr\u0119dko\u015b\u0107 obrotowa<\/p>\n<p>1800 RPM<\/p>\n<p>Maksymalny poziom ha\u0142asu<\/p>\n<p>28 dBA<\/p>\n<p>Przep\u0142yw powietrza<\/p>\n<p>73,59 CFM<\/p>\n<p>\u017bywotno\u015b\u0107<\/p>\n<p>20000 h<\/p>\n<p>Napi\u0119cie zasilania<\/p>\n<p>12 V<\/p>\n<p>Z\u0142\u0105cze<\/p>\n<p>4 Pin<\/p>\n<p>Rodzaj \u0142o\u017cyska<\/p>\n<p>Hydraulic Bearing<\/p>\n<p>Pod\u015bwietlenie<\/p>\n<p>ARGB<\/p>\n<p>Liczba ciep\u0142owod\u00f3w<\/p>\n<p>4<\/p>\n<p>Kompatybilno\u015b\u0107<\/p>\n<p>Intel: LGA 775 \/ 115X \/ 1366 \/ 1200 \/ 2011 (Core i3\/i5\/i7\/i9) \/ 2066;<\/p>\n<p>AMD: AM4\/FM2 \/ FM1 \/ AM3+ \/ AM3 \/ AM2+ \/ AM2<\/p>\n<p>Rozmiar wentylatora<\/p>\n<p>120x130x25 mm<\/p>\n<p>Wymiary<\/p>\n<p>122x78x158 mm<\/p>\n<p>Waga<\/p>\n<p>900 g<\/p>\n<p>Materia\u0142 radiatora<\/p>\n<p>Mied\u017a + Aluminium<\/p>\n","protected":false},"excerpt":{"rendered":"<p>Ch\u0142odzenie aktywne do procesora Darkflash S11 Pro ARGB (radiator + wentylator 120&#215;130) czarne 221,76 034850 Ch\u0142odzenie aktywne do procesora Darkflash S11 Pro ARGB Stw\u00f3rz procesorowi swojego komputera optymalne warunki pracy. Aktywne ch\u0142odzenie Darkflash S11 Pro ARGB zagwarantuje odpowiednie odprowadzanie ciep\u0142a, podnosz\u0105c wydajno\u015b\u0107 CPU. Zosta\u0142o r\u00f3wnie\u017c wyposa\u017cone w pod\u015bwietlenie ARGB, kt\u00f3re podkre\u015bli nowoczesny charakter Twojego sprz\u0119tu. [&hellip;]<\/p>\n","protected":false},"featured_media":1200,"comment_status":"open","ping_status":"closed","template":"","meta":[],"product_brand":[],"product_cat":[80],"product_tag":[],"class_list":{"0":"post-1193","1":"product","2":"type-product","3":"status-publish","4":"has-post-thumbnail","6":"product_cat-podzespoly-komputerowe","8":"first","9":"outofstock","10":"taxable","11":"shipping-taxable","12":"purchasable","13":"product-type-simple"},"yoast_head":"<!-- This site is optimized with the Yoast SEO plugin v27.3 - https:\/\/yoast.com\/product\/yoast-seo-wordpress\/ -->\n<title>Ch\u0142odzenie procesora aktywne darkFlash COOLDFS11PROB - Mix Market - Supermarket z wszystkim co potrzeba<\/title>\n<meta name=\"robots\" content=\"index, follow, max-snippet:-1, max-image-preview:large, max-video-preview:-1\" \/>\n<link rel=\"canonical\" href=\"https:\/\/racom.com.pl\/index.php\/produkt\/chlodzenie-procesora-aktywne-darkflash-cooldfs11prob\/\" \/>\n<meta property=\"og:locale\" content=\"pl_PL\" \/>\n<meta property=\"og:type\" content=\"article\" \/>\n<meta property=\"og:title\" content=\"Ch\u0142odzenie procesora aktywne darkFlash COOLDFS11PROB - Mix Market - Supermarket z wszystkim co potrzeba\" \/>\n<meta property=\"og:description\" content=\"Ch\u0142odzenie aktywne do procesora Darkflash S11 Pro ARGB (radiator + wentylator 120&#215;130) czarne 221,76 034850 Ch\u0142odzenie aktywne do procesora Darkflash S11 Pro ARGB Stw\u00f3rz procesorowi swojego komputera optymalne warunki pracy. Aktywne ch\u0142odzenie Darkflash S11 Pro ARGB zagwarantuje odpowiednie odprowadzanie ciep\u0142a, podnosz\u0105c wydajno\u015b\u0107 CPU. Zosta\u0142o r\u00f3wnie\u017c wyposa\u017cone w pod\u015bwietlenie ARGB, kt\u00f3re podkre\u015bli nowoczesny charakter Twojego sprz\u0119tu. [&hellip;]\" \/>\n<meta property=\"og:url\" content=\"https:\/\/racom.com.pl\/index.php\/produkt\/chlodzenie-procesora-aktywne-darkflash-cooldfs11prob\/\" \/>\n<meta property=\"og:site_name\" content=\"Mix Market - Supermarket z wszystkim co potrzeba\" \/>\n<meta property=\"og:image\" content=\"https:\/\/racom.com.pl\/wp-content\/uploads\/2025\/07\/allegro_687a7da7ba0d57.11727963_03fb880c4d6f9484c2a2cb583d27.jpg\" \/>\n\t<meta property=\"og:image:width\" content=\"800\" \/>\n\t<meta property=\"og:image:height\" content=\"800\" \/>\n\t<meta property=\"og:image:type\" content=\"image\/jpeg\" \/>\n<meta name=\"twitter:card\" content=\"summary_large_image\" \/>\n<meta name=\"twitter:label1\" content=\"Szacowany czas czytania\" \/>\n\t<meta name=\"twitter:data1\" content=\"1 minuta\" \/>\n<script type=\"application\/ld+json\" class=\"yoast-schema-graph\">{\"@context\":\"https:\\\/\\\/schema.org\",\"@graph\":[{\"@type\":\"WebPage\",\"@id\":\"https:\\\/\\\/racom.com.pl\\\/index.php\\\/produkt\\\/chlodzenie-procesora-aktywne-darkflash-cooldfs11prob\\\/\",\"url\":\"https:\\\/\\\/racom.com.pl\\\/index.php\\\/produkt\\\/chlodzenie-procesora-aktywne-darkflash-cooldfs11prob\\\/\",\"name\":\"Ch\u0142odzenie procesora aktywne darkFlash COOLDFS11PROB - Mix Market - Supermarket z wszystkim co potrzeba\",\"isPartOf\":{\"@id\":\"https:\\\/\\\/racom.com.pl\\\/#website\"},\"primaryImageOfPage\":{\"@id\":\"https:\\\/\\\/racom.com.pl\\\/index.php\\\/produkt\\\/chlodzenie-procesora-aktywne-darkflash-cooldfs11prob\\\/#primaryimage\"},\"image\":{\"@id\":\"https:\\\/\\\/racom.com.pl\\\/index.php\\\/produkt\\\/chlodzenie-procesora-aktywne-darkflash-cooldfs11prob\\\/#primaryimage\"},\"thumbnailUrl\":\"https:\\\/\\\/racom.com.pl\\\/wp-content\\\/uploads\\\/2025\\\/07\\\/allegro_687a7da7ba0d57.11727963_03fb880c4d6f9484c2a2cb583d27.jpg\",\"datePublished\":\"2025-07-18T16:59:47+00:00\",\"breadcrumb\":{\"@id\":\"https:\\\/\\\/racom.com.pl\\\/index.php\\\/produkt\\\/chlodzenie-procesora-aktywne-darkflash-cooldfs11prob\\\/#breadcrumb\"},\"inLanguage\":\"pl-PL\",\"potentialAction\":[{\"@type\":\"ReadAction\",\"target\":[\"https:\\\/\\\/racom.com.pl\\\/index.php\\\/produkt\\\/chlodzenie-procesora-aktywne-darkflash-cooldfs11prob\\\/\"]}]},{\"@type\":\"ImageObject\",\"inLanguage\":\"pl-PL\",\"@id\":\"https:\\\/\\\/racom.com.pl\\\/index.php\\\/produkt\\\/chlodzenie-procesora-aktywne-darkflash-cooldfs11prob\\\/#primaryimage\",\"url\":\"https:\\\/\\\/racom.com.pl\\\/wp-content\\\/uploads\\\/2025\\\/07\\\/allegro_687a7da7ba0d57.11727963_03fb880c4d6f9484c2a2cb583d27.jpg\",\"contentUrl\":\"https:\\\/\\\/racom.com.pl\\\/wp-content\\\/uploads\\\/2025\\\/07\\\/allegro_687a7da7ba0d57.11727963_03fb880c4d6f9484c2a2cb583d27.jpg\",\"width\":800,\"height\":800},{\"@type\":\"BreadcrumbList\",\"@id\":\"https:\\\/\\\/racom.com.pl\\\/index.php\\\/produkt\\\/chlodzenie-procesora-aktywne-darkflash-cooldfs11prob\\\/#breadcrumb\",\"itemListElement\":[{\"@type\":\"ListItem\",\"position\":1,\"name\":\"Strona g\u0142\u00f3wna\",\"item\":\"https:\\\/\\\/racom.com.pl\\\/\"},{\"@type\":\"ListItem\",\"position\":2,\"name\":\"Sklep\",\"item\":\"https:\\\/\\\/racom.com.pl\\\/\"},{\"@type\":\"ListItem\",\"position\":3,\"name\":\"Ch\u0142odzenie procesora aktywne darkFlash COOLDFS11PROB\"}]},{\"@type\":\"WebSite\",\"@id\":\"https:\\\/\\\/racom.com.pl\\\/#website\",\"url\":\"https:\\\/\\\/racom.com.pl\\\/\",\"name\":\"Mix Market - Supermarket z wszystkim co potrzeba do domu i nie tylko\",\"description\":\"\",\"publisher\":{\"@id\":\"https:\\\/\\\/racom.com.pl\\\/#organization\"},\"potentialAction\":[{\"@type\":\"SearchAction\",\"target\":{\"@type\":\"EntryPoint\",\"urlTemplate\":\"https:\\\/\\\/racom.com.pl\\\/?s={search_term_string}\"},\"query-input\":{\"@type\":\"PropertyValueSpecification\",\"valueRequired\":true,\"valueName\":\"search_term_string\"}}],\"inLanguage\":\"pl-PL\"},{\"@type\":\"Organization\",\"@id\":\"https:\\\/\\\/racom.com.pl\\\/#organization\",\"name\":\"Mix Market - Supermarket z wszystkim co potrzeba do domu i nie tylko\",\"url\":\"https:\\\/\\\/racom.com.pl\\\/\",\"logo\":{\"@type\":\"ImageObject\",\"inLanguage\":\"pl-PL\",\"@id\":\"https:\\\/\\\/racom.com.pl\\\/#\\\/schema\\\/logo\\\/image\\\/\",\"url\":\"https:\\\/\\\/racom.com.pl\\\/wp-content\\\/uploads\\\/2025\\\/07\\\/mixmarket_logo.png\",\"contentUrl\":\"https:\\\/\\\/racom.com.pl\\\/wp-content\\\/uploads\\\/2025\\\/07\\\/mixmarket_logo.png\",\"width\":1024,\"height\":1024,\"caption\":\"Mix Market - Supermarket z wszystkim co potrzeba do domu i nie tylko\"},\"image\":{\"@id\":\"https:\\\/\\\/racom.com.pl\\\/#\\\/schema\\\/logo\\\/image\\\/\"}}]}<\/script>\n<!-- \/ Yoast SEO plugin. -->","yoast_head_json":{"title":"Ch\u0142odzenie procesora aktywne darkFlash COOLDFS11PROB - Mix Market - Supermarket z wszystkim co potrzeba","robots":{"index":"index","follow":"follow","max-snippet":"max-snippet:-1","max-image-preview":"max-image-preview:large","max-video-preview":"max-video-preview:-1"},"canonical":"https:\/\/racom.com.pl\/index.php\/produkt\/chlodzenie-procesora-aktywne-darkflash-cooldfs11prob\/","og_locale":"pl_PL","og_type":"article","og_title":"Ch\u0142odzenie procesora aktywne darkFlash COOLDFS11PROB - Mix Market - Supermarket z wszystkim co potrzeba","og_description":"Ch\u0142odzenie aktywne do procesora Darkflash S11 Pro ARGB (radiator + wentylator 120&#215;130) czarne 221,76 034850 Ch\u0142odzenie aktywne do procesora Darkflash S11 Pro ARGB Stw\u00f3rz procesorowi swojego komputera optymalne warunki pracy. Aktywne ch\u0142odzenie Darkflash S11 Pro ARGB zagwarantuje odpowiednie odprowadzanie ciep\u0142a, podnosz\u0105c wydajno\u015b\u0107 CPU. Zosta\u0142o r\u00f3wnie\u017c wyposa\u017cone w pod\u015bwietlenie ARGB, kt\u00f3re podkre\u015bli nowoczesny charakter Twojego sprz\u0119tu. [&hellip;]","og_url":"https:\/\/racom.com.pl\/index.php\/produkt\/chlodzenie-procesora-aktywne-darkflash-cooldfs11prob\/","og_site_name":"Mix Market - Supermarket z wszystkim co potrzeba","og_image":[{"width":800,"height":800,"url":"https:\/\/racom.com.pl\/wp-content\/uploads\/2025\/07\/allegro_687a7da7ba0d57.11727963_03fb880c4d6f9484c2a2cb583d27.jpg","type":"image\/jpeg"}],"twitter_card":"summary_large_image","twitter_misc":{"Szacowany czas czytania":"1 minuta"},"schema":{"@context":"https:\/\/schema.org","@graph":[{"@type":"WebPage","@id":"https:\/\/racom.com.pl\/index.php\/produkt\/chlodzenie-procesora-aktywne-darkflash-cooldfs11prob\/","url":"https:\/\/racom.com.pl\/index.php\/produkt\/chlodzenie-procesora-aktywne-darkflash-cooldfs11prob\/","name":"Ch\u0142odzenie procesora aktywne darkFlash COOLDFS11PROB - Mix Market - Supermarket z wszystkim co potrzeba","isPartOf":{"@id":"https:\/\/racom.com.pl\/#website"},"primaryImageOfPage":{"@id":"https:\/\/racom.com.pl\/index.php\/produkt\/chlodzenie-procesora-aktywne-darkflash-cooldfs11prob\/#primaryimage"},"image":{"@id":"https:\/\/racom.com.pl\/index.php\/produkt\/chlodzenie-procesora-aktywne-darkflash-cooldfs11prob\/#primaryimage"},"thumbnailUrl":"https:\/\/racom.com.pl\/wp-content\/uploads\/2025\/07\/allegro_687a7da7ba0d57.11727963_03fb880c4d6f9484c2a2cb583d27.jpg","datePublished":"2025-07-18T16:59:47+00:00","breadcrumb":{"@id":"https:\/\/racom.com.pl\/index.php\/produkt\/chlodzenie-procesora-aktywne-darkflash-cooldfs11prob\/#breadcrumb"},"inLanguage":"pl-PL","potentialAction":[{"@type":"ReadAction","target":["https:\/\/racom.com.pl\/index.php\/produkt\/chlodzenie-procesora-aktywne-darkflash-cooldfs11prob\/"]}]},{"@type":"ImageObject","inLanguage":"pl-PL","@id":"https:\/\/racom.com.pl\/index.php\/produkt\/chlodzenie-procesora-aktywne-darkflash-cooldfs11prob\/#primaryimage","url":"https:\/\/racom.com.pl\/wp-content\/uploads\/2025\/07\/allegro_687a7da7ba0d57.11727963_03fb880c4d6f9484c2a2cb583d27.jpg","contentUrl":"https:\/\/racom.com.pl\/wp-content\/uploads\/2025\/07\/allegro_687a7da7ba0d57.11727963_03fb880c4d6f9484c2a2cb583d27.jpg","width":800,"height":800},{"@type":"BreadcrumbList","@id":"https:\/\/racom.com.pl\/index.php\/produkt\/chlodzenie-procesora-aktywne-darkflash-cooldfs11prob\/#breadcrumb","itemListElement":[{"@type":"ListItem","position":1,"name":"Strona g\u0142\u00f3wna","item":"https:\/\/racom.com.pl\/"},{"@type":"ListItem","position":2,"name":"Sklep","item":"https:\/\/racom.com.pl\/"},{"@type":"ListItem","position":3,"name":"Ch\u0142odzenie procesora aktywne darkFlash COOLDFS11PROB"}]},{"@type":"WebSite","@id":"https:\/\/racom.com.pl\/#website","url":"https:\/\/racom.com.pl\/","name":"Mix Market - Supermarket z wszystkim co potrzeba do domu i nie tylko","description":"","publisher":{"@id":"https:\/\/racom.com.pl\/#organization"},"potentialAction":[{"@type":"SearchAction","target":{"@type":"EntryPoint","urlTemplate":"https:\/\/racom.com.pl\/?s={search_term_string}"},"query-input":{"@type":"PropertyValueSpecification","valueRequired":true,"valueName":"search_term_string"}}],"inLanguage":"pl-PL"},{"@type":"Organization","@id":"https:\/\/racom.com.pl\/#organization","name":"Mix Market - Supermarket z wszystkim co potrzeba do domu i nie tylko","url":"https:\/\/racom.com.pl\/","logo":{"@type":"ImageObject","inLanguage":"pl-PL","@id":"https:\/\/racom.com.pl\/#\/schema\/logo\/image\/","url":"https:\/\/racom.com.pl\/wp-content\/uploads\/2025\/07\/mixmarket_logo.png","contentUrl":"https:\/\/racom.com.pl\/wp-content\/uploads\/2025\/07\/mixmarket_logo.png","width":1024,"height":1024,"caption":"Mix Market - Supermarket z wszystkim co potrzeba do domu i nie tylko"},"image":{"@id":"https:\/\/racom.com.pl\/#\/schema\/logo\/image\/"}}]}},"_links":{"self":[{"href":"https:\/\/racom.com.pl\/index.php\/wp-json\/wp\/v2\/product\/1193","targetHints":{"allow":["GET"]}}],"collection":[{"href":"https:\/\/racom.com.pl\/index.php\/wp-json\/wp\/v2\/product"}],"about":[{"href":"https:\/\/racom.com.pl\/index.php\/wp-json\/wp\/v2\/types\/product"}],"replies":[{"embeddable":true,"href":"https:\/\/racom.com.pl\/index.php\/wp-json\/wp\/v2\/comments?post=1193"}],"wp:featuredmedia":[{"embeddable":true,"href":"https:\/\/racom.com.pl\/index.php\/wp-json\/wp\/v2\/media\/1200"}],"wp:attachment":[{"href":"https:\/\/racom.com.pl\/index.php\/wp-json\/wp\/v2\/media?parent=1193"}],"wp:term":[{"taxonomy":"product_brand","embeddable":true,"href":"https:\/\/racom.com.pl\/index.php\/wp-json\/wp\/v2\/product_brand?post=1193"},{"taxonomy":"product_cat","embeddable":true,"href":"https:\/\/racom.com.pl\/index.php\/wp-json\/wp\/v2\/product_cat?post=1193"},{"taxonomy":"product_tag","embeddable":true,"href":"https:\/\/racom.com.pl\/index.php\/wp-json\/wp\/v2\/product_tag?post=1193"}],"curies":[{"name":"wp","href":"https:\/\/api.w.org\/{rel}","templated":true}]}}