{"id":1206,"date":"2025-07-18T19:00:58","date_gmt":"2025-07-18T17:00:58","guid":{"rendered":"http:\/\/192.168.2.106\/index.php\/produkt\/kolbowy-ekspres-cisnieniowy-gaggia-classic-evo-1200-w-bialy-ri9481-13\/"},"modified":"2025-07-18T19:00:58","modified_gmt":"2025-07-18T17:00:58","slug":"kolbowy-ekspres-cisnieniowy-gaggia-classic-evo-1200-w-bialy-ri9481-13","status":"publish","type":"product","link":"https:\/\/racom.com.pl\/index.php\/produkt\/kolbowy-ekspres-cisnieniowy-gaggia-classic-evo-1200-w-bialy-ri9481-13\/","title":{"rendered":"Kolbowy ekspres ci\u015bnieniowy Gaggia Classic Evo 1200 W bia\u0142y RI9481\/13"},"content":{"rendered":"<h2>GAGGIA CLASSIC EVO (Bia\u0142y)<\/h2>\n<p>Gaggia Classic EVO to model ekspresu ci\u015bnieniowego, kt\u00f3ry zdecydowanie przykuwa uwag\u0119 swoim klasycznym wygl\u0105dem. Nowy profesjonalny uchwyt filtra premium ze stali nierdzewnej &#8211; Nowa mosi\u0119\u017cna grupa zaparzaj\u0105ca &#8211; Tradycyjny bojler Gaggia z wewn\u0119trzn\u0105 pow\u0142ok\u0105 antyadhezyjn\u0105 i antykorozyjn\u0105 Obudowa wykonana z wysokiej klasy stali nierdzewnej oraz profesjonalna kolba, pozwoli nam poczu\u0107 si\u0119 jak w prawdziwej w\u0142oskiej kawiarni, nie wychodz\u0105c z domu&#8230;<\/p>\n<h2>O PRODUKCIE<\/h2>\n<p>Boiler wykonany ze stopu aluminium, oraz tr\u00f3jdro\u017cny zaw\u00f3r elektromagnetyczny zapewniaj\u0105 stabilna temperatur\u0119 oraz ci\u015bnienie, dzi\u0119ki kt\u00f3rym otrzymamy wysok\u0105 jako\u015b\u0107 ekstrakcji kawy. Dysza spieniaj\u0105ca umo\u017cliwia przygotowanie kaw mlecznych, a podgrzewacz do fili\u017canek zapewni odpowiedni\u0105 temperatur\u0119 szk\u0142a. Kaw\u0119 mo\u017cemy przygotowa\u0107 z saszetek ESE lub z kawy mielonej, a podw\u00f3jna wylewka oszcz\u0119dzi nas czas, przygotowuj\u0105c dwie kawy jednocze\u015bnie.<\/p>\n<h2>\u0141ATWO\u015a\u0106 OBS\u0141UGI<\/h2>\n<p>Obs\u0142uga ekspresu Gaggia Classic EVO jest bardzo intuicyjna, dzi\u0119ki zastosowaniu 3 przycisk\u00f3w z diodami na panelu przednim. \u0141atwy dost\u0119p do pojemnika z wod\u0105 oraz do tacki ociekowej zapewni wygodne u\u017cytkowanie. Automatyczna funkcja wy\u0142\u0105czenia urz\u0105dzenia pozwoli \u201ezapomnie\u0107 si\u0119\u201d i odda\u0107 si\u0119 w pe\u0142ni fili\u017cance kawy.<\/p>\n<p><b>SPECYFIKACJA<\/b><\/p>\n<p>Szeroko\u015b\u0107:&nbsp;230 mm<\/p>\n<p>G\u0142\u0119boko\u015b\u0107:&nbsp;240 mm<\/p>\n<p>Wysoko\u015b\u0107:&nbsp;380 mm<\/p>\n<p>Waga:&nbsp;7,2 kg<\/p>\n<p>Grupa kawowa:&nbsp;58 mm<\/p>\n<p>Zasilanie:&nbsp;230 V 50 HZ 1200 W; 120 V 60 HZ 1350 W; 220 V 1100 W (KR)<\/p>\n<p>Pojemno\u015b\u0107 bojlera:&nbsp;150 ml<\/p>\n<p>Zbiornik na wod\u0119:&nbsp;2100 ml<\/p>\n<p>Materia\u0142 kolby:&nbsp;Stal nierdzewna<\/p>\n<p>Materia\u0142 obudowy:&nbsp;Szczotkowana stal nierdzewna<\/p>\n<p>Materia\u0142 bloku zaparzaj\u0105cego:&nbsp;Mosi\u0105dz<\/p>\n<p>Materia\u0142 tacki ociekowej:&nbsp;Stal nierdzewna i tworzywo sztuczne<\/p>\n<p><b>W\u0141A\u015aCIWO\u015aCI TECHNICZNE<\/b><\/p>\n<p>Obs\u0142uga:&nbsp;Przyciski rocker+ lampki wska\u017anikowe<\/p>\n<p>Manulany zaparzacz Lavetta:&nbsp;\u2713<\/p>\n<p>Dysza pary:&nbsp;Profesjonalna ze stali nierdzewnej<\/p>\n<p>Dysza gor\u0105cej wody:&nbsp;Profesjonalna ze stali nierdzewnej<\/p>\n<p>Zaw\u00f3r elektromagnetyczny: \u2713<\/p>\n","protected":false},"excerpt":{"rendered":"<p>GAGGIA CLASSIC EVO (Bia\u0142y) Gaggia Classic EVO to model ekspresu ci\u015bnieniowego, kt\u00f3ry zdecydowanie przykuwa uwag\u0119 swoim klasycznym wygl\u0105dem. Nowy profesjonalny uchwyt filtra premium ze stali nierdzewnej &#8211; Nowa mosi\u0119\u017cna grupa zaparzaj\u0105ca &#8211; Tradycyjny bojler Gaggia z wewn\u0119trzn\u0105 pow\u0142ok\u0105 antyadhezyjn\u0105 i antykorozyjn\u0105 Obudowa wykonana z wysokiej klasy stali nierdzewnej oraz profesjonalna kolba, pozwoli nam poczu\u0107 si\u0119 [&hellip;]<\/p>\n","protected":false},"featured_media":1209,"comment_status":"open","ping_status":"closed","template":"","meta":[],"product_brand":[82],"product_cat":[32],"product_tag":[],"class_list":{"0":"post-1206","1":"product","2":"type-product","3":"status-publish","4":"has-post-thumbnail","6":"product_brand-gaggia","7":"product_cat-agd-drobne","9":"first","10":"outofstock","11":"taxable","12":"shipping-taxable","13":"purchasable","14":"product-type-simple"},"yoast_head":"<!-- This site is optimized with the Yoast SEO plugin v27.3 - https:\/\/yoast.com\/product\/yoast-seo-wordpress\/ -->\n<title>Kolbowy ekspres ci\u015bnieniowy Gaggia Classic Evo 1200 W bia\u0142y RI9481\/13 - Mix Market - Supermarket z wszystkim co potrzeba<\/title>\n<meta name=\"robots\" content=\"index, follow, max-snippet:-1, max-image-preview:large, max-video-preview:-1\" \/>\n<link rel=\"canonical\" href=\"https:\/\/racom.com.pl\/index.php\/produkt\/kolbowy-ekspres-cisnieniowy-gaggia-classic-evo-1200-w-bialy-ri9481-13\/\" \/>\n<meta property=\"og:locale\" content=\"pl_PL\" \/>\n<meta property=\"og:type\" content=\"article\" \/>\n<meta property=\"og:title\" content=\"Kolbowy ekspres ci\u015bnieniowy Gaggia Classic Evo 1200 W bia\u0142y RI9481\/13 - Mix Market - Supermarket z wszystkim co potrzeba\" \/>\n<meta property=\"og:description\" content=\"GAGGIA CLASSIC EVO (Bia\u0142y) Gaggia Classic EVO to model ekspresu ci\u015bnieniowego, kt\u00f3ry zdecydowanie przykuwa uwag\u0119 swoim klasycznym wygl\u0105dem. Nowy profesjonalny uchwyt filtra premium ze stali nierdzewnej &#8211; Nowa mosi\u0119\u017cna grupa zaparzaj\u0105ca &#8211; Tradycyjny bojler Gaggia z wewn\u0119trzn\u0105 pow\u0142ok\u0105 antyadhezyjn\u0105 i antykorozyjn\u0105 Obudowa wykonana z wysokiej klasy stali nierdzewnej oraz profesjonalna kolba, pozwoli nam poczu\u0107 si\u0119 [&hellip;]\" \/>\n<meta property=\"og:url\" content=\"https:\/\/racom.com.pl\/index.php\/produkt\/kolbowy-ekspres-cisnieniowy-gaggia-classic-evo-1200-w-bialy-ri9481-13\/\" \/>\n<meta property=\"og:site_name\" content=\"Mix Market - Supermarket z wszystkim co potrzeba\" \/>\n<meta property=\"og:image\" content=\"https:\/\/racom.com.pl\/wp-content\/uploads\/2025\/07\/allegro_687a7dd8ec12a4.77677032_d65a65734bdb92afe9c52a7784df.jpg\" \/>\n\t<meta property=\"og:image:width\" content=\"1000\" \/>\n\t<meta property=\"og:image:height\" content=\"1000\" \/>\n\t<meta property=\"og:image:type\" content=\"image\/jpeg\" \/>\n<meta name=\"twitter:card\" content=\"summary_large_image\" \/>\n<meta name=\"twitter:label1\" content=\"Szacowany czas czytania\" \/>\n\t<meta name=\"twitter:data1\" content=\"1 minuta\" \/>\n<script type=\"application\/ld+json\" class=\"yoast-schema-graph\">{\"@context\":\"https:\\\/\\\/schema.org\",\"@graph\":[{\"@type\":\"WebPage\",\"@id\":\"https:\\\/\\\/racom.com.pl\\\/index.php\\\/produkt\\\/kolbowy-ekspres-cisnieniowy-gaggia-classic-evo-1200-w-bialy-ri9481-13\\\/\",\"url\":\"https:\\\/\\\/racom.com.pl\\\/index.php\\\/produkt\\\/kolbowy-ekspres-cisnieniowy-gaggia-classic-evo-1200-w-bialy-ri9481-13\\\/\",\"name\":\"Kolbowy ekspres ci\u015bnieniowy Gaggia Classic Evo 1200 W bia\u0142y RI9481\\\/13 - Mix Market - Supermarket z wszystkim co potrzeba\",\"isPartOf\":{\"@id\":\"https:\\\/\\\/racom.com.pl\\\/#website\"},\"primaryImageOfPage\":{\"@id\":\"https:\\\/\\\/racom.com.pl\\\/index.php\\\/produkt\\\/kolbowy-ekspres-cisnieniowy-gaggia-classic-evo-1200-w-bialy-ri9481-13\\\/#primaryimage\"},\"image\":{\"@id\":\"https:\\\/\\\/racom.com.pl\\\/index.php\\\/produkt\\\/kolbowy-ekspres-cisnieniowy-gaggia-classic-evo-1200-w-bialy-ri9481-13\\\/#primaryimage\"},\"thumbnailUrl\":\"https:\\\/\\\/racom.com.pl\\\/wp-content\\\/uploads\\\/2025\\\/07\\\/allegro_687a7dd8ec12a4.77677032_d65a65734bdb92afe9c52a7784df.jpg\",\"datePublished\":\"2025-07-18T17:00:58+00:00\",\"breadcrumb\":{\"@id\":\"https:\\\/\\\/racom.com.pl\\\/index.php\\\/produkt\\\/kolbowy-ekspres-cisnieniowy-gaggia-classic-evo-1200-w-bialy-ri9481-13\\\/#breadcrumb\"},\"inLanguage\":\"pl-PL\",\"potentialAction\":[{\"@type\":\"ReadAction\",\"target\":[\"https:\\\/\\\/racom.com.pl\\\/index.php\\\/produkt\\\/kolbowy-ekspres-cisnieniowy-gaggia-classic-evo-1200-w-bialy-ri9481-13\\\/\"]}]},{\"@type\":\"ImageObject\",\"inLanguage\":\"pl-PL\",\"@id\":\"https:\\\/\\\/racom.com.pl\\\/index.php\\\/produkt\\\/kolbowy-ekspres-cisnieniowy-gaggia-classic-evo-1200-w-bialy-ri9481-13\\\/#primaryimage\",\"url\":\"https:\\\/\\\/racom.com.pl\\\/wp-content\\\/uploads\\\/2025\\\/07\\\/allegro_687a7dd8ec12a4.77677032_d65a65734bdb92afe9c52a7784df.jpg\",\"contentUrl\":\"https:\\\/\\\/racom.com.pl\\\/wp-content\\\/uploads\\\/2025\\\/07\\\/allegro_687a7dd8ec12a4.77677032_d65a65734bdb92afe9c52a7784df.jpg\",\"width\":1000,\"height\":1000},{\"@type\":\"BreadcrumbList\",\"@id\":\"https:\\\/\\\/racom.com.pl\\\/index.php\\\/produkt\\\/kolbowy-ekspres-cisnieniowy-gaggia-classic-evo-1200-w-bialy-ri9481-13\\\/#breadcrumb\",\"itemListElement\":[{\"@type\":\"ListItem\",\"position\":1,\"name\":\"Strona g\u0142\u00f3wna\",\"item\":\"https:\\\/\\\/racom.com.pl\\\/\"},{\"@type\":\"ListItem\",\"position\":2,\"name\":\"Sklep\",\"item\":\"https:\\\/\\\/racom.com.pl\\\/\"},{\"@type\":\"ListItem\",\"position\":3,\"name\":\"Kolbowy ekspres ci\u015bnieniowy Gaggia Classic Evo 1200 W bia\u0142y RI9481\\\/13\"}]},{\"@type\":\"WebSite\",\"@id\":\"https:\\\/\\\/racom.com.pl\\\/#website\",\"url\":\"https:\\\/\\\/racom.com.pl\\\/\",\"name\":\"Mix Market - Supermarket z wszystkim co potrzeba do domu i nie tylko\",\"description\":\"\",\"publisher\":{\"@id\":\"https:\\\/\\\/racom.com.pl\\\/#organization\"},\"potentialAction\":[{\"@type\":\"SearchAction\",\"target\":{\"@type\":\"EntryPoint\",\"urlTemplate\":\"https:\\\/\\\/racom.com.pl\\\/?s={search_term_string}\"},\"query-input\":{\"@type\":\"PropertyValueSpecification\",\"valueRequired\":true,\"valueName\":\"search_term_string\"}}],\"inLanguage\":\"pl-PL\"},{\"@type\":\"Organization\",\"@id\":\"https:\\\/\\\/racom.com.pl\\\/#organization\",\"name\":\"Mix Market - Supermarket z wszystkim co potrzeba do domu i nie tylko\",\"url\":\"https:\\\/\\\/racom.com.pl\\\/\",\"logo\":{\"@type\":\"ImageObject\",\"inLanguage\":\"pl-PL\",\"@id\":\"https:\\\/\\\/racom.com.pl\\\/#\\\/schema\\\/logo\\\/image\\\/\",\"url\":\"https:\\\/\\\/racom.com.pl\\\/wp-content\\\/uploads\\\/2025\\\/07\\\/mixmarket_logo.png\",\"contentUrl\":\"https:\\\/\\\/racom.com.pl\\\/wp-content\\\/uploads\\\/2025\\\/07\\\/mixmarket_logo.png\",\"width\":1024,\"height\":1024,\"caption\":\"Mix Market - Supermarket z wszystkim co potrzeba do domu i nie tylko\"},\"image\":{\"@id\":\"https:\\\/\\\/racom.com.pl\\\/#\\\/schema\\\/logo\\\/image\\\/\"}}]}<\/script>\n<!-- \/ Yoast SEO plugin. -->","yoast_head_json":{"title":"Kolbowy ekspres ci\u015bnieniowy Gaggia Classic Evo 1200 W bia\u0142y RI9481\/13 - Mix Market - Supermarket z wszystkim co potrzeba","robots":{"index":"index","follow":"follow","max-snippet":"max-snippet:-1","max-image-preview":"max-image-preview:large","max-video-preview":"max-video-preview:-1"},"canonical":"https:\/\/racom.com.pl\/index.php\/produkt\/kolbowy-ekspres-cisnieniowy-gaggia-classic-evo-1200-w-bialy-ri9481-13\/","og_locale":"pl_PL","og_type":"article","og_title":"Kolbowy ekspres ci\u015bnieniowy Gaggia Classic Evo 1200 W bia\u0142y RI9481\/13 - Mix Market - Supermarket z wszystkim co potrzeba","og_description":"GAGGIA CLASSIC EVO (Bia\u0142y) Gaggia Classic EVO to model ekspresu ci\u015bnieniowego, kt\u00f3ry zdecydowanie przykuwa uwag\u0119 swoim klasycznym wygl\u0105dem. Nowy profesjonalny uchwyt filtra premium ze stali nierdzewnej &#8211; Nowa mosi\u0119\u017cna grupa zaparzaj\u0105ca &#8211; Tradycyjny bojler Gaggia z wewn\u0119trzn\u0105 pow\u0142ok\u0105 antyadhezyjn\u0105 i antykorozyjn\u0105 Obudowa wykonana z wysokiej klasy stali nierdzewnej oraz profesjonalna kolba, pozwoli nam poczu\u0107 si\u0119 [&hellip;]","og_url":"https:\/\/racom.com.pl\/index.php\/produkt\/kolbowy-ekspres-cisnieniowy-gaggia-classic-evo-1200-w-bialy-ri9481-13\/","og_site_name":"Mix Market - Supermarket z wszystkim co potrzeba","og_image":[{"width":1000,"height":1000,"url":"https:\/\/racom.com.pl\/wp-content\/uploads\/2025\/07\/allegro_687a7dd8ec12a4.77677032_d65a65734bdb92afe9c52a7784df.jpg","type":"image\/jpeg"}],"twitter_card":"summary_large_image","twitter_misc":{"Szacowany czas czytania":"1 minuta"},"schema":{"@context":"https:\/\/schema.org","@graph":[{"@type":"WebPage","@id":"https:\/\/racom.com.pl\/index.php\/produkt\/kolbowy-ekspres-cisnieniowy-gaggia-classic-evo-1200-w-bialy-ri9481-13\/","url":"https:\/\/racom.com.pl\/index.php\/produkt\/kolbowy-ekspres-cisnieniowy-gaggia-classic-evo-1200-w-bialy-ri9481-13\/","name":"Kolbowy ekspres ci\u015bnieniowy Gaggia Classic Evo 1200 W bia\u0142y RI9481\/13 - Mix Market - Supermarket z wszystkim co potrzeba","isPartOf":{"@id":"https:\/\/racom.com.pl\/#website"},"primaryImageOfPage":{"@id":"https:\/\/racom.com.pl\/index.php\/produkt\/kolbowy-ekspres-cisnieniowy-gaggia-classic-evo-1200-w-bialy-ri9481-13\/#primaryimage"},"image":{"@id":"https:\/\/racom.com.pl\/index.php\/produkt\/kolbowy-ekspres-cisnieniowy-gaggia-classic-evo-1200-w-bialy-ri9481-13\/#primaryimage"},"thumbnailUrl":"https:\/\/racom.com.pl\/wp-content\/uploads\/2025\/07\/allegro_687a7dd8ec12a4.77677032_d65a65734bdb92afe9c52a7784df.jpg","datePublished":"2025-07-18T17:00:58+00:00","breadcrumb":{"@id":"https:\/\/racom.com.pl\/index.php\/produkt\/kolbowy-ekspres-cisnieniowy-gaggia-classic-evo-1200-w-bialy-ri9481-13\/#breadcrumb"},"inLanguage":"pl-PL","potentialAction":[{"@type":"ReadAction","target":["https:\/\/racom.com.pl\/index.php\/produkt\/kolbowy-ekspres-cisnieniowy-gaggia-classic-evo-1200-w-bialy-ri9481-13\/"]}]},{"@type":"ImageObject","inLanguage":"pl-PL","@id":"https:\/\/racom.com.pl\/index.php\/produkt\/kolbowy-ekspres-cisnieniowy-gaggia-classic-evo-1200-w-bialy-ri9481-13\/#primaryimage","url":"https:\/\/racom.com.pl\/wp-content\/uploads\/2025\/07\/allegro_687a7dd8ec12a4.77677032_d65a65734bdb92afe9c52a7784df.jpg","contentUrl":"https:\/\/racom.com.pl\/wp-content\/uploads\/2025\/07\/allegro_687a7dd8ec12a4.77677032_d65a65734bdb92afe9c52a7784df.jpg","width":1000,"height":1000},{"@type":"BreadcrumbList","@id":"https:\/\/racom.com.pl\/index.php\/produkt\/kolbowy-ekspres-cisnieniowy-gaggia-classic-evo-1200-w-bialy-ri9481-13\/#breadcrumb","itemListElement":[{"@type":"ListItem","position":1,"name":"Strona g\u0142\u00f3wna","item":"https:\/\/racom.com.pl\/"},{"@type":"ListItem","position":2,"name":"Sklep","item":"https:\/\/racom.com.pl\/"},{"@type":"ListItem","position":3,"name":"Kolbowy ekspres ci\u015bnieniowy Gaggia Classic Evo 1200 W bia\u0142y RI9481\/13"}]},{"@type":"WebSite","@id":"https:\/\/racom.com.pl\/#website","url":"https:\/\/racom.com.pl\/","name":"Mix Market - Supermarket z wszystkim co potrzeba do domu i nie tylko","description":"","publisher":{"@id":"https:\/\/racom.com.pl\/#organization"},"potentialAction":[{"@type":"SearchAction","target":{"@type":"EntryPoint","urlTemplate":"https:\/\/racom.com.pl\/?s={search_term_string}"},"query-input":{"@type":"PropertyValueSpecification","valueRequired":true,"valueName":"search_term_string"}}],"inLanguage":"pl-PL"},{"@type":"Organization","@id":"https:\/\/racom.com.pl\/#organization","name":"Mix Market - Supermarket z wszystkim co potrzeba do domu i nie tylko","url":"https:\/\/racom.com.pl\/","logo":{"@type":"ImageObject","inLanguage":"pl-PL","@id":"https:\/\/racom.com.pl\/#\/schema\/logo\/image\/","url":"https:\/\/racom.com.pl\/wp-content\/uploads\/2025\/07\/mixmarket_logo.png","contentUrl":"https:\/\/racom.com.pl\/wp-content\/uploads\/2025\/07\/mixmarket_logo.png","width":1024,"height":1024,"caption":"Mix Market - Supermarket z wszystkim co potrzeba do domu i nie tylko"},"image":{"@id":"https:\/\/racom.com.pl\/#\/schema\/logo\/image\/"}}]}},"_links":{"self":[{"href":"https:\/\/racom.com.pl\/index.php\/wp-json\/wp\/v2\/product\/1206","targetHints":{"allow":["GET"]}}],"collection":[{"href":"https:\/\/racom.com.pl\/index.php\/wp-json\/wp\/v2\/product"}],"about":[{"href":"https:\/\/racom.com.pl\/index.php\/wp-json\/wp\/v2\/types\/product"}],"replies":[{"embeddable":true,"href":"https:\/\/racom.com.pl\/index.php\/wp-json\/wp\/v2\/comments?post=1206"}],"wp:featuredmedia":[{"embeddable":true,"href":"https:\/\/racom.com.pl\/index.php\/wp-json\/wp\/v2\/media\/1209"}],"wp:attachment":[{"href":"https:\/\/racom.com.pl\/index.php\/wp-json\/wp\/v2\/media?parent=1206"}],"wp:term":[{"taxonomy":"product_brand","embeddable":true,"href":"https:\/\/racom.com.pl\/index.php\/wp-json\/wp\/v2\/product_brand?post=1206"},{"taxonomy":"product_cat","embeddable":true,"href":"https:\/\/racom.com.pl\/index.php\/wp-json\/wp\/v2\/product_cat?post=1206"},{"taxonomy":"product_tag","embeddable":true,"href":"https:\/\/racom.com.pl\/index.php\/wp-json\/wp\/v2\/product_tag?post=1206"}],"curies":[{"name":"wp","href":"https:\/\/api.w.org\/{rel}","templated":true}]}}