{"id":127,"date":"2025-07-18T17:12:36","date_gmt":"2025-07-18T15:12:36","guid":{"rendered":"http:\/\/192.168.2.106\/index.php\/produkt\/baseus-gravity-grawitacyjny-uchwyt-na-kratke-360\/"},"modified":"2025-07-18T17:12:36","modified_gmt":"2025-07-18T15:12:36","slug":"baseus-gravity-grawitacyjny-uchwyt-na-kratke-360","status":"publish","type":"product","link":"https:\/\/racom.com.pl\/index.php\/produkt\/baseus-gravity-grawitacyjny-uchwyt-na-kratke-360\/","title":{"rendered":"BASEUS GRAVITY GRAWITACYJNY UCHWYT NA KRATK\u0118 360*"},"content":{"rendered":"<h2>Uchwyt grawitacyjny Baseus na kratk\u0119 samochodu (czarny)<\/h2>\n<ul>\n<li><b>Producent:<\/b> Baseus<\/li>\n<li><b>Model:<\/b> Gravity Car Mount<\/li>\n<li><b>Kod produktu:<\/b> SUYL-01<\/li>\n<li><b>Materia\u0142:<\/b> Plastik, TPE, ABS<\/li>\n<li><b>Rodzaj trzymania:<\/b> Zaciskowe<\/li>\n<li><b>Waga:<\/b> 109g<\/li>\n<li><b>Kolor:<\/b> Czarny<\/li>\n<li><b>Kompatybilno\u015b\u0107:<\/b> Urz\u0105dzenia o szeroko\u015bci 65-90 mm<\/li>\n<li><b>Wymiary:<\/b> 76x52x48mm<\/li>\n<\/ul>\n<p>Grawitacyjny uchwyt na telefon<\/p>\n<p>Grawitacyjny uchwyt na telefon marki Baseus, montowany na kratk\u0119 wentylacyjn\u0105 samochodu.&nbsp;Zakres regulacji uchwytu wynosi 360 stopni. Przeznaczony dla telefon\u00f3w o szeroko\u015bci od 63 do 88 cm. Automatyczne zaciski boczne mocowania samoistnie si\u0119 dopasowuj\u0105 do szeroko\u015bci telefonu. Wyci\u0119ty utw\u00f3r umo\u017cliwia pod\u0142\u0105czenie \u0142adowarki.<\/p>\n<p>Specyfikacja<\/p>\n<ul>\n<li><b>Producent:<\/b> Baseus<\/li>\n<li><b>Model:<\/b> Gravity Car Mount<\/li>\n<li><b>Kod produktu:<\/b> SUYL-01<\/li>\n<li><b>Materia\u0142:<\/b> Plastik, TPE, ABS<\/li>\n<li><b>Rodzaj trzymania:<\/b> Zaciskowe<\/li>\n<li><b>Waga:<\/b> 109g<\/li>\n<li><b>Kolor:<\/b> Czarny<\/li>\n<li><b>Kompatybilno\u015b\u0107:<\/b> Urz\u0105dzenia o szeroko\u015bci 65-90 mm<\/li>\n<li><b>Wymiary:<\/b> 76x52x48mm<\/li>\n<\/ul>\n","protected":false},"excerpt":{"rendered":"<p>Uchwyt grawitacyjny Baseus na kratk\u0119 samochodu (czarny) Producent: Baseus Model: Gravity Car Mount Kod produktu: SUYL-01 Materia\u0142: Plastik, TPE, ABS Rodzaj trzymania: Zaciskowe Waga: 109g Kolor: Czarny Kompatybilno\u015b\u0107: Urz\u0105dzenia o szeroko\u015bci 65-90 mm Wymiary: 76x52x48mm Grawitacyjny uchwyt na telefon Grawitacyjny uchwyt na telefon marki Baseus, montowany na kratk\u0119 wentylacyjn\u0105 samochodu.&nbsp;Zakres regulacji uchwytu wynosi 360 stopni. [&hellip;]<\/p>\n","protected":false},"featured_media":133,"comment_status":"open","ping_status":"closed","template":"","meta":[],"product_brand":[27],"product_cat":[26],"product_tag":[],"class_list":{"0":"post-127","1":"product","2":"type-product","3":"status-publish","4":"has-post-thumbnail","6":"product_brand-baseus","7":"product_cat-akcesoria-gsm","9":"first","10":"instock","11":"taxable","12":"shipping-taxable","13":"purchasable","14":"product-type-simple"},"yoast_head":"<!-- This site is optimized with the Yoast SEO plugin v27.3 - https:\/\/yoast.com\/product\/yoast-seo-wordpress\/ -->\n<title>BASEUS GRAVITY GRAWITACYJNY UCHWYT NA KRATK\u0118 360* - Mix Market - Supermarket z wszystkim co potrzeba<\/title>\n<meta name=\"robots\" content=\"index, follow, max-snippet:-1, max-image-preview:large, max-video-preview:-1\" \/>\n<link rel=\"canonical\" href=\"https:\/\/racom.com.pl\/index.php\/produkt\/baseus-gravity-grawitacyjny-uchwyt-na-kratke-360\/\" \/>\n<meta property=\"og:locale\" content=\"pl_PL\" \/>\n<meta property=\"og:type\" content=\"article\" \/>\n<meta property=\"og:title\" content=\"BASEUS GRAVITY GRAWITACYJNY UCHWYT NA KRATK\u0118 360* - Mix Market - Supermarket z wszystkim co potrzeba\" \/>\n<meta property=\"og:description\" content=\"Uchwyt grawitacyjny Baseus na kratk\u0119 samochodu (czarny) Producent: Baseus Model: Gravity Car Mount Kod produktu: SUYL-01 Materia\u0142: Plastik, TPE, ABS Rodzaj trzymania: Zaciskowe Waga: 109g Kolor: Czarny Kompatybilno\u015b\u0107: Urz\u0105dzenia o szeroko\u015bci 65-90 mm Wymiary: 76x52x48mm Grawitacyjny uchwyt na telefon Grawitacyjny uchwyt na telefon marki Baseus, montowany na kratk\u0119 wentylacyjn\u0105 samochodu.&nbsp;Zakres regulacji uchwytu wynosi 360 stopni. [&hellip;]\" \/>\n<meta property=\"og:url\" content=\"https:\/\/racom.com.pl\/index.php\/produkt\/baseus-gravity-grawitacyjny-uchwyt-na-kratke-360\/\" \/>\n<meta property=\"og:site_name\" content=\"Mix Market - Supermarket z wszystkim co potrzeba\" \/>\n<meta property=\"og:image\" content=\"https:\/\/racom.com.pl\/wp-content\/uploads\/2025\/07\/allegro_687a6477abd116.93559019_7c49a0d944e3ba056febe3fd2cc1.jpg\" \/>\n\t<meta property=\"og:image:width\" content=\"1200\" \/>\n\t<meta property=\"og:image:height\" content=\"1200\" \/>\n\t<meta property=\"og:image:type\" content=\"image\/jpeg\" \/>\n<meta name=\"twitter:card\" content=\"summary_large_image\" \/>\n<meta name=\"twitter:label1\" content=\"Szacowany czas czytania\" \/>\n\t<meta name=\"twitter:data1\" content=\"1 minuta\" \/>\n<script type=\"application\/ld+json\" class=\"yoast-schema-graph\">{\"@context\":\"https:\\\/\\\/schema.org\",\"@graph\":[{\"@type\":\"WebPage\",\"@id\":\"https:\\\/\\\/racom.com.pl\\\/index.php\\\/produkt\\\/baseus-gravity-grawitacyjny-uchwyt-na-kratke-360\\\/\",\"url\":\"https:\\\/\\\/racom.com.pl\\\/index.php\\\/produkt\\\/baseus-gravity-grawitacyjny-uchwyt-na-kratke-360\\\/\",\"name\":\"BASEUS GRAVITY GRAWITACYJNY UCHWYT NA KRATK\u0118 360* - Mix Market - Supermarket z wszystkim co potrzeba\",\"isPartOf\":{\"@id\":\"https:\\\/\\\/racom.com.pl\\\/#website\"},\"primaryImageOfPage\":{\"@id\":\"https:\\\/\\\/racom.com.pl\\\/index.php\\\/produkt\\\/baseus-gravity-grawitacyjny-uchwyt-na-kratke-360\\\/#primaryimage\"},\"image\":{\"@id\":\"https:\\\/\\\/racom.com.pl\\\/index.php\\\/produkt\\\/baseus-gravity-grawitacyjny-uchwyt-na-kratke-360\\\/#primaryimage\"},\"thumbnailUrl\":\"https:\\\/\\\/racom.com.pl\\\/wp-content\\\/uploads\\\/2025\\\/07\\\/allegro_687a6477abd116.93559019_7c49a0d944e3ba056febe3fd2cc1.jpg\",\"datePublished\":\"2025-07-18T15:12:36+00:00\",\"breadcrumb\":{\"@id\":\"https:\\\/\\\/racom.com.pl\\\/index.php\\\/produkt\\\/baseus-gravity-grawitacyjny-uchwyt-na-kratke-360\\\/#breadcrumb\"},\"inLanguage\":\"pl-PL\",\"potentialAction\":[{\"@type\":\"ReadAction\",\"target\":[\"https:\\\/\\\/racom.com.pl\\\/index.php\\\/produkt\\\/baseus-gravity-grawitacyjny-uchwyt-na-kratke-360\\\/\"]}]},{\"@type\":\"ImageObject\",\"inLanguage\":\"pl-PL\",\"@id\":\"https:\\\/\\\/racom.com.pl\\\/index.php\\\/produkt\\\/baseus-gravity-grawitacyjny-uchwyt-na-kratke-360\\\/#primaryimage\",\"url\":\"https:\\\/\\\/racom.com.pl\\\/wp-content\\\/uploads\\\/2025\\\/07\\\/allegro_687a6477abd116.93559019_7c49a0d944e3ba056febe3fd2cc1.jpg\",\"contentUrl\":\"https:\\\/\\\/racom.com.pl\\\/wp-content\\\/uploads\\\/2025\\\/07\\\/allegro_687a6477abd116.93559019_7c49a0d944e3ba056febe3fd2cc1.jpg\",\"width\":1200,\"height\":1200},{\"@type\":\"BreadcrumbList\",\"@id\":\"https:\\\/\\\/racom.com.pl\\\/index.php\\\/produkt\\\/baseus-gravity-grawitacyjny-uchwyt-na-kratke-360\\\/#breadcrumb\",\"itemListElement\":[{\"@type\":\"ListItem\",\"position\":1,\"name\":\"Strona g\u0142\u00f3wna\",\"item\":\"https:\\\/\\\/racom.com.pl\\\/\"},{\"@type\":\"ListItem\",\"position\":2,\"name\":\"Sklep\",\"item\":\"https:\\\/\\\/racom.com.pl\\\/\"},{\"@type\":\"ListItem\",\"position\":3,\"name\":\"BASEUS GRAVITY GRAWITACYJNY UCHWYT NA KRATK\u0118 360*\"}]},{\"@type\":\"WebSite\",\"@id\":\"https:\\\/\\\/racom.com.pl\\\/#website\",\"url\":\"https:\\\/\\\/racom.com.pl\\\/\",\"name\":\"Mix Market - Supermarket z wszystkim co potrzeba do domu i nie tylko\",\"description\":\"\",\"publisher\":{\"@id\":\"https:\\\/\\\/racom.com.pl\\\/#organization\"},\"potentialAction\":[{\"@type\":\"SearchAction\",\"target\":{\"@type\":\"EntryPoint\",\"urlTemplate\":\"https:\\\/\\\/racom.com.pl\\\/?s={search_term_string}\"},\"query-input\":{\"@type\":\"PropertyValueSpecification\",\"valueRequired\":true,\"valueName\":\"search_term_string\"}}],\"inLanguage\":\"pl-PL\"},{\"@type\":\"Organization\",\"@id\":\"https:\\\/\\\/racom.com.pl\\\/#organization\",\"name\":\"Mix Market - Supermarket z wszystkim co potrzeba do domu i nie tylko\",\"url\":\"https:\\\/\\\/racom.com.pl\\\/\",\"logo\":{\"@type\":\"ImageObject\",\"inLanguage\":\"pl-PL\",\"@id\":\"https:\\\/\\\/racom.com.pl\\\/#\\\/schema\\\/logo\\\/image\\\/\",\"url\":\"https:\\\/\\\/racom.com.pl\\\/wp-content\\\/uploads\\\/2025\\\/07\\\/mixmarket_logo.png\",\"contentUrl\":\"https:\\\/\\\/racom.com.pl\\\/wp-content\\\/uploads\\\/2025\\\/07\\\/mixmarket_logo.png\",\"width\":1024,\"height\":1024,\"caption\":\"Mix Market - Supermarket z wszystkim co potrzeba do domu i nie tylko\"},\"image\":{\"@id\":\"https:\\\/\\\/racom.com.pl\\\/#\\\/schema\\\/logo\\\/image\\\/\"}}]}<\/script>\n<!-- \/ Yoast SEO plugin. -->","yoast_head_json":{"title":"BASEUS GRAVITY GRAWITACYJNY UCHWYT NA KRATK\u0118 360* - Mix Market - Supermarket z wszystkim co potrzeba","robots":{"index":"index","follow":"follow","max-snippet":"max-snippet:-1","max-image-preview":"max-image-preview:large","max-video-preview":"max-video-preview:-1"},"canonical":"https:\/\/racom.com.pl\/index.php\/produkt\/baseus-gravity-grawitacyjny-uchwyt-na-kratke-360\/","og_locale":"pl_PL","og_type":"article","og_title":"BASEUS GRAVITY GRAWITACYJNY UCHWYT NA KRATK\u0118 360* - Mix Market - Supermarket z wszystkim co potrzeba","og_description":"Uchwyt grawitacyjny Baseus na kratk\u0119 samochodu (czarny) Producent: Baseus Model: Gravity Car Mount Kod produktu: SUYL-01 Materia\u0142: Plastik, TPE, ABS Rodzaj trzymania: Zaciskowe Waga: 109g Kolor: Czarny Kompatybilno\u015b\u0107: Urz\u0105dzenia o szeroko\u015bci 65-90 mm Wymiary: 76x52x48mm Grawitacyjny uchwyt na telefon Grawitacyjny uchwyt na telefon marki Baseus, montowany na kratk\u0119 wentylacyjn\u0105 samochodu.&nbsp;Zakres regulacji uchwytu wynosi 360 stopni. [&hellip;]","og_url":"https:\/\/racom.com.pl\/index.php\/produkt\/baseus-gravity-grawitacyjny-uchwyt-na-kratke-360\/","og_site_name":"Mix Market - Supermarket z wszystkim co potrzeba","og_image":[{"width":1200,"height":1200,"url":"https:\/\/racom.com.pl\/wp-content\/uploads\/2025\/07\/allegro_687a6477abd116.93559019_7c49a0d944e3ba056febe3fd2cc1.jpg","type":"image\/jpeg"}],"twitter_card":"summary_large_image","twitter_misc":{"Szacowany czas czytania":"1 minuta"},"schema":{"@context":"https:\/\/schema.org","@graph":[{"@type":"WebPage","@id":"https:\/\/racom.com.pl\/index.php\/produkt\/baseus-gravity-grawitacyjny-uchwyt-na-kratke-360\/","url":"https:\/\/racom.com.pl\/index.php\/produkt\/baseus-gravity-grawitacyjny-uchwyt-na-kratke-360\/","name":"BASEUS GRAVITY GRAWITACYJNY UCHWYT NA KRATK\u0118 360* - Mix Market - Supermarket z wszystkim co potrzeba","isPartOf":{"@id":"https:\/\/racom.com.pl\/#website"},"primaryImageOfPage":{"@id":"https:\/\/racom.com.pl\/index.php\/produkt\/baseus-gravity-grawitacyjny-uchwyt-na-kratke-360\/#primaryimage"},"image":{"@id":"https:\/\/racom.com.pl\/index.php\/produkt\/baseus-gravity-grawitacyjny-uchwyt-na-kratke-360\/#primaryimage"},"thumbnailUrl":"https:\/\/racom.com.pl\/wp-content\/uploads\/2025\/07\/allegro_687a6477abd116.93559019_7c49a0d944e3ba056febe3fd2cc1.jpg","datePublished":"2025-07-18T15:12:36+00:00","breadcrumb":{"@id":"https:\/\/racom.com.pl\/index.php\/produkt\/baseus-gravity-grawitacyjny-uchwyt-na-kratke-360\/#breadcrumb"},"inLanguage":"pl-PL","potentialAction":[{"@type":"ReadAction","target":["https:\/\/racom.com.pl\/index.php\/produkt\/baseus-gravity-grawitacyjny-uchwyt-na-kratke-360\/"]}]},{"@type":"ImageObject","inLanguage":"pl-PL","@id":"https:\/\/racom.com.pl\/index.php\/produkt\/baseus-gravity-grawitacyjny-uchwyt-na-kratke-360\/#primaryimage","url":"https:\/\/racom.com.pl\/wp-content\/uploads\/2025\/07\/allegro_687a6477abd116.93559019_7c49a0d944e3ba056febe3fd2cc1.jpg","contentUrl":"https:\/\/racom.com.pl\/wp-content\/uploads\/2025\/07\/allegro_687a6477abd116.93559019_7c49a0d944e3ba056febe3fd2cc1.jpg","width":1200,"height":1200},{"@type":"BreadcrumbList","@id":"https:\/\/racom.com.pl\/index.php\/produkt\/baseus-gravity-grawitacyjny-uchwyt-na-kratke-360\/#breadcrumb","itemListElement":[{"@type":"ListItem","position":1,"name":"Strona g\u0142\u00f3wna","item":"https:\/\/racom.com.pl\/"},{"@type":"ListItem","position":2,"name":"Sklep","item":"https:\/\/racom.com.pl\/"},{"@type":"ListItem","position":3,"name":"BASEUS GRAVITY GRAWITACYJNY UCHWYT NA KRATK\u0118 360*"}]},{"@type":"WebSite","@id":"https:\/\/racom.com.pl\/#website","url":"https:\/\/racom.com.pl\/","name":"Mix Market - Supermarket z wszystkim co potrzeba do domu i nie tylko","description":"","publisher":{"@id":"https:\/\/racom.com.pl\/#organization"},"potentialAction":[{"@type":"SearchAction","target":{"@type":"EntryPoint","urlTemplate":"https:\/\/racom.com.pl\/?s={search_term_string}"},"query-input":{"@type":"PropertyValueSpecification","valueRequired":true,"valueName":"search_term_string"}}],"inLanguage":"pl-PL"},{"@type":"Organization","@id":"https:\/\/racom.com.pl\/#organization","name":"Mix Market - Supermarket z wszystkim co potrzeba do domu i nie tylko","url":"https:\/\/racom.com.pl\/","logo":{"@type":"ImageObject","inLanguage":"pl-PL","@id":"https:\/\/racom.com.pl\/#\/schema\/logo\/image\/","url":"https:\/\/racom.com.pl\/wp-content\/uploads\/2025\/07\/mixmarket_logo.png","contentUrl":"https:\/\/racom.com.pl\/wp-content\/uploads\/2025\/07\/mixmarket_logo.png","width":1024,"height":1024,"caption":"Mix Market - Supermarket z wszystkim co potrzeba do domu i nie tylko"},"image":{"@id":"https:\/\/racom.com.pl\/#\/schema\/logo\/image\/"}}]}},"_links":{"self":[{"href":"https:\/\/racom.com.pl\/index.php\/wp-json\/wp\/v2\/product\/127","targetHints":{"allow":["GET"]}}],"collection":[{"href":"https:\/\/racom.com.pl\/index.php\/wp-json\/wp\/v2\/product"}],"about":[{"href":"https:\/\/racom.com.pl\/index.php\/wp-json\/wp\/v2\/types\/product"}],"replies":[{"embeddable":true,"href":"https:\/\/racom.com.pl\/index.php\/wp-json\/wp\/v2\/comments?post=127"}],"wp:featuredmedia":[{"embeddable":true,"href":"https:\/\/racom.com.pl\/index.php\/wp-json\/wp\/v2\/media\/133"}],"wp:attachment":[{"href":"https:\/\/racom.com.pl\/index.php\/wp-json\/wp\/v2\/media?parent=127"}],"wp:term":[{"taxonomy":"product_brand","embeddable":true,"href":"https:\/\/racom.com.pl\/index.php\/wp-json\/wp\/v2\/product_brand?post=127"},{"taxonomy":"product_cat","embeddable":true,"href":"https:\/\/racom.com.pl\/index.php\/wp-json\/wp\/v2\/product_cat?post=127"},{"taxonomy":"product_tag","embeddable":true,"href":"https:\/\/racom.com.pl\/index.php\/wp-json\/wp\/v2\/product_tag?post=127"}],"curies":[{"name":"wp","href":"https:\/\/api.w.org\/{rel}","templated":true}]}}