{"id":1273,"date":"2025-07-18T19:07:48","date_gmt":"2025-07-18T17:07:48","guid":{"rendered":"http:\/\/192.168.2.106\/index.php\/produkt\/sluchawki-bezprzewodowe-nauszne-gembird-bhp-kbp-r\/"},"modified":"2025-07-18T19:07:48","modified_gmt":"2025-07-18T17:07:48","slug":"sluchawki-bezprzewodowe-nauszne-gembird-bhp-kbp-r","status":"publish","type":"product","link":"https:\/\/racom.com.pl\/index.php\/produkt\/sluchawki-bezprzewodowe-nauszne-gembird-bhp-kbp-r\/","title":{"rendered":"S\u0142uchawki bezprzewodowe nauszne Gembird BHP-KBP-R"},"content":{"rendered":"<h2>GEMBIRD S\u0142uchawki z mikrofonem bezprzewodowe BHP-KBP-R czerwone<\/h2>\n<p>Dawka ulubionej muzyki mo\u017ce poprawi\u0107 nam humor lub zmotywowa\u0107, a s\u0142uchawki GEMBIRD S\u0142uchawki z mikrofonem bezprzewodowe BHP-KBP-R czerwone w tym pomog\u0105. GEMBIRD S\u0142uchawki z mikrofonem bezprzewodowe BHP-KBP-R czerwone to bardzo dobrze wykonane s\u0142uchawki, kt\u00f3re zawsze warto mie\u0107 pod r\u0119k\u0105, gdy\u017c mog\u0105 wsp\u00f3\u0142gra\u0107 z wieloma innymi urz\u0105dzeniami. Impedancja liczy 32. Czy mamy tu mikrofon: Tak. Maksymalne pasmo przenoszenia to granica 18000.<\/p>\n<p><b>Maksymalne pasmo przenoszenia<\/b>\u00a0wynosi 18000. Urz\u0105dzenie jest w kolorze: Czerwony. Impedancja wynosi dok\u0142adnie 32. Pasmo przenoszenia zaczyna si\u0119 od pu\u0142apu 40. Zastosowane z\u0142\u0105cza: Brak. Omawiany model wa\u017cy dok\u0142adnie 68. Zastosowanie s\u0142uchawek\u00a0<b>GEMBIRD S\u0142uchawki z mikrofonem bezprzewodowe BHP-KBP-R czerwone<\/b>\u00a0jest ca\u0142kiem spore. Sprz\u0119t nie zawodzi w kwestii jako\u015bci wykonania i jest odpowiednio trwa\u0142y.\u00a0<b>GEMBIRD S\u0142uchawki z mikrofonem bezprzewodowe BHP-KBP-R czerwone<\/b>\u00a0to s\u0142uchawki, kt\u00f3re mog\u0105 sta\u0107 si\u0119 znakomitym sprz\u0119tem dla ka\u017cdego fana dobrego i czystego brzmienia. Konstrukcja s\u0142uchawek jest nast\u0119puj\u0105ca: Nauszne. Wa\u017cnym elementem s\u0142uchawek mo\u017ce by\u0107\u00a0<b>komunikacja bezprzewodowa<\/b>, a czy ten model j\u0105 oferuje Bluetooth. Producent s\u0142uchawek zapewni\u0142 im nast\u0119puj\u0105ce technologie: Redukcja szum\u00f3w. Warto zwr\u00f3ci\u0107 uwag\u0119 na przeznaczenie s\u0142uchawek, kt\u00f3rym jest g\u0142\u00f3wnie: Telefonia kom\u00f3rkowa|Telefonia internetowa|Gaming|Muzyka. Pozosta\u0142e istotne parametry sprz\u0119tu:\u00a0Odleg\u0142o\u015b\u0107 dzia\u0142ania: do 10m na otwartej przestrzeni..<\/p>\n<p>Komunikacja<\/p>\n<ul>\n<li><b>\u0141\u0105czno\u015b\u0107 bezprzewodowa:<\/b> Bluetooth<\/li>\n<\/ul>\n<p>Og\u00f3lne<\/p>\n<ul>\n<li><b>Kolor:<\/b> Czerwony<\/li>\n<li><b>Wymiary:<\/b> 170 x 160 x 53 mm (d\u0142. x szer. x g\u0142\u0119b.)<\/li>\n<li><b>Z\u0142\u0105cza:<\/b> Brak<\/li>\n<\/ul>\n<ul>\n<li><b>Pozosta\u0142e parametry:<\/b> Odleg\u0142o\u015b\u0107 dzia\u0142ania: do 10m na otwartej przestrzeni.<\/li>\n<li><b>Mikrofon:<\/b> Tak<\/li>\n<li><b>Przeznaczenie:<\/b> Telefonia kom\u00f3rkowa, Telefonia internetowa, Gaming, Muzyka<\/li>\n<li><b>Czu\u0142o\u015b\u0107:<\/b> 42 dB<\/li>\n<li><b>Impedancja:<\/b> 32 om<\/li>\n<li><b>Konstrukcja:<\/b> Nauszne<\/li>\n<li><b>Pasmo przenoszenia (maks.):<\/b> 18000 kHz<\/li>\n<li><b>Technologia:<\/b> Redukcja szum\u00f3w<\/li>\n<li><b>Pasmo przenoszenia (min.):<\/b> 40 Hz<\/li>\n<\/ul>\n","protected":false},"excerpt":{"rendered":"<p>GEMBIRD S\u0142uchawki z mikrofonem bezprzewodowe BHP-KBP-R czerwone Dawka ulubionej muzyki mo\u017ce poprawi\u0107 nam humor lub zmotywowa\u0107, a s\u0142uchawki GEMBIRD S\u0142uchawki z mikrofonem bezprzewodowe BHP-KBP-R czerwone w tym pomog\u0105. GEMBIRD S\u0142uchawki z mikrofonem bezprzewodowe BHP-KBP-R czerwone to bardzo dobrze wykonane s\u0142uchawki, kt\u00f3re zawsze warto mie\u0107 pod r\u0119k\u0105, gdy\u017c mog\u0105 wsp\u00f3\u0142gra\u0107 z wieloma innymi urz\u0105dzeniami. Impedancja liczy [&hellip;]<\/p>\n","protected":false},"featured_media":1276,"comment_status":"open","ping_status":"closed","template":"","meta":[],"product_brand":[83],"product_cat":[30],"product_tag":[],"class_list":{"0":"post-1273","1":"product","2":"type-product","3":"status-publish","4":"has-post-thumbnail","6":"product_brand-gembird","7":"product_cat-sluchawki","9":"first","10":"instock","11":"taxable","12":"shipping-taxable","13":"purchasable","14":"product-type-simple"},"yoast_head":"<!-- This site is optimized with the Yoast SEO plugin v27.3 - https:\/\/yoast.com\/product\/yoast-seo-wordpress\/ -->\n<title>S\u0142uchawki bezprzewodowe nauszne Gembird BHP-KBP-R - Mix Market - Supermarket z wszystkim co potrzeba<\/title>\n<meta name=\"robots\" content=\"index, follow, max-snippet:-1, max-image-preview:large, max-video-preview:-1\" \/>\n<link rel=\"canonical\" href=\"https:\/\/racom.com.pl\/index.php\/produkt\/sluchawki-bezprzewodowe-nauszne-gembird-bhp-kbp-r\/\" \/>\n<meta property=\"og:locale\" content=\"pl_PL\" \/>\n<meta property=\"og:type\" content=\"article\" \/>\n<meta property=\"og:title\" content=\"S\u0142uchawki bezprzewodowe nauszne Gembird BHP-KBP-R - Mix Market - Supermarket z wszystkim co potrzeba\" \/>\n<meta property=\"og:description\" content=\"GEMBIRD S\u0142uchawki z mikrofonem bezprzewodowe BHP-KBP-R czerwone Dawka ulubionej muzyki mo\u017ce poprawi\u0107 nam humor lub zmotywowa\u0107, a s\u0142uchawki GEMBIRD S\u0142uchawki z mikrofonem bezprzewodowe BHP-KBP-R czerwone w tym pomog\u0105. GEMBIRD S\u0142uchawki z mikrofonem bezprzewodowe BHP-KBP-R czerwone to bardzo dobrze wykonane s\u0142uchawki, kt\u00f3re zawsze warto mie\u0107 pod r\u0119k\u0105, gdy\u017c mog\u0105 wsp\u00f3\u0142gra\u0107 z wieloma innymi urz\u0105dzeniami. Impedancja liczy [&hellip;]\" \/>\n<meta property=\"og:url\" content=\"https:\/\/racom.com.pl\/index.php\/produkt\/sluchawki-bezprzewodowe-nauszne-gembird-bhp-kbp-r\/\" \/>\n<meta property=\"og:site_name\" content=\"Mix Market - Supermarket z wszystkim co potrzeba\" \/>\n<meta property=\"og:image\" content=\"https:\/\/racom.com.pl\/wp-content\/uploads\/2025\/07\/allegro_687a7f7b4ec0c3.16872613_3385f52843d6a12cb6ee8b51ceb4.jpg\" \/>\n\t<meta property=\"og:image:width\" content=\"400\" \/>\n\t<meta property=\"og:image:height\" content=\"538\" \/>\n\t<meta property=\"og:image:type\" content=\"image\/jpeg\" \/>\n<meta name=\"twitter:card\" content=\"summary_large_image\" \/>\n<meta name=\"twitter:label1\" content=\"Szacowany czas czytania\" \/>\n\t<meta name=\"twitter:data1\" content=\"1 minuta\" \/>\n<script type=\"application\/ld+json\" class=\"yoast-schema-graph\">{\"@context\":\"https:\\\/\\\/schema.org\",\"@graph\":[{\"@type\":\"WebPage\",\"@id\":\"https:\\\/\\\/racom.com.pl\\\/index.php\\\/produkt\\\/sluchawki-bezprzewodowe-nauszne-gembird-bhp-kbp-r\\\/\",\"url\":\"https:\\\/\\\/racom.com.pl\\\/index.php\\\/produkt\\\/sluchawki-bezprzewodowe-nauszne-gembird-bhp-kbp-r\\\/\",\"name\":\"S\u0142uchawki bezprzewodowe nauszne Gembird BHP-KBP-R - Mix Market - Supermarket z wszystkim co potrzeba\",\"isPartOf\":{\"@id\":\"https:\\\/\\\/racom.com.pl\\\/#website\"},\"primaryImageOfPage\":{\"@id\":\"https:\\\/\\\/racom.com.pl\\\/index.php\\\/produkt\\\/sluchawki-bezprzewodowe-nauszne-gembird-bhp-kbp-r\\\/#primaryimage\"},\"image\":{\"@id\":\"https:\\\/\\\/racom.com.pl\\\/index.php\\\/produkt\\\/sluchawki-bezprzewodowe-nauszne-gembird-bhp-kbp-r\\\/#primaryimage\"},\"thumbnailUrl\":\"https:\\\/\\\/racom.com.pl\\\/wp-content\\\/uploads\\\/2025\\\/07\\\/allegro_687a7f7b4ec0c3.16872613_3385f52843d6a12cb6ee8b51ceb4.jpg\",\"datePublished\":\"2025-07-18T17:07:48+00:00\",\"breadcrumb\":{\"@id\":\"https:\\\/\\\/racom.com.pl\\\/index.php\\\/produkt\\\/sluchawki-bezprzewodowe-nauszne-gembird-bhp-kbp-r\\\/#breadcrumb\"},\"inLanguage\":\"pl-PL\",\"potentialAction\":[{\"@type\":\"ReadAction\",\"target\":[\"https:\\\/\\\/racom.com.pl\\\/index.php\\\/produkt\\\/sluchawki-bezprzewodowe-nauszne-gembird-bhp-kbp-r\\\/\"]}]},{\"@type\":\"ImageObject\",\"inLanguage\":\"pl-PL\",\"@id\":\"https:\\\/\\\/racom.com.pl\\\/index.php\\\/produkt\\\/sluchawki-bezprzewodowe-nauszne-gembird-bhp-kbp-r\\\/#primaryimage\",\"url\":\"https:\\\/\\\/racom.com.pl\\\/wp-content\\\/uploads\\\/2025\\\/07\\\/allegro_687a7f7b4ec0c3.16872613_3385f52843d6a12cb6ee8b51ceb4.jpg\",\"contentUrl\":\"https:\\\/\\\/racom.com.pl\\\/wp-content\\\/uploads\\\/2025\\\/07\\\/allegro_687a7f7b4ec0c3.16872613_3385f52843d6a12cb6ee8b51ceb4.jpg\",\"width\":400,\"height\":538},{\"@type\":\"BreadcrumbList\",\"@id\":\"https:\\\/\\\/racom.com.pl\\\/index.php\\\/produkt\\\/sluchawki-bezprzewodowe-nauszne-gembird-bhp-kbp-r\\\/#breadcrumb\",\"itemListElement\":[{\"@type\":\"ListItem\",\"position\":1,\"name\":\"Strona g\u0142\u00f3wna\",\"item\":\"https:\\\/\\\/racom.com.pl\\\/\"},{\"@type\":\"ListItem\",\"position\":2,\"name\":\"Sklep\",\"item\":\"https:\\\/\\\/racom.com.pl\\\/\"},{\"@type\":\"ListItem\",\"position\":3,\"name\":\"S\u0142uchawki bezprzewodowe nauszne Gembird BHP-KBP-R\"}]},{\"@type\":\"WebSite\",\"@id\":\"https:\\\/\\\/racom.com.pl\\\/#website\",\"url\":\"https:\\\/\\\/racom.com.pl\\\/\",\"name\":\"Mix Market - Supermarket z wszystkim co potrzeba do domu i nie tylko\",\"description\":\"\",\"publisher\":{\"@id\":\"https:\\\/\\\/racom.com.pl\\\/#organization\"},\"potentialAction\":[{\"@type\":\"SearchAction\",\"target\":{\"@type\":\"EntryPoint\",\"urlTemplate\":\"https:\\\/\\\/racom.com.pl\\\/?s={search_term_string}\"},\"query-input\":{\"@type\":\"PropertyValueSpecification\",\"valueRequired\":true,\"valueName\":\"search_term_string\"}}],\"inLanguage\":\"pl-PL\"},{\"@type\":\"Organization\",\"@id\":\"https:\\\/\\\/racom.com.pl\\\/#organization\",\"name\":\"Mix Market - Supermarket z wszystkim co potrzeba do domu i nie tylko\",\"url\":\"https:\\\/\\\/racom.com.pl\\\/\",\"logo\":{\"@type\":\"ImageObject\",\"inLanguage\":\"pl-PL\",\"@id\":\"https:\\\/\\\/racom.com.pl\\\/#\\\/schema\\\/logo\\\/image\\\/\",\"url\":\"https:\\\/\\\/racom.com.pl\\\/wp-content\\\/uploads\\\/2025\\\/07\\\/mixmarket_logo.png\",\"contentUrl\":\"https:\\\/\\\/racom.com.pl\\\/wp-content\\\/uploads\\\/2025\\\/07\\\/mixmarket_logo.png\",\"width\":1024,\"height\":1024,\"caption\":\"Mix Market - Supermarket z wszystkim co potrzeba do domu i nie tylko\"},\"image\":{\"@id\":\"https:\\\/\\\/racom.com.pl\\\/#\\\/schema\\\/logo\\\/image\\\/\"}}]}<\/script>\n<!-- \/ Yoast SEO plugin. -->","yoast_head_json":{"title":"S\u0142uchawki bezprzewodowe nauszne Gembird BHP-KBP-R - Mix Market - Supermarket z wszystkim co potrzeba","robots":{"index":"index","follow":"follow","max-snippet":"max-snippet:-1","max-image-preview":"max-image-preview:large","max-video-preview":"max-video-preview:-1"},"canonical":"https:\/\/racom.com.pl\/index.php\/produkt\/sluchawki-bezprzewodowe-nauszne-gembird-bhp-kbp-r\/","og_locale":"pl_PL","og_type":"article","og_title":"S\u0142uchawki bezprzewodowe nauszne Gembird BHP-KBP-R - Mix Market - Supermarket z wszystkim co potrzeba","og_description":"GEMBIRD S\u0142uchawki z mikrofonem bezprzewodowe BHP-KBP-R czerwone Dawka ulubionej muzyki mo\u017ce poprawi\u0107 nam humor lub zmotywowa\u0107, a s\u0142uchawki GEMBIRD S\u0142uchawki z mikrofonem bezprzewodowe BHP-KBP-R czerwone w tym pomog\u0105. GEMBIRD S\u0142uchawki z mikrofonem bezprzewodowe BHP-KBP-R czerwone to bardzo dobrze wykonane s\u0142uchawki, kt\u00f3re zawsze warto mie\u0107 pod r\u0119k\u0105, gdy\u017c mog\u0105 wsp\u00f3\u0142gra\u0107 z wieloma innymi urz\u0105dzeniami. Impedancja liczy [&hellip;]","og_url":"https:\/\/racom.com.pl\/index.php\/produkt\/sluchawki-bezprzewodowe-nauszne-gembird-bhp-kbp-r\/","og_site_name":"Mix Market - Supermarket z wszystkim co potrzeba","og_image":[{"width":400,"height":538,"url":"https:\/\/racom.com.pl\/wp-content\/uploads\/2025\/07\/allegro_687a7f7b4ec0c3.16872613_3385f52843d6a12cb6ee8b51ceb4.jpg","type":"image\/jpeg"}],"twitter_card":"summary_large_image","twitter_misc":{"Szacowany czas czytania":"1 minuta"},"schema":{"@context":"https:\/\/schema.org","@graph":[{"@type":"WebPage","@id":"https:\/\/racom.com.pl\/index.php\/produkt\/sluchawki-bezprzewodowe-nauszne-gembird-bhp-kbp-r\/","url":"https:\/\/racom.com.pl\/index.php\/produkt\/sluchawki-bezprzewodowe-nauszne-gembird-bhp-kbp-r\/","name":"S\u0142uchawki bezprzewodowe nauszne Gembird BHP-KBP-R - Mix Market - Supermarket z wszystkim co potrzeba","isPartOf":{"@id":"https:\/\/racom.com.pl\/#website"},"primaryImageOfPage":{"@id":"https:\/\/racom.com.pl\/index.php\/produkt\/sluchawki-bezprzewodowe-nauszne-gembird-bhp-kbp-r\/#primaryimage"},"image":{"@id":"https:\/\/racom.com.pl\/index.php\/produkt\/sluchawki-bezprzewodowe-nauszne-gembird-bhp-kbp-r\/#primaryimage"},"thumbnailUrl":"https:\/\/racom.com.pl\/wp-content\/uploads\/2025\/07\/allegro_687a7f7b4ec0c3.16872613_3385f52843d6a12cb6ee8b51ceb4.jpg","datePublished":"2025-07-18T17:07:48+00:00","breadcrumb":{"@id":"https:\/\/racom.com.pl\/index.php\/produkt\/sluchawki-bezprzewodowe-nauszne-gembird-bhp-kbp-r\/#breadcrumb"},"inLanguage":"pl-PL","potentialAction":[{"@type":"ReadAction","target":["https:\/\/racom.com.pl\/index.php\/produkt\/sluchawki-bezprzewodowe-nauszne-gembird-bhp-kbp-r\/"]}]},{"@type":"ImageObject","inLanguage":"pl-PL","@id":"https:\/\/racom.com.pl\/index.php\/produkt\/sluchawki-bezprzewodowe-nauszne-gembird-bhp-kbp-r\/#primaryimage","url":"https:\/\/racom.com.pl\/wp-content\/uploads\/2025\/07\/allegro_687a7f7b4ec0c3.16872613_3385f52843d6a12cb6ee8b51ceb4.jpg","contentUrl":"https:\/\/racom.com.pl\/wp-content\/uploads\/2025\/07\/allegro_687a7f7b4ec0c3.16872613_3385f52843d6a12cb6ee8b51ceb4.jpg","width":400,"height":538},{"@type":"BreadcrumbList","@id":"https:\/\/racom.com.pl\/index.php\/produkt\/sluchawki-bezprzewodowe-nauszne-gembird-bhp-kbp-r\/#breadcrumb","itemListElement":[{"@type":"ListItem","position":1,"name":"Strona g\u0142\u00f3wna","item":"https:\/\/racom.com.pl\/"},{"@type":"ListItem","position":2,"name":"Sklep","item":"https:\/\/racom.com.pl\/"},{"@type":"ListItem","position":3,"name":"S\u0142uchawki bezprzewodowe nauszne Gembird BHP-KBP-R"}]},{"@type":"WebSite","@id":"https:\/\/racom.com.pl\/#website","url":"https:\/\/racom.com.pl\/","name":"Mix Market - Supermarket z wszystkim co potrzeba do domu i nie tylko","description":"","publisher":{"@id":"https:\/\/racom.com.pl\/#organization"},"potentialAction":[{"@type":"SearchAction","target":{"@type":"EntryPoint","urlTemplate":"https:\/\/racom.com.pl\/?s={search_term_string}"},"query-input":{"@type":"PropertyValueSpecification","valueRequired":true,"valueName":"search_term_string"}}],"inLanguage":"pl-PL"},{"@type":"Organization","@id":"https:\/\/racom.com.pl\/#organization","name":"Mix Market - Supermarket z wszystkim co potrzeba do domu i nie tylko","url":"https:\/\/racom.com.pl\/","logo":{"@type":"ImageObject","inLanguage":"pl-PL","@id":"https:\/\/racom.com.pl\/#\/schema\/logo\/image\/","url":"https:\/\/racom.com.pl\/wp-content\/uploads\/2025\/07\/mixmarket_logo.png","contentUrl":"https:\/\/racom.com.pl\/wp-content\/uploads\/2025\/07\/mixmarket_logo.png","width":1024,"height":1024,"caption":"Mix Market - Supermarket z wszystkim co potrzeba do domu i nie tylko"},"image":{"@id":"https:\/\/racom.com.pl\/#\/schema\/logo\/image\/"}}]}},"_links":{"self":[{"href":"https:\/\/racom.com.pl\/index.php\/wp-json\/wp\/v2\/product\/1273","targetHints":{"allow":["GET"]}}],"collection":[{"href":"https:\/\/racom.com.pl\/index.php\/wp-json\/wp\/v2\/product"}],"about":[{"href":"https:\/\/racom.com.pl\/index.php\/wp-json\/wp\/v2\/types\/product"}],"replies":[{"embeddable":true,"href":"https:\/\/racom.com.pl\/index.php\/wp-json\/wp\/v2\/comments?post=1273"}],"wp:featuredmedia":[{"embeddable":true,"href":"https:\/\/racom.com.pl\/index.php\/wp-json\/wp\/v2\/media\/1276"}],"wp:attachment":[{"href":"https:\/\/racom.com.pl\/index.php\/wp-json\/wp\/v2\/media?parent=1273"}],"wp:term":[{"taxonomy":"product_brand","embeddable":true,"href":"https:\/\/racom.com.pl\/index.php\/wp-json\/wp\/v2\/product_brand?post=1273"},{"taxonomy":"product_cat","embeddable":true,"href":"https:\/\/racom.com.pl\/index.php\/wp-json\/wp\/v2\/product_cat?post=1273"},{"taxonomy":"product_tag","embeddable":true,"href":"https:\/\/racom.com.pl\/index.php\/wp-json\/wp\/v2\/product_tag?post=1273"}],"curies":[{"name":"wp","href":"https:\/\/api.w.org\/{rel}","templated":true}]}}