{"id":1301,"date":"2025-07-18T19:12:25","date_gmt":"2025-07-18T17:12:25","guid":{"rendered":"http:\/\/192.168.2.106\/index.php\/produkt\/tasma-matrycy-do-acer-aspire-e5-523-523g-f5-573g\/"},"modified":"2025-07-18T19:12:25","modified_gmt":"2025-07-18T17:12:25","slug":"tasma-matrycy-do-acer-aspire-e5-523-523g-f5-573g","status":"publish","type":"product","link":"https:\/\/racom.com.pl\/index.php\/produkt\/tasma-matrycy-do-acer-aspire-e5-523-523g-f5-573g\/","title":{"rendered":"TASMA MATRYCY DO ACER ASPIRE E5-523 523G F5-573G"},"content":{"rendered":"<p><b>TA\u015aMA MATRYCY DO ACER ASPIRE E5 DD0ZAALC012<\/b><\/p>\n<p>Pod\u0142\u0105czenie matrycy: 30pin<\/p>\n<p>Kompatybilne P\/N: DD0ZAALC011&nbsp;DD0ZAALC001 DD0ZAALC002 DD0ZAALC012 DD0ZAALC022<\/p>\n<p>Kompatybilne modele laptop\u00f3w: E5-523 E5-523G E5-553 E5-575 E5-553G E5-573 E5-573G E5-575G F5-573<\/p>\n<p>Przed zakupem por\u00f3wnaj oferowany produkt wizualnie i sprawd\u017a numer P\/N na ta\u015bmie.<\/p>\n<p>Kod produktu: B342<\/p>\n","protected":false},"excerpt":{"rendered":"<p>TA\u015aMA MATRYCY DO ACER ASPIRE E5 DD0ZAALC012 Pod\u0142\u0105czenie matrycy: 30pin Kompatybilne P\/N: DD0ZAALC011&nbsp;DD0ZAALC001 DD0ZAALC002 DD0ZAALC012 DD0ZAALC022 Kompatybilne modele laptop\u00f3w: E5-523 E5-523G E5-553 E5-575 E5-553G E5-573 E5-573G E5-575G F5-573 Przed zakupem por\u00f3wnaj oferowany produkt wizualnie i sprawd\u017a numer P\/N na ta\u015bmie. Kod produktu: B342<\/p>\n","protected":false},"featured_media":1303,"comment_status":"open","ping_status":"closed","template":"","meta":[],"product_brand":[],"product_cat":[38],"product_tag":[],"class_list":{"0":"post-1301","1":"product","2":"type-product","3":"status-publish","4":"has-post-thumbnail","6":"product_cat-czesci-do-laptopow","8":"first","9":"instock","10":"taxable","11":"shipping-taxable","12":"purchasable","13":"product-type-simple"},"yoast_head":"<!-- This site is optimized with the Yoast SEO plugin v27.3 - https:\/\/yoast.com\/product\/yoast-seo-wordpress\/ -->\n<title>TASMA MATRYCY DO ACER ASPIRE E5-523 523G F5-573G - Mix Market - Supermarket z wszystkim co potrzeba<\/title>\n<meta name=\"robots\" content=\"index, follow, max-snippet:-1, max-image-preview:large, max-video-preview:-1\" \/>\n<link rel=\"canonical\" href=\"https:\/\/racom.com.pl\/index.php\/produkt\/tasma-matrycy-do-acer-aspire-e5-523-523g-f5-573g\/\" \/>\n<meta property=\"og:locale\" content=\"pl_PL\" \/>\n<meta property=\"og:type\" content=\"article\" \/>\n<meta property=\"og:title\" content=\"TASMA MATRYCY DO ACER ASPIRE E5-523 523G F5-573G - Mix Market - Supermarket z wszystkim co potrzeba\" \/>\n<meta property=\"og:description\" content=\"TA\u015aMA MATRYCY DO ACER ASPIRE E5 DD0ZAALC012 Pod\u0142\u0105czenie matrycy: 30pin Kompatybilne P\/N: DD0ZAALC011&nbsp;DD0ZAALC001 DD0ZAALC002 DD0ZAALC012 DD0ZAALC022 Kompatybilne modele laptop\u00f3w: E5-523 E5-523G E5-553 E5-575 E5-553G E5-573 E5-573G E5-575G F5-573 Przed zakupem por\u00f3wnaj oferowany produkt wizualnie i sprawd\u017a numer P\/N na ta\u015bmie. Kod produktu: B342\" \/>\n<meta property=\"og:url\" content=\"https:\/\/racom.com.pl\/index.php\/produkt\/tasma-matrycy-do-acer-aspire-e5-523-523g-f5-573g\/\" \/>\n<meta property=\"og:site_name\" content=\"Mix Market - Supermarket z wszystkim co potrzeba\" \/>\n<meta property=\"og:image\" content=\"https:\/\/racom.com.pl\/wp-content\/uploads\/2025\/07\/allegro_687a808a69cc76.44229227_24f665c6467684fb59017b3d3ea8.jpg\" \/>\n\t<meta property=\"og:image:width\" content=\"720\" \/>\n\t<meta property=\"og:image:height\" content=\"663\" \/>\n\t<meta property=\"og:image:type\" content=\"image\/jpeg\" \/>\n<meta name=\"twitter:card\" content=\"summary_large_image\" \/>\n<script type=\"application\/ld+json\" class=\"yoast-schema-graph\">{\"@context\":\"https:\\\/\\\/schema.org\",\"@graph\":[{\"@type\":\"WebPage\",\"@id\":\"https:\\\/\\\/racom.com.pl\\\/index.php\\\/produkt\\\/tasma-matrycy-do-acer-aspire-e5-523-523g-f5-573g\\\/\",\"url\":\"https:\\\/\\\/racom.com.pl\\\/index.php\\\/produkt\\\/tasma-matrycy-do-acer-aspire-e5-523-523g-f5-573g\\\/\",\"name\":\"TASMA MATRYCY DO ACER ASPIRE E5-523 523G F5-573G - Mix Market - Supermarket z wszystkim co potrzeba\",\"isPartOf\":{\"@id\":\"https:\\\/\\\/racom.com.pl\\\/#website\"},\"primaryImageOfPage\":{\"@id\":\"https:\\\/\\\/racom.com.pl\\\/index.php\\\/produkt\\\/tasma-matrycy-do-acer-aspire-e5-523-523g-f5-573g\\\/#primaryimage\"},\"image\":{\"@id\":\"https:\\\/\\\/racom.com.pl\\\/index.php\\\/produkt\\\/tasma-matrycy-do-acer-aspire-e5-523-523g-f5-573g\\\/#primaryimage\"},\"thumbnailUrl\":\"https:\\\/\\\/racom.com.pl\\\/wp-content\\\/uploads\\\/2025\\\/07\\\/allegro_687a808a69cc76.44229227_24f665c6467684fb59017b3d3ea8.jpg\",\"datePublished\":\"2025-07-18T17:12:25+00:00\",\"breadcrumb\":{\"@id\":\"https:\\\/\\\/racom.com.pl\\\/index.php\\\/produkt\\\/tasma-matrycy-do-acer-aspire-e5-523-523g-f5-573g\\\/#breadcrumb\"},\"inLanguage\":\"pl-PL\",\"potentialAction\":[{\"@type\":\"ReadAction\",\"target\":[\"https:\\\/\\\/racom.com.pl\\\/index.php\\\/produkt\\\/tasma-matrycy-do-acer-aspire-e5-523-523g-f5-573g\\\/\"]}]},{\"@type\":\"ImageObject\",\"inLanguage\":\"pl-PL\",\"@id\":\"https:\\\/\\\/racom.com.pl\\\/index.php\\\/produkt\\\/tasma-matrycy-do-acer-aspire-e5-523-523g-f5-573g\\\/#primaryimage\",\"url\":\"https:\\\/\\\/racom.com.pl\\\/wp-content\\\/uploads\\\/2025\\\/07\\\/allegro_687a808a69cc76.44229227_24f665c6467684fb59017b3d3ea8.jpg\",\"contentUrl\":\"https:\\\/\\\/racom.com.pl\\\/wp-content\\\/uploads\\\/2025\\\/07\\\/allegro_687a808a69cc76.44229227_24f665c6467684fb59017b3d3ea8.jpg\",\"width\":720,\"height\":663},{\"@type\":\"BreadcrumbList\",\"@id\":\"https:\\\/\\\/racom.com.pl\\\/index.php\\\/produkt\\\/tasma-matrycy-do-acer-aspire-e5-523-523g-f5-573g\\\/#breadcrumb\",\"itemListElement\":[{\"@type\":\"ListItem\",\"position\":1,\"name\":\"Strona g\u0142\u00f3wna\",\"item\":\"https:\\\/\\\/racom.com.pl\\\/\"},{\"@type\":\"ListItem\",\"position\":2,\"name\":\"Sklep\",\"item\":\"https:\\\/\\\/racom.com.pl\\\/\"},{\"@type\":\"ListItem\",\"position\":3,\"name\":\"TASMA MATRYCY DO ACER ASPIRE E5-523 523G F5-573G\"}]},{\"@type\":\"WebSite\",\"@id\":\"https:\\\/\\\/racom.com.pl\\\/#website\",\"url\":\"https:\\\/\\\/racom.com.pl\\\/\",\"name\":\"Mix Market - Supermarket z wszystkim co potrzeba do domu i nie tylko\",\"description\":\"\",\"publisher\":{\"@id\":\"https:\\\/\\\/racom.com.pl\\\/#organization\"},\"potentialAction\":[{\"@type\":\"SearchAction\",\"target\":{\"@type\":\"EntryPoint\",\"urlTemplate\":\"https:\\\/\\\/racom.com.pl\\\/?s={search_term_string}\"},\"query-input\":{\"@type\":\"PropertyValueSpecification\",\"valueRequired\":true,\"valueName\":\"search_term_string\"}}],\"inLanguage\":\"pl-PL\"},{\"@type\":\"Organization\",\"@id\":\"https:\\\/\\\/racom.com.pl\\\/#organization\",\"name\":\"Mix Market - Supermarket z wszystkim co potrzeba do domu i nie tylko\",\"url\":\"https:\\\/\\\/racom.com.pl\\\/\",\"logo\":{\"@type\":\"ImageObject\",\"inLanguage\":\"pl-PL\",\"@id\":\"https:\\\/\\\/racom.com.pl\\\/#\\\/schema\\\/logo\\\/image\\\/\",\"url\":\"https:\\\/\\\/racom.com.pl\\\/wp-content\\\/uploads\\\/2025\\\/07\\\/mixmarket_logo.png\",\"contentUrl\":\"https:\\\/\\\/racom.com.pl\\\/wp-content\\\/uploads\\\/2025\\\/07\\\/mixmarket_logo.png\",\"width\":1024,\"height\":1024,\"caption\":\"Mix Market - Supermarket z wszystkim co potrzeba do domu i nie tylko\"},\"image\":{\"@id\":\"https:\\\/\\\/racom.com.pl\\\/#\\\/schema\\\/logo\\\/image\\\/\"}}]}<\/script>\n<!-- \/ Yoast SEO plugin. -->","yoast_head_json":{"title":"TASMA MATRYCY DO ACER ASPIRE E5-523 523G F5-573G - Mix Market - Supermarket z wszystkim co potrzeba","robots":{"index":"index","follow":"follow","max-snippet":"max-snippet:-1","max-image-preview":"max-image-preview:large","max-video-preview":"max-video-preview:-1"},"canonical":"https:\/\/racom.com.pl\/index.php\/produkt\/tasma-matrycy-do-acer-aspire-e5-523-523g-f5-573g\/","og_locale":"pl_PL","og_type":"article","og_title":"TASMA MATRYCY DO ACER ASPIRE E5-523 523G F5-573G - Mix Market - Supermarket z wszystkim co potrzeba","og_description":"TA\u015aMA MATRYCY DO ACER ASPIRE E5 DD0ZAALC012 Pod\u0142\u0105czenie matrycy: 30pin Kompatybilne P\/N: DD0ZAALC011&nbsp;DD0ZAALC001 DD0ZAALC002 DD0ZAALC012 DD0ZAALC022 Kompatybilne modele laptop\u00f3w: E5-523 E5-523G E5-553 E5-575 E5-553G E5-573 E5-573G E5-575G F5-573 Przed zakupem por\u00f3wnaj oferowany produkt wizualnie i sprawd\u017a numer P\/N na ta\u015bmie. Kod produktu: B342","og_url":"https:\/\/racom.com.pl\/index.php\/produkt\/tasma-matrycy-do-acer-aspire-e5-523-523g-f5-573g\/","og_site_name":"Mix Market - Supermarket z wszystkim co potrzeba","og_image":[{"width":720,"height":663,"url":"https:\/\/racom.com.pl\/wp-content\/uploads\/2025\/07\/allegro_687a808a69cc76.44229227_24f665c6467684fb59017b3d3ea8.jpg","type":"image\/jpeg"}],"twitter_card":"summary_large_image","schema":{"@context":"https:\/\/schema.org","@graph":[{"@type":"WebPage","@id":"https:\/\/racom.com.pl\/index.php\/produkt\/tasma-matrycy-do-acer-aspire-e5-523-523g-f5-573g\/","url":"https:\/\/racom.com.pl\/index.php\/produkt\/tasma-matrycy-do-acer-aspire-e5-523-523g-f5-573g\/","name":"TASMA MATRYCY DO ACER ASPIRE E5-523 523G F5-573G - Mix Market - Supermarket z wszystkim co potrzeba","isPartOf":{"@id":"https:\/\/racom.com.pl\/#website"},"primaryImageOfPage":{"@id":"https:\/\/racom.com.pl\/index.php\/produkt\/tasma-matrycy-do-acer-aspire-e5-523-523g-f5-573g\/#primaryimage"},"image":{"@id":"https:\/\/racom.com.pl\/index.php\/produkt\/tasma-matrycy-do-acer-aspire-e5-523-523g-f5-573g\/#primaryimage"},"thumbnailUrl":"https:\/\/racom.com.pl\/wp-content\/uploads\/2025\/07\/allegro_687a808a69cc76.44229227_24f665c6467684fb59017b3d3ea8.jpg","datePublished":"2025-07-18T17:12:25+00:00","breadcrumb":{"@id":"https:\/\/racom.com.pl\/index.php\/produkt\/tasma-matrycy-do-acer-aspire-e5-523-523g-f5-573g\/#breadcrumb"},"inLanguage":"pl-PL","potentialAction":[{"@type":"ReadAction","target":["https:\/\/racom.com.pl\/index.php\/produkt\/tasma-matrycy-do-acer-aspire-e5-523-523g-f5-573g\/"]}]},{"@type":"ImageObject","inLanguage":"pl-PL","@id":"https:\/\/racom.com.pl\/index.php\/produkt\/tasma-matrycy-do-acer-aspire-e5-523-523g-f5-573g\/#primaryimage","url":"https:\/\/racom.com.pl\/wp-content\/uploads\/2025\/07\/allegro_687a808a69cc76.44229227_24f665c6467684fb59017b3d3ea8.jpg","contentUrl":"https:\/\/racom.com.pl\/wp-content\/uploads\/2025\/07\/allegro_687a808a69cc76.44229227_24f665c6467684fb59017b3d3ea8.jpg","width":720,"height":663},{"@type":"BreadcrumbList","@id":"https:\/\/racom.com.pl\/index.php\/produkt\/tasma-matrycy-do-acer-aspire-e5-523-523g-f5-573g\/#breadcrumb","itemListElement":[{"@type":"ListItem","position":1,"name":"Strona g\u0142\u00f3wna","item":"https:\/\/racom.com.pl\/"},{"@type":"ListItem","position":2,"name":"Sklep","item":"https:\/\/racom.com.pl\/"},{"@type":"ListItem","position":3,"name":"TASMA MATRYCY DO ACER ASPIRE E5-523 523G F5-573G"}]},{"@type":"WebSite","@id":"https:\/\/racom.com.pl\/#website","url":"https:\/\/racom.com.pl\/","name":"Mix Market - Supermarket z wszystkim co potrzeba do domu i nie tylko","description":"","publisher":{"@id":"https:\/\/racom.com.pl\/#organization"},"potentialAction":[{"@type":"SearchAction","target":{"@type":"EntryPoint","urlTemplate":"https:\/\/racom.com.pl\/?s={search_term_string}"},"query-input":{"@type":"PropertyValueSpecification","valueRequired":true,"valueName":"search_term_string"}}],"inLanguage":"pl-PL"},{"@type":"Organization","@id":"https:\/\/racom.com.pl\/#organization","name":"Mix Market - Supermarket z wszystkim co potrzeba do domu i nie tylko","url":"https:\/\/racom.com.pl\/","logo":{"@type":"ImageObject","inLanguage":"pl-PL","@id":"https:\/\/racom.com.pl\/#\/schema\/logo\/image\/","url":"https:\/\/racom.com.pl\/wp-content\/uploads\/2025\/07\/mixmarket_logo.png","contentUrl":"https:\/\/racom.com.pl\/wp-content\/uploads\/2025\/07\/mixmarket_logo.png","width":1024,"height":1024,"caption":"Mix Market - Supermarket z wszystkim co potrzeba do domu i nie tylko"},"image":{"@id":"https:\/\/racom.com.pl\/#\/schema\/logo\/image\/"}}]}},"_links":{"self":[{"href":"https:\/\/racom.com.pl\/index.php\/wp-json\/wp\/v2\/product\/1301","targetHints":{"allow":["GET"]}}],"collection":[{"href":"https:\/\/racom.com.pl\/index.php\/wp-json\/wp\/v2\/product"}],"about":[{"href":"https:\/\/racom.com.pl\/index.php\/wp-json\/wp\/v2\/types\/product"}],"replies":[{"embeddable":true,"href":"https:\/\/racom.com.pl\/index.php\/wp-json\/wp\/v2\/comments?post=1301"}],"wp:featuredmedia":[{"embeddable":true,"href":"https:\/\/racom.com.pl\/index.php\/wp-json\/wp\/v2\/media\/1303"}],"wp:attachment":[{"href":"https:\/\/racom.com.pl\/index.php\/wp-json\/wp\/v2\/media?parent=1301"}],"wp:term":[{"taxonomy":"product_brand","embeddable":true,"href":"https:\/\/racom.com.pl\/index.php\/wp-json\/wp\/v2\/product_brand?post=1301"},{"taxonomy":"product_cat","embeddable":true,"href":"https:\/\/racom.com.pl\/index.php\/wp-json\/wp\/v2\/product_cat?post=1301"},{"taxonomy":"product_tag","embeddable":true,"href":"https:\/\/racom.com.pl\/index.php\/wp-json\/wp\/v2\/product_tag?post=1301"}],"curies":[{"name":"wp","href":"https:\/\/api.w.org\/{rel}","templated":true}]}}