{"id":1307,"date":"2025-07-18T19:13:16","date_gmt":"2025-07-18T17:13:16","guid":{"rendered":"http:\/\/192.168.2.106\/index.php\/produkt\/nauszniki-2szt-razer-kraken-7-1-pro-2015-chroma\/"},"modified":"2025-07-18T19:13:16","modified_gmt":"2025-07-18T17:13:16","slug":"nauszniki-2szt-razer-kraken-7-1-pro-2015-chroma","status":"publish","type":"product","link":"https:\/\/racom.com.pl\/index.php\/produkt\/nauszniki-2szt-razer-kraken-7-1-pro-2015-chroma\/","title":{"rendered":"NAUSZNIKI 2szt RAZER KRAKEN 7.1 PRO 2015 CHROMA"},"content":{"rendered":"<p>G\u0105bki s\u0105 <b>mocne i wytrzyma\u0142e,<\/b> podnosz\u0105 komfort u\u017cytkowania s\u0142uchawek. Dedykowane do wymiany zu\u017cytych\/u\u017cywanych g\u0105bek<\/p>\n<p><b>Nak\u0142adki pasuj\u0105 do s\u0142uchawek:<\/b><\/p>\n<ul>\n<li>Kraken 7.1<\/li>\n<li>Kraken Pro<\/li>\n<li>Kraken USB<\/li>\n<li>Kraken Mobile<\/li>\n<li>Kraken Chroma<\/li>\n<\/ul>\n<p>Kolor: czarny<\/p>\n<p>Materia\u0142: najwy\u017cszej jako\u015bci sk\u00f3ra proteinowa<\/p>\n<p>Podana cena dotyczy kompletu (2 szt.)<\/p>\n<p>Kod produktu: A074<\/p>\n","protected":false},"excerpt":{"rendered":"<p>G\u0105bki s\u0105 mocne i wytrzyma\u0142e, podnosz\u0105 komfort u\u017cytkowania s\u0142uchawek. Dedykowane do wymiany zu\u017cytych\/u\u017cywanych g\u0105bek Nak\u0142adki pasuj\u0105 do s\u0142uchawek: Kraken 7.1 Kraken Pro Kraken USB Kraken Mobile Kraken Chroma Kolor: czarny Materia\u0142: najwy\u017cszej jako\u015bci sk\u00f3ra proteinowa Podana cena dotyczy kompletu (2 szt.) Kod produktu: A074<\/p>\n","protected":false},"featured_media":1310,"comment_status":"open","ping_status":"closed","template":"","meta":[],"product_brand":[87],"product_cat":[30],"product_tag":[],"class_list":{"0":"post-1307","1":"product","2":"type-product","3":"status-publish","4":"has-post-thumbnail","6":"product_brand-soundy","7":"product_cat-sluchawki","9":"first","10":"instock","11":"taxable","12":"shipping-taxable","13":"purchasable","14":"product-type-simple"},"yoast_head":"<!-- This site is optimized with the Yoast SEO plugin v27.3 - https:\/\/yoast.com\/product\/yoast-seo-wordpress\/ -->\n<title>NAUSZNIKI 2szt RAZER KRAKEN 7.1 PRO 2015 CHROMA - Mix Market - Supermarket z wszystkim co potrzeba<\/title>\n<meta name=\"robots\" content=\"index, follow, max-snippet:-1, max-image-preview:large, max-video-preview:-1\" \/>\n<link rel=\"canonical\" href=\"https:\/\/racom.com.pl\/index.php\/produkt\/nauszniki-2szt-razer-kraken-7-1-pro-2015-chroma\/\" \/>\n<meta property=\"og:locale\" content=\"pl_PL\" \/>\n<meta property=\"og:type\" content=\"article\" \/>\n<meta property=\"og:title\" content=\"NAUSZNIKI 2szt RAZER KRAKEN 7.1 PRO 2015 CHROMA - Mix Market - Supermarket z wszystkim co potrzeba\" \/>\n<meta property=\"og:description\" content=\"G\u0105bki s\u0105 mocne i wytrzyma\u0142e, podnosz\u0105 komfort u\u017cytkowania s\u0142uchawek. Dedykowane do wymiany zu\u017cytych\/u\u017cywanych g\u0105bek Nak\u0142adki pasuj\u0105 do s\u0142uchawek: Kraken 7.1 Kraken Pro Kraken USB Kraken Mobile Kraken Chroma Kolor: czarny Materia\u0142: najwy\u017cszej jako\u015bci sk\u00f3ra proteinowa Podana cena dotyczy kompletu (2 szt.) Kod produktu: A074\" \/>\n<meta property=\"og:url\" content=\"https:\/\/racom.com.pl\/index.php\/produkt\/nauszniki-2szt-razer-kraken-7-1-pro-2015-chroma\/\" \/>\n<meta property=\"og:site_name\" content=\"Mix Market - Supermarket z wszystkim co potrzeba\" \/>\n<meta property=\"og:image\" content=\"https:\/\/racom.com.pl\/wp-content\/uploads\/2025\/07\/allegro_687a80c1eaa788.44806020_5e4ea8db46e5be912ecdb2e0e5f4.jpg\" \/>\n\t<meta property=\"og:image:width\" content=\"2560\" \/>\n\t<meta property=\"og:image:height\" content=\"1920\" \/>\n\t<meta property=\"og:image:type\" content=\"image\/jpeg\" \/>\n<meta name=\"twitter:card\" content=\"summary_large_image\" \/>\n<script type=\"application\/ld+json\" class=\"yoast-schema-graph\">{\"@context\":\"https:\\\/\\\/schema.org\",\"@graph\":[{\"@type\":\"WebPage\",\"@id\":\"https:\\\/\\\/racom.com.pl\\\/index.php\\\/produkt\\\/nauszniki-2szt-razer-kraken-7-1-pro-2015-chroma\\\/\",\"url\":\"https:\\\/\\\/racom.com.pl\\\/index.php\\\/produkt\\\/nauszniki-2szt-razer-kraken-7-1-pro-2015-chroma\\\/\",\"name\":\"NAUSZNIKI 2szt RAZER KRAKEN 7.1 PRO 2015 CHROMA - Mix Market - Supermarket z wszystkim co potrzeba\",\"isPartOf\":{\"@id\":\"https:\\\/\\\/racom.com.pl\\\/#website\"},\"primaryImageOfPage\":{\"@id\":\"https:\\\/\\\/racom.com.pl\\\/index.php\\\/produkt\\\/nauszniki-2szt-razer-kraken-7-1-pro-2015-chroma\\\/#primaryimage\"},\"image\":{\"@id\":\"https:\\\/\\\/racom.com.pl\\\/index.php\\\/produkt\\\/nauszniki-2szt-razer-kraken-7-1-pro-2015-chroma\\\/#primaryimage\"},\"thumbnailUrl\":\"https:\\\/\\\/racom.com.pl\\\/wp-content\\\/uploads\\\/2025\\\/07\\\/allegro_687a80c1eaa788.44806020_5e4ea8db46e5be912ecdb2e0e5f4.jpg\",\"datePublished\":\"2025-07-18T17:13:16+00:00\",\"breadcrumb\":{\"@id\":\"https:\\\/\\\/racom.com.pl\\\/index.php\\\/produkt\\\/nauszniki-2szt-razer-kraken-7-1-pro-2015-chroma\\\/#breadcrumb\"},\"inLanguage\":\"pl-PL\",\"potentialAction\":[{\"@type\":\"ReadAction\",\"target\":[\"https:\\\/\\\/racom.com.pl\\\/index.php\\\/produkt\\\/nauszniki-2szt-razer-kraken-7-1-pro-2015-chroma\\\/\"]}]},{\"@type\":\"ImageObject\",\"inLanguage\":\"pl-PL\",\"@id\":\"https:\\\/\\\/racom.com.pl\\\/index.php\\\/produkt\\\/nauszniki-2szt-razer-kraken-7-1-pro-2015-chroma\\\/#primaryimage\",\"url\":\"https:\\\/\\\/racom.com.pl\\\/wp-content\\\/uploads\\\/2025\\\/07\\\/allegro_687a80c1eaa788.44806020_5e4ea8db46e5be912ecdb2e0e5f4.jpg\",\"contentUrl\":\"https:\\\/\\\/racom.com.pl\\\/wp-content\\\/uploads\\\/2025\\\/07\\\/allegro_687a80c1eaa788.44806020_5e4ea8db46e5be912ecdb2e0e5f4.jpg\",\"width\":2560,\"height\":1920},{\"@type\":\"BreadcrumbList\",\"@id\":\"https:\\\/\\\/racom.com.pl\\\/index.php\\\/produkt\\\/nauszniki-2szt-razer-kraken-7-1-pro-2015-chroma\\\/#breadcrumb\",\"itemListElement\":[{\"@type\":\"ListItem\",\"position\":1,\"name\":\"Strona g\u0142\u00f3wna\",\"item\":\"https:\\\/\\\/racom.com.pl\\\/\"},{\"@type\":\"ListItem\",\"position\":2,\"name\":\"Sklep\",\"item\":\"https:\\\/\\\/racom.com.pl\\\/\"},{\"@type\":\"ListItem\",\"position\":3,\"name\":\"NAUSZNIKI 2szt RAZER KRAKEN 7.1 PRO 2015 CHROMA\"}]},{\"@type\":\"WebSite\",\"@id\":\"https:\\\/\\\/racom.com.pl\\\/#website\",\"url\":\"https:\\\/\\\/racom.com.pl\\\/\",\"name\":\"Mix Market - Supermarket z wszystkim co potrzeba do domu i nie tylko\",\"description\":\"\",\"publisher\":{\"@id\":\"https:\\\/\\\/racom.com.pl\\\/#organization\"},\"potentialAction\":[{\"@type\":\"SearchAction\",\"target\":{\"@type\":\"EntryPoint\",\"urlTemplate\":\"https:\\\/\\\/racom.com.pl\\\/?s={search_term_string}\"},\"query-input\":{\"@type\":\"PropertyValueSpecification\",\"valueRequired\":true,\"valueName\":\"search_term_string\"}}],\"inLanguage\":\"pl-PL\"},{\"@type\":\"Organization\",\"@id\":\"https:\\\/\\\/racom.com.pl\\\/#organization\",\"name\":\"Mix Market - Supermarket z wszystkim co potrzeba do domu i nie tylko\",\"url\":\"https:\\\/\\\/racom.com.pl\\\/\",\"logo\":{\"@type\":\"ImageObject\",\"inLanguage\":\"pl-PL\",\"@id\":\"https:\\\/\\\/racom.com.pl\\\/#\\\/schema\\\/logo\\\/image\\\/\",\"url\":\"https:\\\/\\\/racom.com.pl\\\/wp-content\\\/uploads\\\/2025\\\/07\\\/mixmarket_logo.png\",\"contentUrl\":\"https:\\\/\\\/racom.com.pl\\\/wp-content\\\/uploads\\\/2025\\\/07\\\/mixmarket_logo.png\",\"width\":1024,\"height\":1024,\"caption\":\"Mix Market - Supermarket z wszystkim co potrzeba do domu i nie tylko\"},\"image\":{\"@id\":\"https:\\\/\\\/racom.com.pl\\\/#\\\/schema\\\/logo\\\/image\\\/\"}}]}<\/script>\n<!-- \/ Yoast SEO plugin. -->","yoast_head_json":{"title":"NAUSZNIKI 2szt RAZER KRAKEN 7.1 PRO 2015 CHROMA - Mix Market - Supermarket z wszystkim co potrzeba","robots":{"index":"index","follow":"follow","max-snippet":"max-snippet:-1","max-image-preview":"max-image-preview:large","max-video-preview":"max-video-preview:-1"},"canonical":"https:\/\/racom.com.pl\/index.php\/produkt\/nauszniki-2szt-razer-kraken-7-1-pro-2015-chroma\/","og_locale":"pl_PL","og_type":"article","og_title":"NAUSZNIKI 2szt RAZER KRAKEN 7.1 PRO 2015 CHROMA - Mix Market - Supermarket z wszystkim co potrzeba","og_description":"G\u0105bki s\u0105 mocne i wytrzyma\u0142e, podnosz\u0105 komfort u\u017cytkowania s\u0142uchawek. Dedykowane do wymiany zu\u017cytych\/u\u017cywanych g\u0105bek Nak\u0142adki pasuj\u0105 do s\u0142uchawek: Kraken 7.1 Kraken Pro Kraken USB Kraken Mobile Kraken Chroma Kolor: czarny Materia\u0142: najwy\u017cszej jako\u015bci sk\u00f3ra proteinowa Podana cena dotyczy kompletu (2 szt.) Kod produktu: A074","og_url":"https:\/\/racom.com.pl\/index.php\/produkt\/nauszniki-2szt-razer-kraken-7-1-pro-2015-chroma\/","og_site_name":"Mix Market - Supermarket z wszystkim co potrzeba","og_image":[{"width":2560,"height":1920,"url":"https:\/\/racom.com.pl\/wp-content\/uploads\/2025\/07\/allegro_687a80c1eaa788.44806020_5e4ea8db46e5be912ecdb2e0e5f4.jpg","type":"image\/jpeg"}],"twitter_card":"summary_large_image","schema":{"@context":"https:\/\/schema.org","@graph":[{"@type":"WebPage","@id":"https:\/\/racom.com.pl\/index.php\/produkt\/nauszniki-2szt-razer-kraken-7-1-pro-2015-chroma\/","url":"https:\/\/racom.com.pl\/index.php\/produkt\/nauszniki-2szt-razer-kraken-7-1-pro-2015-chroma\/","name":"NAUSZNIKI 2szt RAZER KRAKEN 7.1 PRO 2015 CHROMA - Mix Market - Supermarket z wszystkim co potrzeba","isPartOf":{"@id":"https:\/\/racom.com.pl\/#website"},"primaryImageOfPage":{"@id":"https:\/\/racom.com.pl\/index.php\/produkt\/nauszniki-2szt-razer-kraken-7-1-pro-2015-chroma\/#primaryimage"},"image":{"@id":"https:\/\/racom.com.pl\/index.php\/produkt\/nauszniki-2szt-razer-kraken-7-1-pro-2015-chroma\/#primaryimage"},"thumbnailUrl":"https:\/\/racom.com.pl\/wp-content\/uploads\/2025\/07\/allegro_687a80c1eaa788.44806020_5e4ea8db46e5be912ecdb2e0e5f4.jpg","datePublished":"2025-07-18T17:13:16+00:00","breadcrumb":{"@id":"https:\/\/racom.com.pl\/index.php\/produkt\/nauszniki-2szt-razer-kraken-7-1-pro-2015-chroma\/#breadcrumb"},"inLanguage":"pl-PL","potentialAction":[{"@type":"ReadAction","target":["https:\/\/racom.com.pl\/index.php\/produkt\/nauszniki-2szt-razer-kraken-7-1-pro-2015-chroma\/"]}]},{"@type":"ImageObject","inLanguage":"pl-PL","@id":"https:\/\/racom.com.pl\/index.php\/produkt\/nauszniki-2szt-razer-kraken-7-1-pro-2015-chroma\/#primaryimage","url":"https:\/\/racom.com.pl\/wp-content\/uploads\/2025\/07\/allegro_687a80c1eaa788.44806020_5e4ea8db46e5be912ecdb2e0e5f4.jpg","contentUrl":"https:\/\/racom.com.pl\/wp-content\/uploads\/2025\/07\/allegro_687a80c1eaa788.44806020_5e4ea8db46e5be912ecdb2e0e5f4.jpg","width":2560,"height":1920},{"@type":"BreadcrumbList","@id":"https:\/\/racom.com.pl\/index.php\/produkt\/nauszniki-2szt-razer-kraken-7-1-pro-2015-chroma\/#breadcrumb","itemListElement":[{"@type":"ListItem","position":1,"name":"Strona g\u0142\u00f3wna","item":"https:\/\/racom.com.pl\/"},{"@type":"ListItem","position":2,"name":"Sklep","item":"https:\/\/racom.com.pl\/"},{"@type":"ListItem","position":3,"name":"NAUSZNIKI 2szt RAZER KRAKEN 7.1 PRO 2015 CHROMA"}]},{"@type":"WebSite","@id":"https:\/\/racom.com.pl\/#website","url":"https:\/\/racom.com.pl\/","name":"Mix Market - Supermarket z wszystkim co potrzeba do domu i nie tylko","description":"","publisher":{"@id":"https:\/\/racom.com.pl\/#organization"},"potentialAction":[{"@type":"SearchAction","target":{"@type":"EntryPoint","urlTemplate":"https:\/\/racom.com.pl\/?s={search_term_string}"},"query-input":{"@type":"PropertyValueSpecification","valueRequired":true,"valueName":"search_term_string"}}],"inLanguage":"pl-PL"},{"@type":"Organization","@id":"https:\/\/racom.com.pl\/#organization","name":"Mix Market - Supermarket z wszystkim co potrzeba do domu i nie tylko","url":"https:\/\/racom.com.pl\/","logo":{"@type":"ImageObject","inLanguage":"pl-PL","@id":"https:\/\/racom.com.pl\/#\/schema\/logo\/image\/","url":"https:\/\/racom.com.pl\/wp-content\/uploads\/2025\/07\/mixmarket_logo.png","contentUrl":"https:\/\/racom.com.pl\/wp-content\/uploads\/2025\/07\/mixmarket_logo.png","width":1024,"height":1024,"caption":"Mix Market - Supermarket z wszystkim co potrzeba do domu i nie tylko"},"image":{"@id":"https:\/\/racom.com.pl\/#\/schema\/logo\/image\/"}}]}},"_links":{"self":[{"href":"https:\/\/racom.com.pl\/index.php\/wp-json\/wp\/v2\/product\/1307","targetHints":{"allow":["GET"]}}],"collection":[{"href":"https:\/\/racom.com.pl\/index.php\/wp-json\/wp\/v2\/product"}],"about":[{"href":"https:\/\/racom.com.pl\/index.php\/wp-json\/wp\/v2\/types\/product"}],"replies":[{"embeddable":true,"href":"https:\/\/racom.com.pl\/index.php\/wp-json\/wp\/v2\/comments?post=1307"}],"wp:featuredmedia":[{"embeddable":true,"href":"https:\/\/racom.com.pl\/index.php\/wp-json\/wp\/v2\/media\/1310"}],"wp:attachment":[{"href":"https:\/\/racom.com.pl\/index.php\/wp-json\/wp\/v2\/media?parent=1307"}],"wp:term":[{"taxonomy":"product_brand","embeddable":true,"href":"https:\/\/racom.com.pl\/index.php\/wp-json\/wp\/v2\/product_brand?post=1307"},{"taxonomy":"product_cat","embeddable":true,"href":"https:\/\/racom.com.pl\/index.php\/wp-json\/wp\/v2\/product_cat?post=1307"},{"taxonomy":"product_tag","embeddable":true,"href":"https:\/\/racom.com.pl\/index.php\/wp-json\/wp\/v2\/product_tag?post=1307"}],"curies":[{"name":"wp","href":"https:\/\/api.w.org\/{rel}","templated":true}]}}