{"id":1311,"date":"2025-07-18T19:13:50","date_gmt":"2025-07-18T17:13:50","guid":{"rendered":"http:\/\/192.168.2.106\/index.php\/produkt\/adapter-usb-kabel-podczerwien-ir-stb-dvd-dvr-do-tunera-dekodera\/"},"modified":"2025-07-18T19:13:50","modified_gmt":"2025-07-18T17:13:50","slug":"adapter-usb-kabel-podczerwien-ir-stb-dvd-dvr-do-tunera-dekodera","status":"publish","type":"product","link":"https:\/\/racom.com.pl\/index.php\/produkt\/adapter-usb-kabel-podczerwien-ir-stb-dvd-dvr-do-tunera-dekodera\/","title":{"rendered":"ADAPTER USB KABEL PODCZERWIE\u0143 IR STB DVD DVR do Tunera dekodera"},"content":{"rendered":"<p><b>ODBIORNIK PODCZERWIENI IR USB<\/b><\/p>\n<p>Nadaje si\u0119 do TV, STB, DVD, DVR, PVR, wideorejestrator\u00f3w, tuner\u00f3w satelitarnych i DVB-T itp.<\/p>\n<p>Zastosowanie w urz\u0105dzeniach fabrycznie odbieraj\u0105cych sygna\u0142 IR (piloty na podczerwie\u0144) i posiadaj\u0105cych port USB.<\/p>\n<p>Wygodne rozwi\u0105zanie kiedy np. mamy schowany tuner telewizyjny w szafce. Wtedy wystarczy wyprowadzi\u0107 czujnik na zewn\u0105trz i mo\u017cna obs\u0142ugiwa\u0107 schowany tuner.<\/p>\n<p>Nie ka\u017cde urz\u0105dzenie jest kompatybilne z oferowanym odbiornikiem.<\/p>\n<p>Nale\u017cy si\u0119 upewni\u0107, \u017ce urz\u0105dzenie jest obs\u0142ugiwane przez zewn\u0119trzne odbiorniki IR.<\/p>\n<p>Kod produktu: B438<\/p>\n","protected":false},"excerpt":{"rendered":"<p>ODBIORNIK PODCZERWIENI IR USB Nadaje si\u0119 do TV, STB, DVD, DVR, PVR, wideorejestrator\u00f3w, tuner\u00f3w satelitarnych i DVB-T itp. Zastosowanie w urz\u0105dzeniach fabrycznie odbieraj\u0105cych sygna\u0142 IR (piloty na podczerwie\u0144) i posiadaj\u0105cych port USB. Wygodne rozwi\u0105zanie kiedy np. mamy schowany tuner telewizyjny w szafce. Wtedy wystarczy wyprowadzi\u0107 czujnik na zewn\u0105trz i mo\u017cna obs\u0142ugiwa\u0107 schowany tuner. Nie ka\u017cde [&hellip;]<\/p>\n","protected":false},"featured_media":1313,"comment_status":"open","ping_status":"closed","template":"","meta":[],"product_brand":[88],"product_cat":[28],"product_tag":[],"class_list":{"0":"post-1311","1":"product","2":"type-product","3":"status-publish","4":"has-post-thumbnail","6":"product_brand-bez-marki","7":"product_cat-piloty","9":"first","10":"instock","11":"taxable","12":"shipping-taxable","13":"purchasable","14":"product-type-simple"},"yoast_head":"<!-- This site is optimized with the Yoast SEO plugin v27.3 - https:\/\/yoast.com\/product\/yoast-seo-wordpress\/ -->\n<title>ADAPTER USB KABEL PODCZERWIE\u0143 IR STB DVD DVR do Tunera dekodera - Mix Market - Supermarket z wszystkim co potrzeba<\/title>\n<meta name=\"robots\" content=\"index, follow, max-snippet:-1, max-image-preview:large, max-video-preview:-1\" \/>\n<link rel=\"canonical\" href=\"https:\/\/racom.com.pl\/index.php\/produkt\/adapter-usb-kabel-podczerwien-ir-stb-dvd-dvr-do-tunera-dekodera\/\" \/>\n<meta property=\"og:locale\" content=\"pl_PL\" \/>\n<meta property=\"og:type\" content=\"article\" \/>\n<meta property=\"og:title\" content=\"ADAPTER USB KABEL PODCZERWIE\u0143 IR STB DVD DVR do Tunera dekodera - Mix Market - Supermarket z wszystkim co potrzeba\" \/>\n<meta property=\"og:description\" content=\"ODBIORNIK PODCZERWIENI IR USB Nadaje si\u0119 do TV, STB, DVD, DVR, PVR, wideorejestrator\u00f3w, tuner\u00f3w satelitarnych i DVB-T itp. Zastosowanie w urz\u0105dzeniach fabrycznie odbieraj\u0105cych sygna\u0142 IR (piloty na podczerwie\u0144) i posiadaj\u0105cych port USB. Wygodne rozwi\u0105zanie kiedy np. mamy schowany tuner telewizyjny w szafce. Wtedy wystarczy wyprowadzi\u0107 czujnik na zewn\u0105trz i mo\u017cna obs\u0142ugiwa\u0107 schowany tuner. Nie ka\u017cde [&hellip;]\" \/>\n<meta property=\"og:url\" content=\"https:\/\/racom.com.pl\/index.php\/produkt\/adapter-usb-kabel-podczerwien-ir-stb-dvd-dvr-do-tunera-dekodera\/\" \/>\n<meta property=\"og:site_name\" content=\"Mix Market - Supermarket z wszystkim co potrzeba\" \/>\n<meta property=\"og:image\" content=\"https:\/\/racom.com.pl\/wp-content\/uploads\/2025\/07\/allegro_687a80e5c376e8.85381311_64b54559452f8b68dee0ee43f73b.jpg\" \/>\n\t<meta property=\"og:image:width\" content=\"800\" \/>\n\t<meta property=\"og:image:height\" content=\"800\" \/>\n\t<meta property=\"og:image:type\" content=\"image\/jpeg\" \/>\n<meta name=\"twitter:card\" content=\"summary_large_image\" \/>\n<script type=\"application\/ld+json\" class=\"yoast-schema-graph\">{\"@context\":\"https:\\\/\\\/schema.org\",\"@graph\":[{\"@type\":\"WebPage\",\"@id\":\"https:\\\/\\\/racom.com.pl\\\/index.php\\\/produkt\\\/adapter-usb-kabel-podczerwien-ir-stb-dvd-dvr-do-tunera-dekodera\\\/\",\"url\":\"https:\\\/\\\/racom.com.pl\\\/index.php\\\/produkt\\\/adapter-usb-kabel-podczerwien-ir-stb-dvd-dvr-do-tunera-dekodera\\\/\",\"name\":\"ADAPTER USB KABEL PODCZERWIE\u0143 IR STB DVD DVR do Tunera dekodera - Mix Market - Supermarket z wszystkim co potrzeba\",\"isPartOf\":{\"@id\":\"https:\\\/\\\/racom.com.pl\\\/#website\"},\"primaryImageOfPage\":{\"@id\":\"https:\\\/\\\/racom.com.pl\\\/index.php\\\/produkt\\\/adapter-usb-kabel-podczerwien-ir-stb-dvd-dvr-do-tunera-dekodera\\\/#primaryimage\"},\"image\":{\"@id\":\"https:\\\/\\\/racom.com.pl\\\/index.php\\\/produkt\\\/adapter-usb-kabel-podczerwien-ir-stb-dvd-dvr-do-tunera-dekodera\\\/#primaryimage\"},\"thumbnailUrl\":\"https:\\\/\\\/racom.com.pl\\\/wp-content\\\/uploads\\\/2025\\\/07\\\/allegro_687a80e5c376e8.85381311_64b54559452f8b68dee0ee43f73b.jpg\",\"datePublished\":\"2025-07-18T17:13:50+00:00\",\"breadcrumb\":{\"@id\":\"https:\\\/\\\/racom.com.pl\\\/index.php\\\/produkt\\\/adapter-usb-kabel-podczerwien-ir-stb-dvd-dvr-do-tunera-dekodera\\\/#breadcrumb\"},\"inLanguage\":\"pl-PL\",\"potentialAction\":[{\"@type\":\"ReadAction\",\"target\":[\"https:\\\/\\\/racom.com.pl\\\/index.php\\\/produkt\\\/adapter-usb-kabel-podczerwien-ir-stb-dvd-dvr-do-tunera-dekodera\\\/\"]}]},{\"@type\":\"ImageObject\",\"inLanguage\":\"pl-PL\",\"@id\":\"https:\\\/\\\/racom.com.pl\\\/index.php\\\/produkt\\\/adapter-usb-kabel-podczerwien-ir-stb-dvd-dvr-do-tunera-dekodera\\\/#primaryimage\",\"url\":\"https:\\\/\\\/racom.com.pl\\\/wp-content\\\/uploads\\\/2025\\\/07\\\/allegro_687a80e5c376e8.85381311_64b54559452f8b68dee0ee43f73b.jpg\",\"contentUrl\":\"https:\\\/\\\/racom.com.pl\\\/wp-content\\\/uploads\\\/2025\\\/07\\\/allegro_687a80e5c376e8.85381311_64b54559452f8b68dee0ee43f73b.jpg\",\"width\":800,\"height\":800},{\"@type\":\"BreadcrumbList\",\"@id\":\"https:\\\/\\\/racom.com.pl\\\/index.php\\\/produkt\\\/adapter-usb-kabel-podczerwien-ir-stb-dvd-dvr-do-tunera-dekodera\\\/#breadcrumb\",\"itemListElement\":[{\"@type\":\"ListItem\",\"position\":1,\"name\":\"Strona g\u0142\u00f3wna\",\"item\":\"https:\\\/\\\/racom.com.pl\\\/\"},{\"@type\":\"ListItem\",\"position\":2,\"name\":\"Sklep\",\"item\":\"https:\\\/\\\/racom.com.pl\\\/\"},{\"@type\":\"ListItem\",\"position\":3,\"name\":\"ADAPTER USB KABEL PODCZERWIE\u0143 IR STB DVD DVR do Tunera dekodera\"}]},{\"@type\":\"WebSite\",\"@id\":\"https:\\\/\\\/racom.com.pl\\\/#website\",\"url\":\"https:\\\/\\\/racom.com.pl\\\/\",\"name\":\"Mix Market - Supermarket z wszystkim co potrzeba do domu i nie tylko\",\"description\":\"\",\"publisher\":{\"@id\":\"https:\\\/\\\/racom.com.pl\\\/#organization\"},\"potentialAction\":[{\"@type\":\"SearchAction\",\"target\":{\"@type\":\"EntryPoint\",\"urlTemplate\":\"https:\\\/\\\/racom.com.pl\\\/?s={search_term_string}\"},\"query-input\":{\"@type\":\"PropertyValueSpecification\",\"valueRequired\":true,\"valueName\":\"search_term_string\"}}],\"inLanguage\":\"pl-PL\"},{\"@type\":\"Organization\",\"@id\":\"https:\\\/\\\/racom.com.pl\\\/#organization\",\"name\":\"Mix Market - Supermarket z wszystkim co potrzeba do domu i nie tylko\",\"url\":\"https:\\\/\\\/racom.com.pl\\\/\",\"logo\":{\"@type\":\"ImageObject\",\"inLanguage\":\"pl-PL\",\"@id\":\"https:\\\/\\\/racom.com.pl\\\/#\\\/schema\\\/logo\\\/image\\\/\",\"url\":\"https:\\\/\\\/racom.com.pl\\\/wp-content\\\/uploads\\\/2025\\\/07\\\/mixmarket_logo.png\",\"contentUrl\":\"https:\\\/\\\/racom.com.pl\\\/wp-content\\\/uploads\\\/2025\\\/07\\\/mixmarket_logo.png\",\"width\":1024,\"height\":1024,\"caption\":\"Mix Market - Supermarket z wszystkim co potrzeba do domu i nie tylko\"},\"image\":{\"@id\":\"https:\\\/\\\/racom.com.pl\\\/#\\\/schema\\\/logo\\\/image\\\/\"}}]}<\/script>\n<!-- \/ Yoast SEO plugin. -->","yoast_head_json":{"title":"ADAPTER USB KABEL PODCZERWIE\u0143 IR STB DVD DVR do Tunera dekodera - Mix Market - Supermarket z wszystkim co potrzeba","robots":{"index":"index","follow":"follow","max-snippet":"max-snippet:-1","max-image-preview":"max-image-preview:large","max-video-preview":"max-video-preview:-1"},"canonical":"https:\/\/racom.com.pl\/index.php\/produkt\/adapter-usb-kabel-podczerwien-ir-stb-dvd-dvr-do-tunera-dekodera\/","og_locale":"pl_PL","og_type":"article","og_title":"ADAPTER USB KABEL PODCZERWIE\u0143 IR STB DVD DVR do Tunera dekodera - Mix Market - Supermarket z wszystkim co potrzeba","og_description":"ODBIORNIK PODCZERWIENI IR USB Nadaje si\u0119 do TV, STB, DVD, DVR, PVR, wideorejestrator\u00f3w, tuner\u00f3w satelitarnych i DVB-T itp. Zastosowanie w urz\u0105dzeniach fabrycznie odbieraj\u0105cych sygna\u0142 IR (piloty na podczerwie\u0144) i posiadaj\u0105cych port USB. Wygodne rozwi\u0105zanie kiedy np. mamy schowany tuner telewizyjny w szafce. Wtedy wystarczy wyprowadzi\u0107 czujnik na zewn\u0105trz i mo\u017cna obs\u0142ugiwa\u0107 schowany tuner. Nie ka\u017cde [&hellip;]","og_url":"https:\/\/racom.com.pl\/index.php\/produkt\/adapter-usb-kabel-podczerwien-ir-stb-dvd-dvr-do-tunera-dekodera\/","og_site_name":"Mix Market - Supermarket z wszystkim co potrzeba","og_image":[{"width":800,"height":800,"url":"https:\/\/racom.com.pl\/wp-content\/uploads\/2025\/07\/allegro_687a80e5c376e8.85381311_64b54559452f8b68dee0ee43f73b.jpg","type":"image\/jpeg"}],"twitter_card":"summary_large_image","schema":{"@context":"https:\/\/schema.org","@graph":[{"@type":"WebPage","@id":"https:\/\/racom.com.pl\/index.php\/produkt\/adapter-usb-kabel-podczerwien-ir-stb-dvd-dvr-do-tunera-dekodera\/","url":"https:\/\/racom.com.pl\/index.php\/produkt\/adapter-usb-kabel-podczerwien-ir-stb-dvd-dvr-do-tunera-dekodera\/","name":"ADAPTER USB KABEL PODCZERWIE\u0143 IR STB DVD DVR do Tunera dekodera - Mix Market - Supermarket z wszystkim co potrzeba","isPartOf":{"@id":"https:\/\/racom.com.pl\/#website"},"primaryImageOfPage":{"@id":"https:\/\/racom.com.pl\/index.php\/produkt\/adapter-usb-kabel-podczerwien-ir-stb-dvd-dvr-do-tunera-dekodera\/#primaryimage"},"image":{"@id":"https:\/\/racom.com.pl\/index.php\/produkt\/adapter-usb-kabel-podczerwien-ir-stb-dvd-dvr-do-tunera-dekodera\/#primaryimage"},"thumbnailUrl":"https:\/\/racom.com.pl\/wp-content\/uploads\/2025\/07\/allegro_687a80e5c376e8.85381311_64b54559452f8b68dee0ee43f73b.jpg","datePublished":"2025-07-18T17:13:50+00:00","breadcrumb":{"@id":"https:\/\/racom.com.pl\/index.php\/produkt\/adapter-usb-kabel-podczerwien-ir-stb-dvd-dvr-do-tunera-dekodera\/#breadcrumb"},"inLanguage":"pl-PL","potentialAction":[{"@type":"ReadAction","target":["https:\/\/racom.com.pl\/index.php\/produkt\/adapter-usb-kabel-podczerwien-ir-stb-dvd-dvr-do-tunera-dekodera\/"]}]},{"@type":"ImageObject","inLanguage":"pl-PL","@id":"https:\/\/racom.com.pl\/index.php\/produkt\/adapter-usb-kabel-podczerwien-ir-stb-dvd-dvr-do-tunera-dekodera\/#primaryimage","url":"https:\/\/racom.com.pl\/wp-content\/uploads\/2025\/07\/allegro_687a80e5c376e8.85381311_64b54559452f8b68dee0ee43f73b.jpg","contentUrl":"https:\/\/racom.com.pl\/wp-content\/uploads\/2025\/07\/allegro_687a80e5c376e8.85381311_64b54559452f8b68dee0ee43f73b.jpg","width":800,"height":800},{"@type":"BreadcrumbList","@id":"https:\/\/racom.com.pl\/index.php\/produkt\/adapter-usb-kabel-podczerwien-ir-stb-dvd-dvr-do-tunera-dekodera\/#breadcrumb","itemListElement":[{"@type":"ListItem","position":1,"name":"Strona g\u0142\u00f3wna","item":"https:\/\/racom.com.pl\/"},{"@type":"ListItem","position":2,"name":"Sklep","item":"https:\/\/racom.com.pl\/"},{"@type":"ListItem","position":3,"name":"ADAPTER USB KABEL PODCZERWIE\u0143 IR STB DVD DVR do Tunera dekodera"}]},{"@type":"WebSite","@id":"https:\/\/racom.com.pl\/#website","url":"https:\/\/racom.com.pl\/","name":"Mix Market - Supermarket z wszystkim co potrzeba do domu i nie tylko","description":"","publisher":{"@id":"https:\/\/racom.com.pl\/#organization"},"potentialAction":[{"@type":"SearchAction","target":{"@type":"EntryPoint","urlTemplate":"https:\/\/racom.com.pl\/?s={search_term_string}"},"query-input":{"@type":"PropertyValueSpecification","valueRequired":true,"valueName":"search_term_string"}}],"inLanguage":"pl-PL"},{"@type":"Organization","@id":"https:\/\/racom.com.pl\/#organization","name":"Mix Market - Supermarket z wszystkim co potrzeba do domu i nie tylko","url":"https:\/\/racom.com.pl\/","logo":{"@type":"ImageObject","inLanguage":"pl-PL","@id":"https:\/\/racom.com.pl\/#\/schema\/logo\/image\/","url":"https:\/\/racom.com.pl\/wp-content\/uploads\/2025\/07\/mixmarket_logo.png","contentUrl":"https:\/\/racom.com.pl\/wp-content\/uploads\/2025\/07\/mixmarket_logo.png","width":1024,"height":1024,"caption":"Mix Market - Supermarket z wszystkim co potrzeba do domu i nie tylko"},"image":{"@id":"https:\/\/racom.com.pl\/#\/schema\/logo\/image\/"}}]}},"_links":{"self":[{"href":"https:\/\/racom.com.pl\/index.php\/wp-json\/wp\/v2\/product\/1311","targetHints":{"allow":["GET"]}}],"collection":[{"href":"https:\/\/racom.com.pl\/index.php\/wp-json\/wp\/v2\/product"}],"about":[{"href":"https:\/\/racom.com.pl\/index.php\/wp-json\/wp\/v2\/types\/product"}],"replies":[{"embeddable":true,"href":"https:\/\/racom.com.pl\/index.php\/wp-json\/wp\/v2\/comments?post=1311"}],"wp:featuredmedia":[{"embeddable":true,"href":"https:\/\/racom.com.pl\/index.php\/wp-json\/wp\/v2\/media\/1313"}],"wp:attachment":[{"href":"https:\/\/racom.com.pl\/index.php\/wp-json\/wp\/v2\/media?parent=1311"}],"wp:term":[{"taxonomy":"product_brand","embeddable":true,"href":"https:\/\/racom.com.pl\/index.php\/wp-json\/wp\/v2\/product_brand?post=1311"},{"taxonomy":"product_cat","embeddable":true,"href":"https:\/\/racom.com.pl\/index.php\/wp-json\/wp\/v2\/product_cat?post=1311"},{"taxonomy":"product_tag","embeddable":true,"href":"https:\/\/racom.com.pl\/index.php\/wp-json\/wp\/v2\/product_tag?post=1311"}],"curies":[{"name":"wp","href":"https:\/\/api.w.org\/{rel}","templated":true}]}}