{"id":1314,"date":"2025-07-18T19:14:23","date_gmt":"2025-07-18T17:14:23","guid":{"rendered":"http:\/\/192.168.2.106\/index.php\/produkt\/beben-opc-walek-ml1610-ml2010-ml2510-ml2570-green\/"},"modified":"2025-07-18T19:14:23","modified_gmt":"2025-07-18T17:14:23","slug":"beben-opc-walek-ml1610-ml2010-ml2510-ml2570-green","status":"publish","type":"product","link":"https:\/\/racom.com.pl\/index.php\/produkt\/beben-opc-walek-ml1610-ml2010-ml2510-ml2570-green\/","title":{"rendered":"B\u0118BEN OPC WA\u0141EK ML1610 ML2010 ML2510 ML2570 GREEN"},"content":{"rendered":"<p><b>NOWY B\u0118BEN OPC DO SAMSUNG ML1610 ML2010<\/b><\/p>\n<p>Model kasety ML-1610D2 Kompatybilny z drukarkami<\/p>\n<p>ML1610 ML 1610 ML-1610<\/p>\n<p>Model kasety ML-2010D3 Kompatybilny z drukarkam:<\/p>\n<p>ML2010 ML2510 ML2570 ML2571n ML 2010 ML 2510 ML 2570<\/p>\n<p>ML 2571n ML-2010 ML-2510 ML-2570 ML-2571n<\/p>\n<p>Kod produktu: A952<\/p>\n","protected":false},"excerpt":{"rendered":"<p>NOWY B\u0118BEN OPC DO SAMSUNG ML1610 ML2010 Model kasety ML-1610D2 Kompatybilny z drukarkami ML1610 ML 1610 ML-1610 Model kasety ML-2010D3 Kompatybilny z drukarkam: ML2010 ML2510 ML2570 ML2571n ML 2010 ML 2510 ML 2570 ML 2571n ML-2010 ML-2510 ML-2570 ML-2571n Kod produktu: A952<\/p>\n","protected":false},"featured_media":1316,"comment_status":"open","ping_status":"closed","template":"","meta":[],"product_brand":[],"product_cat":[35],"product_tag":[],"class_list":{"0":"post-1314","1":"product","2":"type-product","3":"status-publish","4":"has-post-thumbnail","6":"product_cat-drukarki-i-skanery","8":"first","9":"instock","10":"taxable","11":"shipping-taxable","12":"purchasable","13":"product-type-simple"},"yoast_head":"<!-- This site is optimized with the Yoast SEO plugin v27.3 - https:\/\/yoast.com\/product\/yoast-seo-wordpress\/ -->\n<title>B\u0118BEN OPC WA\u0141EK ML1610 ML2010 ML2510 ML2570 GREEN - Mix Market - Supermarket z wszystkim co potrzeba<\/title>\n<meta name=\"robots\" content=\"index, follow, max-snippet:-1, max-image-preview:large, max-video-preview:-1\" \/>\n<link rel=\"canonical\" href=\"https:\/\/racom.com.pl\/index.php\/produkt\/beben-opc-walek-ml1610-ml2010-ml2510-ml2570-green\/\" \/>\n<meta property=\"og:locale\" content=\"pl_PL\" \/>\n<meta property=\"og:type\" content=\"article\" \/>\n<meta property=\"og:title\" content=\"B\u0118BEN OPC WA\u0141EK ML1610 ML2010 ML2510 ML2570 GREEN - Mix Market - Supermarket z wszystkim co potrzeba\" \/>\n<meta property=\"og:description\" content=\"NOWY B\u0118BEN OPC DO SAMSUNG ML1610 ML2010 Model kasety ML-1610D2 Kompatybilny z drukarkami ML1610 ML 1610 ML-1610 Model kasety ML-2010D3 Kompatybilny z drukarkam: ML2010 ML2510 ML2570 ML2571n ML 2010 ML 2510 ML 2570 ML 2571n ML-2010 ML-2510 ML-2570 ML-2571n Kod produktu: A952\" \/>\n<meta property=\"og:url\" content=\"https:\/\/racom.com.pl\/index.php\/produkt\/beben-opc-walek-ml1610-ml2010-ml2510-ml2570-green\/\" \/>\n<meta property=\"og:site_name\" content=\"Mix Market - Supermarket z wszystkim co potrzeba\" \/>\n<meta property=\"og:image\" content=\"https:\/\/racom.com.pl\/wp-content\/uploads\/2025\/07\/allegro_687a80fa9ec026.58023804_7fa1dfb845c395b7c68e8657aa26.jpg\" \/>\n\t<meta property=\"og:image:width\" content=\"800\" \/>\n\t<meta property=\"og:image:height\" content=\"800\" \/>\n\t<meta property=\"og:image:type\" content=\"image\/jpeg\" \/>\n<meta name=\"twitter:card\" content=\"summary_large_image\" \/>\n<script type=\"application\/ld+json\" class=\"yoast-schema-graph\">{\"@context\":\"https:\\\/\\\/schema.org\",\"@graph\":[{\"@type\":\"WebPage\",\"@id\":\"https:\\\/\\\/racom.com.pl\\\/index.php\\\/produkt\\\/beben-opc-walek-ml1610-ml2010-ml2510-ml2570-green\\\/\",\"url\":\"https:\\\/\\\/racom.com.pl\\\/index.php\\\/produkt\\\/beben-opc-walek-ml1610-ml2010-ml2510-ml2570-green\\\/\",\"name\":\"B\u0118BEN OPC WA\u0141EK ML1610 ML2010 ML2510 ML2570 GREEN - Mix Market - Supermarket z wszystkim co potrzeba\",\"isPartOf\":{\"@id\":\"https:\\\/\\\/racom.com.pl\\\/#website\"},\"primaryImageOfPage\":{\"@id\":\"https:\\\/\\\/racom.com.pl\\\/index.php\\\/produkt\\\/beben-opc-walek-ml1610-ml2010-ml2510-ml2570-green\\\/#primaryimage\"},\"image\":{\"@id\":\"https:\\\/\\\/racom.com.pl\\\/index.php\\\/produkt\\\/beben-opc-walek-ml1610-ml2010-ml2510-ml2570-green\\\/#primaryimage\"},\"thumbnailUrl\":\"https:\\\/\\\/racom.com.pl\\\/wp-content\\\/uploads\\\/2025\\\/07\\\/allegro_687a80fa9ec026.58023804_7fa1dfb845c395b7c68e8657aa26.jpg\",\"datePublished\":\"2025-07-18T17:14:23+00:00\",\"breadcrumb\":{\"@id\":\"https:\\\/\\\/racom.com.pl\\\/index.php\\\/produkt\\\/beben-opc-walek-ml1610-ml2010-ml2510-ml2570-green\\\/#breadcrumb\"},\"inLanguage\":\"pl-PL\",\"potentialAction\":[{\"@type\":\"ReadAction\",\"target\":[\"https:\\\/\\\/racom.com.pl\\\/index.php\\\/produkt\\\/beben-opc-walek-ml1610-ml2010-ml2510-ml2570-green\\\/\"]}]},{\"@type\":\"ImageObject\",\"inLanguage\":\"pl-PL\",\"@id\":\"https:\\\/\\\/racom.com.pl\\\/index.php\\\/produkt\\\/beben-opc-walek-ml1610-ml2010-ml2510-ml2570-green\\\/#primaryimage\",\"url\":\"https:\\\/\\\/racom.com.pl\\\/wp-content\\\/uploads\\\/2025\\\/07\\\/allegro_687a80fa9ec026.58023804_7fa1dfb845c395b7c68e8657aa26.jpg\",\"contentUrl\":\"https:\\\/\\\/racom.com.pl\\\/wp-content\\\/uploads\\\/2025\\\/07\\\/allegro_687a80fa9ec026.58023804_7fa1dfb845c395b7c68e8657aa26.jpg\",\"width\":800,\"height\":800},{\"@type\":\"BreadcrumbList\",\"@id\":\"https:\\\/\\\/racom.com.pl\\\/index.php\\\/produkt\\\/beben-opc-walek-ml1610-ml2010-ml2510-ml2570-green\\\/#breadcrumb\",\"itemListElement\":[{\"@type\":\"ListItem\",\"position\":1,\"name\":\"Strona g\u0142\u00f3wna\",\"item\":\"https:\\\/\\\/racom.com.pl\\\/\"},{\"@type\":\"ListItem\",\"position\":2,\"name\":\"Sklep\",\"item\":\"https:\\\/\\\/racom.com.pl\\\/\"},{\"@type\":\"ListItem\",\"position\":3,\"name\":\"B\u0118BEN OPC WA\u0141EK ML1610 ML2010 ML2510 ML2570 GREEN\"}]},{\"@type\":\"WebSite\",\"@id\":\"https:\\\/\\\/racom.com.pl\\\/#website\",\"url\":\"https:\\\/\\\/racom.com.pl\\\/\",\"name\":\"Mix Market - Supermarket z wszystkim co potrzeba do domu i nie tylko\",\"description\":\"\",\"publisher\":{\"@id\":\"https:\\\/\\\/racom.com.pl\\\/#organization\"},\"potentialAction\":[{\"@type\":\"SearchAction\",\"target\":{\"@type\":\"EntryPoint\",\"urlTemplate\":\"https:\\\/\\\/racom.com.pl\\\/?s={search_term_string}\"},\"query-input\":{\"@type\":\"PropertyValueSpecification\",\"valueRequired\":true,\"valueName\":\"search_term_string\"}}],\"inLanguage\":\"pl-PL\"},{\"@type\":\"Organization\",\"@id\":\"https:\\\/\\\/racom.com.pl\\\/#organization\",\"name\":\"Mix Market - Supermarket z wszystkim co potrzeba do domu i nie tylko\",\"url\":\"https:\\\/\\\/racom.com.pl\\\/\",\"logo\":{\"@type\":\"ImageObject\",\"inLanguage\":\"pl-PL\",\"@id\":\"https:\\\/\\\/racom.com.pl\\\/#\\\/schema\\\/logo\\\/image\\\/\",\"url\":\"https:\\\/\\\/racom.com.pl\\\/wp-content\\\/uploads\\\/2025\\\/07\\\/mixmarket_logo.png\",\"contentUrl\":\"https:\\\/\\\/racom.com.pl\\\/wp-content\\\/uploads\\\/2025\\\/07\\\/mixmarket_logo.png\",\"width\":1024,\"height\":1024,\"caption\":\"Mix Market - Supermarket z wszystkim co potrzeba do domu i nie tylko\"},\"image\":{\"@id\":\"https:\\\/\\\/racom.com.pl\\\/#\\\/schema\\\/logo\\\/image\\\/\"}}]}<\/script>\n<!-- \/ Yoast SEO plugin. -->","yoast_head_json":{"title":"B\u0118BEN OPC WA\u0141EK ML1610 ML2010 ML2510 ML2570 GREEN - Mix Market - Supermarket z wszystkim co potrzeba","robots":{"index":"index","follow":"follow","max-snippet":"max-snippet:-1","max-image-preview":"max-image-preview:large","max-video-preview":"max-video-preview:-1"},"canonical":"https:\/\/racom.com.pl\/index.php\/produkt\/beben-opc-walek-ml1610-ml2010-ml2510-ml2570-green\/","og_locale":"pl_PL","og_type":"article","og_title":"B\u0118BEN OPC WA\u0141EK ML1610 ML2010 ML2510 ML2570 GREEN - Mix Market - Supermarket z wszystkim co potrzeba","og_description":"NOWY B\u0118BEN OPC DO SAMSUNG ML1610 ML2010 Model kasety ML-1610D2 Kompatybilny z drukarkami ML1610 ML 1610 ML-1610 Model kasety ML-2010D3 Kompatybilny z drukarkam: ML2010 ML2510 ML2570 ML2571n ML 2010 ML 2510 ML 2570 ML 2571n ML-2010 ML-2510 ML-2570 ML-2571n Kod produktu: A952","og_url":"https:\/\/racom.com.pl\/index.php\/produkt\/beben-opc-walek-ml1610-ml2010-ml2510-ml2570-green\/","og_site_name":"Mix Market - Supermarket z wszystkim co potrzeba","og_image":[{"width":800,"height":800,"url":"https:\/\/racom.com.pl\/wp-content\/uploads\/2025\/07\/allegro_687a80fa9ec026.58023804_7fa1dfb845c395b7c68e8657aa26.jpg","type":"image\/jpeg"}],"twitter_card":"summary_large_image","schema":{"@context":"https:\/\/schema.org","@graph":[{"@type":"WebPage","@id":"https:\/\/racom.com.pl\/index.php\/produkt\/beben-opc-walek-ml1610-ml2010-ml2510-ml2570-green\/","url":"https:\/\/racom.com.pl\/index.php\/produkt\/beben-opc-walek-ml1610-ml2010-ml2510-ml2570-green\/","name":"B\u0118BEN OPC WA\u0141EK ML1610 ML2010 ML2510 ML2570 GREEN - Mix Market - Supermarket z wszystkim co potrzeba","isPartOf":{"@id":"https:\/\/racom.com.pl\/#website"},"primaryImageOfPage":{"@id":"https:\/\/racom.com.pl\/index.php\/produkt\/beben-opc-walek-ml1610-ml2010-ml2510-ml2570-green\/#primaryimage"},"image":{"@id":"https:\/\/racom.com.pl\/index.php\/produkt\/beben-opc-walek-ml1610-ml2010-ml2510-ml2570-green\/#primaryimage"},"thumbnailUrl":"https:\/\/racom.com.pl\/wp-content\/uploads\/2025\/07\/allegro_687a80fa9ec026.58023804_7fa1dfb845c395b7c68e8657aa26.jpg","datePublished":"2025-07-18T17:14:23+00:00","breadcrumb":{"@id":"https:\/\/racom.com.pl\/index.php\/produkt\/beben-opc-walek-ml1610-ml2010-ml2510-ml2570-green\/#breadcrumb"},"inLanguage":"pl-PL","potentialAction":[{"@type":"ReadAction","target":["https:\/\/racom.com.pl\/index.php\/produkt\/beben-opc-walek-ml1610-ml2010-ml2510-ml2570-green\/"]}]},{"@type":"ImageObject","inLanguage":"pl-PL","@id":"https:\/\/racom.com.pl\/index.php\/produkt\/beben-opc-walek-ml1610-ml2010-ml2510-ml2570-green\/#primaryimage","url":"https:\/\/racom.com.pl\/wp-content\/uploads\/2025\/07\/allegro_687a80fa9ec026.58023804_7fa1dfb845c395b7c68e8657aa26.jpg","contentUrl":"https:\/\/racom.com.pl\/wp-content\/uploads\/2025\/07\/allegro_687a80fa9ec026.58023804_7fa1dfb845c395b7c68e8657aa26.jpg","width":800,"height":800},{"@type":"BreadcrumbList","@id":"https:\/\/racom.com.pl\/index.php\/produkt\/beben-opc-walek-ml1610-ml2010-ml2510-ml2570-green\/#breadcrumb","itemListElement":[{"@type":"ListItem","position":1,"name":"Strona g\u0142\u00f3wna","item":"https:\/\/racom.com.pl\/"},{"@type":"ListItem","position":2,"name":"Sklep","item":"https:\/\/racom.com.pl\/"},{"@type":"ListItem","position":3,"name":"B\u0118BEN OPC WA\u0141EK ML1610 ML2010 ML2510 ML2570 GREEN"}]},{"@type":"WebSite","@id":"https:\/\/racom.com.pl\/#website","url":"https:\/\/racom.com.pl\/","name":"Mix Market - Supermarket z wszystkim co potrzeba do domu i nie tylko","description":"","publisher":{"@id":"https:\/\/racom.com.pl\/#organization"},"potentialAction":[{"@type":"SearchAction","target":{"@type":"EntryPoint","urlTemplate":"https:\/\/racom.com.pl\/?s={search_term_string}"},"query-input":{"@type":"PropertyValueSpecification","valueRequired":true,"valueName":"search_term_string"}}],"inLanguage":"pl-PL"},{"@type":"Organization","@id":"https:\/\/racom.com.pl\/#organization","name":"Mix Market - Supermarket z wszystkim co potrzeba do domu i nie tylko","url":"https:\/\/racom.com.pl\/","logo":{"@type":"ImageObject","inLanguage":"pl-PL","@id":"https:\/\/racom.com.pl\/#\/schema\/logo\/image\/","url":"https:\/\/racom.com.pl\/wp-content\/uploads\/2025\/07\/mixmarket_logo.png","contentUrl":"https:\/\/racom.com.pl\/wp-content\/uploads\/2025\/07\/mixmarket_logo.png","width":1024,"height":1024,"caption":"Mix Market - Supermarket z wszystkim co potrzeba do domu i nie tylko"},"image":{"@id":"https:\/\/racom.com.pl\/#\/schema\/logo\/image\/"}}]}},"_links":{"self":[{"href":"https:\/\/racom.com.pl\/index.php\/wp-json\/wp\/v2\/product\/1314","targetHints":{"allow":["GET"]}}],"collection":[{"href":"https:\/\/racom.com.pl\/index.php\/wp-json\/wp\/v2\/product"}],"about":[{"href":"https:\/\/racom.com.pl\/index.php\/wp-json\/wp\/v2\/types\/product"}],"replies":[{"embeddable":true,"href":"https:\/\/racom.com.pl\/index.php\/wp-json\/wp\/v2\/comments?post=1314"}],"wp:featuredmedia":[{"embeddable":true,"href":"https:\/\/racom.com.pl\/index.php\/wp-json\/wp\/v2\/media\/1316"}],"wp:attachment":[{"href":"https:\/\/racom.com.pl\/index.php\/wp-json\/wp\/v2\/media?parent=1314"}],"wp:term":[{"taxonomy":"product_brand","embeddable":true,"href":"https:\/\/racom.com.pl\/index.php\/wp-json\/wp\/v2\/product_brand?post=1314"},{"taxonomy":"product_cat","embeddable":true,"href":"https:\/\/racom.com.pl\/index.php\/wp-json\/wp\/v2\/product_cat?post=1314"},{"taxonomy":"product_tag","embeddable":true,"href":"https:\/\/racom.com.pl\/index.php\/wp-json\/wp\/v2\/product_tag?post=1314"}],"curies":[{"name":"wp","href":"https:\/\/api.w.org\/{rel}","templated":true}]}}