{"id":1328,"date":"2025-07-18T19:18:01","date_gmt":"2025-07-18T17:18:01","guid":{"rendered":"http:\/\/192.168.2.106\/index.php\/produkt\/lampa-do-projektora-hitachi-dt00893-cpa52lamp\/"},"modified":"2025-07-18T19:18:01","modified_gmt":"2025-07-18T17:18:01","slug":"lampa-do-projektora-hitachi-dt00893-cpa52lamp","status":"publish","type":"product","link":"https:\/\/racom.com.pl\/index.php\/produkt\/lampa-do-projektora-hitachi-dt00893-cpa52lamp\/","title":{"rendered":"Lampa do projektora Hitachi DT00893 \/ CPA52LAMP"},"content":{"rendered":"<h2>Lampa Do HITACHI CP-A52 Projektor DT00893<\/h2>\n<p>Nowa Lampa do projektora CP-A52 &#8211; Moc 220W oraz \u017cywotno\u015b\u0107 na poziomie a\u017c 2000 godzin. Typ lampy to UHB<\/p>\n<p>U\u017cytkowanie oraz wymiana lampy projekcyjnej:<\/p>\n<p>&#8211; lamp\u0119 nale\u017cy zawsze wymienia\u0107 w momencie, gdy na projektorze pojawi si\u0119 komunikat informuj\u0105cy o takiej potrzebie. Nie zaleca si\u0119 dalszego u\u017cytkowania projektora po osi\u0105gni\u0119ciu \u017cywotno\u015bci lampy, gdy\u017c mo\u017ce to prowadzi\u0107 do jej eksplozji.<\/p>\n<p>&#8211; lampy nie nale\u017cy dotyka\u0107 zaraz po wyci\u0105gni\u0119ciu z projektora. Mo\u017ce by\u0107 ona bardzo gor\u0105ca i spowodowa\u0107 oparzenia<\/p>\n<p>&#8211; nale\u017cy wy\u0142\u0105czy\u0107 projektor przed wymian\u0105 lampy. Gdy projektor b\u0119dzie ju\u017c wystudzony, nale\u017cy od\u0142\u0105czy\u0107 kabel zasilaj\u0105cy i dopiero wtedy zabra\u0107 si\u0119 za wymian\u0119.<\/p>\n<p>&#8211; niekt\u00f3re projektory wymagaj\u0105 wyczyszczenia filtru powietrza przed instalacj\u0105 nowej lampy &#8211; je\u015bli Tw\u00f3j projektor tego wymaga, zr\u00f3b to i nast\u0119pnie zainstaluj lamp\u0119.<\/p>\n<p>&#8211; nie usuwaj \u017cadnych \u015brub z obudowy lampy &#8211; unikaj pora\u017cenia pr\u0105dem<\/p>\n<p>&#8211; staraj si\u0119 uwa\u017ca\u0107 na szk\u0142o os\u0142aniaj\u0105ce \u017carnik lampy oraz nie zostawiaj odcisk\u00f3w palc\u00f3w na powierzchni lampy. Wszelkie odciski mog\u0105 powodowa\u0107 nisk\u0105 jako\u015b\u0107 obrazu o niepo\u017c\u0105dane cienie<\/p>\n<p>&#8211; gdy decydujesz si\u0119 na wymian\u0119 lampy, zawsze u\u017cywaj tego samego modelu. Model lampy znajdziesz w instrukcji oraz na etykiecie projektora (bardzo cz\u0119sto jest tam umieszczany typ lampy)<\/p>\n<p>&#8211; podczas wymiany lampy nale\u017cy post\u0119powa\u0107 zgodnie z zalecaniami zawartymi w instrukcji obs\u0142ugi projektora.<\/p>\n<ul>\n<li><b>Waga:<\/b> 436 g<\/li>\n<li><b>Przeznaczenie:<\/b> Projektor<\/li>\n<li><b>Pasuje do urz\u0105dze\u0144:<\/b> CP-A52<\/li>\n<li><b>Zawarto\u015b\u0107:<\/b> Lampa Diamond<\/li>\n<li><b>Jako\u015b\u0107:<\/b> Zamiennik<\/li>\n<li><b>Wymagana ilo\u015b\u0107 w urz\u0105dzeniu:<\/b> 1<\/li>\n<li><b>Ilo\u015b\u0107 w zestawie:<\/b> 1<\/li>\n<li><b>Moc lampy (W):<\/b> 220<\/li>\n<li><b>Typ Lampy:<\/b> UHB<\/li>\n<\/ul>\n","protected":false},"excerpt":{"rendered":"<p>Lampa Do HITACHI CP-A52 Projektor DT00893 Nowa Lampa do projektora CP-A52 &#8211; Moc 220W oraz \u017cywotno\u015b\u0107 na poziomie a\u017c 2000 godzin. Typ lampy to UHB U\u017cytkowanie oraz wymiana lampy projekcyjnej: &#8211; lamp\u0119 nale\u017cy zawsze wymienia\u0107 w momencie, gdy na projektorze pojawi si\u0119 komunikat informuj\u0105cy o takiej potrzebie. Nie zaleca si\u0119 dalszego u\u017cytkowania projektora po osi\u0105gni\u0119ciu [&hellip;]<\/p>\n","protected":false},"featured_media":1330,"comment_status":"open","ping_status":"closed","template":"","meta":[],"product_brand":[90],"product_cat":[43],"product_tag":[],"class_list":{"0":"post-1328","1":"product","2":"type-product","3":"status-publish","4":"has-post-thumbnail","6":"product_brand-hitachi","7":"product_cat-tv-i-video","9":"first","10":"instock","11":"taxable","12":"shipping-taxable","13":"purchasable","14":"product-type-simple"},"yoast_head":"<!-- This site is optimized with the Yoast SEO plugin v27.3 - https:\/\/yoast.com\/product\/yoast-seo-wordpress\/ -->\n<title>Lampa do projektora Hitachi DT00893 \/ CPA52LAMP - Mix Market - Supermarket z wszystkim co potrzeba<\/title>\n<meta name=\"robots\" content=\"index, follow, max-snippet:-1, max-image-preview:large, max-video-preview:-1\" \/>\n<link rel=\"canonical\" href=\"https:\/\/racom.com.pl\/index.php\/produkt\/lampa-do-projektora-hitachi-dt00893-cpa52lamp\/\" \/>\n<meta property=\"og:locale\" content=\"pl_PL\" \/>\n<meta property=\"og:type\" content=\"article\" \/>\n<meta property=\"og:title\" content=\"Lampa do projektora Hitachi DT00893 \/ CPA52LAMP - Mix Market - Supermarket z wszystkim co potrzeba\" \/>\n<meta property=\"og:description\" content=\"Lampa Do HITACHI CP-A52 Projektor DT00893 Nowa Lampa do projektora CP-A52 &#8211; Moc 220W oraz \u017cywotno\u015b\u0107 na poziomie a\u017c 2000 godzin. Typ lampy to UHB U\u017cytkowanie oraz wymiana lampy projekcyjnej: &#8211; lamp\u0119 nale\u017cy zawsze wymienia\u0107 w momencie, gdy na projektorze pojawi si\u0119 komunikat informuj\u0105cy o takiej potrzebie. Nie zaleca si\u0119 dalszego u\u017cytkowania projektora po osi\u0105gni\u0119ciu [&hellip;]\" \/>\n<meta property=\"og:url\" content=\"https:\/\/racom.com.pl\/index.php\/produkt\/lampa-do-projektora-hitachi-dt00893-cpa52lamp\/\" \/>\n<meta property=\"og:site_name\" content=\"Mix Market - Supermarket z wszystkim co potrzeba\" \/>\n<meta property=\"og:image\" content=\"https:\/\/racom.com.pl\/wp-content\/uploads\/2025\/07\/allegro_687a81d8d3a3c5.69376880_d8a5580e4ce5ba911081c1df9286.jpg\" \/>\n\t<meta property=\"og:image:width\" content=\"1147\" \/>\n\t<meta property=\"og:image:height\" content=\"860\" \/>\n\t<meta property=\"og:image:type\" content=\"image\/jpeg\" \/>\n<meta name=\"twitter:card\" content=\"summary_large_image\" \/>\n<meta name=\"twitter:label1\" content=\"Szacowany czas czytania\" \/>\n\t<meta name=\"twitter:data1\" content=\"1 minuta\" \/>\n<script type=\"application\/ld+json\" class=\"yoast-schema-graph\">{\"@context\":\"https:\\\/\\\/schema.org\",\"@graph\":[{\"@type\":\"WebPage\",\"@id\":\"https:\\\/\\\/racom.com.pl\\\/index.php\\\/produkt\\\/lampa-do-projektora-hitachi-dt00893-cpa52lamp\\\/\",\"url\":\"https:\\\/\\\/racom.com.pl\\\/index.php\\\/produkt\\\/lampa-do-projektora-hitachi-dt00893-cpa52lamp\\\/\",\"name\":\"Lampa do projektora Hitachi DT00893 \\\/ CPA52LAMP - Mix Market - Supermarket z wszystkim co potrzeba\",\"isPartOf\":{\"@id\":\"https:\\\/\\\/racom.com.pl\\\/#website\"},\"primaryImageOfPage\":{\"@id\":\"https:\\\/\\\/racom.com.pl\\\/index.php\\\/produkt\\\/lampa-do-projektora-hitachi-dt00893-cpa52lamp\\\/#primaryimage\"},\"image\":{\"@id\":\"https:\\\/\\\/racom.com.pl\\\/index.php\\\/produkt\\\/lampa-do-projektora-hitachi-dt00893-cpa52lamp\\\/#primaryimage\"},\"thumbnailUrl\":\"https:\\\/\\\/racom.com.pl\\\/wp-content\\\/uploads\\\/2025\\\/07\\\/allegro_687a81d8d3a3c5.69376880_d8a5580e4ce5ba911081c1df9286.jpg\",\"datePublished\":\"2025-07-18T17:18:01+00:00\",\"breadcrumb\":{\"@id\":\"https:\\\/\\\/racom.com.pl\\\/index.php\\\/produkt\\\/lampa-do-projektora-hitachi-dt00893-cpa52lamp\\\/#breadcrumb\"},\"inLanguage\":\"pl-PL\",\"potentialAction\":[{\"@type\":\"ReadAction\",\"target\":[\"https:\\\/\\\/racom.com.pl\\\/index.php\\\/produkt\\\/lampa-do-projektora-hitachi-dt00893-cpa52lamp\\\/\"]}]},{\"@type\":\"ImageObject\",\"inLanguage\":\"pl-PL\",\"@id\":\"https:\\\/\\\/racom.com.pl\\\/index.php\\\/produkt\\\/lampa-do-projektora-hitachi-dt00893-cpa52lamp\\\/#primaryimage\",\"url\":\"https:\\\/\\\/racom.com.pl\\\/wp-content\\\/uploads\\\/2025\\\/07\\\/allegro_687a81d8d3a3c5.69376880_d8a5580e4ce5ba911081c1df9286.jpg\",\"contentUrl\":\"https:\\\/\\\/racom.com.pl\\\/wp-content\\\/uploads\\\/2025\\\/07\\\/allegro_687a81d8d3a3c5.69376880_d8a5580e4ce5ba911081c1df9286.jpg\",\"width\":1147,\"height\":860},{\"@type\":\"BreadcrumbList\",\"@id\":\"https:\\\/\\\/racom.com.pl\\\/index.php\\\/produkt\\\/lampa-do-projektora-hitachi-dt00893-cpa52lamp\\\/#breadcrumb\",\"itemListElement\":[{\"@type\":\"ListItem\",\"position\":1,\"name\":\"Strona g\u0142\u00f3wna\",\"item\":\"https:\\\/\\\/racom.com.pl\\\/\"},{\"@type\":\"ListItem\",\"position\":2,\"name\":\"Sklep\",\"item\":\"https:\\\/\\\/racom.com.pl\\\/\"},{\"@type\":\"ListItem\",\"position\":3,\"name\":\"Lampa do projektora Hitachi DT00893 \\\/ CPA52LAMP\"}]},{\"@type\":\"WebSite\",\"@id\":\"https:\\\/\\\/racom.com.pl\\\/#website\",\"url\":\"https:\\\/\\\/racom.com.pl\\\/\",\"name\":\"Mix Market - Supermarket z wszystkim co potrzeba do domu i nie tylko\",\"description\":\"\",\"publisher\":{\"@id\":\"https:\\\/\\\/racom.com.pl\\\/#organization\"},\"potentialAction\":[{\"@type\":\"SearchAction\",\"target\":{\"@type\":\"EntryPoint\",\"urlTemplate\":\"https:\\\/\\\/racom.com.pl\\\/?s={search_term_string}\"},\"query-input\":{\"@type\":\"PropertyValueSpecification\",\"valueRequired\":true,\"valueName\":\"search_term_string\"}}],\"inLanguage\":\"pl-PL\"},{\"@type\":\"Organization\",\"@id\":\"https:\\\/\\\/racom.com.pl\\\/#organization\",\"name\":\"Mix Market - Supermarket z wszystkim co potrzeba do domu i nie tylko\",\"url\":\"https:\\\/\\\/racom.com.pl\\\/\",\"logo\":{\"@type\":\"ImageObject\",\"inLanguage\":\"pl-PL\",\"@id\":\"https:\\\/\\\/racom.com.pl\\\/#\\\/schema\\\/logo\\\/image\\\/\",\"url\":\"https:\\\/\\\/racom.com.pl\\\/wp-content\\\/uploads\\\/2025\\\/07\\\/mixmarket_logo.png\",\"contentUrl\":\"https:\\\/\\\/racom.com.pl\\\/wp-content\\\/uploads\\\/2025\\\/07\\\/mixmarket_logo.png\",\"width\":1024,\"height\":1024,\"caption\":\"Mix Market - Supermarket z wszystkim co potrzeba do domu i nie tylko\"},\"image\":{\"@id\":\"https:\\\/\\\/racom.com.pl\\\/#\\\/schema\\\/logo\\\/image\\\/\"}}]}<\/script>\n<!-- \/ Yoast SEO plugin. -->","yoast_head_json":{"title":"Lampa do projektora Hitachi DT00893 \/ CPA52LAMP - Mix Market - Supermarket z wszystkim co potrzeba","robots":{"index":"index","follow":"follow","max-snippet":"max-snippet:-1","max-image-preview":"max-image-preview:large","max-video-preview":"max-video-preview:-1"},"canonical":"https:\/\/racom.com.pl\/index.php\/produkt\/lampa-do-projektora-hitachi-dt00893-cpa52lamp\/","og_locale":"pl_PL","og_type":"article","og_title":"Lampa do projektora Hitachi DT00893 \/ CPA52LAMP - Mix Market - Supermarket z wszystkim co potrzeba","og_description":"Lampa Do HITACHI CP-A52 Projektor DT00893 Nowa Lampa do projektora CP-A52 &#8211; Moc 220W oraz \u017cywotno\u015b\u0107 na poziomie a\u017c 2000 godzin. Typ lampy to UHB U\u017cytkowanie oraz wymiana lampy projekcyjnej: &#8211; lamp\u0119 nale\u017cy zawsze wymienia\u0107 w momencie, gdy na projektorze pojawi si\u0119 komunikat informuj\u0105cy o takiej potrzebie. Nie zaleca si\u0119 dalszego u\u017cytkowania projektora po osi\u0105gni\u0119ciu [&hellip;]","og_url":"https:\/\/racom.com.pl\/index.php\/produkt\/lampa-do-projektora-hitachi-dt00893-cpa52lamp\/","og_site_name":"Mix Market - Supermarket z wszystkim co potrzeba","og_image":[{"width":1147,"height":860,"url":"https:\/\/racom.com.pl\/wp-content\/uploads\/2025\/07\/allegro_687a81d8d3a3c5.69376880_d8a5580e4ce5ba911081c1df9286.jpg","type":"image\/jpeg"}],"twitter_card":"summary_large_image","twitter_misc":{"Szacowany czas czytania":"1 minuta"},"schema":{"@context":"https:\/\/schema.org","@graph":[{"@type":"WebPage","@id":"https:\/\/racom.com.pl\/index.php\/produkt\/lampa-do-projektora-hitachi-dt00893-cpa52lamp\/","url":"https:\/\/racom.com.pl\/index.php\/produkt\/lampa-do-projektora-hitachi-dt00893-cpa52lamp\/","name":"Lampa do projektora Hitachi DT00893 \/ CPA52LAMP - Mix Market - Supermarket z wszystkim co potrzeba","isPartOf":{"@id":"https:\/\/racom.com.pl\/#website"},"primaryImageOfPage":{"@id":"https:\/\/racom.com.pl\/index.php\/produkt\/lampa-do-projektora-hitachi-dt00893-cpa52lamp\/#primaryimage"},"image":{"@id":"https:\/\/racom.com.pl\/index.php\/produkt\/lampa-do-projektora-hitachi-dt00893-cpa52lamp\/#primaryimage"},"thumbnailUrl":"https:\/\/racom.com.pl\/wp-content\/uploads\/2025\/07\/allegro_687a81d8d3a3c5.69376880_d8a5580e4ce5ba911081c1df9286.jpg","datePublished":"2025-07-18T17:18:01+00:00","breadcrumb":{"@id":"https:\/\/racom.com.pl\/index.php\/produkt\/lampa-do-projektora-hitachi-dt00893-cpa52lamp\/#breadcrumb"},"inLanguage":"pl-PL","potentialAction":[{"@type":"ReadAction","target":["https:\/\/racom.com.pl\/index.php\/produkt\/lampa-do-projektora-hitachi-dt00893-cpa52lamp\/"]}]},{"@type":"ImageObject","inLanguage":"pl-PL","@id":"https:\/\/racom.com.pl\/index.php\/produkt\/lampa-do-projektora-hitachi-dt00893-cpa52lamp\/#primaryimage","url":"https:\/\/racom.com.pl\/wp-content\/uploads\/2025\/07\/allegro_687a81d8d3a3c5.69376880_d8a5580e4ce5ba911081c1df9286.jpg","contentUrl":"https:\/\/racom.com.pl\/wp-content\/uploads\/2025\/07\/allegro_687a81d8d3a3c5.69376880_d8a5580e4ce5ba911081c1df9286.jpg","width":1147,"height":860},{"@type":"BreadcrumbList","@id":"https:\/\/racom.com.pl\/index.php\/produkt\/lampa-do-projektora-hitachi-dt00893-cpa52lamp\/#breadcrumb","itemListElement":[{"@type":"ListItem","position":1,"name":"Strona g\u0142\u00f3wna","item":"https:\/\/racom.com.pl\/"},{"@type":"ListItem","position":2,"name":"Sklep","item":"https:\/\/racom.com.pl\/"},{"@type":"ListItem","position":3,"name":"Lampa do projektora Hitachi DT00893 \/ CPA52LAMP"}]},{"@type":"WebSite","@id":"https:\/\/racom.com.pl\/#website","url":"https:\/\/racom.com.pl\/","name":"Mix Market - Supermarket z wszystkim co potrzeba do domu i nie tylko","description":"","publisher":{"@id":"https:\/\/racom.com.pl\/#organization"},"potentialAction":[{"@type":"SearchAction","target":{"@type":"EntryPoint","urlTemplate":"https:\/\/racom.com.pl\/?s={search_term_string}"},"query-input":{"@type":"PropertyValueSpecification","valueRequired":true,"valueName":"search_term_string"}}],"inLanguage":"pl-PL"},{"@type":"Organization","@id":"https:\/\/racom.com.pl\/#organization","name":"Mix Market - Supermarket z wszystkim co potrzeba do domu i nie tylko","url":"https:\/\/racom.com.pl\/","logo":{"@type":"ImageObject","inLanguage":"pl-PL","@id":"https:\/\/racom.com.pl\/#\/schema\/logo\/image\/","url":"https:\/\/racom.com.pl\/wp-content\/uploads\/2025\/07\/mixmarket_logo.png","contentUrl":"https:\/\/racom.com.pl\/wp-content\/uploads\/2025\/07\/mixmarket_logo.png","width":1024,"height":1024,"caption":"Mix Market - Supermarket z wszystkim co potrzeba do domu i nie tylko"},"image":{"@id":"https:\/\/racom.com.pl\/#\/schema\/logo\/image\/"}}]}},"_links":{"self":[{"href":"https:\/\/racom.com.pl\/index.php\/wp-json\/wp\/v2\/product\/1328","targetHints":{"allow":["GET"]}}],"collection":[{"href":"https:\/\/racom.com.pl\/index.php\/wp-json\/wp\/v2\/product"}],"about":[{"href":"https:\/\/racom.com.pl\/index.php\/wp-json\/wp\/v2\/types\/product"}],"replies":[{"embeddable":true,"href":"https:\/\/racom.com.pl\/index.php\/wp-json\/wp\/v2\/comments?post=1328"}],"wp:featuredmedia":[{"embeddable":true,"href":"https:\/\/racom.com.pl\/index.php\/wp-json\/wp\/v2\/media\/1330"}],"wp:attachment":[{"href":"https:\/\/racom.com.pl\/index.php\/wp-json\/wp\/v2\/media?parent=1328"}],"wp:term":[{"taxonomy":"product_brand","embeddable":true,"href":"https:\/\/racom.com.pl\/index.php\/wp-json\/wp\/v2\/product_brand?post=1328"},{"taxonomy":"product_cat","embeddable":true,"href":"https:\/\/racom.com.pl\/index.php\/wp-json\/wp\/v2\/product_cat?post=1328"},{"taxonomy":"product_tag","embeddable":true,"href":"https:\/\/racom.com.pl\/index.php\/wp-json\/wp\/v2\/product_tag?post=1328"}],"curies":[{"name":"wp","href":"https:\/\/api.w.org\/{rel}","templated":true}]}}