{"id":1337,"date":"2025-07-18T19:19:09","date_gmt":"2025-07-18T17:19:09","guid":{"rendered":"http:\/\/192.168.2.106\/index.php\/produkt\/lampa-projektora-nec-np14lp-np305-310-420-510\/"},"modified":"2025-07-18T19:19:09","modified_gmt":"2025-07-18T17:19:09","slug":"lampa-projektora-nec-np14lp-np305-310-420-510","status":"publish","type":"product","link":"https:\/\/racom.com.pl\/index.php\/produkt\/lampa-projektora-nec-np14lp-np305-310-420-510\/","title":{"rendered":"LAMPA PROJEKTORA NEC NP14LP NP305 310 420 510"},"content":{"rendered":"<p>Nowa lampa do projektor\u00f3w NEC z obudow\u0105. Dedykowana do projektor\u00f3w z oznaczeniem lampy NP14LP<\/p>\n<p>Gw 6 miesi\u0119cy<\/p>\n<p><b>Kod produktu: A942<\/b><\/p>\n<p>Kompatybilne projektory NEC:<\/p>\n<p>NP305&nbsp;NP305G NP305EDU NP310 NP310+ NP405 NP405+ NP405G NP410&nbsp;NP410+ NP410G&nbsp;NP420&nbsp;NP420+&nbsp;NP430C NP510 NP510G NP510+ NP510EDU NP530 NP530C NP630<\/p>\n<p>*Przed zakupem sprawd\u017a kompatybilno\u015b\u0107.<\/p>\n","protected":false},"excerpt":{"rendered":"<p>Nowa lampa do projektor\u00f3w NEC z obudow\u0105. Dedykowana do projektor\u00f3w z oznaczeniem lampy NP14LP Gw 6 miesi\u0119cy Kod produktu: A942 Kompatybilne projektory NEC: NP305&nbsp;NP305G NP305EDU NP310 NP310+ NP405 NP405+ NP405G NP410&nbsp;NP410+ NP410G&nbsp;NP420&nbsp;NP420+&nbsp;NP430C NP510 NP510G NP510+ NP510EDU NP530 NP530C NP630 *Przed zakupem sprawd\u017a kompatybilno\u015b\u0107.<\/p>\n","protected":false},"featured_media":1339,"comment_status":"open","ping_status":"closed","template":"","meta":[],"product_brand":[73],"product_cat":[43],"product_tag":[],"class_list":{"0":"post-1337","1":"product","2":"type-product","3":"status-publish","4":"has-post-thumbnail","6":"product_brand-nec","7":"product_cat-tv-i-video","9":"first","10":"instock","11":"taxable","12":"shipping-taxable","13":"purchasable","14":"product-type-simple"},"yoast_head":"<!-- This site is optimized with the Yoast SEO plugin v27.3 - https:\/\/yoast.com\/product\/yoast-seo-wordpress\/ -->\n<title>LAMPA PROJEKTORA NEC NP14LP NP305 310 420 510 - Mix Market - Supermarket z wszystkim co potrzeba<\/title>\n<meta name=\"robots\" content=\"index, follow, max-snippet:-1, max-image-preview:large, max-video-preview:-1\" \/>\n<link rel=\"canonical\" href=\"https:\/\/racom.com.pl\/index.php\/produkt\/lampa-projektora-nec-np14lp-np305-310-420-510\/\" \/>\n<meta property=\"og:locale\" content=\"pl_PL\" \/>\n<meta property=\"og:type\" content=\"article\" \/>\n<meta property=\"og:title\" content=\"LAMPA PROJEKTORA NEC NP14LP NP305 310 420 510 - Mix Market - Supermarket z wszystkim co potrzeba\" \/>\n<meta property=\"og:description\" content=\"Nowa lampa do projektor\u00f3w NEC z obudow\u0105. Dedykowana do projektor\u00f3w z oznaczeniem lampy NP14LP Gw 6 miesi\u0119cy Kod produktu: A942 Kompatybilne projektory NEC: NP305&nbsp;NP305G NP305EDU NP310 NP310+ NP405 NP405+ NP405G NP410&nbsp;NP410+ NP410G&nbsp;NP420&nbsp;NP420+&nbsp;NP430C NP510 NP510G NP510+ NP510EDU NP530 NP530C NP630 *Przed zakupem sprawd\u017a kompatybilno\u015b\u0107.\" \/>\n<meta property=\"og:url\" content=\"https:\/\/racom.com.pl\/index.php\/produkt\/lampa-projektora-nec-np14lp-np305-310-420-510\/\" \/>\n<meta property=\"og:site_name\" content=\"Mix Market - Supermarket z wszystkim co potrzeba\" \/>\n<meta property=\"og:image\" content=\"https:\/\/racom.com.pl\/wp-content\/uploads\/2025\/07\/allegro_687a8228d27074.02844033_1efca2ed4aae983bb5cd922c0e54.jpg\" \/>\n\t<meta property=\"og:image:width\" content=\"452\" \/>\n\t<meta property=\"og:image:height\" content=\"452\" \/>\n\t<meta property=\"og:image:type\" content=\"image\/jpeg\" \/>\n<meta name=\"twitter:card\" content=\"summary_large_image\" \/>\n<script type=\"application\/ld+json\" class=\"yoast-schema-graph\">{\"@context\":\"https:\\\/\\\/schema.org\",\"@graph\":[{\"@type\":\"WebPage\",\"@id\":\"https:\\\/\\\/racom.com.pl\\\/index.php\\\/produkt\\\/lampa-projektora-nec-np14lp-np305-310-420-510\\\/\",\"url\":\"https:\\\/\\\/racom.com.pl\\\/index.php\\\/produkt\\\/lampa-projektora-nec-np14lp-np305-310-420-510\\\/\",\"name\":\"LAMPA PROJEKTORA NEC NP14LP NP305 310 420 510 - Mix Market - Supermarket z wszystkim co potrzeba\",\"isPartOf\":{\"@id\":\"https:\\\/\\\/racom.com.pl\\\/#website\"},\"primaryImageOfPage\":{\"@id\":\"https:\\\/\\\/racom.com.pl\\\/index.php\\\/produkt\\\/lampa-projektora-nec-np14lp-np305-310-420-510\\\/#primaryimage\"},\"image\":{\"@id\":\"https:\\\/\\\/racom.com.pl\\\/index.php\\\/produkt\\\/lampa-projektora-nec-np14lp-np305-310-420-510\\\/#primaryimage\"},\"thumbnailUrl\":\"https:\\\/\\\/racom.com.pl\\\/wp-content\\\/uploads\\\/2025\\\/07\\\/allegro_687a8228d27074.02844033_1efca2ed4aae983bb5cd922c0e54.jpg\",\"datePublished\":\"2025-07-18T17:19:09+00:00\",\"breadcrumb\":{\"@id\":\"https:\\\/\\\/racom.com.pl\\\/index.php\\\/produkt\\\/lampa-projektora-nec-np14lp-np305-310-420-510\\\/#breadcrumb\"},\"inLanguage\":\"pl-PL\",\"potentialAction\":[{\"@type\":\"ReadAction\",\"target\":[\"https:\\\/\\\/racom.com.pl\\\/index.php\\\/produkt\\\/lampa-projektora-nec-np14lp-np305-310-420-510\\\/\"]}]},{\"@type\":\"ImageObject\",\"inLanguage\":\"pl-PL\",\"@id\":\"https:\\\/\\\/racom.com.pl\\\/index.php\\\/produkt\\\/lampa-projektora-nec-np14lp-np305-310-420-510\\\/#primaryimage\",\"url\":\"https:\\\/\\\/racom.com.pl\\\/wp-content\\\/uploads\\\/2025\\\/07\\\/allegro_687a8228d27074.02844033_1efca2ed4aae983bb5cd922c0e54.jpg\",\"contentUrl\":\"https:\\\/\\\/racom.com.pl\\\/wp-content\\\/uploads\\\/2025\\\/07\\\/allegro_687a8228d27074.02844033_1efca2ed4aae983bb5cd922c0e54.jpg\",\"width\":452,\"height\":452},{\"@type\":\"BreadcrumbList\",\"@id\":\"https:\\\/\\\/racom.com.pl\\\/index.php\\\/produkt\\\/lampa-projektora-nec-np14lp-np305-310-420-510\\\/#breadcrumb\",\"itemListElement\":[{\"@type\":\"ListItem\",\"position\":1,\"name\":\"Strona g\u0142\u00f3wna\",\"item\":\"https:\\\/\\\/racom.com.pl\\\/\"},{\"@type\":\"ListItem\",\"position\":2,\"name\":\"Sklep\",\"item\":\"https:\\\/\\\/racom.com.pl\\\/\"},{\"@type\":\"ListItem\",\"position\":3,\"name\":\"LAMPA PROJEKTORA NEC NP14LP NP305 310 420 510\"}]},{\"@type\":\"WebSite\",\"@id\":\"https:\\\/\\\/racom.com.pl\\\/#website\",\"url\":\"https:\\\/\\\/racom.com.pl\\\/\",\"name\":\"Mix Market - Supermarket z wszystkim co potrzeba do domu i nie tylko\",\"description\":\"\",\"publisher\":{\"@id\":\"https:\\\/\\\/racom.com.pl\\\/#organization\"},\"potentialAction\":[{\"@type\":\"SearchAction\",\"target\":{\"@type\":\"EntryPoint\",\"urlTemplate\":\"https:\\\/\\\/racom.com.pl\\\/?s={search_term_string}\"},\"query-input\":{\"@type\":\"PropertyValueSpecification\",\"valueRequired\":true,\"valueName\":\"search_term_string\"}}],\"inLanguage\":\"pl-PL\"},{\"@type\":\"Organization\",\"@id\":\"https:\\\/\\\/racom.com.pl\\\/#organization\",\"name\":\"Mix Market - Supermarket z wszystkim co potrzeba do domu i nie tylko\",\"url\":\"https:\\\/\\\/racom.com.pl\\\/\",\"logo\":{\"@type\":\"ImageObject\",\"inLanguage\":\"pl-PL\",\"@id\":\"https:\\\/\\\/racom.com.pl\\\/#\\\/schema\\\/logo\\\/image\\\/\",\"url\":\"https:\\\/\\\/racom.com.pl\\\/wp-content\\\/uploads\\\/2025\\\/07\\\/mixmarket_logo.png\",\"contentUrl\":\"https:\\\/\\\/racom.com.pl\\\/wp-content\\\/uploads\\\/2025\\\/07\\\/mixmarket_logo.png\",\"width\":1024,\"height\":1024,\"caption\":\"Mix Market - Supermarket z wszystkim co potrzeba do domu i nie tylko\"},\"image\":{\"@id\":\"https:\\\/\\\/racom.com.pl\\\/#\\\/schema\\\/logo\\\/image\\\/\"}}]}<\/script>\n<!-- \/ Yoast SEO plugin. -->","yoast_head_json":{"title":"LAMPA PROJEKTORA NEC NP14LP NP305 310 420 510 - Mix Market - Supermarket z wszystkim co potrzeba","robots":{"index":"index","follow":"follow","max-snippet":"max-snippet:-1","max-image-preview":"max-image-preview:large","max-video-preview":"max-video-preview:-1"},"canonical":"https:\/\/racom.com.pl\/index.php\/produkt\/lampa-projektora-nec-np14lp-np305-310-420-510\/","og_locale":"pl_PL","og_type":"article","og_title":"LAMPA PROJEKTORA NEC NP14LP NP305 310 420 510 - Mix Market - Supermarket z wszystkim co potrzeba","og_description":"Nowa lampa do projektor\u00f3w NEC z obudow\u0105. Dedykowana do projektor\u00f3w z oznaczeniem lampy NP14LP Gw 6 miesi\u0119cy Kod produktu: A942 Kompatybilne projektory NEC: NP305&nbsp;NP305G NP305EDU NP310 NP310+ NP405 NP405+ NP405G NP410&nbsp;NP410+ NP410G&nbsp;NP420&nbsp;NP420+&nbsp;NP430C NP510 NP510G NP510+ NP510EDU NP530 NP530C NP630 *Przed zakupem sprawd\u017a kompatybilno\u015b\u0107.","og_url":"https:\/\/racom.com.pl\/index.php\/produkt\/lampa-projektora-nec-np14lp-np305-310-420-510\/","og_site_name":"Mix Market - Supermarket z wszystkim co potrzeba","og_image":[{"width":452,"height":452,"url":"https:\/\/racom.com.pl\/wp-content\/uploads\/2025\/07\/allegro_687a8228d27074.02844033_1efca2ed4aae983bb5cd922c0e54.jpg","type":"image\/jpeg"}],"twitter_card":"summary_large_image","schema":{"@context":"https:\/\/schema.org","@graph":[{"@type":"WebPage","@id":"https:\/\/racom.com.pl\/index.php\/produkt\/lampa-projektora-nec-np14lp-np305-310-420-510\/","url":"https:\/\/racom.com.pl\/index.php\/produkt\/lampa-projektora-nec-np14lp-np305-310-420-510\/","name":"LAMPA PROJEKTORA NEC NP14LP NP305 310 420 510 - Mix Market - Supermarket z wszystkim co potrzeba","isPartOf":{"@id":"https:\/\/racom.com.pl\/#website"},"primaryImageOfPage":{"@id":"https:\/\/racom.com.pl\/index.php\/produkt\/lampa-projektora-nec-np14lp-np305-310-420-510\/#primaryimage"},"image":{"@id":"https:\/\/racom.com.pl\/index.php\/produkt\/lampa-projektora-nec-np14lp-np305-310-420-510\/#primaryimage"},"thumbnailUrl":"https:\/\/racom.com.pl\/wp-content\/uploads\/2025\/07\/allegro_687a8228d27074.02844033_1efca2ed4aae983bb5cd922c0e54.jpg","datePublished":"2025-07-18T17:19:09+00:00","breadcrumb":{"@id":"https:\/\/racom.com.pl\/index.php\/produkt\/lampa-projektora-nec-np14lp-np305-310-420-510\/#breadcrumb"},"inLanguage":"pl-PL","potentialAction":[{"@type":"ReadAction","target":["https:\/\/racom.com.pl\/index.php\/produkt\/lampa-projektora-nec-np14lp-np305-310-420-510\/"]}]},{"@type":"ImageObject","inLanguage":"pl-PL","@id":"https:\/\/racom.com.pl\/index.php\/produkt\/lampa-projektora-nec-np14lp-np305-310-420-510\/#primaryimage","url":"https:\/\/racom.com.pl\/wp-content\/uploads\/2025\/07\/allegro_687a8228d27074.02844033_1efca2ed4aae983bb5cd922c0e54.jpg","contentUrl":"https:\/\/racom.com.pl\/wp-content\/uploads\/2025\/07\/allegro_687a8228d27074.02844033_1efca2ed4aae983bb5cd922c0e54.jpg","width":452,"height":452},{"@type":"BreadcrumbList","@id":"https:\/\/racom.com.pl\/index.php\/produkt\/lampa-projektora-nec-np14lp-np305-310-420-510\/#breadcrumb","itemListElement":[{"@type":"ListItem","position":1,"name":"Strona g\u0142\u00f3wna","item":"https:\/\/racom.com.pl\/"},{"@type":"ListItem","position":2,"name":"Sklep","item":"https:\/\/racom.com.pl\/"},{"@type":"ListItem","position":3,"name":"LAMPA PROJEKTORA NEC NP14LP NP305 310 420 510"}]},{"@type":"WebSite","@id":"https:\/\/racom.com.pl\/#website","url":"https:\/\/racom.com.pl\/","name":"Mix Market - Supermarket z wszystkim co potrzeba do domu i nie tylko","description":"","publisher":{"@id":"https:\/\/racom.com.pl\/#organization"},"potentialAction":[{"@type":"SearchAction","target":{"@type":"EntryPoint","urlTemplate":"https:\/\/racom.com.pl\/?s={search_term_string}"},"query-input":{"@type":"PropertyValueSpecification","valueRequired":true,"valueName":"search_term_string"}}],"inLanguage":"pl-PL"},{"@type":"Organization","@id":"https:\/\/racom.com.pl\/#organization","name":"Mix Market - Supermarket z wszystkim co potrzeba do domu i nie tylko","url":"https:\/\/racom.com.pl\/","logo":{"@type":"ImageObject","inLanguage":"pl-PL","@id":"https:\/\/racom.com.pl\/#\/schema\/logo\/image\/","url":"https:\/\/racom.com.pl\/wp-content\/uploads\/2025\/07\/mixmarket_logo.png","contentUrl":"https:\/\/racom.com.pl\/wp-content\/uploads\/2025\/07\/mixmarket_logo.png","width":1024,"height":1024,"caption":"Mix Market - Supermarket z wszystkim co potrzeba do domu i nie tylko"},"image":{"@id":"https:\/\/racom.com.pl\/#\/schema\/logo\/image\/"}}]}},"_links":{"self":[{"href":"https:\/\/racom.com.pl\/index.php\/wp-json\/wp\/v2\/product\/1337","targetHints":{"allow":["GET"]}}],"collection":[{"href":"https:\/\/racom.com.pl\/index.php\/wp-json\/wp\/v2\/product"}],"about":[{"href":"https:\/\/racom.com.pl\/index.php\/wp-json\/wp\/v2\/types\/product"}],"replies":[{"embeddable":true,"href":"https:\/\/racom.com.pl\/index.php\/wp-json\/wp\/v2\/comments?post=1337"}],"wp:featuredmedia":[{"embeddable":true,"href":"https:\/\/racom.com.pl\/index.php\/wp-json\/wp\/v2\/media\/1339"}],"wp:attachment":[{"href":"https:\/\/racom.com.pl\/index.php\/wp-json\/wp\/v2\/media?parent=1337"}],"wp:term":[{"taxonomy":"product_brand","embeddable":true,"href":"https:\/\/racom.com.pl\/index.php\/wp-json\/wp\/v2\/product_brand?post=1337"},{"taxonomy":"product_cat","embeddable":true,"href":"https:\/\/racom.com.pl\/index.php\/wp-json\/wp\/v2\/product_cat?post=1337"},{"taxonomy":"product_tag","embeddable":true,"href":"https:\/\/racom.com.pl\/index.php\/wp-json\/wp\/v2\/product_tag?post=1337"}],"curies":[{"name":"wp","href":"https:\/\/api.w.org\/{rel}","templated":true}]}}