{"id":134,"date":"2025-07-18T17:13:01","date_gmt":"2025-07-18T15:13:01","guid":{"rendered":"http:\/\/192.168.2.106\/index.php\/produkt\/pilot-do-tunera-zgemma-h2-h9-h9s-se-h7-h5-2s-h7s-h8-h10-h11-oryginalny\/"},"modified":"2025-07-18T17:13:01","modified_gmt":"2025-07-18T15:13:01","slug":"pilot-do-tunera-zgemma-h2-h9-h9s-se-h7-h5-2s-h7s-h8-h10-h11-oryginalny","status":"publish","type":"product","link":"https:\/\/racom.com.pl\/index.php\/produkt\/pilot-do-tunera-zgemma-h2-h9-h9s-se-h7-h5-2s-h7s-h8-h10-h11-oryginalny\/","title":{"rendered":"PILOT DO TUNERA ZGEMMA H2 H9 H9S SE H7 H5.2S H7S H8 H10 H11 ORYGINALNY"},"content":{"rendered":"<p><b>PILOT DO TUNERA ZGEMMA<\/b><\/p>\n<p>Fabrycznie nowy i oryginalny pilot do tuner\u00f3w marki Zgemma.<\/p>\n<p>Obs\u0142ugiwane modele tuner\u00f3w:<\/p>\n<ul>\n<li><b>ZGEMMA H2S<\/b><\/li>\n<li><b>ZGEMMA H2S+<\/b><\/li>\n<li><b>ZGEMMA H2H<\/b><\/li>\n<li><b>ZGEMMA H3.2TC<\/b><\/li>\n<li><b>ZGEMMA H5<\/b><\/li>\n<li><b>ZGEMMA H9.2S<\/b><\/li>\n<li><b>ZGEMMA H9.2H<\/b><\/li>\n<li><b>ZGEMMA H9.TWIN<\/b><\/li>\n<li><b>ZGEMMA H9.COMBO<\/b><\/li>\n<li><b>ZGEMMA H9S SE<\/b><\/li>\n<li><b>ZGEMMA H7S<\/b><\/li>\n<li><b>ZGEMMA H7C<\/b><\/li>\n<li><b>ZGEMMA H8.2H<\/b><\/li>\n<li><b>ZGEMMA H10<\/b><\/li>\n<li><b>ZGEMMA H11<\/b><\/li>\n<\/ul>\n<p><b>Kod produktu: B419<\/b><\/p>\n","protected":false},"excerpt":{"rendered":"<p>PILOT DO TUNERA ZGEMMA Fabrycznie nowy i oryginalny pilot do tuner\u00f3w marki Zgemma. Obs\u0142ugiwane modele tuner\u00f3w: ZGEMMA H2S ZGEMMA H2S+ ZGEMMA H2H ZGEMMA H3.2TC ZGEMMA H5 ZGEMMA H9.2S ZGEMMA H9.2H ZGEMMA H9.TWIN ZGEMMA H9.COMBO ZGEMMA H9S SE ZGEMMA H7S ZGEMMA H7C ZGEMMA H8.2H ZGEMMA H10 ZGEMMA H11 Kod produktu: B419<\/p>\n","protected":false},"featured_media":136,"comment_status":"open","ping_status":"closed","template":"","meta":[],"product_brand":[29],"product_cat":[28],"product_tag":[],"class_list":{"0":"post-134","1":"product","2":"type-product","3":"status-publish","4":"has-post-thumbnail","6":"product_brand-zgemma","7":"product_cat-piloty","9":"first","10":"instock","11":"taxable","12":"shipping-taxable","13":"purchasable","14":"product-type-simple"},"yoast_head":"<!-- This site is optimized with the Yoast SEO plugin v27.3 - https:\/\/yoast.com\/product\/yoast-seo-wordpress\/ -->\n<title>PILOT DO TUNERA ZGEMMA H2 H9 H9S SE H7 H5.2S H7S H8 H10 H11 ORYGINALNY - Mix Market - Supermarket z wszystkim co potrzeba<\/title>\n<meta name=\"robots\" content=\"index, follow, max-snippet:-1, max-image-preview:large, max-video-preview:-1\" \/>\n<link rel=\"canonical\" href=\"https:\/\/racom.com.pl\/index.php\/produkt\/pilot-do-tunera-zgemma-h2-h9-h9s-se-h7-h5-2s-h7s-h8-h10-h11-oryginalny\/\" \/>\n<meta property=\"og:locale\" content=\"pl_PL\" \/>\n<meta property=\"og:type\" content=\"article\" \/>\n<meta property=\"og:title\" content=\"PILOT DO TUNERA ZGEMMA H2 H9 H9S SE H7 H5.2S H7S H8 H10 H11 ORYGINALNY - Mix Market - Supermarket z wszystkim co potrzeba\" \/>\n<meta property=\"og:description\" content=\"PILOT DO TUNERA ZGEMMA Fabrycznie nowy i oryginalny pilot do tuner\u00f3w marki Zgemma. Obs\u0142ugiwane modele tuner\u00f3w: ZGEMMA H2S ZGEMMA H2S+ ZGEMMA H2H ZGEMMA H3.2TC ZGEMMA H5 ZGEMMA H9.2S ZGEMMA H9.2H ZGEMMA H9.TWIN ZGEMMA H9.COMBO ZGEMMA H9S SE ZGEMMA H7S ZGEMMA H7C ZGEMMA H8.2H ZGEMMA H10 ZGEMMA H11 Kod produktu: B419\" \/>\n<meta property=\"og:url\" content=\"https:\/\/racom.com.pl\/index.php\/produkt\/pilot-do-tunera-zgemma-h2-h9-h9s-se-h7-h5-2s-h7s-h8-h10-h11-oryginalny\/\" \/>\n<meta property=\"og:site_name\" content=\"Mix Market - Supermarket z wszystkim co potrzeba\" \/>\n<meta property=\"og:image\" content=\"https:\/\/racom.com.pl\/wp-content\/uploads\/2025\/07\/allegro_687a6485151ea8.93994667_328cec9e4dd5b0fbf1badfd79ba2.jpg\" \/>\n\t<meta property=\"og:image:width\" content=\"500\" \/>\n\t<meta property=\"og:image:height\" content=\"500\" \/>\n\t<meta property=\"og:image:type\" content=\"image\/jpeg\" \/>\n<meta name=\"twitter:card\" content=\"summary_large_image\" \/>\n<script type=\"application\/ld+json\" class=\"yoast-schema-graph\">{\"@context\":\"https:\\\/\\\/schema.org\",\"@graph\":[{\"@type\":\"WebPage\",\"@id\":\"https:\\\/\\\/racom.com.pl\\\/index.php\\\/produkt\\\/pilot-do-tunera-zgemma-h2-h9-h9s-se-h7-h5-2s-h7s-h8-h10-h11-oryginalny\\\/\",\"url\":\"https:\\\/\\\/racom.com.pl\\\/index.php\\\/produkt\\\/pilot-do-tunera-zgemma-h2-h9-h9s-se-h7-h5-2s-h7s-h8-h10-h11-oryginalny\\\/\",\"name\":\"PILOT DO TUNERA ZGEMMA H2 H9 H9S SE H7 H5.2S H7S H8 H10 H11 ORYGINALNY - Mix Market - Supermarket z wszystkim co potrzeba\",\"isPartOf\":{\"@id\":\"https:\\\/\\\/racom.com.pl\\\/#website\"},\"primaryImageOfPage\":{\"@id\":\"https:\\\/\\\/racom.com.pl\\\/index.php\\\/produkt\\\/pilot-do-tunera-zgemma-h2-h9-h9s-se-h7-h5-2s-h7s-h8-h10-h11-oryginalny\\\/#primaryimage\"},\"image\":{\"@id\":\"https:\\\/\\\/racom.com.pl\\\/index.php\\\/produkt\\\/pilot-do-tunera-zgemma-h2-h9-h9s-se-h7-h5-2s-h7s-h8-h10-h11-oryginalny\\\/#primaryimage\"},\"thumbnailUrl\":\"https:\\\/\\\/racom.com.pl\\\/wp-content\\\/uploads\\\/2025\\\/07\\\/allegro_687a6485151ea8.93994667_328cec9e4dd5b0fbf1badfd79ba2.jpg\",\"datePublished\":\"2025-07-18T15:13:01+00:00\",\"breadcrumb\":{\"@id\":\"https:\\\/\\\/racom.com.pl\\\/index.php\\\/produkt\\\/pilot-do-tunera-zgemma-h2-h9-h9s-se-h7-h5-2s-h7s-h8-h10-h11-oryginalny\\\/#breadcrumb\"},\"inLanguage\":\"pl-PL\",\"potentialAction\":[{\"@type\":\"ReadAction\",\"target\":[\"https:\\\/\\\/racom.com.pl\\\/index.php\\\/produkt\\\/pilot-do-tunera-zgemma-h2-h9-h9s-se-h7-h5-2s-h7s-h8-h10-h11-oryginalny\\\/\"]}]},{\"@type\":\"ImageObject\",\"inLanguage\":\"pl-PL\",\"@id\":\"https:\\\/\\\/racom.com.pl\\\/index.php\\\/produkt\\\/pilot-do-tunera-zgemma-h2-h9-h9s-se-h7-h5-2s-h7s-h8-h10-h11-oryginalny\\\/#primaryimage\",\"url\":\"https:\\\/\\\/racom.com.pl\\\/wp-content\\\/uploads\\\/2025\\\/07\\\/allegro_687a6485151ea8.93994667_328cec9e4dd5b0fbf1badfd79ba2.jpg\",\"contentUrl\":\"https:\\\/\\\/racom.com.pl\\\/wp-content\\\/uploads\\\/2025\\\/07\\\/allegro_687a6485151ea8.93994667_328cec9e4dd5b0fbf1badfd79ba2.jpg\",\"width\":500,\"height\":500},{\"@type\":\"BreadcrumbList\",\"@id\":\"https:\\\/\\\/racom.com.pl\\\/index.php\\\/produkt\\\/pilot-do-tunera-zgemma-h2-h9-h9s-se-h7-h5-2s-h7s-h8-h10-h11-oryginalny\\\/#breadcrumb\",\"itemListElement\":[{\"@type\":\"ListItem\",\"position\":1,\"name\":\"Strona g\u0142\u00f3wna\",\"item\":\"https:\\\/\\\/racom.com.pl\\\/\"},{\"@type\":\"ListItem\",\"position\":2,\"name\":\"Sklep\",\"item\":\"https:\\\/\\\/racom.com.pl\\\/\"},{\"@type\":\"ListItem\",\"position\":3,\"name\":\"PILOT DO TUNERA ZGEMMA H2 H9 H9S SE H7 H5.2S H7S H8 H10 H11 ORYGINALNY\"}]},{\"@type\":\"WebSite\",\"@id\":\"https:\\\/\\\/racom.com.pl\\\/#website\",\"url\":\"https:\\\/\\\/racom.com.pl\\\/\",\"name\":\"Mix Market - Supermarket z wszystkim co potrzeba do domu i nie tylko\",\"description\":\"\",\"publisher\":{\"@id\":\"https:\\\/\\\/racom.com.pl\\\/#organization\"},\"potentialAction\":[{\"@type\":\"SearchAction\",\"target\":{\"@type\":\"EntryPoint\",\"urlTemplate\":\"https:\\\/\\\/racom.com.pl\\\/?s={search_term_string}\"},\"query-input\":{\"@type\":\"PropertyValueSpecification\",\"valueRequired\":true,\"valueName\":\"search_term_string\"}}],\"inLanguage\":\"pl-PL\"},{\"@type\":\"Organization\",\"@id\":\"https:\\\/\\\/racom.com.pl\\\/#organization\",\"name\":\"Mix Market - Supermarket z wszystkim co potrzeba do domu i nie tylko\",\"url\":\"https:\\\/\\\/racom.com.pl\\\/\",\"logo\":{\"@type\":\"ImageObject\",\"inLanguage\":\"pl-PL\",\"@id\":\"https:\\\/\\\/racom.com.pl\\\/#\\\/schema\\\/logo\\\/image\\\/\",\"url\":\"https:\\\/\\\/racom.com.pl\\\/wp-content\\\/uploads\\\/2025\\\/07\\\/mixmarket_logo.png\",\"contentUrl\":\"https:\\\/\\\/racom.com.pl\\\/wp-content\\\/uploads\\\/2025\\\/07\\\/mixmarket_logo.png\",\"width\":1024,\"height\":1024,\"caption\":\"Mix Market - Supermarket z wszystkim co potrzeba do domu i nie tylko\"},\"image\":{\"@id\":\"https:\\\/\\\/racom.com.pl\\\/#\\\/schema\\\/logo\\\/image\\\/\"}}]}<\/script>\n<!-- \/ Yoast SEO plugin. -->","yoast_head_json":{"title":"PILOT DO TUNERA ZGEMMA H2 H9 H9S SE H7 H5.2S H7S H8 H10 H11 ORYGINALNY - Mix Market - Supermarket z wszystkim co potrzeba","robots":{"index":"index","follow":"follow","max-snippet":"max-snippet:-1","max-image-preview":"max-image-preview:large","max-video-preview":"max-video-preview:-1"},"canonical":"https:\/\/racom.com.pl\/index.php\/produkt\/pilot-do-tunera-zgemma-h2-h9-h9s-se-h7-h5-2s-h7s-h8-h10-h11-oryginalny\/","og_locale":"pl_PL","og_type":"article","og_title":"PILOT DO TUNERA ZGEMMA H2 H9 H9S SE H7 H5.2S H7S H8 H10 H11 ORYGINALNY - Mix Market - Supermarket z wszystkim co potrzeba","og_description":"PILOT DO TUNERA ZGEMMA Fabrycznie nowy i oryginalny pilot do tuner\u00f3w marki Zgemma. Obs\u0142ugiwane modele tuner\u00f3w: ZGEMMA H2S ZGEMMA H2S+ ZGEMMA H2H ZGEMMA H3.2TC ZGEMMA H5 ZGEMMA H9.2S ZGEMMA H9.2H ZGEMMA H9.TWIN ZGEMMA H9.COMBO ZGEMMA H9S SE ZGEMMA H7S ZGEMMA H7C ZGEMMA H8.2H ZGEMMA H10 ZGEMMA H11 Kod produktu: B419","og_url":"https:\/\/racom.com.pl\/index.php\/produkt\/pilot-do-tunera-zgemma-h2-h9-h9s-se-h7-h5-2s-h7s-h8-h10-h11-oryginalny\/","og_site_name":"Mix Market - Supermarket z wszystkim co potrzeba","og_image":[{"width":500,"height":500,"url":"https:\/\/racom.com.pl\/wp-content\/uploads\/2025\/07\/allegro_687a6485151ea8.93994667_328cec9e4dd5b0fbf1badfd79ba2.jpg","type":"image\/jpeg"}],"twitter_card":"summary_large_image","schema":{"@context":"https:\/\/schema.org","@graph":[{"@type":"WebPage","@id":"https:\/\/racom.com.pl\/index.php\/produkt\/pilot-do-tunera-zgemma-h2-h9-h9s-se-h7-h5-2s-h7s-h8-h10-h11-oryginalny\/","url":"https:\/\/racom.com.pl\/index.php\/produkt\/pilot-do-tunera-zgemma-h2-h9-h9s-se-h7-h5-2s-h7s-h8-h10-h11-oryginalny\/","name":"PILOT DO TUNERA ZGEMMA H2 H9 H9S SE H7 H5.2S H7S H8 H10 H11 ORYGINALNY - Mix Market - Supermarket z wszystkim co potrzeba","isPartOf":{"@id":"https:\/\/racom.com.pl\/#website"},"primaryImageOfPage":{"@id":"https:\/\/racom.com.pl\/index.php\/produkt\/pilot-do-tunera-zgemma-h2-h9-h9s-se-h7-h5-2s-h7s-h8-h10-h11-oryginalny\/#primaryimage"},"image":{"@id":"https:\/\/racom.com.pl\/index.php\/produkt\/pilot-do-tunera-zgemma-h2-h9-h9s-se-h7-h5-2s-h7s-h8-h10-h11-oryginalny\/#primaryimage"},"thumbnailUrl":"https:\/\/racom.com.pl\/wp-content\/uploads\/2025\/07\/allegro_687a6485151ea8.93994667_328cec9e4dd5b0fbf1badfd79ba2.jpg","datePublished":"2025-07-18T15:13:01+00:00","breadcrumb":{"@id":"https:\/\/racom.com.pl\/index.php\/produkt\/pilot-do-tunera-zgemma-h2-h9-h9s-se-h7-h5-2s-h7s-h8-h10-h11-oryginalny\/#breadcrumb"},"inLanguage":"pl-PL","potentialAction":[{"@type":"ReadAction","target":["https:\/\/racom.com.pl\/index.php\/produkt\/pilot-do-tunera-zgemma-h2-h9-h9s-se-h7-h5-2s-h7s-h8-h10-h11-oryginalny\/"]}]},{"@type":"ImageObject","inLanguage":"pl-PL","@id":"https:\/\/racom.com.pl\/index.php\/produkt\/pilot-do-tunera-zgemma-h2-h9-h9s-se-h7-h5-2s-h7s-h8-h10-h11-oryginalny\/#primaryimage","url":"https:\/\/racom.com.pl\/wp-content\/uploads\/2025\/07\/allegro_687a6485151ea8.93994667_328cec9e4dd5b0fbf1badfd79ba2.jpg","contentUrl":"https:\/\/racom.com.pl\/wp-content\/uploads\/2025\/07\/allegro_687a6485151ea8.93994667_328cec9e4dd5b0fbf1badfd79ba2.jpg","width":500,"height":500},{"@type":"BreadcrumbList","@id":"https:\/\/racom.com.pl\/index.php\/produkt\/pilot-do-tunera-zgemma-h2-h9-h9s-se-h7-h5-2s-h7s-h8-h10-h11-oryginalny\/#breadcrumb","itemListElement":[{"@type":"ListItem","position":1,"name":"Strona g\u0142\u00f3wna","item":"https:\/\/racom.com.pl\/"},{"@type":"ListItem","position":2,"name":"Sklep","item":"https:\/\/racom.com.pl\/"},{"@type":"ListItem","position":3,"name":"PILOT DO TUNERA ZGEMMA H2 H9 H9S SE H7 H5.2S H7S H8 H10 H11 ORYGINALNY"}]},{"@type":"WebSite","@id":"https:\/\/racom.com.pl\/#website","url":"https:\/\/racom.com.pl\/","name":"Mix Market - Supermarket z wszystkim co potrzeba do domu i nie tylko","description":"","publisher":{"@id":"https:\/\/racom.com.pl\/#organization"},"potentialAction":[{"@type":"SearchAction","target":{"@type":"EntryPoint","urlTemplate":"https:\/\/racom.com.pl\/?s={search_term_string}"},"query-input":{"@type":"PropertyValueSpecification","valueRequired":true,"valueName":"search_term_string"}}],"inLanguage":"pl-PL"},{"@type":"Organization","@id":"https:\/\/racom.com.pl\/#organization","name":"Mix Market - Supermarket z wszystkim co potrzeba do domu i nie tylko","url":"https:\/\/racom.com.pl\/","logo":{"@type":"ImageObject","inLanguage":"pl-PL","@id":"https:\/\/racom.com.pl\/#\/schema\/logo\/image\/","url":"https:\/\/racom.com.pl\/wp-content\/uploads\/2025\/07\/mixmarket_logo.png","contentUrl":"https:\/\/racom.com.pl\/wp-content\/uploads\/2025\/07\/mixmarket_logo.png","width":1024,"height":1024,"caption":"Mix Market - Supermarket z wszystkim co potrzeba do domu i nie tylko"},"image":{"@id":"https:\/\/racom.com.pl\/#\/schema\/logo\/image\/"}}]}},"_links":{"self":[{"href":"https:\/\/racom.com.pl\/index.php\/wp-json\/wp\/v2\/product\/134","targetHints":{"allow":["GET"]}}],"collection":[{"href":"https:\/\/racom.com.pl\/index.php\/wp-json\/wp\/v2\/product"}],"about":[{"href":"https:\/\/racom.com.pl\/index.php\/wp-json\/wp\/v2\/types\/product"}],"replies":[{"embeddable":true,"href":"https:\/\/racom.com.pl\/index.php\/wp-json\/wp\/v2\/comments?post=134"}],"wp:featuredmedia":[{"embeddable":true,"href":"https:\/\/racom.com.pl\/index.php\/wp-json\/wp\/v2\/media\/136"}],"wp:attachment":[{"href":"https:\/\/racom.com.pl\/index.php\/wp-json\/wp\/v2\/media?parent=134"}],"wp:term":[{"taxonomy":"product_brand","embeddable":true,"href":"https:\/\/racom.com.pl\/index.php\/wp-json\/wp\/v2\/product_brand?post=134"},{"taxonomy":"product_cat","embeddable":true,"href":"https:\/\/racom.com.pl\/index.php\/wp-json\/wp\/v2\/product_cat?post=134"},{"taxonomy":"product_tag","embeddable":true,"href":"https:\/\/racom.com.pl\/index.php\/wp-json\/wp\/v2\/product_tag?post=134"}],"curies":[{"name":"wp","href":"https:\/\/api.w.org\/{rel}","templated":true}]}}