{"id":1379,"date":"2025-07-18T19:26:32","date_gmt":"2025-07-18T17:26:32","guid":{"rendered":"http:\/\/192.168.2.106\/index.php\/produkt\/9h-3d-szklo-hartowane-galaxy-note-7-caly-ekran-zlote-gold\/"},"modified":"2025-07-18T19:26:32","modified_gmt":"2025-07-18T17:26:32","slug":"9h-3d-szklo-hartowane-galaxy-note-7-caly-ekran-zlote-gold","status":"publish","type":"product","link":"https:\/\/racom.com.pl\/index.php\/produkt\/9h-3d-szklo-hartowane-galaxy-note-7-caly-ekran-zlote-gold\/","title":{"rendered":"9H 3D SZK\u0141O HARTOWANE GALAXY NOTE 7 ca\u0142y ekran Z\u0141OTE GOLD"},"content":{"rendered":"<h2>Szk\u0142o hartowane 9h 3d samsung galaxy note 7 (5,7&#8243;) z\u0142oty<\/h2>\n<ul>\n<li><b>Kod produktu:<\/b> A169<\/li>\n<\/ul>\n<p>Szk\u0142o hartowane na CA\u0141Y EKRAN pe\u0142ne\/zakrzywione CURVED<\/p>\n<p>Cechy:<\/p>\n<p>&#8211; Najwy\u017csza ochrona<\/p>\n<p>&#8211; \u0141atwo\u015b\u0107 samodzielnego monta\u017cu<\/p>\n<p>&#8211; Przejrzysto\u015b\u0107 HD<\/p>\n<p>&#8211; Najnowsza technologia 3D na ca\u0142y ekran<\/p>\n<p>(idealnie dopasowane do danego modelu)<\/p>\n<p>&#8211; Cienkie wytrzyma\u0142e szk\u0142o<\/p>\n<p>&#8211; Wytrzyma\u0142o\u015b\u0107 NANO do 3x wi\u0119ksza<\/p>\n<p>&#8211; Odporno\u015b\u0107 na zarysowania 9H<\/p>\n<p>&#8211; Wodoodporna<\/p>\n<p>&#8211; Odporno\u015b\u0107 na kurz<\/p>\n<p>W zestaw ten wchodzi:<\/p>\n<p>&#8211; szk\u0142o hartowane do SAMSUNG NOTE 7 Full Coverage 3D CA\u0141Y EKRAN<\/p>\n<p>&#8211; Dwie mini \u015bciereczki, jedna sucha DRY i druga mokra WET<\/p>\n<p>&#8211; 3x naklejki do \u0142atwego i bezdotykowego monta\u017cu<\/p>\n<p>Na tej aukcji oferujemy kolor <b>SREBRNY<\/b>.<\/p>\n<p>Pozosta\u0142e kolory dost\u0119pne na naszych pozosta\u0142ych aukcjach.<\/p>\n<p>Zdj\u0119cie realne produktu:<\/p>\n","protected":false},"excerpt":{"rendered":"<p>Szk\u0142o hartowane 9h 3d samsung galaxy note 7 (5,7&#8243;) z\u0142oty Kod produktu: A169 Szk\u0142o hartowane na CA\u0141Y EKRAN pe\u0142ne\/zakrzywione CURVED Cechy: &#8211; Najwy\u017csza ochrona &#8211; \u0141atwo\u015b\u0107 samodzielnego monta\u017cu &#8211; Przejrzysto\u015b\u0107 HD &#8211; Najnowsza technologia 3D na ca\u0142y ekran (idealnie dopasowane do danego modelu) &#8211; Cienkie wytrzyma\u0142e szk\u0142o &#8211; Wytrzyma\u0142o\u015b\u0107 NANO do 3x wi\u0119ksza &#8211; Odporno\u015b\u0107 [&hellip;]<\/p>\n","protected":false},"featured_media":1387,"comment_status":"open","ping_status":"closed","template":"","meta":[],"product_brand":[],"product_cat":[26],"product_tag":[],"class_list":{"0":"post-1379","1":"product","2":"type-product","3":"status-publish","4":"has-post-thumbnail","6":"product_cat-akcesoria-gsm","8":"first","9":"instock","10":"taxable","11":"shipping-taxable","12":"purchasable","13":"product-type-simple"},"yoast_head":"<!-- This site is optimized with the Yoast SEO plugin v27.3 - https:\/\/yoast.com\/product\/yoast-seo-wordpress\/ -->\n<title>9H 3D SZK\u0141O HARTOWANE GALAXY NOTE 7 ca\u0142y ekran Z\u0141OTE GOLD - Mix Market - Supermarket z wszystkim co potrzeba<\/title>\n<meta name=\"robots\" content=\"index, follow, max-snippet:-1, max-image-preview:large, max-video-preview:-1\" \/>\n<link rel=\"canonical\" href=\"https:\/\/racom.com.pl\/index.php\/produkt\/9h-3d-szklo-hartowane-galaxy-note-7-caly-ekran-zlote-gold\/\" \/>\n<meta property=\"og:locale\" content=\"pl_PL\" \/>\n<meta property=\"og:type\" content=\"article\" \/>\n<meta property=\"og:title\" content=\"9H 3D SZK\u0141O HARTOWANE GALAXY NOTE 7 ca\u0142y ekran Z\u0141OTE GOLD - Mix Market - Supermarket z wszystkim co potrzeba\" \/>\n<meta property=\"og:description\" content=\"Szk\u0142o hartowane 9h 3d samsung galaxy note 7 (5,7&#8243;) z\u0142oty Kod produktu: A169 Szk\u0142o hartowane na CA\u0141Y EKRAN pe\u0142ne\/zakrzywione CURVED Cechy: &#8211; Najwy\u017csza ochrona &#8211; \u0141atwo\u015b\u0107 samodzielnego monta\u017cu &#8211; Przejrzysto\u015b\u0107 HD &#8211; Najnowsza technologia 3D na ca\u0142y ekran (idealnie dopasowane do danego modelu) &#8211; Cienkie wytrzyma\u0142e szk\u0142o &#8211; Wytrzyma\u0142o\u015b\u0107 NANO do 3x wi\u0119ksza &#8211; Odporno\u015b\u0107 [&hellip;]\" \/>\n<meta property=\"og:url\" content=\"https:\/\/racom.com.pl\/index.php\/produkt\/9h-3d-szklo-hartowane-galaxy-note-7-caly-ekran-zlote-gold\/\" \/>\n<meta property=\"og:site_name\" content=\"Mix Market - Supermarket z wszystkim co potrzeba\" \/>\n<meta property=\"og:image\" content=\"https:\/\/racom.com.pl\/wp-content\/uploads\/2025\/07\/allegro_687a8407d06903.38229660_9e151d444ce1814c9bd8a884dccd.jpg\" \/>\n\t<meta property=\"og:image:width\" content=\"555\" \/>\n\t<meta property=\"og:image:height\" content=\"516\" \/>\n\t<meta property=\"og:image:type\" content=\"image\/jpeg\" \/>\n<meta name=\"twitter:card\" content=\"summary_large_image\" \/>\n<meta name=\"twitter:label1\" content=\"Szacowany czas czytania\" \/>\n\t<meta name=\"twitter:data1\" content=\"1 minuta\" \/>\n<script type=\"application\/ld+json\" class=\"yoast-schema-graph\">{\"@context\":\"https:\\\/\\\/schema.org\",\"@graph\":[{\"@type\":\"WebPage\",\"@id\":\"https:\\\/\\\/racom.com.pl\\\/index.php\\\/produkt\\\/9h-3d-szklo-hartowane-galaxy-note-7-caly-ekran-zlote-gold\\\/\",\"url\":\"https:\\\/\\\/racom.com.pl\\\/index.php\\\/produkt\\\/9h-3d-szklo-hartowane-galaxy-note-7-caly-ekran-zlote-gold\\\/\",\"name\":\"9H 3D SZK\u0141O HARTOWANE GALAXY NOTE 7 ca\u0142y ekran Z\u0141OTE GOLD - Mix Market - Supermarket z wszystkim co potrzeba\",\"isPartOf\":{\"@id\":\"https:\\\/\\\/racom.com.pl\\\/#website\"},\"primaryImageOfPage\":{\"@id\":\"https:\\\/\\\/racom.com.pl\\\/index.php\\\/produkt\\\/9h-3d-szklo-hartowane-galaxy-note-7-caly-ekran-zlote-gold\\\/#primaryimage\"},\"image\":{\"@id\":\"https:\\\/\\\/racom.com.pl\\\/index.php\\\/produkt\\\/9h-3d-szklo-hartowane-galaxy-note-7-caly-ekran-zlote-gold\\\/#primaryimage\"},\"thumbnailUrl\":\"https:\\\/\\\/racom.com.pl\\\/wp-content\\\/uploads\\\/2025\\\/07\\\/allegro_687a8407d06903.38229660_9e151d444ce1814c9bd8a884dccd.jpg\",\"datePublished\":\"2025-07-18T17:26:32+00:00\",\"breadcrumb\":{\"@id\":\"https:\\\/\\\/racom.com.pl\\\/index.php\\\/produkt\\\/9h-3d-szklo-hartowane-galaxy-note-7-caly-ekran-zlote-gold\\\/#breadcrumb\"},\"inLanguage\":\"pl-PL\",\"potentialAction\":[{\"@type\":\"ReadAction\",\"target\":[\"https:\\\/\\\/racom.com.pl\\\/index.php\\\/produkt\\\/9h-3d-szklo-hartowane-galaxy-note-7-caly-ekran-zlote-gold\\\/\"]}]},{\"@type\":\"ImageObject\",\"inLanguage\":\"pl-PL\",\"@id\":\"https:\\\/\\\/racom.com.pl\\\/index.php\\\/produkt\\\/9h-3d-szklo-hartowane-galaxy-note-7-caly-ekran-zlote-gold\\\/#primaryimage\",\"url\":\"https:\\\/\\\/racom.com.pl\\\/wp-content\\\/uploads\\\/2025\\\/07\\\/allegro_687a8407d06903.38229660_9e151d444ce1814c9bd8a884dccd.jpg\",\"contentUrl\":\"https:\\\/\\\/racom.com.pl\\\/wp-content\\\/uploads\\\/2025\\\/07\\\/allegro_687a8407d06903.38229660_9e151d444ce1814c9bd8a884dccd.jpg\",\"width\":555,\"height\":516},{\"@type\":\"BreadcrumbList\",\"@id\":\"https:\\\/\\\/racom.com.pl\\\/index.php\\\/produkt\\\/9h-3d-szklo-hartowane-galaxy-note-7-caly-ekran-zlote-gold\\\/#breadcrumb\",\"itemListElement\":[{\"@type\":\"ListItem\",\"position\":1,\"name\":\"Strona g\u0142\u00f3wna\",\"item\":\"https:\\\/\\\/racom.com.pl\\\/\"},{\"@type\":\"ListItem\",\"position\":2,\"name\":\"Sklep\",\"item\":\"https:\\\/\\\/racom.com.pl\\\/\"},{\"@type\":\"ListItem\",\"position\":3,\"name\":\"9H 3D SZK\u0141O HARTOWANE GALAXY NOTE 7 ca\u0142y ekran Z\u0141OTE GOLD\"}]},{\"@type\":\"WebSite\",\"@id\":\"https:\\\/\\\/racom.com.pl\\\/#website\",\"url\":\"https:\\\/\\\/racom.com.pl\\\/\",\"name\":\"Mix Market - Supermarket z wszystkim co potrzeba do domu i nie tylko\",\"description\":\"\",\"publisher\":{\"@id\":\"https:\\\/\\\/racom.com.pl\\\/#organization\"},\"potentialAction\":[{\"@type\":\"SearchAction\",\"target\":{\"@type\":\"EntryPoint\",\"urlTemplate\":\"https:\\\/\\\/racom.com.pl\\\/?s={search_term_string}\"},\"query-input\":{\"@type\":\"PropertyValueSpecification\",\"valueRequired\":true,\"valueName\":\"search_term_string\"}}],\"inLanguage\":\"pl-PL\"},{\"@type\":\"Organization\",\"@id\":\"https:\\\/\\\/racom.com.pl\\\/#organization\",\"name\":\"Mix Market - Supermarket z wszystkim co potrzeba do domu i nie tylko\",\"url\":\"https:\\\/\\\/racom.com.pl\\\/\",\"logo\":{\"@type\":\"ImageObject\",\"inLanguage\":\"pl-PL\",\"@id\":\"https:\\\/\\\/racom.com.pl\\\/#\\\/schema\\\/logo\\\/image\\\/\",\"url\":\"https:\\\/\\\/racom.com.pl\\\/wp-content\\\/uploads\\\/2025\\\/07\\\/mixmarket_logo.png\",\"contentUrl\":\"https:\\\/\\\/racom.com.pl\\\/wp-content\\\/uploads\\\/2025\\\/07\\\/mixmarket_logo.png\",\"width\":1024,\"height\":1024,\"caption\":\"Mix Market - Supermarket z wszystkim co potrzeba do domu i nie tylko\"},\"image\":{\"@id\":\"https:\\\/\\\/racom.com.pl\\\/#\\\/schema\\\/logo\\\/image\\\/\"}}]}<\/script>\n<!-- \/ Yoast SEO plugin. -->","yoast_head_json":{"title":"9H 3D SZK\u0141O HARTOWANE GALAXY NOTE 7 ca\u0142y ekran Z\u0141OTE GOLD - Mix Market - Supermarket z wszystkim co potrzeba","robots":{"index":"index","follow":"follow","max-snippet":"max-snippet:-1","max-image-preview":"max-image-preview:large","max-video-preview":"max-video-preview:-1"},"canonical":"https:\/\/racom.com.pl\/index.php\/produkt\/9h-3d-szklo-hartowane-galaxy-note-7-caly-ekran-zlote-gold\/","og_locale":"pl_PL","og_type":"article","og_title":"9H 3D SZK\u0141O HARTOWANE GALAXY NOTE 7 ca\u0142y ekran Z\u0141OTE GOLD - Mix Market - Supermarket z wszystkim co potrzeba","og_description":"Szk\u0142o hartowane 9h 3d samsung galaxy note 7 (5,7&#8243;) z\u0142oty Kod produktu: A169 Szk\u0142o hartowane na CA\u0141Y EKRAN pe\u0142ne\/zakrzywione CURVED Cechy: &#8211; Najwy\u017csza ochrona &#8211; \u0141atwo\u015b\u0107 samodzielnego monta\u017cu &#8211; Przejrzysto\u015b\u0107 HD &#8211; Najnowsza technologia 3D na ca\u0142y ekran (idealnie dopasowane do danego modelu) &#8211; Cienkie wytrzyma\u0142e szk\u0142o &#8211; Wytrzyma\u0142o\u015b\u0107 NANO do 3x wi\u0119ksza &#8211; Odporno\u015b\u0107 [&hellip;]","og_url":"https:\/\/racom.com.pl\/index.php\/produkt\/9h-3d-szklo-hartowane-galaxy-note-7-caly-ekran-zlote-gold\/","og_site_name":"Mix Market - Supermarket z wszystkim co potrzeba","og_image":[{"width":555,"height":516,"url":"https:\/\/racom.com.pl\/wp-content\/uploads\/2025\/07\/allegro_687a8407d06903.38229660_9e151d444ce1814c9bd8a884dccd.jpg","type":"image\/jpeg"}],"twitter_card":"summary_large_image","twitter_misc":{"Szacowany czas czytania":"1 minuta"},"schema":{"@context":"https:\/\/schema.org","@graph":[{"@type":"WebPage","@id":"https:\/\/racom.com.pl\/index.php\/produkt\/9h-3d-szklo-hartowane-galaxy-note-7-caly-ekran-zlote-gold\/","url":"https:\/\/racom.com.pl\/index.php\/produkt\/9h-3d-szklo-hartowane-galaxy-note-7-caly-ekran-zlote-gold\/","name":"9H 3D SZK\u0141O HARTOWANE GALAXY NOTE 7 ca\u0142y ekran Z\u0141OTE GOLD - Mix Market - Supermarket z wszystkim co potrzeba","isPartOf":{"@id":"https:\/\/racom.com.pl\/#website"},"primaryImageOfPage":{"@id":"https:\/\/racom.com.pl\/index.php\/produkt\/9h-3d-szklo-hartowane-galaxy-note-7-caly-ekran-zlote-gold\/#primaryimage"},"image":{"@id":"https:\/\/racom.com.pl\/index.php\/produkt\/9h-3d-szklo-hartowane-galaxy-note-7-caly-ekran-zlote-gold\/#primaryimage"},"thumbnailUrl":"https:\/\/racom.com.pl\/wp-content\/uploads\/2025\/07\/allegro_687a8407d06903.38229660_9e151d444ce1814c9bd8a884dccd.jpg","datePublished":"2025-07-18T17:26:32+00:00","breadcrumb":{"@id":"https:\/\/racom.com.pl\/index.php\/produkt\/9h-3d-szklo-hartowane-galaxy-note-7-caly-ekran-zlote-gold\/#breadcrumb"},"inLanguage":"pl-PL","potentialAction":[{"@type":"ReadAction","target":["https:\/\/racom.com.pl\/index.php\/produkt\/9h-3d-szklo-hartowane-galaxy-note-7-caly-ekran-zlote-gold\/"]}]},{"@type":"ImageObject","inLanguage":"pl-PL","@id":"https:\/\/racom.com.pl\/index.php\/produkt\/9h-3d-szklo-hartowane-galaxy-note-7-caly-ekran-zlote-gold\/#primaryimage","url":"https:\/\/racom.com.pl\/wp-content\/uploads\/2025\/07\/allegro_687a8407d06903.38229660_9e151d444ce1814c9bd8a884dccd.jpg","contentUrl":"https:\/\/racom.com.pl\/wp-content\/uploads\/2025\/07\/allegro_687a8407d06903.38229660_9e151d444ce1814c9bd8a884dccd.jpg","width":555,"height":516},{"@type":"BreadcrumbList","@id":"https:\/\/racom.com.pl\/index.php\/produkt\/9h-3d-szklo-hartowane-galaxy-note-7-caly-ekran-zlote-gold\/#breadcrumb","itemListElement":[{"@type":"ListItem","position":1,"name":"Strona g\u0142\u00f3wna","item":"https:\/\/racom.com.pl\/"},{"@type":"ListItem","position":2,"name":"Sklep","item":"https:\/\/racom.com.pl\/"},{"@type":"ListItem","position":3,"name":"9H 3D SZK\u0141O HARTOWANE GALAXY NOTE 7 ca\u0142y ekran Z\u0141OTE GOLD"}]},{"@type":"WebSite","@id":"https:\/\/racom.com.pl\/#website","url":"https:\/\/racom.com.pl\/","name":"Mix Market - Supermarket z wszystkim co potrzeba do domu i nie tylko","description":"","publisher":{"@id":"https:\/\/racom.com.pl\/#organization"},"potentialAction":[{"@type":"SearchAction","target":{"@type":"EntryPoint","urlTemplate":"https:\/\/racom.com.pl\/?s={search_term_string}"},"query-input":{"@type":"PropertyValueSpecification","valueRequired":true,"valueName":"search_term_string"}}],"inLanguage":"pl-PL"},{"@type":"Organization","@id":"https:\/\/racom.com.pl\/#organization","name":"Mix Market - Supermarket z wszystkim co potrzeba do domu i nie tylko","url":"https:\/\/racom.com.pl\/","logo":{"@type":"ImageObject","inLanguage":"pl-PL","@id":"https:\/\/racom.com.pl\/#\/schema\/logo\/image\/","url":"https:\/\/racom.com.pl\/wp-content\/uploads\/2025\/07\/mixmarket_logo.png","contentUrl":"https:\/\/racom.com.pl\/wp-content\/uploads\/2025\/07\/mixmarket_logo.png","width":1024,"height":1024,"caption":"Mix Market - Supermarket z wszystkim co potrzeba do domu i nie tylko"},"image":{"@id":"https:\/\/racom.com.pl\/#\/schema\/logo\/image\/"}}]}},"_links":{"self":[{"href":"https:\/\/racom.com.pl\/index.php\/wp-json\/wp\/v2\/product\/1379","targetHints":{"allow":["GET"]}}],"collection":[{"href":"https:\/\/racom.com.pl\/index.php\/wp-json\/wp\/v2\/product"}],"about":[{"href":"https:\/\/racom.com.pl\/index.php\/wp-json\/wp\/v2\/types\/product"}],"replies":[{"embeddable":true,"href":"https:\/\/racom.com.pl\/index.php\/wp-json\/wp\/v2\/comments?post=1379"}],"wp:featuredmedia":[{"embeddable":true,"href":"https:\/\/racom.com.pl\/index.php\/wp-json\/wp\/v2\/media\/1387"}],"wp:attachment":[{"href":"https:\/\/racom.com.pl\/index.php\/wp-json\/wp\/v2\/media?parent=1379"}],"wp:term":[{"taxonomy":"product_brand","embeddable":true,"href":"https:\/\/racom.com.pl\/index.php\/wp-json\/wp\/v2\/product_brand?post=1379"},{"taxonomy":"product_cat","embeddable":true,"href":"https:\/\/racom.com.pl\/index.php\/wp-json\/wp\/v2\/product_cat?post=1379"},{"taxonomy":"product_tag","embeddable":true,"href":"https:\/\/racom.com.pl\/index.php\/wp-json\/wp\/v2\/product_tag?post=1379"}],"curies":[{"name":"wp","href":"https:\/\/api.w.org\/{rel}","templated":true}]}}