{"id":1403,"date":"2025-07-18T19:29:15","date_gmt":"2025-07-18T17:29:15","guid":{"rendered":"http:\/\/192.168.2.106\/index.php\/produkt\/szybka-ekranu-dotykowego-iphone-7-47-biala\/"},"modified":"2025-07-18T19:29:15","modified_gmt":"2025-07-18T17:29:15","slug":"szybka-ekranu-dotykowego-iphone-7-47-biala","status":"publish","type":"product","link":"https:\/\/racom.com.pl\/index.php\/produkt\/szybka-ekranu-dotykowego-iphone-7-47-biala\/","title":{"rendered":"SZYBKA EKRANU DOTYKOWEGO IPHONE 7 4,7&#8243; BIA\u0141A"},"content":{"rendered":"<h2>NOWA SZYBKA EKRANU APPLE IPHONE 7 4,7&#8243; bia\u0142a<\/h2>\n<p>Fabrycznie nowa szybka zabezpieczona foli\u0105 ochronn\u0105. Jest to cz\u0119\u015b\u0107 zamienna telefonu, nie jest to szk\u0142o hartowane. Kolor Bia\u0142y.<\/p>\n<ul>\n<li><b>Kod produktu:<\/b> A563<\/li>\n<\/ul>\n","protected":false},"excerpt":{"rendered":"<p>NOWA SZYBKA EKRANU APPLE IPHONE 7 4,7&#8243; bia\u0142a Fabrycznie nowa szybka zabezpieczona foli\u0105 ochronn\u0105. Jest to cz\u0119\u015b\u0107 zamienna telefonu, nie jest to szk\u0142o hartowane. Kolor Bia\u0142y. Kod produktu: A563<\/p>\n","protected":false},"featured_media":1405,"comment_status":"open","ping_status":"closed","template":"","meta":[],"product_brand":[],"product_cat":[26],"product_tag":[],"class_list":{"0":"post-1403","1":"product","2":"type-product","3":"status-publish","4":"has-post-thumbnail","6":"product_cat-akcesoria-gsm","8":"first","9":"instock","10":"taxable","11":"shipping-taxable","12":"purchasable","13":"product-type-simple"},"yoast_head":"<!-- This site is optimized with the Yoast SEO plugin v27.3 - https:\/\/yoast.com\/product\/yoast-seo-wordpress\/ -->\n<title>SZYBKA EKRANU DOTYKOWEGO IPHONE 7 4,7&quot; BIA\u0141A - Mix Market - Supermarket z wszystkim co potrzeba<\/title>\n<meta name=\"robots\" content=\"index, follow, max-snippet:-1, max-image-preview:large, max-video-preview:-1\" \/>\n<link rel=\"canonical\" href=\"https:\/\/racom.com.pl\/index.php\/produkt\/szybka-ekranu-dotykowego-iphone-7-47-biala\/\" \/>\n<meta property=\"og:locale\" content=\"pl_PL\" \/>\n<meta property=\"og:type\" content=\"article\" \/>\n<meta property=\"og:title\" content=\"SZYBKA EKRANU DOTYKOWEGO IPHONE 7 4,7&quot; BIA\u0141A - Mix Market - Supermarket z wszystkim co potrzeba\" \/>\n<meta property=\"og:description\" content=\"NOWA SZYBKA EKRANU APPLE IPHONE 7 4,7&#8243; bia\u0142a Fabrycznie nowa szybka zabezpieczona foli\u0105 ochronn\u0105. Jest to cz\u0119\u015b\u0107 zamienna telefonu, nie jest to szk\u0142o hartowane. Kolor Bia\u0142y. Kod produktu: A563\" \/>\n<meta property=\"og:url\" content=\"https:\/\/racom.com.pl\/index.php\/produkt\/szybka-ekranu-dotykowego-iphone-7-47-biala\/\" \/>\n<meta property=\"og:site_name\" content=\"Mix Market - Supermarket z wszystkim co potrzeba\" \/>\n<meta property=\"og:image\" content=\"https:\/\/racom.com.pl\/wp-content\/uploads\/2025\/07\/allegro_687a8470cc4f75.90933882_5f88868a4c0ab507f82dd3618a4d.jpg\" \/>\n\t<meta property=\"og:image:width\" content=\"726\" \/>\n\t<meta property=\"og:image:height\" content=\"760\" \/>\n\t<meta property=\"og:image:type\" content=\"image\/jpeg\" \/>\n<meta name=\"twitter:card\" content=\"summary_large_image\" \/>\n<script type=\"application\/ld+json\" class=\"yoast-schema-graph\">{\"@context\":\"https:\\\/\\\/schema.org\",\"@graph\":[{\"@type\":\"WebPage\",\"@id\":\"https:\\\/\\\/racom.com.pl\\\/index.php\\\/produkt\\\/szybka-ekranu-dotykowego-iphone-7-47-biala\\\/\",\"url\":\"https:\\\/\\\/racom.com.pl\\\/index.php\\\/produkt\\\/szybka-ekranu-dotykowego-iphone-7-47-biala\\\/\",\"name\":\"SZYBKA EKRANU DOTYKOWEGO IPHONE 7 4,7\\\" BIA\u0141A - Mix Market - Supermarket z wszystkim co potrzeba\",\"isPartOf\":{\"@id\":\"https:\\\/\\\/racom.com.pl\\\/#website\"},\"primaryImageOfPage\":{\"@id\":\"https:\\\/\\\/racom.com.pl\\\/index.php\\\/produkt\\\/szybka-ekranu-dotykowego-iphone-7-47-biala\\\/#primaryimage\"},\"image\":{\"@id\":\"https:\\\/\\\/racom.com.pl\\\/index.php\\\/produkt\\\/szybka-ekranu-dotykowego-iphone-7-47-biala\\\/#primaryimage\"},\"thumbnailUrl\":\"https:\\\/\\\/racom.com.pl\\\/wp-content\\\/uploads\\\/2025\\\/07\\\/allegro_687a8470cc4f75.90933882_5f88868a4c0ab507f82dd3618a4d.jpg\",\"datePublished\":\"2025-07-18T17:29:15+00:00\",\"breadcrumb\":{\"@id\":\"https:\\\/\\\/racom.com.pl\\\/index.php\\\/produkt\\\/szybka-ekranu-dotykowego-iphone-7-47-biala\\\/#breadcrumb\"},\"inLanguage\":\"pl-PL\",\"potentialAction\":[{\"@type\":\"ReadAction\",\"target\":[\"https:\\\/\\\/racom.com.pl\\\/index.php\\\/produkt\\\/szybka-ekranu-dotykowego-iphone-7-47-biala\\\/\"]}]},{\"@type\":\"ImageObject\",\"inLanguage\":\"pl-PL\",\"@id\":\"https:\\\/\\\/racom.com.pl\\\/index.php\\\/produkt\\\/szybka-ekranu-dotykowego-iphone-7-47-biala\\\/#primaryimage\",\"url\":\"https:\\\/\\\/racom.com.pl\\\/wp-content\\\/uploads\\\/2025\\\/07\\\/allegro_687a8470cc4f75.90933882_5f88868a4c0ab507f82dd3618a4d.jpg\",\"contentUrl\":\"https:\\\/\\\/racom.com.pl\\\/wp-content\\\/uploads\\\/2025\\\/07\\\/allegro_687a8470cc4f75.90933882_5f88868a4c0ab507f82dd3618a4d.jpg\",\"width\":726,\"height\":760},{\"@type\":\"BreadcrumbList\",\"@id\":\"https:\\\/\\\/racom.com.pl\\\/index.php\\\/produkt\\\/szybka-ekranu-dotykowego-iphone-7-47-biala\\\/#breadcrumb\",\"itemListElement\":[{\"@type\":\"ListItem\",\"position\":1,\"name\":\"Strona g\u0142\u00f3wna\",\"item\":\"https:\\\/\\\/racom.com.pl\\\/\"},{\"@type\":\"ListItem\",\"position\":2,\"name\":\"Sklep\",\"item\":\"https:\\\/\\\/racom.com.pl\\\/\"},{\"@type\":\"ListItem\",\"position\":3,\"name\":\"SZYBKA EKRANU DOTYKOWEGO IPHONE 7 4,7&#8243; BIA\u0141A\"}]},{\"@type\":\"WebSite\",\"@id\":\"https:\\\/\\\/racom.com.pl\\\/#website\",\"url\":\"https:\\\/\\\/racom.com.pl\\\/\",\"name\":\"Mix Market - Supermarket z wszystkim co potrzeba do domu i nie tylko\",\"description\":\"\",\"publisher\":{\"@id\":\"https:\\\/\\\/racom.com.pl\\\/#organization\"},\"potentialAction\":[{\"@type\":\"SearchAction\",\"target\":{\"@type\":\"EntryPoint\",\"urlTemplate\":\"https:\\\/\\\/racom.com.pl\\\/?s={search_term_string}\"},\"query-input\":{\"@type\":\"PropertyValueSpecification\",\"valueRequired\":true,\"valueName\":\"search_term_string\"}}],\"inLanguage\":\"pl-PL\"},{\"@type\":\"Organization\",\"@id\":\"https:\\\/\\\/racom.com.pl\\\/#organization\",\"name\":\"Mix Market - Supermarket z wszystkim co potrzeba do domu i nie tylko\",\"url\":\"https:\\\/\\\/racom.com.pl\\\/\",\"logo\":{\"@type\":\"ImageObject\",\"inLanguage\":\"pl-PL\",\"@id\":\"https:\\\/\\\/racom.com.pl\\\/#\\\/schema\\\/logo\\\/image\\\/\",\"url\":\"https:\\\/\\\/racom.com.pl\\\/wp-content\\\/uploads\\\/2025\\\/07\\\/mixmarket_logo.png\",\"contentUrl\":\"https:\\\/\\\/racom.com.pl\\\/wp-content\\\/uploads\\\/2025\\\/07\\\/mixmarket_logo.png\",\"width\":1024,\"height\":1024,\"caption\":\"Mix Market - Supermarket z wszystkim co potrzeba do domu i nie tylko\"},\"image\":{\"@id\":\"https:\\\/\\\/racom.com.pl\\\/#\\\/schema\\\/logo\\\/image\\\/\"}}]}<\/script>\n<!-- \/ Yoast SEO plugin. -->","yoast_head_json":{"title":"SZYBKA EKRANU DOTYKOWEGO IPHONE 7 4,7\" BIA\u0141A - Mix Market - Supermarket z wszystkim co potrzeba","robots":{"index":"index","follow":"follow","max-snippet":"max-snippet:-1","max-image-preview":"max-image-preview:large","max-video-preview":"max-video-preview:-1"},"canonical":"https:\/\/racom.com.pl\/index.php\/produkt\/szybka-ekranu-dotykowego-iphone-7-47-biala\/","og_locale":"pl_PL","og_type":"article","og_title":"SZYBKA EKRANU DOTYKOWEGO IPHONE 7 4,7\" BIA\u0141A - Mix Market - Supermarket z wszystkim co potrzeba","og_description":"NOWA SZYBKA EKRANU APPLE IPHONE 7 4,7&#8243; bia\u0142a Fabrycznie nowa szybka zabezpieczona foli\u0105 ochronn\u0105. Jest to cz\u0119\u015b\u0107 zamienna telefonu, nie jest to szk\u0142o hartowane. Kolor Bia\u0142y. Kod produktu: A563","og_url":"https:\/\/racom.com.pl\/index.php\/produkt\/szybka-ekranu-dotykowego-iphone-7-47-biala\/","og_site_name":"Mix Market - Supermarket z wszystkim co potrzeba","og_image":[{"width":726,"height":760,"url":"https:\/\/racom.com.pl\/wp-content\/uploads\/2025\/07\/allegro_687a8470cc4f75.90933882_5f88868a4c0ab507f82dd3618a4d.jpg","type":"image\/jpeg"}],"twitter_card":"summary_large_image","schema":{"@context":"https:\/\/schema.org","@graph":[{"@type":"WebPage","@id":"https:\/\/racom.com.pl\/index.php\/produkt\/szybka-ekranu-dotykowego-iphone-7-47-biala\/","url":"https:\/\/racom.com.pl\/index.php\/produkt\/szybka-ekranu-dotykowego-iphone-7-47-biala\/","name":"SZYBKA EKRANU DOTYKOWEGO IPHONE 7 4,7\" BIA\u0141A - Mix Market - Supermarket z wszystkim co potrzeba","isPartOf":{"@id":"https:\/\/racom.com.pl\/#website"},"primaryImageOfPage":{"@id":"https:\/\/racom.com.pl\/index.php\/produkt\/szybka-ekranu-dotykowego-iphone-7-47-biala\/#primaryimage"},"image":{"@id":"https:\/\/racom.com.pl\/index.php\/produkt\/szybka-ekranu-dotykowego-iphone-7-47-biala\/#primaryimage"},"thumbnailUrl":"https:\/\/racom.com.pl\/wp-content\/uploads\/2025\/07\/allegro_687a8470cc4f75.90933882_5f88868a4c0ab507f82dd3618a4d.jpg","datePublished":"2025-07-18T17:29:15+00:00","breadcrumb":{"@id":"https:\/\/racom.com.pl\/index.php\/produkt\/szybka-ekranu-dotykowego-iphone-7-47-biala\/#breadcrumb"},"inLanguage":"pl-PL","potentialAction":[{"@type":"ReadAction","target":["https:\/\/racom.com.pl\/index.php\/produkt\/szybka-ekranu-dotykowego-iphone-7-47-biala\/"]}]},{"@type":"ImageObject","inLanguage":"pl-PL","@id":"https:\/\/racom.com.pl\/index.php\/produkt\/szybka-ekranu-dotykowego-iphone-7-47-biala\/#primaryimage","url":"https:\/\/racom.com.pl\/wp-content\/uploads\/2025\/07\/allegro_687a8470cc4f75.90933882_5f88868a4c0ab507f82dd3618a4d.jpg","contentUrl":"https:\/\/racom.com.pl\/wp-content\/uploads\/2025\/07\/allegro_687a8470cc4f75.90933882_5f88868a4c0ab507f82dd3618a4d.jpg","width":726,"height":760},{"@type":"BreadcrumbList","@id":"https:\/\/racom.com.pl\/index.php\/produkt\/szybka-ekranu-dotykowego-iphone-7-47-biala\/#breadcrumb","itemListElement":[{"@type":"ListItem","position":1,"name":"Strona g\u0142\u00f3wna","item":"https:\/\/racom.com.pl\/"},{"@type":"ListItem","position":2,"name":"Sklep","item":"https:\/\/racom.com.pl\/"},{"@type":"ListItem","position":3,"name":"SZYBKA EKRANU DOTYKOWEGO IPHONE 7 4,7&#8243; BIA\u0141A"}]},{"@type":"WebSite","@id":"https:\/\/racom.com.pl\/#website","url":"https:\/\/racom.com.pl\/","name":"Mix Market - Supermarket z wszystkim co potrzeba do domu i nie tylko","description":"","publisher":{"@id":"https:\/\/racom.com.pl\/#organization"},"potentialAction":[{"@type":"SearchAction","target":{"@type":"EntryPoint","urlTemplate":"https:\/\/racom.com.pl\/?s={search_term_string}"},"query-input":{"@type":"PropertyValueSpecification","valueRequired":true,"valueName":"search_term_string"}}],"inLanguage":"pl-PL"},{"@type":"Organization","@id":"https:\/\/racom.com.pl\/#organization","name":"Mix Market - Supermarket z wszystkim co potrzeba do domu i nie tylko","url":"https:\/\/racom.com.pl\/","logo":{"@type":"ImageObject","inLanguage":"pl-PL","@id":"https:\/\/racom.com.pl\/#\/schema\/logo\/image\/","url":"https:\/\/racom.com.pl\/wp-content\/uploads\/2025\/07\/mixmarket_logo.png","contentUrl":"https:\/\/racom.com.pl\/wp-content\/uploads\/2025\/07\/mixmarket_logo.png","width":1024,"height":1024,"caption":"Mix Market - Supermarket z wszystkim co potrzeba do domu i nie tylko"},"image":{"@id":"https:\/\/racom.com.pl\/#\/schema\/logo\/image\/"}}]}},"_links":{"self":[{"href":"https:\/\/racom.com.pl\/index.php\/wp-json\/wp\/v2\/product\/1403","targetHints":{"allow":["GET"]}}],"collection":[{"href":"https:\/\/racom.com.pl\/index.php\/wp-json\/wp\/v2\/product"}],"about":[{"href":"https:\/\/racom.com.pl\/index.php\/wp-json\/wp\/v2\/types\/product"}],"replies":[{"embeddable":true,"href":"https:\/\/racom.com.pl\/index.php\/wp-json\/wp\/v2\/comments?post=1403"}],"wp:featuredmedia":[{"embeddable":true,"href":"https:\/\/racom.com.pl\/index.php\/wp-json\/wp\/v2\/media\/1405"}],"wp:attachment":[{"href":"https:\/\/racom.com.pl\/index.php\/wp-json\/wp\/v2\/media?parent=1403"}],"wp:term":[{"taxonomy":"product_brand","embeddable":true,"href":"https:\/\/racom.com.pl\/index.php\/wp-json\/wp\/v2\/product_brand?post=1403"},{"taxonomy":"product_cat","embeddable":true,"href":"https:\/\/racom.com.pl\/index.php\/wp-json\/wp\/v2\/product_cat?post=1403"},{"taxonomy":"product_tag","embeddable":true,"href":"https:\/\/racom.com.pl\/index.php\/wp-json\/wp\/v2\/product_tag?post=1403"}],"curies":[{"name":"wp","href":"https:\/\/api.w.org\/{rel}","templated":true}]}}