{"id":1406,"date":"2025-07-18T19:29:22","date_gmt":"2025-07-18T17:29:22","guid":{"rendered":"http:\/\/192.168.2.106\/index.php\/produkt\/szybka-ekranu-dotyk-do-huawei-mate-8-bialy\/"},"modified":"2025-07-18T19:29:22","modified_gmt":"2025-07-18T17:29:22","slug":"szybka-ekranu-dotyk-do-huawei-mate-8-bialy","status":"publish","type":"product","link":"https:\/\/racom.com.pl\/index.php\/produkt\/szybka-ekranu-dotyk-do-huawei-mate-8-bialy\/","title":{"rendered":"Szybka ekranu dotyk do Huawei Mate 8 bia\u0142y"},"content":{"rendered":"<h2>Szyba Szybka wy\u015bwietlacza LCD do telefonu<\/h2>\n<h2>Huawei Mate 8<\/h2>\n<p><b>Szybka LCD<\/b> jest&nbsp;<b>NOWA<\/b>&nbsp;i posiada&nbsp;<b>folie zabezpieczaj\u0105ce<\/b>&nbsp;przed zarysowaniami!<\/p>\n<p><b>Szybka wy\u015bwietlacza LCD<\/b> jest wykonana z wysokiej jako\u015bci tworzywa, kt\u00f3re jest odporne na uszkodzenia mechaniczne!<\/p>\n<h2>Zawarte elementy w zestawie:<\/h2>\n<p>+ <b>szybka<\/b>&nbsp;\/ szyba \/ szybka LCD \/ szyba LCD<\/p>\n<p><b>Kolor: BIA\u0141Y<\/b><\/p>\n<p><b>Kod produktu: A387<\/b><\/p>\n<h2>Szyba LCD a szk\u0142o ochronne<\/h2>\n<p>Szyba wy\u015bwietlacza LCD <b>NIE JEST<\/b> tym samym, co szk\u0142o hartowane czy hybrydowe, chroni\u0105ce ekran telefonu. Szyba jest oryginalnym elementem urz\u0105dzenia, zespojonym z jego ramk\u0105 i wy\u015bwietlaczem, natomiast szk\u0142o ochronne jest elementem dodatkowym, naklejanym na szyb\u0119 \/ ekran telefonu.<\/p>\n<h2>KOMPATYBILNO\u015a\u0106:<\/h2>\n<p><b>Huawei Mate 8<\/b><\/p>\n<p>NXT-L09 | NXT-L29<\/p>\n","protected":false},"excerpt":{"rendered":"<p>Szyba Szybka wy\u015bwietlacza LCD do telefonu Huawei Mate 8 Szybka LCD jest&nbsp;NOWA&nbsp;i posiada&nbsp;folie zabezpieczaj\u0105ce&nbsp;przed zarysowaniami! Szybka wy\u015bwietlacza LCD jest wykonana z wysokiej jako\u015bci tworzywa, kt\u00f3re jest odporne na uszkodzenia mechaniczne! Zawarte elementy w zestawie: + szybka&nbsp;\/ szyba \/ szybka LCD \/ szyba LCD Kolor: BIA\u0141Y Kod produktu: A387 Szyba LCD a szk\u0142o ochronne Szyba wy\u015bwietlacza [&hellip;]<\/p>\n","protected":false},"featured_media":1409,"comment_status":"open","ping_status":"closed","template":"","meta":[],"product_brand":[],"product_cat":[26],"product_tag":[],"class_list":{"0":"post-1406","1":"product","2":"type-product","3":"status-publish","4":"has-post-thumbnail","6":"product_cat-akcesoria-gsm","8":"first","9":"instock","10":"taxable","11":"shipping-taxable","12":"purchasable","13":"product-type-simple"},"yoast_head":"<!-- This site is optimized with the Yoast SEO plugin v27.3 - https:\/\/yoast.com\/product\/yoast-seo-wordpress\/ -->\n<title>Szybka ekranu dotyk do Huawei Mate 8 bia\u0142y - Mix Market - Supermarket z wszystkim co potrzeba<\/title>\n<meta name=\"robots\" content=\"index, follow, max-snippet:-1, max-image-preview:large, max-video-preview:-1\" \/>\n<link rel=\"canonical\" href=\"https:\/\/racom.com.pl\/index.php\/produkt\/szybka-ekranu-dotyk-do-huawei-mate-8-bialy\/\" \/>\n<meta property=\"og:locale\" content=\"pl_PL\" \/>\n<meta property=\"og:type\" content=\"article\" \/>\n<meta property=\"og:title\" content=\"Szybka ekranu dotyk do Huawei Mate 8 bia\u0142y - Mix Market - Supermarket z wszystkim co potrzeba\" \/>\n<meta property=\"og:description\" content=\"Szyba Szybka wy\u015bwietlacza LCD do telefonu Huawei Mate 8 Szybka LCD jest&nbsp;NOWA&nbsp;i posiada&nbsp;folie zabezpieczaj\u0105ce&nbsp;przed zarysowaniami! Szybka wy\u015bwietlacza LCD jest wykonana z wysokiej jako\u015bci tworzywa, kt\u00f3re jest odporne na uszkodzenia mechaniczne! Zawarte elementy w zestawie: + szybka&nbsp;\/ szyba \/ szybka LCD \/ szyba LCD Kolor: BIA\u0141Y Kod produktu: A387 Szyba LCD a szk\u0142o ochronne Szyba wy\u015bwietlacza [&hellip;]\" \/>\n<meta property=\"og:url\" content=\"https:\/\/racom.com.pl\/index.php\/produkt\/szybka-ekranu-dotyk-do-huawei-mate-8-bialy\/\" \/>\n<meta property=\"og:site_name\" content=\"Mix Market - Supermarket z wszystkim co potrzeba\" \/>\n<meta property=\"og:image\" content=\"https:\/\/racom.com.pl\/wp-content\/uploads\/2025\/07\/allegro_687a847e7ea4c1.38620806_5e21e96e4e2485c0cfd2dfd80261.jpg\" \/>\n\t<meta property=\"og:image:width\" content=\"1500\" \/>\n\t<meta property=\"og:image:height\" content=\"1000\" \/>\n\t<meta property=\"og:image:type\" content=\"image\/jpeg\" \/>\n<meta name=\"twitter:card\" content=\"summary_large_image\" \/>\n<meta name=\"twitter:label1\" content=\"Szacowany czas czytania\" \/>\n\t<meta name=\"twitter:data1\" content=\"1 minuta\" \/>\n<script type=\"application\/ld+json\" class=\"yoast-schema-graph\">{\"@context\":\"https:\\\/\\\/schema.org\",\"@graph\":[{\"@type\":\"WebPage\",\"@id\":\"https:\\\/\\\/racom.com.pl\\\/index.php\\\/produkt\\\/szybka-ekranu-dotyk-do-huawei-mate-8-bialy\\\/\",\"url\":\"https:\\\/\\\/racom.com.pl\\\/index.php\\\/produkt\\\/szybka-ekranu-dotyk-do-huawei-mate-8-bialy\\\/\",\"name\":\"Szybka ekranu dotyk do Huawei Mate 8 bia\u0142y - Mix Market - Supermarket z wszystkim co potrzeba\",\"isPartOf\":{\"@id\":\"https:\\\/\\\/racom.com.pl\\\/#website\"},\"primaryImageOfPage\":{\"@id\":\"https:\\\/\\\/racom.com.pl\\\/index.php\\\/produkt\\\/szybka-ekranu-dotyk-do-huawei-mate-8-bialy\\\/#primaryimage\"},\"image\":{\"@id\":\"https:\\\/\\\/racom.com.pl\\\/index.php\\\/produkt\\\/szybka-ekranu-dotyk-do-huawei-mate-8-bialy\\\/#primaryimage\"},\"thumbnailUrl\":\"https:\\\/\\\/racom.com.pl\\\/wp-content\\\/uploads\\\/2025\\\/07\\\/allegro_687a847e7ea4c1.38620806_5e21e96e4e2485c0cfd2dfd80261.jpg\",\"datePublished\":\"2025-07-18T17:29:22+00:00\",\"breadcrumb\":{\"@id\":\"https:\\\/\\\/racom.com.pl\\\/index.php\\\/produkt\\\/szybka-ekranu-dotyk-do-huawei-mate-8-bialy\\\/#breadcrumb\"},\"inLanguage\":\"pl-PL\",\"potentialAction\":[{\"@type\":\"ReadAction\",\"target\":[\"https:\\\/\\\/racom.com.pl\\\/index.php\\\/produkt\\\/szybka-ekranu-dotyk-do-huawei-mate-8-bialy\\\/\"]}]},{\"@type\":\"ImageObject\",\"inLanguage\":\"pl-PL\",\"@id\":\"https:\\\/\\\/racom.com.pl\\\/index.php\\\/produkt\\\/szybka-ekranu-dotyk-do-huawei-mate-8-bialy\\\/#primaryimage\",\"url\":\"https:\\\/\\\/racom.com.pl\\\/wp-content\\\/uploads\\\/2025\\\/07\\\/allegro_687a847e7ea4c1.38620806_5e21e96e4e2485c0cfd2dfd80261.jpg\",\"contentUrl\":\"https:\\\/\\\/racom.com.pl\\\/wp-content\\\/uploads\\\/2025\\\/07\\\/allegro_687a847e7ea4c1.38620806_5e21e96e4e2485c0cfd2dfd80261.jpg\",\"width\":1500,\"height\":1000},{\"@type\":\"BreadcrumbList\",\"@id\":\"https:\\\/\\\/racom.com.pl\\\/index.php\\\/produkt\\\/szybka-ekranu-dotyk-do-huawei-mate-8-bialy\\\/#breadcrumb\",\"itemListElement\":[{\"@type\":\"ListItem\",\"position\":1,\"name\":\"Strona g\u0142\u00f3wna\",\"item\":\"https:\\\/\\\/racom.com.pl\\\/\"},{\"@type\":\"ListItem\",\"position\":2,\"name\":\"Sklep\",\"item\":\"https:\\\/\\\/racom.com.pl\\\/\"},{\"@type\":\"ListItem\",\"position\":3,\"name\":\"Szybka ekranu dotyk do Huawei Mate 8 bia\u0142y\"}]},{\"@type\":\"WebSite\",\"@id\":\"https:\\\/\\\/racom.com.pl\\\/#website\",\"url\":\"https:\\\/\\\/racom.com.pl\\\/\",\"name\":\"Mix Market - Supermarket z wszystkim co potrzeba do domu i nie tylko\",\"description\":\"\",\"publisher\":{\"@id\":\"https:\\\/\\\/racom.com.pl\\\/#organization\"},\"potentialAction\":[{\"@type\":\"SearchAction\",\"target\":{\"@type\":\"EntryPoint\",\"urlTemplate\":\"https:\\\/\\\/racom.com.pl\\\/?s={search_term_string}\"},\"query-input\":{\"@type\":\"PropertyValueSpecification\",\"valueRequired\":true,\"valueName\":\"search_term_string\"}}],\"inLanguage\":\"pl-PL\"},{\"@type\":\"Organization\",\"@id\":\"https:\\\/\\\/racom.com.pl\\\/#organization\",\"name\":\"Mix Market - Supermarket z wszystkim co potrzeba do domu i nie tylko\",\"url\":\"https:\\\/\\\/racom.com.pl\\\/\",\"logo\":{\"@type\":\"ImageObject\",\"inLanguage\":\"pl-PL\",\"@id\":\"https:\\\/\\\/racom.com.pl\\\/#\\\/schema\\\/logo\\\/image\\\/\",\"url\":\"https:\\\/\\\/racom.com.pl\\\/wp-content\\\/uploads\\\/2025\\\/07\\\/mixmarket_logo.png\",\"contentUrl\":\"https:\\\/\\\/racom.com.pl\\\/wp-content\\\/uploads\\\/2025\\\/07\\\/mixmarket_logo.png\",\"width\":1024,\"height\":1024,\"caption\":\"Mix Market - Supermarket z wszystkim co potrzeba do domu i nie tylko\"},\"image\":{\"@id\":\"https:\\\/\\\/racom.com.pl\\\/#\\\/schema\\\/logo\\\/image\\\/\"}}]}<\/script>\n<!-- \/ Yoast SEO plugin. -->","yoast_head_json":{"title":"Szybka ekranu dotyk do Huawei Mate 8 bia\u0142y - Mix Market - Supermarket z wszystkim co potrzeba","robots":{"index":"index","follow":"follow","max-snippet":"max-snippet:-1","max-image-preview":"max-image-preview:large","max-video-preview":"max-video-preview:-1"},"canonical":"https:\/\/racom.com.pl\/index.php\/produkt\/szybka-ekranu-dotyk-do-huawei-mate-8-bialy\/","og_locale":"pl_PL","og_type":"article","og_title":"Szybka ekranu dotyk do Huawei Mate 8 bia\u0142y - Mix Market - Supermarket z wszystkim co potrzeba","og_description":"Szyba Szybka wy\u015bwietlacza LCD do telefonu Huawei Mate 8 Szybka LCD jest&nbsp;NOWA&nbsp;i posiada&nbsp;folie zabezpieczaj\u0105ce&nbsp;przed zarysowaniami! Szybka wy\u015bwietlacza LCD jest wykonana z wysokiej jako\u015bci tworzywa, kt\u00f3re jest odporne na uszkodzenia mechaniczne! Zawarte elementy w zestawie: + szybka&nbsp;\/ szyba \/ szybka LCD \/ szyba LCD Kolor: BIA\u0141Y Kod produktu: A387 Szyba LCD a szk\u0142o ochronne Szyba wy\u015bwietlacza [&hellip;]","og_url":"https:\/\/racom.com.pl\/index.php\/produkt\/szybka-ekranu-dotyk-do-huawei-mate-8-bialy\/","og_site_name":"Mix Market - Supermarket z wszystkim co potrzeba","og_image":[{"width":1500,"height":1000,"url":"https:\/\/racom.com.pl\/wp-content\/uploads\/2025\/07\/allegro_687a847e7ea4c1.38620806_5e21e96e4e2485c0cfd2dfd80261.jpg","type":"image\/jpeg"}],"twitter_card":"summary_large_image","twitter_misc":{"Szacowany czas czytania":"1 minuta"},"schema":{"@context":"https:\/\/schema.org","@graph":[{"@type":"WebPage","@id":"https:\/\/racom.com.pl\/index.php\/produkt\/szybka-ekranu-dotyk-do-huawei-mate-8-bialy\/","url":"https:\/\/racom.com.pl\/index.php\/produkt\/szybka-ekranu-dotyk-do-huawei-mate-8-bialy\/","name":"Szybka ekranu dotyk do Huawei Mate 8 bia\u0142y - Mix Market - Supermarket z wszystkim co potrzeba","isPartOf":{"@id":"https:\/\/racom.com.pl\/#website"},"primaryImageOfPage":{"@id":"https:\/\/racom.com.pl\/index.php\/produkt\/szybka-ekranu-dotyk-do-huawei-mate-8-bialy\/#primaryimage"},"image":{"@id":"https:\/\/racom.com.pl\/index.php\/produkt\/szybka-ekranu-dotyk-do-huawei-mate-8-bialy\/#primaryimage"},"thumbnailUrl":"https:\/\/racom.com.pl\/wp-content\/uploads\/2025\/07\/allegro_687a847e7ea4c1.38620806_5e21e96e4e2485c0cfd2dfd80261.jpg","datePublished":"2025-07-18T17:29:22+00:00","breadcrumb":{"@id":"https:\/\/racom.com.pl\/index.php\/produkt\/szybka-ekranu-dotyk-do-huawei-mate-8-bialy\/#breadcrumb"},"inLanguage":"pl-PL","potentialAction":[{"@type":"ReadAction","target":["https:\/\/racom.com.pl\/index.php\/produkt\/szybka-ekranu-dotyk-do-huawei-mate-8-bialy\/"]}]},{"@type":"ImageObject","inLanguage":"pl-PL","@id":"https:\/\/racom.com.pl\/index.php\/produkt\/szybka-ekranu-dotyk-do-huawei-mate-8-bialy\/#primaryimage","url":"https:\/\/racom.com.pl\/wp-content\/uploads\/2025\/07\/allegro_687a847e7ea4c1.38620806_5e21e96e4e2485c0cfd2dfd80261.jpg","contentUrl":"https:\/\/racom.com.pl\/wp-content\/uploads\/2025\/07\/allegro_687a847e7ea4c1.38620806_5e21e96e4e2485c0cfd2dfd80261.jpg","width":1500,"height":1000},{"@type":"BreadcrumbList","@id":"https:\/\/racom.com.pl\/index.php\/produkt\/szybka-ekranu-dotyk-do-huawei-mate-8-bialy\/#breadcrumb","itemListElement":[{"@type":"ListItem","position":1,"name":"Strona g\u0142\u00f3wna","item":"https:\/\/racom.com.pl\/"},{"@type":"ListItem","position":2,"name":"Sklep","item":"https:\/\/racom.com.pl\/"},{"@type":"ListItem","position":3,"name":"Szybka ekranu dotyk do Huawei Mate 8 bia\u0142y"}]},{"@type":"WebSite","@id":"https:\/\/racom.com.pl\/#website","url":"https:\/\/racom.com.pl\/","name":"Mix Market - Supermarket z wszystkim co potrzeba do domu i nie tylko","description":"","publisher":{"@id":"https:\/\/racom.com.pl\/#organization"},"potentialAction":[{"@type":"SearchAction","target":{"@type":"EntryPoint","urlTemplate":"https:\/\/racom.com.pl\/?s={search_term_string}"},"query-input":{"@type":"PropertyValueSpecification","valueRequired":true,"valueName":"search_term_string"}}],"inLanguage":"pl-PL"},{"@type":"Organization","@id":"https:\/\/racom.com.pl\/#organization","name":"Mix Market - Supermarket z wszystkim co potrzeba do domu i nie tylko","url":"https:\/\/racom.com.pl\/","logo":{"@type":"ImageObject","inLanguage":"pl-PL","@id":"https:\/\/racom.com.pl\/#\/schema\/logo\/image\/","url":"https:\/\/racom.com.pl\/wp-content\/uploads\/2025\/07\/mixmarket_logo.png","contentUrl":"https:\/\/racom.com.pl\/wp-content\/uploads\/2025\/07\/mixmarket_logo.png","width":1024,"height":1024,"caption":"Mix Market - Supermarket z wszystkim co potrzeba do domu i nie tylko"},"image":{"@id":"https:\/\/racom.com.pl\/#\/schema\/logo\/image\/"}}]}},"_links":{"self":[{"href":"https:\/\/racom.com.pl\/index.php\/wp-json\/wp\/v2\/product\/1406","targetHints":{"allow":["GET"]}}],"collection":[{"href":"https:\/\/racom.com.pl\/index.php\/wp-json\/wp\/v2\/product"}],"about":[{"href":"https:\/\/racom.com.pl\/index.php\/wp-json\/wp\/v2\/types\/product"}],"replies":[{"embeddable":true,"href":"https:\/\/racom.com.pl\/index.php\/wp-json\/wp\/v2\/comments?post=1406"}],"wp:featuredmedia":[{"embeddable":true,"href":"https:\/\/racom.com.pl\/index.php\/wp-json\/wp\/v2\/media\/1409"}],"wp:attachment":[{"href":"https:\/\/racom.com.pl\/index.php\/wp-json\/wp\/v2\/media?parent=1406"}],"wp:term":[{"taxonomy":"product_brand","embeddable":true,"href":"https:\/\/racom.com.pl\/index.php\/wp-json\/wp\/v2\/product_brand?post=1406"},{"taxonomy":"product_cat","embeddable":true,"href":"https:\/\/racom.com.pl\/index.php\/wp-json\/wp\/v2\/product_cat?post=1406"},{"taxonomy":"product_tag","embeddable":true,"href":"https:\/\/racom.com.pl\/index.php\/wp-json\/wp\/v2\/product_tag?post=1406"}],"curies":[{"name":"wp","href":"https:\/\/api.w.org\/{rel}","templated":true}]}}