{"id":144,"date":"2025-07-18T17:13:43","date_gmt":"2025-07-18T15:13:43","guid":{"rendered":"http:\/\/192.168.2.106\/index.php\/produkt\/baseus-sluchawki-douszne-przewodowe-mikrofon-pilot\/"},"modified":"2025-07-18T17:13:43","modified_gmt":"2025-07-18T15:13:43","slug":"baseus-sluchawki-douszne-przewodowe-mikrofon-pilot","status":"publish","type":"product","link":"https:\/\/racom.com.pl\/index.php\/produkt\/baseus-sluchawki-douszne-przewodowe-mikrofon-pilot\/","title":{"rendered":"BASEUS S\u0141UCHAWKI DOUSZNE PRZEWODOWE MIKROFON PILOT"},"content":{"rendered":"<h2>S\u0142uchawki Baseus Encok H19 &#8211; czarne<\/h2>\n<p><b>Specyfikacja:<\/b><\/p>\n<ul>\n<li><b>Model:<\/b> Encok 3,5mm Wired Earphone H19<\/li>\n<li><b>Wyko\u0144czenie:<\/b> ABS+TPE<\/li>\n<li><b>Kolor:<\/b> czarny<\/li>\n<li><b>Pasmo przenoszenia:<\/b> 20-20kHZ<\/li>\n<li><b>Impedancja:<\/b> 32 om<\/li>\n<li><b>D\u0142ugo\u015b\u0107 kabla:<\/b> 1.2 m<\/li>\n<li><b>Z\u0142\u0105cze:<\/b> Mini Jack 3,5mm<\/li>\n<li><b>Regulacja g\u0142o\u015bno\u015bci:<\/b> Tak<\/li>\n<li><b>Certyfikaty:<\/b> CEE, RoHs<\/li>\n<li><b>Kod producenta:<\/b> NGH19-01<\/li>\n<\/ul>\n<p><b>Encok Earphone H19<\/b><\/p>\n<p>Zyskaj czysty i szerokozakresowy d\u017awi\u0119k dzi\u0119ki s\u0142uchawkom dousznym Encok H19. 14 mm przetworniki, dzi\u0119ki swojej wysokiej jako\u015bci wykonania, pozwol\u0105 Ci wczu\u0107 si\u0119 w Twoje ulubione utwory. Wbudowana, ultracienka membrana pozwoli wys\u0142ucha\u0107 nawet najdrobniejsze d\u017awi\u0119kowe akcenty w rozbudowanych kompozycjach, dzi\u0119ki zakresowi pracy od 20 Hz do 20000 Hz.<\/p>\n<p><b>D\u017awi\u0119k 6D<\/b><\/p>\n<p>Za wydobywanie si\u0119 d\u017awi\u0119ku do ucha odpowiada 6 otwor\u00f3w w ka\u017cdej s\u0142uchawce. Dzi\u0119ki temu mechanicznie tworzy si\u0119 wra\u017cenie d\u017awi\u0119ku przestrzennego 6D. To doskona\u0142a opcja w szczeg\u00f3lno\u015bci dla graczy, Us\u0142yszysz ka\u017cdy krok i zmian\u0119 w otoczeniu, dzi\u0119ki czemu, b\u0119dziesz jeszcze lepiej przygotowany do ka\u017cdego starcia.<\/p>\n<p><b>Wygoda<\/b><\/p>\n<p>Niezwykle lekkie i o ulepszonej ergonomicznej konstrukcji, zapewni\u0105 Ci komfort s\u0142uchania nawet w wielogodzinnych sesjach. S\u0142uchawki b\u0119d\u0105 dopasowane do Twoich uszu, przez co nie b\u0119d\u0105 uci\u0105\u017cliwe wypada\u0107 w nieoczekiwanym momencie.Kabel s\u0142uchawek ma d\u0142ugo\u015b\u0107 1,2 metra co jest wystarczaj\u0105ce przy tego typu sprz\u0119cie, a dodatkowo jest odporny na pl\u0105tanie i wykr\u0119canie, dzi\u0119ki czemu pos\u0142u\u017cy Ci naprawd\u0119 d\u0142ugo.<\/p>\n<p><b>Kompatybilno\u015b\u0107<\/b><\/p>\n<p>Dzi\u0119ki wykorzystanemu portowi Mini Jack 3,5 mm s\u0142uchawki s\u0105 kompatybilne z wi\u0119kszo\u015bci\u0105 urz\u0105dze\u0144 odtwarzaj\u0105cych d\u017awi\u0119k. Poz\u0142acana wtyczka o wysokiej jako\u015bci zmniejsza natomiast straty w transmisji d\u017awi\u0119k\u00f3w.<\/p>\n<p><b>Zintegrowany pilot<\/b><\/p>\n<p>Steruj odtwarzan\u0105, ulubion\u0105 muzyk\u0105 w s\u0142uchawkach, dzi\u0119ki por\u0119cznemy pilotowi, umieszczonemu na kablu.Mo\u017cesz wyregulowa\u0107 g\u0142o\u015bno\u015b\u0107, cofn\u0105\u0107 lub prze\u0142\u0105czy\u0107 utw\u00f3r, uruchomi\u0107 i zatrzyma\u0107 muzyk\u0119 bez wyci\u0105gania telefonu. Pilot umo\u017cliwia r\u00f3wnie\u017c odbieranie lub odrzucanie po\u0142\u0105cze\u0144 telefonicznych.<\/p>\n<p><b>Mikrofon<\/b><\/p>\n<p>Wyposa\u017cone w mikrofon wbudowany w pilocie, kt\u00f3ry sprawi, \u017ce zawsze b\u0119dzie Ci\u0119 dobrze s\u0142ycha\u0107. Twoje s\u0142owa b\u0119d\u0105 wysy\u0142ane bez \u017cadnych zak\u0142\u00f3ce\u0144, a wielokierunkowe wychwytywanie pozwoli na przechwytywanie Twojego g\u0142osu podczas spaceru, jazdy samochodem czy biegu.<\/p>\n<p><b>Specyfikacja:<\/b><\/p>\n<ul>\n<li><b>Model:<\/b> Encok 3,5mm Wired Earphone H19<\/li>\n<li><b>Wyko\u0144czenie:<\/b> ABS+TPE<\/li>\n<li><b>Kolor:<\/b> czarny<\/li>\n<li><b>Pasmo przenoszenia:<\/b> 20-20kHZ<\/li>\n<li><b>Impedancja:<\/b> 32 om<\/li>\n<li><b>D\u0142ugo\u015b\u0107 kabla:<\/b> 1.2 m<\/li>\n<li><b>Z\u0142\u0105cze:<\/b> Mini Jack 3,5mm<\/li>\n<li><b>Regulacja g\u0142o\u015bno\u015bci:<\/b> Tak<\/li>\n<li><b>Certyfikaty:<\/b> CEE, RoHs<\/li>\n<li><b>Kod producenta:<\/b> NGH19-01<\/li>\n<\/ul>\n","protected":false},"excerpt":{"rendered":"<p>S\u0142uchawki Baseus Encok H19 &#8211; czarne Specyfikacja: Model: Encok 3,5mm Wired Earphone H19 Wyko\u0144czenie: ABS+TPE Kolor: czarny Pasmo przenoszenia: 20-20kHZ Impedancja: 32 om D\u0142ugo\u015b\u0107 kabla: 1.2 m Z\u0142\u0105cze: Mini Jack 3,5mm Regulacja g\u0142o\u015bno\u015bci: Tak Certyfikaty: CEE, RoHs Kod producenta: NGH19-01 Encok Earphone H19 Zyskaj czysty i szerokozakresowy d\u017awi\u0119k dzi\u0119ki s\u0142uchawkom dousznym Encok H19. 14 mm [&hellip;]<\/p>\n","protected":false},"featured_media":152,"comment_status":"open","ping_status":"closed","template":"","meta":[],"product_brand":[27],"product_cat":[30],"product_tag":[],"class_list":{"0":"post-144","1":"product","2":"type-product","3":"status-publish","4":"has-post-thumbnail","6":"product_brand-baseus","7":"product_cat-sluchawki","9":"first","10":"instock","11":"taxable","12":"shipping-taxable","13":"purchasable","14":"product-type-simple"},"yoast_head":"<!-- This site is optimized with the Yoast SEO plugin v27.3 - https:\/\/yoast.com\/product\/yoast-seo-wordpress\/ -->\n<title>BASEUS S\u0141UCHAWKI DOUSZNE PRZEWODOWE MIKROFON PILOT - Mix Market - Supermarket z wszystkim co potrzeba<\/title>\n<meta name=\"robots\" content=\"index, follow, max-snippet:-1, max-image-preview:large, max-video-preview:-1\" \/>\n<link rel=\"canonical\" href=\"https:\/\/racom.com.pl\/index.php\/produkt\/baseus-sluchawki-douszne-przewodowe-mikrofon-pilot\/\" \/>\n<meta property=\"og:locale\" content=\"pl_PL\" \/>\n<meta property=\"og:type\" content=\"article\" \/>\n<meta property=\"og:title\" content=\"BASEUS S\u0141UCHAWKI DOUSZNE PRZEWODOWE MIKROFON PILOT - Mix Market - Supermarket z wszystkim co potrzeba\" \/>\n<meta property=\"og:description\" content=\"S\u0142uchawki Baseus Encok H19 &#8211; czarne Specyfikacja: Model: Encok 3,5mm Wired Earphone H19 Wyko\u0144czenie: ABS+TPE Kolor: czarny Pasmo przenoszenia: 20-20kHZ Impedancja: 32 om D\u0142ugo\u015b\u0107 kabla: 1.2 m Z\u0142\u0105cze: Mini Jack 3,5mm Regulacja g\u0142o\u015bno\u015bci: Tak Certyfikaty: CEE, RoHs Kod producenta: NGH19-01 Encok Earphone H19 Zyskaj czysty i szerokozakresowy d\u017awi\u0119k dzi\u0119ki s\u0142uchawkom dousznym Encok H19. 14 mm [&hellip;]\" \/>\n<meta property=\"og:url\" content=\"https:\/\/racom.com.pl\/index.php\/produkt\/baseus-sluchawki-douszne-przewodowe-mikrofon-pilot\/\" \/>\n<meta property=\"og:site_name\" content=\"Mix Market - Supermarket z wszystkim co potrzeba\" \/>\n<meta property=\"og:image\" content=\"https:\/\/racom.com.pl\/wp-content\/uploads\/2025\/07\/allegro_687a64c35f84f6.12666585_04cc29d14a33b7da97a84bbeb87c.jpg\" \/>\n\t<meta property=\"og:image:width\" content=\"1100\" \/>\n\t<meta property=\"og:image:height\" content=\"699\" \/>\n\t<meta property=\"og:image:type\" content=\"image\/jpeg\" \/>\n<meta name=\"twitter:card\" content=\"summary_large_image\" \/>\n<meta name=\"twitter:label1\" content=\"Szacowany czas czytania\" \/>\n\t<meta name=\"twitter:data1\" content=\"2 minuty\" \/>\n<script type=\"application\/ld+json\" class=\"yoast-schema-graph\">{\"@context\":\"https:\\\/\\\/schema.org\",\"@graph\":[{\"@type\":\"WebPage\",\"@id\":\"https:\\\/\\\/racom.com.pl\\\/index.php\\\/produkt\\\/baseus-sluchawki-douszne-przewodowe-mikrofon-pilot\\\/\",\"url\":\"https:\\\/\\\/racom.com.pl\\\/index.php\\\/produkt\\\/baseus-sluchawki-douszne-przewodowe-mikrofon-pilot\\\/\",\"name\":\"BASEUS S\u0141UCHAWKI DOUSZNE PRZEWODOWE MIKROFON PILOT - Mix Market - Supermarket z wszystkim co potrzeba\",\"isPartOf\":{\"@id\":\"https:\\\/\\\/racom.com.pl\\\/#website\"},\"primaryImageOfPage\":{\"@id\":\"https:\\\/\\\/racom.com.pl\\\/index.php\\\/produkt\\\/baseus-sluchawki-douszne-przewodowe-mikrofon-pilot\\\/#primaryimage\"},\"image\":{\"@id\":\"https:\\\/\\\/racom.com.pl\\\/index.php\\\/produkt\\\/baseus-sluchawki-douszne-przewodowe-mikrofon-pilot\\\/#primaryimage\"},\"thumbnailUrl\":\"https:\\\/\\\/racom.com.pl\\\/wp-content\\\/uploads\\\/2025\\\/07\\\/allegro_687a64c35f84f6.12666585_04cc29d14a33b7da97a84bbeb87c.jpg\",\"datePublished\":\"2025-07-18T15:13:43+00:00\",\"breadcrumb\":{\"@id\":\"https:\\\/\\\/racom.com.pl\\\/index.php\\\/produkt\\\/baseus-sluchawki-douszne-przewodowe-mikrofon-pilot\\\/#breadcrumb\"},\"inLanguage\":\"pl-PL\",\"potentialAction\":[{\"@type\":\"ReadAction\",\"target\":[\"https:\\\/\\\/racom.com.pl\\\/index.php\\\/produkt\\\/baseus-sluchawki-douszne-przewodowe-mikrofon-pilot\\\/\"]}]},{\"@type\":\"ImageObject\",\"inLanguage\":\"pl-PL\",\"@id\":\"https:\\\/\\\/racom.com.pl\\\/index.php\\\/produkt\\\/baseus-sluchawki-douszne-przewodowe-mikrofon-pilot\\\/#primaryimage\",\"url\":\"https:\\\/\\\/racom.com.pl\\\/wp-content\\\/uploads\\\/2025\\\/07\\\/allegro_687a64c35f84f6.12666585_04cc29d14a33b7da97a84bbeb87c.jpg\",\"contentUrl\":\"https:\\\/\\\/racom.com.pl\\\/wp-content\\\/uploads\\\/2025\\\/07\\\/allegro_687a64c35f84f6.12666585_04cc29d14a33b7da97a84bbeb87c.jpg\",\"width\":1100,\"height\":699},{\"@type\":\"BreadcrumbList\",\"@id\":\"https:\\\/\\\/racom.com.pl\\\/index.php\\\/produkt\\\/baseus-sluchawki-douszne-przewodowe-mikrofon-pilot\\\/#breadcrumb\",\"itemListElement\":[{\"@type\":\"ListItem\",\"position\":1,\"name\":\"Strona g\u0142\u00f3wna\",\"item\":\"https:\\\/\\\/racom.com.pl\\\/\"},{\"@type\":\"ListItem\",\"position\":2,\"name\":\"Sklep\",\"item\":\"https:\\\/\\\/racom.com.pl\\\/\"},{\"@type\":\"ListItem\",\"position\":3,\"name\":\"BASEUS S\u0141UCHAWKI DOUSZNE PRZEWODOWE MIKROFON PILOT\"}]},{\"@type\":\"WebSite\",\"@id\":\"https:\\\/\\\/racom.com.pl\\\/#website\",\"url\":\"https:\\\/\\\/racom.com.pl\\\/\",\"name\":\"Mix Market - Supermarket z wszystkim co potrzeba do domu i nie tylko\",\"description\":\"\",\"publisher\":{\"@id\":\"https:\\\/\\\/racom.com.pl\\\/#organization\"},\"potentialAction\":[{\"@type\":\"SearchAction\",\"target\":{\"@type\":\"EntryPoint\",\"urlTemplate\":\"https:\\\/\\\/racom.com.pl\\\/?s={search_term_string}\"},\"query-input\":{\"@type\":\"PropertyValueSpecification\",\"valueRequired\":true,\"valueName\":\"search_term_string\"}}],\"inLanguage\":\"pl-PL\"},{\"@type\":\"Organization\",\"@id\":\"https:\\\/\\\/racom.com.pl\\\/#organization\",\"name\":\"Mix Market - Supermarket z wszystkim co potrzeba do domu i nie tylko\",\"url\":\"https:\\\/\\\/racom.com.pl\\\/\",\"logo\":{\"@type\":\"ImageObject\",\"inLanguage\":\"pl-PL\",\"@id\":\"https:\\\/\\\/racom.com.pl\\\/#\\\/schema\\\/logo\\\/image\\\/\",\"url\":\"https:\\\/\\\/racom.com.pl\\\/wp-content\\\/uploads\\\/2025\\\/07\\\/mixmarket_logo.png\",\"contentUrl\":\"https:\\\/\\\/racom.com.pl\\\/wp-content\\\/uploads\\\/2025\\\/07\\\/mixmarket_logo.png\",\"width\":1024,\"height\":1024,\"caption\":\"Mix Market - Supermarket z wszystkim co potrzeba do domu i nie tylko\"},\"image\":{\"@id\":\"https:\\\/\\\/racom.com.pl\\\/#\\\/schema\\\/logo\\\/image\\\/\"}}]}<\/script>\n<!-- \/ Yoast SEO plugin. -->","yoast_head_json":{"title":"BASEUS S\u0141UCHAWKI DOUSZNE PRZEWODOWE MIKROFON PILOT - Mix Market - Supermarket z wszystkim co potrzeba","robots":{"index":"index","follow":"follow","max-snippet":"max-snippet:-1","max-image-preview":"max-image-preview:large","max-video-preview":"max-video-preview:-1"},"canonical":"https:\/\/racom.com.pl\/index.php\/produkt\/baseus-sluchawki-douszne-przewodowe-mikrofon-pilot\/","og_locale":"pl_PL","og_type":"article","og_title":"BASEUS S\u0141UCHAWKI DOUSZNE PRZEWODOWE MIKROFON PILOT - Mix Market - Supermarket z wszystkim co potrzeba","og_description":"S\u0142uchawki Baseus Encok H19 &#8211; czarne Specyfikacja: Model: Encok 3,5mm Wired Earphone H19 Wyko\u0144czenie: ABS+TPE Kolor: czarny Pasmo przenoszenia: 20-20kHZ Impedancja: 32 om D\u0142ugo\u015b\u0107 kabla: 1.2 m Z\u0142\u0105cze: Mini Jack 3,5mm Regulacja g\u0142o\u015bno\u015bci: Tak Certyfikaty: CEE, RoHs Kod producenta: NGH19-01 Encok Earphone H19 Zyskaj czysty i szerokozakresowy d\u017awi\u0119k dzi\u0119ki s\u0142uchawkom dousznym Encok H19. 14 mm [&hellip;]","og_url":"https:\/\/racom.com.pl\/index.php\/produkt\/baseus-sluchawki-douszne-przewodowe-mikrofon-pilot\/","og_site_name":"Mix Market - Supermarket z wszystkim co potrzeba","og_image":[{"width":1100,"height":699,"url":"https:\/\/racom.com.pl\/wp-content\/uploads\/2025\/07\/allegro_687a64c35f84f6.12666585_04cc29d14a33b7da97a84bbeb87c.jpg","type":"image\/jpeg"}],"twitter_card":"summary_large_image","twitter_misc":{"Szacowany czas czytania":"2 minuty"},"schema":{"@context":"https:\/\/schema.org","@graph":[{"@type":"WebPage","@id":"https:\/\/racom.com.pl\/index.php\/produkt\/baseus-sluchawki-douszne-przewodowe-mikrofon-pilot\/","url":"https:\/\/racom.com.pl\/index.php\/produkt\/baseus-sluchawki-douszne-przewodowe-mikrofon-pilot\/","name":"BASEUS S\u0141UCHAWKI DOUSZNE PRZEWODOWE MIKROFON PILOT - Mix Market - Supermarket z wszystkim co potrzeba","isPartOf":{"@id":"https:\/\/racom.com.pl\/#website"},"primaryImageOfPage":{"@id":"https:\/\/racom.com.pl\/index.php\/produkt\/baseus-sluchawki-douszne-przewodowe-mikrofon-pilot\/#primaryimage"},"image":{"@id":"https:\/\/racom.com.pl\/index.php\/produkt\/baseus-sluchawki-douszne-przewodowe-mikrofon-pilot\/#primaryimage"},"thumbnailUrl":"https:\/\/racom.com.pl\/wp-content\/uploads\/2025\/07\/allegro_687a64c35f84f6.12666585_04cc29d14a33b7da97a84bbeb87c.jpg","datePublished":"2025-07-18T15:13:43+00:00","breadcrumb":{"@id":"https:\/\/racom.com.pl\/index.php\/produkt\/baseus-sluchawki-douszne-przewodowe-mikrofon-pilot\/#breadcrumb"},"inLanguage":"pl-PL","potentialAction":[{"@type":"ReadAction","target":["https:\/\/racom.com.pl\/index.php\/produkt\/baseus-sluchawki-douszne-przewodowe-mikrofon-pilot\/"]}]},{"@type":"ImageObject","inLanguage":"pl-PL","@id":"https:\/\/racom.com.pl\/index.php\/produkt\/baseus-sluchawki-douszne-przewodowe-mikrofon-pilot\/#primaryimage","url":"https:\/\/racom.com.pl\/wp-content\/uploads\/2025\/07\/allegro_687a64c35f84f6.12666585_04cc29d14a33b7da97a84bbeb87c.jpg","contentUrl":"https:\/\/racom.com.pl\/wp-content\/uploads\/2025\/07\/allegro_687a64c35f84f6.12666585_04cc29d14a33b7da97a84bbeb87c.jpg","width":1100,"height":699},{"@type":"BreadcrumbList","@id":"https:\/\/racom.com.pl\/index.php\/produkt\/baseus-sluchawki-douszne-przewodowe-mikrofon-pilot\/#breadcrumb","itemListElement":[{"@type":"ListItem","position":1,"name":"Strona g\u0142\u00f3wna","item":"https:\/\/racom.com.pl\/"},{"@type":"ListItem","position":2,"name":"Sklep","item":"https:\/\/racom.com.pl\/"},{"@type":"ListItem","position":3,"name":"BASEUS S\u0141UCHAWKI DOUSZNE PRZEWODOWE MIKROFON PILOT"}]},{"@type":"WebSite","@id":"https:\/\/racom.com.pl\/#website","url":"https:\/\/racom.com.pl\/","name":"Mix Market - Supermarket z wszystkim co potrzeba do domu i nie tylko","description":"","publisher":{"@id":"https:\/\/racom.com.pl\/#organization"},"potentialAction":[{"@type":"SearchAction","target":{"@type":"EntryPoint","urlTemplate":"https:\/\/racom.com.pl\/?s={search_term_string}"},"query-input":{"@type":"PropertyValueSpecification","valueRequired":true,"valueName":"search_term_string"}}],"inLanguage":"pl-PL"},{"@type":"Organization","@id":"https:\/\/racom.com.pl\/#organization","name":"Mix Market - Supermarket z wszystkim co potrzeba do domu i nie tylko","url":"https:\/\/racom.com.pl\/","logo":{"@type":"ImageObject","inLanguage":"pl-PL","@id":"https:\/\/racom.com.pl\/#\/schema\/logo\/image\/","url":"https:\/\/racom.com.pl\/wp-content\/uploads\/2025\/07\/mixmarket_logo.png","contentUrl":"https:\/\/racom.com.pl\/wp-content\/uploads\/2025\/07\/mixmarket_logo.png","width":1024,"height":1024,"caption":"Mix Market - Supermarket z wszystkim co potrzeba do domu i nie tylko"},"image":{"@id":"https:\/\/racom.com.pl\/#\/schema\/logo\/image\/"}}]}},"_links":{"self":[{"href":"https:\/\/racom.com.pl\/index.php\/wp-json\/wp\/v2\/product\/144","targetHints":{"allow":["GET"]}}],"collection":[{"href":"https:\/\/racom.com.pl\/index.php\/wp-json\/wp\/v2\/product"}],"about":[{"href":"https:\/\/racom.com.pl\/index.php\/wp-json\/wp\/v2\/types\/product"}],"replies":[{"embeddable":true,"href":"https:\/\/racom.com.pl\/index.php\/wp-json\/wp\/v2\/comments?post=144"}],"wp:featuredmedia":[{"embeddable":true,"href":"https:\/\/racom.com.pl\/index.php\/wp-json\/wp\/v2\/media\/152"}],"wp:attachment":[{"href":"https:\/\/racom.com.pl\/index.php\/wp-json\/wp\/v2\/media?parent=144"}],"wp:term":[{"taxonomy":"product_brand","embeddable":true,"href":"https:\/\/racom.com.pl\/index.php\/wp-json\/wp\/v2\/product_brand?post=144"},{"taxonomy":"product_cat","embeddable":true,"href":"https:\/\/racom.com.pl\/index.php\/wp-json\/wp\/v2\/product_cat?post=144"},{"taxonomy":"product_tag","embeddable":true,"href":"https:\/\/racom.com.pl\/index.php\/wp-json\/wp\/v2\/product_tag?post=144"}],"curies":[{"name":"wp","href":"https:\/\/api.w.org\/{rel}","templated":true}]}}