{"id":1441,"date":"2025-07-18T19:32:00","date_gmt":"2025-07-18T17:32:00","guid":{"rendered":"http:\/\/192.168.2.106\/index.php\/produkt\/mosfet-anet-a6-a8-a2-prusa-i3-drukarka-3d-reprap\/"},"modified":"2025-07-18T19:32:00","modified_gmt":"2025-07-18T17:32:00","slug":"mosfet-anet-a6-a8-a2-prusa-i3-drukarka-3d-reprap","status":"publish","type":"product","link":"https:\/\/racom.com.pl\/index.php\/produkt\/mosfet-anet-a6-a8-a2-prusa-i3-drukarka-3d-reprap\/","title":{"rendered":"MOSFET ANET A6 A8 A2 PRUSA I3 DRUKARKA 3D REPRAP"},"content":{"rendered":"<h2>MOSFET ANET A6 A8 A2 PRUSA I3 DRUKARKA 3D REPRAP<\/h2>\n<p><b>Mosfet do drukarek 3D ANET i inne<\/b><\/p>\n<p>Mosfet pozwala na obci\u0105\u017cenie p\u0142yty g\u0142\u00f3wnej drukarki przy zasilaniu sto\u0142u podgrzewanego (HOTBED). Jest to klon znanego Prusa i3. Mosfet ten wyd\u0142u\u017ca \u017cywotno\u015b\u0107 p\u0142yty g\u0142\u00f3wnej drukarek 3D. Kompatybilny z drukarkami Anet A6 A8 i innymi (zasilanie 12-24V).<\/p>\n<p>UWAGA! Dok\u0142adnie sprawd\u017a pod\u0142\u0105czenie (polaryzacje). Odwrotne pod\u0142\u0105czenie polaryzacji grozi trwa\u0142ym uszkodzeniem mosfetu.<\/p>\n<p>Kod produktu: A934<\/p>\n","protected":false},"excerpt":{"rendered":"<p>MOSFET ANET A6 A8 A2 PRUSA I3 DRUKARKA 3D REPRAP Mosfet do drukarek 3D ANET i inne Mosfet pozwala na obci\u0105\u017cenie p\u0142yty g\u0142\u00f3wnej drukarki przy zasilaniu sto\u0142u podgrzewanego (HOTBED). Jest to klon znanego Prusa i3. Mosfet ten wyd\u0142u\u017ca \u017cywotno\u015b\u0107 p\u0142yty g\u0142\u00f3wnej drukarek 3D. Kompatybilny z drukarkami Anet A6 A8 i innymi (zasilanie 12-24V). UWAGA! Dok\u0142adnie [&hellip;]<\/p>\n","protected":false},"featured_media":1443,"comment_status":"open","ping_status":"closed","template":"","meta":[],"product_brand":[],"product_cat":[35],"product_tag":[],"class_list":{"0":"post-1441","1":"product","2":"type-product","3":"status-publish","4":"has-post-thumbnail","6":"product_cat-drukarki-i-skanery","8":"first","9":"instock","10":"taxable","11":"shipping-taxable","12":"purchasable","13":"product-type-simple"},"yoast_head":"<!-- This site is optimized with the Yoast SEO plugin v27.3 - https:\/\/yoast.com\/product\/yoast-seo-wordpress\/ -->\n<title>MOSFET ANET A6 A8 A2 PRUSA I3 DRUKARKA 3D REPRAP - Mix Market - Supermarket z wszystkim co potrzeba<\/title>\n<meta name=\"robots\" content=\"index, follow, max-snippet:-1, max-image-preview:large, max-video-preview:-1\" \/>\n<link rel=\"canonical\" href=\"https:\/\/racom.com.pl\/index.php\/produkt\/mosfet-anet-a6-a8-a2-prusa-i3-drukarka-3d-reprap\/\" \/>\n<meta property=\"og:locale\" content=\"pl_PL\" \/>\n<meta property=\"og:type\" content=\"article\" \/>\n<meta property=\"og:title\" content=\"MOSFET ANET A6 A8 A2 PRUSA I3 DRUKARKA 3D REPRAP - Mix Market - Supermarket z wszystkim co potrzeba\" \/>\n<meta property=\"og:description\" content=\"MOSFET ANET A6 A8 A2 PRUSA I3 DRUKARKA 3D REPRAP Mosfet do drukarek 3D ANET i inne Mosfet pozwala na obci\u0105\u017cenie p\u0142yty g\u0142\u00f3wnej drukarki przy zasilaniu sto\u0142u podgrzewanego (HOTBED). Jest to klon znanego Prusa i3. Mosfet ten wyd\u0142u\u017ca \u017cywotno\u015b\u0107 p\u0142yty g\u0142\u00f3wnej drukarek 3D. Kompatybilny z drukarkami Anet A6 A8 i innymi (zasilanie 12-24V). UWAGA! Dok\u0142adnie [&hellip;]\" \/>\n<meta property=\"og:url\" content=\"https:\/\/racom.com.pl\/index.php\/produkt\/mosfet-anet-a6-a8-a2-prusa-i3-drukarka-3d-reprap\/\" \/>\n<meta property=\"og:site_name\" content=\"Mix Market - Supermarket z wszystkim co potrzeba\" \/>\n<meta property=\"og:image\" content=\"https:\/\/racom.com.pl\/wp-content\/uploads\/2025\/07\/allegro_687a851ee68554.46313241_7e1eb3eb4e9eaf8e8f5b7004ba65.jpg\" \/>\n\t<meta property=\"og:image:width\" content=\"640\" \/>\n\t<meta property=\"og:image:height\" content=\"589\" \/>\n\t<meta property=\"og:image:type\" content=\"image\/jpeg\" \/>\n<meta name=\"twitter:card\" content=\"summary_large_image\" \/>\n<script type=\"application\/ld+json\" class=\"yoast-schema-graph\">{\"@context\":\"https:\\\/\\\/schema.org\",\"@graph\":[{\"@type\":\"WebPage\",\"@id\":\"https:\\\/\\\/racom.com.pl\\\/index.php\\\/produkt\\\/mosfet-anet-a6-a8-a2-prusa-i3-drukarka-3d-reprap\\\/\",\"url\":\"https:\\\/\\\/racom.com.pl\\\/index.php\\\/produkt\\\/mosfet-anet-a6-a8-a2-prusa-i3-drukarka-3d-reprap\\\/\",\"name\":\"MOSFET ANET A6 A8 A2 PRUSA I3 DRUKARKA 3D REPRAP - Mix Market - Supermarket z wszystkim co potrzeba\",\"isPartOf\":{\"@id\":\"https:\\\/\\\/racom.com.pl\\\/#website\"},\"primaryImageOfPage\":{\"@id\":\"https:\\\/\\\/racom.com.pl\\\/index.php\\\/produkt\\\/mosfet-anet-a6-a8-a2-prusa-i3-drukarka-3d-reprap\\\/#primaryimage\"},\"image\":{\"@id\":\"https:\\\/\\\/racom.com.pl\\\/index.php\\\/produkt\\\/mosfet-anet-a6-a8-a2-prusa-i3-drukarka-3d-reprap\\\/#primaryimage\"},\"thumbnailUrl\":\"https:\\\/\\\/racom.com.pl\\\/wp-content\\\/uploads\\\/2025\\\/07\\\/allegro_687a851ee68554.46313241_7e1eb3eb4e9eaf8e8f5b7004ba65.jpg\",\"datePublished\":\"2025-07-18T17:32:00+00:00\",\"breadcrumb\":{\"@id\":\"https:\\\/\\\/racom.com.pl\\\/index.php\\\/produkt\\\/mosfet-anet-a6-a8-a2-prusa-i3-drukarka-3d-reprap\\\/#breadcrumb\"},\"inLanguage\":\"pl-PL\",\"potentialAction\":[{\"@type\":\"ReadAction\",\"target\":[\"https:\\\/\\\/racom.com.pl\\\/index.php\\\/produkt\\\/mosfet-anet-a6-a8-a2-prusa-i3-drukarka-3d-reprap\\\/\"]}]},{\"@type\":\"ImageObject\",\"inLanguage\":\"pl-PL\",\"@id\":\"https:\\\/\\\/racom.com.pl\\\/index.php\\\/produkt\\\/mosfet-anet-a6-a8-a2-prusa-i3-drukarka-3d-reprap\\\/#primaryimage\",\"url\":\"https:\\\/\\\/racom.com.pl\\\/wp-content\\\/uploads\\\/2025\\\/07\\\/allegro_687a851ee68554.46313241_7e1eb3eb4e9eaf8e8f5b7004ba65.jpg\",\"contentUrl\":\"https:\\\/\\\/racom.com.pl\\\/wp-content\\\/uploads\\\/2025\\\/07\\\/allegro_687a851ee68554.46313241_7e1eb3eb4e9eaf8e8f5b7004ba65.jpg\",\"width\":640,\"height\":589},{\"@type\":\"BreadcrumbList\",\"@id\":\"https:\\\/\\\/racom.com.pl\\\/index.php\\\/produkt\\\/mosfet-anet-a6-a8-a2-prusa-i3-drukarka-3d-reprap\\\/#breadcrumb\",\"itemListElement\":[{\"@type\":\"ListItem\",\"position\":1,\"name\":\"Strona g\u0142\u00f3wna\",\"item\":\"https:\\\/\\\/racom.com.pl\\\/\"},{\"@type\":\"ListItem\",\"position\":2,\"name\":\"Sklep\",\"item\":\"https:\\\/\\\/racom.com.pl\\\/\"},{\"@type\":\"ListItem\",\"position\":3,\"name\":\"MOSFET ANET A6 A8 A2 PRUSA I3 DRUKARKA 3D REPRAP\"}]},{\"@type\":\"WebSite\",\"@id\":\"https:\\\/\\\/racom.com.pl\\\/#website\",\"url\":\"https:\\\/\\\/racom.com.pl\\\/\",\"name\":\"Mix Market - Supermarket z wszystkim co potrzeba do domu i nie tylko\",\"description\":\"\",\"publisher\":{\"@id\":\"https:\\\/\\\/racom.com.pl\\\/#organization\"},\"potentialAction\":[{\"@type\":\"SearchAction\",\"target\":{\"@type\":\"EntryPoint\",\"urlTemplate\":\"https:\\\/\\\/racom.com.pl\\\/?s={search_term_string}\"},\"query-input\":{\"@type\":\"PropertyValueSpecification\",\"valueRequired\":true,\"valueName\":\"search_term_string\"}}],\"inLanguage\":\"pl-PL\"},{\"@type\":\"Organization\",\"@id\":\"https:\\\/\\\/racom.com.pl\\\/#organization\",\"name\":\"Mix Market - Supermarket z wszystkim co potrzeba do domu i nie tylko\",\"url\":\"https:\\\/\\\/racom.com.pl\\\/\",\"logo\":{\"@type\":\"ImageObject\",\"inLanguage\":\"pl-PL\",\"@id\":\"https:\\\/\\\/racom.com.pl\\\/#\\\/schema\\\/logo\\\/image\\\/\",\"url\":\"https:\\\/\\\/racom.com.pl\\\/wp-content\\\/uploads\\\/2025\\\/07\\\/mixmarket_logo.png\",\"contentUrl\":\"https:\\\/\\\/racom.com.pl\\\/wp-content\\\/uploads\\\/2025\\\/07\\\/mixmarket_logo.png\",\"width\":1024,\"height\":1024,\"caption\":\"Mix Market - Supermarket z wszystkim co potrzeba do domu i nie tylko\"},\"image\":{\"@id\":\"https:\\\/\\\/racom.com.pl\\\/#\\\/schema\\\/logo\\\/image\\\/\"}}]}<\/script>\n<!-- \/ Yoast SEO plugin. -->","yoast_head_json":{"title":"MOSFET ANET A6 A8 A2 PRUSA I3 DRUKARKA 3D REPRAP - Mix Market - Supermarket z wszystkim co potrzeba","robots":{"index":"index","follow":"follow","max-snippet":"max-snippet:-1","max-image-preview":"max-image-preview:large","max-video-preview":"max-video-preview:-1"},"canonical":"https:\/\/racom.com.pl\/index.php\/produkt\/mosfet-anet-a6-a8-a2-prusa-i3-drukarka-3d-reprap\/","og_locale":"pl_PL","og_type":"article","og_title":"MOSFET ANET A6 A8 A2 PRUSA I3 DRUKARKA 3D REPRAP - Mix Market - Supermarket z wszystkim co potrzeba","og_description":"MOSFET ANET A6 A8 A2 PRUSA I3 DRUKARKA 3D REPRAP Mosfet do drukarek 3D ANET i inne Mosfet pozwala na obci\u0105\u017cenie p\u0142yty g\u0142\u00f3wnej drukarki przy zasilaniu sto\u0142u podgrzewanego (HOTBED). Jest to klon znanego Prusa i3. Mosfet ten wyd\u0142u\u017ca \u017cywotno\u015b\u0107 p\u0142yty g\u0142\u00f3wnej drukarek 3D. Kompatybilny z drukarkami Anet A6 A8 i innymi (zasilanie 12-24V). UWAGA! Dok\u0142adnie [&hellip;]","og_url":"https:\/\/racom.com.pl\/index.php\/produkt\/mosfet-anet-a6-a8-a2-prusa-i3-drukarka-3d-reprap\/","og_site_name":"Mix Market - Supermarket z wszystkim co potrzeba","og_image":[{"width":640,"height":589,"url":"https:\/\/racom.com.pl\/wp-content\/uploads\/2025\/07\/allegro_687a851ee68554.46313241_7e1eb3eb4e9eaf8e8f5b7004ba65.jpg","type":"image\/jpeg"}],"twitter_card":"summary_large_image","schema":{"@context":"https:\/\/schema.org","@graph":[{"@type":"WebPage","@id":"https:\/\/racom.com.pl\/index.php\/produkt\/mosfet-anet-a6-a8-a2-prusa-i3-drukarka-3d-reprap\/","url":"https:\/\/racom.com.pl\/index.php\/produkt\/mosfet-anet-a6-a8-a2-prusa-i3-drukarka-3d-reprap\/","name":"MOSFET ANET A6 A8 A2 PRUSA I3 DRUKARKA 3D REPRAP - Mix Market - Supermarket z wszystkim co potrzeba","isPartOf":{"@id":"https:\/\/racom.com.pl\/#website"},"primaryImageOfPage":{"@id":"https:\/\/racom.com.pl\/index.php\/produkt\/mosfet-anet-a6-a8-a2-prusa-i3-drukarka-3d-reprap\/#primaryimage"},"image":{"@id":"https:\/\/racom.com.pl\/index.php\/produkt\/mosfet-anet-a6-a8-a2-prusa-i3-drukarka-3d-reprap\/#primaryimage"},"thumbnailUrl":"https:\/\/racom.com.pl\/wp-content\/uploads\/2025\/07\/allegro_687a851ee68554.46313241_7e1eb3eb4e9eaf8e8f5b7004ba65.jpg","datePublished":"2025-07-18T17:32:00+00:00","breadcrumb":{"@id":"https:\/\/racom.com.pl\/index.php\/produkt\/mosfet-anet-a6-a8-a2-prusa-i3-drukarka-3d-reprap\/#breadcrumb"},"inLanguage":"pl-PL","potentialAction":[{"@type":"ReadAction","target":["https:\/\/racom.com.pl\/index.php\/produkt\/mosfet-anet-a6-a8-a2-prusa-i3-drukarka-3d-reprap\/"]}]},{"@type":"ImageObject","inLanguage":"pl-PL","@id":"https:\/\/racom.com.pl\/index.php\/produkt\/mosfet-anet-a6-a8-a2-prusa-i3-drukarka-3d-reprap\/#primaryimage","url":"https:\/\/racom.com.pl\/wp-content\/uploads\/2025\/07\/allegro_687a851ee68554.46313241_7e1eb3eb4e9eaf8e8f5b7004ba65.jpg","contentUrl":"https:\/\/racom.com.pl\/wp-content\/uploads\/2025\/07\/allegro_687a851ee68554.46313241_7e1eb3eb4e9eaf8e8f5b7004ba65.jpg","width":640,"height":589},{"@type":"BreadcrumbList","@id":"https:\/\/racom.com.pl\/index.php\/produkt\/mosfet-anet-a6-a8-a2-prusa-i3-drukarka-3d-reprap\/#breadcrumb","itemListElement":[{"@type":"ListItem","position":1,"name":"Strona g\u0142\u00f3wna","item":"https:\/\/racom.com.pl\/"},{"@type":"ListItem","position":2,"name":"Sklep","item":"https:\/\/racom.com.pl\/"},{"@type":"ListItem","position":3,"name":"MOSFET ANET A6 A8 A2 PRUSA I3 DRUKARKA 3D REPRAP"}]},{"@type":"WebSite","@id":"https:\/\/racom.com.pl\/#website","url":"https:\/\/racom.com.pl\/","name":"Mix Market - Supermarket z wszystkim co potrzeba do domu i nie tylko","description":"","publisher":{"@id":"https:\/\/racom.com.pl\/#organization"},"potentialAction":[{"@type":"SearchAction","target":{"@type":"EntryPoint","urlTemplate":"https:\/\/racom.com.pl\/?s={search_term_string}"},"query-input":{"@type":"PropertyValueSpecification","valueRequired":true,"valueName":"search_term_string"}}],"inLanguage":"pl-PL"},{"@type":"Organization","@id":"https:\/\/racom.com.pl\/#organization","name":"Mix Market - Supermarket z wszystkim co potrzeba do domu i nie tylko","url":"https:\/\/racom.com.pl\/","logo":{"@type":"ImageObject","inLanguage":"pl-PL","@id":"https:\/\/racom.com.pl\/#\/schema\/logo\/image\/","url":"https:\/\/racom.com.pl\/wp-content\/uploads\/2025\/07\/mixmarket_logo.png","contentUrl":"https:\/\/racom.com.pl\/wp-content\/uploads\/2025\/07\/mixmarket_logo.png","width":1024,"height":1024,"caption":"Mix Market - Supermarket z wszystkim co potrzeba do domu i nie tylko"},"image":{"@id":"https:\/\/racom.com.pl\/#\/schema\/logo\/image\/"}}]}},"_links":{"self":[{"href":"https:\/\/racom.com.pl\/index.php\/wp-json\/wp\/v2\/product\/1441","targetHints":{"allow":["GET"]}}],"collection":[{"href":"https:\/\/racom.com.pl\/index.php\/wp-json\/wp\/v2\/product"}],"about":[{"href":"https:\/\/racom.com.pl\/index.php\/wp-json\/wp\/v2\/types\/product"}],"replies":[{"embeddable":true,"href":"https:\/\/racom.com.pl\/index.php\/wp-json\/wp\/v2\/comments?post=1441"}],"wp:featuredmedia":[{"embeddable":true,"href":"https:\/\/racom.com.pl\/index.php\/wp-json\/wp\/v2\/media\/1443"}],"wp:attachment":[{"href":"https:\/\/racom.com.pl\/index.php\/wp-json\/wp\/v2\/media?parent=1441"}],"wp:term":[{"taxonomy":"product_brand","embeddable":true,"href":"https:\/\/racom.com.pl\/index.php\/wp-json\/wp\/v2\/product_brand?post=1441"},{"taxonomy":"product_cat","embeddable":true,"href":"https:\/\/racom.com.pl\/index.php\/wp-json\/wp\/v2\/product_cat?post=1441"},{"taxonomy":"product_tag","embeddable":true,"href":"https:\/\/racom.com.pl\/index.php\/wp-json\/wp\/v2\/product_tag?post=1441"}],"curies":[{"name":"wp","href":"https:\/\/api.w.org\/{rel}","templated":true}]}}