{"id":1463,"date":"2025-07-18T19:35:07","date_gmt":"2025-07-18T17:35:07","guid":{"rendered":"http:\/\/192.168.2.106\/index.php\/produkt\/iphone-5s-tasma-flex-przycisk-home-zloty\/"},"modified":"2025-07-18T19:35:07","modified_gmt":"2025-07-18T17:35:07","slug":"iphone-5s-tasma-flex-przycisk-home-zloty","status":"publish","type":"product","link":"https:\/\/racom.com.pl\/index.php\/produkt\/iphone-5s-tasma-flex-przycisk-home-zloty\/","title":{"rendered":"IPHONE 5S TA\u015aMA FLEX PRZYCISK HOME Z\u0141OTY"},"content":{"rendered":"<h2>PRZYCISK HOME FLEX TA\u015aMA IPHONE 5S (Z\u0141OTY)<\/h2>\n<p>Fabrycznie nowa cz\u0119\u015b\u0107 zamienna to telefonu iPhone 5S.<\/p>\n<ul>\n<li><b>Kod produktu:<\/b>&nbsp;A162<\/li>\n<li><b>Kompatybilno\u015b\u0107:<\/b>&nbsp;iPhone 5S<\/li>\n<\/ul>\n","protected":false},"excerpt":{"rendered":"<p>PRZYCISK HOME FLEX TA\u015aMA IPHONE 5S (Z\u0141OTY) Fabrycznie nowa cz\u0119\u015b\u0107 zamienna to telefonu iPhone 5S. Kod produktu:&nbsp;A162 Kompatybilno\u015b\u0107:&nbsp;iPhone 5S<\/p>\n","protected":false},"featured_media":1465,"comment_status":"open","ping_status":"closed","template":"","meta":[],"product_brand":[],"product_cat":[26],"product_tag":[],"class_list":{"0":"post-1463","1":"product","2":"type-product","3":"status-publish","4":"has-post-thumbnail","6":"product_cat-akcesoria-gsm","8":"first","9":"instock","10":"taxable","11":"shipping-taxable","12":"purchasable","13":"product-type-simple"},"yoast_head":"<!-- This site is optimized with the Yoast SEO plugin v27.3 - https:\/\/yoast.com\/product\/yoast-seo-wordpress\/ -->\n<title>IPHONE 5S TA\u015aMA FLEX PRZYCISK HOME Z\u0141OTY - Mix Market - Supermarket z wszystkim co potrzeba<\/title>\n<meta name=\"robots\" content=\"index, follow, max-snippet:-1, max-image-preview:large, max-video-preview:-1\" \/>\n<link rel=\"canonical\" href=\"https:\/\/racom.com.pl\/index.php\/produkt\/iphone-5s-tasma-flex-przycisk-home-zloty\/\" \/>\n<meta property=\"og:locale\" content=\"pl_PL\" \/>\n<meta property=\"og:type\" content=\"article\" \/>\n<meta property=\"og:title\" content=\"IPHONE 5S TA\u015aMA FLEX PRZYCISK HOME Z\u0141OTY - Mix Market - Supermarket z wszystkim co potrzeba\" \/>\n<meta property=\"og:description\" content=\"PRZYCISK HOME FLEX TA\u015aMA IPHONE 5S (Z\u0141OTY) Fabrycznie nowa cz\u0119\u015b\u0107 zamienna to telefonu iPhone 5S. Kod produktu:&nbsp;A162 Kompatybilno\u015b\u0107:&nbsp;iPhone 5S\" \/>\n<meta property=\"og:url\" content=\"https:\/\/racom.com.pl\/index.php\/produkt\/iphone-5s-tasma-flex-przycisk-home-zloty\/\" \/>\n<meta property=\"og:site_name\" content=\"Mix Market - Supermarket z wszystkim co potrzeba\" \/>\n<meta property=\"og:image\" content=\"https:\/\/racom.com.pl\/wp-content\/uploads\/2025\/07\/allegro_687a85e7086ee7.82812116_73c0fa1b40a8b482354be70c9728.jpg\" \/>\n\t<meta property=\"og:image:width\" content=\"874\" \/>\n\t<meta property=\"og:image:height\" content=\"755\" \/>\n\t<meta property=\"og:image:type\" content=\"image\/jpeg\" \/>\n<meta name=\"twitter:card\" content=\"summary_large_image\" \/>\n<script type=\"application\/ld+json\" class=\"yoast-schema-graph\">{\"@context\":\"https:\\\/\\\/schema.org\",\"@graph\":[{\"@type\":\"WebPage\",\"@id\":\"https:\\\/\\\/racom.com.pl\\\/index.php\\\/produkt\\\/iphone-5s-tasma-flex-przycisk-home-zloty\\\/\",\"url\":\"https:\\\/\\\/racom.com.pl\\\/index.php\\\/produkt\\\/iphone-5s-tasma-flex-przycisk-home-zloty\\\/\",\"name\":\"IPHONE 5S TA\u015aMA FLEX PRZYCISK HOME Z\u0141OTY - Mix Market - Supermarket z wszystkim co potrzeba\",\"isPartOf\":{\"@id\":\"https:\\\/\\\/racom.com.pl\\\/#website\"},\"primaryImageOfPage\":{\"@id\":\"https:\\\/\\\/racom.com.pl\\\/index.php\\\/produkt\\\/iphone-5s-tasma-flex-przycisk-home-zloty\\\/#primaryimage\"},\"image\":{\"@id\":\"https:\\\/\\\/racom.com.pl\\\/index.php\\\/produkt\\\/iphone-5s-tasma-flex-przycisk-home-zloty\\\/#primaryimage\"},\"thumbnailUrl\":\"https:\\\/\\\/racom.com.pl\\\/wp-content\\\/uploads\\\/2025\\\/07\\\/allegro_687a85e7086ee7.82812116_73c0fa1b40a8b482354be70c9728.jpg\",\"datePublished\":\"2025-07-18T17:35:07+00:00\",\"breadcrumb\":{\"@id\":\"https:\\\/\\\/racom.com.pl\\\/index.php\\\/produkt\\\/iphone-5s-tasma-flex-przycisk-home-zloty\\\/#breadcrumb\"},\"inLanguage\":\"pl-PL\",\"potentialAction\":[{\"@type\":\"ReadAction\",\"target\":[\"https:\\\/\\\/racom.com.pl\\\/index.php\\\/produkt\\\/iphone-5s-tasma-flex-przycisk-home-zloty\\\/\"]}]},{\"@type\":\"ImageObject\",\"inLanguage\":\"pl-PL\",\"@id\":\"https:\\\/\\\/racom.com.pl\\\/index.php\\\/produkt\\\/iphone-5s-tasma-flex-przycisk-home-zloty\\\/#primaryimage\",\"url\":\"https:\\\/\\\/racom.com.pl\\\/wp-content\\\/uploads\\\/2025\\\/07\\\/allegro_687a85e7086ee7.82812116_73c0fa1b40a8b482354be70c9728.jpg\",\"contentUrl\":\"https:\\\/\\\/racom.com.pl\\\/wp-content\\\/uploads\\\/2025\\\/07\\\/allegro_687a85e7086ee7.82812116_73c0fa1b40a8b482354be70c9728.jpg\",\"width\":874,\"height\":755},{\"@type\":\"BreadcrumbList\",\"@id\":\"https:\\\/\\\/racom.com.pl\\\/index.php\\\/produkt\\\/iphone-5s-tasma-flex-przycisk-home-zloty\\\/#breadcrumb\",\"itemListElement\":[{\"@type\":\"ListItem\",\"position\":1,\"name\":\"Strona g\u0142\u00f3wna\",\"item\":\"https:\\\/\\\/racom.com.pl\\\/\"},{\"@type\":\"ListItem\",\"position\":2,\"name\":\"Sklep\",\"item\":\"https:\\\/\\\/racom.com.pl\\\/\"},{\"@type\":\"ListItem\",\"position\":3,\"name\":\"IPHONE 5S TA\u015aMA FLEX PRZYCISK HOME Z\u0141OTY\"}]},{\"@type\":\"WebSite\",\"@id\":\"https:\\\/\\\/racom.com.pl\\\/#website\",\"url\":\"https:\\\/\\\/racom.com.pl\\\/\",\"name\":\"Mix Market - Supermarket z wszystkim co potrzeba do domu i nie tylko\",\"description\":\"\",\"publisher\":{\"@id\":\"https:\\\/\\\/racom.com.pl\\\/#organization\"},\"potentialAction\":[{\"@type\":\"SearchAction\",\"target\":{\"@type\":\"EntryPoint\",\"urlTemplate\":\"https:\\\/\\\/racom.com.pl\\\/?s={search_term_string}\"},\"query-input\":{\"@type\":\"PropertyValueSpecification\",\"valueRequired\":true,\"valueName\":\"search_term_string\"}}],\"inLanguage\":\"pl-PL\"},{\"@type\":\"Organization\",\"@id\":\"https:\\\/\\\/racom.com.pl\\\/#organization\",\"name\":\"Mix Market - Supermarket z wszystkim co potrzeba do domu i nie tylko\",\"url\":\"https:\\\/\\\/racom.com.pl\\\/\",\"logo\":{\"@type\":\"ImageObject\",\"inLanguage\":\"pl-PL\",\"@id\":\"https:\\\/\\\/racom.com.pl\\\/#\\\/schema\\\/logo\\\/image\\\/\",\"url\":\"https:\\\/\\\/racom.com.pl\\\/wp-content\\\/uploads\\\/2025\\\/07\\\/mixmarket_logo.png\",\"contentUrl\":\"https:\\\/\\\/racom.com.pl\\\/wp-content\\\/uploads\\\/2025\\\/07\\\/mixmarket_logo.png\",\"width\":1024,\"height\":1024,\"caption\":\"Mix Market - Supermarket z wszystkim co potrzeba do domu i nie tylko\"},\"image\":{\"@id\":\"https:\\\/\\\/racom.com.pl\\\/#\\\/schema\\\/logo\\\/image\\\/\"}}]}<\/script>\n<!-- \/ Yoast SEO plugin. -->","yoast_head_json":{"title":"IPHONE 5S TA\u015aMA FLEX PRZYCISK HOME Z\u0141OTY - Mix Market - Supermarket z wszystkim co potrzeba","robots":{"index":"index","follow":"follow","max-snippet":"max-snippet:-1","max-image-preview":"max-image-preview:large","max-video-preview":"max-video-preview:-1"},"canonical":"https:\/\/racom.com.pl\/index.php\/produkt\/iphone-5s-tasma-flex-przycisk-home-zloty\/","og_locale":"pl_PL","og_type":"article","og_title":"IPHONE 5S TA\u015aMA FLEX PRZYCISK HOME Z\u0141OTY - Mix Market - Supermarket z wszystkim co potrzeba","og_description":"PRZYCISK HOME FLEX TA\u015aMA IPHONE 5S (Z\u0141OTY) Fabrycznie nowa cz\u0119\u015b\u0107 zamienna to telefonu iPhone 5S. Kod produktu:&nbsp;A162 Kompatybilno\u015b\u0107:&nbsp;iPhone 5S","og_url":"https:\/\/racom.com.pl\/index.php\/produkt\/iphone-5s-tasma-flex-przycisk-home-zloty\/","og_site_name":"Mix Market - Supermarket z wszystkim co potrzeba","og_image":[{"width":874,"height":755,"url":"https:\/\/racom.com.pl\/wp-content\/uploads\/2025\/07\/allegro_687a85e7086ee7.82812116_73c0fa1b40a8b482354be70c9728.jpg","type":"image\/jpeg"}],"twitter_card":"summary_large_image","schema":{"@context":"https:\/\/schema.org","@graph":[{"@type":"WebPage","@id":"https:\/\/racom.com.pl\/index.php\/produkt\/iphone-5s-tasma-flex-przycisk-home-zloty\/","url":"https:\/\/racom.com.pl\/index.php\/produkt\/iphone-5s-tasma-flex-przycisk-home-zloty\/","name":"IPHONE 5S TA\u015aMA FLEX PRZYCISK HOME Z\u0141OTY - Mix Market - Supermarket z wszystkim co potrzeba","isPartOf":{"@id":"https:\/\/racom.com.pl\/#website"},"primaryImageOfPage":{"@id":"https:\/\/racom.com.pl\/index.php\/produkt\/iphone-5s-tasma-flex-przycisk-home-zloty\/#primaryimage"},"image":{"@id":"https:\/\/racom.com.pl\/index.php\/produkt\/iphone-5s-tasma-flex-przycisk-home-zloty\/#primaryimage"},"thumbnailUrl":"https:\/\/racom.com.pl\/wp-content\/uploads\/2025\/07\/allegro_687a85e7086ee7.82812116_73c0fa1b40a8b482354be70c9728.jpg","datePublished":"2025-07-18T17:35:07+00:00","breadcrumb":{"@id":"https:\/\/racom.com.pl\/index.php\/produkt\/iphone-5s-tasma-flex-przycisk-home-zloty\/#breadcrumb"},"inLanguage":"pl-PL","potentialAction":[{"@type":"ReadAction","target":["https:\/\/racom.com.pl\/index.php\/produkt\/iphone-5s-tasma-flex-przycisk-home-zloty\/"]}]},{"@type":"ImageObject","inLanguage":"pl-PL","@id":"https:\/\/racom.com.pl\/index.php\/produkt\/iphone-5s-tasma-flex-przycisk-home-zloty\/#primaryimage","url":"https:\/\/racom.com.pl\/wp-content\/uploads\/2025\/07\/allegro_687a85e7086ee7.82812116_73c0fa1b40a8b482354be70c9728.jpg","contentUrl":"https:\/\/racom.com.pl\/wp-content\/uploads\/2025\/07\/allegro_687a85e7086ee7.82812116_73c0fa1b40a8b482354be70c9728.jpg","width":874,"height":755},{"@type":"BreadcrumbList","@id":"https:\/\/racom.com.pl\/index.php\/produkt\/iphone-5s-tasma-flex-przycisk-home-zloty\/#breadcrumb","itemListElement":[{"@type":"ListItem","position":1,"name":"Strona g\u0142\u00f3wna","item":"https:\/\/racom.com.pl\/"},{"@type":"ListItem","position":2,"name":"Sklep","item":"https:\/\/racom.com.pl\/"},{"@type":"ListItem","position":3,"name":"IPHONE 5S TA\u015aMA FLEX PRZYCISK HOME Z\u0141OTY"}]},{"@type":"WebSite","@id":"https:\/\/racom.com.pl\/#website","url":"https:\/\/racom.com.pl\/","name":"Mix Market - Supermarket z wszystkim co potrzeba do domu i nie tylko","description":"","publisher":{"@id":"https:\/\/racom.com.pl\/#organization"},"potentialAction":[{"@type":"SearchAction","target":{"@type":"EntryPoint","urlTemplate":"https:\/\/racom.com.pl\/?s={search_term_string}"},"query-input":{"@type":"PropertyValueSpecification","valueRequired":true,"valueName":"search_term_string"}}],"inLanguage":"pl-PL"},{"@type":"Organization","@id":"https:\/\/racom.com.pl\/#organization","name":"Mix Market - Supermarket z wszystkim co potrzeba do domu i nie tylko","url":"https:\/\/racom.com.pl\/","logo":{"@type":"ImageObject","inLanguage":"pl-PL","@id":"https:\/\/racom.com.pl\/#\/schema\/logo\/image\/","url":"https:\/\/racom.com.pl\/wp-content\/uploads\/2025\/07\/mixmarket_logo.png","contentUrl":"https:\/\/racom.com.pl\/wp-content\/uploads\/2025\/07\/mixmarket_logo.png","width":1024,"height":1024,"caption":"Mix Market - Supermarket z wszystkim co potrzeba do domu i nie tylko"},"image":{"@id":"https:\/\/racom.com.pl\/#\/schema\/logo\/image\/"}}]}},"_links":{"self":[{"href":"https:\/\/racom.com.pl\/index.php\/wp-json\/wp\/v2\/product\/1463","targetHints":{"allow":["GET"]}}],"collection":[{"href":"https:\/\/racom.com.pl\/index.php\/wp-json\/wp\/v2\/product"}],"about":[{"href":"https:\/\/racom.com.pl\/index.php\/wp-json\/wp\/v2\/types\/product"}],"replies":[{"embeddable":true,"href":"https:\/\/racom.com.pl\/index.php\/wp-json\/wp\/v2\/comments?post=1463"}],"wp:featuredmedia":[{"embeddable":true,"href":"https:\/\/racom.com.pl\/index.php\/wp-json\/wp\/v2\/media\/1465"}],"wp:attachment":[{"href":"https:\/\/racom.com.pl\/index.php\/wp-json\/wp\/v2\/media?parent=1463"}],"wp:term":[{"taxonomy":"product_brand","embeddable":true,"href":"https:\/\/racom.com.pl\/index.php\/wp-json\/wp\/v2\/product_brand?post=1463"},{"taxonomy":"product_cat","embeddable":true,"href":"https:\/\/racom.com.pl\/index.php\/wp-json\/wp\/v2\/product_cat?post=1463"},{"taxonomy":"product_tag","embeddable":true,"href":"https:\/\/racom.com.pl\/index.php\/wp-json\/wp\/v2\/product_tag?post=1463"}],"curies":[{"name":"wp","href":"https:\/\/api.w.org\/{rel}","templated":true}]}}