{"id":1478,"date":"2025-07-18T19:37:31","date_gmt":"2025-07-18T17:37:31","guid":{"rendered":"http:\/\/192.168.2.106\/index.php\/produkt\/toner-do-brother-tn2510-xl-3000str-dcp-l2660dw-hl-l2445dw-hl-l2447dw\/"},"modified":"2025-07-18T19:37:31","modified_gmt":"2025-07-18T17:37:31","slug":"toner-do-brother-tn2510-xl-3000str-dcp-l2660dw-hl-l2445dw-hl-l2447dw","status":"publish","type":"product","link":"https:\/\/racom.com.pl\/index.php\/produkt\/toner-do-brother-tn2510-xl-3000str-dcp-l2660dw-hl-l2445dw-hl-l2447dw\/","title":{"rendered":"Toner do Brother TN2510 XL 3000str. DCP-L2660DW HL-L2445DW HL-L2447DW"},"content":{"rendered":"<h2>Toner do drukarek i urz\u0105dze\u0144 wielofunkcyjnych Brother w wersji XL z chipem<\/h2>\n<p>Posiada <b>chip<\/b>: TAK<\/p>\n<p>Typ: <b>TN2510XL<\/b><\/p>\n<p>Oznaczenie orygina\u0142u OEM: <b>TN2510<\/b><\/p>\n<p>Wydajno\u015b\u0107: do <b>3000 stron<\/b> przy 5% pokryciu strony, zgodnie z norm\u0105 ISO 19752<\/p>\n<p><b>Kompatybilne urz\u0105dzenia Brother:<\/b><\/p>\n<ul>\n<li>DCP-L2627DW(XL)<\/li>\n<li>DCP-L2627DWE<\/li>\n<li>DCP-L2627DWXL<\/li>\n<li>DCP-L2660DW<\/li>\n<li>DCP-L2665DW<\/li>\n<li>DCP-L2620DW<\/li>\n<li>DCP-L2640DW<\/li>\n<li>HL-L2400DW<\/li>\n<li>HL-L2400DWE<\/li>\n<li>HL-2480<\/li>\n<li>HL-L2445DW<\/li>\n<li>HL-L2447DW<\/li>\n<li>MFC-L2800DW<\/li>\n<li>MFC-L2807DW<\/li>\n<li>MFC-L2820DW<\/li>\n<li>MFC-L2820DWXL<\/li>\n<li>MFC-L2827DW<\/li>\n<li>i inne z fabrycznym tonerem TN2510<\/li>\n<\/ul>\n","protected":false},"excerpt":{"rendered":"<p>Toner do drukarek i urz\u0105dze\u0144 wielofunkcyjnych Brother w wersji XL z chipem Posiada chip: TAK Typ: TN2510XL Oznaczenie orygina\u0142u OEM: TN2510 Wydajno\u015b\u0107: do 3000 stron przy 5% pokryciu strony, zgodnie z norm\u0105 ISO 19752 Kompatybilne urz\u0105dzenia Brother: DCP-L2627DW(XL) DCP-L2627DWE DCP-L2627DWXL DCP-L2660DW DCP-L2665DW DCP-L2620DW DCP-L2640DW HL-L2400DW HL-L2400DWE HL-2480 HL-L2445DW HL-L2447DW MFC-L2800DW MFC-L2807DW MFC-L2820DW MFC-L2820DWXL MFC-L2827DW i [&hellip;]<\/p>\n","protected":false},"featured_media":1480,"comment_status":"open","ping_status":"closed","template":"","meta":[],"product_brand":[],"product_cat":[35],"product_tag":[],"class_list":{"0":"post-1478","1":"product","2":"type-product","3":"status-publish","4":"has-post-thumbnail","6":"product_cat-drukarki-i-skanery","8":"first","9":"instock","10":"taxable","11":"shipping-taxable","12":"purchasable","13":"product-type-simple"},"yoast_head":"<!-- This site is optimized with the Yoast SEO plugin v27.3 - https:\/\/yoast.com\/product\/yoast-seo-wordpress\/ -->\n<title>Toner do Brother TN2510 XL 3000str. DCP-L2660DW HL-L2445DW HL-L2447DW - Mix Market - Supermarket z wszystkim co potrzeba<\/title>\n<meta name=\"robots\" content=\"index, follow, max-snippet:-1, max-image-preview:large, max-video-preview:-1\" \/>\n<link rel=\"canonical\" href=\"https:\/\/racom.com.pl\/index.php\/produkt\/toner-do-brother-tn2510-xl-3000str-dcp-l2660dw-hl-l2445dw-hl-l2447dw\/\" \/>\n<meta property=\"og:locale\" content=\"pl_PL\" \/>\n<meta property=\"og:type\" content=\"article\" \/>\n<meta property=\"og:title\" content=\"Toner do Brother TN2510 XL 3000str. DCP-L2660DW HL-L2445DW HL-L2447DW - Mix Market - Supermarket z wszystkim co potrzeba\" \/>\n<meta property=\"og:description\" content=\"Toner do drukarek i urz\u0105dze\u0144 wielofunkcyjnych Brother w wersji XL z chipem Posiada chip: TAK Typ: TN2510XL Oznaczenie orygina\u0142u OEM: TN2510 Wydajno\u015b\u0107: do 3000 stron przy 5% pokryciu strony, zgodnie z norm\u0105 ISO 19752 Kompatybilne urz\u0105dzenia Brother: DCP-L2627DW(XL) DCP-L2627DWE DCP-L2627DWXL DCP-L2660DW DCP-L2665DW DCP-L2620DW DCP-L2640DW HL-L2400DW HL-L2400DWE HL-2480 HL-L2445DW HL-L2447DW MFC-L2800DW MFC-L2807DW MFC-L2820DW MFC-L2820DWXL MFC-L2827DW i [&hellip;]\" \/>\n<meta property=\"og:url\" content=\"https:\/\/racom.com.pl\/index.php\/produkt\/toner-do-brother-tn2510-xl-3000str-dcp-l2660dw-hl-l2445dw-hl-l2447dw\/\" \/>\n<meta property=\"og:site_name\" content=\"Mix Market - Supermarket z wszystkim co potrzeba\" \/>\n<meta property=\"og:image\" content=\"https:\/\/racom.com.pl\/wp-content\/uploads\/2025\/07\/allegro_687a8677379c52.09047241_f78ade0244158b106efa9183b6dd.jpg\" \/>\n\t<meta property=\"og:image:width\" content=\"607\" \/>\n\t<meta property=\"og:image:height\" content=\"587\" \/>\n\t<meta property=\"og:image:type\" content=\"image\/jpeg\" \/>\n<meta name=\"twitter:card\" content=\"summary_large_image\" \/>\n<script type=\"application\/ld+json\" class=\"yoast-schema-graph\">{\"@context\":\"https:\\\/\\\/schema.org\",\"@graph\":[{\"@type\":\"WebPage\",\"@id\":\"https:\\\/\\\/racom.com.pl\\\/index.php\\\/produkt\\\/toner-do-brother-tn2510-xl-3000str-dcp-l2660dw-hl-l2445dw-hl-l2447dw\\\/\",\"url\":\"https:\\\/\\\/racom.com.pl\\\/index.php\\\/produkt\\\/toner-do-brother-tn2510-xl-3000str-dcp-l2660dw-hl-l2445dw-hl-l2447dw\\\/\",\"name\":\"Toner do Brother TN2510 XL 3000str. DCP-L2660DW HL-L2445DW HL-L2447DW - Mix Market - Supermarket z wszystkim co potrzeba\",\"isPartOf\":{\"@id\":\"https:\\\/\\\/racom.com.pl\\\/#website\"},\"primaryImageOfPage\":{\"@id\":\"https:\\\/\\\/racom.com.pl\\\/index.php\\\/produkt\\\/toner-do-brother-tn2510-xl-3000str-dcp-l2660dw-hl-l2445dw-hl-l2447dw\\\/#primaryimage\"},\"image\":{\"@id\":\"https:\\\/\\\/racom.com.pl\\\/index.php\\\/produkt\\\/toner-do-brother-tn2510-xl-3000str-dcp-l2660dw-hl-l2445dw-hl-l2447dw\\\/#primaryimage\"},\"thumbnailUrl\":\"https:\\\/\\\/racom.com.pl\\\/wp-content\\\/uploads\\\/2025\\\/07\\\/allegro_687a8677379c52.09047241_f78ade0244158b106efa9183b6dd.jpg\",\"datePublished\":\"2025-07-18T17:37:31+00:00\",\"breadcrumb\":{\"@id\":\"https:\\\/\\\/racom.com.pl\\\/index.php\\\/produkt\\\/toner-do-brother-tn2510-xl-3000str-dcp-l2660dw-hl-l2445dw-hl-l2447dw\\\/#breadcrumb\"},\"inLanguage\":\"pl-PL\",\"potentialAction\":[{\"@type\":\"ReadAction\",\"target\":[\"https:\\\/\\\/racom.com.pl\\\/index.php\\\/produkt\\\/toner-do-brother-tn2510-xl-3000str-dcp-l2660dw-hl-l2445dw-hl-l2447dw\\\/\"]}]},{\"@type\":\"ImageObject\",\"inLanguage\":\"pl-PL\",\"@id\":\"https:\\\/\\\/racom.com.pl\\\/index.php\\\/produkt\\\/toner-do-brother-tn2510-xl-3000str-dcp-l2660dw-hl-l2445dw-hl-l2447dw\\\/#primaryimage\",\"url\":\"https:\\\/\\\/racom.com.pl\\\/wp-content\\\/uploads\\\/2025\\\/07\\\/allegro_687a8677379c52.09047241_f78ade0244158b106efa9183b6dd.jpg\",\"contentUrl\":\"https:\\\/\\\/racom.com.pl\\\/wp-content\\\/uploads\\\/2025\\\/07\\\/allegro_687a8677379c52.09047241_f78ade0244158b106efa9183b6dd.jpg\",\"width\":607,\"height\":587},{\"@type\":\"BreadcrumbList\",\"@id\":\"https:\\\/\\\/racom.com.pl\\\/index.php\\\/produkt\\\/toner-do-brother-tn2510-xl-3000str-dcp-l2660dw-hl-l2445dw-hl-l2447dw\\\/#breadcrumb\",\"itemListElement\":[{\"@type\":\"ListItem\",\"position\":1,\"name\":\"Strona g\u0142\u00f3wna\",\"item\":\"https:\\\/\\\/racom.com.pl\\\/\"},{\"@type\":\"ListItem\",\"position\":2,\"name\":\"Sklep\",\"item\":\"https:\\\/\\\/racom.com.pl\\\/\"},{\"@type\":\"ListItem\",\"position\":3,\"name\":\"Toner do Brother TN2510 XL 3000str. DCP-L2660DW HL-L2445DW HL-L2447DW\"}]},{\"@type\":\"WebSite\",\"@id\":\"https:\\\/\\\/racom.com.pl\\\/#website\",\"url\":\"https:\\\/\\\/racom.com.pl\\\/\",\"name\":\"Mix Market - Supermarket z wszystkim co potrzeba do domu i nie tylko\",\"description\":\"\",\"publisher\":{\"@id\":\"https:\\\/\\\/racom.com.pl\\\/#organization\"},\"potentialAction\":[{\"@type\":\"SearchAction\",\"target\":{\"@type\":\"EntryPoint\",\"urlTemplate\":\"https:\\\/\\\/racom.com.pl\\\/?s={search_term_string}\"},\"query-input\":{\"@type\":\"PropertyValueSpecification\",\"valueRequired\":true,\"valueName\":\"search_term_string\"}}],\"inLanguage\":\"pl-PL\"},{\"@type\":\"Organization\",\"@id\":\"https:\\\/\\\/racom.com.pl\\\/#organization\",\"name\":\"Mix Market - Supermarket z wszystkim co potrzeba do domu i nie tylko\",\"url\":\"https:\\\/\\\/racom.com.pl\\\/\",\"logo\":{\"@type\":\"ImageObject\",\"inLanguage\":\"pl-PL\",\"@id\":\"https:\\\/\\\/racom.com.pl\\\/#\\\/schema\\\/logo\\\/image\\\/\",\"url\":\"https:\\\/\\\/racom.com.pl\\\/wp-content\\\/uploads\\\/2025\\\/07\\\/mixmarket_logo.png\",\"contentUrl\":\"https:\\\/\\\/racom.com.pl\\\/wp-content\\\/uploads\\\/2025\\\/07\\\/mixmarket_logo.png\",\"width\":1024,\"height\":1024,\"caption\":\"Mix Market - Supermarket z wszystkim co potrzeba do domu i nie tylko\"},\"image\":{\"@id\":\"https:\\\/\\\/racom.com.pl\\\/#\\\/schema\\\/logo\\\/image\\\/\"}}]}<\/script>\n<!-- \/ Yoast SEO plugin. -->","yoast_head_json":{"title":"Toner do Brother TN2510 XL 3000str. DCP-L2660DW HL-L2445DW HL-L2447DW - Mix Market - Supermarket z wszystkim co potrzeba","robots":{"index":"index","follow":"follow","max-snippet":"max-snippet:-1","max-image-preview":"max-image-preview:large","max-video-preview":"max-video-preview:-1"},"canonical":"https:\/\/racom.com.pl\/index.php\/produkt\/toner-do-brother-tn2510-xl-3000str-dcp-l2660dw-hl-l2445dw-hl-l2447dw\/","og_locale":"pl_PL","og_type":"article","og_title":"Toner do Brother TN2510 XL 3000str. DCP-L2660DW HL-L2445DW HL-L2447DW - Mix Market - Supermarket z wszystkim co potrzeba","og_description":"Toner do drukarek i urz\u0105dze\u0144 wielofunkcyjnych Brother w wersji XL z chipem Posiada chip: TAK Typ: TN2510XL Oznaczenie orygina\u0142u OEM: TN2510 Wydajno\u015b\u0107: do 3000 stron przy 5% pokryciu strony, zgodnie z norm\u0105 ISO 19752 Kompatybilne urz\u0105dzenia Brother: DCP-L2627DW(XL) DCP-L2627DWE DCP-L2627DWXL DCP-L2660DW DCP-L2665DW DCP-L2620DW DCP-L2640DW HL-L2400DW HL-L2400DWE HL-2480 HL-L2445DW HL-L2447DW MFC-L2800DW MFC-L2807DW MFC-L2820DW MFC-L2820DWXL MFC-L2827DW i [&hellip;]","og_url":"https:\/\/racom.com.pl\/index.php\/produkt\/toner-do-brother-tn2510-xl-3000str-dcp-l2660dw-hl-l2445dw-hl-l2447dw\/","og_site_name":"Mix Market - Supermarket z wszystkim co potrzeba","og_image":[{"width":607,"height":587,"url":"https:\/\/racom.com.pl\/wp-content\/uploads\/2025\/07\/allegro_687a8677379c52.09047241_f78ade0244158b106efa9183b6dd.jpg","type":"image\/jpeg"}],"twitter_card":"summary_large_image","schema":{"@context":"https:\/\/schema.org","@graph":[{"@type":"WebPage","@id":"https:\/\/racom.com.pl\/index.php\/produkt\/toner-do-brother-tn2510-xl-3000str-dcp-l2660dw-hl-l2445dw-hl-l2447dw\/","url":"https:\/\/racom.com.pl\/index.php\/produkt\/toner-do-brother-tn2510-xl-3000str-dcp-l2660dw-hl-l2445dw-hl-l2447dw\/","name":"Toner do Brother TN2510 XL 3000str. DCP-L2660DW HL-L2445DW HL-L2447DW - Mix Market - Supermarket z wszystkim co potrzeba","isPartOf":{"@id":"https:\/\/racom.com.pl\/#website"},"primaryImageOfPage":{"@id":"https:\/\/racom.com.pl\/index.php\/produkt\/toner-do-brother-tn2510-xl-3000str-dcp-l2660dw-hl-l2445dw-hl-l2447dw\/#primaryimage"},"image":{"@id":"https:\/\/racom.com.pl\/index.php\/produkt\/toner-do-brother-tn2510-xl-3000str-dcp-l2660dw-hl-l2445dw-hl-l2447dw\/#primaryimage"},"thumbnailUrl":"https:\/\/racom.com.pl\/wp-content\/uploads\/2025\/07\/allegro_687a8677379c52.09047241_f78ade0244158b106efa9183b6dd.jpg","datePublished":"2025-07-18T17:37:31+00:00","breadcrumb":{"@id":"https:\/\/racom.com.pl\/index.php\/produkt\/toner-do-brother-tn2510-xl-3000str-dcp-l2660dw-hl-l2445dw-hl-l2447dw\/#breadcrumb"},"inLanguage":"pl-PL","potentialAction":[{"@type":"ReadAction","target":["https:\/\/racom.com.pl\/index.php\/produkt\/toner-do-brother-tn2510-xl-3000str-dcp-l2660dw-hl-l2445dw-hl-l2447dw\/"]}]},{"@type":"ImageObject","inLanguage":"pl-PL","@id":"https:\/\/racom.com.pl\/index.php\/produkt\/toner-do-brother-tn2510-xl-3000str-dcp-l2660dw-hl-l2445dw-hl-l2447dw\/#primaryimage","url":"https:\/\/racom.com.pl\/wp-content\/uploads\/2025\/07\/allegro_687a8677379c52.09047241_f78ade0244158b106efa9183b6dd.jpg","contentUrl":"https:\/\/racom.com.pl\/wp-content\/uploads\/2025\/07\/allegro_687a8677379c52.09047241_f78ade0244158b106efa9183b6dd.jpg","width":607,"height":587},{"@type":"BreadcrumbList","@id":"https:\/\/racom.com.pl\/index.php\/produkt\/toner-do-brother-tn2510-xl-3000str-dcp-l2660dw-hl-l2445dw-hl-l2447dw\/#breadcrumb","itemListElement":[{"@type":"ListItem","position":1,"name":"Strona g\u0142\u00f3wna","item":"https:\/\/racom.com.pl\/"},{"@type":"ListItem","position":2,"name":"Sklep","item":"https:\/\/racom.com.pl\/"},{"@type":"ListItem","position":3,"name":"Toner do Brother TN2510 XL 3000str. DCP-L2660DW HL-L2445DW HL-L2447DW"}]},{"@type":"WebSite","@id":"https:\/\/racom.com.pl\/#website","url":"https:\/\/racom.com.pl\/","name":"Mix Market - Supermarket z wszystkim co potrzeba do domu i nie tylko","description":"","publisher":{"@id":"https:\/\/racom.com.pl\/#organization"},"potentialAction":[{"@type":"SearchAction","target":{"@type":"EntryPoint","urlTemplate":"https:\/\/racom.com.pl\/?s={search_term_string}"},"query-input":{"@type":"PropertyValueSpecification","valueRequired":true,"valueName":"search_term_string"}}],"inLanguage":"pl-PL"},{"@type":"Organization","@id":"https:\/\/racom.com.pl\/#organization","name":"Mix Market - Supermarket z wszystkim co potrzeba do domu i nie tylko","url":"https:\/\/racom.com.pl\/","logo":{"@type":"ImageObject","inLanguage":"pl-PL","@id":"https:\/\/racom.com.pl\/#\/schema\/logo\/image\/","url":"https:\/\/racom.com.pl\/wp-content\/uploads\/2025\/07\/mixmarket_logo.png","contentUrl":"https:\/\/racom.com.pl\/wp-content\/uploads\/2025\/07\/mixmarket_logo.png","width":1024,"height":1024,"caption":"Mix Market - Supermarket z wszystkim co potrzeba do domu i nie tylko"},"image":{"@id":"https:\/\/racom.com.pl\/#\/schema\/logo\/image\/"}}]}},"_links":{"self":[{"href":"https:\/\/racom.com.pl\/index.php\/wp-json\/wp\/v2\/product\/1478","targetHints":{"allow":["GET"]}}],"collection":[{"href":"https:\/\/racom.com.pl\/index.php\/wp-json\/wp\/v2\/product"}],"about":[{"href":"https:\/\/racom.com.pl\/index.php\/wp-json\/wp\/v2\/types\/product"}],"replies":[{"embeddable":true,"href":"https:\/\/racom.com.pl\/index.php\/wp-json\/wp\/v2\/comments?post=1478"}],"wp:featuredmedia":[{"embeddable":true,"href":"https:\/\/racom.com.pl\/index.php\/wp-json\/wp\/v2\/media\/1480"}],"wp:attachment":[{"href":"https:\/\/racom.com.pl\/index.php\/wp-json\/wp\/v2\/media?parent=1478"}],"wp:term":[{"taxonomy":"product_brand","embeddable":true,"href":"https:\/\/racom.com.pl\/index.php\/wp-json\/wp\/v2\/product_brand?post=1478"},{"taxonomy":"product_cat","embeddable":true,"href":"https:\/\/racom.com.pl\/index.php\/wp-json\/wp\/v2\/product_cat?post=1478"},{"taxonomy":"product_tag","embeddable":true,"href":"https:\/\/racom.com.pl\/index.php\/wp-json\/wp\/v2\/product_tag?post=1478"}],"curies":[{"name":"wp","href":"https:\/\/api.w.org\/{rel}","templated":true}]}}