{"id":1488,"date":"2025-07-18T19:39:11","date_gmt":"2025-07-18T17:39:11","guid":{"rendered":"http:\/\/192.168.2.106\/index.php\/produkt\/toner-do-hp-44a-cf244a\/"},"modified":"2025-07-18T19:39:11","modified_gmt":"2025-07-18T17:39:11","slug":"toner-do-hp-44a-cf244a","status":"publish","type":"product","link":"https:\/\/racom.com.pl\/index.php\/produkt\/toner-do-hp-44a-cf244a\/","title":{"rendered":"Toner do HP 44A CF244A"},"content":{"rendered":"<h2>Nowy (nieregenerowany), wysokiej jako\u015bci&nbsp;toner&nbsp;zamiennik kompatybilny z drukarkami HP:<\/h2>\n<ul>\n<li>HP Laserjet pro M15<\/li>\n<li>HP Laserjet pro M15A<\/li>\n<li>HP Laserjet pro M15W<\/li>\n<li>HP Laserjet pro MFP M28<\/li>\n<li>HP Laserjet pro MFP M28a<\/li>\n<li>HP Laserjet pro MFP M28w<\/li>\n<\/ul>\n<p>Kolor: <b>czarny\/black<\/b><\/p>\n<p>Toner posiada chip<b>: TAK<\/b><\/p>\n<p>Wydajno\u015b\u0107:&nbsp;<b>1.000&nbsp;stron przy 5% pokryciu<\/b><\/p>\n<p>Kod orygina\u0142u: <b>CF244A, 44A<\/b><\/p>\n<p>Tonery s\u0105 w&nbsp;100% nowe (nieregenerowane), oferuj\u0105 wydruk wysokiej jako\u015bci.&nbsp;Zapakowane s\u0105 w bardzo estetyczne kolorowe pude\u0142ka producenta, wewn\u0105trz w\u0142o\u017cone w r\u0119kaw powietrzny (najcz\u0119\u015bciej &#8211; niekt\u00f3re mniejsze s\u0105 bez r\u0119kawa), a sam toner znajduje si\u0119 w hermetycznie zamkni\u0119tej czarnej folii.<\/p>\n<p>Tonery gotowe do u\u017cytku, nie trzeba wymienia\u0107 chip\u00f3w ani podejmowa\u0107 innych dodatkowych dzia\u0142a\u0144.<\/p>\n","protected":false},"excerpt":{"rendered":"<p>Nowy (nieregenerowany), wysokiej jako\u015bci&nbsp;toner&nbsp;zamiennik kompatybilny z drukarkami HP: HP Laserjet pro M15 HP Laserjet pro M15A HP Laserjet pro M15W HP Laserjet pro MFP M28 HP Laserjet pro MFP M28a HP Laserjet pro MFP M28w Kolor: czarny\/black Toner posiada chip: TAK Wydajno\u015b\u0107:&nbsp;1.000&nbsp;stron przy 5% pokryciu Kod orygina\u0142u: CF244A, 44A Tonery s\u0105 w&nbsp;100% nowe (nieregenerowane), oferuj\u0105 [&hellip;]<\/p>\n","protected":false},"featured_media":1490,"comment_status":"open","ping_status":"closed","template":"","meta":[],"product_brand":[],"product_cat":[35],"product_tag":[],"class_list":{"0":"post-1488","1":"product","2":"type-product","3":"status-publish","4":"has-post-thumbnail","6":"product_cat-drukarki-i-skanery","8":"first","9":"instock","10":"taxable","11":"shipping-taxable","12":"purchasable","13":"product-type-simple"},"yoast_head":"<!-- This site is optimized with the Yoast SEO plugin v27.3 - https:\/\/yoast.com\/product\/yoast-seo-wordpress\/ -->\n<title>Toner do HP 44A CF244A - Mix Market - Supermarket z wszystkim co potrzeba<\/title>\n<meta name=\"robots\" content=\"index, follow, max-snippet:-1, max-image-preview:large, max-video-preview:-1\" \/>\n<link rel=\"canonical\" href=\"https:\/\/racom.com.pl\/index.php\/produkt\/toner-do-hp-44a-cf244a\/\" \/>\n<meta property=\"og:locale\" content=\"pl_PL\" \/>\n<meta property=\"og:type\" content=\"article\" \/>\n<meta property=\"og:title\" content=\"Toner do HP 44A CF244A - Mix Market - Supermarket z wszystkim co potrzeba\" \/>\n<meta property=\"og:description\" content=\"Nowy (nieregenerowany), wysokiej jako\u015bci&nbsp;toner&nbsp;zamiennik kompatybilny z drukarkami HP: HP Laserjet pro M15 HP Laserjet pro M15A HP Laserjet pro M15W HP Laserjet pro MFP M28 HP Laserjet pro MFP M28a HP Laserjet pro MFP M28w Kolor: czarny\/black Toner posiada chip: TAK Wydajno\u015b\u0107:&nbsp;1.000&nbsp;stron przy 5% pokryciu Kod orygina\u0142u: CF244A, 44A Tonery s\u0105 w&nbsp;100% nowe (nieregenerowane), oferuj\u0105 [&hellip;]\" \/>\n<meta property=\"og:url\" content=\"https:\/\/racom.com.pl\/index.php\/produkt\/toner-do-hp-44a-cf244a\/\" \/>\n<meta property=\"og:site_name\" content=\"Mix Market - Supermarket z wszystkim co potrzeba\" \/>\n<meta property=\"og:image\" content=\"https:\/\/racom.com.pl\/wp-content\/uploads\/2025\/07\/allegro_687a86de816d06.29718074_bf2e2d5a4a259fe891ac5e70c2d1.jpg\" \/>\n\t<meta property=\"og:image:width\" content=\"1000\" \/>\n\t<meta property=\"og:image:height\" content=\"1000\" \/>\n\t<meta property=\"og:image:type\" content=\"image\/jpeg\" \/>\n<meta name=\"twitter:card\" content=\"summary_large_image\" \/>\n<meta name=\"twitter:label1\" content=\"Szacowany czas czytania\" \/>\n\t<meta name=\"twitter:data1\" content=\"1 minuta\" \/>\n<script type=\"application\/ld+json\" class=\"yoast-schema-graph\">{\"@context\":\"https:\\\/\\\/schema.org\",\"@graph\":[{\"@type\":\"WebPage\",\"@id\":\"https:\\\/\\\/racom.com.pl\\\/index.php\\\/produkt\\\/toner-do-hp-44a-cf244a\\\/\",\"url\":\"https:\\\/\\\/racom.com.pl\\\/index.php\\\/produkt\\\/toner-do-hp-44a-cf244a\\\/\",\"name\":\"Toner do HP 44A CF244A - Mix Market - Supermarket z wszystkim co potrzeba\",\"isPartOf\":{\"@id\":\"https:\\\/\\\/racom.com.pl\\\/#website\"},\"primaryImageOfPage\":{\"@id\":\"https:\\\/\\\/racom.com.pl\\\/index.php\\\/produkt\\\/toner-do-hp-44a-cf244a\\\/#primaryimage\"},\"image\":{\"@id\":\"https:\\\/\\\/racom.com.pl\\\/index.php\\\/produkt\\\/toner-do-hp-44a-cf244a\\\/#primaryimage\"},\"thumbnailUrl\":\"https:\\\/\\\/racom.com.pl\\\/wp-content\\\/uploads\\\/2025\\\/07\\\/allegro_687a86de816d06.29718074_bf2e2d5a4a259fe891ac5e70c2d1.jpg\",\"datePublished\":\"2025-07-18T17:39:11+00:00\",\"breadcrumb\":{\"@id\":\"https:\\\/\\\/racom.com.pl\\\/index.php\\\/produkt\\\/toner-do-hp-44a-cf244a\\\/#breadcrumb\"},\"inLanguage\":\"pl-PL\",\"potentialAction\":[{\"@type\":\"ReadAction\",\"target\":[\"https:\\\/\\\/racom.com.pl\\\/index.php\\\/produkt\\\/toner-do-hp-44a-cf244a\\\/\"]}]},{\"@type\":\"ImageObject\",\"inLanguage\":\"pl-PL\",\"@id\":\"https:\\\/\\\/racom.com.pl\\\/index.php\\\/produkt\\\/toner-do-hp-44a-cf244a\\\/#primaryimage\",\"url\":\"https:\\\/\\\/racom.com.pl\\\/wp-content\\\/uploads\\\/2025\\\/07\\\/allegro_687a86de816d06.29718074_bf2e2d5a4a259fe891ac5e70c2d1.jpg\",\"contentUrl\":\"https:\\\/\\\/racom.com.pl\\\/wp-content\\\/uploads\\\/2025\\\/07\\\/allegro_687a86de816d06.29718074_bf2e2d5a4a259fe891ac5e70c2d1.jpg\",\"width\":1000,\"height\":1000},{\"@type\":\"BreadcrumbList\",\"@id\":\"https:\\\/\\\/racom.com.pl\\\/index.php\\\/produkt\\\/toner-do-hp-44a-cf244a\\\/#breadcrumb\",\"itemListElement\":[{\"@type\":\"ListItem\",\"position\":1,\"name\":\"Strona g\u0142\u00f3wna\",\"item\":\"https:\\\/\\\/racom.com.pl\\\/\"},{\"@type\":\"ListItem\",\"position\":2,\"name\":\"Sklep\",\"item\":\"https:\\\/\\\/racom.com.pl\\\/\"},{\"@type\":\"ListItem\",\"position\":3,\"name\":\"Toner do HP 44A CF244A\"}]},{\"@type\":\"WebSite\",\"@id\":\"https:\\\/\\\/racom.com.pl\\\/#website\",\"url\":\"https:\\\/\\\/racom.com.pl\\\/\",\"name\":\"Mix Market - Supermarket z wszystkim co potrzeba do domu i nie tylko\",\"description\":\"\",\"publisher\":{\"@id\":\"https:\\\/\\\/racom.com.pl\\\/#organization\"},\"potentialAction\":[{\"@type\":\"SearchAction\",\"target\":{\"@type\":\"EntryPoint\",\"urlTemplate\":\"https:\\\/\\\/racom.com.pl\\\/?s={search_term_string}\"},\"query-input\":{\"@type\":\"PropertyValueSpecification\",\"valueRequired\":true,\"valueName\":\"search_term_string\"}}],\"inLanguage\":\"pl-PL\"},{\"@type\":\"Organization\",\"@id\":\"https:\\\/\\\/racom.com.pl\\\/#organization\",\"name\":\"Mix Market - Supermarket z wszystkim co potrzeba do domu i nie tylko\",\"url\":\"https:\\\/\\\/racom.com.pl\\\/\",\"logo\":{\"@type\":\"ImageObject\",\"inLanguage\":\"pl-PL\",\"@id\":\"https:\\\/\\\/racom.com.pl\\\/#\\\/schema\\\/logo\\\/image\\\/\",\"url\":\"https:\\\/\\\/racom.com.pl\\\/wp-content\\\/uploads\\\/2025\\\/07\\\/mixmarket_logo.png\",\"contentUrl\":\"https:\\\/\\\/racom.com.pl\\\/wp-content\\\/uploads\\\/2025\\\/07\\\/mixmarket_logo.png\",\"width\":1024,\"height\":1024,\"caption\":\"Mix Market - Supermarket z wszystkim co potrzeba do domu i nie tylko\"},\"image\":{\"@id\":\"https:\\\/\\\/racom.com.pl\\\/#\\\/schema\\\/logo\\\/image\\\/\"}}]}<\/script>\n<!-- \/ Yoast SEO plugin. -->","yoast_head_json":{"title":"Toner do HP 44A CF244A - Mix Market - Supermarket z wszystkim co potrzeba","robots":{"index":"index","follow":"follow","max-snippet":"max-snippet:-1","max-image-preview":"max-image-preview:large","max-video-preview":"max-video-preview:-1"},"canonical":"https:\/\/racom.com.pl\/index.php\/produkt\/toner-do-hp-44a-cf244a\/","og_locale":"pl_PL","og_type":"article","og_title":"Toner do HP 44A CF244A - Mix Market - Supermarket z wszystkim co potrzeba","og_description":"Nowy (nieregenerowany), wysokiej jako\u015bci&nbsp;toner&nbsp;zamiennik kompatybilny z drukarkami HP: HP Laserjet pro M15 HP Laserjet pro M15A HP Laserjet pro M15W HP Laserjet pro MFP M28 HP Laserjet pro MFP M28a HP Laserjet pro MFP M28w Kolor: czarny\/black Toner posiada chip: TAK Wydajno\u015b\u0107:&nbsp;1.000&nbsp;stron przy 5% pokryciu Kod orygina\u0142u: CF244A, 44A Tonery s\u0105 w&nbsp;100% nowe (nieregenerowane), oferuj\u0105 [&hellip;]","og_url":"https:\/\/racom.com.pl\/index.php\/produkt\/toner-do-hp-44a-cf244a\/","og_site_name":"Mix Market - Supermarket z wszystkim co potrzeba","og_image":[{"width":1000,"height":1000,"url":"https:\/\/racom.com.pl\/wp-content\/uploads\/2025\/07\/allegro_687a86de816d06.29718074_bf2e2d5a4a259fe891ac5e70c2d1.jpg","type":"image\/jpeg"}],"twitter_card":"summary_large_image","twitter_misc":{"Szacowany czas czytania":"1 minuta"},"schema":{"@context":"https:\/\/schema.org","@graph":[{"@type":"WebPage","@id":"https:\/\/racom.com.pl\/index.php\/produkt\/toner-do-hp-44a-cf244a\/","url":"https:\/\/racom.com.pl\/index.php\/produkt\/toner-do-hp-44a-cf244a\/","name":"Toner do HP 44A CF244A - Mix Market - Supermarket z wszystkim co potrzeba","isPartOf":{"@id":"https:\/\/racom.com.pl\/#website"},"primaryImageOfPage":{"@id":"https:\/\/racom.com.pl\/index.php\/produkt\/toner-do-hp-44a-cf244a\/#primaryimage"},"image":{"@id":"https:\/\/racom.com.pl\/index.php\/produkt\/toner-do-hp-44a-cf244a\/#primaryimage"},"thumbnailUrl":"https:\/\/racom.com.pl\/wp-content\/uploads\/2025\/07\/allegro_687a86de816d06.29718074_bf2e2d5a4a259fe891ac5e70c2d1.jpg","datePublished":"2025-07-18T17:39:11+00:00","breadcrumb":{"@id":"https:\/\/racom.com.pl\/index.php\/produkt\/toner-do-hp-44a-cf244a\/#breadcrumb"},"inLanguage":"pl-PL","potentialAction":[{"@type":"ReadAction","target":["https:\/\/racom.com.pl\/index.php\/produkt\/toner-do-hp-44a-cf244a\/"]}]},{"@type":"ImageObject","inLanguage":"pl-PL","@id":"https:\/\/racom.com.pl\/index.php\/produkt\/toner-do-hp-44a-cf244a\/#primaryimage","url":"https:\/\/racom.com.pl\/wp-content\/uploads\/2025\/07\/allegro_687a86de816d06.29718074_bf2e2d5a4a259fe891ac5e70c2d1.jpg","contentUrl":"https:\/\/racom.com.pl\/wp-content\/uploads\/2025\/07\/allegro_687a86de816d06.29718074_bf2e2d5a4a259fe891ac5e70c2d1.jpg","width":1000,"height":1000},{"@type":"BreadcrumbList","@id":"https:\/\/racom.com.pl\/index.php\/produkt\/toner-do-hp-44a-cf244a\/#breadcrumb","itemListElement":[{"@type":"ListItem","position":1,"name":"Strona g\u0142\u00f3wna","item":"https:\/\/racom.com.pl\/"},{"@type":"ListItem","position":2,"name":"Sklep","item":"https:\/\/racom.com.pl\/"},{"@type":"ListItem","position":3,"name":"Toner do HP 44A CF244A"}]},{"@type":"WebSite","@id":"https:\/\/racom.com.pl\/#website","url":"https:\/\/racom.com.pl\/","name":"Mix Market - Supermarket z wszystkim co potrzeba do domu i nie tylko","description":"","publisher":{"@id":"https:\/\/racom.com.pl\/#organization"},"potentialAction":[{"@type":"SearchAction","target":{"@type":"EntryPoint","urlTemplate":"https:\/\/racom.com.pl\/?s={search_term_string}"},"query-input":{"@type":"PropertyValueSpecification","valueRequired":true,"valueName":"search_term_string"}}],"inLanguage":"pl-PL"},{"@type":"Organization","@id":"https:\/\/racom.com.pl\/#organization","name":"Mix Market - Supermarket z wszystkim co potrzeba do domu i nie tylko","url":"https:\/\/racom.com.pl\/","logo":{"@type":"ImageObject","inLanguage":"pl-PL","@id":"https:\/\/racom.com.pl\/#\/schema\/logo\/image\/","url":"https:\/\/racom.com.pl\/wp-content\/uploads\/2025\/07\/mixmarket_logo.png","contentUrl":"https:\/\/racom.com.pl\/wp-content\/uploads\/2025\/07\/mixmarket_logo.png","width":1024,"height":1024,"caption":"Mix Market - Supermarket z wszystkim co potrzeba do domu i nie tylko"},"image":{"@id":"https:\/\/racom.com.pl\/#\/schema\/logo\/image\/"}}]}},"_links":{"self":[{"href":"https:\/\/racom.com.pl\/index.php\/wp-json\/wp\/v2\/product\/1488","targetHints":{"allow":["GET"]}}],"collection":[{"href":"https:\/\/racom.com.pl\/index.php\/wp-json\/wp\/v2\/product"}],"about":[{"href":"https:\/\/racom.com.pl\/index.php\/wp-json\/wp\/v2\/types\/product"}],"replies":[{"embeddable":true,"href":"https:\/\/racom.com.pl\/index.php\/wp-json\/wp\/v2\/comments?post=1488"}],"wp:featuredmedia":[{"embeddable":true,"href":"https:\/\/racom.com.pl\/index.php\/wp-json\/wp\/v2\/media\/1490"}],"wp:attachment":[{"href":"https:\/\/racom.com.pl\/index.php\/wp-json\/wp\/v2\/media?parent=1488"}],"wp:term":[{"taxonomy":"product_brand","embeddable":true,"href":"https:\/\/racom.com.pl\/index.php\/wp-json\/wp\/v2\/product_brand?post=1488"},{"taxonomy":"product_cat","embeddable":true,"href":"https:\/\/racom.com.pl\/index.php\/wp-json\/wp\/v2\/product_cat?post=1488"},{"taxonomy":"product_tag","embeddable":true,"href":"https:\/\/racom.com.pl\/index.php\/wp-json\/wp\/v2\/product_tag?post=1488"}],"curies":[{"name":"wp","href":"https:\/\/api.w.org\/{rel}","templated":true}]}}