{"id":1494,"date":"2025-07-18T19:42:01","date_gmt":"2025-07-18T17:42:01","guid":{"rendered":"http:\/\/192.168.2.106\/index.php\/produkt\/toner-do-samsung-mlt-d1082s-ml1640-ml1641-ml1645-ml2240-ml2241\/"},"modified":"2025-07-18T19:42:01","modified_gmt":"2025-07-18T17:42:01","slug":"toner-do-samsung-mlt-d1082s-ml1640-ml1641-ml1645-ml2240-ml2241","status":"publish","type":"product","link":"https:\/\/racom.com.pl\/index.php\/produkt\/toner-do-samsung-mlt-d1082s-ml1640-ml1641-ml1645-ml2240-ml2241\/","title":{"rendered":"Toner do Samsung MLT-D1082S ML1640 ML1641 ML1645 ML2240 ML2241"},"content":{"rendered":"<h2>Toner do Samsung MLT-D1082S ML1640<\/h2>\n<p>Podstawowe parametry:<\/p>\n<ul>\n<li>symbol Samsung: MLT-D1082S<\/li>\n<li>certyfikaty &#8211; ISO 14001, MDS<\/li>\n<li>wydajno\u015b\u0107 ISO \/ IEC 19752 &#8211; 1500 str<\/li>\n<li>kolor &#8211; czarny<\/li>\n<li>Nowy, nieregenerowany<\/li>\n<\/ul>\n<p><b>Toner pasuje do nast\u0119puj\u0105cych modeli:<\/b><\/p>\n<ul>\n<li>Samsung ML-1640<\/li>\n<li>Samsung ML-1641<\/li>\n<li>Samsung ML-1642<\/li>\n<li>Samsung ML-1645<\/li>\n<li>Samsung ML-1651<\/li>\n<li>Samsung ML-1651n<\/li>\n<li>Samsung ML-2240<\/li>\n<li>Samsung ML-2241<\/li>\n<\/ul>\n<p>W estetyczne pude\u0142ka,idealne do dalszej odsprzeda\u017cy, a tonery dodatkowo zabezpieczone hermetycznym workiem, oraz air-bagiem lub g\u0105bk\u0105<\/p>\n","protected":false},"excerpt":{"rendered":"<p>Toner do Samsung MLT-D1082S ML1640 Podstawowe parametry: symbol Samsung: MLT-D1082S certyfikaty &#8211; ISO 14001, MDS wydajno\u015b\u0107 ISO \/ IEC 19752 &#8211; 1500 str kolor &#8211; czarny Nowy, nieregenerowany Toner pasuje do nast\u0119puj\u0105cych modeli: Samsung ML-1640 Samsung ML-1641 Samsung ML-1642 Samsung ML-1645 Samsung ML-1651 Samsung ML-1651n Samsung ML-2240 Samsung ML-2241 W estetyczne pude\u0142ka,idealne do dalszej odsprzeda\u017cy, [&hellip;]<\/p>\n","protected":false},"featured_media":1499,"comment_status":"open","ping_status":"closed","template":"","meta":[],"product_brand":[],"product_cat":[35],"product_tag":[],"class_list":{"0":"post-1494","1":"product","2":"type-product","3":"status-publish","4":"has-post-thumbnail","6":"product_cat-drukarki-i-skanery","8":"first","9":"instock","10":"taxable","11":"shipping-taxable","12":"purchasable","13":"product-type-simple"},"yoast_head":"<!-- This site is optimized with the Yoast SEO plugin v27.3 - https:\/\/yoast.com\/product\/yoast-seo-wordpress\/ -->\n<title>Toner do Samsung MLT-D1082S ML1640 ML1641 ML1645 ML2240 ML2241 - Mix Market - Supermarket z wszystkim co potrzeba<\/title>\n<meta name=\"robots\" content=\"index, follow, max-snippet:-1, max-image-preview:large, max-video-preview:-1\" \/>\n<link rel=\"canonical\" href=\"https:\/\/racom.com.pl\/index.php\/produkt\/toner-do-samsung-mlt-d1082s-ml1640-ml1641-ml1645-ml2240-ml2241\/\" \/>\n<meta property=\"og:locale\" content=\"pl_PL\" \/>\n<meta property=\"og:type\" content=\"article\" \/>\n<meta property=\"og:title\" content=\"Toner do Samsung MLT-D1082S ML1640 ML1641 ML1645 ML2240 ML2241 - Mix Market - Supermarket z wszystkim co potrzeba\" \/>\n<meta property=\"og:description\" content=\"Toner do Samsung MLT-D1082S ML1640 Podstawowe parametry: symbol Samsung: MLT-D1082S certyfikaty &#8211; ISO 14001, MDS wydajno\u015b\u0107 ISO \/ IEC 19752 &#8211; 1500 str kolor &#8211; czarny Nowy, nieregenerowany Toner pasuje do nast\u0119puj\u0105cych modeli: Samsung ML-1640 Samsung ML-1641 Samsung ML-1642 Samsung ML-1645 Samsung ML-1651 Samsung ML-1651n Samsung ML-2240 Samsung ML-2241 W estetyczne pude\u0142ka,idealne do dalszej odsprzeda\u017cy, [&hellip;]\" \/>\n<meta property=\"og:url\" content=\"https:\/\/racom.com.pl\/index.php\/produkt\/toner-do-samsung-mlt-d1082s-ml1640-ml1641-ml1645-ml2240-ml2241\/\" \/>\n<meta property=\"og:site_name\" content=\"Mix Market - Supermarket z wszystkim co potrzeba\" \/>\n<meta property=\"og:image\" content=\"https:\/\/racom.com.pl\/wp-content\/uploads\/2025\/07\/allegro_687a8793379fe2.06527405_6395fffd409fadf13fdd8381e3ad.jpg\" \/>\n\t<meta property=\"og:image:width\" content=\"500\" \/>\n\t<meta property=\"og:image:height\" content=\"429\" \/>\n\t<meta property=\"og:image:type\" content=\"image\/jpeg\" \/>\n<meta name=\"twitter:card\" content=\"summary_large_image\" \/>\n<script type=\"application\/ld+json\" class=\"yoast-schema-graph\">{\"@context\":\"https:\\\/\\\/schema.org\",\"@graph\":[{\"@type\":\"WebPage\",\"@id\":\"https:\\\/\\\/racom.com.pl\\\/index.php\\\/produkt\\\/toner-do-samsung-mlt-d1082s-ml1640-ml1641-ml1645-ml2240-ml2241\\\/\",\"url\":\"https:\\\/\\\/racom.com.pl\\\/index.php\\\/produkt\\\/toner-do-samsung-mlt-d1082s-ml1640-ml1641-ml1645-ml2240-ml2241\\\/\",\"name\":\"Toner do Samsung MLT-D1082S ML1640 ML1641 ML1645 ML2240 ML2241 - Mix Market - Supermarket z wszystkim co potrzeba\",\"isPartOf\":{\"@id\":\"https:\\\/\\\/racom.com.pl\\\/#website\"},\"primaryImageOfPage\":{\"@id\":\"https:\\\/\\\/racom.com.pl\\\/index.php\\\/produkt\\\/toner-do-samsung-mlt-d1082s-ml1640-ml1641-ml1645-ml2240-ml2241\\\/#primaryimage\"},\"image\":{\"@id\":\"https:\\\/\\\/racom.com.pl\\\/index.php\\\/produkt\\\/toner-do-samsung-mlt-d1082s-ml1640-ml1641-ml1645-ml2240-ml2241\\\/#primaryimage\"},\"thumbnailUrl\":\"https:\\\/\\\/racom.com.pl\\\/wp-content\\\/uploads\\\/2025\\\/07\\\/allegro_687a8793379fe2.06527405_6395fffd409fadf13fdd8381e3ad.jpg\",\"datePublished\":\"2025-07-18T17:42:01+00:00\",\"breadcrumb\":{\"@id\":\"https:\\\/\\\/racom.com.pl\\\/index.php\\\/produkt\\\/toner-do-samsung-mlt-d1082s-ml1640-ml1641-ml1645-ml2240-ml2241\\\/#breadcrumb\"},\"inLanguage\":\"pl-PL\",\"potentialAction\":[{\"@type\":\"ReadAction\",\"target\":[\"https:\\\/\\\/racom.com.pl\\\/index.php\\\/produkt\\\/toner-do-samsung-mlt-d1082s-ml1640-ml1641-ml1645-ml2240-ml2241\\\/\"]}]},{\"@type\":\"ImageObject\",\"inLanguage\":\"pl-PL\",\"@id\":\"https:\\\/\\\/racom.com.pl\\\/index.php\\\/produkt\\\/toner-do-samsung-mlt-d1082s-ml1640-ml1641-ml1645-ml2240-ml2241\\\/#primaryimage\",\"url\":\"https:\\\/\\\/racom.com.pl\\\/wp-content\\\/uploads\\\/2025\\\/07\\\/allegro_687a8793379fe2.06527405_6395fffd409fadf13fdd8381e3ad.jpg\",\"contentUrl\":\"https:\\\/\\\/racom.com.pl\\\/wp-content\\\/uploads\\\/2025\\\/07\\\/allegro_687a8793379fe2.06527405_6395fffd409fadf13fdd8381e3ad.jpg\",\"width\":500,\"height\":429},{\"@type\":\"BreadcrumbList\",\"@id\":\"https:\\\/\\\/racom.com.pl\\\/index.php\\\/produkt\\\/toner-do-samsung-mlt-d1082s-ml1640-ml1641-ml1645-ml2240-ml2241\\\/#breadcrumb\",\"itemListElement\":[{\"@type\":\"ListItem\",\"position\":1,\"name\":\"Strona g\u0142\u00f3wna\",\"item\":\"https:\\\/\\\/racom.com.pl\\\/\"},{\"@type\":\"ListItem\",\"position\":2,\"name\":\"Sklep\",\"item\":\"https:\\\/\\\/racom.com.pl\\\/\"},{\"@type\":\"ListItem\",\"position\":3,\"name\":\"Toner do Samsung MLT-D1082S ML1640 ML1641 ML1645 ML2240 ML2241\"}]},{\"@type\":\"WebSite\",\"@id\":\"https:\\\/\\\/racom.com.pl\\\/#website\",\"url\":\"https:\\\/\\\/racom.com.pl\\\/\",\"name\":\"Mix Market - Supermarket z wszystkim co potrzeba do domu i nie tylko\",\"description\":\"\",\"publisher\":{\"@id\":\"https:\\\/\\\/racom.com.pl\\\/#organization\"},\"potentialAction\":[{\"@type\":\"SearchAction\",\"target\":{\"@type\":\"EntryPoint\",\"urlTemplate\":\"https:\\\/\\\/racom.com.pl\\\/?s={search_term_string}\"},\"query-input\":{\"@type\":\"PropertyValueSpecification\",\"valueRequired\":true,\"valueName\":\"search_term_string\"}}],\"inLanguage\":\"pl-PL\"},{\"@type\":\"Organization\",\"@id\":\"https:\\\/\\\/racom.com.pl\\\/#organization\",\"name\":\"Mix Market - Supermarket z wszystkim co potrzeba do domu i nie tylko\",\"url\":\"https:\\\/\\\/racom.com.pl\\\/\",\"logo\":{\"@type\":\"ImageObject\",\"inLanguage\":\"pl-PL\",\"@id\":\"https:\\\/\\\/racom.com.pl\\\/#\\\/schema\\\/logo\\\/image\\\/\",\"url\":\"https:\\\/\\\/racom.com.pl\\\/wp-content\\\/uploads\\\/2025\\\/07\\\/mixmarket_logo.png\",\"contentUrl\":\"https:\\\/\\\/racom.com.pl\\\/wp-content\\\/uploads\\\/2025\\\/07\\\/mixmarket_logo.png\",\"width\":1024,\"height\":1024,\"caption\":\"Mix Market - Supermarket z wszystkim co potrzeba do domu i nie tylko\"},\"image\":{\"@id\":\"https:\\\/\\\/racom.com.pl\\\/#\\\/schema\\\/logo\\\/image\\\/\"}}]}<\/script>\n<!-- \/ Yoast SEO plugin. -->","yoast_head_json":{"title":"Toner do Samsung MLT-D1082S ML1640 ML1641 ML1645 ML2240 ML2241 - Mix Market - Supermarket z wszystkim co potrzeba","robots":{"index":"index","follow":"follow","max-snippet":"max-snippet:-1","max-image-preview":"max-image-preview:large","max-video-preview":"max-video-preview:-1"},"canonical":"https:\/\/racom.com.pl\/index.php\/produkt\/toner-do-samsung-mlt-d1082s-ml1640-ml1641-ml1645-ml2240-ml2241\/","og_locale":"pl_PL","og_type":"article","og_title":"Toner do Samsung MLT-D1082S ML1640 ML1641 ML1645 ML2240 ML2241 - Mix Market - Supermarket z wszystkim co potrzeba","og_description":"Toner do Samsung MLT-D1082S ML1640 Podstawowe parametry: symbol Samsung: MLT-D1082S certyfikaty &#8211; ISO 14001, MDS wydajno\u015b\u0107 ISO \/ IEC 19752 &#8211; 1500 str kolor &#8211; czarny Nowy, nieregenerowany Toner pasuje do nast\u0119puj\u0105cych modeli: Samsung ML-1640 Samsung ML-1641 Samsung ML-1642 Samsung ML-1645 Samsung ML-1651 Samsung ML-1651n Samsung ML-2240 Samsung ML-2241 W estetyczne pude\u0142ka,idealne do dalszej odsprzeda\u017cy, [&hellip;]","og_url":"https:\/\/racom.com.pl\/index.php\/produkt\/toner-do-samsung-mlt-d1082s-ml1640-ml1641-ml1645-ml2240-ml2241\/","og_site_name":"Mix Market - Supermarket z wszystkim co potrzeba","og_image":[{"width":500,"height":429,"url":"https:\/\/racom.com.pl\/wp-content\/uploads\/2025\/07\/allegro_687a8793379fe2.06527405_6395fffd409fadf13fdd8381e3ad.jpg","type":"image\/jpeg"}],"twitter_card":"summary_large_image","schema":{"@context":"https:\/\/schema.org","@graph":[{"@type":"WebPage","@id":"https:\/\/racom.com.pl\/index.php\/produkt\/toner-do-samsung-mlt-d1082s-ml1640-ml1641-ml1645-ml2240-ml2241\/","url":"https:\/\/racom.com.pl\/index.php\/produkt\/toner-do-samsung-mlt-d1082s-ml1640-ml1641-ml1645-ml2240-ml2241\/","name":"Toner do Samsung MLT-D1082S ML1640 ML1641 ML1645 ML2240 ML2241 - Mix Market - Supermarket z wszystkim co potrzeba","isPartOf":{"@id":"https:\/\/racom.com.pl\/#website"},"primaryImageOfPage":{"@id":"https:\/\/racom.com.pl\/index.php\/produkt\/toner-do-samsung-mlt-d1082s-ml1640-ml1641-ml1645-ml2240-ml2241\/#primaryimage"},"image":{"@id":"https:\/\/racom.com.pl\/index.php\/produkt\/toner-do-samsung-mlt-d1082s-ml1640-ml1641-ml1645-ml2240-ml2241\/#primaryimage"},"thumbnailUrl":"https:\/\/racom.com.pl\/wp-content\/uploads\/2025\/07\/allegro_687a8793379fe2.06527405_6395fffd409fadf13fdd8381e3ad.jpg","datePublished":"2025-07-18T17:42:01+00:00","breadcrumb":{"@id":"https:\/\/racom.com.pl\/index.php\/produkt\/toner-do-samsung-mlt-d1082s-ml1640-ml1641-ml1645-ml2240-ml2241\/#breadcrumb"},"inLanguage":"pl-PL","potentialAction":[{"@type":"ReadAction","target":["https:\/\/racom.com.pl\/index.php\/produkt\/toner-do-samsung-mlt-d1082s-ml1640-ml1641-ml1645-ml2240-ml2241\/"]}]},{"@type":"ImageObject","inLanguage":"pl-PL","@id":"https:\/\/racom.com.pl\/index.php\/produkt\/toner-do-samsung-mlt-d1082s-ml1640-ml1641-ml1645-ml2240-ml2241\/#primaryimage","url":"https:\/\/racom.com.pl\/wp-content\/uploads\/2025\/07\/allegro_687a8793379fe2.06527405_6395fffd409fadf13fdd8381e3ad.jpg","contentUrl":"https:\/\/racom.com.pl\/wp-content\/uploads\/2025\/07\/allegro_687a8793379fe2.06527405_6395fffd409fadf13fdd8381e3ad.jpg","width":500,"height":429},{"@type":"BreadcrumbList","@id":"https:\/\/racom.com.pl\/index.php\/produkt\/toner-do-samsung-mlt-d1082s-ml1640-ml1641-ml1645-ml2240-ml2241\/#breadcrumb","itemListElement":[{"@type":"ListItem","position":1,"name":"Strona g\u0142\u00f3wna","item":"https:\/\/racom.com.pl\/"},{"@type":"ListItem","position":2,"name":"Sklep","item":"https:\/\/racom.com.pl\/"},{"@type":"ListItem","position":3,"name":"Toner do Samsung MLT-D1082S ML1640 ML1641 ML1645 ML2240 ML2241"}]},{"@type":"WebSite","@id":"https:\/\/racom.com.pl\/#website","url":"https:\/\/racom.com.pl\/","name":"Mix Market - Supermarket z wszystkim co potrzeba do domu i nie tylko","description":"","publisher":{"@id":"https:\/\/racom.com.pl\/#organization"},"potentialAction":[{"@type":"SearchAction","target":{"@type":"EntryPoint","urlTemplate":"https:\/\/racom.com.pl\/?s={search_term_string}"},"query-input":{"@type":"PropertyValueSpecification","valueRequired":true,"valueName":"search_term_string"}}],"inLanguage":"pl-PL"},{"@type":"Organization","@id":"https:\/\/racom.com.pl\/#organization","name":"Mix Market - Supermarket z wszystkim co potrzeba do domu i nie tylko","url":"https:\/\/racom.com.pl\/","logo":{"@type":"ImageObject","inLanguage":"pl-PL","@id":"https:\/\/racom.com.pl\/#\/schema\/logo\/image\/","url":"https:\/\/racom.com.pl\/wp-content\/uploads\/2025\/07\/mixmarket_logo.png","contentUrl":"https:\/\/racom.com.pl\/wp-content\/uploads\/2025\/07\/mixmarket_logo.png","width":1024,"height":1024,"caption":"Mix Market - Supermarket z wszystkim co potrzeba do domu i nie tylko"},"image":{"@id":"https:\/\/racom.com.pl\/#\/schema\/logo\/image\/"}}]}},"_links":{"self":[{"href":"https:\/\/racom.com.pl\/index.php\/wp-json\/wp\/v2\/product\/1494","targetHints":{"allow":["GET"]}}],"collection":[{"href":"https:\/\/racom.com.pl\/index.php\/wp-json\/wp\/v2\/product"}],"about":[{"href":"https:\/\/racom.com.pl\/index.php\/wp-json\/wp\/v2\/types\/product"}],"replies":[{"embeddable":true,"href":"https:\/\/racom.com.pl\/index.php\/wp-json\/wp\/v2\/comments?post=1494"}],"wp:featuredmedia":[{"embeddable":true,"href":"https:\/\/racom.com.pl\/index.php\/wp-json\/wp\/v2\/media\/1499"}],"wp:attachment":[{"href":"https:\/\/racom.com.pl\/index.php\/wp-json\/wp\/v2\/media?parent=1494"}],"wp:term":[{"taxonomy":"product_brand","embeddable":true,"href":"https:\/\/racom.com.pl\/index.php\/wp-json\/wp\/v2\/product_brand?post=1494"},{"taxonomy":"product_cat","embeddable":true,"href":"https:\/\/racom.com.pl\/index.php\/wp-json\/wp\/v2\/product_cat?post=1494"},{"taxonomy":"product_tag","embeddable":true,"href":"https:\/\/racom.com.pl\/index.php\/wp-json\/wp\/v2\/product_tag?post=1494"}],"curies":[{"name":"wp","href":"https:\/\/api.w.org\/{rel}","templated":true}]}}