{"id":1504,"date":"2025-07-18T19:43:40","date_gmt":"2025-07-18T17:43:40","guid":{"rendered":"http:\/\/192.168.2.106\/index.php\/produkt\/toner-ml1610-ml2010-2570-scx4521-4321-do-samsung-nowy\/"},"modified":"2025-07-18T19:43:40","modified_gmt":"2025-07-18T17:43:40","slug":"toner-ml1610-ml2010-2570-scx4521-4321-do-samsung-nowy","status":"publish","type":"product","link":"https:\/\/racom.com.pl\/index.php\/produkt\/toner-ml1610-ml2010-2570-scx4521-4321-do-samsung-nowy\/","title":{"rendered":"TONER ML1610 ML2010 2570 SCX4521 4321 do SAMSUNG NOWY"},"content":{"rendered":"<p><b>NOWY TONER ML1610 \/ ML2010 \/ SCX4521 DO Samsung<\/b><\/p>\n<p>Fabrycznie nowy toner zamienny do drukarek i urz\u0105dze\u0144 wielofunkcyjnych i drukarek marki Samsung.<\/p>\n<p>Oznaczenie producenta &#8211; ML1610 \/ ML2010 \/ SCX4521<\/p>\n<p>Toner 100% NOWY, nieregenerowany, zapakowany hermetycznie w foli\u0119 i karton widoczny na zdj\u0119ciu, wydruk do 3000str. (pokrycie 5%)<\/p>\n<p>Posiada certyfikaty ISO9001, ISO14001<\/p>\n<p>Kompatybilny z urz\u0105dzeniami Samsung:<\/p>\n<ul>\n<li>Samsung ML-1610<\/li>\n<li>Samsung ML-1610 R<\/li>\n<li>Samsung ML-1615<\/li>\n<li>Samsung ML-1620<\/li>\n<li>Samsung ML-1625<\/li>\n<li>Samsung ML-1625 R<\/li>\n<li>Samsung ML-2010<\/li>\n<li>Samsung ML-2010 P<\/li>\n<li>Samsung ML-2010 PR<\/li>\n<li>Samsung ML-2010 R<\/li>\n<li>Samsung ML-2015<\/li>\n<li>Samsung ML-2510<\/li>\n<li>Samsung ML-2570<\/li>\n<li>Samsung ML-2571 N<\/li>\n<li>Samsung SCX-4321<\/li>\n<li>Samsung SCX-4521F<\/li>\n<li>Xerox Phaser 3117<\/li>\n<li>Xerox Phaser 3122<\/li>\n<li>Xerox Phaser 3124<\/li>\n<li>Xerox Phaser 3125<\/li>\n<\/ul>\n<p>I inne z oznaczeniem ML1610 , ML2010, SCX4521<\/p>\n","protected":false},"excerpt":{"rendered":"<p>NOWY TONER ML1610 \/ ML2010 \/ SCX4521 DO Samsung Fabrycznie nowy toner zamienny do drukarek i urz\u0105dze\u0144 wielofunkcyjnych i drukarek marki Samsung. Oznaczenie producenta &#8211; ML1610 \/ ML2010 \/ SCX4521 Toner 100% NOWY, nieregenerowany, zapakowany hermetycznie w foli\u0119 i karton widoczny na zdj\u0119ciu, wydruk do 3000str. (pokrycie 5%) Posiada certyfikaty ISO9001, ISO14001 Kompatybilny z urz\u0105dzeniami [&hellip;]<\/p>\n","protected":false},"featured_media":1506,"comment_status":"open","ping_status":"closed","template":"","meta":[],"product_brand":[],"product_cat":[35],"product_tag":[],"class_list":{"0":"post-1504","1":"product","2":"type-product","3":"status-publish","4":"has-post-thumbnail","6":"product_cat-drukarki-i-skanery","8":"first","9":"instock","10":"taxable","11":"shipping-taxable","12":"purchasable","13":"product-type-simple"},"yoast_head":"<!-- This site is optimized with the Yoast SEO plugin v27.3 - https:\/\/yoast.com\/product\/yoast-seo-wordpress\/ -->\n<title>TONER ML1610 ML2010 2570 SCX4521 4321 do SAMSUNG NOWY - Mix Market - Supermarket z wszystkim co potrzeba<\/title>\n<meta name=\"robots\" content=\"index, follow, max-snippet:-1, max-image-preview:large, max-video-preview:-1\" \/>\n<link rel=\"canonical\" href=\"https:\/\/racom.com.pl\/index.php\/produkt\/toner-ml1610-ml2010-2570-scx4521-4321-do-samsung-nowy\/\" \/>\n<meta property=\"og:locale\" content=\"pl_PL\" \/>\n<meta property=\"og:type\" content=\"article\" \/>\n<meta property=\"og:title\" content=\"TONER ML1610 ML2010 2570 SCX4521 4321 do SAMSUNG NOWY - Mix Market - Supermarket z wszystkim co potrzeba\" \/>\n<meta property=\"og:description\" content=\"NOWY TONER ML1610 \/ ML2010 \/ SCX4521 DO Samsung Fabrycznie nowy toner zamienny do drukarek i urz\u0105dze\u0144 wielofunkcyjnych i drukarek marki Samsung. Oznaczenie producenta &#8211; ML1610 \/ ML2010 \/ SCX4521 Toner 100% NOWY, nieregenerowany, zapakowany hermetycznie w foli\u0119 i karton widoczny na zdj\u0119ciu, wydruk do 3000str. (pokrycie 5%) Posiada certyfikaty ISO9001, ISO14001 Kompatybilny z urz\u0105dzeniami [&hellip;]\" \/>\n<meta property=\"og:url\" content=\"https:\/\/racom.com.pl\/index.php\/produkt\/toner-ml1610-ml2010-2570-scx4521-4321-do-samsung-nowy\/\" \/>\n<meta property=\"og:site_name\" content=\"Mix Market - Supermarket z wszystkim co potrzeba\" \/>\n<meta property=\"og:image\" content=\"https:\/\/racom.com.pl\/wp-content\/uploads\/2025\/07\/allegro_687a87e7c94023.20965837_83682d9c415cae078dcfa2b3a531.jpg\" \/>\n\t<meta property=\"og:image:width\" content=\"800\" \/>\n\t<meta property=\"og:image:height\" content=\"800\" \/>\n\t<meta property=\"og:image:type\" content=\"image\/jpeg\" \/>\n<meta name=\"twitter:card\" content=\"summary_large_image\" \/>\n<script type=\"application\/ld+json\" class=\"yoast-schema-graph\">{\"@context\":\"https:\\\/\\\/schema.org\",\"@graph\":[{\"@type\":\"WebPage\",\"@id\":\"https:\\\/\\\/racom.com.pl\\\/index.php\\\/produkt\\\/toner-ml1610-ml2010-2570-scx4521-4321-do-samsung-nowy\\\/\",\"url\":\"https:\\\/\\\/racom.com.pl\\\/index.php\\\/produkt\\\/toner-ml1610-ml2010-2570-scx4521-4321-do-samsung-nowy\\\/\",\"name\":\"TONER ML1610 ML2010 2570 SCX4521 4321 do SAMSUNG NOWY - Mix Market - Supermarket z wszystkim co potrzeba\",\"isPartOf\":{\"@id\":\"https:\\\/\\\/racom.com.pl\\\/#website\"},\"primaryImageOfPage\":{\"@id\":\"https:\\\/\\\/racom.com.pl\\\/index.php\\\/produkt\\\/toner-ml1610-ml2010-2570-scx4521-4321-do-samsung-nowy\\\/#primaryimage\"},\"image\":{\"@id\":\"https:\\\/\\\/racom.com.pl\\\/index.php\\\/produkt\\\/toner-ml1610-ml2010-2570-scx4521-4321-do-samsung-nowy\\\/#primaryimage\"},\"thumbnailUrl\":\"https:\\\/\\\/racom.com.pl\\\/wp-content\\\/uploads\\\/2025\\\/07\\\/allegro_687a87e7c94023.20965837_83682d9c415cae078dcfa2b3a531.jpg\",\"datePublished\":\"2025-07-18T17:43:40+00:00\",\"breadcrumb\":{\"@id\":\"https:\\\/\\\/racom.com.pl\\\/index.php\\\/produkt\\\/toner-ml1610-ml2010-2570-scx4521-4321-do-samsung-nowy\\\/#breadcrumb\"},\"inLanguage\":\"pl-PL\",\"potentialAction\":[{\"@type\":\"ReadAction\",\"target\":[\"https:\\\/\\\/racom.com.pl\\\/index.php\\\/produkt\\\/toner-ml1610-ml2010-2570-scx4521-4321-do-samsung-nowy\\\/\"]}]},{\"@type\":\"ImageObject\",\"inLanguage\":\"pl-PL\",\"@id\":\"https:\\\/\\\/racom.com.pl\\\/index.php\\\/produkt\\\/toner-ml1610-ml2010-2570-scx4521-4321-do-samsung-nowy\\\/#primaryimage\",\"url\":\"https:\\\/\\\/racom.com.pl\\\/wp-content\\\/uploads\\\/2025\\\/07\\\/allegro_687a87e7c94023.20965837_83682d9c415cae078dcfa2b3a531.jpg\",\"contentUrl\":\"https:\\\/\\\/racom.com.pl\\\/wp-content\\\/uploads\\\/2025\\\/07\\\/allegro_687a87e7c94023.20965837_83682d9c415cae078dcfa2b3a531.jpg\",\"width\":800,\"height\":800},{\"@type\":\"BreadcrumbList\",\"@id\":\"https:\\\/\\\/racom.com.pl\\\/index.php\\\/produkt\\\/toner-ml1610-ml2010-2570-scx4521-4321-do-samsung-nowy\\\/#breadcrumb\",\"itemListElement\":[{\"@type\":\"ListItem\",\"position\":1,\"name\":\"Strona g\u0142\u00f3wna\",\"item\":\"https:\\\/\\\/racom.com.pl\\\/\"},{\"@type\":\"ListItem\",\"position\":2,\"name\":\"Sklep\",\"item\":\"https:\\\/\\\/racom.com.pl\\\/\"},{\"@type\":\"ListItem\",\"position\":3,\"name\":\"TONER ML1610 ML2010 2570 SCX4521 4321 do SAMSUNG NOWY\"}]},{\"@type\":\"WebSite\",\"@id\":\"https:\\\/\\\/racom.com.pl\\\/#website\",\"url\":\"https:\\\/\\\/racom.com.pl\\\/\",\"name\":\"Mix Market - Supermarket z wszystkim co potrzeba do domu i nie tylko\",\"description\":\"\",\"publisher\":{\"@id\":\"https:\\\/\\\/racom.com.pl\\\/#organization\"},\"potentialAction\":[{\"@type\":\"SearchAction\",\"target\":{\"@type\":\"EntryPoint\",\"urlTemplate\":\"https:\\\/\\\/racom.com.pl\\\/?s={search_term_string}\"},\"query-input\":{\"@type\":\"PropertyValueSpecification\",\"valueRequired\":true,\"valueName\":\"search_term_string\"}}],\"inLanguage\":\"pl-PL\"},{\"@type\":\"Organization\",\"@id\":\"https:\\\/\\\/racom.com.pl\\\/#organization\",\"name\":\"Mix Market - Supermarket z wszystkim co potrzeba do domu i nie tylko\",\"url\":\"https:\\\/\\\/racom.com.pl\\\/\",\"logo\":{\"@type\":\"ImageObject\",\"inLanguage\":\"pl-PL\",\"@id\":\"https:\\\/\\\/racom.com.pl\\\/#\\\/schema\\\/logo\\\/image\\\/\",\"url\":\"https:\\\/\\\/racom.com.pl\\\/wp-content\\\/uploads\\\/2025\\\/07\\\/mixmarket_logo.png\",\"contentUrl\":\"https:\\\/\\\/racom.com.pl\\\/wp-content\\\/uploads\\\/2025\\\/07\\\/mixmarket_logo.png\",\"width\":1024,\"height\":1024,\"caption\":\"Mix Market - Supermarket z wszystkim co potrzeba do domu i nie tylko\"},\"image\":{\"@id\":\"https:\\\/\\\/racom.com.pl\\\/#\\\/schema\\\/logo\\\/image\\\/\"}}]}<\/script>\n<!-- \/ Yoast SEO plugin. -->","yoast_head_json":{"title":"TONER ML1610 ML2010 2570 SCX4521 4321 do SAMSUNG NOWY - Mix Market - Supermarket z wszystkim co potrzeba","robots":{"index":"index","follow":"follow","max-snippet":"max-snippet:-1","max-image-preview":"max-image-preview:large","max-video-preview":"max-video-preview:-1"},"canonical":"https:\/\/racom.com.pl\/index.php\/produkt\/toner-ml1610-ml2010-2570-scx4521-4321-do-samsung-nowy\/","og_locale":"pl_PL","og_type":"article","og_title":"TONER ML1610 ML2010 2570 SCX4521 4321 do SAMSUNG NOWY - Mix Market - Supermarket z wszystkim co potrzeba","og_description":"NOWY TONER ML1610 \/ ML2010 \/ SCX4521 DO Samsung Fabrycznie nowy toner zamienny do drukarek i urz\u0105dze\u0144 wielofunkcyjnych i drukarek marki Samsung. Oznaczenie producenta &#8211; ML1610 \/ ML2010 \/ SCX4521 Toner 100% NOWY, nieregenerowany, zapakowany hermetycznie w foli\u0119 i karton widoczny na zdj\u0119ciu, wydruk do 3000str. (pokrycie 5%) Posiada certyfikaty ISO9001, ISO14001 Kompatybilny z urz\u0105dzeniami [&hellip;]","og_url":"https:\/\/racom.com.pl\/index.php\/produkt\/toner-ml1610-ml2010-2570-scx4521-4321-do-samsung-nowy\/","og_site_name":"Mix Market - Supermarket z wszystkim co potrzeba","og_image":[{"width":800,"height":800,"url":"https:\/\/racom.com.pl\/wp-content\/uploads\/2025\/07\/allegro_687a87e7c94023.20965837_83682d9c415cae078dcfa2b3a531.jpg","type":"image\/jpeg"}],"twitter_card":"summary_large_image","schema":{"@context":"https:\/\/schema.org","@graph":[{"@type":"WebPage","@id":"https:\/\/racom.com.pl\/index.php\/produkt\/toner-ml1610-ml2010-2570-scx4521-4321-do-samsung-nowy\/","url":"https:\/\/racom.com.pl\/index.php\/produkt\/toner-ml1610-ml2010-2570-scx4521-4321-do-samsung-nowy\/","name":"TONER ML1610 ML2010 2570 SCX4521 4321 do SAMSUNG NOWY - Mix Market - Supermarket z wszystkim co potrzeba","isPartOf":{"@id":"https:\/\/racom.com.pl\/#website"},"primaryImageOfPage":{"@id":"https:\/\/racom.com.pl\/index.php\/produkt\/toner-ml1610-ml2010-2570-scx4521-4321-do-samsung-nowy\/#primaryimage"},"image":{"@id":"https:\/\/racom.com.pl\/index.php\/produkt\/toner-ml1610-ml2010-2570-scx4521-4321-do-samsung-nowy\/#primaryimage"},"thumbnailUrl":"https:\/\/racom.com.pl\/wp-content\/uploads\/2025\/07\/allegro_687a87e7c94023.20965837_83682d9c415cae078dcfa2b3a531.jpg","datePublished":"2025-07-18T17:43:40+00:00","breadcrumb":{"@id":"https:\/\/racom.com.pl\/index.php\/produkt\/toner-ml1610-ml2010-2570-scx4521-4321-do-samsung-nowy\/#breadcrumb"},"inLanguage":"pl-PL","potentialAction":[{"@type":"ReadAction","target":["https:\/\/racom.com.pl\/index.php\/produkt\/toner-ml1610-ml2010-2570-scx4521-4321-do-samsung-nowy\/"]}]},{"@type":"ImageObject","inLanguage":"pl-PL","@id":"https:\/\/racom.com.pl\/index.php\/produkt\/toner-ml1610-ml2010-2570-scx4521-4321-do-samsung-nowy\/#primaryimage","url":"https:\/\/racom.com.pl\/wp-content\/uploads\/2025\/07\/allegro_687a87e7c94023.20965837_83682d9c415cae078dcfa2b3a531.jpg","contentUrl":"https:\/\/racom.com.pl\/wp-content\/uploads\/2025\/07\/allegro_687a87e7c94023.20965837_83682d9c415cae078dcfa2b3a531.jpg","width":800,"height":800},{"@type":"BreadcrumbList","@id":"https:\/\/racom.com.pl\/index.php\/produkt\/toner-ml1610-ml2010-2570-scx4521-4321-do-samsung-nowy\/#breadcrumb","itemListElement":[{"@type":"ListItem","position":1,"name":"Strona g\u0142\u00f3wna","item":"https:\/\/racom.com.pl\/"},{"@type":"ListItem","position":2,"name":"Sklep","item":"https:\/\/racom.com.pl\/"},{"@type":"ListItem","position":3,"name":"TONER ML1610 ML2010 2570 SCX4521 4321 do SAMSUNG NOWY"}]},{"@type":"WebSite","@id":"https:\/\/racom.com.pl\/#website","url":"https:\/\/racom.com.pl\/","name":"Mix Market - Supermarket z wszystkim co potrzeba do domu i nie tylko","description":"","publisher":{"@id":"https:\/\/racom.com.pl\/#organization"},"potentialAction":[{"@type":"SearchAction","target":{"@type":"EntryPoint","urlTemplate":"https:\/\/racom.com.pl\/?s={search_term_string}"},"query-input":{"@type":"PropertyValueSpecification","valueRequired":true,"valueName":"search_term_string"}}],"inLanguage":"pl-PL"},{"@type":"Organization","@id":"https:\/\/racom.com.pl\/#organization","name":"Mix Market - Supermarket z wszystkim co potrzeba do domu i nie tylko","url":"https:\/\/racom.com.pl\/","logo":{"@type":"ImageObject","inLanguage":"pl-PL","@id":"https:\/\/racom.com.pl\/#\/schema\/logo\/image\/","url":"https:\/\/racom.com.pl\/wp-content\/uploads\/2025\/07\/mixmarket_logo.png","contentUrl":"https:\/\/racom.com.pl\/wp-content\/uploads\/2025\/07\/mixmarket_logo.png","width":1024,"height":1024,"caption":"Mix Market - Supermarket z wszystkim co potrzeba do domu i nie tylko"},"image":{"@id":"https:\/\/racom.com.pl\/#\/schema\/logo\/image\/"}}]}},"_links":{"self":[{"href":"https:\/\/racom.com.pl\/index.php\/wp-json\/wp\/v2\/product\/1504","targetHints":{"allow":["GET"]}}],"collection":[{"href":"https:\/\/racom.com.pl\/index.php\/wp-json\/wp\/v2\/product"}],"about":[{"href":"https:\/\/racom.com.pl\/index.php\/wp-json\/wp\/v2\/types\/product"}],"replies":[{"embeddable":true,"href":"https:\/\/racom.com.pl\/index.php\/wp-json\/wp\/v2\/comments?post=1504"}],"wp:featuredmedia":[{"embeddable":true,"href":"https:\/\/racom.com.pl\/index.php\/wp-json\/wp\/v2\/media\/1506"}],"wp:attachment":[{"href":"https:\/\/racom.com.pl\/index.php\/wp-json\/wp\/v2\/media?parent=1504"}],"wp:term":[{"taxonomy":"product_brand","embeddable":true,"href":"https:\/\/racom.com.pl\/index.php\/wp-json\/wp\/v2\/product_brand?post=1504"},{"taxonomy":"product_cat","embeddable":true,"href":"https:\/\/racom.com.pl\/index.php\/wp-json\/wp\/v2\/product_cat?post=1504"},{"taxonomy":"product_tag","embeddable":true,"href":"https:\/\/racom.com.pl\/index.php\/wp-json\/wp\/v2\/product_tag?post=1504"}],"curies":[{"name":"wp","href":"https:\/\/api.w.org\/{rel}","templated":true}]}}