{"id":1507,"date":"2025-07-18T19:44:20","date_gmt":"2025-07-18T17:44:20","guid":{"rendered":"http:\/\/192.168.2.106\/index.php\/produkt\/toner-do-hp-w1420a-hp-laserjet-m110w-m110we-m140we-m139w-m140a-m142a\/"},"modified":"2025-07-18T19:44:20","modified_gmt":"2025-07-18T17:44:20","slug":"toner-do-hp-w1420a-hp-laserjet-m110w-m110we-m140we-m139w-m140a-m142a","status":"publish","type":"product","link":"https:\/\/racom.com.pl\/index.php\/produkt\/toner-do-hp-w1420a-hp-laserjet-m110w-m110we-m140we-m139w-m140a-m142a\/","title":{"rendered":"Toner do HP W1420A HP LaserJet M110w M110we M140we M139w M140a M142a"},"content":{"rendered":"<h2>Nowy Zamienny toner<\/h2>\n<h2>do HP o symbolu W1420A 142A<\/h2>\n<ul>\n<li>Wydajno\u015b\u0107:&nbsp;<b>950 stron<\/b>&nbsp;przy 5% pokryciu zadruku<\/li>\n<li>Kolor:&nbsp;<b>Black &#8211; Czarny<\/b><\/li>\n<li>Rodzaj:&nbsp;<b>zamiennik<\/b><\/li>\n<li>Do drukarek laserowych:&nbsp;<b>HP<\/b><\/li>\n<\/ul>\n<p><b>Toner jest bez Chipa,&nbsp;<\/b><b>uk\u0142ad nale\u017cy prze\u0142o\u017cy\u0107 z poprzedniego tonera.<\/b><\/p>\n<p>Kompatybilny z:<\/p>\n<ul>\n<li><b>HP LaserJet M109<\/b><\/li>\n<li><b>HP LaserJet M109a<\/b><\/li>\n<li><b>HP LaserJet M109w<\/b><\/li>\n<li><b>HP LaserJet M109we<\/b><\/li>\n<\/ul>\n<ul>\n<li><b>HP LaserJet M110<\/b><\/li>\n<li><b>HP LaserJet M110a<\/b><\/li>\n<li><b>HP LaserJet M110w<\/b><\/li>\n<li><b>HP LaserJet M110we<\/b><\/li>\n<\/ul>\n<ul>\n<li><b>HP LaserJet M111a<\/b><\/li>\n<li><b>HP LaserJet M111w<\/b><\/li>\n<li><b>HP LaserJet M111we<\/b><\/li>\n<\/ul>\n<ul>\n<li><b>HP LaserJet M112<\/b><\/li>\n<li><b>HP LaserJet M112a<\/b><\/li>\n<li><b>HP LaserJet M112w<\/b><\/li>\n<li><b>HP LaserJet M112we<\/b><\/li>\n<\/ul>\n<ul>\n<li><b>HP LaserJet MFP M139a<\/b><\/li>\n<li><b>HP LaserJet M139w<\/b><\/li>\n<li><b>HP LaserJet M139we<\/b><\/li>\n<\/ul>\n<ul>\n<li><b>HP LaserJet M140a<\/b><\/li>\n<li><b>HP LaserJet M140w<\/b><\/li>\n<li><b>HP LaserJet M140we<\/b><\/li>\n<\/ul>\n<ul>\n<li><b>HP LaserJet M141a<\/b><\/li>\n<li><b>HP LaserJet M141w<\/b><\/li>\n<li><b>HP LaserJet M141we<\/b><\/li>\n<\/ul>\n<ul>\n<li><b>HP LaserJet M142a<\/b><\/li>\n<li><b>HP LaserJet M142w<\/b><\/li>\n<li><b>HP LaserJet M142we<\/b><\/li>\n<\/ul>\n<p>oraz innymi urz\u0105dzeniami obs\u0142uguj\u0105cymi ten model tonera.<\/p>\n","protected":false},"excerpt":{"rendered":"<p>Nowy Zamienny toner do HP o symbolu W1420A 142A Wydajno\u015b\u0107:&nbsp;950 stron&nbsp;przy 5% pokryciu zadruku Kolor:&nbsp;Black &#8211; Czarny Rodzaj:&nbsp;zamiennik Do drukarek laserowych:&nbsp;HP Toner jest bez Chipa,&nbsp;uk\u0142ad nale\u017cy prze\u0142o\u017cy\u0107 z poprzedniego tonera. Kompatybilny z: HP LaserJet M109 HP LaserJet M109a HP LaserJet M109w HP LaserJet M109we HP LaserJet M110 HP LaserJet M110a HP LaserJet M110w HP LaserJet [&hellip;]<\/p>\n","protected":false},"featured_media":1510,"comment_status":"open","ping_status":"closed","template":"","meta":[],"product_brand":[],"product_cat":[35],"product_tag":[],"class_list":{"0":"post-1507","1":"product","2":"type-product","3":"status-publish","4":"has-post-thumbnail","6":"product_cat-drukarki-i-skanery","8":"first","9":"instock","10":"taxable","11":"shipping-taxable","12":"purchasable","13":"product-type-simple"},"yoast_head":"<!-- This site is optimized with the Yoast SEO plugin v27.3 - https:\/\/yoast.com\/product\/yoast-seo-wordpress\/ -->\n<title>Toner do HP W1420A HP LaserJet M110w M110we M140we M139w M140a M142a - Mix Market - Supermarket z wszystkim co potrzeba<\/title>\n<meta name=\"robots\" content=\"index, follow, max-snippet:-1, max-image-preview:large, max-video-preview:-1\" \/>\n<link rel=\"canonical\" href=\"https:\/\/racom.com.pl\/index.php\/produkt\/toner-do-hp-w1420a-hp-laserjet-m110w-m110we-m140we-m139w-m140a-m142a\/\" \/>\n<meta property=\"og:locale\" content=\"pl_PL\" \/>\n<meta property=\"og:type\" content=\"article\" \/>\n<meta property=\"og:title\" content=\"Toner do HP W1420A HP LaserJet M110w M110we M140we M139w M140a M142a - Mix Market - Supermarket z wszystkim co potrzeba\" \/>\n<meta property=\"og:description\" content=\"Nowy Zamienny toner do HP o symbolu W1420A 142A Wydajno\u015b\u0107:&nbsp;950 stron&nbsp;przy 5% pokryciu zadruku Kolor:&nbsp;Black &#8211; Czarny Rodzaj:&nbsp;zamiennik Do drukarek laserowych:&nbsp;HP Toner jest bez Chipa,&nbsp;uk\u0142ad nale\u017cy prze\u0142o\u017cy\u0107 z poprzedniego tonera. Kompatybilny z: HP LaserJet M109 HP LaserJet M109a HP LaserJet M109w HP LaserJet M109we HP LaserJet M110 HP LaserJet M110a HP LaserJet M110w HP LaserJet [&hellip;]\" \/>\n<meta property=\"og:url\" content=\"https:\/\/racom.com.pl\/index.php\/produkt\/toner-do-hp-w1420a-hp-laserjet-m110w-m110we-m140we-m139w-m140a-m142a\/\" \/>\n<meta property=\"og:site_name\" content=\"Mix Market - Supermarket z wszystkim co potrzeba\" \/>\n<meta property=\"og:image\" content=\"https:\/\/racom.com.pl\/wp-content\/uploads\/2025\/07\/allegro_687a881f764c25.82027566_836a93a245bcb751a1673101a048.jpg\" \/>\n\t<meta property=\"og:image:width\" content=\"720\" \/>\n\t<meta property=\"og:image:height\" content=\"540\" \/>\n\t<meta property=\"og:image:type\" content=\"image\/jpeg\" \/>\n<meta name=\"twitter:card\" content=\"summary_large_image\" \/>\n<meta name=\"twitter:label1\" content=\"Szacowany czas czytania\" \/>\n\t<meta name=\"twitter:data1\" content=\"1 minuta\" \/>\n<script type=\"application\/ld+json\" class=\"yoast-schema-graph\">{\"@context\":\"https:\\\/\\\/schema.org\",\"@graph\":[{\"@type\":\"WebPage\",\"@id\":\"https:\\\/\\\/racom.com.pl\\\/index.php\\\/produkt\\\/toner-do-hp-w1420a-hp-laserjet-m110w-m110we-m140we-m139w-m140a-m142a\\\/\",\"url\":\"https:\\\/\\\/racom.com.pl\\\/index.php\\\/produkt\\\/toner-do-hp-w1420a-hp-laserjet-m110w-m110we-m140we-m139w-m140a-m142a\\\/\",\"name\":\"Toner do HP W1420A HP LaserJet M110w M110we M140we M139w M140a M142a - Mix Market - Supermarket z wszystkim co potrzeba\",\"isPartOf\":{\"@id\":\"https:\\\/\\\/racom.com.pl\\\/#website\"},\"primaryImageOfPage\":{\"@id\":\"https:\\\/\\\/racom.com.pl\\\/index.php\\\/produkt\\\/toner-do-hp-w1420a-hp-laserjet-m110w-m110we-m140we-m139w-m140a-m142a\\\/#primaryimage\"},\"image\":{\"@id\":\"https:\\\/\\\/racom.com.pl\\\/index.php\\\/produkt\\\/toner-do-hp-w1420a-hp-laserjet-m110w-m110we-m140we-m139w-m140a-m142a\\\/#primaryimage\"},\"thumbnailUrl\":\"https:\\\/\\\/racom.com.pl\\\/wp-content\\\/uploads\\\/2025\\\/07\\\/allegro_687a881f764c25.82027566_836a93a245bcb751a1673101a048.jpg\",\"datePublished\":\"2025-07-18T17:44:20+00:00\",\"breadcrumb\":{\"@id\":\"https:\\\/\\\/racom.com.pl\\\/index.php\\\/produkt\\\/toner-do-hp-w1420a-hp-laserjet-m110w-m110we-m140we-m139w-m140a-m142a\\\/#breadcrumb\"},\"inLanguage\":\"pl-PL\",\"potentialAction\":[{\"@type\":\"ReadAction\",\"target\":[\"https:\\\/\\\/racom.com.pl\\\/index.php\\\/produkt\\\/toner-do-hp-w1420a-hp-laserjet-m110w-m110we-m140we-m139w-m140a-m142a\\\/\"]}]},{\"@type\":\"ImageObject\",\"inLanguage\":\"pl-PL\",\"@id\":\"https:\\\/\\\/racom.com.pl\\\/index.php\\\/produkt\\\/toner-do-hp-w1420a-hp-laserjet-m110w-m110we-m140we-m139w-m140a-m142a\\\/#primaryimage\",\"url\":\"https:\\\/\\\/racom.com.pl\\\/wp-content\\\/uploads\\\/2025\\\/07\\\/allegro_687a881f764c25.82027566_836a93a245bcb751a1673101a048.jpg\",\"contentUrl\":\"https:\\\/\\\/racom.com.pl\\\/wp-content\\\/uploads\\\/2025\\\/07\\\/allegro_687a881f764c25.82027566_836a93a245bcb751a1673101a048.jpg\",\"width\":720,\"height\":540},{\"@type\":\"BreadcrumbList\",\"@id\":\"https:\\\/\\\/racom.com.pl\\\/index.php\\\/produkt\\\/toner-do-hp-w1420a-hp-laserjet-m110w-m110we-m140we-m139w-m140a-m142a\\\/#breadcrumb\",\"itemListElement\":[{\"@type\":\"ListItem\",\"position\":1,\"name\":\"Strona g\u0142\u00f3wna\",\"item\":\"https:\\\/\\\/racom.com.pl\\\/\"},{\"@type\":\"ListItem\",\"position\":2,\"name\":\"Sklep\",\"item\":\"https:\\\/\\\/racom.com.pl\\\/\"},{\"@type\":\"ListItem\",\"position\":3,\"name\":\"Toner do HP W1420A HP LaserJet M110w M110we M140we M139w M140a M142a\"}]},{\"@type\":\"WebSite\",\"@id\":\"https:\\\/\\\/racom.com.pl\\\/#website\",\"url\":\"https:\\\/\\\/racom.com.pl\\\/\",\"name\":\"Mix Market - Supermarket z wszystkim co potrzeba do domu i nie tylko\",\"description\":\"\",\"publisher\":{\"@id\":\"https:\\\/\\\/racom.com.pl\\\/#organization\"},\"potentialAction\":[{\"@type\":\"SearchAction\",\"target\":{\"@type\":\"EntryPoint\",\"urlTemplate\":\"https:\\\/\\\/racom.com.pl\\\/?s={search_term_string}\"},\"query-input\":{\"@type\":\"PropertyValueSpecification\",\"valueRequired\":true,\"valueName\":\"search_term_string\"}}],\"inLanguage\":\"pl-PL\"},{\"@type\":\"Organization\",\"@id\":\"https:\\\/\\\/racom.com.pl\\\/#organization\",\"name\":\"Mix Market - Supermarket z wszystkim co potrzeba do domu i nie tylko\",\"url\":\"https:\\\/\\\/racom.com.pl\\\/\",\"logo\":{\"@type\":\"ImageObject\",\"inLanguage\":\"pl-PL\",\"@id\":\"https:\\\/\\\/racom.com.pl\\\/#\\\/schema\\\/logo\\\/image\\\/\",\"url\":\"https:\\\/\\\/racom.com.pl\\\/wp-content\\\/uploads\\\/2025\\\/07\\\/mixmarket_logo.png\",\"contentUrl\":\"https:\\\/\\\/racom.com.pl\\\/wp-content\\\/uploads\\\/2025\\\/07\\\/mixmarket_logo.png\",\"width\":1024,\"height\":1024,\"caption\":\"Mix Market - Supermarket z wszystkim co potrzeba do domu i nie tylko\"},\"image\":{\"@id\":\"https:\\\/\\\/racom.com.pl\\\/#\\\/schema\\\/logo\\\/image\\\/\"}}]}<\/script>\n<!-- \/ Yoast SEO plugin. -->","yoast_head_json":{"title":"Toner do HP W1420A HP LaserJet M110w M110we M140we M139w M140a M142a - Mix Market - Supermarket z wszystkim co potrzeba","robots":{"index":"index","follow":"follow","max-snippet":"max-snippet:-1","max-image-preview":"max-image-preview:large","max-video-preview":"max-video-preview:-1"},"canonical":"https:\/\/racom.com.pl\/index.php\/produkt\/toner-do-hp-w1420a-hp-laserjet-m110w-m110we-m140we-m139w-m140a-m142a\/","og_locale":"pl_PL","og_type":"article","og_title":"Toner do HP W1420A HP LaserJet M110w M110we M140we M139w M140a M142a - Mix Market - Supermarket z wszystkim co potrzeba","og_description":"Nowy Zamienny toner do HP o symbolu W1420A 142A Wydajno\u015b\u0107:&nbsp;950 stron&nbsp;przy 5% pokryciu zadruku Kolor:&nbsp;Black &#8211; Czarny Rodzaj:&nbsp;zamiennik Do drukarek laserowych:&nbsp;HP Toner jest bez Chipa,&nbsp;uk\u0142ad nale\u017cy prze\u0142o\u017cy\u0107 z poprzedniego tonera. Kompatybilny z: HP LaserJet M109 HP LaserJet M109a HP LaserJet M109w HP LaserJet M109we HP LaserJet M110 HP LaserJet M110a HP LaserJet M110w HP LaserJet [&hellip;]","og_url":"https:\/\/racom.com.pl\/index.php\/produkt\/toner-do-hp-w1420a-hp-laserjet-m110w-m110we-m140we-m139w-m140a-m142a\/","og_site_name":"Mix Market - Supermarket z wszystkim co potrzeba","og_image":[{"width":720,"height":540,"url":"https:\/\/racom.com.pl\/wp-content\/uploads\/2025\/07\/allegro_687a881f764c25.82027566_836a93a245bcb751a1673101a048.jpg","type":"image\/jpeg"}],"twitter_card":"summary_large_image","twitter_misc":{"Szacowany czas czytania":"1 minuta"},"schema":{"@context":"https:\/\/schema.org","@graph":[{"@type":"WebPage","@id":"https:\/\/racom.com.pl\/index.php\/produkt\/toner-do-hp-w1420a-hp-laserjet-m110w-m110we-m140we-m139w-m140a-m142a\/","url":"https:\/\/racom.com.pl\/index.php\/produkt\/toner-do-hp-w1420a-hp-laserjet-m110w-m110we-m140we-m139w-m140a-m142a\/","name":"Toner do HP W1420A HP LaserJet M110w M110we M140we M139w M140a M142a - Mix Market - Supermarket z wszystkim co potrzeba","isPartOf":{"@id":"https:\/\/racom.com.pl\/#website"},"primaryImageOfPage":{"@id":"https:\/\/racom.com.pl\/index.php\/produkt\/toner-do-hp-w1420a-hp-laserjet-m110w-m110we-m140we-m139w-m140a-m142a\/#primaryimage"},"image":{"@id":"https:\/\/racom.com.pl\/index.php\/produkt\/toner-do-hp-w1420a-hp-laserjet-m110w-m110we-m140we-m139w-m140a-m142a\/#primaryimage"},"thumbnailUrl":"https:\/\/racom.com.pl\/wp-content\/uploads\/2025\/07\/allegro_687a881f764c25.82027566_836a93a245bcb751a1673101a048.jpg","datePublished":"2025-07-18T17:44:20+00:00","breadcrumb":{"@id":"https:\/\/racom.com.pl\/index.php\/produkt\/toner-do-hp-w1420a-hp-laserjet-m110w-m110we-m140we-m139w-m140a-m142a\/#breadcrumb"},"inLanguage":"pl-PL","potentialAction":[{"@type":"ReadAction","target":["https:\/\/racom.com.pl\/index.php\/produkt\/toner-do-hp-w1420a-hp-laserjet-m110w-m110we-m140we-m139w-m140a-m142a\/"]}]},{"@type":"ImageObject","inLanguage":"pl-PL","@id":"https:\/\/racom.com.pl\/index.php\/produkt\/toner-do-hp-w1420a-hp-laserjet-m110w-m110we-m140we-m139w-m140a-m142a\/#primaryimage","url":"https:\/\/racom.com.pl\/wp-content\/uploads\/2025\/07\/allegro_687a881f764c25.82027566_836a93a245bcb751a1673101a048.jpg","contentUrl":"https:\/\/racom.com.pl\/wp-content\/uploads\/2025\/07\/allegro_687a881f764c25.82027566_836a93a245bcb751a1673101a048.jpg","width":720,"height":540},{"@type":"BreadcrumbList","@id":"https:\/\/racom.com.pl\/index.php\/produkt\/toner-do-hp-w1420a-hp-laserjet-m110w-m110we-m140we-m139w-m140a-m142a\/#breadcrumb","itemListElement":[{"@type":"ListItem","position":1,"name":"Strona g\u0142\u00f3wna","item":"https:\/\/racom.com.pl\/"},{"@type":"ListItem","position":2,"name":"Sklep","item":"https:\/\/racom.com.pl\/"},{"@type":"ListItem","position":3,"name":"Toner do HP W1420A HP LaserJet M110w M110we M140we M139w M140a M142a"}]},{"@type":"WebSite","@id":"https:\/\/racom.com.pl\/#website","url":"https:\/\/racom.com.pl\/","name":"Mix Market - Supermarket z wszystkim co potrzeba do domu i nie tylko","description":"","publisher":{"@id":"https:\/\/racom.com.pl\/#organization"},"potentialAction":[{"@type":"SearchAction","target":{"@type":"EntryPoint","urlTemplate":"https:\/\/racom.com.pl\/?s={search_term_string}"},"query-input":{"@type":"PropertyValueSpecification","valueRequired":true,"valueName":"search_term_string"}}],"inLanguage":"pl-PL"},{"@type":"Organization","@id":"https:\/\/racom.com.pl\/#organization","name":"Mix Market - Supermarket z wszystkim co potrzeba do domu i nie tylko","url":"https:\/\/racom.com.pl\/","logo":{"@type":"ImageObject","inLanguage":"pl-PL","@id":"https:\/\/racom.com.pl\/#\/schema\/logo\/image\/","url":"https:\/\/racom.com.pl\/wp-content\/uploads\/2025\/07\/mixmarket_logo.png","contentUrl":"https:\/\/racom.com.pl\/wp-content\/uploads\/2025\/07\/mixmarket_logo.png","width":1024,"height":1024,"caption":"Mix Market - Supermarket z wszystkim co potrzeba do domu i nie tylko"},"image":{"@id":"https:\/\/racom.com.pl\/#\/schema\/logo\/image\/"}}]}},"_links":{"self":[{"href":"https:\/\/racom.com.pl\/index.php\/wp-json\/wp\/v2\/product\/1507","targetHints":{"allow":["GET"]}}],"collection":[{"href":"https:\/\/racom.com.pl\/index.php\/wp-json\/wp\/v2\/product"}],"about":[{"href":"https:\/\/racom.com.pl\/index.php\/wp-json\/wp\/v2\/types\/product"}],"replies":[{"embeddable":true,"href":"https:\/\/racom.com.pl\/index.php\/wp-json\/wp\/v2\/comments?post=1507"}],"wp:featuredmedia":[{"embeddable":true,"href":"https:\/\/racom.com.pl\/index.php\/wp-json\/wp\/v2\/media\/1510"}],"wp:attachment":[{"href":"https:\/\/racom.com.pl\/index.php\/wp-json\/wp\/v2\/media?parent=1507"}],"wp:term":[{"taxonomy":"product_brand","embeddable":true,"href":"https:\/\/racom.com.pl\/index.php\/wp-json\/wp\/v2\/product_brand?post=1507"},{"taxonomy":"product_cat","embeddable":true,"href":"https:\/\/racom.com.pl\/index.php\/wp-json\/wp\/v2\/product_cat?post=1507"},{"taxonomy":"product_tag","embeddable":true,"href":"https:\/\/racom.com.pl\/index.php\/wp-json\/wp\/v2\/product_tag?post=1507"}],"curies":[{"name":"wp","href":"https:\/\/api.w.org\/{rel}","templated":true}]}}