{"id":1511,"date":"2025-07-18T19:45:15","date_gmt":"2025-07-18T17:45:15","guid":{"rendered":"http:\/\/192.168.2.106\/index.php\/produkt\/toner-do-brother-hl2020-hl2030-hl2032-hl2040-hl2070n-mfc7420-mfc7820-tn2000\/"},"modified":"2025-07-18T19:45:15","modified_gmt":"2025-07-18T17:45:15","slug":"toner-do-brother-hl2020-hl2030-hl2032-hl2040-hl2070n-mfc7420-mfc7820-tn2000","status":"publish","type":"product","link":"https:\/\/racom.com.pl\/index.php\/produkt\/toner-do-brother-hl2020-hl2030-hl2032-hl2040-hl2070n-mfc7420-mfc7820-tn2000\/","title":{"rendered":"Toner do Brother HL2020 HL2030 HL2032 HL2040 HL2070n MFC7420 MFC7820 TN2000"},"content":{"rendered":"<h2>TONER<\/h2>\n<p>Toner Zamienny do Brother TN2000\/TN2005 I HL2030\/2040\/DCP7010\/7025 | black<\/p>\n<ul>\n<li>Zamiennik\/Orygina\u0142: Zamiennik<\/li>\n<li>Typ: BT-TN2000\/TN350\/TN2005 BK*E(2500)<\/li>\n<li><b>Kolor: Kolor: czarny<\/b><\/li>\n<li>Wydajno\u015b\u0107 (przy 5% pokryciu strony A4): 2500 str.<\/li>\n<li>Technologia druku: laserowa<\/li>\n<li><b>Kompatybilne urz\u0105dzenia:<\/b><\/li>\n<li>Brother MFC-7220<\/li>\n<li>Brother MFC-7225N\/<\/li>\n<li>Brother MFC-7420<\/li>\n<li>Brother MFC-7820N<\/li>\n<li>Brother HL-2030<\/li>\n<li>Brother HL-2040<\/li>\n<li>Brother HL-2070N<\/li>\n<li>Brother HL-2035<\/li>\n<li>Brother HL-2075<\/li>\n<li>Brother HL-2037<\/li>\n<li>Brother HL-2037E<\/li>\n<li>Brotehr DCP-7010<\/li>\n<li>Brotehr DCP-7020<\/li>\n<li>Brotehr DCP-7025M<\/li>\n<li>Brotehr DCP-7030<\/li>\n<li>Intelli Fax 2820<\/li>\n<li>Intelli Fax 2920<\/li>\n<li>Lenovo M7020M7120<\/li>\n<li>Lenovo M7130N<\/li>\n<li>Lenovo M3120<\/li>\n<li>Lenovo M3220 LJ2000<\/li>\n<li>Lenovo M3220 LJ2050N<\/li>\n<li>Xerox Docuprint 203A<\/li>\n<li>Xerox Docuprint 204A<\/li>\n<\/ul>\n","protected":false},"excerpt":{"rendered":"<p>TONER Toner Zamienny do Brother TN2000\/TN2005 I HL2030\/2040\/DCP7010\/7025 | black Zamiennik\/Orygina\u0142: Zamiennik Typ: BT-TN2000\/TN350\/TN2005 BK*E(2500) Kolor: Kolor: czarny Wydajno\u015b\u0107 (przy 5% pokryciu strony A4): 2500 str. Technologia druku: laserowa Kompatybilne urz\u0105dzenia: Brother MFC-7220 Brother MFC-7225N\/ Brother MFC-7420 Brother MFC-7820N Brother HL-2030 Brother HL-2040 Brother HL-2070N Brother HL-2035 Brother HL-2075 Brother HL-2037 Brother HL-2037E Brotehr DCP-7010 [&hellip;]<\/p>\n","protected":false},"featured_media":1513,"comment_status":"open","ping_status":"closed","template":"","meta":[],"product_brand":[],"product_cat":[35],"product_tag":[],"class_list":{"0":"post-1511","1":"product","2":"type-product","3":"status-publish","4":"has-post-thumbnail","6":"product_cat-drukarki-i-skanery","8":"first","9":"instock","10":"taxable","11":"shipping-taxable","12":"purchasable","13":"product-type-simple"},"yoast_head":"<!-- This site is optimized with the Yoast SEO plugin v27.3 - https:\/\/yoast.com\/product\/yoast-seo-wordpress\/ -->\n<title>Toner do Brother HL2020 HL2030 HL2032 HL2040 HL2070n MFC7420 MFC7820 TN2000 - Mix Market - Supermarket z wszystkim co potrzeba<\/title>\n<meta name=\"robots\" content=\"index, follow, max-snippet:-1, max-image-preview:large, max-video-preview:-1\" \/>\n<link rel=\"canonical\" href=\"https:\/\/racom.com.pl\/index.php\/produkt\/toner-do-brother-hl2020-hl2030-hl2032-hl2040-hl2070n-mfc7420-mfc7820-tn2000\/\" \/>\n<meta property=\"og:locale\" content=\"pl_PL\" \/>\n<meta property=\"og:type\" content=\"article\" \/>\n<meta property=\"og:title\" content=\"Toner do Brother HL2020 HL2030 HL2032 HL2040 HL2070n MFC7420 MFC7820 TN2000 - Mix Market - Supermarket z wszystkim co potrzeba\" \/>\n<meta property=\"og:description\" content=\"TONER Toner Zamienny do Brother TN2000\/TN2005 I HL2030\/2040\/DCP7010\/7025 | black Zamiennik\/Orygina\u0142: Zamiennik Typ: BT-TN2000\/TN350\/TN2005 BK*E(2500) Kolor: Kolor: czarny Wydajno\u015b\u0107 (przy 5% pokryciu strony A4): 2500 str. Technologia druku: laserowa Kompatybilne urz\u0105dzenia: Brother MFC-7220 Brother MFC-7225N\/ Brother MFC-7420 Brother MFC-7820N Brother HL-2030 Brother HL-2040 Brother HL-2070N Brother HL-2035 Brother HL-2075 Brother HL-2037 Brother HL-2037E Brotehr DCP-7010 [&hellip;]\" \/>\n<meta property=\"og:url\" content=\"https:\/\/racom.com.pl\/index.php\/produkt\/toner-do-brother-hl2020-hl2030-hl2032-hl2040-hl2070n-mfc7420-mfc7820-tn2000\/\" \/>\n<meta property=\"og:site_name\" content=\"Mix Market - Supermarket z wszystkim co potrzeba\" \/>\n<meta property=\"og:image\" content=\"https:\/\/racom.com.pl\/wp-content\/uploads\/2025\/07\/allegro_687a88671fe502.04710498_0f5e143645718e16d5983b4fc4f7.jpg\" \/>\n\t<meta property=\"og:image:width\" content=\"800\" \/>\n\t<meta property=\"og:image:height\" content=\"665\" \/>\n\t<meta property=\"og:image:type\" content=\"image\/jpeg\" \/>\n<meta name=\"twitter:card\" content=\"summary_large_image\" \/>\n<script type=\"application\/ld+json\" class=\"yoast-schema-graph\">{\"@context\":\"https:\\\/\\\/schema.org\",\"@graph\":[{\"@type\":\"WebPage\",\"@id\":\"https:\\\/\\\/racom.com.pl\\\/index.php\\\/produkt\\\/toner-do-brother-hl2020-hl2030-hl2032-hl2040-hl2070n-mfc7420-mfc7820-tn2000\\\/\",\"url\":\"https:\\\/\\\/racom.com.pl\\\/index.php\\\/produkt\\\/toner-do-brother-hl2020-hl2030-hl2032-hl2040-hl2070n-mfc7420-mfc7820-tn2000\\\/\",\"name\":\"Toner do Brother HL2020 HL2030 HL2032 HL2040 HL2070n MFC7420 MFC7820 TN2000 - Mix Market - Supermarket z wszystkim co potrzeba\",\"isPartOf\":{\"@id\":\"https:\\\/\\\/racom.com.pl\\\/#website\"},\"primaryImageOfPage\":{\"@id\":\"https:\\\/\\\/racom.com.pl\\\/index.php\\\/produkt\\\/toner-do-brother-hl2020-hl2030-hl2032-hl2040-hl2070n-mfc7420-mfc7820-tn2000\\\/#primaryimage\"},\"image\":{\"@id\":\"https:\\\/\\\/racom.com.pl\\\/index.php\\\/produkt\\\/toner-do-brother-hl2020-hl2030-hl2032-hl2040-hl2070n-mfc7420-mfc7820-tn2000\\\/#primaryimage\"},\"thumbnailUrl\":\"https:\\\/\\\/racom.com.pl\\\/wp-content\\\/uploads\\\/2025\\\/07\\\/allegro_687a88671fe502.04710498_0f5e143645718e16d5983b4fc4f7.jpg\",\"datePublished\":\"2025-07-18T17:45:15+00:00\",\"breadcrumb\":{\"@id\":\"https:\\\/\\\/racom.com.pl\\\/index.php\\\/produkt\\\/toner-do-brother-hl2020-hl2030-hl2032-hl2040-hl2070n-mfc7420-mfc7820-tn2000\\\/#breadcrumb\"},\"inLanguage\":\"pl-PL\",\"potentialAction\":[{\"@type\":\"ReadAction\",\"target\":[\"https:\\\/\\\/racom.com.pl\\\/index.php\\\/produkt\\\/toner-do-brother-hl2020-hl2030-hl2032-hl2040-hl2070n-mfc7420-mfc7820-tn2000\\\/\"]}]},{\"@type\":\"ImageObject\",\"inLanguage\":\"pl-PL\",\"@id\":\"https:\\\/\\\/racom.com.pl\\\/index.php\\\/produkt\\\/toner-do-brother-hl2020-hl2030-hl2032-hl2040-hl2070n-mfc7420-mfc7820-tn2000\\\/#primaryimage\",\"url\":\"https:\\\/\\\/racom.com.pl\\\/wp-content\\\/uploads\\\/2025\\\/07\\\/allegro_687a88671fe502.04710498_0f5e143645718e16d5983b4fc4f7.jpg\",\"contentUrl\":\"https:\\\/\\\/racom.com.pl\\\/wp-content\\\/uploads\\\/2025\\\/07\\\/allegro_687a88671fe502.04710498_0f5e143645718e16d5983b4fc4f7.jpg\",\"width\":800,\"height\":665},{\"@type\":\"BreadcrumbList\",\"@id\":\"https:\\\/\\\/racom.com.pl\\\/index.php\\\/produkt\\\/toner-do-brother-hl2020-hl2030-hl2032-hl2040-hl2070n-mfc7420-mfc7820-tn2000\\\/#breadcrumb\",\"itemListElement\":[{\"@type\":\"ListItem\",\"position\":1,\"name\":\"Strona g\u0142\u00f3wna\",\"item\":\"https:\\\/\\\/racom.com.pl\\\/\"},{\"@type\":\"ListItem\",\"position\":2,\"name\":\"Sklep\",\"item\":\"https:\\\/\\\/racom.com.pl\\\/\"},{\"@type\":\"ListItem\",\"position\":3,\"name\":\"Toner do Brother HL2020 HL2030 HL2032 HL2040 HL2070n MFC7420 MFC7820 TN2000\"}]},{\"@type\":\"WebSite\",\"@id\":\"https:\\\/\\\/racom.com.pl\\\/#website\",\"url\":\"https:\\\/\\\/racom.com.pl\\\/\",\"name\":\"Mix Market - Supermarket z wszystkim co potrzeba do domu i nie tylko\",\"description\":\"\",\"publisher\":{\"@id\":\"https:\\\/\\\/racom.com.pl\\\/#organization\"},\"potentialAction\":[{\"@type\":\"SearchAction\",\"target\":{\"@type\":\"EntryPoint\",\"urlTemplate\":\"https:\\\/\\\/racom.com.pl\\\/?s={search_term_string}\"},\"query-input\":{\"@type\":\"PropertyValueSpecification\",\"valueRequired\":true,\"valueName\":\"search_term_string\"}}],\"inLanguage\":\"pl-PL\"},{\"@type\":\"Organization\",\"@id\":\"https:\\\/\\\/racom.com.pl\\\/#organization\",\"name\":\"Mix Market - Supermarket z wszystkim co potrzeba do domu i nie tylko\",\"url\":\"https:\\\/\\\/racom.com.pl\\\/\",\"logo\":{\"@type\":\"ImageObject\",\"inLanguage\":\"pl-PL\",\"@id\":\"https:\\\/\\\/racom.com.pl\\\/#\\\/schema\\\/logo\\\/image\\\/\",\"url\":\"https:\\\/\\\/racom.com.pl\\\/wp-content\\\/uploads\\\/2025\\\/07\\\/mixmarket_logo.png\",\"contentUrl\":\"https:\\\/\\\/racom.com.pl\\\/wp-content\\\/uploads\\\/2025\\\/07\\\/mixmarket_logo.png\",\"width\":1024,\"height\":1024,\"caption\":\"Mix Market - Supermarket z wszystkim co potrzeba do domu i nie tylko\"},\"image\":{\"@id\":\"https:\\\/\\\/racom.com.pl\\\/#\\\/schema\\\/logo\\\/image\\\/\"}}]}<\/script>\n<!-- \/ Yoast SEO plugin. -->","yoast_head_json":{"title":"Toner do Brother HL2020 HL2030 HL2032 HL2040 HL2070n MFC7420 MFC7820 TN2000 - Mix Market - Supermarket z wszystkim co potrzeba","robots":{"index":"index","follow":"follow","max-snippet":"max-snippet:-1","max-image-preview":"max-image-preview:large","max-video-preview":"max-video-preview:-1"},"canonical":"https:\/\/racom.com.pl\/index.php\/produkt\/toner-do-brother-hl2020-hl2030-hl2032-hl2040-hl2070n-mfc7420-mfc7820-tn2000\/","og_locale":"pl_PL","og_type":"article","og_title":"Toner do Brother HL2020 HL2030 HL2032 HL2040 HL2070n MFC7420 MFC7820 TN2000 - Mix Market - Supermarket z wszystkim co potrzeba","og_description":"TONER Toner Zamienny do Brother TN2000\/TN2005 I HL2030\/2040\/DCP7010\/7025 | black Zamiennik\/Orygina\u0142: Zamiennik Typ: BT-TN2000\/TN350\/TN2005 BK*E(2500) Kolor: Kolor: czarny Wydajno\u015b\u0107 (przy 5% pokryciu strony A4): 2500 str. Technologia druku: laserowa Kompatybilne urz\u0105dzenia: Brother MFC-7220 Brother MFC-7225N\/ Brother MFC-7420 Brother MFC-7820N Brother HL-2030 Brother HL-2040 Brother HL-2070N Brother HL-2035 Brother HL-2075 Brother HL-2037 Brother HL-2037E Brotehr DCP-7010 [&hellip;]","og_url":"https:\/\/racom.com.pl\/index.php\/produkt\/toner-do-brother-hl2020-hl2030-hl2032-hl2040-hl2070n-mfc7420-mfc7820-tn2000\/","og_site_name":"Mix Market - Supermarket z wszystkim co potrzeba","og_image":[{"width":800,"height":665,"url":"https:\/\/racom.com.pl\/wp-content\/uploads\/2025\/07\/allegro_687a88671fe502.04710498_0f5e143645718e16d5983b4fc4f7.jpg","type":"image\/jpeg"}],"twitter_card":"summary_large_image","schema":{"@context":"https:\/\/schema.org","@graph":[{"@type":"WebPage","@id":"https:\/\/racom.com.pl\/index.php\/produkt\/toner-do-brother-hl2020-hl2030-hl2032-hl2040-hl2070n-mfc7420-mfc7820-tn2000\/","url":"https:\/\/racom.com.pl\/index.php\/produkt\/toner-do-brother-hl2020-hl2030-hl2032-hl2040-hl2070n-mfc7420-mfc7820-tn2000\/","name":"Toner do Brother HL2020 HL2030 HL2032 HL2040 HL2070n MFC7420 MFC7820 TN2000 - Mix Market - Supermarket z wszystkim co potrzeba","isPartOf":{"@id":"https:\/\/racom.com.pl\/#website"},"primaryImageOfPage":{"@id":"https:\/\/racom.com.pl\/index.php\/produkt\/toner-do-brother-hl2020-hl2030-hl2032-hl2040-hl2070n-mfc7420-mfc7820-tn2000\/#primaryimage"},"image":{"@id":"https:\/\/racom.com.pl\/index.php\/produkt\/toner-do-brother-hl2020-hl2030-hl2032-hl2040-hl2070n-mfc7420-mfc7820-tn2000\/#primaryimage"},"thumbnailUrl":"https:\/\/racom.com.pl\/wp-content\/uploads\/2025\/07\/allegro_687a88671fe502.04710498_0f5e143645718e16d5983b4fc4f7.jpg","datePublished":"2025-07-18T17:45:15+00:00","breadcrumb":{"@id":"https:\/\/racom.com.pl\/index.php\/produkt\/toner-do-brother-hl2020-hl2030-hl2032-hl2040-hl2070n-mfc7420-mfc7820-tn2000\/#breadcrumb"},"inLanguage":"pl-PL","potentialAction":[{"@type":"ReadAction","target":["https:\/\/racom.com.pl\/index.php\/produkt\/toner-do-brother-hl2020-hl2030-hl2032-hl2040-hl2070n-mfc7420-mfc7820-tn2000\/"]}]},{"@type":"ImageObject","inLanguage":"pl-PL","@id":"https:\/\/racom.com.pl\/index.php\/produkt\/toner-do-brother-hl2020-hl2030-hl2032-hl2040-hl2070n-mfc7420-mfc7820-tn2000\/#primaryimage","url":"https:\/\/racom.com.pl\/wp-content\/uploads\/2025\/07\/allegro_687a88671fe502.04710498_0f5e143645718e16d5983b4fc4f7.jpg","contentUrl":"https:\/\/racom.com.pl\/wp-content\/uploads\/2025\/07\/allegro_687a88671fe502.04710498_0f5e143645718e16d5983b4fc4f7.jpg","width":800,"height":665},{"@type":"BreadcrumbList","@id":"https:\/\/racom.com.pl\/index.php\/produkt\/toner-do-brother-hl2020-hl2030-hl2032-hl2040-hl2070n-mfc7420-mfc7820-tn2000\/#breadcrumb","itemListElement":[{"@type":"ListItem","position":1,"name":"Strona g\u0142\u00f3wna","item":"https:\/\/racom.com.pl\/"},{"@type":"ListItem","position":2,"name":"Sklep","item":"https:\/\/racom.com.pl\/"},{"@type":"ListItem","position":3,"name":"Toner do Brother HL2020 HL2030 HL2032 HL2040 HL2070n MFC7420 MFC7820 TN2000"}]},{"@type":"WebSite","@id":"https:\/\/racom.com.pl\/#website","url":"https:\/\/racom.com.pl\/","name":"Mix Market - Supermarket z wszystkim co potrzeba do domu i nie tylko","description":"","publisher":{"@id":"https:\/\/racom.com.pl\/#organization"},"potentialAction":[{"@type":"SearchAction","target":{"@type":"EntryPoint","urlTemplate":"https:\/\/racom.com.pl\/?s={search_term_string}"},"query-input":{"@type":"PropertyValueSpecification","valueRequired":true,"valueName":"search_term_string"}}],"inLanguage":"pl-PL"},{"@type":"Organization","@id":"https:\/\/racom.com.pl\/#organization","name":"Mix Market - Supermarket z wszystkim co potrzeba do domu i nie tylko","url":"https:\/\/racom.com.pl\/","logo":{"@type":"ImageObject","inLanguage":"pl-PL","@id":"https:\/\/racom.com.pl\/#\/schema\/logo\/image\/","url":"https:\/\/racom.com.pl\/wp-content\/uploads\/2025\/07\/mixmarket_logo.png","contentUrl":"https:\/\/racom.com.pl\/wp-content\/uploads\/2025\/07\/mixmarket_logo.png","width":1024,"height":1024,"caption":"Mix Market - Supermarket z wszystkim co potrzeba do domu i nie tylko"},"image":{"@id":"https:\/\/racom.com.pl\/#\/schema\/logo\/image\/"}}]}},"_links":{"self":[{"href":"https:\/\/racom.com.pl\/index.php\/wp-json\/wp\/v2\/product\/1511","targetHints":{"allow":["GET"]}}],"collection":[{"href":"https:\/\/racom.com.pl\/index.php\/wp-json\/wp\/v2\/product"}],"about":[{"href":"https:\/\/racom.com.pl\/index.php\/wp-json\/wp\/v2\/types\/product"}],"replies":[{"embeddable":true,"href":"https:\/\/racom.com.pl\/index.php\/wp-json\/wp\/v2\/comments?post=1511"}],"wp:featuredmedia":[{"embeddable":true,"href":"https:\/\/racom.com.pl\/index.php\/wp-json\/wp\/v2\/media\/1513"}],"wp:attachment":[{"href":"https:\/\/racom.com.pl\/index.php\/wp-json\/wp\/v2\/media?parent=1511"}],"wp:term":[{"taxonomy":"product_brand","embeddable":true,"href":"https:\/\/racom.com.pl\/index.php\/wp-json\/wp\/v2\/product_brand?post=1511"},{"taxonomy":"product_cat","embeddable":true,"href":"https:\/\/racom.com.pl\/index.php\/wp-json\/wp\/v2\/product_cat?post=1511"},{"taxonomy":"product_tag","embeddable":true,"href":"https:\/\/racom.com.pl\/index.php\/wp-json\/wp\/v2\/product_tag?post=1511"}],"curies":[{"name":"wp","href":"https:\/\/api.w.org\/{rel}","templated":true}]}}