{"id":1519,"date":"2025-07-18T19:47:10","date_gmt":"2025-07-18T17:47:10","guid":{"rendered":"http:\/\/192.168.2.106\/index.php\/produkt\/toner-z-chipem-do-hp-106a-107a-107w-mfp-135a-135w-137fnw-138fw-137-138-xl\/"},"modified":"2025-07-18T19:47:10","modified_gmt":"2025-07-18T17:47:10","slug":"toner-z-chipem-do-hp-106a-107a-107w-mfp-135a-135w-137fnw-138fw-137-138-xl","status":"publish","type":"product","link":"https:\/\/racom.com.pl\/index.php\/produkt\/toner-z-chipem-do-hp-106a-107a-107w-mfp-135a-135w-137fnw-138fw-137-138-xl\/","title":{"rendered":"TONER Z CHIPEM DO HP 106a 107a 107w MFP 135a 135w 137fnw 138fw 137 138 XL"},"content":{"rendered":"<h2>Toner do HP W1420 HP LaserJet M110w M110we 2000STR<\/h2>\n<ul>\n<li><b>Stan:<\/b> Nowy<\/li>\n<li><b>Kolor:<\/b> czarny<\/li>\n<li><b>Pasuje do:<\/b> HP<\/li>\n<li><b>Kod producenta:<\/b> W1106A<\/li>\n<li><b>ZWI\u0118KSZON\u0104 WYDAJNO\u015a\u0106<\/b>&nbsp;W STOSUNKU DO ORYGINA\u0141U;<\/li>\n<li>PERFEKCYJNE WYDRUKI;<\/li>\n<li><b>POSIADA CHIP<\/b><\/li>\n<li><b>BRAK ZABRUDZE\u0143<\/b>;<\/li>\n<li><b>100% KOMPATYBILNO\u015a\u0106<\/b>;<\/li>\n<li><b>JAKO\u015a\u0106<\/b>&nbsp;POTWIERDZONA CERTYFIKATAMI<b>&nbsp;ISO 9001, 14001<\/b>;<\/li>\n<li>ORYGINALNIE ZAFOLIOWANE<\/li>\n<li>Wydajno\u015b\u0107 do <b>2000str<\/b> przy 5% zabarwieniu<\/li>\n<\/ul>\n<ul>\n<li>HP LaserJet <b>M109<\/b> <b>| M109a<\/b> <b>| M109w<\/b> <b>| M109we<\/b> <b>| M110<\/b> <b>| M110a<\/b> <b>| M110w<\/b> <b>| M110we<\/b> <b>| M111a<\/b> <b>| M111w<\/b> <b>| M111we<\/b> <b>| M112<\/b> <b>| M112a<\/b> <b>| M12w<\/b> <b>| M112we<\/b>\n<p><b>Seria:<\/b><\/p>\n<p>HP LaserJet <b>MFP<\/b> <b>M139a<\/b> <b>| M139w<\/b> <b>| M139we<\/b> <b>| M140a<\/b> <b>| M140w<\/b> <b>| M140we<\/b> <b>| M141a<\/b> <b>| M141w<\/b> <b>| M141we<\/b> <b>| M142a<\/b> <b>| M142w<\/b> <b>| M142we<\/b><\/p>\n<\/li>\n<\/ul>\n","protected":false},"excerpt":{"rendered":"<p>Toner do HP W1420 HP LaserJet M110w M110we 2000STR Stan: Nowy Kolor: czarny Pasuje do: HP Kod producenta: W1106A ZWI\u0118KSZON\u0104 WYDAJNO\u015a\u0106&nbsp;W STOSUNKU DO ORYGINA\u0141U; PERFEKCYJNE WYDRUKI; POSIADA CHIP BRAK ZABRUDZE\u0143; 100% KOMPATYBILNO\u015a\u0106; JAKO\u015a\u0106&nbsp;POTWIERDZONA CERTYFIKATAMI&nbsp;ISO 9001, 14001; ORYGINALNIE ZAFOLIOWANE Wydajno\u015b\u0107 do 2000str przy 5% zabarwieniu HP LaserJet M109 | M109a | M109w | M109we | M110 [&hellip;]<\/p>\n","protected":false},"featured_media":1522,"comment_status":"open","ping_status":"closed","template":"","meta":[],"product_brand":[],"product_cat":[35],"product_tag":[],"class_list":{"0":"post-1519","1":"product","2":"type-product","3":"status-publish","4":"has-post-thumbnail","6":"product_cat-drukarki-i-skanery","8":"first","9":"instock","10":"taxable","11":"shipping-taxable","12":"purchasable","13":"product-type-simple"},"yoast_head":"<!-- This site is optimized with the Yoast SEO plugin v27.3 - https:\/\/yoast.com\/product\/yoast-seo-wordpress\/ -->\n<title>TONER Z CHIPEM DO HP 106a 107a 107w MFP 135a 135w 137fnw 138fw 137 138 XL - Mix Market - Supermarket z wszystkim co potrzeba<\/title>\n<meta name=\"robots\" content=\"index, follow, max-snippet:-1, max-image-preview:large, max-video-preview:-1\" \/>\n<link rel=\"canonical\" href=\"https:\/\/racom.com.pl\/index.php\/produkt\/toner-z-chipem-do-hp-106a-107a-107w-mfp-135a-135w-137fnw-138fw-137-138-xl\/\" \/>\n<meta property=\"og:locale\" content=\"pl_PL\" \/>\n<meta property=\"og:type\" content=\"article\" \/>\n<meta property=\"og:title\" content=\"TONER Z CHIPEM DO HP 106a 107a 107w MFP 135a 135w 137fnw 138fw 137 138 XL - Mix Market - Supermarket z wszystkim co potrzeba\" \/>\n<meta property=\"og:description\" content=\"Toner do HP W1420 HP LaserJet M110w M110we 2000STR Stan: Nowy Kolor: czarny Pasuje do: HP Kod producenta: W1106A ZWI\u0118KSZON\u0104 WYDAJNO\u015a\u0106&nbsp;W STOSUNKU DO ORYGINA\u0141U; PERFEKCYJNE WYDRUKI; POSIADA CHIP BRAK ZABRUDZE\u0143; 100% KOMPATYBILNO\u015a\u0106; JAKO\u015a\u0106&nbsp;POTWIERDZONA CERTYFIKATAMI&nbsp;ISO 9001, 14001; ORYGINALNIE ZAFOLIOWANE Wydajno\u015b\u0107 do 2000str przy 5% zabarwieniu HP LaserJet M109 | M109a | M109w | M109we | M110 [&hellip;]\" \/>\n<meta property=\"og:url\" content=\"https:\/\/racom.com.pl\/index.php\/produkt\/toner-z-chipem-do-hp-106a-107a-107w-mfp-135a-135w-137fnw-138fw-137-138-xl\/\" \/>\n<meta property=\"og:site_name\" content=\"Mix Market - Supermarket z wszystkim co potrzeba\" \/>\n<meta property=\"og:image\" content=\"https:\/\/racom.com.pl\/wp-content\/uploads\/2025\/07\/allegro_687a88c30599b6.01672139_6c9298b04d15997d05599b63937c.jpg\" \/>\n\t<meta property=\"og:image:width\" content=\"690\" \/>\n\t<meta property=\"og:image:height\" content=\"346\" \/>\n\t<meta property=\"og:image:type\" content=\"image\/jpeg\" \/>\n<meta name=\"twitter:card\" content=\"summary_large_image\" \/>\n<meta name=\"twitter:label1\" content=\"Szacowany czas czytania\" \/>\n\t<meta name=\"twitter:data1\" content=\"1 minuta\" \/>\n<script type=\"application\/ld+json\" class=\"yoast-schema-graph\">{\"@context\":\"https:\\\/\\\/schema.org\",\"@graph\":[{\"@type\":\"WebPage\",\"@id\":\"https:\\\/\\\/racom.com.pl\\\/index.php\\\/produkt\\\/toner-z-chipem-do-hp-106a-107a-107w-mfp-135a-135w-137fnw-138fw-137-138-xl\\\/\",\"url\":\"https:\\\/\\\/racom.com.pl\\\/index.php\\\/produkt\\\/toner-z-chipem-do-hp-106a-107a-107w-mfp-135a-135w-137fnw-138fw-137-138-xl\\\/\",\"name\":\"TONER Z CHIPEM DO HP 106a 107a 107w MFP 135a 135w 137fnw 138fw 137 138 XL - Mix Market - Supermarket z wszystkim co potrzeba\",\"isPartOf\":{\"@id\":\"https:\\\/\\\/racom.com.pl\\\/#website\"},\"primaryImageOfPage\":{\"@id\":\"https:\\\/\\\/racom.com.pl\\\/index.php\\\/produkt\\\/toner-z-chipem-do-hp-106a-107a-107w-mfp-135a-135w-137fnw-138fw-137-138-xl\\\/#primaryimage\"},\"image\":{\"@id\":\"https:\\\/\\\/racom.com.pl\\\/index.php\\\/produkt\\\/toner-z-chipem-do-hp-106a-107a-107w-mfp-135a-135w-137fnw-138fw-137-138-xl\\\/#primaryimage\"},\"thumbnailUrl\":\"https:\\\/\\\/racom.com.pl\\\/wp-content\\\/uploads\\\/2025\\\/07\\\/allegro_687a88c30599b6.01672139_6c9298b04d15997d05599b63937c.jpg\",\"datePublished\":\"2025-07-18T17:47:10+00:00\",\"breadcrumb\":{\"@id\":\"https:\\\/\\\/racom.com.pl\\\/index.php\\\/produkt\\\/toner-z-chipem-do-hp-106a-107a-107w-mfp-135a-135w-137fnw-138fw-137-138-xl\\\/#breadcrumb\"},\"inLanguage\":\"pl-PL\",\"potentialAction\":[{\"@type\":\"ReadAction\",\"target\":[\"https:\\\/\\\/racom.com.pl\\\/index.php\\\/produkt\\\/toner-z-chipem-do-hp-106a-107a-107w-mfp-135a-135w-137fnw-138fw-137-138-xl\\\/\"]}]},{\"@type\":\"ImageObject\",\"inLanguage\":\"pl-PL\",\"@id\":\"https:\\\/\\\/racom.com.pl\\\/index.php\\\/produkt\\\/toner-z-chipem-do-hp-106a-107a-107w-mfp-135a-135w-137fnw-138fw-137-138-xl\\\/#primaryimage\",\"url\":\"https:\\\/\\\/racom.com.pl\\\/wp-content\\\/uploads\\\/2025\\\/07\\\/allegro_687a88c30599b6.01672139_6c9298b04d15997d05599b63937c.jpg\",\"contentUrl\":\"https:\\\/\\\/racom.com.pl\\\/wp-content\\\/uploads\\\/2025\\\/07\\\/allegro_687a88c30599b6.01672139_6c9298b04d15997d05599b63937c.jpg\",\"width\":690,\"height\":346},{\"@type\":\"BreadcrumbList\",\"@id\":\"https:\\\/\\\/racom.com.pl\\\/index.php\\\/produkt\\\/toner-z-chipem-do-hp-106a-107a-107w-mfp-135a-135w-137fnw-138fw-137-138-xl\\\/#breadcrumb\",\"itemListElement\":[{\"@type\":\"ListItem\",\"position\":1,\"name\":\"Strona g\u0142\u00f3wna\",\"item\":\"https:\\\/\\\/racom.com.pl\\\/\"},{\"@type\":\"ListItem\",\"position\":2,\"name\":\"Sklep\",\"item\":\"https:\\\/\\\/racom.com.pl\\\/\"},{\"@type\":\"ListItem\",\"position\":3,\"name\":\"TONER Z CHIPEM DO HP 106a 107a 107w MFP 135a 135w 137fnw 138fw 137 138 XL\"}]},{\"@type\":\"WebSite\",\"@id\":\"https:\\\/\\\/racom.com.pl\\\/#website\",\"url\":\"https:\\\/\\\/racom.com.pl\\\/\",\"name\":\"Mix Market - Supermarket z wszystkim co potrzeba do domu i nie tylko\",\"description\":\"\",\"publisher\":{\"@id\":\"https:\\\/\\\/racom.com.pl\\\/#organization\"},\"potentialAction\":[{\"@type\":\"SearchAction\",\"target\":{\"@type\":\"EntryPoint\",\"urlTemplate\":\"https:\\\/\\\/racom.com.pl\\\/?s={search_term_string}\"},\"query-input\":{\"@type\":\"PropertyValueSpecification\",\"valueRequired\":true,\"valueName\":\"search_term_string\"}}],\"inLanguage\":\"pl-PL\"},{\"@type\":\"Organization\",\"@id\":\"https:\\\/\\\/racom.com.pl\\\/#organization\",\"name\":\"Mix Market - Supermarket z wszystkim co potrzeba do domu i nie tylko\",\"url\":\"https:\\\/\\\/racom.com.pl\\\/\",\"logo\":{\"@type\":\"ImageObject\",\"inLanguage\":\"pl-PL\",\"@id\":\"https:\\\/\\\/racom.com.pl\\\/#\\\/schema\\\/logo\\\/image\\\/\",\"url\":\"https:\\\/\\\/racom.com.pl\\\/wp-content\\\/uploads\\\/2025\\\/07\\\/mixmarket_logo.png\",\"contentUrl\":\"https:\\\/\\\/racom.com.pl\\\/wp-content\\\/uploads\\\/2025\\\/07\\\/mixmarket_logo.png\",\"width\":1024,\"height\":1024,\"caption\":\"Mix Market - Supermarket z wszystkim co potrzeba do domu i nie tylko\"},\"image\":{\"@id\":\"https:\\\/\\\/racom.com.pl\\\/#\\\/schema\\\/logo\\\/image\\\/\"}}]}<\/script>\n<!-- \/ Yoast SEO plugin. -->","yoast_head_json":{"title":"TONER Z CHIPEM DO HP 106a 107a 107w MFP 135a 135w 137fnw 138fw 137 138 XL - Mix Market - Supermarket z wszystkim co potrzeba","robots":{"index":"index","follow":"follow","max-snippet":"max-snippet:-1","max-image-preview":"max-image-preview:large","max-video-preview":"max-video-preview:-1"},"canonical":"https:\/\/racom.com.pl\/index.php\/produkt\/toner-z-chipem-do-hp-106a-107a-107w-mfp-135a-135w-137fnw-138fw-137-138-xl\/","og_locale":"pl_PL","og_type":"article","og_title":"TONER Z CHIPEM DO HP 106a 107a 107w MFP 135a 135w 137fnw 138fw 137 138 XL - Mix Market - Supermarket z wszystkim co potrzeba","og_description":"Toner do HP W1420 HP LaserJet M110w M110we 2000STR Stan: Nowy Kolor: czarny Pasuje do: HP Kod producenta: W1106A ZWI\u0118KSZON\u0104 WYDAJNO\u015a\u0106&nbsp;W STOSUNKU DO ORYGINA\u0141U; PERFEKCYJNE WYDRUKI; POSIADA CHIP BRAK ZABRUDZE\u0143; 100% KOMPATYBILNO\u015a\u0106; JAKO\u015a\u0106&nbsp;POTWIERDZONA CERTYFIKATAMI&nbsp;ISO 9001, 14001; ORYGINALNIE ZAFOLIOWANE Wydajno\u015b\u0107 do 2000str przy 5% zabarwieniu HP LaserJet M109 | M109a | M109w | M109we | M110 [&hellip;]","og_url":"https:\/\/racom.com.pl\/index.php\/produkt\/toner-z-chipem-do-hp-106a-107a-107w-mfp-135a-135w-137fnw-138fw-137-138-xl\/","og_site_name":"Mix Market - Supermarket z wszystkim co potrzeba","og_image":[{"width":690,"height":346,"url":"https:\/\/racom.com.pl\/wp-content\/uploads\/2025\/07\/allegro_687a88c30599b6.01672139_6c9298b04d15997d05599b63937c.jpg","type":"image\/jpeg"}],"twitter_card":"summary_large_image","twitter_misc":{"Szacowany czas czytania":"1 minuta"},"schema":{"@context":"https:\/\/schema.org","@graph":[{"@type":"WebPage","@id":"https:\/\/racom.com.pl\/index.php\/produkt\/toner-z-chipem-do-hp-106a-107a-107w-mfp-135a-135w-137fnw-138fw-137-138-xl\/","url":"https:\/\/racom.com.pl\/index.php\/produkt\/toner-z-chipem-do-hp-106a-107a-107w-mfp-135a-135w-137fnw-138fw-137-138-xl\/","name":"TONER Z CHIPEM DO HP 106a 107a 107w MFP 135a 135w 137fnw 138fw 137 138 XL - Mix Market - Supermarket z wszystkim co potrzeba","isPartOf":{"@id":"https:\/\/racom.com.pl\/#website"},"primaryImageOfPage":{"@id":"https:\/\/racom.com.pl\/index.php\/produkt\/toner-z-chipem-do-hp-106a-107a-107w-mfp-135a-135w-137fnw-138fw-137-138-xl\/#primaryimage"},"image":{"@id":"https:\/\/racom.com.pl\/index.php\/produkt\/toner-z-chipem-do-hp-106a-107a-107w-mfp-135a-135w-137fnw-138fw-137-138-xl\/#primaryimage"},"thumbnailUrl":"https:\/\/racom.com.pl\/wp-content\/uploads\/2025\/07\/allegro_687a88c30599b6.01672139_6c9298b04d15997d05599b63937c.jpg","datePublished":"2025-07-18T17:47:10+00:00","breadcrumb":{"@id":"https:\/\/racom.com.pl\/index.php\/produkt\/toner-z-chipem-do-hp-106a-107a-107w-mfp-135a-135w-137fnw-138fw-137-138-xl\/#breadcrumb"},"inLanguage":"pl-PL","potentialAction":[{"@type":"ReadAction","target":["https:\/\/racom.com.pl\/index.php\/produkt\/toner-z-chipem-do-hp-106a-107a-107w-mfp-135a-135w-137fnw-138fw-137-138-xl\/"]}]},{"@type":"ImageObject","inLanguage":"pl-PL","@id":"https:\/\/racom.com.pl\/index.php\/produkt\/toner-z-chipem-do-hp-106a-107a-107w-mfp-135a-135w-137fnw-138fw-137-138-xl\/#primaryimage","url":"https:\/\/racom.com.pl\/wp-content\/uploads\/2025\/07\/allegro_687a88c30599b6.01672139_6c9298b04d15997d05599b63937c.jpg","contentUrl":"https:\/\/racom.com.pl\/wp-content\/uploads\/2025\/07\/allegro_687a88c30599b6.01672139_6c9298b04d15997d05599b63937c.jpg","width":690,"height":346},{"@type":"BreadcrumbList","@id":"https:\/\/racom.com.pl\/index.php\/produkt\/toner-z-chipem-do-hp-106a-107a-107w-mfp-135a-135w-137fnw-138fw-137-138-xl\/#breadcrumb","itemListElement":[{"@type":"ListItem","position":1,"name":"Strona g\u0142\u00f3wna","item":"https:\/\/racom.com.pl\/"},{"@type":"ListItem","position":2,"name":"Sklep","item":"https:\/\/racom.com.pl\/"},{"@type":"ListItem","position":3,"name":"TONER Z CHIPEM DO HP 106a 107a 107w MFP 135a 135w 137fnw 138fw 137 138 XL"}]},{"@type":"WebSite","@id":"https:\/\/racom.com.pl\/#website","url":"https:\/\/racom.com.pl\/","name":"Mix Market - Supermarket z wszystkim co potrzeba do domu i nie tylko","description":"","publisher":{"@id":"https:\/\/racom.com.pl\/#organization"},"potentialAction":[{"@type":"SearchAction","target":{"@type":"EntryPoint","urlTemplate":"https:\/\/racom.com.pl\/?s={search_term_string}"},"query-input":{"@type":"PropertyValueSpecification","valueRequired":true,"valueName":"search_term_string"}}],"inLanguage":"pl-PL"},{"@type":"Organization","@id":"https:\/\/racom.com.pl\/#organization","name":"Mix Market - Supermarket z wszystkim co potrzeba do domu i nie tylko","url":"https:\/\/racom.com.pl\/","logo":{"@type":"ImageObject","inLanguage":"pl-PL","@id":"https:\/\/racom.com.pl\/#\/schema\/logo\/image\/","url":"https:\/\/racom.com.pl\/wp-content\/uploads\/2025\/07\/mixmarket_logo.png","contentUrl":"https:\/\/racom.com.pl\/wp-content\/uploads\/2025\/07\/mixmarket_logo.png","width":1024,"height":1024,"caption":"Mix Market - Supermarket z wszystkim co potrzeba do domu i nie tylko"},"image":{"@id":"https:\/\/racom.com.pl\/#\/schema\/logo\/image\/"}}]}},"_links":{"self":[{"href":"https:\/\/racom.com.pl\/index.php\/wp-json\/wp\/v2\/product\/1519","targetHints":{"allow":["GET"]}}],"collection":[{"href":"https:\/\/racom.com.pl\/index.php\/wp-json\/wp\/v2\/product"}],"about":[{"href":"https:\/\/racom.com.pl\/index.php\/wp-json\/wp\/v2\/types\/product"}],"replies":[{"embeddable":true,"href":"https:\/\/racom.com.pl\/index.php\/wp-json\/wp\/v2\/comments?post=1519"}],"wp:featuredmedia":[{"embeddable":true,"href":"https:\/\/racom.com.pl\/index.php\/wp-json\/wp\/v2\/media\/1522"}],"wp:attachment":[{"href":"https:\/\/racom.com.pl\/index.php\/wp-json\/wp\/v2\/media?parent=1519"}],"wp:term":[{"taxonomy":"product_brand","embeddable":true,"href":"https:\/\/racom.com.pl\/index.php\/wp-json\/wp\/v2\/product_brand?post=1519"},{"taxonomy":"product_cat","embeddable":true,"href":"https:\/\/racom.com.pl\/index.php\/wp-json\/wp\/v2\/product_cat?post=1519"},{"taxonomy":"product_tag","embeddable":true,"href":"https:\/\/racom.com.pl\/index.php\/wp-json\/wp\/v2\/product_tag?post=1519"}],"curies":[{"name":"wp","href":"https:\/\/api.w.org\/{rel}","templated":true}]}}