{"id":1532,"date":"2025-07-18T19:49:08","date_gmt":"2025-07-18T17:49:08","guid":{"rendered":"http:\/\/192.168.2.106\/index.php\/produkt\/toner-do-brother-mfc-l2710dw-hl-l2310d-hl-l2350dw-tn2420-3000str-xl-chip\/"},"modified":"2025-07-18T19:49:08","modified_gmt":"2025-07-18T17:49:08","slug":"toner-do-brother-mfc-l2710dw-hl-l2310d-hl-l2350dw-tn2420-3000str-xl-chip","status":"publish","type":"product","link":"https:\/\/racom.com.pl\/index.php\/produkt\/toner-do-brother-mfc-l2710dw-hl-l2310d-hl-l2350dw-tn2420-3000str-xl-chip\/","title":{"rendered":"Toner do BROTHER MFC-L2710DW HL-L2310D HL-L2350DW TN2420 3000str. XL CHIP"},"content":{"rendered":"<h2>NOWY TONER DO DRUKARKI&nbsp; BROTHER<\/h2>\n<p><b>ZAMIENNIK &#8211; TN2420<\/b><\/p>\n<p><b>Toner posiada CHIP &#8211; Nic nie musisz robi\u0107, wyjmij stary toner i w\u0142\u00f3\u017c nowy.<\/b><\/p>\n<h2>Opis techniczny:<\/h2>\n<p>Kolor: czarny<\/p>\n<p><b>Posiada chip: TAK<\/b><\/p>\n<p>Wydajno\u015b\u0107: 3 000 &nbsp;stron<\/p>\n<p>BT-TN2420 BK*E(3000)<\/p>\n<h2>Kompatybilny z drukarkami:<\/h2>\n<ul>\n<li>DCP-L2531DW<\/li>\n<li>DCP-L2535DW<\/li>\n<li>DCP-L2550DW<\/li>\n<li>HL-L2395DW<\/li>\n<li>HL-L2310D<\/li>\n<li>HL-L2350DW<\/li>\n<li>HL-L2357DW<\/li>\n<li>HL-L2375DW<\/li>\n<li>HL-L2395DW<\/li>\n<li>MFC-L2710DW<\/li>\n<li>MFC-L2713DW<\/li>\n<li>MFC-L2715DW<\/li>\n<li>MFC-L2716DW<\/li>\n<li>MFC-L2730DW<\/li>\n<li>MFC-L2750DW<\/li>\n<li>MFC-L2751DW<\/li>\n<li>MFC-L2770DW<\/li>\n<li>MFC-L2771DW<\/li>\n<\/ul>\n<h2>Opis produktu:<\/h2>\n<p>&#8211; w 100% nowe pe\u0142ne Zamienniki,<\/p>\n<p>&#8211; posiadaj\u0105 CHIP<\/p>\n<p>&#8211; hermetycznie zafoliowane<\/p>\n<p>&#8211; kompatybilne w 100%<\/p>\n<p>&#8211; gotowe do natychmiastowego u\u017cytkowania w drukarce<\/p>\n<p>&#8211; posiadaj\u0105ce certyfikat jako\u015bci ISO 9001, ISO 14001<\/p>\n<p>&#8211; bardzo wysoka wydajno\u015bci pokrycia<\/p>\n","protected":false},"excerpt":{"rendered":"<p>NOWY TONER DO DRUKARKI&nbsp; BROTHER ZAMIENNIK &#8211; TN2420 Toner posiada CHIP &#8211; Nic nie musisz robi\u0107, wyjmij stary toner i w\u0142\u00f3\u017c nowy. Opis techniczny: Kolor: czarny Posiada chip: TAK Wydajno\u015b\u0107: 3 000 &nbsp;stron BT-TN2420 BK*E(3000) Kompatybilny z drukarkami: DCP-L2531DW DCP-L2535DW DCP-L2550DW HL-L2395DW HL-L2310D HL-L2350DW HL-L2357DW HL-L2375DW HL-L2395DW MFC-L2710DW MFC-L2713DW MFC-L2715DW MFC-L2716DW MFC-L2730DW MFC-L2750DW MFC-L2751DW MFC-L2770DW [&hellip;]<\/p>\n","protected":false},"featured_media":1536,"comment_status":"open","ping_status":"closed","template":"","meta":[],"product_brand":[],"product_cat":[35],"product_tag":[],"class_list":{"0":"post-1532","1":"product","2":"type-product","3":"status-publish","4":"has-post-thumbnail","6":"product_cat-drukarki-i-skanery","8":"first","9":"instock","10":"taxable","11":"shipping-taxable","12":"purchasable","13":"product-type-simple"},"yoast_head":"<!-- This site is optimized with the Yoast SEO plugin v27.3 - https:\/\/yoast.com\/product\/yoast-seo-wordpress\/ -->\n<title>Toner do BROTHER MFC-L2710DW HL-L2310D HL-L2350DW TN2420 3000str. XL CHIP - Mix Market - Supermarket z wszystkim co potrzeba<\/title>\n<meta name=\"robots\" content=\"index, follow, max-snippet:-1, max-image-preview:large, max-video-preview:-1\" \/>\n<link rel=\"canonical\" href=\"https:\/\/racom.com.pl\/index.php\/produkt\/toner-do-brother-mfc-l2710dw-hl-l2310d-hl-l2350dw-tn2420-3000str-xl-chip\/\" \/>\n<meta property=\"og:locale\" content=\"pl_PL\" \/>\n<meta property=\"og:type\" content=\"article\" \/>\n<meta property=\"og:title\" content=\"Toner do BROTHER MFC-L2710DW HL-L2310D HL-L2350DW TN2420 3000str. XL CHIP - Mix Market - Supermarket z wszystkim co potrzeba\" \/>\n<meta property=\"og:description\" content=\"NOWY TONER DO DRUKARKI&nbsp; BROTHER ZAMIENNIK &#8211; TN2420 Toner posiada CHIP &#8211; Nic nie musisz robi\u0107, wyjmij stary toner i w\u0142\u00f3\u017c nowy. Opis techniczny: Kolor: czarny Posiada chip: TAK Wydajno\u015b\u0107: 3 000 &nbsp;stron BT-TN2420 BK*E(3000) Kompatybilny z drukarkami: DCP-L2531DW DCP-L2535DW DCP-L2550DW HL-L2395DW HL-L2310D HL-L2350DW HL-L2357DW HL-L2375DW HL-L2395DW MFC-L2710DW MFC-L2713DW MFC-L2715DW MFC-L2716DW MFC-L2730DW MFC-L2750DW MFC-L2751DW MFC-L2770DW [&hellip;]\" \/>\n<meta property=\"og:url\" content=\"https:\/\/racom.com.pl\/index.php\/produkt\/toner-do-brother-mfc-l2710dw-hl-l2310d-hl-l2350dw-tn2420-3000str-xl-chip\/\" \/>\n<meta property=\"og:site_name\" content=\"Mix Market - Supermarket z wszystkim co potrzeba\" \/>\n<meta property=\"og:image\" content=\"https:\/\/racom.com.pl\/wp-content\/uploads\/2025\/07\/allegro_687a8932477232.12805832_3ef5b146486e93a5d8a03c2b80f2.jpg\" \/>\n\t<meta property=\"og:image:width\" content=\"2560\" \/>\n\t<meta property=\"og:image:height\" content=\"1920\" \/>\n\t<meta property=\"og:image:type\" content=\"image\/jpeg\" \/>\n<meta name=\"twitter:card\" content=\"summary_large_image\" \/>\n<script type=\"application\/ld+json\" class=\"yoast-schema-graph\">{\"@context\":\"https:\\\/\\\/schema.org\",\"@graph\":[{\"@type\":\"WebPage\",\"@id\":\"https:\\\/\\\/racom.com.pl\\\/index.php\\\/produkt\\\/toner-do-brother-mfc-l2710dw-hl-l2310d-hl-l2350dw-tn2420-3000str-xl-chip\\\/\",\"url\":\"https:\\\/\\\/racom.com.pl\\\/index.php\\\/produkt\\\/toner-do-brother-mfc-l2710dw-hl-l2310d-hl-l2350dw-tn2420-3000str-xl-chip\\\/\",\"name\":\"Toner do BROTHER MFC-L2710DW HL-L2310D HL-L2350DW TN2420 3000str. XL CHIP - Mix Market - Supermarket z wszystkim co potrzeba\",\"isPartOf\":{\"@id\":\"https:\\\/\\\/racom.com.pl\\\/#website\"},\"primaryImageOfPage\":{\"@id\":\"https:\\\/\\\/racom.com.pl\\\/index.php\\\/produkt\\\/toner-do-brother-mfc-l2710dw-hl-l2310d-hl-l2350dw-tn2420-3000str-xl-chip\\\/#primaryimage\"},\"image\":{\"@id\":\"https:\\\/\\\/racom.com.pl\\\/index.php\\\/produkt\\\/toner-do-brother-mfc-l2710dw-hl-l2310d-hl-l2350dw-tn2420-3000str-xl-chip\\\/#primaryimage\"},\"thumbnailUrl\":\"https:\\\/\\\/racom.com.pl\\\/wp-content\\\/uploads\\\/2025\\\/07\\\/allegro_687a8932477232.12805832_3ef5b146486e93a5d8a03c2b80f2.jpg\",\"datePublished\":\"2025-07-18T17:49:08+00:00\",\"breadcrumb\":{\"@id\":\"https:\\\/\\\/racom.com.pl\\\/index.php\\\/produkt\\\/toner-do-brother-mfc-l2710dw-hl-l2310d-hl-l2350dw-tn2420-3000str-xl-chip\\\/#breadcrumb\"},\"inLanguage\":\"pl-PL\",\"potentialAction\":[{\"@type\":\"ReadAction\",\"target\":[\"https:\\\/\\\/racom.com.pl\\\/index.php\\\/produkt\\\/toner-do-brother-mfc-l2710dw-hl-l2310d-hl-l2350dw-tn2420-3000str-xl-chip\\\/\"]}]},{\"@type\":\"ImageObject\",\"inLanguage\":\"pl-PL\",\"@id\":\"https:\\\/\\\/racom.com.pl\\\/index.php\\\/produkt\\\/toner-do-brother-mfc-l2710dw-hl-l2310d-hl-l2350dw-tn2420-3000str-xl-chip\\\/#primaryimage\",\"url\":\"https:\\\/\\\/racom.com.pl\\\/wp-content\\\/uploads\\\/2025\\\/07\\\/allegro_687a8932477232.12805832_3ef5b146486e93a5d8a03c2b80f2.jpg\",\"contentUrl\":\"https:\\\/\\\/racom.com.pl\\\/wp-content\\\/uploads\\\/2025\\\/07\\\/allegro_687a8932477232.12805832_3ef5b146486e93a5d8a03c2b80f2.jpg\",\"width\":2560,\"height\":1920},{\"@type\":\"BreadcrumbList\",\"@id\":\"https:\\\/\\\/racom.com.pl\\\/index.php\\\/produkt\\\/toner-do-brother-mfc-l2710dw-hl-l2310d-hl-l2350dw-tn2420-3000str-xl-chip\\\/#breadcrumb\",\"itemListElement\":[{\"@type\":\"ListItem\",\"position\":1,\"name\":\"Strona g\u0142\u00f3wna\",\"item\":\"https:\\\/\\\/racom.com.pl\\\/\"},{\"@type\":\"ListItem\",\"position\":2,\"name\":\"Sklep\",\"item\":\"https:\\\/\\\/racom.com.pl\\\/\"},{\"@type\":\"ListItem\",\"position\":3,\"name\":\"Toner do BROTHER MFC-L2710DW HL-L2310D HL-L2350DW TN2420 3000str. XL CHIP\"}]},{\"@type\":\"WebSite\",\"@id\":\"https:\\\/\\\/racom.com.pl\\\/#website\",\"url\":\"https:\\\/\\\/racom.com.pl\\\/\",\"name\":\"Mix Market - Supermarket z wszystkim co potrzeba do domu i nie tylko\",\"description\":\"\",\"publisher\":{\"@id\":\"https:\\\/\\\/racom.com.pl\\\/#organization\"},\"potentialAction\":[{\"@type\":\"SearchAction\",\"target\":{\"@type\":\"EntryPoint\",\"urlTemplate\":\"https:\\\/\\\/racom.com.pl\\\/?s={search_term_string}\"},\"query-input\":{\"@type\":\"PropertyValueSpecification\",\"valueRequired\":true,\"valueName\":\"search_term_string\"}}],\"inLanguage\":\"pl-PL\"},{\"@type\":\"Organization\",\"@id\":\"https:\\\/\\\/racom.com.pl\\\/#organization\",\"name\":\"Mix Market - Supermarket z wszystkim co potrzeba do domu i nie tylko\",\"url\":\"https:\\\/\\\/racom.com.pl\\\/\",\"logo\":{\"@type\":\"ImageObject\",\"inLanguage\":\"pl-PL\",\"@id\":\"https:\\\/\\\/racom.com.pl\\\/#\\\/schema\\\/logo\\\/image\\\/\",\"url\":\"https:\\\/\\\/racom.com.pl\\\/wp-content\\\/uploads\\\/2025\\\/07\\\/mixmarket_logo.png\",\"contentUrl\":\"https:\\\/\\\/racom.com.pl\\\/wp-content\\\/uploads\\\/2025\\\/07\\\/mixmarket_logo.png\",\"width\":1024,\"height\":1024,\"caption\":\"Mix Market - Supermarket z wszystkim co potrzeba do domu i nie tylko\"},\"image\":{\"@id\":\"https:\\\/\\\/racom.com.pl\\\/#\\\/schema\\\/logo\\\/image\\\/\"}}]}<\/script>\n<!-- \/ Yoast SEO plugin. -->","yoast_head_json":{"title":"Toner do BROTHER MFC-L2710DW HL-L2310D HL-L2350DW TN2420 3000str. XL CHIP - Mix Market - Supermarket z wszystkim co potrzeba","robots":{"index":"index","follow":"follow","max-snippet":"max-snippet:-1","max-image-preview":"max-image-preview:large","max-video-preview":"max-video-preview:-1"},"canonical":"https:\/\/racom.com.pl\/index.php\/produkt\/toner-do-brother-mfc-l2710dw-hl-l2310d-hl-l2350dw-tn2420-3000str-xl-chip\/","og_locale":"pl_PL","og_type":"article","og_title":"Toner do BROTHER MFC-L2710DW HL-L2310D HL-L2350DW TN2420 3000str. XL CHIP - Mix Market - Supermarket z wszystkim co potrzeba","og_description":"NOWY TONER DO DRUKARKI&nbsp; BROTHER ZAMIENNIK &#8211; TN2420 Toner posiada CHIP &#8211; Nic nie musisz robi\u0107, wyjmij stary toner i w\u0142\u00f3\u017c nowy. Opis techniczny: Kolor: czarny Posiada chip: TAK Wydajno\u015b\u0107: 3 000 &nbsp;stron BT-TN2420 BK*E(3000) Kompatybilny z drukarkami: DCP-L2531DW DCP-L2535DW DCP-L2550DW HL-L2395DW HL-L2310D HL-L2350DW HL-L2357DW HL-L2375DW HL-L2395DW MFC-L2710DW MFC-L2713DW MFC-L2715DW MFC-L2716DW MFC-L2730DW MFC-L2750DW MFC-L2751DW MFC-L2770DW [&hellip;]","og_url":"https:\/\/racom.com.pl\/index.php\/produkt\/toner-do-brother-mfc-l2710dw-hl-l2310d-hl-l2350dw-tn2420-3000str-xl-chip\/","og_site_name":"Mix Market - Supermarket z wszystkim co potrzeba","og_image":[{"width":2560,"height":1920,"url":"https:\/\/racom.com.pl\/wp-content\/uploads\/2025\/07\/allegro_687a8932477232.12805832_3ef5b146486e93a5d8a03c2b80f2.jpg","type":"image\/jpeg"}],"twitter_card":"summary_large_image","schema":{"@context":"https:\/\/schema.org","@graph":[{"@type":"WebPage","@id":"https:\/\/racom.com.pl\/index.php\/produkt\/toner-do-brother-mfc-l2710dw-hl-l2310d-hl-l2350dw-tn2420-3000str-xl-chip\/","url":"https:\/\/racom.com.pl\/index.php\/produkt\/toner-do-brother-mfc-l2710dw-hl-l2310d-hl-l2350dw-tn2420-3000str-xl-chip\/","name":"Toner do BROTHER MFC-L2710DW HL-L2310D HL-L2350DW TN2420 3000str. XL CHIP - Mix Market - Supermarket z wszystkim co potrzeba","isPartOf":{"@id":"https:\/\/racom.com.pl\/#website"},"primaryImageOfPage":{"@id":"https:\/\/racom.com.pl\/index.php\/produkt\/toner-do-brother-mfc-l2710dw-hl-l2310d-hl-l2350dw-tn2420-3000str-xl-chip\/#primaryimage"},"image":{"@id":"https:\/\/racom.com.pl\/index.php\/produkt\/toner-do-brother-mfc-l2710dw-hl-l2310d-hl-l2350dw-tn2420-3000str-xl-chip\/#primaryimage"},"thumbnailUrl":"https:\/\/racom.com.pl\/wp-content\/uploads\/2025\/07\/allegro_687a8932477232.12805832_3ef5b146486e93a5d8a03c2b80f2.jpg","datePublished":"2025-07-18T17:49:08+00:00","breadcrumb":{"@id":"https:\/\/racom.com.pl\/index.php\/produkt\/toner-do-brother-mfc-l2710dw-hl-l2310d-hl-l2350dw-tn2420-3000str-xl-chip\/#breadcrumb"},"inLanguage":"pl-PL","potentialAction":[{"@type":"ReadAction","target":["https:\/\/racom.com.pl\/index.php\/produkt\/toner-do-brother-mfc-l2710dw-hl-l2310d-hl-l2350dw-tn2420-3000str-xl-chip\/"]}]},{"@type":"ImageObject","inLanguage":"pl-PL","@id":"https:\/\/racom.com.pl\/index.php\/produkt\/toner-do-brother-mfc-l2710dw-hl-l2310d-hl-l2350dw-tn2420-3000str-xl-chip\/#primaryimage","url":"https:\/\/racom.com.pl\/wp-content\/uploads\/2025\/07\/allegro_687a8932477232.12805832_3ef5b146486e93a5d8a03c2b80f2.jpg","contentUrl":"https:\/\/racom.com.pl\/wp-content\/uploads\/2025\/07\/allegro_687a8932477232.12805832_3ef5b146486e93a5d8a03c2b80f2.jpg","width":2560,"height":1920},{"@type":"BreadcrumbList","@id":"https:\/\/racom.com.pl\/index.php\/produkt\/toner-do-brother-mfc-l2710dw-hl-l2310d-hl-l2350dw-tn2420-3000str-xl-chip\/#breadcrumb","itemListElement":[{"@type":"ListItem","position":1,"name":"Strona g\u0142\u00f3wna","item":"https:\/\/racom.com.pl\/"},{"@type":"ListItem","position":2,"name":"Sklep","item":"https:\/\/racom.com.pl\/"},{"@type":"ListItem","position":3,"name":"Toner do BROTHER MFC-L2710DW HL-L2310D HL-L2350DW TN2420 3000str. XL CHIP"}]},{"@type":"WebSite","@id":"https:\/\/racom.com.pl\/#website","url":"https:\/\/racom.com.pl\/","name":"Mix Market - Supermarket z wszystkim co potrzeba do domu i nie tylko","description":"","publisher":{"@id":"https:\/\/racom.com.pl\/#organization"},"potentialAction":[{"@type":"SearchAction","target":{"@type":"EntryPoint","urlTemplate":"https:\/\/racom.com.pl\/?s={search_term_string}"},"query-input":{"@type":"PropertyValueSpecification","valueRequired":true,"valueName":"search_term_string"}}],"inLanguage":"pl-PL"},{"@type":"Organization","@id":"https:\/\/racom.com.pl\/#organization","name":"Mix Market - Supermarket z wszystkim co potrzeba do domu i nie tylko","url":"https:\/\/racom.com.pl\/","logo":{"@type":"ImageObject","inLanguage":"pl-PL","@id":"https:\/\/racom.com.pl\/#\/schema\/logo\/image\/","url":"https:\/\/racom.com.pl\/wp-content\/uploads\/2025\/07\/mixmarket_logo.png","contentUrl":"https:\/\/racom.com.pl\/wp-content\/uploads\/2025\/07\/mixmarket_logo.png","width":1024,"height":1024,"caption":"Mix Market - Supermarket z wszystkim co potrzeba do domu i nie tylko"},"image":{"@id":"https:\/\/racom.com.pl\/#\/schema\/logo\/image\/"}}]}},"_links":{"self":[{"href":"https:\/\/racom.com.pl\/index.php\/wp-json\/wp\/v2\/product\/1532","targetHints":{"allow":["GET"]}}],"collection":[{"href":"https:\/\/racom.com.pl\/index.php\/wp-json\/wp\/v2\/product"}],"about":[{"href":"https:\/\/racom.com.pl\/index.php\/wp-json\/wp\/v2\/types\/product"}],"replies":[{"embeddable":true,"href":"https:\/\/racom.com.pl\/index.php\/wp-json\/wp\/v2\/comments?post=1532"}],"wp:featuredmedia":[{"embeddable":true,"href":"https:\/\/racom.com.pl\/index.php\/wp-json\/wp\/v2\/media\/1536"}],"wp:attachment":[{"href":"https:\/\/racom.com.pl\/index.php\/wp-json\/wp\/v2\/media?parent=1532"}],"wp:term":[{"taxonomy":"product_brand","embeddable":true,"href":"https:\/\/racom.com.pl\/index.php\/wp-json\/wp\/v2\/product_brand?post=1532"},{"taxonomy":"product_cat","embeddable":true,"href":"https:\/\/racom.com.pl\/index.php\/wp-json\/wp\/v2\/product_cat?post=1532"},{"taxonomy":"product_tag","embeddable":true,"href":"https:\/\/racom.com.pl\/index.php\/wp-json\/wp\/v2\/product_tag?post=1532"}],"curies":[{"name":"wp","href":"https:\/\/api.w.org\/{rel}","templated":true}]}}