{"id":1561,"date":"2025-07-18T19:54:20","date_gmt":"2025-07-18T17:54:20","guid":{"rendered":"http:\/\/192.168.2.106\/index.php\/produkt\/gniazdo-asus-ux31-ux21-ux31-ux32-ux31a-ux31e-x201e\/"},"modified":"2025-07-18T19:54:20","modified_gmt":"2025-07-18T17:54:20","slug":"gniazdo-asus-ux31-ux21-ux31-ux32-ux31a-ux31e-x201e","status":"publish","type":"product","link":"https:\/\/racom.com.pl\/index.php\/produkt\/gniazdo-asus-ux31-ux21-ux31-ux32-ux31a-ux31e-x201e\/","title":{"rendered":"GNIAZDO ASUS UX31 UX21 UX31 UX32 UX31A UX31E X201E"},"content":{"rendered":"<h2>NOWE GNIAZDO ZASILANIA DO LAPTOP\u00d3W ASUS<\/h2>\n<p>KOMPATYBILNE:<\/p>\n<p>ASUS Vivobook\/Zenbook\/Ultrabook<\/p>\n<p>ASUS UX21<\/p>\n<p>ASUS UX31<\/p>\n<p>ASUS UX31A<\/p>\n<p>ASUS UX31E<\/p>\n<p>ASUS UX32<\/p>\n<p>ASUS UX32A<\/p>\n<p>ASUS UX32VD<\/p>\n<p>ASUS UX42<\/p>\n<p>ASUS UX52<\/p>\n<p>ASUS X201<\/p>\n<p>ASUS X202<\/p>\n<p>ASUS Q200E<\/p>\n<p>ASUS S200E<\/p>\n<p>ASUS S400CA<\/p>\n<p>ASUS X201EO<\/p>\n<p>oraz wielu podobnych.<\/p>\n<p>Dane techniczne:<\/p>\n<p>Szeroko\u015b\u0107: 7.1mm<\/p>\n<p>Wysoko\u015b\u0107 (z pinami): 5,3mm<\/p>\n<p>D\u0142ugo\u015b\u0107: 10,8mm<\/p>\n<p>Grubo\u015b\u0107 pinu masy: 0,7mm<\/p>\n<p>Otw\u00f3r (zewn\u0119trznie): 5,4mm<\/p>\n<p>Ilo\u015b\u0107 n\u00f3g: 6 + 1 pin<\/p>\n<p>Dane techniczne:<\/p>\n<p>Szeroko\u015b\u0107: 7.1mm<\/p>\n<p>Wysoko\u015b\u0107 (z pinami): 5,3mm<\/p>\n<p>D\u0142ugo\u015b\u0107: 10,8mm<\/p>\n<p>Grubo\u015b\u0107 pinu masy: 0,7mm<\/p>\n<p>Otw\u00f3r (zewn\u0119trznie): 5,4mm<\/p>\n<p>Ilo\u015b\u0107 n\u00f3g: 6 + 1 pin<\/p>\n<p><b>UWAGA!<\/b><\/p>\n<p><b>W powy\u017cszych modelach by\u0142y montowane dwa typy gniazda.<\/b><\/p>\n<p><b>R\u00f3\u017cni\u0105 si\u0119 &#8222;tulej\u0105&#8221; wok\u00f3\u0142 gniazda.<\/b><\/p>\n<p><b>Kod produktu:<\/b>&nbsp;A230<\/p>\n","protected":false},"excerpt":{"rendered":"<p>NOWE GNIAZDO ZASILANIA DO LAPTOP\u00d3W ASUS KOMPATYBILNE: ASUS Vivobook\/Zenbook\/Ultrabook ASUS UX21 ASUS UX31 ASUS UX31A ASUS UX31E ASUS UX32 ASUS UX32A ASUS UX32VD ASUS UX42 ASUS UX52 ASUS X201 ASUS X202 ASUS Q200E ASUS S200E ASUS S400CA ASUS X201EO oraz wielu podobnych. Dane techniczne: Szeroko\u015b\u0107: 7.1mm Wysoko\u015b\u0107 (z pinami): 5,3mm D\u0142ugo\u015b\u0107: 10,8mm Grubo\u015b\u0107 pinu masy: [&hellip;]<\/p>\n","protected":false},"featured_media":1563,"comment_status":"open","ping_status":"closed","template":"","meta":[],"product_brand":[],"product_cat":[38],"product_tag":[],"class_list":{"0":"post-1561","1":"product","2":"type-product","3":"status-publish","4":"has-post-thumbnail","6":"product_cat-czesci-do-laptopow","8":"first","9":"instock","10":"taxable","11":"shipping-taxable","12":"purchasable","13":"product-type-simple"},"yoast_head":"<!-- This site is optimized with the Yoast SEO plugin v27.3 - https:\/\/yoast.com\/product\/yoast-seo-wordpress\/ -->\n<title>GNIAZDO ASUS UX31 UX21 UX31 UX32 UX31A UX31E X201E - Mix Market - Supermarket z wszystkim co potrzeba<\/title>\n<meta name=\"robots\" content=\"index, follow, max-snippet:-1, max-image-preview:large, max-video-preview:-1\" \/>\n<link rel=\"canonical\" href=\"https:\/\/racom.com.pl\/index.php\/produkt\/gniazdo-asus-ux31-ux21-ux31-ux32-ux31a-ux31e-x201e\/\" \/>\n<meta property=\"og:locale\" content=\"pl_PL\" \/>\n<meta property=\"og:type\" content=\"article\" \/>\n<meta property=\"og:title\" content=\"GNIAZDO ASUS UX31 UX21 UX31 UX32 UX31A UX31E X201E - Mix Market - Supermarket z wszystkim co potrzeba\" \/>\n<meta property=\"og:description\" content=\"NOWE GNIAZDO ZASILANIA DO LAPTOP\u00d3W ASUS KOMPATYBILNE: ASUS Vivobook\/Zenbook\/Ultrabook ASUS UX21 ASUS UX31 ASUS UX31A ASUS UX31E ASUS UX32 ASUS UX32A ASUS UX32VD ASUS UX42 ASUS UX52 ASUS X201 ASUS X202 ASUS Q200E ASUS S200E ASUS S400CA ASUS X201EO oraz wielu podobnych. Dane techniczne: Szeroko\u015b\u0107: 7.1mm Wysoko\u015b\u0107 (z pinami): 5,3mm D\u0142ugo\u015b\u0107: 10,8mm Grubo\u015b\u0107 pinu masy: [&hellip;]\" \/>\n<meta property=\"og:url\" content=\"https:\/\/racom.com.pl\/index.php\/produkt\/gniazdo-asus-ux31-ux21-ux31-ux32-ux31a-ux31e-x201e\/\" \/>\n<meta property=\"og:site_name\" content=\"Mix Market - Supermarket z wszystkim co potrzeba\" \/>\n<meta property=\"og:image\" content=\"https:\/\/racom.com.pl\/wp-content\/uploads\/2025\/07\/allegro_687a8a61251473.80964549_9133350d45e4bd196b11e3c8cd47.jpg\" \/>\n\t<meta property=\"og:image:width\" content=\"556\" \/>\n\t<meta property=\"og:image:height\" content=\"478\" \/>\n\t<meta property=\"og:image:type\" content=\"image\/jpeg\" \/>\n<meta name=\"twitter:card\" content=\"summary_large_image\" \/>\n<meta name=\"twitter:label1\" content=\"Szacowany czas czytania\" \/>\n\t<meta name=\"twitter:data1\" content=\"1 minuta\" \/>\n<script type=\"application\/ld+json\" class=\"yoast-schema-graph\">{\"@context\":\"https:\\\/\\\/schema.org\",\"@graph\":[{\"@type\":\"WebPage\",\"@id\":\"https:\\\/\\\/racom.com.pl\\\/index.php\\\/produkt\\\/gniazdo-asus-ux31-ux21-ux31-ux32-ux31a-ux31e-x201e\\\/\",\"url\":\"https:\\\/\\\/racom.com.pl\\\/index.php\\\/produkt\\\/gniazdo-asus-ux31-ux21-ux31-ux32-ux31a-ux31e-x201e\\\/\",\"name\":\"GNIAZDO ASUS UX31 UX21 UX31 UX32 UX31A UX31E X201E - Mix Market - Supermarket z wszystkim co potrzeba\",\"isPartOf\":{\"@id\":\"https:\\\/\\\/racom.com.pl\\\/#website\"},\"primaryImageOfPage\":{\"@id\":\"https:\\\/\\\/racom.com.pl\\\/index.php\\\/produkt\\\/gniazdo-asus-ux31-ux21-ux31-ux32-ux31a-ux31e-x201e\\\/#primaryimage\"},\"image\":{\"@id\":\"https:\\\/\\\/racom.com.pl\\\/index.php\\\/produkt\\\/gniazdo-asus-ux31-ux21-ux31-ux32-ux31a-ux31e-x201e\\\/#primaryimage\"},\"thumbnailUrl\":\"https:\\\/\\\/racom.com.pl\\\/wp-content\\\/uploads\\\/2025\\\/07\\\/allegro_687a8a61251473.80964549_9133350d45e4bd196b11e3c8cd47.jpg\",\"datePublished\":\"2025-07-18T17:54:20+00:00\",\"breadcrumb\":{\"@id\":\"https:\\\/\\\/racom.com.pl\\\/index.php\\\/produkt\\\/gniazdo-asus-ux31-ux21-ux31-ux32-ux31a-ux31e-x201e\\\/#breadcrumb\"},\"inLanguage\":\"pl-PL\",\"potentialAction\":[{\"@type\":\"ReadAction\",\"target\":[\"https:\\\/\\\/racom.com.pl\\\/index.php\\\/produkt\\\/gniazdo-asus-ux31-ux21-ux31-ux32-ux31a-ux31e-x201e\\\/\"]}]},{\"@type\":\"ImageObject\",\"inLanguage\":\"pl-PL\",\"@id\":\"https:\\\/\\\/racom.com.pl\\\/index.php\\\/produkt\\\/gniazdo-asus-ux31-ux21-ux31-ux32-ux31a-ux31e-x201e\\\/#primaryimage\",\"url\":\"https:\\\/\\\/racom.com.pl\\\/wp-content\\\/uploads\\\/2025\\\/07\\\/allegro_687a8a61251473.80964549_9133350d45e4bd196b11e3c8cd47.jpg\",\"contentUrl\":\"https:\\\/\\\/racom.com.pl\\\/wp-content\\\/uploads\\\/2025\\\/07\\\/allegro_687a8a61251473.80964549_9133350d45e4bd196b11e3c8cd47.jpg\",\"width\":556,\"height\":478},{\"@type\":\"BreadcrumbList\",\"@id\":\"https:\\\/\\\/racom.com.pl\\\/index.php\\\/produkt\\\/gniazdo-asus-ux31-ux21-ux31-ux32-ux31a-ux31e-x201e\\\/#breadcrumb\",\"itemListElement\":[{\"@type\":\"ListItem\",\"position\":1,\"name\":\"Strona g\u0142\u00f3wna\",\"item\":\"https:\\\/\\\/racom.com.pl\\\/\"},{\"@type\":\"ListItem\",\"position\":2,\"name\":\"Sklep\",\"item\":\"https:\\\/\\\/racom.com.pl\\\/\"},{\"@type\":\"ListItem\",\"position\":3,\"name\":\"GNIAZDO ASUS UX31 UX21 UX31 UX32 UX31A UX31E X201E\"}]},{\"@type\":\"WebSite\",\"@id\":\"https:\\\/\\\/racom.com.pl\\\/#website\",\"url\":\"https:\\\/\\\/racom.com.pl\\\/\",\"name\":\"Mix Market - Supermarket z wszystkim co potrzeba do domu i nie tylko\",\"description\":\"\",\"publisher\":{\"@id\":\"https:\\\/\\\/racom.com.pl\\\/#organization\"},\"potentialAction\":[{\"@type\":\"SearchAction\",\"target\":{\"@type\":\"EntryPoint\",\"urlTemplate\":\"https:\\\/\\\/racom.com.pl\\\/?s={search_term_string}\"},\"query-input\":{\"@type\":\"PropertyValueSpecification\",\"valueRequired\":true,\"valueName\":\"search_term_string\"}}],\"inLanguage\":\"pl-PL\"},{\"@type\":\"Organization\",\"@id\":\"https:\\\/\\\/racom.com.pl\\\/#organization\",\"name\":\"Mix Market - Supermarket z wszystkim co potrzeba do domu i nie tylko\",\"url\":\"https:\\\/\\\/racom.com.pl\\\/\",\"logo\":{\"@type\":\"ImageObject\",\"inLanguage\":\"pl-PL\",\"@id\":\"https:\\\/\\\/racom.com.pl\\\/#\\\/schema\\\/logo\\\/image\\\/\",\"url\":\"https:\\\/\\\/racom.com.pl\\\/wp-content\\\/uploads\\\/2025\\\/07\\\/mixmarket_logo.png\",\"contentUrl\":\"https:\\\/\\\/racom.com.pl\\\/wp-content\\\/uploads\\\/2025\\\/07\\\/mixmarket_logo.png\",\"width\":1024,\"height\":1024,\"caption\":\"Mix Market - Supermarket z wszystkim co potrzeba do domu i nie tylko\"},\"image\":{\"@id\":\"https:\\\/\\\/racom.com.pl\\\/#\\\/schema\\\/logo\\\/image\\\/\"}}]}<\/script>\n<!-- \/ Yoast SEO plugin. -->","yoast_head_json":{"title":"GNIAZDO ASUS UX31 UX21 UX31 UX32 UX31A UX31E X201E - Mix Market - Supermarket z wszystkim co potrzeba","robots":{"index":"index","follow":"follow","max-snippet":"max-snippet:-1","max-image-preview":"max-image-preview:large","max-video-preview":"max-video-preview:-1"},"canonical":"https:\/\/racom.com.pl\/index.php\/produkt\/gniazdo-asus-ux31-ux21-ux31-ux32-ux31a-ux31e-x201e\/","og_locale":"pl_PL","og_type":"article","og_title":"GNIAZDO ASUS UX31 UX21 UX31 UX32 UX31A UX31E X201E - Mix Market - Supermarket z wszystkim co potrzeba","og_description":"NOWE GNIAZDO ZASILANIA DO LAPTOP\u00d3W ASUS KOMPATYBILNE: ASUS Vivobook\/Zenbook\/Ultrabook ASUS UX21 ASUS UX31 ASUS UX31A ASUS UX31E ASUS UX32 ASUS UX32A ASUS UX32VD ASUS UX42 ASUS UX52 ASUS X201 ASUS X202 ASUS Q200E ASUS S200E ASUS S400CA ASUS X201EO oraz wielu podobnych. Dane techniczne: Szeroko\u015b\u0107: 7.1mm Wysoko\u015b\u0107 (z pinami): 5,3mm D\u0142ugo\u015b\u0107: 10,8mm Grubo\u015b\u0107 pinu masy: [&hellip;]","og_url":"https:\/\/racom.com.pl\/index.php\/produkt\/gniazdo-asus-ux31-ux21-ux31-ux32-ux31a-ux31e-x201e\/","og_site_name":"Mix Market - Supermarket z wszystkim co potrzeba","og_image":[{"width":556,"height":478,"url":"https:\/\/racom.com.pl\/wp-content\/uploads\/2025\/07\/allegro_687a8a61251473.80964549_9133350d45e4bd196b11e3c8cd47.jpg","type":"image\/jpeg"}],"twitter_card":"summary_large_image","twitter_misc":{"Szacowany czas czytania":"1 minuta"},"schema":{"@context":"https:\/\/schema.org","@graph":[{"@type":"WebPage","@id":"https:\/\/racom.com.pl\/index.php\/produkt\/gniazdo-asus-ux31-ux21-ux31-ux32-ux31a-ux31e-x201e\/","url":"https:\/\/racom.com.pl\/index.php\/produkt\/gniazdo-asus-ux31-ux21-ux31-ux32-ux31a-ux31e-x201e\/","name":"GNIAZDO ASUS UX31 UX21 UX31 UX32 UX31A UX31E X201E - Mix Market - Supermarket z wszystkim co potrzeba","isPartOf":{"@id":"https:\/\/racom.com.pl\/#website"},"primaryImageOfPage":{"@id":"https:\/\/racom.com.pl\/index.php\/produkt\/gniazdo-asus-ux31-ux21-ux31-ux32-ux31a-ux31e-x201e\/#primaryimage"},"image":{"@id":"https:\/\/racom.com.pl\/index.php\/produkt\/gniazdo-asus-ux31-ux21-ux31-ux32-ux31a-ux31e-x201e\/#primaryimage"},"thumbnailUrl":"https:\/\/racom.com.pl\/wp-content\/uploads\/2025\/07\/allegro_687a8a61251473.80964549_9133350d45e4bd196b11e3c8cd47.jpg","datePublished":"2025-07-18T17:54:20+00:00","breadcrumb":{"@id":"https:\/\/racom.com.pl\/index.php\/produkt\/gniazdo-asus-ux31-ux21-ux31-ux32-ux31a-ux31e-x201e\/#breadcrumb"},"inLanguage":"pl-PL","potentialAction":[{"@type":"ReadAction","target":["https:\/\/racom.com.pl\/index.php\/produkt\/gniazdo-asus-ux31-ux21-ux31-ux32-ux31a-ux31e-x201e\/"]}]},{"@type":"ImageObject","inLanguage":"pl-PL","@id":"https:\/\/racom.com.pl\/index.php\/produkt\/gniazdo-asus-ux31-ux21-ux31-ux32-ux31a-ux31e-x201e\/#primaryimage","url":"https:\/\/racom.com.pl\/wp-content\/uploads\/2025\/07\/allegro_687a8a61251473.80964549_9133350d45e4bd196b11e3c8cd47.jpg","contentUrl":"https:\/\/racom.com.pl\/wp-content\/uploads\/2025\/07\/allegro_687a8a61251473.80964549_9133350d45e4bd196b11e3c8cd47.jpg","width":556,"height":478},{"@type":"BreadcrumbList","@id":"https:\/\/racom.com.pl\/index.php\/produkt\/gniazdo-asus-ux31-ux21-ux31-ux32-ux31a-ux31e-x201e\/#breadcrumb","itemListElement":[{"@type":"ListItem","position":1,"name":"Strona g\u0142\u00f3wna","item":"https:\/\/racom.com.pl\/"},{"@type":"ListItem","position":2,"name":"Sklep","item":"https:\/\/racom.com.pl\/"},{"@type":"ListItem","position":3,"name":"GNIAZDO ASUS UX31 UX21 UX31 UX32 UX31A UX31E X201E"}]},{"@type":"WebSite","@id":"https:\/\/racom.com.pl\/#website","url":"https:\/\/racom.com.pl\/","name":"Mix Market - Supermarket z wszystkim co potrzeba do domu i nie tylko","description":"","publisher":{"@id":"https:\/\/racom.com.pl\/#organization"},"potentialAction":[{"@type":"SearchAction","target":{"@type":"EntryPoint","urlTemplate":"https:\/\/racom.com.pl\/?s={search_term_string}"},"query-input":{"@type":"PropertyValueSpecification","valueRequired":true,"valueName":"search_term_string"}}],"inLanguage":"pl-PL"},{"@type":"Organization","@id":"https:\/\/racom.com.pl\/#organization","name":"Mix Market - Supermarket z wszystkim co potrzeba do domu i nie tylko","url":"https:\/\/racom.com.pl\/","logo":{"@type":"ImageObject","inLanguage":"pl-PL","@id":"https:\/\/racom.com.pl\/#\/schema\/logo\/image\/","url":"https:\/\/racom.com.pl\/wp-content\/uploads\/2025\/07\/mixmarket_logo.png","contentUrl":"https:\/\/racom.com.pl\/wp-content\/uploads\/2025\/07\/mixmarket_logo.png","width":1024,"height":1024,"caption":"Mix Market - Supermarket z wszystkim co potrzeba do domu i nie tylko"},"image":{"@id":"https:\/\/racom.com.pl\/#\/schema\/logo\/image\/"}}]}},"_links":{"self":[{"href":"https:\/\/racom.com.pl\/index.php\/wp-json\/wp\/v2\/product\/1561","targetHints":{"allow":["GET"]}}],"collection":[{"href":"https:\/\/racom.com.pl\/index.php\/wp-json\/wp\/v2\/product"}],"about":[{"href":"https:\/\/racom.com.pl\/index.php\/wp-json\/wp\/v2\/types\/product"}],"replies":[{"embeddable":true,"href":"https:\/\/racom.com.pl\/index.php\/wp-json\/wp\/v2\/comments?post=1561"}],"wp:featuredmedia":[{"embeddable":true,"href":"https:\/\/racom.com.pl\/index.php\/wp-json\/wp\/v2\/media\/1563"}],"wp:attachment":[{"href":"https:\/\/racom.com.pl\/index.php\/wp-json\/wp\/v2\/media?parent=1561"}],"wp:term":[{"taxonomy":"product_brand","embeddable":true,"href":"https:\/\/racom.com.pl\/index.php\/wp-json\/wp\/v2\/product_brand?post=1561"},{"taxonomy":"product_cat","embeddable":true,"href":"https:\/\/racom.com.pl\/index.php\/wp-json\/wp\/v2\/product_cat?post=1561"},{"taxonomy":"product_tag","embeddable":true,"href":"https:\/\/racom.com.pl\/index.php\/wp-json\/wp\/v2\/product_tag?post=1561"}],"curies":[{"name":"wp","href":"https:\/\/api.w.org\/{rel}","templated":true}]}}