{"id":1582,"date":"2025-07-18T19:57:42","date_gmt":"2025-07-18T17:57:42","guid":{"rendered":"http:\/\/192.168.2.106\/index.php\/produkt\/modul-chip-uklad-zasilania-iphone-5s-u2-ic-1610a1\/"},"modified":"2025-07-18T19:57:42","modified_gmt":"2025-07-18T17:57:42","slug":"modul-chip-uklad-zasilania-iphone-5s-u2-ic-1610a1","status":"publish","type":"product","link":"https:\/\/racom.com.pl\/index.php\/produkt\/modul-chip-uklad-zasilania-iphone-5s-u2-ic-1610a1\/","title":{"rendered":"MODU\u0141 CHIP UK\u0141AD ZASILANIA IPHONE 5S U2 IC 1610A1"},"content":{"rendered":"<h2>\u0142adowarka, komputer) do iPhone 5S 1610A1<\/h2>\n<p>Przyk\u0142adowe objawy usterki uk\u0142adu:<\/p>\n<ul>\n<li>brak \u0142adowania<\/li>\n<li>brak komunikacji z komputerem<\/li>\n<li>szybsze roz\u0142adowywanie baterii (w przypadku sprawnej baterii)<\/li>\n<li>bootloop<\/li>\n<li>sekwencja podczas uruchamiania zatrzymuje si\u0119 na jab\u0142ku<\/li>\n<\/ul>\n<h2>Kod produktu: A373<\/h2>\n","protected":false},"excerpt":{"rendered":"<p>\u0142adowarka, komputer) do iPhone 5S 1610A1 Przyk\u0142adowe objawy usterki uk\u0142adu: brak \u0142adowania brak komunikacji z komputerem szybsze roz\u0142adowywanie baterii (w przypadku sprawnej baterii) bootloop sekwencja podczas uruchamiania zatrzymuje si\u0119 na jab\u0142ku Kod produktu: A373<\/p>\n","protected":false},"featured_media":1586,"comment_status":"open","ping_status":"closed","template":"","meta":[],"product_brand":[],"product_cat":[26],"product_tag":[],"class_list":{"0":"post-1582","1":"product","2":"type-product","3":"status-publish","4":"has-post-thumbnail","6":"product_cat-akcesoria-gsm","8":"first","9":"instock","10":"taxable","11":"shipping-taxable","12":"purchasable","13":"product-type-simple"},"yoast_head":"<!-- This site is optimized with the Yoast SEO plugin v27.3 - https:\/\/yoast.com\/product\/yoast-seo-wordpress\/ -->\n<title>MODU\u0141 CHIP UK\u0141AD ZASILANIA IPHONE 5S U2 IC 1610A1 - Mix Market - Supermarket z wszystkim co potrzeba<\/title>\n<meta name=\"robots\" content=\"index, follow, max-snippet:-1, max-image-preview:large, max-video-preview:-1\" \/>\n<link rel=\"canonical\" href=\"https:\/\/racom.com.pl\/index.php\/produkt\/modul-chip-uklad-zasilania-iphone-5s-u2-ic-1610a1\/\" \/>\n<meta property=\"og:locale\" content=\"pl_PL\" \/>\n<meta property=\"og:type\" content=\"article\" \/>\n<meta property=\"og:title\" content=\"MODU\u0141 CHIP UK\u0141AD ZASILANIA IPHONE 5S U2 IC 1610A1 - Mix Market - Supermarket z wszystkim co potrzeba\" \/>\n<meta property=\"og:description\" content=\"\u0142adowarka, komputer) do iPhone 5S 1610A1 Przyk\u0142adowe objawy usterki uk\u0142adu: brak \u0142adowania brak komunikacji z komputerem szybsze roz\u0142adowywanie baterii (w przypadku sprawnej baterii) bootloop sekwencja podczas uruchamiania zatrzymuje si\u0119 na jab\u0142ku Kod produktu: A373\" \/>\n<meta property=\"og:url\" content=\"https:\/\/racom.com.pl\/index.php\/produkt\/modul-chip-uklad-zasilania-iphone-5s-u2-ic-1610a1\/\" \/>\n<meta property=\"og:site_name\" content=\"Mix Market - Supermarket z wszystkim co potrzeba\" \/>\n<meta property=\"og:image\" content=\"https:\/\/racom.com.pl\/wp-content\/uploads\/2025\/07\/allegro_687a8b496194c2.18407651_b465fa494f5e8ff3fce0124b9908.jpg\" \/>\n\t<meta property=\"og:image:width\" content=\"512\" \/>\n\t<meta property=\"og:image:height\" content=\"512\" \/>\n\t<meta property=\"og:image:type\" content=\"image\/jpeg\" \/>\n<meta name=\"twitter:card\" content=\"summary_large_image\" \/>\n<script type=\"application\/ld+json\" class=\"yoast-schema-graph\">{\"@context\":\"https:\\\/\\\/schema.org\",\"@graph\":[{\"@type\":\"WebPage\",\"@id\":\"https:\\\/\\\/racom.com.pl\\\/index.php\\\/produkt\\\/modul-chip-uklad-zasilania-iphone-5s-u2-ic-1610a1\\\/\",\"url\":\"https:\\\/\\\/racom.com.pl\\\/index.php\\\/produkt\\\/modul-chip-uklad-zasilania-iphone-5s-u2-ic-1610a1\\\/\",\"name\":\"MODU\u0141 CHIP UK\u0141AD ZASILANIA IPHONE 5S U2 IC 1610A1 - Mix Market - Supermarket z wszystkim co potrzeba\",\"isPartOf\":{\"@id\":\"https:\\\/\\\/racom.com.pl\\\/#website\"},\"primaryImageOfPage\":{\"@id\":\"https:\\\/\\\/racom.com.pl\\\/index.php\\\/produkt\\\/modul-chip-uklad-zasilania-iphone-5s-u2-ic-1610a1\\\/#primaryimage\"},\"image\":{\"@id\":\"https:\\\/\\\/racom.com.pl\\\/index.php\\\/produkt\\\/modul-chip-uklad-zasilania-iphone-5s-u2-ic-1610a1\\\/#primaryimage\"},\"thumbnailUrl\":\"https:\\\/\\\/racom.com.pl\\\/wp-content\\\/uploads\\\/2025\\\/07\\\/allegro_687a8b496194c2.18407651_b465fa494f5e8ff3fce0124b9908.jpg\",\"datePublished\":\"2025-07-18T17:57:42+00:00\",\"breadcrumb\":{\"@id\":\"https:\\\/\\\/racom.com.pl\\\/index.php\\\/produkt\\\/modul-chip-uklad-zasilania-iphone-5s-u2-ic-1610a1\\\/#breadcrumb\"},\"inLanguage\":\"pl-PL\",\"potentialAction\":[{\"@type\":\"ReadAction\",\"target\":[\"https:\\\/\\\/racom.com.pl\\\/index.php\\\/produkt\\\/modul-chip-uklad-zasilania-iphone-5s-u2-ic-1610a1\\\/\"]}]},{\"@type\":\"ImageObject\",\"inLanguage\":\"pl-PL\",\"@id\":\"https:\\\/\\\/racom.com.pl\\\/index.php\\\/produkt\\\/modul-chip-uklad-zasilania-iphone-5s-u2-ic-1610a1\\\/#primaryimage\",\"url\":\"https:\\\/\\\/racom.com.pl\\\/wp-content\\\/uploads\\\/2025\\\/07\\\/allegro_687a8b496194c2.18407651_b465fa494f5e8ff3fce0124b9908.jpg\",\"contentUrl\":\"https:\\\/\\\/racom.com.pl\\\/wp-content\\\/uploads\\\/2025\\\/07\\\/allegro_687a8b496194c2.18407651_b465fa494f5e8ff3fce0124b9908.jpg\",\"width\":512,\"height\":512},{\"@type\":\"BreadcrumbList\",\"@id\":\"https:\\\/\\\/racom.com.pl\\\/index.php\\\/produkt\\\/modul-chip-uklad-zasilania-iphone-5s-u2-ic-1610a1\\\/#breadcrumb\",\"itemListElement\":[{\"@type\":\"ListItem\",\"position\":1,\"name\":\"Strona g\u0142\u00f3wna\",\"item\":\"https:\\\/\\\/racom.com.pl\\\/\"},{\"@type\":\"ListItem\",\"position\":2,\"name\":\"Sklep\",\"item\":\"https:\\\/\\\/racom.com.pl\\\/\"},{\"@type\":\"ListItem\",\"position\":3,\"name\":\"MODU\u0141 CHIP UK\u0141AD ZASILANIA IPHONE 5S U2 IC 1610A1\"}]},{\"@type\":\"WebSite\",\"@id\":\"https:\\\/\\\/racom.com.pl\\\/#website\",\"url\":\"https:\\\/\\\/racom.com.pl\\\/\",\"name\":\"Mix Market - Supermarket z wszystkim co potrzeba do domu i nie tylko\",\"description\":\"\",\"publisher\":{\"@id\":\"https:\\\/\\\/racom.com.pl\\\/#organization\"},\"potentialAction\":[{\"@type\":\"SearchAction\",\"target\":{\"@type\":\"EntryPoint\",\"urlTemplate\":\"https:\\\/\\\/racom.com.pl\\\/?s={search_term_string}\"},\"query-input\":{\"@type\":\"PropertyValueSpecification\",\"valueRequired\":true,\"valueName\":\"search_term_string\"}}],\"inLanguage\":\"pl-PL\"},{\"@type\":\"Organization\",\"@id\":\"https:\\\/\\\/racom.com.pl\\\/#organization\",\"name\":\"Mix Market - Supermarket z wszystkim co potrzeba do domu i nie tylko\",\"url\":\"https:\\\/\\\/racom.com.pl\\\/\",\"logo\":{\"@type\":\"ImageObject\",\"inLanguage\":\"pl-PL\",\"@id\":\"https:\\\/\\\/racom.com.pl\\\/#\\\/schema\\\/logo\\\/image\\\/\",\"url\":\"https:\\\/\\\/racom.com.pl\\\/wp-content\\\/uploads\\\/2025\\\/07\\\/mixmarket_logo.png\",\"contentUrl\":\"https:\\\/\\\/racom.com.pl\\\/wp-content\\\/uploads\\\/2025\\\/07\\\/mixmarket_logo.png\",\"width\":1024,\"height\":1024,\"caption\":\"Mix Market - Supermarket z wszystkim co potrzeba do domu i nie tylko\"},\"image\":{\"@id\":\"https:\\\/\\\/racom.com.pl\\\/#\\\/schema\\\/logo\\\/image\\\/\"}}]}<\/script>\n<!-- \/ Yoast SEO plugin. -->","yoast_head_json":{"title":"MODU\u0141 CHIP UK\u0141AD ZASILANIA IPHONE 5S U2 IC 1610A1 - Mix Market - Supermarket z wszystkim co potrzeba","robots":{"index":"index","follow":"follow","max-snippet":"max-snippet:-1","max-image-preview":"max-image-preview:large","max-video-preview":"max-video-preview:-1"},"canonical":"https:\/\/racom.com.pl\/index.php\/produkt\/modul-chip-uklad-zasilania-iphone-5s-u2-ic-1610a1\/","og_locale":"pl_PL","og_type":"article","og_title":"MODU\u0141 CHIP UK\u0141AD ZASILANIA IPHONE 5S U2 IC 1610A1 - Mix Market - Supermarket z wszystkim co potrzeba","og_description":"\u0142adowarka, komputer) do iPhone 5S 1610A1 Przyk\u0142adowe objawy usterki uk\u0142adu: brak \u0142adowania brak komunikacji z komputerem szybsze roz\u0142adowywanie baterii (w przypadku sprawnej baterii) bootloop sekwencja podczas uruchamiania zatrzymuje si\u0119 na jab\u0142ku Kod produktu: A373","og_url":"https:\/\/racom.com.pl\/index.php\/produkt\/modul-chip-uklad-zasilania-iphone-5s-u2-ic-1610a1\/","og_site_name":"Mix Market - Supermarket z wszystkim co potrzeba","og_image":[{"width":512,"height":512,"url":"https:\/\/racom.com.pl\/wp-content\/uploads\/2025\/07\/allegro_687a8b496194c2.18407651_b465fa494f5e8ff3fce0124b9908.jpg","type":"image\/jpeg"}],"twitter_card":"summary_large_image","schema":{"@context":"https:\/\/schema.org","@graph":[{"@type":"WebPage","@id":"https:\/\/racom.com.pl\/index.php\/produkt\/modul-chip-uklad-zasilania-iphone-5s-u2-ic-1610a1\/","url":"https:\/\/racom.com.pl\/index.php\/produkt\/modul-chip-uklad-zasilania-iphone-5s-u2-ic-1610a1\/","name":"MODU\u0141 CHIP UK\u0141AD ZASILANIA IPHONE 5S U2 IC 1610A1 - Mix Market - Supermarket z wszystkim co potrzeba","isPartOf":{"@id":"https:\/\/racom.com.pl\/#website"},"primaryImageOfPage":{"@id":"https:\/\/racom.com.pl\/index.php\/produkt\/modul-chip-uklad-zasilania-iphone-5s-u2-ic-1610a1\/#primaryimage"},"image":{"@id":"https:\/\/racom.com.pl\/index.php\/produkt\/modul-chip-uklad-zasilania-iphone-5s-u2-ic-1610a1\/#primaryimage"},"thumbnailUrl":"https:\/\/racom.com.pl\/wp-content\/uploads\/2025\/07\/allegro_687a8b496194c2.18407651_b465fa494f5e8ff3fce0124b9908.jpg","datePublished":"2025-07-18T17:57:42+00:00","breadcrumb":{"@id":"https:\/\/racom.com.pl\/index.php\/produkt\/modul-chip-uklad-zasilania-iphone-5s-u2-ic-1610a1\/#breadcrumb"},"inLanguage":"pl-PL","potentialAction":[{"@type":"ReadAction","target":["https:\/\/racom.com.pl\/index.php\/produkt\/modul-chip-uklad-zasilania-iphone-5s-u2-ic-1610a1\/"]}]},{"@type":"ImageObject","inLanguage":"pl-PL","@id":"https:\/\/racom.com.pl\/index.php\/produkt\/modul-chip-uklad-zasilania-iphone-5s-u2-ic-1610a1\/#primaryimage","url":"https:\/\/racom.com.pl\/wp-content\/uploads\/2025\/07\/allegro_687a8b496194c2.18407651_b465fa494f5e8ff3fce0124b9908.jpg","contentUrl":"https:\/\/racom.com.pl\/wp-content\/uploads\/2025\/07\/allegro_687a8b496194c2.18407651_b465fa494f5e8ff3fce0124b9908.jpg","width":512,"height":512},{"@type":"BreadcrumbList","@id":"https:\/\/racom.com.pl\/index.php\/produkt\/modul-chip-uklad-zasilania-iphone-5s-u2-ic-1610a1\/#breadcrumb","itemListElement":[{"@type":"ListItem","position":1,"name":"Strona g\u0142\u00f3wna","item":"https:\/\/racom.com.pl\/"},{"@type":"ListItem","position":2,"name":"Sklep","item":"https:\/\/racom.com.pl\/"},{"@type":"ListItem","position":3,"name":"MODU\u0141 CHIP UK\u0141AD ZASILANIA IPHONE 5S U2 IC 1610A1"}]},{"@type":"WebSite","@id":"https:\/\/racom.com.pl\/#website","url":"https:\/\/racom.com.pl\/","name":"Mix Market - Supermarket z wszystkim co potrzeba do domu i nie tylko","description":"","publisher":{"@id":"https:\/\/racom.com.pl\/#organization"},"potentialAction":[{"@type":"SearchAction","target":{"@type":"EntryPoint","urlTemplate":"https:\/\/racom.com.pl\/?s={search_term_string}"},"query-input":{"@type":"PropertyValueSpecification","valueRequired":true,"valueName":"search_term_string"}}],"inLanguage":"pl-PL"},{"@type":"Organization","@id":"https:\/\/racom.com.pl\/#organization","name":"Mix Market - Supermarket z wszystkim co potrzeba do domu i nie tylko","url":"https:\/\/racom.com.pl\/","logo":{"@type":"ImageObject","inLanguage":"pl-PL","@id":"https:\/\/racom.com.pl\/#\/schema\/logo\/image\/","url":"https:\/\/racom.com.pl\/wp-content\/uploads\/2025\/07\/mixmarket_logo.png","contentUrl":"https:\/\/racom.com.pl\/wp-content\/uploads\/2025\/07\/mixmarket_logo.png","width":1024,"height":1024,"caption":"Mix Market - Supermarket z wszystkim co potrzeba do domu i nie tylko"},"image":{"@id":"https:\/\/racom.com.pl\/#\/schema\/logo\/image\/"}}]}},"_links":{"self":[{"href":"https:\/\/racom.com.pl\/index.php\/wp-json\/wp\/v2\/product\/1582","targetHints":{"allow":["GET"]}}],"collection":[{"href":"https:\/\/racom.com.pl\/index.php\/wp-json\/wp\/v2\/product"}],"about":[{"href":"https:\/\/racom.com.pl\/index.php\/wp-json\/wp\/v2\/types\/product"}],"replies":[{"embeddable":true,"href":"https:\/\/racom.com.pl\/index.php\/wp-json\/wp\/v2\/comments?post=1582"}],"wp:featuredmedia":[{"embeddable":true,"href":"https:\/\/racom.com.pl\/index.php\/wp-json\/wp\/v2\/media\/1586"}],"wp:attachment":[{"href":"https:\/\/racom.com.pl\/index.php\/wp-json\/wp\/v2\/media?parent=1582"}],"wp:term":[{"taxonomy":"product_brand","embeddable":true,"href":"https:\/\/racom.com.pl\/index.php\/wp-json\/wp\/v2\/product_brand?post=1582"},{"taxonomy":"product_cat","embeddable":true,"href":"https:\/\/racom.com.pl\/index.php\/wp-json\/wp\/v2\/product_cat?post=1582"},{"taxonomy":"product_tag","embeddable":true,"href":"https:\/\/racom.com.pl\/index.php\/wp-json\/wp\/v2\/product_tag?post=1582"}],"curies":[{"name":"wp","href":"https:\/\/api.w.org\/{rel}","templated":true}]}}