{"id":161,"date":"2025-07-18T17:14:43","date_gmt":"2025-07-18T15:14:43","guid":{"rendered":"http:\/\/192.168.2.106\/index.php\/produkt\/gniazdo-mikro-usb-sony-xperia-m2-x12-lt18i-lt15-x9\/"},"modified":"2025-07-18T17:14:43","modified_gmt":"2025-07-18T15:14:43","slug":"gniazdo-mikro-usb-sony-xperia-m2-x12-lt18i-lt15-x9","status":"publish","type":"product","link":"https:\/\/racom.com.pl\/index.php\/produkt\/gniazdo-mikro-usb-sony-xperia-m2-x12-lt18i-lt15-x9\/","title":{"rendered":"GNIAZDO MIKRO USB SONY XPERIA M2 X12 LT18I LT15 X9"},"content":{"rendered":"<h2>GNIAZDO MIKRO USB SONY XPERIA M2 X12 LT18I LT15 X9<\/h2>\n<p>Fabrycznie nowe i oryginalne gniazdo mikro USB. Lista kompatybilno\u015bci w tabeli.<\/p>\n<ul>\n<li><b>Kod produktu:<\/b> A202<\/li>\n<li><b>Wymiary:<\/b> 8.2*4.35*3.25 [mm]<\/li>\n<li><b>Kompatybilno\u015b\u0107:<\/b> Sony Xperia M2, X12 LT18i LT15 MT15I X9 ST27 MT11, Arc S, Neo V MT11, Xiaomi Redmi 1 s M2s Mi2s Mi2A M2R M2 M3 Mi3<\/li>\n<\/ul>\n","protected":false},"excerpt":{"rendered":"<p>GNIAZDO MIKRO USB SONY XPERIA M2 X12 LT18I LT15 X9 Fabrycznie nowe i oryginalne gniazdo mikro USB. Lista kompatybilno\u015bci w tabeli. Kod produktu: A202 Wymiary: 8.2*4.35*3.25 [mm] Kompatybilno\u015b\u0107: Sony Xperia M2, X12 LT18i LT15 MT15I X9 ST27 MT11, Arc S, Neo V MT11, Xiaomi Redmi 1 s M2s Mi2s Mi2A M2R M2 M3 Mi3<\/p>\n","protected":false},"featured_media":164,"comment_status":"open","ping_status":"closed","template":"","meta":[],"product_brand":[],"product_cat":[26],"product_tag":[],"class_list":{"0":"post-161","1":"product","2":"type-product","3":"status-publish","4":"has-post-thumbnail","6":"product_cat-akcesoria-gsm","8":"first","9":"instock","10":"taxable","11":"shipping-taxable","12":"purchasable","13":"product-type-simple"},"yoast_head":"<!-- This site is optimized with the Yoast SEO plugin v27.3 - https:\/\/yoast.com\/product\/yoast-seo-wordpress\/ -->\n<title>GNIAZDO MIKRO USB SONY XPERIA M2 X12 LT18I LT15 X9 - Mix Market - Supermarket z wszystkim co potrzeba<\/title>\n<meta name=\"robots\" content=\"index, follow, max-snippet:-1, max-image-preview:large, max-video-preview:-1\" \/>\n<link rel=\"canonical\" href=\"https:\/\/racom.com.pl\/index.php\/produkt\/gniazdo-mikro-usb-sony-xperia-m2-x12-lt18i-lt15-x9\/\" \/>\n<meta property=\"og:locale\" content=\"pl_PL\" \/>\n<meta property=\"og:type\" content=\"article\" \/>\n<meta property=\"og:title\" content=\"GNIAZDO MIKRO USB SONY XPERIA M2 X12 LT18I LT15 X9 - Mix Market - Supermarket z wszystkim co potrzeba\" \/>\n<meta property=\"og:description\" content=\"GNIAZDO MIKRO USB SONY XPERIA M2 X12 LT18I LT15 X9 Fabrycznie nowe i oryginalne gniazdo mikro USB. Lista kompatybilno\u015bci w tabeli. Kod produktu: A202 Wymiary: 8.2*4.35*3.25 [mm] Kompatybilno\u015b\u0107: Sony Xperia M2, X12 LT18i LT15 MT15I X9 ST27 MT11, Arc S, Neo V MT11, Xiaomi Redmi 1 s M2s Mi2s Mi2A M2R M2 M3 Mi3\" \/>\n<meta property=\"og:url\" content=\"https:\/\/racom.com.pl\/index.php\/produkt\/gniazdo-mikro-usb-sony-xperia-m2-x12-lt18i-lt15-x9\/\" \/>\n<meta property=\"og:site_name\" content=\"Mix Market - Supermarket z wszystkim co potrzeba\" \/>\n<meta property=\"og:image\" content=\"https:\/\/racom.com.pl\/wp-content\/uploads\/2025\/07\/allegro_687a64ee1e0077.67121711_3c9dd63046f482f6d2c1c8ca6ccc.jpg\" \/>\n\t<meta property=\"og:image:width\" content=\"852\" \/>\n\t<meta property=\"og:image:height\" content=\"447\" \/>\n\t<meta property=\"og:image:type\" content=\"image\/jpeg\" \/>\n<meta name=\"twitter:card\" content=\"summary_large_image\" \/>\n<script type=\"application\/ld+json\" class=\"yoast-schema-graph\">{\"@context\":\"https:\\\/\\\/schema.org\",\"@graph\":[{\"@type\":\"WebPage\",\"@id\":\"https:\\\/\\\/racom.com.pl\\\/index.php\\\/produkt\\\/gniazdo-mikro-usb-sony-xperia-m2-x12-lt18i-lt15-x9\\\/\",\"url\":\"https:\\\/\\\/racom.com.pl\\\/index.php\\\/produkt\\\/gniazdo-mikro-usb-sony-xperia-m2-x12-lt18i-lt15-x9\\\/\",\"name\":\"GNIAZDO MIKRO USB SONY XPERIA M2 X12 LT18I LT15 X9 - Mix Market - Supermarket z wszystkim co potrzeba\",\"isPartOf\":{\"@id\":\"https:\\\/\\\/racom.com.pl\\\/#website\"},\"primaryImageOfPage\":{\"@id\":\"https:\\\/\\\/racom.com.pl\\\/index.php\\\/produkt\\\/gniazdo-mikro-usb-sony-xperia-m2-x12-lt18i-lt15-x9\\\/#primaryimage\"},\"image\":{\"@id\":\"https:\\\/\\\/racom.com.pl\\\/index.php\\\/produkt\\\/gniazdo-mikro-usb-sony-xperia-m2-x12-lt18i-lt15-x9\\\/#primaryimage\"},\"thumbnailUrl\":\"https:\\\/\\\/racom.com.pl\\\/wp-content\\\/uploads\\\/2025\\\/07\\\/allegro_687a64ee1e0077.67121711_3c9dd63046f482f6d2c1c8ca6ccc.jpg\",\"datePublished\":\"2025-07-18T15:14:43+00:00\",\"breadcrumb\":{\"@id\":\"https:\\\/\\\/racom.com.pl\\\/index.php\\\/produkt\\\/gniazdo-mikro-usb-sony-xperia-m2-x12-lt18i-lt15-x9\\\/#breadcrumb\"},\"inLanguage\":\"pl-PL\",\"potentialAction\":[{\"@type\":\"ReadAction\",\"target\":[\"https:\\\/\\\/racom.com.pl\\\/index.php\\\/produkt\\\/gniazdo-mikro-usb-sony-xperia-m2-x12-lt18i-lt15-x9\\\/\"]}]},{\"@type\":\"ImageObject\",\"inLanguage\":\"pl-PL\",\"@id\":\"https:\\\/\\\/racom.com.pl\\\/index.php\\\/produkt\\\/gniazdo-mikro-usb-sony-xperia-m2-x12-lt18i-lt15-x9\\\/#primaryimage\",\"url\":\"https:\\\/\\\/racom.com.pl\\\/wp-content\\\/uploads\\\/2025\\\/07\\\/allegro_687a64ee1e0077.67121711_3c9dd63046f482f6d2c1c8ca6ccc.jpg\",\"contentUrl\":\"https:\\\/\\\/racom.com.pl\\\/wp-content\\\/uploads\\\/2025\\\/07\\\/allegro_687a64ee1e0077.67121711_3c9dd63046f482f6d2c1c8ca6ccc.jpg\",\"width\":852,\"height\":447},{\"@type\":\"BreadcrumbList\",\"@id\":\"https:\\\/\\\/racom.com.pl\\\/index.php\\\/produkt\\\/gniazdo-mikro-usb-sony-xperia-m2-x12-lt18i-lt15-x9\\\/#breadcrumb\",\"itemListElement\":[{\"@type\":\"ListItem\",\"position\":1,\"name\":\"Strona g\u0142\u00f3wna\",\"item\":\"https:\\\/\\\/racom.com.pl\\\/\"},{\"@type\":\"ListItem\",\"position\":2,\"name\":\"Sklep\",\"item\":\"https:\\\/\\\/racom.com.pl\\\/\"},{\"@type\":\"ListItem\",\"position\":3,\"name\":\"GNIAZDO MIKRO USB SONY XPERIA M2 X12 LT18I LT15 X9\"}]},{\"@type\":\"WebSite\",\"@id\":\"https:\\\/\\\/racom.com.pl\\\/#website\",\"url\":\"https:\\\/\\\/racom.com.pl\\\/\",\"name\":\"Mix Market - Supermarket z wszystkim co potrzeba do domu i nie tylko\",\"description\":\"\",\"publisher\":{\"@id\":\"https:\\\/\\\/racom.com.pl\\\/#organization\"},\"potentialAction\":[{\"@type\":\"SearchAction\",\"target\":{\"@type\":\"EntryPoint\",\"urlTemplate\":\"https:\\\/\\\/racom.com.pl\\\/?s={search_term_string}\"},\"query-input\":{\"@type\":\"PropertyValueSpecification\",\"valueRequired\":true,\"valueName\":\"search_term_string\"}}],\"inLanguage\":\"pl-PL\"},{\"@type\":\"Organization\",\"@id\":\"https:\\\/\\\/racom.com.pl\\\/#organization\",\"name\":\"Mix Market - Supermarket z wszystkim co potrzeba do domu i nie tylko\",\"url\":\"https:\\\/\\\/racom.com.pl\\\/\",\"logo\":{\"@type\":\"ImageObject\",\"inLanguage\":\"pl-PL\",\"@id\":\"https:\\\/\\\/racom.com.pl\\\/#\\\/schema\\\/logo\\\/image\\\/\",\"url\":\"https:\\\/\\\/racom.com.pl\\\/wp-content\\\/uploads\\\/2025\\\/07\\\/mixmarket_logo.png\",\"contentUrl\":\"https:\\\/\\\/racom.com.pl\\\/wp-content\\\/uploads\\\/2025\\\/07\\\/mixmarket_logo.png\",\"width\":1024,\"height\":1024,\"caption\":\"Mix Market - Supermarket z wszystkim co potrzeba do domu i nie tylko\"},\"image\":{\"@id\":\"https:\\\/\\\/racom.com.pl\\\/#\\\/schema\\\/logo\\\/image\\\/\"}}]}<\/script>\n<!-- \/ Yoast SEO plugin. -->","yoast_head_json":{"title":"GNIAZDO MIKRO USB SONY XPERIA M2 X12 LT18I LT15 X9 - Mix Market - Supermarket z wszystkim co potrzeba","robots":{"index":"index","follow":"follow","max-snippet":"max-snippet:-1","max-image-preview":"max-image-preview:large","max-video-preview":"max-video-preview:-1"},"canonical":"https:\/\/racom.com.pl\/index.php\/produkt\/gniazdo-mikro-usb-sony-xperia-m2-x12-lt18i-lt15-x9\/","og_locale":"pl_PL","og_type":"article","og_title":"GNIAZDO MIKRO USB SONY XPERIA M2 X12 LT18I LT15 X9 - Mix Market - Supermarket z wszystkim co potrzeba","og_description":"GNIAZDO MIKRO USB SONY XPERIA M2 X12 LT18I LT15 X9 Fabrycznie nowe i oryginalne gniazdo mikro USB. Lista kompatybilno\u015bci w tabeli. Kod produktu: A202 Wymiary: 8.2*4.35*3.25 [mm] Kompatybilno\u015b\u0107: Sony Xperia M2, X12 LT18i LT15 MT15I X9 ST27 MT11, Arc S, Neo V MT11, Xiaomi Redmi 1 s M2s Mi2s Mi2A M2R M2 M3 Mi3","og_url":"https:\/\/racom.com.pl\/index.php\/produkt\/gniazdo-mikro-usb-sony-xperia-m2-x12-lt18i-lt15-x9\/","og_site_name":"Mix Market - Supermarket z wszystkim co potrzeba","og_image":[{"width":852,"height":447,"url":"https:\/\/racom.com.pl\/wp-content\/uploads\/2025\/07\/allegro_687a64ee1e0077.67121711_3c9dd63046f482f6d2c1c8ca6ccc.jpg","type":"image\/jpeg"}],"twitter_card":"summary_large_image","schema":{"@context":"https:\/\/schema.org","@graph":[{"@type":"WebPage","@id":"https:\/\/racom.com.pl\/index.php\/produkt\/gniazdo-mikro-usb-sony-xperia-m2-x12-lt18i-lt15-x9\/","url":"https:\/\/racom.com.pl\/index.php\/produkt\/gniazdo-mikro-usb-sony-xperia-m2-x12-lt18i-lt15-x9\/","name":"GNIAZDO MIKRO USB SONY XPERIA M2 X12 LT18I LT15 X9 - Mix Market - Supermarket z wszystkim co potrzeba","isPartOf":{"@id":"https:\/\/racom.com.pl\/#website"},"primaryImageOfPage":{"@id":"https:\/\/racom.com.pl\/index.php\/produkt\/gniazdo-mikro-usb-sony-xperia-m2-x12-lt18i-lt15-x9\/#primaryimage"},"image":{"@id":"https:\/\/racom.com.pl\/index.php\/produkt\/gniazdo-mikro-usb-sony-xperia-m2-x12-lt18i-lt15-x9\/#primaryimage"},"thumbnailUrl":"https:\/\/racom.com.pl\/wp-content\/uploads\/2025\/07\/allegro_687a64ee1e0077.67121711_3c9dd63046f482f6d2c1c8ca6ccc.jpg","datePublished":"2025-07-18T15:14:43+00:00","breadcrumb":{"@id":"https:\/\/racom.com.pl\/index.php\/produkt\/gniazdo-mikro-usb-sony-xperia-m2-x12-lt18i-lt15-x9\/#breadcrumb"},"inLanguage":"pl-PL","potentialAction":[{"@type":"ReadAction","target":["https:\/\/racom.com.pl\/index.php\/produkt\/gniazdo-mikro-usb-sony-xperia-m2-x12-lt18i-lt15-x9\/"]}]},{"@type":"ImageObject","inLanguage":"pl-PL","@id":"https:\/\/racom.com.pl\/index.php\/produkt\/gniazdo-mikro-usb-sony-xperia-m2-x12-lt18i-lt15-x9\/#primaryimage","url":"https:\/\/racom.com.pl\/wp-content\/uploads\/2025\/07\/allegro_687a64ee1e0077.67121711_3c9dd63046f482f6d2c1c8ca6ccc.jpg","contentUrl":"https:\/\/racom.com.pl\/wp-content\/uploads\/2025\/07\/allegro_687a64ee1e0077.67121711_3c9dd63046f482f6d2c1c8ca6ccc.jpg","width":852,"height":447},{"@type":"BreadcrumbList","@id":"https:\/\/racom.com.pl\/index.php\/produkt\/gniazdo-mikro-usb-sony-xperia-m2-x12-lt18i-lt15-x9\/#breadcrumb","itemListElement":[{"@type":"ListItem","position":1,"name":"Strona g\u0142\u00f3wna","item":"https:\/\/racom.com.pl\/"},{"@type":"ListItem","position":2,"name":"Sklep","item":"https:\/\/racom.com.pl\/"},{"@type":"ListItem","position":3,"name":"GNIAZDO MIKRO USB SONY XPERIA M2 X12 LT18I LT15 X9"}]},{"@type":"WebSite","@id":"https:\/\/racom.com.pl\/#website","url":"https:\/\/racom.com.pl\/","name":"Mix Market - Supermarket z wszystkim co potrzeba do domu i nie tylko","description":"","publisher":{"@id":"https:\/\/racom.com.pl\/#organization"},"potentialAction":[{"@type":"SearchAction","target":{"@type":"EntryPoint","urlTemplate":"https:\/\/racom.com.pl\/?s={search_term_string}"},"query-input":{"@type":"PropertyValueSpecification","valueRequired":true,"valueName":"search_term_string"}}],"inLanguage":"pl-PL"},{"@type":"Organization","@id":"https:\/\/racom.com.pl\/#organization","name":"Mix Market - Supermarket z wszystkim co potrzeba do domu i nie tylko","url":"https:\/\/racom.com.pl\/","logo":{"@type":"ImageObject","inLanguage":"pl-PL","@id":"https:\/\/racom.com.pl\/#\/schema\/logo\/image\/","url":"https:\/\/racom.com.pl\/wp-content\/uploads\/2025\/07\/mixmarket_logo.png","contentUrl":"https:\/\/racom.com.pl\/wp-content\/uploads\/2025\/07\/mixmarket_logo.png","width":1024,"height":1024,"caption":"Mix Market - Supermarket z wszystkim co potrzeba do domu i nie tylko"},"image":{"@id":"https:\/\/racom.com.pl\/#\/schema\/logo\/image\/"}}]}},"_links":{"self":[{"href":"https:\/\/racom.com.pl\/index.php\/wp-json\/wp\/v2\/product\/161","targetHints":{"allow":["GET"]}}],"collection":[{"href":"https:\/\/racom.com.pl\/index.php\/wp-json\/wp\/v2\/product"}],"about":[{"href":"https:\/\/racom.com.pl\/index.php\/wp-json\/wp\/v2\/types\/product"}],"replies":[{"embeddable":true,"href":"https:\/\/racom.com.pl\/index.php\/wp-json\/wp\/v2\/comments?post=161"}],"wp:featuredmedia":[{"embeddable":true,"href":"https:\/\/racom.com.pl\/index.php\/wp-json\/wp\/v2\/media\/164"}],"wp:attachment":[{"href":"https:\/\/racom.com.pl\/index.php\/wp-json\/wp\/v2\/media?parent=161"}],"wp:term":[{"taxonomy":"product_brand","embeddable":true,"href":"https:\/\/racom.com.pl\/index.php\/wp-json\/wp\/v2\/product_brand?post=161"},{"taxonomy":"product_cat","embeddable":true,"href":"https:\/\/racom.com.pl\/index.php\/wp-json\/wp\/v2\/product_cat?post=161"},{"taxonomy":"product_tag","embeddable":true,"href":"https:\/\/racom.com.pl\/index.php\/wp-json\/wp\/v2\/product_tag?post=161"}],"curies":[{"name":"wp","href":"https:\/\/api.w.org\/{rel}","templated":true}]}}