{"id":1613,"date":"2025-07-18T20:04:32","date_gmt":"2025-07-18T18:04:32","guid":{"rendered":"http:\/\/192.168.2.106\/index.php\/produkt\/napinacz-paska-zebatego-6mm-gt2-drukarka-3d-reprap\/"},"modified":"2025-07-18T20:04:32","modified_gmt":"2025-07-18T18:04:32","slug":"napinacz-paska-zebatego-6mm-gt2-drukarka-3d-reprap","status":"publish","type":"product","link":"https:\/\/racom.com.pl\/index.php\/produkt\/napinacz-paska-zebatego-6mm-gt2-drukarka-3d-reprap\/","title":{"rendered":"NAPINACZ PASKA Z\u0118BATEGO 6mm GT2 DRUKARKA 3D REPRAP"},"content":{"rendered":"<h2>NAPINACZ PASKA SPR\u0118\u017bYNKA GT2 6MM<\/h2>\n<p>Nowy napinacz (spr\u0119\u017cynka) paska z\u0119batego 6mm do drukarek 3D<\/p>\n<p>Stosuje si\u0119 go, gdy pasek z\u0119baty naszej drukarki pod wp\u0142ywem zu\u017cycia rozci\u0105gnie si\u0119. Napinacz eliminuje rozci\u0105gni\u0119cie na pasku i pozwala na stabiln\u0105 prac\u0119 drukarki 3D<\/p>\n<p>Materia\u0142: stal<\/p>\n<p>Na pasek: 6mm<\/p>\n<ul>\n<li><b>Kod produktu:<\/b>&nbsp;A805<\/li>\n<\/ul>\n","protected":false},"excerpt":{"rendered":"<p>NAPINACZ PASKA SPR\u0118\u017bYNKA GT2 6MM Nowy napinacz (spr\u0119\u017cynka) paska z\u0119batego 6mm do drukarek 3D Stosuje si\u0119 go, gdy pasek z\u0119baty naszej drukarki pod wp\u0142ywem zu\u017cycia rozci\u0105gnie si\u0119. Napinacz eliminuje rozci\u0105gni\u0119cie na pasku i pozwala na stabiln\u0105 prac\u0119 drukarki 3D Materia\u0142: stal Na pasek: 6mm Kod produktu:&nbsp;A805<\/p>\n","protected":false},"featured_media":1615,"comment_status":"open","ping_status":"closed","template":"","meta":[],"product_brand":[],"product_cat":[35],"product_tag":[],"class_list":{"0":"post-1613","1":"product","2":"type-product","3":"status-publish","4":"has-post-thumbnail","6":"product_cat-drukarki-i-skanery","8":"first","9":"instock","10":"taxable","11":"shipping-taxable","12":"purchasable","13":"product-type-simple"},"yoast_head":"<!-- This site is optimized with the Yoast SEO plugin v27.3 - https:\/\/yoast.com\/product\/yoast-seo-wordpress\/ -->\n<title>NAPINACZ PASKA Z\u0118BATEGO 6mm GT2 DRUKARKA 3D REPRAP - Mix Market - Supermarket z wszystkim co potrzeba<\/title>\n<meta name=\"robots\" content=\"index, follow, max-snippet:-1, max-image-preview:large, max-video-preview:-1\" \/>\n<link rel=\"canonical\" href=\"https:\/\/racom.com.pl\/index.php\/produkt\/napinacz-paska-zebatego-6mm-gt2-drukarka-3d-reprap\/\" \/>\n<meta property=\"og:locale\" content=\"pl_PL\" \/>\n<meta property=\"og:type\" content=\"article\" \/>\n<meta property=\"og:title\" content=\"NAPINACZ PASKA Z\u0118BATEGO 6mm GT2 DRUKARKA 3D REPRAP - Mix Market - Supermarket z wszystkim co potrzeba\" \/>\n<meta property=\"og:description\" content=\"NAPINACZ PASKA SPR\u0118\u017bYNKA GT2 6MM Nowy napinacz (spr\u0119\u017cynka) paska z\u0119batego 6mm do drukarek 3D Stosuje si\u0119 go, gdy pasek z\u0119baty naszej drukarki pod wp\u0142ywem zu\u017cycia rozci\u0105gnie si\u0119. Napinacz eliminuje rozci\u0105gni\u0119cie na pasku i pozwala na stabiln\u0105 prac\u0119 drukarki 3D Materia\u0142: stal Na pasek: 6mm Kod produktu:&nbsp;A805\" \/>\n<meta property=\"og:url\" content=\"https:\/\/racom.com.pl\/index.php\/produkt\/napinacz-paska-zebatego-6mm-gt2-drukarka-3d-reprap\/\" \/>\n<meta property=\"og:site_name\" content=\"Mix Market - Supermarket z wszystkim co potrzeba\" \/>\n<meta property=\"og:image\" content=\"https:\/\/racom.com.pl\/wp-content\/uploads\/2025\/07\/allegro_687a8cc5ba8570.24594323_35b5c29e4772b98a071a921ad355.jpg\" \/>\n\t<meta property=\"og:image:width\" content=\"446\" \/>\n\t<meta property=\"og:image:height\" content=\"420\" \/>\n\t<meta property=\"og:image:type\" content=\"image\/jpeg\" \/>\n<meta name=\"twitter:card\" content=\"summary_large_image\" \/>\n<script type=\"application\/ld+json\" class=\"yoast-schema-graph\">{\"@context\":\"https:\\\/\\\/schema.org\",\"@graph\":[{\"@type\":\"WebPage\",\"@id\":\"https:\\\/\\\/racom.com.pl\\\/index.php\\\/produkt\\\/napinacz-paska-zebatego-6mm-gt2-drukarka-3d-reprap\\\/\",\"url\":\"https:\\\/\\\/racom.com.pl\\\/index.php\\\/produkt\\\/napinacz-paska-zebatego-6mm-gt2-drukarka-3d-reprap\\\/\",\"name\":\"NAPINACZ PASKA Z\u0118BATEGO 6mm GT2 DRUKARKA 3D REPRAP - Mix Market - Supermarket z wszystkim co potrzeba\",\"isPartOf\":{\"@id\":\"https:\\\/\\\/racom.com.pl\\\/#website\"},\"primaryImageOfPage\":{\"@id\":\"https:\\\/\\\/racom.com.pl\\\/index.php\\\/produkt\\\/napinacz-paska-zebatego-6mm-gt2-drukarka-3d-reprap\\\/#primaryimage\"},\"image\":{\"@id\":\"https:\\\/\\\/racom.com.pl\\\/index.php\\\/produkt\\\/napinacz-paska-zebatego-6mm-gt2-drukarka-3d-reprap\\\/#primaryimage\"},\"thumbnailUrl\":\"https:\\\/\\\/racom.com.pl\\\/wp-content\\\/uploads\\\/2025\\\/07\\\/allegro_687a8cc5ba8570.24594323_35b5c29e4772b98a071a921ad355.jpg\",\"datePublished\":\"2025-07-18T18:04:32+00:00\",\"breadcrumb\":{\"@id\":\"https:\\\/\\\/racom.com.pl\\\/index.php\\\/produkt\\\/napinacz-paska-zebatego-6mm-gt2-drukarka-3d-reprap\\\/#breadcrumb\"},\"inLanguage\":\"pl-PL\",\"potentialAction\":[{\"@type\":\"ReadAction\",\"target\":[\"https:\\\/\\\/racom.com.pl\\\/index.php\\\/produkt\\\/napinacz-paska-zebatego-6mm-gt2-drukarka-3d-reprap\\\/\"]}]},{\"@type\":\"ImageObject\",\"inLanguage\":\"pl-PL\",\"@id\":\"https:\\\/\\\/racom.com.pl\\\/index.php\\\/produkt\\\/napinacz-paska-zebatego-6mm-gt2-drukarka-3d-reprap\\\/#primaryimage\",\"url\":\"https:\\\/\\\/racom.com.pl\\\/wp-content\\\/uploads\\\/2025\\\/07\\\/allegro_687a8cc5ba8570.24594323_35b5c29e4772b98a071a921ad355.jpg\",\"contentUrl\":\"https:\\\/\\\/racom.com.pl\\\/wp-content\\\/uploads\\\/2025\\\/07\\\/allegro_687a8cc5ba8570.24594323_35b5c29e4772b98a071a921ad355.jpg\",\"width\":446,\"height\":420},{\"@type\":\"BreadcrumbList\",\"@id\":\"https:\\\/\\\/racom.com.pl\\\/index.php\\\/produkt\\\/napinacz-paska-zebatego-6mm-gt2-drukarka-3d-reprap\\\/#breadcrumb\",\"itemListElement\":[{\"@type\":\"ListItem\",\"position\":1,\"name\":\"Strona g\u0142\u00f3wna\",\"item\":\"https:\\\/\\\/racom.com.pl\\\/\"},{\"@type\":\"ListItem\",\"position\":2,\"name\":\"Sklep\",\"item\":\"https:\\\/\\\/racom.com.pl\\\/\"},{\"@type\":\"ListItem\",\"position\":3,\"name\":\"NAPINACZ PASKA Z\u0118BATEGO 6mm GT2 DRUKARKA 3D REPRAP\"}]},{\"@type\":\"WebSite\",\"@id\":\"https:\\\/\\\/racom.com.pl\\\/#website\",\"url\":\"https:\\\/\\\/racom.com.pl\\\/\",\"name\":\"Mix Market - Supermarket z wszystkim co potrzeba do domu i nie tylko\",\"description\":\"\",\"publisher\":{\"@id\":\"https:\\\/\\\/racom.com.pl\\\/#organization\"},\"potentialAction\":[{\"@type\":\"SearchAction\",\"target\":{\"@type\":\"EntryPoint\",\"urlTemplate\":\"https:\\\/\\\/racom.com.pl\\\/?s={search_term_string}\"},\"query-input\":{\"@type\":\"PropertyValueSpecification\",\"valueRequired\":true,\"valueName\":\"search_term_string\"}}],\"inLanguage\":\"pl-PL\"},{\"@type\":\"Organization\",\"@id\":\"https:\\\/\\\/racom.com.pl\\\/#organization\",\"name\":\"Mix Market - Supermarket z wszystkim co potrzeba do domu i nie tylko\",\"url\":\"https:\\\/\\\/racom.com.pl\\\/\",\"logo\":{\"@type\":\"ImageObject\",\"inLanguage\":\"pl-PL\",\"@id\":\"https:\\\/\\\/racom.com.pl\\\/#\\\/schema\\\/logo\\\/image\\\/\",\"url\":\"https:\\\/\\\/racom.com.pl\\\/wp-content\\\/uploads\\\/2025\\\/07\\\/mixmarket_logo.png\",\"contentUrl\":\"https:\\\/\\\/racom.com.pl\\\/wp-content\\\/uploads\\\/2025\\\/07\\\/mixmarket_logo.png\",\"width\":1024,\"height\":1024,\"caption\":\"Mix Market - Supermarket z wszystkim co potrzeba do domu i nie tylko\"},\"image\":{\"@id\":\"https:\\\/\\\/racom.com.pl\\\/#\\\/schema\\\/logo\\\/image\\\/\"}}]}<\/script>\n<!-- \/ Yoast SEO plugin. -->","yoast_head_json":{"title":"NAPINACZ PASKA Z\u0118BATEGO 6mm GT2 DRUKARKA 3D REPRAP - Mix Market - Supermarket z wszystkim co potrzeba","robots":{"index":"index","follow":"follow","max-snippet":"max-snippet:-1","max-image-preview":"max-image-preview:large","max-video-preview":"max-video-preview:-1"},"canonical":"https:\/\/racom.com.pl\/index.php\/produkt\/napinacz-paska-zebatego-6mm-gt2-drukarka-3d-reprap\/","og_locale":"pl_PL","og_type":"article","og_title":"NAPINACZ PASKA Z\u0118BATEGO 6mm GT2 DRUKARKA 3D REPRAP - Mix Market - Supermarket z wszystkim co potrzeba","og_description":"NAPINACZ PASKA SPR\u0118\u017bYNKA GT2 6MM Nowy napinacz (spr\u0119\u017cynka) paska z\u0119batego 6mm do drukarek 3D Stosuje si\u0119 go, gdy pasek z\u0119baty naszej drukarki pod wp\u0142ywem zu\u017cycia rozci\u0105gnie si\u0119. Napinacz eliminuje rozci\u0105gni\u0119cie na pasku i pozwala na stabiln\u0105 prac\u0119 drukarki 3D Materia\u0142: stal Na pasek: 6mm Kod produktu:&nbsp;A805","og_url":"https:\/\/racom.com.pl\/index.php\/produkt\/napinacz-paska-zebatego-6mm-gt2-drukarka-3d-reprap\/","og_site_name":"Mix Market - Supermarket z wszystkim co potrzeba","og_image":[{"width":446,"height":420,"url":"https:\/\/racom.com.pl\/wp-content\/uploads\/2025\/07\/allegro_687a8cc5ba8570.24594323_35b5c29e4772b98a071a921ad355.jpg","type":"image\/jpeg"}],"twitter_card":"summary_large_image","schema":{"@context":"https:\/\/schema.org","@graph":[{"@type":"WebPage","@id":"https:\/\/racom.com.pl\/index.php\/produkt\/napinacz-paska-zebatego-6mm-gt2-drukarka-3d-reprap\/","url":"https:\/\/racom.com.pl\/index.php\/produkt\/napinacz-paska-zebatego-6mm-gt2-drukarka-3d-reprap\/","name":"NAPINACZ PASKA Z\u0118BATEGO 6mm GT2 DRUKARKA 3D REPRAP - Mix Market - Supermarket z wszystkim co potrzeba","isPartOf":{"@id":"https:\/\/racom.com.pl\/#website"},"primaryImageOfPage":{"@id":"https:\/\/racom.com.pl\/index.php\/produkt\/napinacz-paska-zebatego-6mm-gt2-drukarka-3d-reprap\/#primaryimage"},"image":{"@id":"https:\/\/racom.com.pl\/index.php\/produkt\/napinacz-paska-zebatego-6mm-gt2-drukarka-3d-reprap\/#primaryimage"},"thumbnailUrl":"https:\/\/racom.com.pl\/wp-content\/uploads\/2025\/07\/allegro_687a8cc5ba8570.24594323_35b5c29e4772b98a071a921ad355.jpg","datePublished":"2025-07-18T18:04:32+00:00","breadcrumb":{"@id":"https:\/\/racom.com.pl\/index.php\/produkt\/napinacz-paska-zebatego-6mm-gt2-drukarka-3d-reprap\/#breadcrumb"},"inLanguage":"pl-PL","potentialAction":[{"@type":"ReadAction","target":["https:\/\/racom.com.pl\/index.php\/produkt\/napinacz-paska-zebatego-6mm-gt2-drukarka-3d-reprap\/"]}]},{"@type":"ImageObject","inLanguage":"pl-PL","@id":"https:\/\/racom.com.pl\/index.php\/produkt\/napinacz-paska-zebatego-6mm-gt2-drukarka-3d-reprap\/#primaryimage","url":"https:\/\/racom.com.pl\/wp-content\/uploads\/2025\/07\/allegro_687a8cc5ba8570.24594323_35b5c29e4772b98a071a921ad355.jpg","contentUrl":"https:\/\/racom.com.pl\/wp-content\/uploads\/2025\/07\/allegro_687a8cc5ba8570.24594323_35b5c29e4772b98a071a921ad355.jpg","width":446,"height":420},{"@type":"BreadcrumbList","@id":"https:\/\/racom.com.pl\/index.php\/produkt\/napinacz-paska-zebatego-6mm-gt2-drukarka-3d-reprap\/#breadcrumb","itemListElement":[{"@type":"ListItem","position":1,"name":"Strona g\u0142\u00f3wna","item":"https:\/\/racom.com.pl\/"},{"@type":"ListItem","position":2,"name":"Sklep","item":"https:\/\/racom.com.pl\/"},{"@type":"ListItem","position":3,"name":"NAPINACZ PASKA Z\u0118BATEGO 6mm GT2 DRUKARKA 3D REPRAP"}]},{"@type":"WebSite","@id":"https:\/\/racom.com.pl\/#website","url":"https:\/\/racom.com.pl\/","name":"Mix Market - Supermarket z wszystkim co potrzeba do domu i nie tylko","description":"","publisher":{"@id":"https:\/\/racom.com.pl\/#organization"},"potentialAction":[{"@type":"SearchAction","target":{"@type":"EntryPoint","urlTemplate":"https:\/\/racom.com.pl\/?s={search_term_string}"},"query-input":{"@type":"PropertyValueSpecification","valueRequired":true,"valueName":"search_term_string"}}],"inLanguage":"pl-PL"},{"@type":"Organization","@id":"https:\/\/racom.com.pl\/#organization","name":"Mix Market - Supermarket z wszystkim co potrzeba do domu i nie tylko","url":"https:\/\/racom.com.pl\/","logo":{"@type":"ImageObject","inLanguage":"pl-PL","@id":"https:\/\/racom.com.pl\/#\/schema\/logo\/image\/","url":"https:\/\/racom.com.pl\/wp-content\/uploads\/2025\/07\/mixmarket_logo.png","contentUrl":"https:\/\/racom.com.pl\/wp-content\/uploads\/2025\/07\/mixmarket_logo.png","width":1024,"height":1024,"caption":"Mix Market - Supermarket z wszystkim co potrzeba do domu i nie tylko"},"image":{"@id":"https:\/\/racom.com.pl\/#\/schema\/logo\/image\/"}}]}},"_links":{"self":[{"href":"https:\/\/racom.com.pl\/index.php\/wp-json\/wp\/v2\/product\/1613","targetHints":{"allow":["GET"]}}],"collection":[{"href":"https:\/\/racom.com.pl\/index.php\/wp-json\/wp\/v2\/product"}],"about":[{"href":"https:\/\/racom.com.pl\/index.php\/wp-json\/wp\/v2\/types\/product"}],"replies":[{"embeddable":true,"href":"https:\/\/racom.com.pl\/index.php\/wp-json\/wp\/v2\/comments?post=1613"}],"wp:featuredmedia":[{"embeddable":true,"href":"https:\/\/racom.com.pl\/index.php\/wp-json\/wp\/v2\/media\/1615"}],"wp:attachment":[{"href":"https:\/\/racom.com.pl\/index.php\/wp-json\/wp\/v2\/media?parent=1613"}],"wp:term":[{"taxonomy":"product_brand","embeddable":true,"href":"https:\/\/racom.com.pl\/index.php\/wp-json\/wp\/v2\/product_brand?post=1613"},{"taxonomy":"product_cat","embeddable":true,"href":"https:\/\/racom.com.pl\/index.php\/wp-json\/wp\/v2\/product_cat?post=1613"},{"taxonomy":"product_tag","embeddable":true,"href":"https:\/\/racom.com.pl\/index.php\/wp-json\/wp\/v2\/product_tag?post=1613"}],"curies":[{"name":"wp","href":"https:\/\/api.w.org\/{rel}","templated":true}]}}