{"id":1625,"date":"2025-07-18T20:05:20","date_gmt":"2025-07-18T18:05:20","guid":{"rendered":"http:\/\/192.168.2.106\/index.php\/produkt\/gniazdo-plyta-zlacze-kontrolera-ps4-12pin-jds-040\/"},"modified":"2025-07-18T20:05:20","modified_gmt":"2025-07-18T18:05:20","slug":"gniazdo-plyta-zlacze-kontrolera-ps4-12pin-jds-040","status":"publish","type":"product","link":"https:\/\/racom.com.pl\/index.php\/produkt\/gniazdo-plyta-zlacze-kontrolera-ps4-12pin-jds-040\/","title":{"rendered":"GNIAZDO P\u0141YTA Z\u0141\u0104CZE KONTROLERA PS4 12PIN JDS-040"},"content":{"rendered":"<h2>NOWE Z\u0141\u0104CZE \u0141ADOWANIA USB PADA PLAY STATION 4<\/h2>\n<p>Fabrycznie nowe z\u0142\u0105cze 12pin do kontrolera\/pada PS4. Oznaczenie modelu&nbsp; JDS-040<\/p>\n<ul>\n<li><b>Kod produktu:<\/b>&nbsp;A775<\/li>\n<\/ul>\n","protected":false},"excerpt":{"rendered":"<p>NOWE Z\u0141\u0104CZE \u0141ADOWANIA USB PADA PLAY STATION 4 Fabrycznie nowe z\u0142\u0105cze 12pin do kontrolera\/pada PS4. Oznaczenie modelu&nbsp; JDS-040 Kod produktu:&nbsp;A775<\/p>\n","protected":false},"featured_media":1628,"comment_status":"open","ping_status":"closed","template":"","meta":[],"product_brand":[88],"product_cat":[100],"product_tag":[],"class_list":{"0":"post-1625","1":"product","2":"type-product","3":"status-publish","4":"has-post-thumbnail","6":"product_brand-bez-marki","7":"product_cat-sprzet-audio-dla-domu","9":"first","10":"instock","11":"taxable","12":"shipping-taxable","13":"purchasable","14":"product-type-simple"},"yoast_head":"<!-- This site is optimized with the Yoast SEO plugin v27.3 - https:\/\/yoast.com\/product\/yoast-seo-wordpress\/ -->\n<title>GNIAZDO P\u0141YTA Z\u0141\u0104CZE KONTROLERA PS4 12PIN JDS-040 - Mix Market - Supermarket z wszystkim co potrzeba<\/title>\n<meta name=\"robots\" content=\"index, follow, max-snippet:-1, max-image-preview:large, max-video-preview:-1\" \/>\n<link rel=\"canonical\" href=\"https:\/\/racom.com.pl\/index.php\/produkt\/gniazdo-plyta-zlacze-kontrolera-ps4-12pin-jds-040\/\" \/>\n<meta property=\"og:locale\" content=\"pl_PL\" \/>\n<meta property=\"og:type\" content=\"article\" \/>\n<meta property=\"og:title\" content=\"GNIAZDO P\u0141YTA Z\u0141\u0104CZE KONTROLERA PS4 12PIN JDS-040 - Mix Market - Supermarket z wszystkim co potrzeba\" \/>\n<meta property=\"og:description\" content=\"NOWE Z\u0141\u0104CZE \u0141ADOWANIA USB PADA PLAY STATION 4 Fabrycznie nowe z\u0142\u0105cze 12pin do kontrolera\/pada PS4. Oznaczenie modelu&nbsp; JDS-040 Kod produktu:&nbsp;A775\" \/>\n<meta property=\"og:url\" content=\"https:\/\/racom.com.pl\/index.php\/produkt\/gniazdo-plyta-zlacze-kontrolera-ps4-12pin-jds-040\/\" \/>\n<meta property=\"og:site_name\" content=\"Mix Market - Supermarket z wszystkim co potrzeba\" \/>\n<meta property=\"og:image\" content=\"https:\/\/racom.com.pl\/wp-content\/uploads\/2025\/07\/allegro_687a8cf70dffe2.72032000_ef4d5e7649518878516182514f55.jpg\" \/>\n\t<meta property=\"og:image:width\" content=\"474\" \/>\n\t<meta property=\"og:image:height\" content=\"1024\" \/>\n\t<meta property=\"og:image:type\" content=\"image\/jpeg\" \/>\n<meta name=\"twitter:card\" content=\"summary_large_image\" \/>\n<script type=\"application\/ld+json\" class=\"yoast-schema-graph\">{\"@context\":\"https:\\\/\\\/schema.org\",\"@graph\":[{\"@type\":\"WebPage\",\"@id\":\"https:\\\/\\\/racom.com.pl\\\/index.php\\\/produkt\\\/gniazdo-plyta-zlacze-kontrolera-ps4-12pin-jds-040\\\/\",\"url\":\"https:\\\/\\\/racom.com.pl\\\/index.php\\\/produkt\\\/gniazdo-plyta-zlacze-kontrolera-ps4-12pin-jds-040\\\/\",\"name\":\"GNIAZDO P\u0141YTA Z\u0141\u0104CZE KONTROLERA PS4 12PIN JDS-040 - Mix Market - Supermarket z wszystkim co potrzeba\",\"isPartOf\":{\"@id\":\"https:\\\/\\\/racom.com.pl\\\/#website\"},\"primaryImageOfPage\":{\"@id\":\"https:\\\/\\\/racom.com.pl\\\/index.php\\\/produkt\\\/gniazdo-plyta-zlacze-kontrolera-ps4-12pin-jds-040\\\/#primaryimage\"},\"image\":{\"@id\":\"https:\\\/\\\/racom.com.pl\\\/index.php\\\/produkt\\\/gniazdo-plyta-zlacze-kontrolera-ps4-12pin-jds-040\\\/#primaryimage\"},\"thumbnailUrl\":\"https:\\\/\\\/racom.com.pl\\\/wp-content\\\/uploads\\\/2025\\\/07\\\/allegro_687a8cf70dffe2.72032000_ef4d5e7649518878516182514f55.jpg\",\"datePublished\":\"2025-07-18T18:05:20+00:00\",\"breadcrumb\":{\"@id\":\"https:\\\/\\\/racom.com.pl\\\/index.php\\\/produkt\\\/gniazdo-plyta-zlacze-kontrolera-ps4-12pin-jds-040\\\/#breadcrumb\"},\"inLanguage\":\"pl-PL\",\"potentialAction\":[{\"@type\":\"ReadAction\",\"target\":[\"https:\\\/\\\/racom.com.pl\\\/index.php\\\/produkt\\\/gniazdo-plyta-zlacze-kontrolera-ps4-12pin-jds-040\\\/\"]}]},{\"@type\":\"ImageObject\",\"inLanguage\":\"pl-PL\",\"@id\":\"https:\\\/\\\/racom.com.pl\\\/index.php\\\/produkt\\\/gniazdo-plyta-zlacze-kontrolera-ps4-12pin-jds-040\\\/#primaryimage\",\"url\":\"https:\\\/\\\/racom.com.pl\\\/wp-content\\\/uploads\\\/2025\\\/07\\\/allegro_687a8cf70dffe2.72032000_ef4d5e7649518878516182514f55.jpg\",\"contentUrl\":\"https:\\\/\\\/racom.com.pl\\\/wp-content\\\/uploads\\\/2025\\\/07\\\/allegro_687a8cf70dffe2.72032000_ef4d5e7649518878516182514f55.jpg\",\"width\":474,\"height\":1024},{\"@type\":\"BreadcrumbList\",\"@id\":\"https:\\\/\\\/racom.com.pl\\\/index.php\\\/produkt\\\/gniazdo-plyta-zlacze-kontrolera-ps4-12pin-jds-040\\\/#breadcrumb\",\"itemListElement\":[{\"@type\":\"ListItem\",\"position\":1,\"name\":\"Strona g\u0142\u00f3wna\",\"item\":\"https:\\\/\\\/racom.com.pl\\\/\"},{\"@type\":\"ListItem\",\"position\":2,\"name\":\"Sklep\",\"item\":\"https:\\\/\\\/racom.com.pl\\\/\"},{\"@type\":\"ListItem\",\"position\":3,\"name\":\"GNIAZDO P\u0141YTA Z\u0141\u0104CZE KONTROLERA PS4 12PIN JDS-040\"}]},{\"@type\":\"WebSite\",\"@id\":\"https:\\\/\\\/racom.com.pl\\\/#website\",\"url\":\"https:\\\/\\\/racom.com.pl\\\/\",\"name\":\"Mix Market - Supermarket z wszystkim co potrzeba do domu i nie tylko\",\"description\":\"\",\"publisher\":{\"@id\":\"https:\\\/\\\/racom.com.pl\\\/#organization\"},\"potentialAction\":[{\"@type\":\"SearchAction\",\"target\":{\"@type\":\"EntryPoint\",\"urlTemplate\":\"https:\\\/\\\/racom.com.pl\\\/?s={search_term_string}\"},\"query-input\":{\"@type\":\"PropertyValueSpecification\",\"valueRequired\":true,\"valueName\":\"search_term_string\"}}],\"inLanguage\":\"pl-PL\"},{\"@type\":\"Organization\",\"@id\":\"https:\\\/\\\/racom.com.pl\\\/#organization\",\"name\":\"Mix Market - Supermarket z wszystkim co potrzeba do domu i nie tylko\",\"url\":\"https:\\\/\\\/racom.com.pl\\\/\",\"logo\":{\"@type\":\"ImageObject\",\"inLanguage\":\"pl-PL\",\"@id\":\"https:\\\/\\\/racom.com.pl\\\/#\\\/schema\\\/logo\\\/image\\\/\",\"url\":\"https:\\\/\\\/racom.com.pl\\\/wp-content\\\/uploads\\\/2025\\\/07\\\/mixmarket_logo.png\",\"contentUrl\":\"https:\\\/\\\/racom.com.pl\\\/wp-content\\\/uploads\\\/2025\\\/07\\\/mixmarket_logo.png\",\"width\":1024,\"height\":1024,\"caption\":\"Mix Market - Supermarket z wszystkim co potrzeba do domu i nie tylko\"},\"image\":{\"@id\":\"https:\\\/\\\/racom.com.pl\\\/#\\\/schema\\\/logo\\\/image\\\/\"}}]}<\/script>\n<!-- \/ Yoast SEO plugin. -->","yoast_head_json":{"title":"GNIAZDO P\u0141YTA Z\u0141\u0104CZE KONTROLERA PS4 12PIN JDS-040 - Mix Market - Supermarket z wszystkim co potrzeba","robots":{"index":"index","follow":"follow","max-snippet":"max-snippet:-1","max-image-preview":"max-image-preview:large","max-video-preview":"max-video-preview:-1"},"canonical":"https:\/\/racom.com.pl\/index.php\/produkt\/gniazdo-plyta-zlacze-kontrolera-ps4-12pin-jds-040\/","og_locale":"pl_PL","og_type":"article","og_title":"GNIAZDO P\u0141YTA Z\u0141\u0104CZE KONTROLERA PS4 12PIN JDS-040 - Mix Market - Supermarket z wszystkim co potrzeba","og_description":"NOWE Z\u0141\u0104CZE \u0141ADOWANIA USB PADA PLAY STATION 4 Fabrycznie nowe z\u0142\u0105cze 12pin do kontrolera\/pada PS4. Oznaczenie modelu&nbsp; JDS-040 Kod produktu:&nbsp;A775","og_url":"https:\/\/racom.com.pl\/index.php\/produkt\/gniazdo-plyta-zlacze-kontrolera-ps4-12pin-jds-040\/","og_site_name":"Mix Market - Supermarket z wszystkim co potrzeba","og_image":[{"width":474,"height":1024,"url":"https:\/\/racom.com.pl\/wp-content\/uploads\/2025\/07\/allegro_687a8cf70dffe2.72032000_ef4d5e7649518878516182514f55.jpg","type":"image\/jpeg"}],"twitter_card":"summary_large_image","schema":{"@context":"https:\/\/schema.org","@graph":[{"@type":"WebPage","@id":"https:\/\/racom.com.pl\/index.php\/produkt\/gniazdo-plyta-zlacze-kontrolera-ps4-12pin-jds-040\/","url":"https:\/\/racom.com.pl\/index.php\/produkt\/gniazdo-plyta-zlacze-kontrolera-ps4-12pin-jds-040\/","name":"GNIAZDO P\u0141YTA Z\u0141\u0104CZE KONTROLERA PS4 12PIN JDS-040 - Mix Market - Supermarket z wszystkim co potrzeba","isPartOf":{"@id":"https:\/\/racom.com.pl\/#website"},"primaryImageOfPage":{"@id":"https:\/\/racom.com.pl\/index.php\/produkt\/gniazdo-plyta-zlacze-kontrolera-ps4-12pin-jds-040\/#primaryimage"},"image":{"@id":"https:\/\/racom.com.pl\/index.php\/produkt\/gniazdo-plyta-zlacze-kontrolera-ps4-12pin-jds-040\/#primaryimage"},"thumbnailUrl":"https:\/\/racom.com.pl\/wp-content\/uploads\/2025\/07\/allegro_687a8cf70dffe2.72032000_ef4d5e7649518878516182514f55.jpg","datePublished":"2025-07-18T18:05:20+00:00","breadcrumb":{"@id":"https:\/\/racom.com.pl\/index.php\/produkt\/gniazdo-plyta-zlacze-kontrolera-ps4-12pin-jds-040\/#breadcrumb"},"inLanguage":"pl-PL","potentialAction":[{"@type":"ReadAction","target":["https:\/\/racom.com.pl\/index.php\/produkt\/gniazdo-plyta-zlacze-kontrolera-ps4-12pin-jds-040\/"]}]},{"@type":"ImageObject","inLanguage":"pl-PL","@id":"https:\/\/racom.com.pl\/index.php\/produkt\/gniazdo-plyta-zlacze-kontrolera-ps4-12pin-jds-040\/#primaryimage","url":"https:\/\/racom.com.pl\/wp-content\/uploads\/2025\/07\/allegro_687a8cf70dffe2.72032000_ef4d5e7649518878516182514f55.jpg","contentUrl":"https:\/\/racom.com.pl\/wp-content\/uploads\/2025\/07\/allegro_687a8cf70dffe2.72032000_ef4d5e7649518878516182514f55.jpg","width":474,"height":1024},{"@type":"BreadcrumbList","@id":"https:\/\/racom.com.pl\/index.php\/produkt\/gniazdo-plyta-zlacze-kontrolera-ps4-12pin-jds-040\/#breadcrumb","itemListElement":[{"@type":"ListItem","position":1,"name":"Strona g\u0142\u00f3wna","item":"https:\/\/racom.com.pl\/"},{"@type":"ListItem","position":2,"name":"Sklep","item":"https:\/\/racom.com.pl\/"},{"@type":"ListItem","position":3,"name":"GNIAZDO P\u0141YTA Z\u0141\u0104CZE KONTROLERA PS4 12PIN JDS-040"}]},{"@type":"WebSite","@id":"https:\/\/racom.com.pl\/#website","url":"https:\/\/racom.com.pl\/","name":"Mix Market - Supermarket z wszystkim co potrzeba do domu i nie tylko","description":"","publisher":{"@id":"https:\/\/racom.com.pl\/#organization"},"potentialAction":[{"@type":"SearchAction","target":{"@type":"EntryPoint","urlTemplate":"https:\/\/racom.com.pl\/?s={search_term_string}"},"query-input":{"@type":"PropertyValueSpecification","valueRequired":true,"valueName":"search_term_string"}}],"inLanguage":"pl-PL"},{"@type":"Organization","@id":"https:\/\/racom.com.pl\/#organization","name":"Mix Market - Supermarket z wszystkim co potrzeba do domu i nie tylko","url":"https:\/\/racom.com.pl\/","logo":{"@type":"ImageObject","inLanguage":"pl-PL","@id":"https:\/\/racom.com.pl\/#\/schema\/logo\/image\/","url":"https:\/\/racom.com.pl\/wp-content\/uploads\/2025\/07\/mixmarket_logo.png","contentUrl":"https:\/\/racom.com.pl\/wp-content\/uploads\/2025\/07\/mixmarket_logo.png","width":1024,"height":1024,"caption":"Mix Market - Supermarket z wszystkim co potrzeba do domu i nie tylko"},"image":{"@id":"https:\/\/racom.com.pl\/#\/schema\/logo\/image\/"}}]}},"_links":{"self":[{"href":"https:\/\/racom.com.pl\/index.php\/wp-json\/wp\/v2\/product\/1625","targetHints":{"allow":["GET"]}}],"collection":[{"href":"https:\/\/racom.com.pl\/index.php\/wp-json\/wp\/v2\/product"}],"about":[{"href":"https:\/\/racom.com.pl\/index.php\/wp-json\/wp\/v2\/types\/product"}],"replies":[{"embeddable":true,"href":"https:\/\/racom.com.pl\/index.php\/wp-json\/wp\/v2\/comments?post=1625"}],"wp:featuredmedia":[{"embeddable":true,"href":"https:\/\/racom.com.pl\/index.php\/wp-json\/wp\/v2\/media\/1628"}],"wp:attachment":[{"href":"https:\/\/racom.com.pl\/index.php\/wp-json\/wp\/v2\/media?parent=1625"}],"wp:term":[{"taxonomy":"product_brand","embeddable":true,"href":"https:\/\/racom.com.pl\/index.php\/wp-json\/wp\/v2\/product_brand?post=1625"},{"taxonomy":"product_cat","embeddable":true,"href":"https:\/\/racom.com.pl\/index.php\/wp-json\/wp\/v2\/product_cat?post=1625"},{"taxonomy":"product_tag","embeddable":true,"href":"https:\/\/racom.com.pl\/index.php\/wp-json\/wp\/v2\/product_tag?post=1625"}],"curies":[{"name":"wp","href":"https:\/\/api.w.org\/{rel}","templated":true}]}}