{"id":1669,"date":"2025-07-18T20:19:48","date_gmt":"2025-07-18T18:19:48","guid":{"rendered":"http:\/\/192.168.2.106\/index.php\/produkt\/iphone-7-uchwyt-kamery-aparatu-czujnika-ring\/"},"modified":"2025-07-18T20:19:48","modified_gmt":"2025-07-18T18:19:48","slug":"iphone-7-uchwyt-kamery-aparatu-czujnika-ring","status":"publish","type":"product","link":"https:\/\/racom.com.pl\/index.php\/produkt\/iphone-7-uchwyt-kamery-aparatu-czujnika-ring\/","title":{"rendered":"IPHONE 7 UCHWYT KAMERY APARATU CZUJNIKA RING"},"content":{"rendered":"<h2>UCHWYT KAMERY PRZEDNIEJ I CZUJNIKA \u015aWIAT\u0141A IPHONE 7<\/h2>\n<p>Nowy komplet uchwyt\u00f3w do kamery\/aparatu i czujnika \u015bwiat\u0142a stosowany w telefonie iPhone 7<\/p>\n<p><b>Kod produktu:<\/b>&nbsp;A699<\/p>\n","protected":false},"excerpt":{"rendered":"<p>UCHWYT KAMERY PRZEDNIEJ I CZUJNIKA \u015aWIAT\u0141A IPHONE 7 Nowy komplet uchwyt\u00f3w do kamery\/aparatu i czujnika \u015bwiat\u0142a stosowany w telefonie iPhone 7 Kod produktu:&nbsp;A699<\/p>\n","protected":false},"featured_media":1671,"comment_status":"open","ping_status":"closed","template":"","meta":[],"product_brand":[],"product_cat":[26],"product_tag":[],"class_list":{"0":"post-1669","1":"product","2":"type-product","3":"status-publish","4":"has-post-thumbnail","6":"product_cat-akcesoria-gsm","8":"first","9":"instock","10":"taxable","11":"shipping-taxable","12":"purchasable","13":"product-type-simple"},"yoast_head":"<!-- This site is optimized with the Yoast SEO plugin v27.3 - https:\/\/yoast.com\/product\/yoast-seo-wordpress\/ -->\n<title>IPHONE 7 UCHWYT KAMERY APARATU CZUJNIKA RING - Mix Market - Supermarket z wszystkim co potrzeba<\/title>\n<meta name=\"robots\" content=\"index, follow, max-snippet:-1, max-image-preview:large, max-video-preview:-1\" \/>\n<link rel=\"canonical\" href=\"https:\/\/racom.com.pl\/index.php\/produkt\/iphone-7-uchwyt-kamery-aparatu-czujnika-ring\/\" \/>\n<meta property=\"og:locale\" content=\"pl_PL\" \/>\n<meta property=\"og:type\" content=\"article\" \/>\n<meta property=\"og:title\" content=\"IPHONE 7 UCHWYT KAMERY APARATU CZUJNIKA RING - Mix Market - Supermarket z wszystkim co potrzeba\" \/>\n<meta property=\"og:description\" content=\"UCHWYT KAMERY PRZEDNIEJ I CZUJNIKA \u015aWIAT\u0141A IPHONE 7 Nowy komplet uchwyt\u00f3w do kamery\/aparatu i czujnika \u015bwiat\u0142a stosowany w telefonie iPhone 7 Kod produktu:&nbsp;A699\" \/>\n<meta property=\"og:url\" content=\"https:\/\/racom.com.pl\/index.php\/produkt\/iphone-7-uchwyt-kamery-aparatu-czujnika-ring\/\" \/>\n<meta property=\"og:site_name\" content=\"Mix Market - Supermarket z wszystkim co potrzeba\" \/>\n<meta property=\"og:image\" content=\"https:\/\/racom.com.pl\/wp-content\/uploads\/2025\/07\/allegro_687a9070df3150.68367801_b098b5e346d599b8b3f4f185863f.jpg\" \/>\n\t<meta property=\"og:image:width\" content=\"383\" \/>\n\t<meta property=\"og:image:height\" content=\"351\" \/>\n\t<meta property=\"og:image:type\" content=\"image\/jpeg\" \/>\n<meta name=\"twitter:card\" content=\"summary_large_image\" \/>\n<script type=\"application\/ld+json\" class=\"yoast-schema-graph\">{\"@context\":\"https:\\\/\\\/schema.org\",\"@graph\":[{\"@type\":\"WebPage\",\"@id\":\"https:\\\/\\\/racom.com.pl\\\/index.php\\\/produkt\\\/iphone-7-uchwyt-kamery-aparatu-czujnika-ring\\\/\",\"url\":\"https:\\\/\\\/racom.com.pl\\\/index.php\\\/produkt\\\/iphone-7-uchwyt-kamery-aparatu-czujnika-ring\\\/\",\"name\":\"IPHONE 7 UCHWYT KAMERY APARATU CZUJNIKA RING - Mix Market - Supermarket z wszystkim co potrzeba\",\"isPartOf\":{\"@id\":\"https:\\\/\\\/racom.com.pl\\\/#website\"},\"primaryImageOfPage\":{\"@id\":\"https:\\\/\\\/racom.com.pl\\\/index.php\\\/produkt\\\/iphone-7-uchwyt-kamery-aparatu-czujnika-ring\\\/#primaryimage\"},\"image\":{\"@id\":\"https:\\\/\\\/racom.com.pl\\\/index.php\\\/produkt\\\/iphone-7-uchwyt-kamery-aparatu-czujnika-ring\\\/#primaryimage\"},\"thumbnailUrl\":\"https:\\\/\\\/racom.com.pl\\\/wp-content\\\/uploads\\\/2025\\\/07\\\/allegro_687a9070df3150.68367801_b098b5e346d599b8b3f4f185863f.jpg\",\"datePublished\":\"2025-07-18T18:19:48+00:00\",\"breadcrumb\":{\"@id\":\"https:\\\/\\\/racom.com.pl\\\/index.php\\\/produkt\\\/iphone-7-uchwyt-kamery-aparatu-czujnika-ring\\\/#breadcrumb\"},\"inLanguage\":\"pl-PL\",\"potentialAction\":[{\"@type\":\"ReadAction\",\"target\":[\"https:\\\/\\\/racom.com.pl\\\/index.php\\\/produkt\\\/iphone-7-uchwyt-kamery-aparatu-czujnika-ring\\\/\"]}]},{\"@type\":\"ImageObject\",\"inLanguage\":\"pl-PL\",\"@id\":\"https:\\\/\\\/racom.com.pl\\\/index.php\\\/produkt\\\/iphone-7-uchwyt-kamery-aparatu-czujnika-ring\\\/#primaryimage\",\"url\":\"https:\\\/\\\/racom.com.pl\\\/wp-content\\\/uploads\\\/2025\\\/07\\\/allegro_687a9070df3150.68367801_b098b5e346d599b8b3f4f185863f.jpg\",\"contentUrl\":\"https:\\\/\\\/racom.com.pl\\\/wp-content\\\/uploads\\\/2025\\\/07\\\/allegro_687a9070df3150.68367801_b098b5e346d599b8b3f4f185863f.jpg\",\"width\":383,\"height\":351},{\"@type\":\"BreadcrumbList\",\"@id\":\"https:\\\/\\\/racom.com.pl\\\/index.php\\\/produkt\\\/iphone-7-uchwyt-kamery-aparatu-czujnika-ring\\\/#breadcrumb\",\"itemListElement\":[{\"@type\":\"ListItem\",\"position\":1,\"name\":\"Strona g\u0142\u00f3wna\",\"item\":\"https:\\\/\\\/racom.com.pl\\\/\"},{\"@type\":\"ListItem\",\"position\":2,\"name\":\"Sklep\",\"item\":\"https:\\\/\\\/racom.com.pl\\\/\"},{\"@type\":\"ListItem\",\"position\":3,\"name\":\"IPHONE 7 UCHWYT KAMERY APARATU CZUJNIKA RING\"}]},{\"@type\":\"WebSite\",\"@id\":\"https:\\\/\\\/racom.com.pl\\\/#website\",\"url\":\"https:\\\/\\\/racom.com.pl\\\/\",\"name\":\"Mix Market - Supermarket z wszystkim co potrzeba do domu i nie tylko\",\"description\":\"\",\"publisher\":{\"@id\":\"https:\\\/\\\/racom.com.pl\\\/#organization\"},\"potentialAction\":[{\"@type\":\"SearchAction\",\"target\":{\"@type\":\"EntryPoint\",\"urlTemplate\":\"https:\\\/\\\/racom.com.pl\\\/?s={search_term_string}\"},\"query-input\":{\"@type\":\"PropertyValueSpecification\",\"valueRequired\":true,\"valueName\":\"search_term_string\"}}],\"inLanguage\":\"pl-PL\"},{\"@type\":\"Organization\",\"@id\":\"https:\\\/\\\/racom.com.pl\\\/#organization\",\"name\":\"Mix Market - Supermarket z wszystkim co potrzeba do domu i nie tylko\",\"url\":\"https:\\\/\\\/racom.com.pl\\\/\",\"logo\":{\"@type\":\"ImageObject\",\"inLanguage\":\"pl-PL\",\"@id\":\"https:\\\/\\\/racom.com.pl\\\/#\\\/schema\\\/logo\\\/image\\\/\",\"url\":\"https:\\\/\\\/racom.com.pl\\\/wp-content\\\/uploads\\\/2025\\\/07\\\/mixmarket_logo.png\",\"contentUrl\":\"https:\\\/\\\/racom.com.pl\\\/wp-content\\\/uploads\\\/2025\\\/07\\\/mixmarket_logo.png\",\"width\":1024,\"height\":1024,\"caption\":\"Mix Market - Supermarket z wszystkim co potrzeba do domu i nie tylko\"},\"image\":{\"@id\":\"https:\\\/\\\/racom.com.pl\\\/#\\\/schema\\\/logo\\\/image\\\/\"}}]}<\/script>\n<!-- \/ Yoast SEO plugin. -->","yoast_head_json":{"title":"IPHONE 7 UCHWYT KAMERY APARATU CZUJNIKA RING - Mix Market - Supermarket z wszystkim co potrzeba","robots":{"index":"index","follow":"follow","max-snippet":"max-snippet:-1","max-image-preview":"max-image-preview:large","max-video-preview":"max-video-preview:-1"},"canonical":"https:\/\/racom.com.pl\/index.php\/produkt\/iphone-7-uchwyt-kamery-aparatu-czujnika-ring\/","og_locale":"pl_PL","og_type":"article","og_title":"IPHONE 7 UCHWYT KAMERY APARATU CZUJNIKA RING - Mix Market - Supermarket z wszystkim co potrzeba","og_description":"UCHWYT KAMERY PRZEDNIEJ I CZUJNIKA \u015aWIAT\u0141A IPHONE 7 Nowy komplet uchwyt\u00f3w do kamery\/aparatu i czujnika \u015bwiat\u0142a stosowany w telefonie iPhone 7 Kod produktu:&nbsp;A699","og_url":"https:\/\/racom.com.pl\/index.php\/produkt\/iphone-7-uchwyt-kamery-aparatu-czujnika-ring\/","og_site_name":"Mix Market - Supermarket z wszystkim co potrzeba","og_image":[{"width":383,"height":351,"url":"https:\/\/racom.com.pl\/wp-content\/uploads\/2025\/07\/allegro_687a9070df3150.68367801_b098b5e346d599b8b3f4f185863f.jpg","type":"image\/jpeg"}],"twitter_card":"summary_large_image","schema":{"@context":"https:\/\/schema.org","@graph":[{"@type":"WebPage","@id":"https:\/\/racom.com.pl\/index.php\/produkt\/iphone-7-uchwyt-kamery-aparatu-czujnika-ring\/","url":"https:\/\/racom.com.pl\/index.php\/produkt\/iphone-7-uchwyt-kamery-aparatu-czujnika-ring\/","name":"IPHONE 7 UCHWYT KAMERY APARATU CZUJNIKA RING - Mix Market - Supermarket z wszystkim co potrzeba","isPartOf":{"@id":"https:\/\/racom.com.pl\/#website"},"primaryImageOfPage":{"@id":"https:\/\/racom.com.pl\/index.php\/produkt\/iphone-7-uchwyt-kamery-aparatu-czujnika-ring\/#primaryimage"},"image":{"@id":"https:\/\/racom.com.pl\/index.php\/produkt\/iphone-7-uchwyt-kamery-aparatu-czujnika-ring\/#primaryimage"},"thumbnailUrl":"https:\/\/racom.com.pl\/wp-content\/uploads\/2025\/07\/allegro_687a9070df3150.68367801_b098b5e346d599b8b3f4f185863f.jpg","datePublished":"2025-07-18T18:19:48+00:00","breadcrumb":{"@id":"https:\/\/racom.com.pl\/index.php\/produkt\/iphone-7-uchwyt-kamery-aparatu-czujnika-ring\/#breadcrumb"},"inLanguage":"pl-PL","potentialAction":[{"@type":"ReadAction","target":["https:\/\/racom.com.pl\/index.php\/produkt\/iphone-7-uchwyt-kamery-aparatu-czujnika-ring\/"]}]},{"@type":"ImageObject","inLanguage":"pl-PL","@id":"https:\/\/racom.com.pl\/index.php\/produkt\/iphone-7-uchwyt-kamery-aparatu-czujnika-ring\/#primaryimage","url":"https:\/\/racom.com.pl\/wp-content\/uploads\/2025\/07\/allegro_687a9070df3150.68367801_b098b5e346d599b8b3f4f185863f.jpg","contentUrl":"https:\/\/racom.com.pl\/wp-content\/uploads\/2025\/07\/allegro_687a9070df3150.68367801_b098b5e346d599b8b3f4f185863f.jpg","width":383,"height":351},{"@type":"BreadcrumbList","@id":"https:\/\/racom.com.pl\/index.php\/produkt\/iphone-7-uchwyt-kamery-aparatu-czujnika-ring\/#breadcrumb","itemListElement":[{"@type":"ListItem","position":1,"name":"Strona g\u0142\u00f3wna","item":"https:\/\/racom.com.pl\/"},{"@type":"ListItem","position":2,"name":"Sklep","item":"https:\/\/racom.com.pl\/"},{"@type":"ListItem","position":3,"name":"IPHONE 7 UCHWYT KAMERY APARATU CZUJNIKA RING"}]},{"@type":"WebSite","@id":"https:\/\/racom.com.pl\/#website","url":"https:\/\/racom.com.pl\/","name":"Mix Market - Supermarket z wszystkim co potrzeba do domu i nie tylko","description":"","publisher":{"@id":"https:\/\/racom.com.pl\/#organization"},"potentialAction":[{"@type":"SearchAction","target":{"@type":"EntryPoint","urlTemplate":"https:\/\/racom.com.pl\/?s={search_term_string}"},"query-input":{"@type":"PropertyValueSpecification","valueRequired":true,"valueName":"search_term_string"}}],"inLanguage":"pl-PL"},{"@type":"Organization","@id":"https:\/\/racom.com.pl\/#organization","name":"Mix Market - Supermarket z wszystkim co potrzeba do domu i nie tylko","url":"https:\/\/racom.com.pl\/","logo":{"@type":"ImageObject","inLanguage":"pl-PL","@id":"https:\/\/racom.com.pl\/#\/schema\/logo\/image\/","url":"https:\/\/racom.com.pl\/wp-content\/uploads\/2025\/07\/mixmarket_logo.png","contentUrl":"https:\/\/racom.com.pl\/wp-content\/uploads\/2025\/07\/mixmarket_logo.png","width":1024,"height":1024,"caption":"Mix Market - Supermarket z wszystkim co potrzeba do domu i nie tylko"},"image":{"@id":"https:\/\/racom.com.pl\/#\/schema\/logo\/image\/"}}]}},"_links":{"self":[{"href":"https:\/\/racom.com.pl\/index.php\/wp-json\/wp\/v2\/product\/1669","targetHints":{"allow":["GET"]}}],"collection":[{"href":"https:\/\/racom.com.pl\/index.php\/wp-json\/wp\/v2\/product"}],"about":[{"href":"https:\/\/racom.com.pl\/index.php\/wp-json\/wp\/v2\/types\/product"}],"replies":[{"embeddable":true,"href":"https:\/\/racom.com.pl\/index.php\/wp-json\/wp\/v2\/comments?post=1669"}],"wp:featuredmedia":[{"embeddable":true,"href":"https:\/\/racom.com.pl\/index.php\/wp-json\/wp\/v2\/media\/1671"}],"wp:attachment":[{"href":"https:\/\/racom.com.pl\/index.php\/wp-json\/wp\/v2\/media?parent=1669"}],"wp:term":[{"taxonomy":"product_brand","embeddable":true,"href":"https:\/\/racom.com.pl\/index.php\/wp-json\/wp\/v2\/product_brand?post=1669"},{"taxonomy":"product_cat","embeddable":true,"href":"https:\/\/racom.com.pl\/index.php\/wp-json\/wp\/v2\/product_cat?post=1669"},{"taxonomy":"product_tag","embeddable":true,"href":"https:\/\/racom.com.pl\/index.php\/wp-json\/wp\/v2\/product_tag?post=1669"}],"curies":[{"name":"wp","href":"https:\/\/api.w.org\/{rel}","templated":true}]}}