{"id":1672,"date":"2025-07-18T20:20:44","date_gmt":"2025-07-18T18:20:44","guid":{"rendered":"http:\/\/192.168.2.106\/index.php\/produkt\/szkielko-aparatu-szklo-oko-kamery-iphone-7\/"},"modified":"2025-07-18T20:20:44","modified_gmt":"2025-07-18T18:20:44","slug":"szkielko-aparatu-szklo-oko-kamery-iphone-7","status":"publish","type":"product","link":"https:\/\/racom.com.pl\/index.php\/produkt\/szkielko-aparatu-szklo-oko-kamery-iphone-7\/","title":{"rendered":"Szkie\u0142ko aparatu szk\u0142o oko kamery iPhone 7"},"content":{"rendered":"<h2>Szkie\u0142ko aparatu szk\u0142o oko kamery iPhone 7<\/h2>\n<p>Kod produktu: A750<\/p>\n<p>Szczeg\u00f3\u0142y znajduj\u0105 si\u0119 w zak\u0142adce &#8222;Us\u0142ugi dodatkowe&#8221;. <b><\/b><b><\/b><b><\/b><\/p>\n","protected":false},"excerpt":{"rendered":"<p>Szkie\u0142ko aparatu szk\u0142o oko kamery iPhone 7 Kod produktu: A750 Szczeg\u00f3\u0142y znajduj\u0105 si\u0119 w zak\u0142adce &#8222;Us\u0142ugi dodatkowe&#8221;.<\/p>\n","protected":false},"featured_media":1674,"comment_status":"open","ping_status":"closed","template":"","meta":[],"product_brand":[],"product_cat":[26],"product_tag":[],"class_list":{"0":"post-1672","1":"product","2":"type-product","3":"status-publish","4":"has-post-thumbnail","6":"product_cat-akcesoria-gsm","8":"first","9":"instock","10":"taxable","11":"shipping-taxable","12":"purchasable","13":"product-type-simple"},"yoast_head":"<!-- This site is optimized with the Yoast SEO plugin v27.3 - https:\/\/yoast.com\/product\/yoast-seo-wordpress\/ -->\n<title>Szkie\u0142ko aparatu szk\u0142o oko kamery iPhone 7 - Mix Market - Supermarket z wszystkim co potrzeba<\/title>\n<meta name=\"robots\" content=\"index, follow, max-snippet:-1, max-image-preview:large, max-video-preview:-1\" \/>\n<link rel=\"canonical\" href=\"https:\/\/racom.com.pl\/index.php\/produkt\/szkielko-aparatu-szklo-oko-kamery-iphone-7\/\" \/>\n<meta property=\"og:locale\" content=\"pl_PL\" \/>\n<meta property=\"og:type\" content=\"article\" \/>\n<meta property=\"og:title\" content=\"Szkie\u0142ko aparatu szk\u0142o oko kamery iPhone 7 - Mix Market - Supermarket z wszystkim co potrzeba\" \/>\n<meta property=\"og:description\" content=\"Szkie\u0142ko aparatu szk\u0142o oko kamery iPhone 7 Kod produktu: A750 Szczeg\u00f3\u0142y znajduj\u0105 si\u0119 w zak\u0142adce &#8222;Us\u0142ugi dodatkowe&#8221;.\" \/>\n<meta property=\"og:url\" content=\"https:\/\/racom.com.pl\/index.php\/produkt\/szkielko-aparatu-szklo-oko-kamery-iphone-7\/\" \/>\n<meta property=\"og:site_name\" content=\"Mix Market - Supermarket z wszystkim co potrzeba\" \/>\n<meta property=\"og:image\" content=\"https:\/\/racom.com.pl\/wp-content\/uploads\/2025\/07\/allegro_687a90b241bdc4.26542572_1ecf6b004c4d829a98386c6c1eac.jpg\" \/>\n\t<meta property=\"og:image:width\" content=\"804\" \/>\n\t<meta property=\"og:image:height\" content=\"832\" \/>\n\t<meta property=\"og:image:type\" content=\"image\/jpeg\" \/>\n<meta name=\"twitter:card\" content=\"summary_large_image\" \/>\n<script type=\"application\/ld+json\" class=\"yoast-schema-graph\">{\"@context\":\"https:\\\/\\\/schema.org\",\"@graph\":[{\"@type\":\"WebPage\",\"@id\":\"https:\\\/\\\/racom.com.pl\\\/index.php\\\/produkt\\\/szkielko-aparatu-szklo-oko-kamery-iphone-7\\\/\",\"url\":\"https:\\\/\\\/racom.com.pl\\\/index.php\\\/produkt\\\/szkielko-aparatu-szklo-oko-kamery-iphone-7\\\/\",\"name\":\"Szkie\u0142ko aparatu szk\u0142o oko kamery iPhone 7 - Mix Market - Supermarket z wszystkim co potrzeba\",\"isPartOf\":{\"@id\":\"https:\\\/\\\/racom.com.pl\\\/#website\"},\"primaryImageOfPage\":{\"@id\":\"https:\\\/\\\/racom.com.pl\\\/index.php\\\/produkt\\\/szkielko-aparatu-szklo-oko-kamery-iphone-7\\\/#primaryimage\"},\"image\":{\"@id\":\"https:\\\/\\\/racom.com.pl\\\/index.php\\\/produkt\\\/szkielko-aparatu-szklo-oko-kamery-iphone-7\\\/#primaryimage\"},\"thumbnailUrl\":\"https:\\\/\\\/racom.com.pl\\\/wp-content\\\/uploads\\\/2025\\\/07\\\/allegro_687a90b241bdc4.26542572_1ecf6b004c4d829a98386c6c1eac.jpg\",\"datePublished\":\"2025-07-18T18:20:44+00:00\",\"breadcrumb\":{\"@id\":\"https:\\\/\\\/racom.com.pl\\\/index.php\\\/produkt\\\/szkielko-aparatu-szklo-oko-kamery-iphone-7\\\/#breadcrumb\"},\"inLanguage\":\"pl-PL\",\"potentialAction\":[{\"@type\":\"ReadAction\",\"target\":[\"https:\\\/\\\/racom.com.pl\\\/index.php\\\/produkt\\\/szkielko-aparatu-szklo-oko-kamery-iphone-7\\\/\"]}]},{\"@type\":\"ImageObject\",\"inLanguage\":\"pl-PL\",\"@id\":\"https:\\\/\\\/racom.com.pl\\\/index.php\\\/produkt\\\/szkielko-aparatu-szklo-oko-kamery-iphone-7\\\/#primaryimage\",\"url\":\"https:\\\/\\\/racom.com.pl\\\/wp-content\\\/uploads\\\/2025\\\/07\\\/allegro_687a90b241bdc4.26542572_1ecf6b004c4d829a98386c6c1eac.jpg\",\"contentUrl\":\"https:\\\/\\\/racom.com.pl\\\/wp-content\\\/uploads\\\/2025\\\/07\\\/allegro_687a90b241bdc4.26542572_1ecf6b004c4d829a98386c6c1eac.jpg\",\"width\":804,\"height\":832},{\"@type\":\"BreadcrumbList\",\"@id\":\"https:\\\/\\\/racom.com.pl\\\/index.php\\\/produkt\\\/szkielko-aparatu-szklo-oko-kamery-iphone-7\\\/#breadcrumb\",\"itemListElement\":[{\"@type\":\"ListItem\",\"position\":1,\"name\":\"Strona g\u0142\u00f3wna\",\"item\":\"https:\\\/\\\/racom.com.pl\\\/\"},{\"@type\":\"ListItem\",\"position\":2,\"name\":\"Sklep\",\"item\":\"https:\\\/\\\/racom.com.pl\\\/\"},{\"@type\":\"ListItem\",\"position\":3,\"name\":\"Szkie\u0142ko aparatu szk\u0142o oko kamery iPhone 7\"}]},{\"@type\":\"WebSite\",\"@id\":\"https:\\\/\\\/racom.com.pl\\\/#website\",\"url\":\"https:\\\/\\\/racom.com.pl\\\/\",\"name\":\"Mix Market - Supermarket z wszystkim co potrzeba do domu i nie tylko\",\"description\":\"\",\"publisher\":{\"@id\":\"https:\\\/\\\/racom.com.pl\\\/#organization\"},\"potentialAction\":[{\"@type\":\"SearchAction\",\"target\":{\"@type\":\"EntryPoint\",\"urlTemplate\":\"https:\\\/\\\/racom.com.pl\\\/?s={search_term_string}\"},\"query-input\":{\"@type\":\"PropertyValueSpecification\",\"valueRequired\":true,\"valueName\":\"search_term_string\"}}],\"inLanguage\":\"pl-PL\"},{\"@type\":\"Organization\",\"@id\":\"https:\\\/\\\/racom.com.pl\\\/#organization\",\"name\":\"Mix Market - Supermarket z wszystkim co potrzeba do domu i nie tylko\",\"url\":\"https:\\\/\\\/racom.com.pl\\\/\",\"logo\":{\"@type\":\"ImageObject\",\"inLanguage\":\"pl-PL\",\"@id\":\"https:\\\/\\\/racom.com.pl\\\/#\\\/schema\\\/logo\\\/image\\\/\",\"url\":\"https:\\\/\\\/racom.com.pl\\\/wp-content\\\/uploads\\\/2025\\\/07\\\/mixmarket_logo.png\",\"contentUrl\":\"https:\\\/\\\/racom.com.pl\\\/wp-content\\\/uploads\\\/2025\\\/07\\\/mixmarket_logo.png\",\"width\":1024,\"height\":1024,\"caption\":\"Mix Market - Supermarket z wszystkim co potrzeba do domu i nie tylko\"},\"image\":{\"@id\":\"https:\\\/\\\/racom.com.pl\\\/#\\\/schema\\\/logo\\\/image\\\/\"}}]}<\/script>\n<!-- \/ Yoast SEO plugin. -->","yoast_head_json":{"title":"Szkie\u0142ko aparatu szk\u0142o oko kamery iPhone 7 - Mix Market - Supermarket z wszystkim co potrzeba","robots":{"index":"index","follow":"follow","max-snippet":"max-snippet:-1","max-image-preview":"max-image-preview:large","max-video-preview":"max-video-preview:-1"},"canonical":"https:\/\/racom.com.pl\/index.php\/produkt\/szkielko-aparatu-szklo-oko-kamery-iphone-7\/","og_locale":"pl_PL","og_type":"article","og_title":"Szkie\u0142ko aparatu szk\u0142o oko kamery iPhone 7 - Mix Market - Supermarket z wszystkim co potrzeba","og_description":"Szkie\u0142ko aparatu szk\u0142o oko kamery iPhone 7 Kod produktu: A750 Szczeg\u00f3\u0142y znajduj\u0105 si\u0119 w zak\u0142adce &#8222;Us\u0142ugi dodatkowe&#8221;.","og_url":"https:\/\/racom.com.pl\/index.php\/produkt\/szkielko-aparatu-szklo-oko-kamery-iphone-7\/","og_site_name":"Mix Market - Supermarket z wszystkim co potrzeba","og_image":[{"width":804,"height":832,"url":"https:\/\/racom.com.pl\/wp-content\/uploads\/2025\/07\/allegro_687a90b241bdc4.26542572_1ecf6b004c4d829a98386c6c1eac.jpg","type":"image\/jpeg"}],"twitter_card":"summary_large_image","schema":{"@context":"https:\/\/schema.org","@graph":[{"@type":"WebPage","@id":"https:\/\/racom.com.pl\/index.php\/produkt\/szkielko-aparatu-szklo-oko-kamery-iphone-7\/","url":"https:\/\/racom.com.pl\/index.php\/produkt\/szkielko-aparatu-szklo-oko-kamery-iphone-7\/","name":"Szkie\u0142ko aparatu szk\u0142o oko kamery iPhone 7 - Mix Market - Supermarket z wszystkim co potrzeba","isPartOf":{"@id":"https:\/\/racom.com.pl\/#website"},"primaryImageOfPage":{"@id":"https:\/\/racom.com.pl\/index.php\/produkt\/szkielko-aparatu-szklo-oko-kamery-iphone-7\/#primaryimage"},"image":{"@id":"https:\/\/racom.com.pl\/index.php\/produkt\/szkielko-aparatu-szklo-oko-kamery-iphone-7\/#primaryimage"},"thumbnailUrl":"https:\/\/racom.com.pl\/wp-content\/uploads\/2025\/07\/allegro_687a90b241bdc4.26542572_1ecf6b004c4d829a98386c6c1eac.jpg","datePublished":"2025-07-18T18:20:44+00:00","breadcrumb":{"@id":"https:\/\/racom.com.pl\/index.php\/produkt\/szkielko-aparatu-szklo-oko-kamery-iphone-7\/#breadcrumb"},"inLanguage":"pl-PL","potentialAction":[{"@type":"ReadAction","target":["https:\/\/racom.com.pl\/index.php\/produkt\/szkielko-aparatu-szklo-oko-kamery-iphone-7\/"]}]},{"@type":"ImageObject","inLanguage":"pl-PL","@id":"https:\/\/racom.com.pl\/index.php\/produkt\/szkielko-aparatu-szklo-oko-kamery-iphone-7\/#primaryimage","url":"https:\/\/racom.com.pl\/wp-content\/uploads\/2025\/07\/allegro_687a90b241bdc4.26542572_1ecf6b004c4d829a98386c6c1eac.jpg","contentUrl":"https:\/\/racom.com.pl\/wp-content\/uploads\/2025\/07\/allegro_687a90b241bdc4.26542572_1ecf6b004c4d829a98386c6c1eac.jpg","width":804,"height":832},{"@type":"BreadcrumbList","@id":"https:\/\/racom.com.pl\/index.php\/produkt\/szkielko-aparatu-szklo-oko-kamery-iphone-7\/#breadcrumb","itemListElement":[{"@type":"ListItem","position":1,"name":"Strona g\u0142\u00f3wna","item":"https:\/\/racom.com.pl\/"},{"@type":"ListItem","position":2,"name":"Sklep","item":"https:\/\/racom.com.pl\/"},{"@type":"ListItem","position":3,"name":"Szkie\u0142ko aparatu szk\u0142o oko kamery iPhone 7"}]},{"@type":"WebSite","@id":"https:\/\/racom.com.pl\/#website","url":"https:\/\/racom.com.pl\/","name":"Mix Market - Supermarket z wszystkim co potrzeba do domu i nie tylko","description":"","publisher":{"@id":"https:\/\/racom.com.pl\/#organization"},"potentialAction":[{"@type":"SearchAction","target":{"@type":"EntryPoint","urlTemplate":"https:\/\/racom.com.pl\/?s={search_term_string}"},"query-input":{"@type":"PropertyValueSpecification","valueRequired":true,"valueName":"search_term_string"}}],"inLanguage":"pl-PL"},{"@type":"Organization","@id":"https:\/\/racom.com.pl\/#organization","name":"Mix Market - Supermarket z wszystkim co potrzeba do domu i nie tylko","url":"https:\/\/racom.com.pl\/","logo":{"@type":"ImageObject","inLanguage":"pl-PL","@id":"https:\/\/racom.com.pl\/#\/schema\/logo\/image\/","url":"https:\/\/racom.com.pl\/wp-content\/uploads\/2025\/07\/mixmarket_logo.png","contentUrl":"https:\/\/racom.com.pl\/wp-content\/uploads\/2025\/07\/mixmarket_logo.png","width":1024,"height":1024,"caption":"Mix Market - Supermarket z wszystkim co potrzeba do domu i nie tylko"},"image":{"@id":"https:\/\/racom.com.pl\/#\/schema\/logo\/image\/"}}]}},"_links":{"self":[{"href":"https:\/\/racom.com.pl\/index.php\/wp-json\/wp\/v2\/product\/1672","targetHints":{"allow":["GET"]}}],"collection":[{"href":"https:\/\/racom.com.pl\/index.php\/wp-json\/wp\/v2\/product"}],"about":[{"href":"https:\/\/racom.com.pl\/index.php\/wp-json\/wp\/v2\/types\/product"}],"replies":[{"embeddable":true,"href":"https:\/\/racom.com.pl\/index.php\/wp-json\/wp\/v2\/comments?post=1672"}],"wp:featuredmedia":[{"embeddable":true,"href":"https:\/\/racom.com.pl\/index.php\/wp-json\/wp\/v2\/media\/1674"}],"wp:attachment":[{"href":"https:\/\/racom.com.pl\/index.php\/wp-json\/wp\/v2\/media?parent=1672"}],"wp:term":[{"taxonomy":"product_brand","embeddable":true,"href":"https:\/\/racom.com.pl\/index.php\/wp-json\/wp\/v2\/product_brand?post=1672"},{"taxonomy":"product_cat","embeddable":true,"href":"https:\/\/racom.com.pl\/index.php\/wp-json\/wp\/v2\/product_cat?post=1672"},{"taxonomy":"product_tag","embeddable":true,"href":"https:\/\/racom.com.pl\/index.php\/wp-json\/wp\/v2\/product_tag?post=1672"}],"curies":[{"name":"wp","href":"https:\/\/api.w.org\/{rel}","templated":true}]}}