{"id":1678,"date":"2025-07-18T20:22:29","date_gmt":"2025-07-18T18:22:29","guid":{"rendered":"http:\/\/192.168.2.106\/index.php\/produkt\/wzmacniacz-cyfrowy-audio-duza-moc-2x50w-bluetooth-aux-usb-100w-usb-c\/"},"modified":"2025-07-18T20:22:29","modified_gmt":"2025-07-18T18:22:29","slug":"wzmacniacz-cyfrowy-audio-duza-moc-2x50w-bluetooth-aux-usb-100w-usb-c","status":"publish","type":"product","link":"https:\/\/racom.com.pl\/index.php\/produkt\/wzmacniacz-cyfrowy-audio-duza-moc-2x50w-bluetooth-aux-usb-100w-usb-c\/","title":{"rendered":"Wzmacniacz Cyfrowy Audio Du\u017ca Moc 2x50W Bluetooth AUX USB 100W USB-C"},"content":{"rendered":"<h2>Sinilink WZMACNIACZ BLUETOOTH AUDIO DU\u017bA MOC 2x50w 100w USB-C<\/h2>\n<h2>\u2705Wzmacniacz audio<\/h2>\n<ul>\n<li>Wzmacniacz mocy audio pracuj\u0105cy w cyfrowej klasie D<\/li>\n<li>\u0142\u0105czna moc stereo: 10-100W;&nbsp;4 &#8211; 8\u03a9<\/li>\n<li>sprawno\u015b\u0107 ponad 90%<\/li>\n<li>mo\u017cliwo\u015b\u0107 pod\u0142\u0105czenia g\u0142o\u015bnik\u00f3w o impedancji 4-6-8-16 Ohm<\/li>\n<li>Wersja <b>Bluetooth 5.1<\/b>&nbsp;(zasi\u0119g do 15 metr\u00f3w bez przeszk\u00f3d)<\/li>\n<li>Wej\u015bcie audio: Bluetooth + AUX + USB C<\/li>\n<li>Mechanizmy zabezpieczaj\u0105ce: przepi\u0119cie, podnapi\u0119cie, przegrzanie, detekcja pr\u0105du sta\u0142ego, ochrona przed zwarciem.<\/li>\n<li>wymiary p\u0142ytki drukowanej: 52mm x 52mm<\/li>\n<li>wysokiej jako\u015bci monta\u017c SMD element\u00f3w elektronicznych<\/li>\n<li>Zasilanie 8-24V DC (wymagany zasilacz)<\/li>\n<\/ul>\n<p><b>Po w\u0142\u0105czeniu wzmacniacz zapami\u0119tuje wybran\u0105 opcj\u0119 <\/b>(czy ma by\u0107 w\u0142\u0105czony czy nie).<\/p>\n<p>Przy pe\u0142nym obci\u0105\u017ceniu zaleca si\u0119 monta\u017c w przewiewnym miejcu w celu ch\u0142odzenia.<\/p>\n<p>Wzmacniacz mo\u017cna pod\u0142\u0105czy\u0107 pod zasilanie o\u015bwietlenia, \u017ceby uruchamia\u0142 si\u0119 po w\u0142\u0105czeniu \u015bwiat\u0142a.<\/p>\n<p><b>Po sparowaniu<\/b> z telefonem (tabletem, laptopem itd,) wzmacniacz <b>zapami\u0119tuje sparowane urz\u0105dzenie<\/b> i automatycznie si\u0119 z nim \u0142\u0105czy ponownie.<\/p>\n<p><b>Wzmacniacz w\u0142\u0105cza si\u0119 przyciskaj\u0105c potencjometr<\/b>, kt\u00f3ry przy okazji s\u0142u\u017cy do regulacji g\u0142o\u015bno\u015bci.<\/p>\n<p><b>Domy\u015blnie wzmacniacz uruchamia si\u0119 z aktywn\u0105 funkcj\u0105 Bluetooth<\/b>. Po pod\u0142\u0105czeniu urz\u0105dzenia do z\u0142\u0105cza USB modu\u0142 automatycznie prze\u0142\u0105cza si\u0119 na odtwarzanie z USB, analogicznie AUX.<\/p>\n<p>Wzmacniacz wymaga z\u0142o\u017cenia obudowy, kt\u00f3ra jest w komplecie wraz z \u015brubkami i \u015brubokr\u0119tem. Jest to bardzo prosta operacja.<\/p>\n<h2>\u2705Zastosowanie<\/h2>\n<ul>\n<li>Lokal handlowy<\/li>\n<li>Biuro<\/li>\n<li>Lokal gastronomiczny<\/li>\n<li>Mieszkanie, kuchnia, \u0142azienka<\/li>\n<li>Gara\u017c, piwnica, kom\u00f3rka<\/li>\n<\/ul>\n","protected":false},"excerpt":{"rendered":"<p>Sinilink WZMACNIACZ BLUETOOTH AUDIO DU\u017bA MOC 2x50w 100w USB-C \u2705Wzmacniacz audio Wzmacniacz mocy audio pracuj\u0105cy w cyfrowej klasie D \u0142\u0105czna moc stereo: 10-100W;&nbsp;4 &#8211; 8\u03a9 sprawno\u015b\u0107 ponad 90% mo\u017cliwo\u015b\u0107 pod\u0142\u0105czenia g\u0142o\u015bnik\u00f3w o impedancji 4-6-8-16 Ohm Wersja Bluetooth 5.1&nbsp;(zasi\u0119g do 15 metr\u00f3w bez przeszk\u00f3d) Wej\u015bcie audio: Bluetooth + AUX + USB C Mechanizmy zabezpieczaj\u0105ce: przepi\u0119cie, podnapi\u0119cie, [&hellip;]<\/p>\n","protected":false},"featured_media":1682,"comment_status":"open","ping_status":"closed","template":"","meta":[],"product_brand":[],"product_cat":[22],"product_tag":[],"class_list":{"0":"post-1678","1":"product","2":"type-product","3":"status-publish","4":"has-post-thumbnail","6":"product_cat-elektronika","8":"first","9":"instock","10":"taxable","11":"shipping-taxable","12":"purchasable","13":"product-type-simple"},"yoast_head":"<!-- This site is optimized with the Yoast SEO plugin v27.3 - https:\/\/yoast.com\/product\/yoast-seo-wordpress\/ -->\n<title>Wzmacniacz Cyfrowy Audio Du\u017ca Moc 2x50W Bluetooth AUX USB 100W USB-C - Mix Market - Supermarket z wszystkim co potrzeba<\/title>\n<meta name=\"robots\" content=\"index, follow, max-snippet:-1, max-image-preview:large, max-video-preview:-1\" \/>\n<link rel=\"canonical\" href=\"https:\/\/racom.com.pl\/index.php\/produkt\/wzmacniacz-cyfrowy-audio-duza-moc-2x50w-bluetooth-aux-usb-100w-usb-c\/\" \/>\n<meta property=\"og:locale\" content=\"pl_PL\" \/>\n<meta property=\"og:type\" content=\"article\" \/>\n<meta property=\"og:title\" content=\"Wzmacniacz Cyfrowy Audio Du\u017ca Moc 2x50W Bluetooth AUX USB 100W USB-C - Mix Market - Supermarket z wszystkim co potrzeba\" \/>\n<meta property=\"og:description\" content=\"Sinilink WZMACNIACZ BLUETOOTH AUDIO DU\u017bA MOC 2x50w 100w USB-C \u2705Wzmacniacz audio Wzmacniacz mocy audio pracuj\u0105cy w cyfrowej klasie D \u0142\u0105czna moc stereo: 10-100W;&nbsp;4 &#8211; 8\u03a9 sprawno\u015b\u0107 ponad 90% mo\u017cliwo\u015b\u0107 pod\u0142\u0105czenia g\u0142o\u015bnik\u00f3w o impedancji 4-6-8-16 Ohm Wersja Bluetooth 5.1&nbsp;(zasi\u0119g do 15 metr\u00f3w bez przeszk\u00f3d) Wej\u015bcie audio: Bluetooth + AUX + USB C Mechanizmy zabezpieczaj\u0105ce: przepi\u0119cie, podnapi\u0119cie, [&hellip;]\" \/>\n<meta property=\"og:url\" content=\"https:\/\/racom.com.pl\/index.php\/produkt\/wzmacniacz-cyfrowy-audio-duza-moc-2x50w-bluetooth-aux-usb-100w-usb-c\/\" \/>\n<meta property=\"og:site_name\" content=\"Mix Market - Supermarket z wszystkim co potrzeba\" \/>\n<meta property=\"og:image\" content=\"https:\/\/racom.com.pl\/wp-content\/uploads\/2025\/07\/allegro_687a912c9c7513.57403647_3b456bbd4a6b9e7f444d92cc3d3b.jpg\" \/>\n\t<meta property=\"og:image:width\" content=\"1024\" \/>\n\t<meta property=\"og:image:height\" content=\"1000\" \/>\n\t<meta property=\"og:image:type\" content=\"image\/jpeg\" \/>\n<meta name=\"twitter:card\" content=\"summary_large_image\" \/>\n<meta name=\"twitter:label1\" content=\"Szacowany czas czytania\" \/>\n\t<meta name=\"twitter:data1\" content=\"1 minuta\" \/>\n<script type=\"application\/ld+json\" class=\"yoast-schema-graph\">{\"@context\":\"https:\\\/\\\/schema.org\",\"@graph\":[{\"@type\":\"WebPage\",\"@id\":\"https:\\\/\\\/racom.com.pl\\\/index.php\\\/produkt\\\/wzmacniacz-cyfrowy-audio-duza-moc-2x50w-bluetooth-aux-usb-100w-usb-c\\\/\",\"url\":\"https:\\\/\\\/racom.com.pl\\\/index.php\\\/produkt\\\/wzmacniacz-cyfrowy-audio-duza-moc-2x50w-bluetooth-aux-usb-100w-usb-c\\\/\",\"name\":\"Wzmacniacz Cyfrowy Audio Du\u017ca Moc 2x50W Bluetooth AUX USB 100W USB-C - Mix Market - Supermarket z wszystkim co potrzeba\",\"isPartOf\":{\"@id\":\"https:\\\/\\\/racom.com.pl\\\/#website\"},\"primaryImageOfPage\":{\"@id\":\"https:\\\/\\\/racom.com.pl\\\/index.php\\\/produkt\\\/wzmacniacz-cyfrowy-audio-duza-moc-2x50w-bluetooth-aux-usb-100w-usb-c\\\/#primaryimage\"},\"image\":{\"@id\":\"https:\\\/\\\/racom.com.pl\\\/index.php\\\/produkt\\\/wzmacniacz-cyfrowy-audio-duza-moc-2x50w-bluetooth-aux-usb-100w-usb-c\\\/#primaryimage\"},\"thumbnailUrl\":\"https:\\\/\\\/racom.com.pl\\\/wp-content\\\/uploads\\\/2025\\\/07\\\/allegro_687a912c9c7513.57403647_3b456bbd4a6b9e7f444d92cc3d3b.jpg\",\"datePublished\":\"2025-07-18T18:22:29+00:00\",\"breadcrumb\":{\"@id\":\"https:\\\/\\\/racom.com.pl\\\/index.php\\\/produkt\\\/wzmacniacz-cyfrowy-audio-duza-moc-2x50w-bluetooth-aux-usb-100w-usb-c\\\/#breadcrumb\"},\"inLanguage\":\"pl-PL\",\"potentialAction\":[{\"@type\":\"ReadAction\",\"target\":[\"https:\\\/\\\/racom.com.pl\\\/index.php\\\/produkt\\\/wzmacniacz-cyfrowy-audio-duza-moc-2x50w-bluetooth-aux-usb-100w-usb-c\\\/\"]}]},{\"@type\":\"ImageObject\",\"inLanguage\":\"pl-PL\",\"@id\":\"https:\\\/\\\/racom.com.pl\\\/index.php\\\/produkt\\\/wzmacniacz-cyfrowy-audio-duza-moc-2x50w-bluetooth-aux-usb-100w-usb-c\\\/#primaryimage\",\"url\":\"https:\\\/\\\/racom.com.pl\\\/wp-content\\\/uploads\\\/2025\\\/07\\\/allegro_687a912c9c7513.57403647_3b456bbd4a6b9e7f444d92cc3d3b.jpg\",\"contentUrl\":\"https:\\\/\\\/racom.com.pl\\\/wp-content\\\/uploads\\\/2025\\\/07\\\/allegro_687a912c9c7513.57403647_3b456bbd4a6b9e7f444d92cc3d3b.jpg\",\"width\":1024,\"height\":1000},{\"@type\":\"BreadcrumbList\",\"@id\":\"https:\\\/\\\/racom.com.pl\\\/index.php\\\/produkt\\\/wzmacniacz-cyfrowy-audio-duza-moc-2x50w-bluetooth-aux-usb-100w-usb-c\\\/#breadcrumb\",\"itemListElement\":[{\"@type\":\"ListItem\",\"position\":1,\"name\":\"Strona g\u0142\u00f3wna\",\"item\":\"https:\\\/\\\/racom.com.pl\\\/\"},{\"@type\":\"ListItem\",\"position\":2,\"name\":\"Sklep\",\"item\":\"https:\\\/\\\/racom.com.pl\\\/\"},{\"@type\":\"ListItem\",\"position\":3,\"name\":\"Wzmacniacz Cyfrowy Audio Du\u017ca Moc 2x50W Bluetooth AUX USB 100W USB-C\"}]},{\"@type\":\"WebSite\",\"@id\":\"https:\\\/\\\/racom.com.pl\\\/#website\",\"url\":\"https:\\\/\\\/racom.com.pl\\\/\",\"name\":\"Mix Market - Supermarket z wszystkim co potrzeba do domu i nie tylko\",\"description\":\"\",\"publisher\":{\"@id\":\"https:\\\/\\\/racom.com.pl\\\/#organization\"},\"potentialAction\":[{\"@type\":\"SearchAction\",\"target\":{\"@type\":\"EntryPoint\",\"urlTemplate\":\"https:\\\/\\\/racom.com.pl\\\/?s={search_term_string}\"},\"query-input\":{\"@type\":\"PropertyValueSpecification\",\"valueRequired\":true,\"valueName\":\"search_term_string\"}}],\"inLanguage\":\"pl-PL\"},{\"@type\":\"Organization\",\"@id\":\"https:\\\/\\\/racom.com.pl\\\/#organization\",\"name\":\"Mix Market - Supermarket z wszystkim co potrzeba do domu i nie tylko\",\"url\":\"https:\\\/\\\/racom.com.pl\\\/\",\"logo\":{\"@type\":\"ImageObject\",\"inLanguage\":\"pl-PL\",\"@id\":\"https:\\\/\\\/racom.com.pl\\\/#\\\/schema\\\/logo\\\/image\\\/\",\"url\":\"https:\\\/\\\/racom.com.pl\\\/wp-content\\\/uploads\\\/2025\\\/07\\\/mixmarket_logo.png\",\"contentUrl\":\"https:\\\/\\\/racom.com.pl\\\/wp-content\\\/uploads\\\/2025\\\/07\\\/mixmarket_logo.png\",\"width\":1024,\"height\":1024,\"caption\":\"Mix Market - Supermarket z wszystkim co potrzeba do domu i nie tylko\"},\"image\":{\"@id\":\"https:\\\/\\\/racom.com.pl\\\/#\\\/schema\\\/logo\\\/image\\\/\"}}]}<\/script>\n<!-- \/ Yoast SEO plugin. -->","yoast_head_json":{"title":"Wzmacniacz Cyfrowy Audio Du\u017ca Moc 2x50W Bluetooth AUX USB 100W USB-C - Mix Market - Supermarket z wszystkim co potrzeba","robots":{"index":"index","follow":"follow","max-snippet":"max-snippet:-1","max-image-preview":"max-image-preview:large","max-video-preview":"max-video-preview:-1"},"canonical":"https:\/\/racom.com.pl\/index.php\/produkt\/wzmacniacz-cyfrowy-audio-duza-moc-2x50w-bluetooth-aux-usb-100w-usb-c\/","og_locale":"pl_PL","og_type":"article","og_title":"Wzmacniacz Cyfrowy Audio Du\u017ca Moc 2x50W Bluetooth AUX USB 100W USB-C - Mix Market - Supermarket z wszystkim co potrzeba","og_description":"Sinilink WZMACNIACZ BLUETOOTH AUDIO DU\u017bA MOC 2x50w 100w USB-C \u2705Wzmacniacz audio Wzmacniacz mocy audio pracuj\u0105cy w cyfrowej klasie D \u0142\u0105czna moc stereo: 10-100W;&nbsp;4 &#8211; 8\u03a9 sprawno\u015b\u0107 ponad 90% mo\u017cliwo\u015b\u0107 pod\u0142\u0105czenia g\u0142o\u015bnik\u00f3w o impedancji 4-6-8-16 Ohm Wersja Bluetooth 5.1&nbsp;(zasi\u0119g do 15 metr\u00f3w bez przeszk\u00f3d) Wej\u015bcie audio: Bluetooth + AUX + USB C Mechanizmy zabezpieczaj\u0105ce: przepi\u0119cie, podnapi\u0119cie, [&hellip;]","og_url":"https:\/\/racom.com.pl\/index.php\/produkt\/wzmacniacz-cyfrowy-audio-duza-moc-2x50w-bluetooth-aux-usb-100w-usb-c\/","og_site_name":"Mix Market - Supermarket z wszystkim co potrzeba","og_image":[{"width":1024,"height":1000,"url":"https:\/\/racom.com.pl\/wp-content\/uploads\/2025\/07\/allegro_687a912c9c7513.57403647_3b456bbd4a6b9e7f444d92cc3d3b.jpg","type":"image\/jpeg"}],"twitter_card":"summary_large_image","twitter_misc":{"Szacowany czas czytania":"1 minuta"},"schema":{"@context":"https:\/\/schema.org","@graph":[{"@type":"WebPage","@id":"https:\/\/racom.com.pl\/index.php\/produkt\/wzmacniacz-cyfrowy-audio-duza-moc-2x50w-bluetooth-aux-usb-100w-usb-c\/","url":"https:\/\/racom.com.pl\/index.php\/produkt\/wzmacniacz-cyfrowy-audio-duza-moc-2x50w-bluetooth-aux-usb-100w-usb-c\/","name":"Wzmacniacz Cyfrowy Audio Du\u017ca Moc 2x50W Bluetooth AUX USB 100W USB-C - Mix Market - Supermarket z wszystkim co potrzeba","isPartOf":{"@id":"https:\/\/racom.com.pl\/#website"},"primaryImageOfPage":{"@id":"https:\/\/racom.com.pl\/index.php\/produkt\/wzmacniacz-cyfrowy-audio-duza-moc-2x50w-bluetooth-aux-usb-100w-usb-c\/#primaryimage"},"image":{"@id":"https:\/\/racom.com.pl\/index.php\/produkt\/wzmacniacz-cyfrowy-audio-duza-moc-2x50w-bluetooth-aux-usb-100w-usb-c\/#primaryimage"},"thumbnailUrl":"https:\/\/racom.com.pl\/wp-content\/uploads\/2025\/07\/allegro_687a912c9c7513.57403647_3b456bbd4a6b9e7f444d92cc3d3b.jpg","datePublished":"2025-07-18T18:22:29+00:00","breadcrumb":{"@id":"https:\/\/racom.com.pl\/index.php\/produkt\/wzmacniacz-cyfrowy-audio-duza-moc-2x50w-bluetooth-aux-usb-100w-usb-c\/#breadcrumb"},"inLanguage":"pl-PL","potentialAction":[{"@type":"ReadAction","target":["https:\/\/racom.com.pl\/index.php\/produkt\/wzmacniacz-cyfrowy-audio-duza-moc-2x50w-bluetooth-aux-usb-100w-usb-c\/"]}]},{"@type":"ImageObject","inLanguage":"pl-PL","@id":"https:\/\/racom.com.pl\/index.php\/produkt\/wzmacniacz-cyfrowy-audio-duza-moc-2x50w-bluetooth-aux-usb-100w-usb-c\/#primaryimage","url":"https:\/\/racom.com.pl\/wp-content\/uploads\/2025\/07\/allegro_687a912c9c7513.57403647_3b456bbd4a6b9e7f444d92cc3d3b.jpg","contentUrl":"https:\/\/racom.com.pl\/wp-content\/uploads\/2025\/07\/allegro_687a912c9c7513.57403647_3b456bbd4a6b9e7f444d92cc3d3b.jpg","width":1024,"height":1000},{"@type":"BreadcrumbList","@id":"https:\/\/racom.com.pl\/index.php\/produkt\/wzmacniacz-cyfrowy-audio-duza-moc-2x50w-bluetooth-aux-usb-100w-usb-c\/#breadcrumb","itemListElement":[{"@type":"ListItem","position":1,"name":"Strona g\u0142\u00f3wna","item":"https:\/\/racom.com.pl\/"},{"@type":"ListItem","position":2,"name":"Sklep","item":"https:\/\/racom.com.pl\/"},{"@type":"ListItem","position":3,"name":"Wzmacniacz Cyfrowy Audio Du\u017ca Moc 2x50W Bluetooth AUX USB 100W USB-C"}]},{"@type":"WebSite","@id":"https:\/\/racom.com.pl\/#website","url":"https:\/\/racom.com.pl\/","name":"Mix Market - Supermarket z wszystkim co potrzeba do domu i nie tylko","description":"","publisher":{"@id":"https:\/\/racom.com.pl\/#organization"},"potentialAction":[{"@type":"SearchAction","target":{"@type":"EntryPoint","urlTemplate":"https:\/\/racom.com.pl\/?s={search_term_string}"},"query-input":{"@type":"PropertyValueSpecification","valueRequired":true,"valueName":"search_term_string"}}],"inLanguage":"pl-PL"},{"@type":"Organization","@id":"https:\/\/racom.com.pl\/#organization","name":"Mix Market - Supermarket z wszystkim co potrzeba do domu i nie tylko","url":"https:\/\/racom.com.pl\/","logo":{"@type":"ImageObject","inLanguage":"pl-PL","@id":"https:\/\/racom.com.pl\/#\/schema\/logo\/image\/","url":"https:\/\/racom.com.pl\/wp-content\/uploads\/2025\/07\/mixmarket_logo.png","contentUrl":"https:\/\/racom.com.pl\/wp-content\/uploads\/2025\/07\/mixmarket_logo.png","width":1024,"height":1024,"caption":"Mix Market - Supermarket z wszystkim co potrzeba do domu i nie tylko"},"image":{"@id":"https:\/\/racom.com.pl\/#\/schema\/logo\/image\/"}}]}},"_links":{"self":[{"href":"https:\/\/racom.com.pl\/index.php\/wp-json\/wp\/v2\/product\/1678","targetHints":{"allow":["GET"]}}],"collection":[{"href":"https:\/\/racom.com.pl\/index.php\/wp-json\/wp\/v2\/product"}],"about":[{"href":"https:\/\/racom.com.pl\/index.php\/wp-json\/wp\/v2\/types\/product"}],"replies":[{"embeddable":true,"href":"https:\/\/racom.com.pl\/index.php\/wp-json\/wp\/v2\/comments?post=1678"}],"wp:featuredmedia":[{"embeddable":true,"href":"https:\/\/racom.com.pl\/index.php\/wp-json\/wp\/v2\/media\/1682"}],"wp:attachment":[{"href":"https:\/\/racom.com.pl\/index.php\/wp-json\/wp\/v2\/media?parent=1678"}],"wp:term":[{"taxonomy":"product_brand","embeddable":true,"href":"https:\/\/racom.com.pl\/index.php\/wp-json\/wp\/v2\/product_brand?post=1678"},{"taxonomy":"product_cat","embeddable":true,"href":"https:\/\/racom.com.pl\/index.php\/wp-json\/wp\/v2\/product_cat?post=1678"},{"taxonomy":"product_tag","embeddable":true,"href":"https:\/\/racom.com.pl\/index.php\/wp-json\/wp\/v2\/product_tag?post=1678"}],"curies":[{"name":"wp","href":"https:\/\/api.w.org\/{rel}","templated":true}]}}