{"id":1704,"date":"2025-07-18T20:29:10","date_gmt":"2025-07-18T18:29:10","guid":{"rendered":"http:\/\/192.168.2.106\/index.php\/produkt\/baseus-mocny-kabel-przewod-usb-do-lightning-do-telefonu-iphone-pd-15a-2m\/"},"modified":"2025-07-18T20:29:10","modified_gmt":"2025-07-18T18:29:10","slug":"baseus-mocny-kabel-przewod-usb-do-lightning-do-telefonu-iphone-pd-15a-2m","status":"publish","type":"product","link":"https:\/\/racom.com.pl\/index.php\/produkt\/baseus-mocny-kabel-przewod-usb-do-lightning-do-telefonu-iphone-pd-15a-2m\/","title":{"rendered":"BASEUS MOCNY KABEL PRZEW\u00d3D USB DO LIGHTNING DO TELEFONU IPHONE PD 1,5A 2M"},"content":{"rendered":"<h2>BASEUS KABEL USB LIGHTNING DO IPHONE 5 6 7 8 X 2M<\/h2>\n<h2>Cafule Cable<\/h2>\n<p>Kabel USB &#8211; Lightning. Obs\u0142uguje<b>&nbsp;\u0142adowanie o nat\u0119\u017ceniu 1.5A<\/b>&nbsp;oraz<b>&nbsp;<\/b>transmisj\u0119 danych 480Mbs.<\/p>\n<p>Zosta\u0142 zaprojektowany, aby przetrwa\u0107 d\u0142ugie i intensywne u\u017cytkowanie. Zastosowany specjalny oplot zapobiega przecieraniu i \u0142amaniu kabla.<\/p>\n<p>Stylowy design pasuje do ka\u017cdego otoczenia, a pasek podkre\u015bla dobry wygl\u0105d kabla i u\u0142atwia przechowywanie go.<\/p>\n<h2>\u2705Parametry<\/h2>\n<ul>\n<li>Model: Cafule Cable USB For Lightning 1.5A 2m<\/li>\n<li><b>D\u0142ugo\u015b\u0107: 2m<\/b><\/li>\n<li><b>Kolor: czarny + czerwony<\/b><\/li>\n<li>Pr\u0105d wyj\u015bciowy: 1,5A<\/li>\n<li>Transmisja danych: 480Mbps<\/li>\n<li>Wyko\u0144czenie: aluminium, nylon, TPE, Kevlar<\/li>\n<li>Kompatybilno\u015b\u0107: urz\u0105dzenia ze z\u0142\u0105czem Lightning<\/li>\n<li><b>Kod producenta: CALKLF-C19<\/b><\/li>\n<\/ul>\n<p>Opakowanie produktu to zawsze firmowy blister b\u0105d\u017a pude\u0142ko.&nbsp; Jego zdj\u0119cie znajduje si\u0119 w dolnej cz\u0119\u015bci oferty.<\/p>\n<h2>\u2705Najwa\u017cniejsze zalety:<\/h2>\n<ul>\n<li>Nat\u0119\u017cenie rz\u0119du 1.5A i grube miedziane przewody wewn\u0105trz kabla to<b>&nbsp;gwarancja bezpiecznego odnawiania energii.<\/b><\/li>\n<li><b>Transmisja danych 480Mb\/s<\/b><\/li>\n<li>Dwustronne z\u0142\u0105cze zwi\u0119kszy \u017cywotno\u015b\u0107 gniazda w urz\u0105dzeniu i zapewni komfort podczas pod\u0142\u0105czania kabla.<\/li>\n<li>Najbardziej newralgiczny punkt ka\u017cdego kabla &#8211; \u0142\u0105czenie przewodu z wtyczk\u0105, zosta\u0142o dodatkowo wzmocnione by zapobiec p\u0119kaniu.<\/li>\n<li>Przew\u00f3d zosta\u0142 umieszczony w mocnym, materia\u0142owym oplocie. Nie tylko&nbsp;wyj\u0105tkowo trwa\u0142ym, ale r\u00f3wnie\u017c bardzo przyjemnym w dotyku.<\/li>\n<li>Chipset steruj\u0105cy&nbsp;dopasowuje nat\u0119\u017cenie pr\u0105du do urz\u0105dzenia&nbsp;chroni\u0105c je przed uszkodzeniem<\/li>\n<li>W zestawie&nbsp;&#8211; Pasek na rzep u\u0142atwiaj\u0105cy przechowywanie kabla.<\/li>\n<\/ul>\n<h2>\u2705Wyko\u0144czenie kabla<\/h2>\n<p><b>2 metrowy kabel<\/b>&nbsp;&#8211; Taki rozmiar&nbsp;daje Ci ca\u0142kowit\u0105 swobod\u0119 ruchu&nbsp;niezale\u017cnie od tego czy u\u017cywasz akcesorium w domu czy np. w aucie.<\/p>\n<p>Kabel posiada eleganckie i wytrzyma\u0142e wtyczki odporne na \u015bcieranie i utlenianie. Nawet po wielu pod\u0142\u0105czeniach wci\u0105\u017c b\u0119d\u0105 g\u0142adko i pewnie wpina\u0107 si\u0119 do port\u00f3w.<\/p>\n<p>Pleciona tkanina z w\u0142\u00f3kna nylonowego ciasno owini\u0119ta wok\u00f3\u0142 kabla&nbsp;<b>zapewnia dodatkow\u0105 ochron\u0119, elastyczno\u015b\u0107 i wytrzyma\u0142o\u015b\u0107.<\/b>&nbsp;Konstrukcja pomaga zmniejszy\u0107 strz\u0119pienie si\u0119 i poprawia trwa\u0142o\u015b\u0107, pozwalaj\u0105c na \u0142atwe radzenie sobie z codziennym u\u017cytkowaniem.<\/p>\n<ul>\n<li>\u2733\ufe0f Nie musisz si\u0119 martwi\u0107, \u017ce przy przypadkowym szarpni\u0119ciu ca\u0142y kabel b\u0119dzie do wyrzucenia.<\/li>\n<\/ul>\n<p>Najbardziej newralgiczny punkt ka\u017cdego kabla &#8211; \u0142\u0105czenie przewodu z wtyczk\u0105, zosta\u0142o dodatkowo wzmocnione elastycznym TPE.<\/p>\n<p><b>B\u0105d\u017a zorganizowany za pomoc\u0105&nbsp; paska<\/b><\/p>\n<p>Stylowy akcent pomaga nie tylko w wygl\u0105dzie, ale tak\u017ce w utrzymaniu porz\u0105dku. Koniec z nieuporz\u0105dkowanymi kablami przy biurku lub si\u0119ganiem do torby po spl\u0105tany kabel.<\/p>\n<h2>\u2705Bezpiecze\u0144stwo<\/h2>\n<p><b><\/b>&nbsp;Swobodnie korzystaj z urz\u0105dzenia podczas \u0142adowania, bez obawy o jego uszkodzenie.<\/p>\n<ul>\n<li>\u2733\ufe0f Umo\u017cliwia bezproblemow\u0105 prac\u0119 z dowolnym urz\u0105dzeniem wykorzystuj\u0105cym z\u0142\u0105cze Lightning.<\/li>\n<\/ul>\n<p>Posiada wiele poziom\u00f3w zabezpiecze\u0144 &#8211; Przed prze\u0142adowaniem, wy\u0142adowaniem, przepi\u0119ciami, przegrzaniem, pr\u0105dem przet\u0119\u017ceniowym, kr\u00f3tkimi spi\u0119ciami i polem elektromagnetycznym.<\/p>\n<h2>\u2705FAQ<\/h2>\n<p>1. Czy kabel wspiera technologie szybkiego \u0142adowania?<\/p>\n<p><b>Nie, kabel nie wspiera szybkiego \u0142adowania<\/b><\/p>\n<p>2. Z jakimi urz\u0105dzeniami kabel jest kompatybilny?<\/p>\n<p><b>Jest kompatybilny z urz\u0105dzeniami posiadaj\u0105cymi port Lightning.<\/b><\/p>\n<p>3. Czy kabel obs\u0142uguje Apple CarPlay?<\/p>\n<p><b>Nie, kabel nie obs\u0142uguje Apple CarPlay<\/b><\/p>\n<p>4. Czy kabel obs\u0142uguje transfer danych?<\/p>\n<p><b>Tak, kabel obs\u0142uguje transmisj\u0119 danych 480Mb\/s.<\/b><\/p>\n","protected":false},"excerpt":{"rendered":"<p>BASEUS KABEL USB LIGHTNING DO IPHONE 5 6 7 8 X 2M Cafule Cable Kabel USB &#8211; Lightning. Obs\u0142uguje&nbsp;\u0142adowanie o nat\u0119\u017ceniu 1.5A&nbsp;oraz&nbsp;transmisj\u0119 danych 480Mbs. Zosta\u0142 zaprojektowany, aby przetrwa\u0107 d\u0142ugie i intensywne u\u017cytkowanie. Zastosowany specjalny oplot zapobiega przecieraniu i \u0142amaniu kabla. Stylowy design pasuje do ka\u017cdego otoczenia, a pasek podkre\u015bla dobry wygl\u0105d kabla i u\u0142atwia przechowywanie [&hellip;]<\/p>\n","protected":false},"featured_media":1717,"comment_status":"open","ping_status":"closed","template":"","meta":[],"product_brand":[27],"product_cat":[26],"product_tag":[],"class_list":{"0":"post-1704","1":"product","2":"type-product","3":"status-publish","4":"has-post-thumbnail","6":"product_brand-baseus","7":"product_cat-akcesoria-gsm","9":"first","10":"instock","11":"taxable","12":"shipping-taxable","13":"purchasable","14":"product-type-simple"},"yoast_head":"<!-- This site is optimized with the Yoast SEO plugin v27.3 - https:\/\/yoast.com\/product\/yoast-seo-wordpress\/ -->\n<title>BASEUS MOCNY KABEL PRZEW\u00d3D USB DO LIGHTNING DO TELEFONU IPHONE PD 1,5A 2M - Mix Market - Supermarket z wszystkim co potrzeba<\/title>\n<meta name=\"robots\" content=\"index, follow, max-snippet:-1, max-image-preview:large, max-video-preview:-1\" \/>\n<link rel=\"canonical\" href=\"https:\/\/racom.com.pl\/index.php\/produkt\/baseus-mocny-kabel-przewod-usb-do-lightning-do-telefonu-iphone-pd-15a-2m\/\" \/>\n<meta property=\"og:locale\" content=\"pl_PL\" \/>\n<meta property=\"og:type\" content=\"article\" \/>\n<meta property=\"og:title\" content=\"BASEUS MOCNY KABEL PRZEW\u00d3D USB DO LIGHTNING DO TELEFONU IPHONE PD 1,5A 2M - Mix Market - Supermarket z wszystkim co potrzeba\" \/>\n<meta property=\"og:description\" content=\"BASEUS KABEL USB LIGHTNING DO IPHONE 5 6 7 8 X 2M Cafule Cable Kabel USB &#8211; Lightning. Obs\u0142uguje&nbsp;\u0142adowanie o nat\u0119\u017ceniu 1.5A&nbsp;oraz&nbsp;transmisj\u0119 danych 480Mbs. Zosta\u0142 zaprojektowany, aby przetrwa\u0107 d\u0142ugie i intensywne u\u017cytkowanie. Zastosowany specjalny oplot zapobiega przecieraniu i \u0142amaniu kabla. Stylowy design pasuje do ka\u017cdego otoczenia, a pasek podkre\u015bla dobry wygl\u0105d kabla i u\u0142atwia przechowywanie [&hellip;]\" \/>\n<meta property=\"og:url\" content=\"https:\/\/racom.com.pl\/index.php\/produkt\/baseus-mocny-kabel-przewod-usb-do-lightning-do-telefonu-iphone-pd-15a-2m\/\" \/>\n<meta property=\"og:site_name\" content=\"Mix Market - Supermarket z wszystkim co potrzeba\" \/>\n<meta property=\"og:image\" content=\"https:\/\/racom.com.pl\/wp-content\/uploads\/2025\/07\/allegro_687a930760be97.75519495_8ddc1d514fe68354733dadb54a27.jpg\" \/>\n\t<meta property=\"og:image:width\" content=\"1145\" \/>\n\t<meta property=\"og:image:height\" content=\"1195\" \/>\n\t<meta property=\"og:image:type\" content=\"image\/jpeg\" \/>\n<meta name=\"twitter:card\" content=\"summary_large_image\" \/>\n<meta name=\"twitter:label1\" content=\"Szacowany czas czytania\" \/>\n\t<meta name=\"twitter:data1\" content=\"3 minuty\" \/>\n<script type=\"application\/ld+json\" class=\"yoast-schema-graph\">{\"@context\":\"https:\\\/\\\/schema.org\",\"@graph\":[{\"@type\":\"WebPage\",\"@id\":\"https:\\\/\\\/racom.com.pl\\\/index.php\\\/produkt\\\/baseus-mocny-kabel-przewod-usb-do-lightning-do-telefonu-iphone-pd-15a-2m\\\/\",\"url\":\"https:\\\/\\\/racom.com.pl\\\/index.php\\\/produkt\\\/baseus-mocny-kabel-przewod-usb-do-lightning-do-telefonu-iphone-pd-15a-2m\\\/\",\"name\":\"BASEUS MOCNY KABEL PRZEW\u00d3D USB DO LIGHTNING DO TELEFONU IPHONE PD 1,5A 2M - Mix Market - Supermarket z wszystkim co potrzeba\",\"isPartOf\":{\"@id\":\"https:\\\/\\\/racom.com.pl\\\/#website\"},\"primaryImageOfPage\":{\"@id\":\"https:\\\/\\\/racom.com.pl\\\/index.php\\\/produkt\\\/baseus-mocny-kabel-przewod-usb-do-lightning-do-telefonu-iphone-pd-15a-2m\\\/#primaryimage\"},\"image\":{\"@id\":\"https:\\\/\\\/racom.com.pl\\\/index.php\\\/produkt\\\/baseus-mocny-kabel-przewod-usb-do-lightning-do-telefonu-iphone-pd-15a-2m\\\/#primaryimage\"},\"thumbnailUrl\":\"https:\\\/\\\/racom.com.pl\\\/wp-content\\\/uploads\\\/2025\\\/07\\\/allegro_687a930760be97.75519495_8ddc1d514fe68354733dadb54a27.jpg\",\"datePublished\":\"2025-07-18T18:29:10+00:00\",\"breadcrumb\":{\"@id\":\"https:\\\/\\\/racom.com.pl\\\/index.php\\\/produkt\\\/baseus-mocny-kabel-przewod-usb-do-lightning-do-telefonu-iphone-pd-15a-2m\\\/#breadcrumb\"},\"inLanguage\":\"pl-PL\",\"potentialAction\":[{\"@type\":\"ReadAction\",\"target\":[\"https:\\\/\\\/racom.com.pl\\\/index.php\\\/produkt\\\/baseus-mocny-kabel-przewod-usb-do-lightning-do-telefonu-iphone-pd-15a-2m\\\/\"]}]},{\"@type\":\"ImageObject\",\"inLanguage\":\"pl-PL\",\"@id\":\"https:\\\/\\\/racom.com.pl\\\/index.php\\\/produkt\\\/baseus-mocny-kabel-przewod-usb-do-lightning-do-telefonu-iphone-pd-15a-2m\\\/#primaryimage\",\"url\":\"https:\\\/\\\/racom.com.pl\\\/wp-content\\\/uploads\\\/2025\\\/07\\\/allegro_687a930760be97.75519495_8ddc1d514fe68354733dadb54a27.jpg\",\"contentUrl\":\"https:\\\/\\\/racom.com.pl\\\/wp-content\\\/uploads\\\/2025\\\/07\\\/allegro_687a930760be97.75519495_8ddc1d514fe68354733dadb54a27.jpg\",\"width\":1145,\"height\":1195},{\"@type\":\"BreadcrumbList\",\"@id\":\"https:\\\/\\\/racom.com.pl\\\/index.php\\\/produkt\\\/baseus-mocny-kabel-przewod-usb-do-lightning-do-telefonu-iphone-pd-15a-2m\\\/#breadcrumb\",\"itemListElement\":[{\"@type\":\"ListItem\",\"position\":1,\"name\":\"Strona g\u0142\u00f3wna\",\"item\":\"https:\\\/\\\/racom.com.pl\\\/\"},{\"@type\":\"ListItem\",\"position\":2,\"name\":\"Sklep\",\"item\":\"https:\\\/\\\/racom.com.pl\\\/\"},{\"@type\":\"ListItem\",\"position\":3,\"name\":\"BASEUS MOCNY KABEL PRZEW\u00d3D USB DO LIGHTNING DO TELEFONU IPHONE PD 1,5A 2M\"}]},{\"@type\":\"WebSite\",\"@id\":\"https:\\\/\\\/racom.com.pl\\\/#website\",\"url\":\"https:\\\/\\\/racom.com.pl\\\/\",\"name\":\"Mix Market - Supermarket z wszystkim co potrzeba do domu i nie tylko\",\"description\":\"\",\"publisher\":{\"@id\":\"https:\\\/\\\/racom.com.pl\\\/#organization\"},\"potentialAction\":[{\"@type\":\"SearchAction\",\"target\":{\"@type\":\"EntryPoint\",\"urlTemplate\":\"https:\\\/\\\/racom.com.pl\\\/?s={search_term_string}\"},\"query-input\":{\"@type\":\"PropertyValueSpecification\",\"valueRequired\":true,\"valueName\":\"search_term_string\"}}],\"inLanguage\":\"pl-PL\"},{\"@type\":\"Organization\",\"@id\":\"https:\\\/\\\/racom.com.pl\\\/#organization\",\"name\":\"Mix Market - Supermarket z wszystkim co potrzeba do domu i nie tylko\",\"url\":\"https:\\\/\\\/racom.com.pl\\\/\",\"logo\":{\"@type\":\"ImageObject\",\"inLanguage\":\"pl-PL\",\"@id\":\"https:\\\/\\\/racom.com.pl\\\/#\\\/schema\\\/logo\\\/image\\\/\",\"url\":\"https:\\\/\\\/racom.com.pl\\\/wp-content\\\/uploads\\\/2025\\\/07\\\/mixmarket_logo.png\",\"contentUrl\":\"https:\\\/\\\/racom.com.pl\\\/wp-content\\\/uploads\\\/2025\\\/07\\\/mixmarket_logo.png\",\"width\":1024,\"height\":1024,\"caption\":\"Mix Market - Supermarket z wszystkim co potrzeba do domu i nie tylko\"},\"image\":{\"@id\":\"https:\\\/\\\/racom.com.pl\\\/#\\\/schema\\\/logo\\\/image\\\/\"}}]}<\/script>\n<!-- \/ Yoast SEO plugin. -->","yoast_head_json":{"title":"BASEUS MOCNY KABEL PRZEW\u00d3D USB DO LIGHTNING DO TELEFONU IPHONE PD 1,5A 2M - Mix Market - Supermarket z wszystkim co potrzeba","robots":{"index":"index","follow":"follow","max-snippet":"max-snippet:-1","max-image-preview":"max-image-preview:large","max-video-preview":"max-video-preview:-1"},"canonical":"https:\/\/racom.com.pl\/index.php\/produkt\/baseus-mocny-kabel-przewod-usb-do-lightning-do-telefonu-iphone-pd-15a-2m\/","og_locale":"pl_PL","og_type":"article","og_title":"BASEUS MOCNY KABEL PRZEW\u00d3D USB DO LIGHTNING DO TELEFONU IPHONE PD 1,5A 2M - Mix Market - Supermarket z wszystkim co potrzeba","og_description":"BASEUS KABEL USB LIGHTNING DO IPHONE 5 6 7 8 X 2M Cafule Cable Kabel USB &#8211; Lightning. Obs\u0142uguje&nbsp;\u0142adowanie o nat\u0119\u017ceniu 1.5A&nbsp;oraz&nbsp;transmisj\u0119 danych 480Mbs. Zosta\u0142 zaprojektowany, aby przetrwa\u0107 d\u0142ugie i intensywne u\u017cytkowanie. Zastosowany specjalny oplot zapobiega przecieraniu i \u0142amaniu kabla. Stylowy design pasuje do ka\u017cdego otoczenia, a pasek podkre\u015bla dobry wygl\u0105d kabla i u\u0142atwia przechowywanie [&hellip;]","og_url":"https:\/\/racom.com.pl\/index.php\/produkt\/baseus-mocny-kabel-przewod-usb-do-lightning-do-telefonu-iphone-pd-15a-2m\/","og_site_name":"Mix Market - Supermarket z wszystkim co potrzeba","og_image":[{"width":1145,"height":1195,"url":"https:\/\/racom.com.pl\/wp-content\/uploads\/2025\/07\/allegro_687a930760be97.75519495_8ddc1d514fe68354733dadb54a27.jpg","type":"image\/jpeg"}],"twitter_card":"summary_large_image","twitter_misc":{"Szacowany czas czytania":"3 minuty"},"schema":{"@context":"https:\/\/schema.org","@graph":[{"@type":"WebPage","@id":"https:\/\/racom.com.pl\/index.php\/produkt\/baseus-mocny-kabel-przewod-usb-do-lightning-do-telefonu-iphone-pd-15a-2m\/","url":"https:\/\/racom.com.pl\/index.php\/produkt\/baseus-mocny-kabel-przewod-usb-do-lightning-do-telefonu-iphone-pd-15a-2m\/","name":"BASEUS MOCNY KABEL PRZEW\u00d3D USB DO LIGHTNING DO TELEFONU IPHONE PD 1,5A 2M - Mix Market - Supermarket z wszystkim co potrzeba","isPartOf":{"@id":"https:\/\/racom.com.pl\/#website"},"primaryImageOfPage":{"@id":"https:\/\/racom.com.pl\/index.php\/produkt\/baseus-mocny-kabel-przewod-usb-do-lightning-do-telefonu-iphone-pd-15a-2m\/#primaryimage"},"image":{"@id":"https:\/\/racom.com.pl\/index.php\/produkt\/baseus-mocny-kabel-przewod-usb-do-lightning-do-telefonu-iphone-pd-15a-2m\/#primaryimage"},"thumbnailUrl":"https:\/\/racom.com.pl\/wp-content\/uploads\/2025\/07\/allegro_687a930760be97.75519495_8ddc1d514fe68354733dadb54a27.jpg","datePublished":"2025-07-18T18:29:10+00:00","breadcrumb":{"@id":"https:\/\/racom.com.pl\/index.php\/produkt\/baseus-mocny-kabel-przewod-usb-do-lightning-do-telefonu-iphone-pd-15a-2m\/#breadcrumb"},"inLanguage":"pl-PL","potentialAction":[{"@type":"ReadAction","target":["https:\/\/racom.com.pl\/index.php\/produkt\/baseus-mocny-kabel-przewod-usb-do-lightning-do-telefonu-iphone-pd-15a-2m\/"]}]},{"@type":"ImageObject","inLanguage":"pl-PL","@id":"https:\/\/racom.com.pl\/index.php\/produkt\/baseus-mocny-kabel-przewod-usb-do-lightning-do-telefonu-iphone-pd-15a-2m\/#primaryimage","url":"https:\/\/racom.com.pl\/wp-content\/uploads\/2025\/07\/allegro_687a930760be97.75519495_8ddc1d514fe68354733dadb54a27.jpg","contentUrl":"https:\/\/racom.com.pl\/wp-content\/uploads\/2025\/07\/allegro_687a930760be97.75519495_8ddc1d514fe68354733dadb54a27.jpg","width":1145,"height":1195},{"@type":"BreadcrumbList","@id":"https:\/\/racom.com.pl\/index.php\/produkt\/baseus-mocny-kabel-przewod-usb-do-lightning-do-telefonu-iphone-pd-15a-2m\/#breadcrumb","itemListElement":[{"@type":"ListItem","position":1,"name":"Strona g\u0142\u00f3wna","item":"https:\/\/racom.com.pl\/"},{"@type":"ListItem","position":2,"name":"Sklep","item":"https:\/\/racom.com.pl\/"},{"@type":"ListItem","position":3,"name":"BASEUS MOCNY KABEL PRZEW\u00d3D USB DO LIGHTNING DO TELEFONU IPHONE PD 1,5A 2M"}]},{"@type":"WebSite","@id":"https:\/\/racom.com.pl\/#website","url":"https:\/\/racom.com.pl\/","name":"Mix Market - Supermarket z wszystkim co potrzeba do domu i nie tylko","description":"","publisher":{"@id":"https:\/\/racom.com.pl\/#organization"},"potentialAction":[{"@type":"SearchAction","target":{"@type":"EntryPoint","urlTemplate":"https:\/\/racom.com.pl\/?s={search_term_string}"},"query-input":{"@type":"PropertyValueSpecification","valueRequired":true,"valueName":"search_term_string"}}],"inLanguage":"pl-PL"},{"@type":"Organization","@id":"https:\/\/racom.com.pl\/#organization","name":"Mix Market - Supermarket z wszystkim co potrzeba do domu i nie tylko","url":"https:\/\/racom.com.pl\/","logo":{"@type":"ImageObject","inLanguage":"pl-PL","@id":"https:\/\/racom.com.pl\/#\/schema\/logo\/image\/","url":"https:\/\/racom.com.pl\/wp-content\/uploads\/2025\/07\/mixmarket_logo.png","contentUrl":"https:\/\/racom.com.pl\/wp-content\/uploads\/2025\/07\/mixmarket_logo.png","width":1024,"height":1024,"caption":"Mix Market - Supermarket z wszystkim co potrzeba do domu i nie tylko"},"image":{"@id":"https:\/\/racom.com.pl\/#\/schema\/logo\/image\/"}}]}},"_links":{"self":[{"href":"https:\/\/racom.com.pl\/index.php\/wp-json\/wp\/v2\/product\/1704","targetHints":{"allow":["GET"]}}],"collection":[{"href":"https:\/\/racom.com.pl\/index.php\/wp-json\/wp\/v2\/product"}],"about":[{"href":"https:\/\/racom.com.pl\/index.php\/wp-json\/wp\/v2\/types\/product"}],"replies":[{"embeddable":true,"href":"https:\/\/racom.com.pl\/index.php\/wp-json\/wp\/v2\/comments?post=1704"}],"wp:featuredmedia":[{"embeddable":true,"href":"https:\/\/racom.com.pl\/index.php\/wp-json\/wp\/v2\/media\/1717"}],"wp:attachment":[{"href":"https:\/\/racom.com.pl\/index.php\/wp-json\/wp\/v2\/media?parent=1704"}],"wp:term":[{"taxonomy":"product_brand","embeddable":true,"href":"https:\/\/racom.com.pl\/index.php\/wp-json\/wp\/v2\/product_brand?post=1704"},{"taxonomy":"product_cat","embeddable":true,"href":"https:\/\/racom.com.pl\/index.php\/wp-json\/wp\/v2\/product_cat?post=1704"},{"taxonomy":"product_tag","embeddable":true,"href":"https:\/\/racom.com.pl\/index.php\/wp-json\/wp\/v2\/product_tag?post=1704"}],"curies":[{"name":"wp","href":"https:\/\/api.w.org\/{rel}","templated":true}]}}