{"id":1718,"date":"2025-07-18T20:31:43","date_gmt":"2025-07-18T18:31:43","guid":{"rendered":"http:\/\/192.168.2.106\/index.php\/produkt\/baseus-kabel-przewod-usb-a-usb-typu-c-do-telefonu-szybkie-ladowanie-3a-1m\/"},"modified":"2025-07-18T20:31:43","modified_gmt":"2025-07-18T18:31:43","slug":"baseus-kabel-przewod-usb-a-usb-typu-c-do-telefonu-szybkie-ladowanie-3a-1m","status":"publish","type":"product","link":"https:\/\/racom.com.pl\/index.php\/produkt\/baseus-kabel-przewod-usb-a-usb-typu-c-do-telefonu-szybkie-ladowanie-3a-1m\/","title":{"rendered":"BASEUS KABEL PRZEW\u00d3D USB-A USB TYPU C DO TELEFONU SZYBKIE \u0141ADOWANIE 3A 1M"},"content":{"rendered":"<h2>BASEUS KABEL PRZEW\u00d3D USB-A USB TYPU C DO TELEFONU SZYBKIE \u0141ADOWANIE 3A 1M<\/h2>\n<p>Wyj\u0105tkowo mocny kabel USB &#8211; Type-C. Obs\u0142uguje szybkie \u0142adowanie w <b>technologii Quick Charge 3.0<\/b>&nbsp;oraz<b>&nbsp;<\/b>transmisj\u0119 danych 480Mbs. Zosta\u0142 zaprojektowany, aby przetrwa\u0107 d\u0142ugie i intensywne u\u017cytkowanie.<\/p>\n<p>Zastosowany specjalny oplot zapobiega przecieraniu i \u0142amaniu kabla. Stylowy design pasuje do ka\u017cdego otoczenia, a pasek podkre\u015bla dobry wygl\u0105d kabla i u\u0142atwia przechowywanie go.<\/p>\n<h2>Parametry:<\/h2>\n<ul>\n<li>Model:&nbsp;Cafule Cable<\/li>\n<li>D\u0142ugo\u015b\u0107: 100cm<\/li>\n<li>Kolor:&nbsp;czerwony<\/li>\n<li>Pr\u0105d wyj\u015bciowy:&nbsp;do 3A<\/li>\n<li>Transmisja&nbsp;danych:&nbsp;480Mbps<\/li>\n<li>Wyko\u0144czenie:&nbsp;aluminium, nylon, PVC<\/li>\n<li>Kompatybilno\u015b\u0107: urz\u0105dzenia ze z\u0142\u0105czem Type-C<\/li>\n<li><b>Kod producenta: CATKLF-B09<\/b><\/li>\n<\/ul>\n<p>Opakowanie produktu to zawsze firmowy blister b\u0105d\u017a pude\u0142ko. Jego zdj\u0119cie znajduje si\u0119 w dolnej cz\u0119\u015bci oferty.<\/p>\n<h2>Najwa\u017cniejsze zalety:<\/h2>\n<ul>\n<li><b>Kabel wspiera szybkie \u0142adowanie Quick Charge 3.0<\/b><\/li>\n<li>Transmisja danych 480 Mbps.<\/li>\n<li>Nylonowy oplot wzmacnia i zapobiega pl\u0105taniu si\u0119 kabla<\/li>\n<li>Wtyczki wykonane zosta\u0142y ze stopu aluminium odpornego na utlenianie, korozj\u0119 i \u015bcieranie.<\/li>\n<li>Transmisja danych i \u0142adowanie jednocze\u015bnie.<\/li>\n<li>Najbardziej s\u0142aby punkt mi\u0119dzy wtyczk\u0105 a przewodem zosta\u0142&nbsp;dodatkowo podw\u00f3jnie wzmocniony<b>,&nbsp;<\/b>co zdecydowanie wyd\u0142u\u017cy jego \u017cywotno\u015b\u0107.<\/li>\n<li>W zestawie&nbsp; pasek u\u0142atwiaj\u0105cy u\u017cywanie i przechowywanie kabla<\/li>\n<\/ul>\n<h2>Wyko\u0144czenie kabla<\/h2>\n<p>Kabel posiada eleganckie i wytrzyma\u0142e wtyczki odporne na \u015bcieranie i utlenianie.&nbsp;<b>Nawet po wielu pod\u0142\u0105czeniach wci\u0105\u017c b\u0119d\u0105 g\u0142adko i pewnie wpina\u0107 si\u0119 do port\u00f3w.<\/b><\/p>\n<p>Pleciona tkanina z w\u0142\u00f3kna nylonowego ciasno owini\u0119ta wok\u00f3\u0142 kabla&nbsp;<b>zapewnia dodatkow\u0105 ochron\u0119, elastyczno\u015b\u0107 i wytrzyma\u0142o\u015b\u0107.<\/b>&nbsp;Konstrukcja pomaga zmniejszy\u0107 strz\u0119pienie si\u0119 i poprawia trwa\u0142o\u015b\u0107, pozwalaj\u0105c na \u0142atwe radzenie sobie z codziennym u\u017cytkowaniem.<\/p>\n<p><b>Nie musisz si\u0119 martwi\u0107, \u017ce przy przypadkowym szarpni\u0119ciu ca\u0142y kabel b\u0119dzie do wyrzucenia.<\/b><\/p>\n<p>Najbardziej newralgiczny punkt ka\u017cdego kabla &#8211;&nbsp;<b>\u0142\u0105czenie przewodu z wtyczk\u0105, zosta\u0142o dodatkowo wzmocnione elastycznym TPE.<\/b><\/p>\n<p>B\u0105d\u017a zorganizowany za pomoc\u0105 paska<\/p>\n<p>Stylowy akcent pomaga nie tylko w wygl\u0105dzie, ale tak\u017ce w utrzymaniu porz\u0105dku. Koniec z nieuporz\u0105dkowanymi kablami przy biurku lub si\u0119ganiem do torby po spl\u0105tany kabel.<\/p>\n<h2>Bezpiecze\u0144stwo<\/h2>\n<p>Swobodnie korzystaj z urz\u0105dzenia podczas \u0142adowania, bez obawy o jego uszkodzenie.<\/p>\n<p>Kompatybilny z wi\u0119kszo\u015bci\u0105 urz\u0105dze\u0144 zasilanych z\u0142\u0105czem USB-C.<\/p>\n<p>Wiele poziom\u00f3w zabezpiecze\u0144 &#8211; Przed prze\u0142adowaniem, wy\u0142adowaniem, przepi\u0119ciami, przegrzaniem, pr\u0105dem przet\u0119\u017ceniowym, kr\u00f3tkimi spi\u0119ciami i polem elektromagnetycznym.<\/p>\n","protected":false},"excerpt":{"rendered":"<p>BASEUS KABEL PRZEW\u00d3D USB-A USB TYPU C DO TELEFONU SZYBKIE \u0141ADOWANIE 3A 1M Wyj\u0105tkowo mocny kabel USB &#8211; Type-C. Obs\u0142uguje szybkie \u0142adowanie w technologii Quick Charge 3.0&nbsp;oraz&nbsp;transmisj\u0119 danych 480Mbs. Zosta\u0142 zaprojektowany, aby przetrwa\u0107 d\u0142ugie i intensywne u\u017cytkowanie. Zastosowany specjalny oplot zapobiega przecieraniu i \u0142amaniu kabla. Stylowy design pasuje do ka\u017cdego otoczenia, a pasek podkre\u015bla dobry [&hellip;]<\/p>\n","protected":false},"featured_media":1733,"comment_status":"open","ping_status":"closed","template":"","meta":[],"product_brand":[27],"product_cat":[26],"product_tag":[],"class_list":{"0":"post-1718","1":"product","2":"type-product","3":"status-publish","4":"has-post-thumbnail","6":"product_brand-baseus","7":"product_cat-akcesoria-gsm","9":"first","10":"instock","11":"taxable","12":"shipping-taxable","13":"purchasable","14":"product-type-simple"},"yoast_head":"<!-- This site is optimized with the Yoast SEO plugin v27.3 - https:\/\/yoast.com\/product\/yoast-seo-wordpress\/ -->\n<title>BASEUS KABEL PRZEW\u00d3D USB-A USB TYPU C DO TELEFONU SZYBKIE \u0141ADOWANIE 3A 1M - Mix Market - Supermarket z wszystkim co potrzeba<\/title>\n<meta name=\"robots\" content=\"index, follow, max-snippet:-1, max-image-preview:large, max-video-preview:-1\" \/>\n<link rel=\"canonical\" href=\"https:\/\/racom.com.pl\/index.php\/produkt\/baseus-kabel-przewod-usb-a-usb-typu-c-do-telefonu-szybkie-ladowanie-3a-1m\/\" \/>\n<meta property=\"og:locale\" content=\"pl_PL\" \/>\n<meta property=\"og:type\" content=\"article\" \/>\n<meta property=\"og:title\" content=\"BASEUS KABEL PRZEW\u00d3D USB-A USB TYPU C DO TELEFONU SZYBKIE \u0141ADOWANIE 3A 1M - Mix Market - Supermarket z wszystkim co potrzeba\" \/>\n<meta property=\"og:description\" content=\"BASEUS KABEL PRZEW\u00d3D USB-A USB TYPU C DO TELEFONU SZYBKIE \u0141ADOWANIE 3A 1M Wyj\u0105tkowo mocny kabel USB &#8211; Type-C. Obs\u0142uguje szybkie \u0142adowanie w technologii Quick Charge 3.0&nbsp;oraz&nbsp;transmisj\u0119 danych 480Mbs. Zosta\u0142 zaprojektowany, aby przetrwa\u0107 d\u0142ugie i intensywne u\u017cytkowanie. Zastosowany specjalny oplot zapobiega przecieraniu i \u0142amaniu kabla. Stylowy design pasuje do ka\u017cdego otoczenia, a pasek podkre\u015bla dobry [&hellip;]\" \/>\n<meta property=\"og:url\" content=\"https:\/\/racom.com.pl\/index.php\/produkt\/baseus-kabel-przewod-usb-a-usb-typu-c-do-telefonu-szybkie-ladowanie-3a-1m\/\" \/>\n<meta property=\"og:site_name\" content=\"Mix Market - Supermarket z wszystkim co potrzeba\" \/>\n<meta property=\"og:image\" content=\"https:\/\/racom.com.pl\/wp-content\/uploads\/2025\/07\/allegro_687a938da147b2.69520813_6e15ee8f4895a2d41a0e2f16274a.jpg\" \/>\n\t<meta property=\"og:image:width\" content=\"2560\" \/>\n\t<meta property=\"og:image:height\" content=\"2560\" \/>\n\t<meta property=\"og:image:type\" content=\"image\/jpeg\" \/>\n<meta name=\"twitter:card\" content=\"summary_large_image\" \/>\n<meta name=\"twitter:label1\" content=\"Szacowany czas czytania\" \/>\n\t<meta name=\"twitter:data1\" content=\"2 minuty\" \/>\n<script type=\"application\/ld+json\" class=\"yoast-schema-graph\">{\"@context\":\"https:\\\/\\\/schema.org\",\"@graph\":[{\"@type\":\"WebPage\",\"@id\":\"https:\\\/\\\/racom.com.pl\\\/index.php\\\/produkt\\\/baseus-kabel-przewod-usb-a-usb-typu-c-do-telefonu-szybkie-ladowanie-3a-1m\\\/\",\"url\":\"https:\\\/\\\/racom.com.pl\\\/index.php\\\/produkt\\\/baseus-kabel-przewod-usb-a-usb-typu-c-do-telefonu-szybkie-ladowanie-3a-1m\\\/\",\"name\":\"BASEUS KABEL PRZEW\u00d3D USB-A USB TYPU C DO TELEFONU SZYBKIE \u0141ADOWANIE 3A 1M - Mix Market - Supermarket z wszystkim co potrzeba\",\"isPartOf\":{\"@id\":\"https:\\\/\\\/racom.com.pl\\\/#website\"},\"primaryImageOfPage\":{\"@id\":\"https:\\\/\\\/racom.com.pl\\\/index.php\\\/produkt\\\/baseus-kabel-przewod-usb-a-usb-typu-c-do-telefonu-szybkie-ladowanie-3a-1m\\\/#primaryimage\"},\"image\":{\"@id\":\"https:\\\/\\\/racom.com.pl\\\/index.php\\\/produkt\\\/baseus-kabel-przewod-usb-a-usb-typu-c-do-telefonu-szybkie-ladowanie-3a-1m\\\/#primaryimage\"},\"thumbnailUrl\":\"https:\\\/\\\/racom.com.pl\\\/wp-content\\\/uploads\\\/2025\\\/07\\\/allegro_687a938da147b2.69520813_6e15ee8f4895a2d41a0e2f16274a.jpg\",\"datePublished\":\"2025-07-18T18:31:43+00:00\",\"breadcrumb\":{\"@id\":\"https:\\\/\\\/racom.com.pl\\\/index.php\\\/produkt\\\/baseus-kabel-przewod-usb-a-usb-typu-c-do-telefonu-szybkie-ladowanie-3a-1m\\\/#breadcrumb\"},\"inLanguage\":\"pl-PL\",\"potentialAction\":[{\"@type\":\"ReadAction\",\"target\":[\"https:\\\/\\\/racom.com.pl\\\/index.php\\\/produkt\\\/baseus-kabel-przewod-usb-a-usb-typu-c-do-telefonu-szybkie-ladowanie-3a-1m\\\/\"]}]},{\"@type\":\"ImageObject\",\"inLanguage\":\"pl-PL\",\"@id\":\"https:\\\/\\\/racom.com.pl\\\/index.php\\\/produkt\\\/baseus-kabel-przewod-usb-a-usb-typu-c-do-telefonu-szybkie-ladowanie-3a-1m\\\/#primaryimage\",\"url\":\"https:\\\/\\\/racom.com.pl\\\/wp-content\\\/uploads\\\/2025\\\/07\\\/allegro_687a938da147b2.69520813_6e15ee8f4895a2d41a0e2f16274a.jpg\",\"contentUrl\":\"https:\\\/\\\/racom.com.pl\\\/wp-content\\\/uploads\\\/2025\\\/07\\\/allegro_687a938da147b2.69520813_6e15ee8f4895a2d41a0e2f16274a.jpg\",\"width\":2560,\"height\":2560},{\"@type\":\"BreadcrumbList\",\"@id\":\"https:\\\/\\\/racom.com.pl\\\/index.php\\\/produkt\\\/baseus-kabel-przewod-usb-a-usb-typu-c-do-telefonu-szybkie-ladowanie-3a-1m\\\/#breadcrumb\",\"itemListElement\":[{\"@type\":\"ListItem\",\"position\":1,\"name\":\"Strona g\u0142\u00f3wna\",\"item\":\"https:\\\/\\\/racom.com.pl\\\/\"},{\"@type\":\"ListItem\",\"position\":2,\"name\":\"Sklep\",\"item\":\"https:\\\/\\\/racom.com.pl\\\/\"},{\"@type\":\"ListItem\",\"position\":3,\"name\":\"BASEUS KABEL PRZEW\u00d3D USB-A USB TYPU C DO TELEFONU SZYBKIE \u0141ADOWANIE 3A 1M\"}]},{\"@type\":\"WebSite\",\"@id\":\"https:\\\/\\\/racom.com.pl\\\/#website\",\"url\":\"https:\\\/\\\/racom.com.pl\\\/\",\"name\":\"Mix Market - Supermarket z wszystkim co potrzeba do domu i nie tylko\",\"description\":\"\",\"publisher\":{\"@id\":\"https:\\\/\\\/racom.com.pl\\\/#organization\"},\"potentialAction\":[{\"@type\":\"SearchAction\",\"target\":{\"@type\":\"EntryPoint\",\"urlTemplate\":\"https:\\\/\\\/racom.com.pl\\\/?s={search_term_string}\"},\"query-input\":{\"@type\":\"PropertyValueSpecification\",\"valueRequired\":true,\"valueName\":\"search_term_string\"}}],\"inLanguage\":\"pl-PL\"},{\"@type\":\"Organization\",\"@id\":\"https:\\\/\\\/racom.com.pl\\\/#organization\",\"name\":\"Mix Market - Supermarket z wszystkim co potrzeba do domu i nie tylko\",\"url\":\"https:\\\/\\\/racom.com.pl\\\/\",\"logo\":{\"@type\":\"ImageObject\",\"inLanguage\":\"pl-PL\",\"@id\":\"https:\\\/\\\/racom.com.pl\\\/#\\\/schema\\\/logo\\\/image\\\/\",\"url\":\"https:\\\/\\\/racom.com.pl\\\/wp-content\\\/uploads\\\/2025\\\/07\\\/mixmarket_logo.png\",\"contentUrl\":\"https:\\\/\\\/racom.com.pl\\\/wp-content\\\/uploads\\\/2025\\\/07\\\/mixmarket_logo.png\",\"width\":1024,\"height\":1024,\"caption\":\"Mix Market - Supermarket z wszystkim co potrzeba do domu i nie tylko\"},\"image\":{\"@id\":\"https:\\\/\\\/racom.com.pl\\\/#\\\/schema\\\/logo\\\/image\\\/\"}}]}<\/script>\n<!-- \/ Yoast SEO plugin. -->","yoast_head_json":{"title":"BASEUS KABEL PRZEW\u00d3D USB-A USB TYPU C DO TELEFONU SZYBKIE \u0141ADOWANIE 3A 1M - Mix Market - Supermarket z wszystkim co potrzeba","robots":{"index":"index","follow":"follow","max-snippet":"max-snippet:-1","max-image-preview":"max-image-preview:large","max-video-preview":"max-video-preview:-1"},"canonical":"https:\/\/racom.com.pl\/index.php\/produkt\/baseus-kabel-przewod-usb-a-usb-typu-c-do-telefonu-szybkie-ladowanie-3a-1m\/","og_locale":"pl_PL","og_type":"article","og_title":"BASEUS KABEL PRZEW\u00d3D USB-A USB TYPU C DO TELEFONU SZYBKIE \u0141ADOWANIE 3A 1M - Mix Market - Supermarket z wszystkim co potrzeba","og_description":"BASEUS KABEL PRZEW\u00d3D USB-A USB TYPU C DO TELEFONU SZYBKIE \u0141ADOWANIE 3A 1M Wyj\u0105tkowo mocny kabel USB &#8211; Type-C. Obs\u0142uguje szybkie \u0142adowanie w technologii Quick Charge 3.0&nbsp;oraz&nbsp;transmisj\u0119 danych 480Mbs. Zosta\u0142 zaprojektowany, aby przetrwa\u0107 d\u0142ugie i intensywne u\u017cytkowanie. Zastosowany specjalny oplot zapobiega przecieraniu i \u0142amaniu kabla. Stylowy design pasuje do ka\u017cdego otoczenia, a pasek podkre\u015bla dobry [&hellip;]","og_url":"https:\/\/racom.com.pl\/index.php\/produkt\/baseus-kabel-przewod-usb-a-usb-typu-c-do-telefonu-szybkie-ladowanie-3a-1m\/","og_site_name":"Mix Market - Supermarket z wszystkim co potrzeba","og_image":[{"width":2560,"height":2560,"url":"https:\/\/racom.com.pl\/wp-content\/uploads\/2025\/07\/allegro_687a938da147b2.69520813_6e15ee8f4895a2d41a0e2f16274a.jpg","type":"image\/jpeg"}],"twitter_card":"summary_large_image","twitter_misc":{"Szacowany czas czytania":"2 minuty"},"schema":{"@context":"https:\/\/schema.org","@graph":[{"@type":"WebPage","@id":"https:\/\/racom.com.pl\/index.php\/produkt\/baseus-kabel-przewod-usb-a-usb-typu-c-do-telefonu-szybkie-ladowanie-3a-1m\/","url":"https:\/\/racom.com.pl\/index.php\/produkt\/baseus-kabel-przewod-usb-a-usb-typu-c-do-telefonu-szybkie-ladowanie-3a-1m\/","name":"BASEUS KABEL PRZEW\u00d3D USB-A USB TYPU C DO TELEFONU SZYBKIE \u0141ADOWANIE 3A 1M - Mix Market - Supermarket z wszystkim co potrzeba","isPartOf":{"@id":"https:\/\/racom.com.pl\/#website"},"primaryImageOfPage":{"@id":"https:\/\/racom.com.pl\/index.php\/produkt\/baseus-kabel-przewod-usb-a-usb-typu-c-do-telefonu-szybkie-ladowanie-3a-1m\/#primaryimage"},"image":{"@id":"https:\/\/racom.com.pl\/index.php\/produkt\/baseus-kabel-przewod-usb-a-usb-typu-c-do-telefonu-szybkie-ladowanie-3a-1m\/#primaryimage"},"thumbnailUrl":"https:\/\/racom.com.pl\/wp-content\/uploads\/2025\/07\/allegro_687a938da147b2.69520813_6e15ee8f4895a2d41a0e2f16274a.jpg","datePublished":"2025-07-18T18:31:43+00:00","breadcrumb":{"@id":"https:\/\/racom.com.pl\/index.php\/produkt\/baseus-kabel-przewod-usb-a-usb-typu-c-do-telefonu-szybkie-ladowanie-3a-1m\/#breadcrumb"},"inLanguage":"pl-PL","potentialAction":[{"@type":"ReadAction","target":["https:\/\/racom.com.pl\/index.php\/produkt\/baseus-kabel-przewod-usb-a-usb-typu-c-do-telefonu-szybkie-ladowanie-3a-1m\/"]}]},{"@type":"ImageObject","inLanguage":"pl-PL","@id":"https:\/\/racom.com.pl\/index.php\/produkt\/baseus-kabel-przewod-usb-a-usb-typu-c-do-telefonu-szybkie-ladowanie-3a-1m\/#primaryimage","url":"https:\/\/racom.com.pl\/wp-content\/uploads\/2025\/07\/allegro_687a938da147b2.69520813_6e15ee8f4895a2d41a0e2f16274a.jpg","contentUrl":"https:\/\/racom.com.pl\/wp-content\/uploads\/2025\/07\/allegro_687a938da147b2.69520813_6e15ee8f4895a2d41a0e2f16274a.jpg","width":2560,"height":2560},{"@type":"BreadcrumbList","@id":"https:\/\/racom.com.pl\/index.php\/produkt\/baseus-kabel-przewod-usb-a-usb-typu-c-do-telefonu-szybkie-ladowanie-3a-1m\/#breadcrumb","itemListElement":[{"@type":"ListItem","position":1,"name":"Strona g\u0142\u00f3wna","item":"https:\/\/racom.com.pl\/"},{"@type":"ListItem","position":2,"name":"Sklep","item":"https:\/\/racom.com.pl\/"},{"@type":"ListItem","position":3,"name":"BASEUS KABEL PRZEW\u00d3D USB-A USB TYPU C DO TELEFONU SZYBKIE \u0141ADOWANIE 3A 1M"}]},{"@type":"WebSite","@id":"https:\/\/racom.com.pl\/#website","url":"https:\/\/racom.com.pl\/","name":"Mix Market - Supermarket z wszystkim co potrzeba do domu i nie tylko","description":"","publisher":{"@id":"https:\/\/racom.com.pl\/#organization"},"potentialAction":[{"@type":"SearchAction","target":{"@type":"EntryPoint","urlTemplate":"https:\/\/racom.com.pl\/?s={search_term_string}"},"query-input":{"@type":"PropertyValueSpecification","valueRequired":true,"valueName":"search_term_string"}}],"inLanguage":"pl-PL"},{"@type":"Organization","@id":"https:\/\/racom.com.pl\/#organization","name":"Mix Market - Supermarket z wszystkim co potrzeba do domu i nie tylko","url":"https:\/\/racom.com.pl\/","logo":{"@type":"ImageObject","inLanguage":"pl-PL","@id":"https:\/\/racom.com.pl\/#\/schema\/logo\/image\/","url":"https:\/\/racom.com.pl\/wp-content\/uploads\/2025\/07\/mixmarket_logo.png","contentUrl":"https:\/\/racom.com.pl\/wp-content\/uploads\/2025\/07\/mixmarket_logo.png","width":1024,"height":1024,"caption":"Mix Market - Supermarket z wszystkim co potrzeba do domu i nie tylko"},"image":{"@id":"https:\/\/racom.com.pl\/#\/schema\/logo\/image\/"}}]}},"_links":{"self":[{"href":"https:\/\/racom.com.pl\/index.php\/wp-json\/wp\/v2\/product\/1718","targetHints":{"allow":["GET"]}}],"collection":[{"href":"https:\/\/racom.com.pl\/index.php\/wp-json\/wp\/v2\/product"}],"about":[{"href":"https:\/\/racom.com.pl\/index.php\/wp-json\/wp\/v2\/types\/product"}],"replies":[{"embeddable":true,"href":"https:\/\/racom.com.pl\/index.php\/wp-json\/wp\/v2\/comments?post=1718"}],"wp:featuredmedia":[{"embeddable":true,"href":"https:\/\/racom.com.pl\/index.php\/wp-json\/wp\/v2\/media\/1733"}],"wp:attachment":[{"href":"https:\/\/racom.com.pl\/index.php\/wp-json\/wp\/v2\/media?parent=1718"}],"wp:term":[{"taxonomy":"product_brand","embeddable":true,"href":"https:\/\/racom.com.pl\/index.php\/wp-json\/wp\/v2\/product_brand?post=1718"},{"taxonomy":"product_cat","embeddable":true,"href":"https:\/\/racom.com.pl\/index.php\/wp-json\/wp\/v2\/product_cat?post=1718"},{"taxonomy":"product_tag","embeddable":true,"href":"https:\/\/racom.com.pl\/index.php\/wp-json\/wp\/v2\/product_tag?post=1718"}],"curies":[{"name":"wp","href":"https:\/\/api.w.org\/{rel}","templated":true}]}}