{"id":1795,"date":"2025-07-18T20:40:49","date_gmt":"2025-07-18T18:40:49","guid":{"rendered":"http:\/\/192.168.2.106\/index.php\/produkt\/uchwyt-grawitacyjny-do-kratki-na-telefon-smartfon-do-tesli\/"},"modified":"2025-07-18T20:40:49","modified_gmt":"2025-07-18T18:40:49","slug":"uchwyt-grawitacyjny-do-kratki-na-telefon-smartfon-do-tesli","status":"publish","type":"product","link":"https:\/\/racom.com.pl\/index.php\/produkt\/uchwyt-grawitacyjny-do-kratki-na-telefon-smartfon-do-tesli\/","title":{"rendered":"Uchwyt GRAWITACYJNY do KRATKI na TELEFON SMARTFON do TESLI"},"content":{"rendered":"<h2>Uchwyt na kratk\u0119 Lisen do aut marki Tesla<\/h2>\n<p><b>Uchwyt na kratk\u0119 Lisen Tesla<\/b><\/p>\n<p>Uchwyt samochodowy Lisen jest przeznaczony do Tesli. Z \u0142atwo\u015bci\u0105 zamontujesz go na kratce wentylacyjnej.<\/p>\n<p>Co wi\u0119cej, jest wytrzyma\u0142y \u2013 ud\u017awignie nawet 12 iPhone\u2019\u00f3w 14 Pro Max. Sprawdzi si\u0119 w r\u00f3\u017cnych warunkach \u2013 na wyboistej drodze, ostrych zakr\u0119tach lub progach zwalniaj\u0105cych.<\/p>\n<p><b>Praktyczny i niezawodny<\/b><\/p>\n<p>Uchwyt pasuje do smartfon\u00f3w, kt\u00f3rych przek\u0105tna ekranu wynosi 4-7\u201d. Z powodzeniem umie\u015bcisz w nim tak\u017ce smartfon w etui, kt\u00f3rego grubo\u015b\u0107 wraz z urz\u0105dzeniem nie przekracza 14 mm. Co wi\u0119cej, umo\u017cliwia obs\u0142ug\u0119 jedn\u0105 r\u0119k\u0105 \u2013 wystarczy, \u017ce umie\u015bcisz smartfon w uchwycie, a jego ramiona zablokuj\u0105 si\u0119 automatycznie.<\/p>\n<ul>\n<li>Producent Lisen<\/li>\n<li>Model YL0223050006<\/li>\n<li>Kolor czarny<\/li>\n<li>Miejsce monta\u017cu kratka wentylacyjna<\/li>\n<li>Pasuje do Tesla<\/li>\n<li>Kompatybilno\u015b\u0107 smartfony o przek\u0105tnej ekranu 4-7\u201d i grubo\u015bci do 14 mm<\/li>\n<\/ul>\n","protected":false},"excerpt":{"rendered":"<p>Uchwyt na kratk\u0119 Lisen do aut marki Tesla Uchwyt na kratk\u0119 Lisen Tesla Uchwyt samochodowy Lisen jest przeznaczony do Tesli. Z \u0142atwo\u015bci\u0105 zamontujesz go na kratce wentylacyjnej. Co wi\u0119cej, jest wytrzyma\u0142y \u2013 ud\u017awignie nawet 12 iPhone\u2019\u00f3w 14 Pro Max. Sprawdzi si\u0119 w r\u00f3\u017cnych warunkach \u2013 na wyboistej drodze, ostrych zakr\u0119tach lub progach zwalniaj\u0105cych. Praktyczny i [&hellip;]<\/p>\n","protected":false},"featured_media":1804,"comment_status":"open","ping_status":"closed","template":"","meta":[],"product_brand":[102],"product_cat":[26],"product_tag":[],"class_list":{"0":"post-1795","1":"product","2":"type-product","3":"status-publish","4":"has-post-thumbnail","6":"product_brand-lisen","7":"product_cat-akcesoria-gsm","9":"first","10":"instock","11":"taxable","12":"shipping-taxable","13":"purchasable","14":"product-type-simple"},"yoast_head":"<!-- This site is optimized with the Yoast SEO plugin v27.3 - https:\/\/yoast.com\/product\/yoast-seo-wordpress\/ -->\n<title>Uchwyt GRAWITACYJNY do KRATKI na TELEFON SMARTFON do TESLI - Mix Market - Supermarket z wszystkim co potrzeba<\/title>\n<meta name=\"robots\" content=\"index, follow, max-snippet:-1, max-image-preview:large, max-video-preview:-1\" \/>\n<link rel=\"canonical\" href=\"https:\/\/racom.com.pl\/index.php\/produkt\/uchwyt-grawitacyjny-do-kratki-na-telefon-smartfon-do-tesli\/\" \/>\n<meta property=\"og:locale\" content=\"pl_PL\" \/>\n<meta property=\"og:type\" content=\"article\" \/>\n<meta property=\"og:title\" content=\"Uchwyt GRAWITACYJNY do KRATKI na TELEFON SMARTFON do TESLI - Mix Market - Supermarket z wszystkim co potrzeba\" \/>\n<meta property=\"og:description\" content=\"Uchwyt na kratk\u0119 Lisen do aut marki Tesla Uchwyt na kratk\u0119 Lisen Tesla Uchwyt samochodowy Lisen jest przeznaczony do Tesli. Z \u0142atwo\u015bci\u0105 zamontujesz go na kratce wentylacyjnej. Co wi\u0119cej, jest wytrzyma\u0142y \u2013 ud\u017awignie nawet 12 iPhone\u2019\u00f3w 14 Pro Max. Sprawdzi si\u0119 w r\u00f3\u017cnych warunkach \u2013 na wyboistej drodze, ostrych zakr\u0119tach lub progach zwalniaj\u0105cych. Praktyczny i [&hellip;]\" \/>\n<meta property=\"og:url\" content=\"https:\/\/racom.com.pl\/index.php\/produkt\/uchwyt-grawitacyjny-do-kratki-na-telefon-smartfon-do-tesli\/\" \/>\n<meta property=\"og:site_name\" content=\"Mix Market - Supermarket z wszystkim co potrzeba\" \/>\n<meta property=\"og:image\" content=\"https:\/\/racom.com.pl\/wp-content\/uploads\/2025\/07\/allegro_687a957d2c3fa9.38169219_0f54e3fd430683e7c25217958002.jpg\" \/>\n\t<meta property=\"og:image:width\" content=\"2560\" \/>\n\t<meta property=\"og:image:height\" content=\"2560\" \/>\n\t<meta property=\"og:image:type\" content=\"image\/jpeg\" \/>\n<meta name=\"twitter:card\" content=\"summary_large_image\" \/>\n<meta name=\"twitter:label1\" content=\"Szacowany czas czytania\" \/>\n\t<meta name=\"twitter:data1\" content=\"1 minuta\" \/>\n<script type=\"application\/ld+json\" class=\"yoast-schema-graph\">{\"@context\":\"https:\\\/\\\/schema.org\",\"@graph\":[{\"@type\":\"WebPage\",\"@id\":\"https:\\\/\\\/racom.com.pl\\\/index.php\\\/produkt\\\/uchwyt-grawitacyjny-do-kratki-na-telefon-smartfon-do-tesli\\\/\",\"url\":\"https:\\\/\\\/racom.com.pl\\\/index.php\\\/produkt\\\/uchwyt-grawitacyjny-do-kratki-na-telefon-smartfon-do-tesli\\\/\",\"name\":\"Uchwyt GRAWITACYJNY do KRATKI na TELEFON SMARTFON do TESLI - Mix Market - Supermarket z wszystkim co potrzeba\",\"isPartOf\":{\"@id\":\"https:\\\/\\\/racom.com.pl\\\/#website\"},\"primaryImageOfPage\":{\"@id\":\"https:\\\/\\\/racom.com.pl\\\/index.php\\\/produkt\\\/uchwyt-grawitacyjny-do-kratki-na-telefon-smartfon-do-tesli\\\/#primaryimage\"},\"image\":{\"@id\":\"https:\\\/\\\/racom.com.pl\\\/index.php\\\/produkt\\\/uchwyt-grawitacyjny-do-kratki-na-telefon-smartfon-do-tesli\\\/#primaryimage\"},\"thumbnailUrl\":\"https:\\\/\\\/racom.com.pl\\\/wp-content\\\/uploads\\\/2025\\\/07\\\/allegro_687a957d2c3fa9.38169219_0f54e3fd430683e7c25217958002.jpg\",\"datePublished\":\"2025-07-18T18:40:49+00:00\",\"breadcrumb\":{\"@id\":\"https:\\\/\\\/racom.com.pl\\\/index.php\\\/produkt\\\/uchwyt-grawitacyjny-do-kratki-na-telefon-smartfon-do-tesli\\\/#breadcrumb\"},\"inLanguage\":\"pl-PL\",\"potentialAction\":[{\"@type\":\"ReadAction\",\"target\":[\"https:\\\/\\\/racom.com.pl\\\/index.php\\\/produkt\\\/uchwyt-grawitacyjny-do-kratki-na-telefon-smartfon-do-tesli\\\/\"]}]},{\"@type\":\"ImageObject\",\"inLanguage\":\"pl-PL\",\"@id\":\"https:\\\/\\\/racom.com.pl\\\/index.php\\\/produkt\\\/uchwyt-grawitacyjny-do-kratki-na-telefon-smartfon-do-tesli\\\/#primaryimage\",\"url\":\"https:\\\/\\\/racom.com.pl\\\/wp-content\\\/uploads\\\/2025\\\/07\\\/allegro_687a957d2c3fa9.38169219_0f54e3fd430683e7c25217958002.jpg\",\"contentUrl\":\"https:\\\/\\\/racom.com.pl\\\/wp-content\\\/uploads\\\/2025\\\/07\\\/allegro_687a957d2c3fa9.38169219_0f54e3fd430683e7c25217958002.jpg\",\"width\":2560,\"height\":2560},{\"@type\":\"BreadcrumbList\",\"@id\":\"https:\\\/\\\/racom.com.pl\\\/index.php\\\/produkt\\\/uchwyt-grawitacyjny-do-kratki-na-telefon-smartfon-do-tesli\\\/#breadcrumb\",\"itemListElement\":[{\"@type\":\"ListItem\",\"position\":1,\"name\":\"Strona g\u0142\u00f3wna\",\"item\":\"https:\\\/\\\/racom.com.pl\\\/\"},{\"@type\":\"ListItem\",\"position\":2,\"name\":\"Sklep\",\"item\":\"https:\\\/\\\/racom.com.pl\\\/\"},{\"@type\":\"ListItem\",\"position\":3,\"name\":\"Uchwyt GRAWITACYJNY do KRATKI na TELEFON SMARTFON do TESLI\"}]},{\"@type\":\"WebSite\",\"@id\":\"https:\\\/\\\/racom.com.pl\\\/#website\",\"url\":\"https:\\\/\\\/racom.com.pl\\\/\",\"name\":\"Mix Market - Supermarket z wszystkim co potrzeba do domu i nie tylko\",\"description\":\"\",\"publisher\":{\"@id\":\"https:\\\/\\\/racom.com.pl\\\/#organization\"},\"potentialAction\":[{\"@type\":\"SearchAction\",\"target\":{\"@type\":\"EntryPoint\",\"urlTemplate\":\"https:\\\/\\\/racom.com.pl\\\/?s={search_term_string}\"},\"query-input\":{\"@type\":\"PropertyValueSpecification\",\"valueRequired\":true,\"valueName\":\"search_term_string\"}}],\"inLanguage\":\"pl-PL\"},{\"@type\":\"Organization\",\"@id\":\"https:\\\/\\\/racom.com.pl\\\/#organization\",\"name\":\"Mix Market - Supermarket z wszystkim co potrzeba do domu i nie tylko\",\"url\":\"https:\\\/\\\/racom.com.pl\\\/\",\"logo\":{\"@type\":\"ImageObject\",\"inLanguage\":\"pl-PL\",\"@id\":\"https:\\\/\\\/racom.com.pl\\\/#\\\/schema\\\/logo\\\/image\\\/\",\"url\":\"https:\\\/\\\/racom.com.pl\\\/wp-content\\\/uploads\\\/2025\\\/07\\\/mixmarket_logo.png\",\"contentUrl\":\"https:\\\/\\\/racom.com.pl\\\/wp-content\\\/uploads\\\/2025\\\/07\\\/mixmarket_logo.png\",\"width\":1024,\"height\":1024,\"caption\":\"Mix Market - Supermarket z wszystkim co potrzeba do domu i nie tylko\"},\"image\":{\"@id\":\"https:\\\/\\\/racom.com.pl\\\/#\\\/schema\\\/logo\\\/image\\\/\"}}]}<\/script>\n<!-- \/ Yoast SEO plugin. -->","yoast_head_json":{"title":"Uchwyt GRAWITACYJNY do KRATKI na TELEFON SMARTFON do TESLI - Mix Market - Supermarket z wszystkim co potrzeba","robots":{"index":"index","follow":"follow","max-snippet":"max-snippet:-1","max-image-preview":"max-image-preview:large","max-video-preview":"max-video-preview:-1"},"canonical":"https:\/\/racom.com.pl\/index.php\/produkt\/uchwyt-grawitacyjny-do-kratki-na-telefon-smartfon-do-tesli\/","og_locale":"pl_PL","og_type":"article","og_title":"Uchwyt GRAWITACYJNY do KRATKI na TELEFON SMARTFON do TESLI - Mix Market - Supermarket z wszystkim co potrzeba","og_description":"Uchwyt na kratk\u0119 Lisen do aut marki Tesla Uchwyt na kratk\u0119 Lisen Tesla Uchwyt samochodowy Lisen jest przeznaczony do Tesli. Z \u0142atwo\u015bci\u0105 zamontujesz go na kratce wentylacyjnej. Co wi\u0119cej, jest wytrzyma\u0142y \u2013 ud\u017awignie nawet 12 iPhone\u2019\u00f3w 14 Pro Max. Sprawdzi si\u0119 w r\u00f3\u017cnych warunkach \u2013 na wyboistej drodze, ostrych zakr\u0119tach lub progach zwalniaj\u0105cych. Praktyczny i [&hellip;]","og_url":"https:\/\/racom.com.pl\/index.php\/produkt\/uchwyt-grawitacyjny-do-kratki-na-telefon-smartfon-do-tesli\/","og_site_name":"Mix Market - Supermarket z wszystkim co potrzeba","og_image":[{"width":2560,"height":2560,"url":"https:\/\/racom.com.pl\/wp-content\/uploads\/2025\/07\/allegro_687a957d2c3fa9.38169219_0f54e3fd430683e7c25217958002.jpg","type":"image\/jpeg"}],"twitter_card":"summary_large_image","twitter_misc":{"Szacowany czas czytania":"1 minuta"},"schema":{"@context":"https:\/\/schema.org","@graph":[{"@type":"WebPage","@id":"https:\/\/racom.com.pl\/index.php\/produkt\/uchwyt-grawitacyjny-do-kratki-na-telefon-smartfon-do-tesli\/","url":"https:\/\/racom.com.pl\/index.php\/produkt\/uchwyt-grawitacyjny-do-kratki-na-telefon-smartfon-do-tesli\/","name":"Uchwyt GRAWITACYJNY do KRATKI na TELEFON SMARTFON do TESLI - Mix Market - Supermarket z wszystkim co potrzeba","isPartOf":{"@id":"https:\/\/racom.com.pl\/#website"},"primaryImageOfPage":{"@id":"https:\/\/racom.com.pl\/index.php\/produkt\/uchwyt-grawitacyjny-do-kratki-na-telefon-smartfon-do-tesli\/#primaryimage"},"image":{"@id":"https:\/\/racom.com.pl\/index.php\/produkt\/uchwyt-grawitacyjny-do-kratki-na-telefon-smartfon-do-tesli\/#primaryimage"},"thumbnailUrl":"https:\/\/racom.com.pl\/wp-content\/uploads\/2025\/07\/allegro_687a957d2c3fa9.38169219_0f54e3fd430683e7c25217958002.jpg","datePublished":"2025-07-18T18:40:49+00:00","breadcrumb":{"@id":"https:\/\/racom.com.pl\/index.php\/produkt\/uchwyt-grawitacyjny-do-kratki-na-telefon-smartfon-do-tesli\/#breadcrumb"},"inLanguage":"pl-PL","potentialAction":[{"@type":"ReadAction","target":["https:\/\/racom.com.pl\/index.php\/produkt\/uchwyt-grawitacyjny-do-kratki-na-telefon-smartfon-do-tesli\/"]}]},{"@type":"ImageObject","inLanguage":"pl-PL","@id":"https:\/\/racom.com.pl\/index.php\/produkt\/uchwyt-grawitacyjny-do-kratki-na-telefon-smartfon-do-tesli\/#primaryimage","url":"https:\/\/racom.com.pl\/wp-content\/uploads\/2025\/07\/allegro_687a957d2c3fa9.38169219_0f54e3fd430683e7c25217958002.jpg","contentUrl":"https:\/\/racom.com.pl\/wp-content\/uploads\/2025\/07\/allegro_687a957d2c3fa9.38169219_0f54e3fd430683e7c25217958002.jpg","width":2560,"height":2560},{"@type":"BreadcrumbList","@id":"https:\/\/racom.com.pl\/index.php\/produkt\/uchwyt-grawitacyjny-do-kratki-na-telefon-smartfon-do-tesli\/#breadcrumb","itemListElement":[{"@type":"ListItem","position":1,"name":"Strona g\u0142\u00f3wna","item":"https:\/\/racom.com.pl\/"},{"@type":"ListItem","position":2,"name":"Sklep","item":"https:\/\/racom.com.pl\/"},{"@type":"ListItem","position":3,"name":"Uchwyt GRAWITACYJNY do KRATKI na TELEFON SMARTFON do TESLI"}]},{"@type":"WebSite","@id":"https:\/\/racom.com.pl\/#website","url":"https:\/\/racom.com.pl\/","name":"Mix Market - Supermarket z wszystkim co potrzeba do domu i nie tylko","description":"","publisher":{"@id":"https:\/\/racom.com.pl\/#organization"},"potentialAction":[{"@type":"SearchAction","target":{"@type":"EntryPoint","urlTemplate":"https:\/\/racom.com.pl\/?s={search_term_string}"},"query-input":{"@type":"PropertyValueSpecification","valueRequired":true,"valueName":"search_term_string"}}],"inLanguage":"pl-PL"},{"@type":"Organization","@id":"https:\/\/racom.com.pl\/#organization","name":"Mix Market - Supermarket z wszystkim co potrzeba do domu i nie tylko","url":"https:\/\/racom.com.pl\/","logo":{"@type":"ImageObject","inLanguage":"pl-PL","@id":"https:\/\/racom.com.pl\/#\/schema\/logo\/image\/","url":"https:\/\/racom.com.pl\/wp-content\/uploads\/2025\/07\/mixmarket_logo.png","contentUrl":"https:\/\/racom.com.pl\/wp-content\/uploads\/2025\/07\/mixmarket_logo.png","width":1024,"height":1024,"caption":"Mix Market - Supermarket z wszystkim co potrzeba do domu i nie tylko"},"image":{"@id":"https:\/\/racom.com.pl\/#\/schema\/logo\/image\/"}}]}},"_links":{"self":[{"href":"https:\/\/racom.com.pl\/index.php\/wp-json\/wp\/v2\/product\/1795","targetHints":{"allow":["GET"]}}],"collection":[{"href":"https:\/\/racom.com.pl\/index.php\/wp-json\/wp\/v2\/product"}],"about":[{"href":"https:\/\/racom.com.pl\/index.php\/wp-json\/wp\/v2\/types\/product"}],"replies":[{"embeddable":true,"href":"https:\/\/racom.com.pl\/index.php\/wp-json\/wp\/v2\/comments?post=1795"}],"wp:featuredmedia":[{"embeddable":true,"href":"https:\/\/racom.com.pl\/index.php\/wp-json\/wp\/v2\/media\/1804"}],"wp:attachment":[{"href":"https:\/\/racom.com.pl\/index.php\/wp-json\/wp\/v2\/media?parent=1795"}],"wp:term":[{"taxonomy":"product_brand","embeddable":true,"href":"https:\/\/racom.com.pl\/index.php\/wp-json\/wp\/v2\/product_brand?post=1795"},{"taxonomy":"product_cat","embeddable":true,"href":"https:\/\/racom.com.pl\/index.php\/wp-json\/wp\/v2\/product_cat?post=1795"},{"taxonomy":"product_tag","embeddable":true,"href":"https:\/\/racom.com.pl\/index.php\/wp-json\/wp\/v2\/product_tag?post=1795"}],"curies":[{"name":"wp","href":"https:\/\/api.w.org\/{rel}","templated":true}]}}