{"id":1808,"date":"2025-07-18T20:42:47","date_gmt":"2025-07-18T18:42:47","guid":{"rendered":"http:\/\/192.168.2.106\/index.php\/produkt\/toocki-kabel-usb-do-iphone-lightning-z-wyswietlaczem-lcd-2-4a-1m\/"},"modified":"2025-07-18T20:42:47","modified_gmt":"2025-07-18T18:42:47","slug":"toocki-kabel-usb-do-iphone-lightning-z-wyswietlaczem-lcd-2-4a-1m","status":"publish","type":"product","link":"https:\/\/racom.com.pl\/index.php\/produkt\/toocki-kabel-usb-do-iphone-lightning-z-wyswietlaczem-lcd-2-4a-1m\/","title":{"rendered":"TOOCKI Kabel USB do iPhone (Lightning) z wy\u015bwietlaczem LCD 2.4A 1m"},"content":{"rendered":"<h2>Kabel USB do Lightning Toocki, 1m, 12W (czarny)<\/h2>\n<p>Zyskaj mo\u017cliwo\u015b\u0107 szybszego \u0142adowania swojego iPhone\u2019a. Kabel USB-A do Lightning marki Toocki zapewnia nat\u0119\u017cenie si\u0119gaj\u0105ce 2,4 A, dzi\u0119ki czemu mo\u017cesz b\u0142yskawicznie na\u0142adowa\u0107 wybrane urz\u0105dzenia. Produkt pozwala te\u017c szybko przesy\u0142a\u0107 pliki \u2013 oferuje pr\u0119dko\u015b\u0107 transmisji na poziomie nawet 2,4 A. Ma r\u00f3wnie\u017c wbudowany wy\u015bwietlacz i jest bardzo wytrzyma\u0142y.<\/p>\n<ul>\n<li><b>Producent:<\/b> Toocki<\/li>\n<li><b>Nazwa:<\/b> 2.4A fast charging data cable<\/li>\n<li><b>Model:<\/b> TXCLYX01<\/li>\n<li><b>Kolor:<\/b> Czarny<\/li>\n<li><b>Typ:<\/b> USB-A do Lightning<\/li>\n<li><b>Nat\u0119\u017cenie:<\/b> 2,4 A maks.<\/li>\n<li><b>Pr\u0119dko\u015b\u0107 transmisji:<\/b> Do 480 Mbps<\/li>\n<li><b>Materia\u0142:<\/b> PC + oplot<\/li>\n<li><b>D\u0142ugo\u015b\u0107:<\/b> 1 m<\/li>\n<\/ul>\n<p><b>Jeszcze kr\u00f3tszy czas \u0142adowania<\/b><\/p>\n<p>Nie czekaj zbyt d\u0142ugo, a\u017c Tw\u00f3j iPhone b\u0119dzie zn\u00f3w gotowy do pracy. Kabel Toocki zapewnia nat\u0119\u017cenie do 2,4 A, mo\u017cesz wi\u0119c w mgnieniu oka na\u0142adowa\u0107 swojego smartfona. Co wi\u0119cej, wbudowany wy\u015bwietlacz pozwala wygodnie sprawdza\u0107 moc \u0142adowania w czasie rzeczywistym. Na uwag\u0119 zas\u0142uguje tak\u017ce inteligentny chip, kt\u00f3ry odpowiada za stabilizacj\u0119 nat\u0119\u017cenia pr\u0105du, chroni\u0105c akumulatory \u0142adowanych urz\u0105dze\u0144 przed uszkodzeniem.<\/p>\n<p><b>Kompatybilny<\/b><\/p>\n<p>Kabel doskonale wsp\u00f3\u0142pracuje z r\u00f3\u017cnymi modelami iPhone\u2019\u00f3w i iPad\u00f3w. Nie obawiaj si\u0119 problem\u00f3w z kompatybilno\u015bci\u0105, b\u0142\u0119d\u00f3w czy wyskakuj\u0105cych okienek \u2013 produkt zapewni Twoim urz\u0105dzeniom p\u0142ynne, stabilne i bezpieczne \u0142adowanie.<\/p>\n<p><b>Szybkie przesy\u0142anie plik\u00f3w<\/b><\/p>\n<p>Ju\u017c nie musisz traci\u0107 czasu na d\u0142ugie oczekiwanie, a\u017c Twoje pliki znajd\u0105 si\u0119 w docelowym miejscu. Kabel Toocki umo\u017cliwia transfer danych z pr\u0119dko\u015bci\u0105 nawet 480 Mbps. Mo\u017cesz wi\u0119c w mgnieniu oka przes\u0142a\u0107 wszystkie potrzebne zdj\u0119cia, dokumenty, filmy czy utwory muzyczne.<\/p>\n<p><b>Udoskonalona konstrukcja<\/b><\/p>\n<p>Kabel zosta\u0142 wyposa\u017cony w przezroczyste elementy, kt\u00f3re zosta\u0142y wykonane z trwa\u0142ego tworzywa PC i nadaj\u0105 mu stylowy, nowoczesny charakter. Wzmocniony przew\u00f3d gwarantuje stabilne \u0142adowanie i niezawodn\u0105 transmisj\u0119 danych, a nylonowy oplot zapewnia skuteczn\u0105 ochron\u0119 przed wyginaniem, z\u0142amaniem i innego rodzaju uszkodzeniami.<\/p>\n","protected":false},"excerpt":{"rendered":"<p>Kabel USB do Lightning Toocki, 1m, 12W (czarny) Zyskaj mo\u017cliwo\u015b\u0107 szybszego \u0142adowania swojego iPhone\u2019a. Kabel USB-A do Lightning marki Toocki zapewnia nat\u0119\u017cenie si\u0119gaj\u0105ce 2,4 A, dzi\u0119ki czemu mo\u017cesz b\u0142yskawicznie na\u0142adowa\u0107 wybrane urz\u0105dzenia. Produkt pozwala te\u017c szybko przesy\u0142a\u0107 pliki \u2013 oferuje pr\u0119dko\u015b\u0107 transmisji na poziomie nawet 2,4 A. Ma r\u00f3wnie\u017c wbudowany wy\u015bwietlacz i jest bardzo wytrzyma\u0142y. [&hellip;]<\/p>\n","protected":false},"featured_media":1814,"comment_status":"open","ping_status":"closed","template":"","meta":[],"product_brand":[104],"product_cat":[26],"product_tag":[],"class_list":{"0":"post-1808","1":"product","2":"type-product","3":"status-publish","4":"has-post-thumbnail","6":"product_brand-toocki","7":"product_cat-akcesoria-gsm","9":"first","10":"instock","11":"taxable","12":"shipping-taxable","13":"purchasable","14":"product-type-simple"},"yoast_head":"<!-- This site is optimized with the Yoast SEO plugin v27.3 - https:\/\/yoast.com\/product\/yoast-seo-wordpress\/ -->\n<title>TOOCKI Kabel USB do iPhone (Lightning) z wy\u015bwietlaczem LCD 2.4A 1m - Mix Market - Supermarket z wszystkim co potrzeba<\/title>\n<meta name=\"robots\" content=\"index, follow, max-snippet:-1, max-image-preview:large, max-video-preview:-1\" \/>\n<link rel=\"canonical\" href=\"https:\/\/racom.com.pl\/index.php\/produkt\/toocki-kabel-usb-do-iphone-lightning-z-wyswietlaczem-lcd-2-4a-1m\/\" \/>\n<meta property=\"og:locale\" content=\"pl_PL\" \/>\n<meta property=\"og:type\" content=\"article\" \/>\n<meta property=\"og:title\" content=\"TOOCKI Kabel USB do iPhone (Lightning) z wy\u015bwietlaczem LCD 2.4A 1m - Mix Market - Supermarket z wszystkim co potrzeba\" \/>\n<meta property=\"og:description\" content=\"Kabel USB do Lightning Toocki, 1m, 12W (czarny) Zyskaj mo\u017cliwo\u015b\u0107 szybszego \u0142adowania swojego iPhone\u2019a. Kabel USB-A do Lightning marki Toocki zapewnia nat\u0119\u017cenie si\u0119gaj\u0105ce 2,4 A, dzi\u0119ki czemu mo\u017cesz b\u0142yskawicznie na\u0142adowa\u0107 wybrane urz\u0105dzenia. Produkt pozwala te\u017c szybko przesy\u0142a\u0107 pliki \u2013 oferuje pr\u0119dko\u015b\u0107 transmisji na poziomie nawet 2,4 A. Ma r\u00f3wnie\u017c wbudowany wy\u015bwietlacz i jest bardzo wytrzyma\u0142y. [&hellip;]\" \/>\n<meta property=\"og:url\" content=\"https:\/\/racom.com.pl\/index.php\/produkt\/toocki-kabel-usb-do-iphone-lightning-z-wyswietlaczem-lcd-2-4a-1m\/\" \/>\n<meta property=\"og:site_name\" content=\"Mix Market - Supermarket z wszystkim co potrzeba\" \/>\n<meta property=\"og:image\" content=\"https:\/\/racom.com.pl\/wp-content\/uploads\/2025\/07\/allegro_687a95ddc65c81.81155590_8c2e5ad948a5a30ed861b36ac3aa.jpg\" \/>\n\t<meta property=\"og:image:width\" content=\"1000\" \/>\n\t<meta property=\"og:image:height\" content=\"638\" \/>\n\t<meta property=\"og:image:type\" content=\"image\/jpeg\" \/>\n<meta name=\"twitter:card\" content=\"summary_large_image\" \/>\n<meta name=\"twitter:label1\" content=\"Szacowany czas czytania\" \/>\n\t<meta name=\"twitter:data1\" content=\"2 minuty\" \/>\n<script type=\"application\/ld+json\" class=\"yoast-schema-graph\">{\"@context\":\"https:\\\/\\\/schema.org\",\"@graph\":[{\"@type\":\"WebPage\",\"@id\":\"https:\\\/\\\/racom.com.pl\\\/index.php\\\/produkt\\\/toocki-kabel-usb-do-iphone-lightning-z-wyswietlaczem-lcd-2-4a-1m\\\/\",\"url\":\"https:\\\/\\\/racom.com.pl\\\/index.php\\\/produkt\\\/toocki-kabel-usb-do-iphone-lightning-z-wyswietlaczem-lcd-2-4a-1m\\\/\",\"name\":\"TOOCKI Kabel USB do iPhone (Lightning) z wy\u015bwietlaczem LCD 2.4A 1m - Mix Market - Supermarket z wszystkim co potrzeba\",\"isPartOf\":{\"@id\":\"https:\\\/\\\/racom.com.pl\\\/#website\"},\"primaryImageOfPage\":{\"@id\":\"https:\\\/\\\/racom.com.pl\\\/index.php\\\/produkt\\\/toocki-kabel-usb-do-iphone-lightning-z-wyswietlaczem-lcd-2-4a-1m\\\/#primaryimage\"},\"image\":{\"@id\":\"https:\\\/\\\/racom.com.pl\\\/index.php\\\/produkt\\\/toocki-kabel-usb-do-iphone-lightning-z-wyswietlaczem-lcd-2-4a-1m\\\/#primaryimage\"},\"thumbnailUrl\":\"https:\\\/\\\/racom.com.pl\\\/wp-content\\\/uploads\\\/2025\\\/07\\\/allegro_687a95ddc65c81.81155590_8c2e5ad948a5a30ed861b36ac3aa.jpg\",\"datePublished\":\"2025-07-18T18:42:47+00:00\",\"breadcrumb\":{\"@id\":\"https:\\\/\\\/racom.com.pl\\\/index.php\\\/produkt\\\/toocki-kabel-usb-do-iphone-lightning-z-wyswietlaczem-lcd-2-4a-1m\\\/#breadcrumb\"},\"inLanguage\":\"pl-PL\",\"potentialAction\":[{\"@type\":\"ReadAction\",\"target\":[\"https:\\\/\\\/racom.com.pl\\\/index.php\\\/produkt\\\/toocki-kabel-usb-do-iphone-lightning-z-wyswietlaczem-lcd-2-4a-1m\\\/\"]}]},{\"@type\":\"ImageObject\",\"inLanguage\":\"pl-PL\",\"@id\":\"https:\\\/\\\/racom.com.pl\\\/index.php\\\/produkt\\\/toocki-kabel-usb-do-iphone-lightning-z-wyswietlaczem-lcd-2-4a-1m\\\/#primaryimage\",\"url\":\"https:\\\/\\\/racom.com.pl\\\/wp-content\\\/uploads\\\/2025\\\/07\\\/allegro_687a95ddc65c81.81155590_8c2e5ad948a5a30ed861b36ac3aa.jpg\",\"contentUrl\":\"https:\\\/\\\/racom.com.pl\\\/wp-content\\\/uploads\\\/2025\\\/07\\\/allegro_687a95ddc65c81.81155590_8c2e5ad948a5a30ed861b36ac3aa.jpg\",\"width\":1000,\"height\":638},{\"@type\":\"BreadcrumbList\",\"@id\":\"https:\\\/\\\/racom.com.pl\\\/index.php\\\/produkt\\\/toocki-kabel-usb-do-iphone-lightning-z-wyswietlaczem-lcd-2-4a-1m\\\/#breadcrumb\",\"itemListElement\":[{\"@type\":\"ListItem\",\"position\":1,\"name\":\"Strona g\u0142\u00f3wna\",\"item\":\"https:\\\/\\\/racom.com.pl\\\/\"},{\"@type\":\"ListItem\",\"position\":2,\"name\":\"Sklep\",\"item\":\"https:\\\/\\\/racom.com.pl\\\/\"},{\"@type\":\"ListItem\",\"position\":3,\"name\":\"TOOCKI Kabel USB do iPhone (Lightning) z wy\u015bwietlaczem LCD 2.4A 1m\"}]},{\"@type\":\"WebSite\",\"@id\":\"https:\\\/\\\/racom.com.pl\\\/#website\",\"url\":\"https:\\\/\\\/racom.com.pl\\\/\",\"name\":\"Mix Market - Supermarket z wszystkim co potrzeba do domu i nie tylko\",\"description\":\"\",\"publisher\":{\"@id\":\"https:\\\/\\\/racom.com.pl\\\/#organization\"},\"potentialAction\":[{\"@type\":\"SearchAction\",\"target\":{\"@type\":\"EntryPoint\",\"urlTemplate\":\"https:\\\/\\\/racom.com.pl\\\/?s={search_term_string}\"},\"query-input\":{\"@type\":\"PropertyValueSpecification\",\"valueRequired\":true,\"valueName\":\"search_term_string\"}}],\"inLanguage\":\"pl-PL\"},{\"@type\":\"Organization\",\"@id\":\"https:\\\/\\\/racom.com.pl\\\/#organization\",\"name\":\"Mix Market - Supermarket z wszystkim co potrzeba do domu i nie tylko\",\"url\":\"https:\\\/\\\/racom.com.pl\\\/\",\"logo\":{\"@type\":\"ImageObject\",\"inLanguage\":\"pl-PL\",\"@id\":\"https:\\\/\\\/racom.com.pl\\\/#\\\/schema\\\/logo\\\/image\\\/\",\"url\":\"https:\\\/\\\/racom.com.pl\\\/wp-content\\\/uploads\\\/2025\\\/07\\\/mixmarket_logo.png\",\"contentUrl\":\"https:\\\/\\\/racom.com.pl\\\/wp-content\\\/uploads\\\/2025\\\/07\\\/mixmarket_logo.png\",\"width\":1024,\"height\":1024,\"caption\":\"Mix Market - Supermarket z wszystkim co potrzeba do domu i nie tylko\"},\"image\":{\"@id\":\"https:\\\/\\\/racom.com.pl\\\/#\\\/schema\\\/logo\\\/image\\\/\"}}]}<\/script>\n<!-- \/ Yoast SEO plugin. -->","yoast_head_json":{"title":"TOOCKI Kabel USB do iPhone (Lightning) z wy\u015bwietlaczem LCD 2.4A 1m - Mix Market - Supermarket z wszystkim co potrzeba","robots":{"index":"index","follow":"follow","max-snippet":"max-snippet:-1","max-image-preview":"max-image-preview:large","max-video-preview":"max-video-preview:-1"},"canonical":"https:\/\/racom.com.pl\/index.php\/produkt\/toocki-kabel-usb-do-iphone-lightning-z-wyswietlaczem-lcd-2-4a-1m\/","og_locale":"pl_PL","og_type":"article","og_title":"TOOCKI Kabel USB do iPhone (Lightning) z wy\u015bwietlaczem LCD 2.4A 1m - Mix Market - Supermarket z wszystkim co potrzeba","og_description":"Kabel USB do Lightning Toocki, 1m, 12W (czarny) Zyskaj mo\u017cliwo\u015b\u0107 szybszego \u0142adowania swojego iPhone\u2019a. Kabel USB-A do Lightning marki Toocki zapewnia nat\u0119\u017cenie si\u0119gaj\u0105ce 2,4 A, dzi\u0119ki czemu mo\u017cesz b\u0142yskawicznie na\u0142adowa\u0107 wybrane urz\u0105dzenia. Produkt pozwala te\u017c szybko przesy\u0142a\u0107 pliki \u2013 oferuje pr\u0119dko\u015b\u0107 transmisji na poziomie nawet 2,4 A. Ma r\u00f3wnie\u017c wbudowany wy\u015bwietlacz i jest bardzo wytrzyma\u0142y. [&hellip;]","og_url":"https:\/\/racom.com.pl\/index.php\/produkt\/toocki-kabel-usb-do-iphone-lightning-z-wyswietlaczem-lcd-2-4a-1m\/","og_site_name":"Mix Market - Supermarket z wszystkim co potrzeba","og_image":[{"width":1000,"height":638,"url":"https:\/\/racom.com.pl\/wp-content\/uploads\/2025\/07\/allegro_687a95ddc65c81.81155590_8c2e5ad948a5a30ed861b36ac3aa.jpg","type":"image\/jpeg"}],"twitter_card":"summary_large_image","twitter_misc":{"Szacowany czas czytania":"2 minuty"},"schema":{"@context":"https:\/\/schema.org","@graph":[{"@type":"WebPage","@id":"https:\/\/racom.com.pl\/index.php\/produkt\/toocki-kabel-usb-do-iphone-lightning-z-wyswietlaczem-lcd-2-4a-1m\/","url":"https:\/\/racom.com.pl\/index.php\/produkt\/toocki-kabel-usb-do-iphone-lightning-z-wyswietlaczem-lcd-2-4a-1m\/","name":"TOOCKI Kabel USB do iPhone (Lightning) z wy\u015bwietlaczem LCD 2.4A 1m - Mix Market - Supermarket z wszystkim co potrzeba","isPartOf":{"@id":"https:\/\/racom.com.pl\/#website"},"primaryImageOfPage":{"@id":"https:\/\/racom.com.pl\/index.php\/produkt\/toocki-kabel-usb-do-iphone-lightning-z-wyswietlaczem-lcd-2-4a-1m\/#primaryimage"},"image":{"@id":"https:\/\/racom.com.pl\/index.php\/produkt\/toocki-kabel-usb-do-iphone-lightning-z-wyswietlaczem-lcd-2-4a-1m\/#primaryimage"},"thumbnailUrl":"https:\/\/racom.com.pl\/wp-content\/uploads\/2025\/07\/allegro_687a95ddc65c81.81155590_8c2e5ad948a5a30ed861b36ac3aa.jpg","datePublished":"2025-07-18T18:42:47+00:00","breadcrumb":{"@id":"https:\/\/racom.com.pl\/index.php\/produkt\/toocki-kabel-usb-do-iphone-lightning-z-wyswietlaczem-lcd-2-4a-1m\/#breadcrumb"},"inLanguage":"pl-PL","potentialAction":[{"@type":"ReadAction","target":["https:\/\/racom.com.pl\/index.php\/produkt\/toocki-kabel-usb-do-iphone-lightning-z-wyswietlaczem-lcd-2-4a-1m\/"]}]},{"@type":"ImageObject","inLanguage":"pl-PL","@id":"https:\/\/racom.com.pl\/index.php\/produkt\/toocki-kabel-usb-do-iphone-lightning-z-wyswietlaczem-lcd-2-4a-1m\/#primaryimage","url":"https:\/\/racom.com.pl\/wp-content\/uploads\/2025\/07\/allegro_687a95ddc65c81.81155590_8c2e5ad948a5a30ed861b36ac3aa.jpg","contentUrl":"https:\/\/racom.com.pl\/wp-content\/uploads\/2025\/07\/allegro_687a95ddc65c81.81155590_8c2e5ad948a5a30ed861b36ac3aa.jpg","width":1000,"height":638},{"@type":"BreadcrumbList","@id":"https:\/\/racom.com.pl\/index.php\/produkt\/toocki-kabel-usb-do-iphone-lightning-z-wyswietlaczem-lcd-2-4a-1m\/#breadcrumb","itemListElement":[{"@type":"ListItem","position":1,"name":"Strona g\u0142\u00f3wna","item":"https:\/\/racom.com.pl\/"},{"@type":"ListItem","position":2,"name":"Sklep","item":"https:\/\/racom.com.pl\/"},{"@type":"ListItem","position":3,"name":"TOOCKI Kabel USB do iPhone (Lightning) z wy\u015bwietlaczem LCD 2.4A 1m"}]},{"@type":"WebSite","@id":"https:\/\/racom.com.pl\/#website","url":"https:\/\/racom.com.pl\/","name":"Mix Market - Supermarket z wszystkim co potrzeba do domu i nie tylko","description":"","publisher":{"@id":"https:\/\/racom.com.pl\/#organization"},"potentialAction":[{"@type":"SearchAction","target":{"@type":"EntryPoint","urlTemplate":"https:\/\/racom.com.pl\/?s={search_term_string}"},"query-input":{"@type":"PropertyValueSpecification","valueRequired":true,"valueName":"search_term_string"}}],"inLanguage":"pl-PL"},{"@type":"Organization","@id":"https:\/\/racom.com.pl\/#organization","name":"Mix Market - Supermarket z wszystkim co potrzeba do domu i nie tylko","url":"https:\/\/racom.com.pl\/","logo":{"@type":"ImageObject","inLanguage":"pl-PL","@id":"https:\/\/racom.com.pl\/#\/schema\/logo\/image\/","url":"https:\/\/racom.com.pl\/wp-content\/uploads\/2025\/07\/mixmarket_logo.png","contentUrl":"https:\/\/racom.com.pl\/wp-content\/uploads\/2025\/07\/mixmarket_logo.png","width":1024,"height":1024,"caption":"Mix Market - Supermarket z wszystkim co potrzeba do domu i nie tylko"},"image":{"@id":"https:\/\/racom.com.pl\/#\/schema\/logo\/image\/"}}]}},"_links":{"self":[{"href":"https:\/\/racom.com.pl\/index.php\/wp-json\/wp\/v2\/product\/1808","targetHints":{"allow":["GET"]}}],"collection":[{"href":"https:\/\/racom.com.pl\/index.php\/wp-json\/wp\/v2\/product"}],"about":[{"href":"https:\/\/racom.com.pl\/index.php\/wp-json\/wp\/v2\/types\/product"}],"replies":[{"embeddable":true,"href":"https:\/\/racom.com.pl\/index.php\/wp-json\/wp\/v2\/comments?post=1808"}],"wp:featuredmedia":[{"embeddable":true,"href":"https:\/\/racom.com.pl\/index.php\/wp-json\/wp\/v2\/media\/1814"}],"wp:attachment":[{"href":"https:\/\/racom.com.pl\/index.php\/wp-json\/wp\/v2\/media?parent=1808"}],"wp:term":[{"taxonomy":"product_brand","embeddable":true,"href":"https:\/\/racom.com.pl\/index.php\/wp-json\/wp\/v2\/product_brand?post=1808"},{"taxonomy":"product_cat","embeddable":true,"href":"https:\/\/racom.com.pl\/index.php\/wp-json\/wp\/v2\/product_cat?post=1808"},{"taxonomy":"product_tag","embeddable":true,"href":"https:\/\/racom.com.pl\/index.php\/wp-json\/wp\/v2\/product_tag?post=1808"}],"curies":[{"name":"wp","href":"https:\/\/api.w.org\/{rel}","templated":true}]}}